{"id":8097,"date":"2016-09-15T10:18:03","date_gmt":"2016-09-15T08:18:03","guid":{"rendered":"http:\/\/www.sestogrado.it\/prodotto\/ct-climbing-technology-anthea-imbrago-arrampicata\/"},"modified":"2026-02-05T10:31:30","modified_gmt":"2026-02-05T09:31:30","slug":"ct-climbing-technology-anthea-imbrago-da-donna","status":"publish","type":"product","link":"https:\/\/www.sestogrado.it\/it\/prodotto\/ct-climbing-technology-anthea-imbrago-da-donna\/","title":{"rendered":"CT Climbing Technology Anthea imbrago da donna"},"content":{"rendered":"<p>Il CT Climbing Technology Anthea \u00e8 un&#8217;imbracatura regolabile da donna, leggera e versatile, sviluppata per l&#8217;alpinismo tecnico, l\u2019arrampicata su ghiaccio e l\u2019arrampicata sportiva; \u00e8 la versione con misure femminili dell&#8217;imbrago <a href=\"https:\/\/www.sestogrado.it\/prodotto\/ct-climbing-technology-wall-imbrago-arrampicata\/\" target=\"_blank\" rel=\"noopener noreferrer\">Wall<\/a>.<\/p>\n<p>Perch\u00e8 un&#8217;imbrago da donna? Tutti gli imbraghi sono unisex e vanno benissimo sia ai maschi sia alle femmine, tuttavia l&#8217;ergonomia femminile, diversa da quella maschile, richiederebbe una costruzione differente, con punti di compressione diversi per una migliore ripartizione del carico.<\/p>\n<p>Questa ottimizzazione costruttiva si rende tanto pi\u00f9 necessaria quanto pi\u00f9 si effettuano lunghe sospensioni in parete, vie lunghe o utilizzo intensivo dell&#8217;imbracatura.<\/p>\n<p>In quest&#8217;ottica il CT Climbing Technology Anthea \u00e8 stato sviluppato con:<\/p>\n<ul>\n<li><strong>un anello\u00a0di servizio allungato e taglie della cintura e cosciali appositamente\u00a0studiate per l\u2019ergonomia femminile;<\/strong><\/li>\n<li>nuova costruzione con struttura della cintura lombare ergonomica, senza punti di compressione che garantisce un\u2019eccellente ripartizione del carico ed un ottimo comfort d\u2019uso e in sospensione;<\/li>\n<li>cosciali regolabili con struttura a T per un ottimo confort in sospensione;<\/li>\n<li>interni in comodo mesh3D, che assicura un\u2019ottima traspirabilit\u00e0 ed una rapida asciugatura;<\/li>\n<li>dotato di quattro nuove fibbie di regolazione in lega leggera, per una rapida regolazione e un ottimale adattamento al corpo nelle varie attivit\u00e0 (alpinismo,arrampicata, cascate di ghiaccio, etc);<\/li>\n<li>quattro ampi porta materiali sagomati per una miglior ripartizione dell\u2019attrezzatura; due extra porta-materiali posteriori di piccole dimensioni per il posizionamento degli accessori e due sedi per moschettone porta-materiale (TRUCK) o porta-martello (HAMMER LODGE);<\/li>\n<li>anello posteriore per sacchetto porta magnesite.<\/li>\n<\/ul>\n<p>Leggero e versatile, l&#8217;Anthea \u00e8 dedicato all&#8217;alpinismo di alto livello, con una struttura ergonomica in grado di offrire un elevato comfort alle alpiniste.<\/p>\n<p>&nbsp;<\/p>\n<p>Climbing Technology \u00e8 il marchio dell\u2019azienda bergamasca Aludesign, specializzata nella produzione di fornitura per arrampicata, alpinismo e sicurezza sul lavoro a livello internazionale. Ci\u00f2 che rende vincente questa realt\u00e0 italiana, \u00e8 la grande esperienza e la predisposizione alla continua innovazione dei prodotti, tramite un\u2019approfondita ricerca dei materiali e un attento studio delle tecnologie pi\u00f9 evolute, in pieno rispetto delle direttive europee sulla tutela dell\u2019ambiente.<\/p>","protected":false},"excerpt":{"rendered":"<p>Il CT Climbing Technology Anthea \u00e8 un&#8217;imbracatura regolabile da donna, leggera e versatile, sviluppata per l&#8217;alpinismo tecnico, l\u2019arrampicata su ghiaccio [&hellip;]<\/p>\n","protected":false},"featured_media":23373,"comment_status":"open","ping_status":"closed","template":"","meta":{"_acf_changed":false},"product_brand":[55],"product_cat":[182,183],"product_tag":[427,426],"class_list":{"0":"post-8097","1":"product","2":"type-product","3":"status-publish","4":"has-post-thumbnail","6":"product_brand-ct-climbing-technology","7":"product_cat-sportivi","8":"product_cat-alpinismo","9":"product_tag-imbracatura-donna","10":"product_tag-imbrago-donna","12":"first","13":"instock","14":"sale","15":"taxable","16":"shipping-taxable","17":"purchasable","18":"product-type-variable"},"acf":[],"yoast_head":"<!-- This site is optimized with the Yoast SEO plugin v26.4 - https:\/\/yoast.com\/wordpress\/plugins\/seo\/ -->\n<title>CT Climbing Technology Anthea imbrago da donna - Sestogrado<\/title>\n<meta name=\"description\" content=\"CT Climbing Technology Anthe imbrago arrampicata da donna leggero e versatile. L&#039;Anthea \u00e8 sviluppato per l&#039;alpinismo e l&#039;arrampicata al femminile. Leggero e versatile, l&#039;Anthea \u00e8 dedicato all&#039;alpinismo di alto livello, con una struttura ergonomica in grado di offrire un elevato comfort alle alpiniste.\" \/>\n<meta name=\"robots\" content=\"index, follow, max-snippet:-1, max-image-preview:large, max-video-preview:-1\" \/>\n<link rel=\"canonical\" href=\"https:\/\/www.sestogrado.it\/it\/prodotto\/ct-climbing-technology-anthea-imbrago-da-donna\/\" \/>\n<meta property=\"og:locale\" content=\"it_IT\" \/>\n<meta property=\"og:type\" content=\"article\" \/>\n<meta property=\"og:title\" content=\"CT Climbing Technology Anthea imbrago da donna - Sestogrado\" \/>\n<meta property=\"og:description\" content=\"CT Climbing Technology Anthe imbrago arrampicata da donna leggero e versatile. L&#039;Anthea \u00e8 sviluppato per l&#039;alpinismo e l&#039;arrampicata al femminile. Leggero e versatile, l&#039;Anthea \u00e8 dedicato all&#039;alpinismo di alto livello, con una struttura ergonomica in grado di offrire un elevato comfort alle alpiniste.\" \/>\n<meta property=\"og:url\" content=\"https:\/\/www.sestogrado.it\/it\/prodotto\/ct-climbing-technology-anthea-imbrago-da-donna\/\" \/>\n<meta property=\"og:site_name\" content=\"Sestogrado\" \/>\n<meta property=\"article:publisher\" content=\"https:\/\/www.facebook.com\/pages\/Sestogrado\/1542635979353017?ref=bookmarks\" \/>\n<meta property=\"article:modified_time\" content=\"2026-02-05T09:31:30+00:00\" \/>\n<meta property=\"og:image\" content=\"https:\/\/www.sestogrado.it\/wp-content\/uploads\/2016\/09\/01ff.jpg\" \/>\n\t<meta property=\"og:image:width\" content=\"1122\" \/>\n\t<meta property=\"og:image:height\" content=\"1122\" \/>\n\t<meta property=\"og:image:type\" content=\"image\/jpeg\" \/>\n<meta name=\"twitter:label1\" content=\"Disponibilit\u00e0\" \/>\n\t<meta name=\"twitter:data1\" content=\"In stock\" \/>\n<script type=\"application\/ld+json\" class=\"yoast-schema-graph\">{\"@context\":\"https:\/\/schema.org\",\"@graph\":[{\"@type\":\"WebPage\",\"@id\":\"https:\/\/www.sestogrado.it\/it\/prodotto\/ct-climbing-technology-anthea-imbrago-da-donna\/\",\"url\":\"https:\/\/www.sestogrado.it\/it\/prodotto\/ct-climbing-technology-anthea-imbrago-da-donna\/\",\"name\":\"CT Climbing Technology Anthea imbrago da donna - Sestogrado\",\"isPartOf\":{\"@id\":\"https:\/\/www.sestogrado.it\/it\/#website\"},\"primaryImageOfPage\":{\"@id\":\"https:\/\/www.sestogrado.it\/it\/prodotto\/ct-climbing-technology-anthea-imbrago-da-donna\/#primaryimage\"},\"image\":{\"@id\":\"https:\/\/www.sestogrado.it\/prodotto\/ct-climbing-technology-anthea-imbrago-da-donna\/#primaryimage\"},\"thumbnailUrl\":\"https:\/\/www.sestogrado.it\/wp-content\/uploads\/2016\/09\/01ff.jpg\",\"datePublished\":\"2016-09-15T08:18:03+00:00\",\"dateModified\":\"2026-02-05T09:31:30+00:00\",\"description\":\"CT Climbing Technology Anthe imbrago arrampicata da donna leggero e versatile. L'Anthea \u00e8 sviluppato per l'alpinismo e l'arrampicata al femminile. Leggero e versatile, l'Anthea \u00e8 dedicato all'alpinismo di alto livello, con una struttura ergonomica in grado di offrire un elevato comfort alle alpiniste.\",\"breadcrumb\":{\"@id\":\"https:\/\/www.sestogrado.it\/it\/prodotto\/ct-climbing-technology-anthea-imbrago-da-donna\/#breadcrumb\"},\"inLanguage\":\"it-IT\",\"potentialAction\":[{\"@type\":\"ReadAction\",\"target\":[[\"https:\/\/www.sestogrado.it\/it\/prodotto\/ct-climbing-technology-anthea-imbrago-da-donna\/\"]]}]},{\"@type\":\"ImageObject\",\"inLanguage\":\"it-IT\",\"@id\":\"https:\/\/www.sestogrado.it\/it\/prodotto\/ct-climbing-technology-anthea-imbrago-da-donna\/#primaryimage\",\"url\":\"https:\/\/www.sestogrado.it\/wp-content\/uploads\/2016\/09\/01ff.jpg\",\"contentUrl\":\"https:\/\/www.sestogrado.it\/wp-content\/uploads\/2016\/09\/01ff.jpg\",\"width\":1122,\"height\":1122,\"caption\":\"CT Anthea\"},{\"@type\":\"BreadcrumbList\",\"@id\":\"https:\/\/www.sestogrado.it\/it\/prodotto\/ct-climbing-technology-anthea-imbrago-da-donna\/#breadcrumb\",\"itemListElement\":[{\"@type\":\"ListItem\",\"position\":1,\"name\":\"Home\",\"item\":\"https:\/\/www.sestogrado.it\/it\/\"},{\"@type\":\"ListItem\",\"position\":2,\"name\":\"Shop\",\"item\":\"https:\/\/www.sestogrado.it\/it\/shop\/\"},{\"@type\":\"ListItem\",\"position\":3,\"name\":\"CT Climbing Technology Anthea imbrago da donna\"}]},{\"@type\":\"WebSite\",\"@id\":\"https:\/\/www.sestogrado.it\/it\/#website\",\"url\":\"https:\/\/www.sestogrado.it\/it\/\",\"name\":\"Sestogrado\",\"description\":\"yes we climb\",\"publisher\":{\"@id\":\"https:\/\/www.sestogrado.it\/it\/#organization\"},\"potentialAction\":[{\"@type\":\"SearchAction\",\"target\":{\"@type\":\"EntryPoint\",\"urlTemplate\":\"https:\/\/www.sestogrado.it\/it\/?s={search_term_string}\"},\"query-input\":{\"@type\":\"PropertyValueSpecification\",\"valueRequired\":true,\"valueName\":\"search_term_string\"}}],\"inLanguage\":\"it-IT\"},{\"@type\":\"Organization\",\"@id\":\"https:\/\/www.sestogrado.it\/it\/#organization\",\"name\":\"Sestogrado\",\"url\":\"https:\/\/www.sestogrado.it\/it\/\",\"logo\":{\"@type\":\"ImageObject\",\"inLanguage\":\"it-IT\",\"@id\":\"https:\/\/www.sestogrado.it\/it\/#\/schema\/logo\/image\/\",\"url\":\"https:\/\/www.sestogrado.it\/wp-content\/uploads\/2015\/03\/sestogrado-favicon.png\",\"contentUrl\":\"https:\/\/www.sestogrado.it\/wp-content\/uploads\/2015\/03\/sestogrado-favicon.png\",\"width\":260,\"height\":260,\"caption\":\"Sestogrado\"},\"image\":{\"@id\":\"https:\/\/www.sestogrado.it\/it\/#\/schema\/logo\/image\/\"},\"sameAs\":[\"https:\/\/www.facebook.com\/pages\/Sestogrado\/1542635979353017?ref=bookmarks\",\"https:\/\/www.youtube.com\/channel\/UC847kAfTkaJsWpc1jtQwr3Q\"],\"hasMerchantReturnPolicy\":{\"@type\":\"MerchantReturnPolicy\",\"merchantReturnLink\":\"https:\/\/www.sestogrado.it\/it\/termini-e-condizioni\/\"}}]}<\/script>\n<meta property=\"product:brand\" content=\"CT Climbing Technlogy\" \/>\n<meta property=\"og:availability\" content=\"instock\" \/>\n<meta property=\"product:availability\" content=\"instock\" \/>\n<meta property=\"product:condition\" content=\"new\" \/>\n<!-- \/ Yoast SEO plugin. -->","yoast_head_json":{"title":"CT Climbing Technology Anthea imbrago da donna - Sestogrado","description":"CT Climbing Technology Anthe imbrago arrampicata da donna leggero e versatile. L'Anthea \u00e8 sviluppato per l'alpinismo e l'arrampicata al femminile. Leggero e versatile, l'Anthea \u00e8 dedicato all'alpinismo di alto livello, con una struttura ergonomica in grado di offrire un elevato comfort alle alpiniste.","robots":{"index":"index","follow":"follow","max-snippet":"max-snippet:-1","max-image-preview":"max-image-preview:large","max-video-preview":"max-video-preview:-1"},"canonical":"https:\/\/www.sestogrado.it\/it\/prodotto\/ct-climbing-technology-anthea-imbrago-da-donna\/","og_locale":"it_IT","og_type":"article","og_title":"CT Climbing Technology Anthea imbrago da donna - Sestogrado","og_description":"CT Climbing Technology Anthe imbrago arrampicata da donna leggero e versatile. L'Anthea \u00e8 sviluppato per l'alpinismo e l'arrampicata al femminile. Leggero e versatile, l'Anthea \u00e8 dedicato all'alpinismo di alto livello, con una struttura ergonomica in grado di offrire un elevato comfort alle alpiniste.","og_url":"https:\/\/www.sestogrado.it\/it\/prodotto\/ct-climbing-technology-anthea-imbrago-da-donna\/","og_site_name":"Sestogrado","article_publisher":"https:\/\/www.facebook.com\/pages\/Sestogrado\/1542635979353017?ref=bookmarks","article_modified_time":"2026-02-05T09:31:30+00:00","og_image":[{"width":1122,"height":1122,"url":"https:\/\/www.sestogrado.it\/wp-content\/uploads\/2016\/09\/01ff.jpg","type":"image\/jpeg"}],"twitter_misc":{"Disponibilit\u00e0":"In stock"},"schema":{"@context":"https:\/\/schema.org","@graph":[{"@type":"WebPage","@id":"https:\/\/www.sestogrado.it\/it\/prodotto\/ct-climbing-technology-anthea-imbrago-da-donna\/","url":"https:\/\/www.sestogrado.it\/it\/prodotto\/ct-climbing-technology-anthea-imbrago-da-donna\/","name":"CT Climbing Technology Anthea imbrago da donna - Sestogrado","isPartOf":{"@id":"https:\/\/www.sestogrado.it\/it\/#website"},"primaryImageOfPage":{"@id":"https:\/\/www.sestogrado.it\/it\/prodotto\/ct-climbing-technology-anthea-imbrago-da-donna\/#primaryimage"},"image":{"@id":"https:\/\/www.sestogrado.it\/prodotto\/ct-climbing-technology-anthea-imbrago-da-donna\/#primaryimage"},"thumbnailUrl":"https:\/\/www.sestogrado.it\/wp-content\/uploads\/2016\/09\/01ff.jpg","datePublished":"2016-09-15T08:18:03+00:00","dateModified":"2026-02-05T09:31:30+00:00","description":"CT Climbing Technology Anthe imbrago arrampicata da donna leggero e versatile. L'Anthea \u00e8 sviluppato per l'alpinismo e l'arrampicata al femminile. Leggero e versatile, l'Anthea \u00e8 dedicato all'alpinismo di alto livello, con una struttura ergonomica in grado di offrire un elevato comfort alle alpiniste.","breadcrumb":{"@id":"https:\/\/www.sestogrado.it\/it\/prodotto\/ct-climbing-technology-anthea-imbrago-da-donna\/#breadcrumb"},"inLanguage":"it-IT","potentialAction":[{"@type":"ReadAction","target":[["https:\/\/www.sestogrado.it\/it\/prodotto\/ct-climbing-technology-anthea-imbrago-da-donna\/"]]}]},{"@type":"ImageObject","inLanguage":"it-IT","@id":"https:\/\/www.sestogrado.it\/it\/prodotto\/ct-climbing-technology-anthea-imbrago-da-donna\/#primaryimage","url":"https:\/\/www.sestogrado.it\/wp-content\/uploads\/2016\/09\/01ff.jpg","contentUrl":"https:\/\/www.sestogrado.it\/wp-content\/uploads\/2016\/09\/01ff.jpg","width":1122,"height":1122,"caption":"CT Anthea"},{"@type":"BreadcrumbList","@id":"https:\/\/www.sestogrado.it\/it\/prodotto\/ct-climbing-technology-anthea-imbrago-da-donna\/#breadcrumb","itemListElement":[{"@type":"ListItem","position":1,"name":"Home","item":"https:\/\/www.sestogrado.it\/it\/"},{"@type":"ListItem","position":2,"name":"Shop","item":"https:\/\/www.sestogrado.it\/it\/shop\/"},{"@type":"ListItem","position":3,"name":"CT Climbing Technology Anthea imbrago da donna"}]},{"@type":"WebSite","@id":"https:\/\/www.sestogrado.it\/it\/#website","url":"https:\/\/www.sestogrado.it\/it\/","name":"Sestogrado","description":"yes we climb","publisher":{"@id":"https:\/\/www.sestogrado.it\/it\/#organization"},"potentialAction":[{"@type":"SearchAction","target":{"@type":"EntryPoint","urlTemplate":"https:\/\/www.sestogrado.it\/it\/?s={search_term_string}"},"query-input":{"@type":"PropertyValueSpecification","valueRequired":true,"valueName":"search_term_string"}}],"inLanguage":"it-IT"},{"@type":"Organization","@id":"https:\/\/www.sestogrado.it\/it\/#organization","name":"Sestogrado","url":"https:\/\/www.sestogrado.it\/it\/","logo":{"@type":"ImageObject","inLanguage":"it-IT","@id":"https:\/\/www.sestogrado.it\/it\/#\/schema\/logo\/image\/","url":"https:\/\/www.sestogrado.it\/wp-content\/uploads\/2015\/03\/sestogrado-favicon.png","contentUrl":"https:\/\/www.sestogrado.it\/wp-content\/uploads\/2015\/03\/sestogrado-favicon.png","width":260,"height":260,"caption":"Sestogrado"},"image":{"@id":"https:\/\/www.sestogrado.it\/it\/#\/schema\/logo\/image\/"},"sameAs":["https:\/\/www.facebook.com\/pages\/Sestogrado\/1542635979353017?ref=bookmarks","https:\/\/www.youtube.com\/channel\/UC847kAfTkaJsWpc1jtQwr3Q"],"hasMerchantReturnPolicy":{"@type":"MerchantReturnPolicy","merchantReturnLink":"https:\/\/www.sestogrado.it\/it\/termini-e-condizioni\/"}}]},"product_brand":"CT Climbing Technlogy","og_availability":"instock","product_availability":"instock","product_condition":"new"},"_links":{"self":[{"href":"https:\/\/www.sestogrado.it\/it\/wp-json\/wp\/v2\/product\/8097","targetHints":{"allow":["GET"]}}],"collection":[{"href":"https:\/\/www.sestogrado.it\/it\/wp-json\/wp\/v2\/product"}],"about":[{"href":"https:\/\/www.sestogrado.it\/it\/wp-json\/wp\/v2\/types\/product"}],"replies":[{"embeddable":true,"href":"https:\/\/www.sestogrado.it\/it\/wp-json\/wp\/v2\/comments?post=8097"}],"wp:featuredmedia":[{"embeddable":true,"href":"https:\/\/www.sestogrado.it\/it\/wp-json\/wp\/v2\/media\/23373"}],"wp:attachment":[{"href":"https:\/\/www.sestogrado.it\/it\/wp-json\/wp\/v2\/media?parent=8097"}],"wp:term":[{"taxonomy":"product_brand","embeddable":true,"href":"https:\/\/www.sestogrado.it\/it\/wp-json\/wp\/v2\/product_brand?post=8097"},{"taxonomy":"product_cat","embeddable":true,"href":"https:\/\/www.sestogrado.it\/it\/wp-json\/wp\/v2\/product_cat?post=8097"},{"taxonomy":"product_tag","embeddable":true,"href":"https:\/\/www.sestogrado.it\/it\/wp-json\/wp\/v2\/product_tag?post=8097"}],"curies":[{"name":"wp","href":"https:\/\/api.w.org\/{rel}","templated":true}]}}