{"id":7492,"date":"2022-03-19T12:24:35","date_gmt":"2022-03-19T11:24:35","guid":{"rendered":"http:\/\/www.sestogrado.it\/?post_type=product&#038;p=7492"},"modified":"2026-03-31T08:00:22","modified_gmt":"2026-03-31T06:00:22","slug":"grivel-air-tech-new-matic-evo-ramponi","status":"publish","type":"product","link":"https:\/\/www.sestogrado.it\/it\/prodotto\/grivel-air-tech-new-matic-evo-ramponi\/","title":{"rendered":"Grivel Air Tech New Matic EVO ramponi"},"content":{"rendered":"<p>I Grivel Air Tech New Matic EVO sono il rampone a 12 punte di riferimento di Grivel e \u00e8 uno dei ramponi pi\u00f9 venduti al mondo.<\/p>\n<p>E&#8217; un rampone semiautomatico di nuova generazione con punte corte disegnate per soddisfare le esigenze del \u201cmisto moderno\u201d dove si alternano roccia e ghiaccio. Il Grivel Air Tech New Matic ha dieci punte a contatto con il ghiaccio durante la camminata, dodici che mordono il pendio durante le traversate. Per ottenere questo risultato la terza coppia di punte \u00e8 pi\u00f9 corta ed in posizione pi\u00f9 allargata. Le due ultime punte dalla parte anteriore hanno la doppia angolazione per trattenere frontalmente in discesa e per trattenere lateralmente in traverso.<\/p>\n<p>Il nuovo sistema <strong>New Matic EVO<\/strong> permette di calzare qualunque tipo di scarpa rigida con il bordo posteriore in modo estremamente veloce e comodo con il dispositivo ad aggancio Matic che si chiude facilmente sul retro dello scarpone. Il nuovo sistema EVO \u00e8 pi\u00f9 moderno, leggero e minimale, rispetto alla versione precedente. La nuova leva e staffa posteriori sono pi\u00f9 semplici, un pezzo invece di cinque. La leva, con design &#8220;Stealth&#8221; \u00e8 pi\u00f9 leggera e consente pi\u00f9 posizioni per adattarsi a tutti gli scarponi. La fettuccia \u00e8 pi\u00f9 leggera e sottile (12mm invece di 14mm) e la fibbia \u00e8 pi\u00f9 minimale, facile da usare e con forte tenuta.<\/p>\n<p>Il sistema anteriore ad alette e lacci di plastica orientabili permette di calzare qualunque tipo di scarpa rigida che abbia o meno (o in cui si sia consumato) il bordo anteriore. E&#8217; un sistema efficace, veloce ed estremamente polivalente. Le parti dedicate all&#8217;assorbimento sono realizzate in plastica bi-componente: la parte nera, pi\u00f9 resistente, sopporta gli sforzi e quella gialla, pi\u00f9 morbida, aumenta l\u2019aderenza sullo scarpone.<\/p>\n<ul>\n<li>sistema New Matic EVO permette di calzare qualunque tipo di scarpa rigida con o senza bordo anteriore<\/li>\n<li>punte dentate per ancorare sul ghiaccio e per trattenere in trazione e aderenza<\/li>\n<li>perfetta copertura del disegno delle suole anche le pi\u00f9 moderne<\/li>\n<li>modello semi-rigido in misura unica regolabile tg 35 &#8211; 46<\/li>\n<li>barretta posizionabile a mano in due diverse lunghezze<\/li>\n<\/ul>\n<p>&nbsp;<\/p>\n<p>Il Grivel Air Tech New Matic EVO \u00e8 un rampone tecnico, per tutte le stagioni, con un peso molto contenuto ed un ingombro minimo per la sua capacit\u00e0 di richiudersi completamente su s\u00e9 stesso. Facile da riporre nello zaino e non ingombrante. Dall&#8217;aderenza perfetta, ottimo compagno per le attivit\u00e0 su ghiaccio.<\/p>\n<p>Se scegli di avere un unico rampone per le tue attivit\u00e0 su ghiaccio, l&#8217;Air Tech New Matic EVO \u00e8 il rampone da prendere.<\/p>\n<p>&nbsp;<\/p>\n<p>Nata nel 1818 a Courmayeur, la Grivel \u00e8 un\u2019azienda italiana che produce attrezzature ed equipaggiamenti per alpinismo, arrampicata ed outdoor esportando in 26 paesi.\u00a0\u00a0L\u2019azienda ha ottenuto la certificazione GS T\u00dcV dal 1992, ISO 9001 dal 1996, ISO 1400 dal 2004.\u00a0L\u2019obiettivo di\u00a0Grivel \u00e8 di facilitare la vita agli alpinisti e agli amanti della montagna\u00a0con prodotti tecnologicamente avanzati.<\/p>","protected":false},"excerpt":{"rendered":"<p>I Grivel Air Tech New Matic EVO sono il rampone a 12 punte di riferimento di Grivel e \u00e8 uno [&hellip;]<\/p>\n","protected":false},"featured_media":85557,"comment_status":"open","ping_status":"closed","template":"","meta":{"_acf_changed":false},"product_brand":[126],"product_cat":[153],"product_tag":[442,443],"class_list":{"0":"post-7492","1":"product","2":"type-product","3":"status-publish","4":"has-post-thumbnail","6":"product_brand-grivel","7":"product_cat-ramponi","8":"product_tag-ramponi","9":"product_tag-ramponi-da-ghiaccio","11":"first","12":"instock","13":"sale","14":"taxable","15":"shipping-taxable","16":"purchasable","17":"product-type-simple"},"acf":[],"yoast_head":"<!-- This site is optimized with the Yoast SEO plugin v26.4 - https:\/\/yoast.com\/wordpress\/plugins\/seo\/ -->\n<title>Grivel Air Tech New Matic EVO ramponi - Sestogrado<\/title>\n<meta name=\"description\" content=\"I Grivel Air Tech New Matic EVO sono il rampone a 12 punte di riferimento di Grivel ed il suo rampone pi\u00f9 venduto al mondo.E&#039; un rampone di nuova generazione con punte corte disegnate per\u00a0soddisfare le esigenze del \u201cmisto moderno\u201d dove si alternano roccia e ghiaccio.\u00a0Il Grivel Air Tech New Matic ha\u00a0dieci punte a contatto con il ghiaccio durante la camminata, dodici che mordono il pendio durante le traversate. Per ottenere questo risultato la terza coppia di punte \u00e8 pi\u00f9 corta ed in posizione pi\u00f9 allargata. Le due ultime punte dalla parte anteriore hanno la doppia angolazione per trattenere frontalmente in discesa e per trattenere lateralmente in traverso.Il nuovo sistema New Matic EVO permette di calzare qualunque tipo di scarpa rigida con il bordo posteriore in modo estremamente veloce e comodo con il dispositivo ad aggancio Matic che si chiude facilmente sul retro dello scarpone. Il nuovo sistema EVO \u00e8 pi\u00f9 moderno, leggero e minimale, rispetto alla versione precedente. La nuova leva e staffa posteriori sono pi\u00f9 semplici, un pezzo invece di cinque. La leva, con design &quot;Stealth&quot; \u00e8 pi\u00f9 leggera e consente pi\u00f9 posizioni per adattarsi a tutti gli scarponi. La fettuccia \u00e8 pi\u00f9 leggera e sottile (12mm invece di 14mm) e la fibbia \u00e8 pi\u00f9 minimale, facile da usare e con forte tenuta.\" \/>\n<meta name=\"robots\" content=\"index, follow, max-snippet:-1, max-image-preview:large, max-video-preview:-1\" \/>\n<link rel=\"canonical\" href=\"https:\/\/www.sestogrado.it\/it\/prodotto\/grivel-air-tech-new-matic-evo-ramponi\/\" \/>\n<meta property=\"og:locale\" content=\"it_IT\" \/>\n<meta property=\"og:type\" content=\"article\" \/>\n<meta property=\"og:title\" content=\"Grivel Air Tech New Matic EVO ramponi - Sestogrado\" \/>\n<meta property=\"og:description\" content=\"I Grivel Air Tech New Matic EVO sono il rampone a 12 punte di riferimento di Grivel ed il suo rampone pi\u00f9 venduto al mondo.E&#039; un rampone di nuova generazione con punte corte disegnate per\u00a0soddisfare le esigenze del \u201cmisto moderno\u201d dove si alternano roccia e ghiaccio.\u00a0Il Grivel Air Tech New Matic ha\u00a0dieci punte a contatto con il ghiaccio durante la camminata, dodici che mordono il pendio durante le traversate. Per ottenere questo risultato la terza coppia di punte \u00e8 pi\u00f9 corta ed in posizione pi\u00f9 allargata. Le due ultime punte dalla parte anteriore hanno la doppia angolazione per trattenere frontalmente in discesa e per trattenere lateralmente in traverso.Il nuovo sistema New Matic EVO permette di calzare qualunque tipo di scarpa rigida con il bordo posteriore in modo estremamente veloce e comodo con il dispositivo ad aggancio Matic che si chiude facilmente sul retro dello scarpone. Il nuovo sistema EVO \u00e8 pi\u00f9 moderno, leggero e minimale, rispetto alla versione precedente. La nuova leva e staffa posteriori sono pi\u00f9 semplici, un pezzo invece di cinque. La leva, con design &quot;Stealth&quot; \u00e8 pi\u00f9 leggera e consente pi\u00f9 posizioni per adattarsi a tutti gli scarponi. La fettuccia \u00e8 pi\u00f9 leggera e sottile (12mm invece di 14mm) e la fibbia \u00e8 pi\u00f9 minimale, facile da usare e con forte tenuta.\" \/>\n<meta property=\"og:url\" content=\"https:\/\/www.sestogrado.it\/it\/prodotto\/grivel-air-tech-new-matic-evo-ramponi\/\" \/>\n<meta property=\"og:site_name\" content=\"Sestogrado\" \/>\n<meta property=\"article:publisher\" content=\"https:\/\/www.facebook.com\/pages\/Sestogrado\/1542635979353017?ref=bookmarks\" \/>\n<meta property=\"article:modified_time\" content=\"2026-03-31T06:00:22+00:00\" \/>\n<meta property=\"og:image\" content=\"https:\/\/www.sestogrado.it\/wp-content\/uploads\/2016\/07\/07-2.jpg\" \/>\n\t<meta property=\"og:image:width\" content=\"1600\" \/>\n\t<meta property=\"og:image:height\" content=\"1600\" \/>\n\t<meta property=\"og:image:type\" content=\"image\/jpeg\" \/>\n<meta name=\"twitter:label1\" content=\"Prezzo\" \/>\n\t<meta name=\"twitter:data1\" content=\"&euro;&nbsp;119,00\" \/>\n\t<meta name=\"twitter:label2\" content=\"Disponibilit\u00e0\" \/>\n\t<meta name=\"twitter:data2\" content=\"In stock\" \/>\n<script type=\"application\/ld+json\" class=\"yoast-schema-graph\">{\"@context\":\"https:\/\/schema.org\",\"@graph\":[{\"@type\":\"WebPage\",\"@id\":\"https:\/\/www.sestogrado.it\/it\/prodotto\/grivel-air-tech-new-matic-evo-ramponi\/\",\"url\":\"https:\/\/www.sestogrado.it\/it\/prodotto\/grivel-air-tech-new-matic-evo-ramponi\/\",\"name\":\"Grivel Air Tech New Matic EVO ramponi - Sestogrado\",\"isPartOf\":{\"@id\":\"https:\/\/www.sestogrado.it\/it\/#website\"},\"primaryImageOfPage\":{\"@id\":\"https:\/\/www.sestogrado.it\/it\/prodotto\/grivel-air-tech-new-matic-evo-ramponi\/#primaryimage\"},\"image\":{\"@id\":\"https:\/\/www.sestogrado.it\/prodotto\/grivel-air-tech-new-matic-evo-ramponi\/#primaryimage\"},\"thumbnailUrl\":\"https:\/\/www.sestogrado.it\/wp-content\/uploads\/2016\/07\/07-2.jpg\",\"datePublished\":\"2022-03-19T11:24:35+00:00\",\"dateModified\":\"2026-03-31T06:00:22+00:00\",\"description\":\"I Grivel Air Tech New Matic EVO sono il rampone a 12 punte di riferimento di Grivel ed il suo rampone pi\u00f9 venduto al mondo.E' un rampone di nuova generazione con punte corte disegnate per\u00a0soddisfare le esigenze del \u201cmisto moderno\u201d dove si alternano roccia e ghiaccio.\u00a0Il Grivel Air Tech New Matic ha\u00a0dieci punte a contatto con il ghiaccio durante la camminata, dodici che mordono il pendio durante le traversate. Per ottenere questo risultato la terza coppia di punte \u00e8 pi\u00f9 corta ed in posizione pi\u00f9 allargata. Le due ultime punte dalla parte anteriore hanno la doppia angolazione per trattenere frontalmente in discesa e per trattenere lateralmente in traverso.Il nuovo sistema New Matic EVO permette di calzare qualunque tipo di scarpa rigida con il bordo posteriore in modo estremamente veloce e comodo con il dispositivo ad aggancio Matic che si chiude facilmente sul retro dello scarpone. Il nuovo sistema EVO \u00e8 pi\u00f9 moderno, leggero e minimale, rispetto alla versione precedente. La nuova leva e staffa posteriori sono pi\u00f9 semplici, un pezzo invece di cinque. La leva, con design \\\"Stealth\\\" \u00e8 pi\u00f9 leggera e consente pi\u00f9 posizioni per adattarsi a tutti gli scarponi. La fettuccia \u00e8 pi\u00f9 leggera e sottile (12mm invece di 14mm) e la fibbia \u00e8 pi\u00f9 minimale, facile da usare e con forte tenuta.\",\"breadcrumb\":{\"@id\":\"https:\/\/www.sestogrado.it\/it\/prodotto\/grivel-air-tech-new-matic-evo-ramponi\/#breadcrumb\"},\"inLanguage\":\"it-IT\",\"potentialAction\":[{\"@type\":\"ReadAction\",\"target\":[[\"https:\/\/www.sestogrado.it\/it\/prodotto\/grivel-air-tech-new-matic-evo-ramponi\/\"]]}]},{\"@type\":\"ImageObject\",\"inLanguage\":\"it-IT\",\"@id\":\"https:\/\/www.sestogrado.it\/it\/prodotto\/grivel-air-tech-new-matic-evo-ramponi\/#primaryimage\",\"url\":\"https:\/\/www.sestogrado.it\/wp-content\/uploads\/2016\/07\/07-2.jpg\",\"contentUrl\":\"https:\/\/www.sestogrado.it\/wp-content\/uploads\/2016\/07\/07-2.jpg\",\"width\":1600,\"height\":1600,\"caption\":\"air tech new matic evo\"},{\"@type\":\"BreadcrumbList\",\"@id\":\"https:\/\/www.sestogrado.it\/it\/prodotto\/grivel-air-tech-new-matic-evo-ramponi\/#breadcrumb\",\"itemListElement\":[{\"@type\":\"ListItem\",\"position\":1,\"name\":\"Home\",\"item\":\"https:\/\/www.sestogrado.it\/it\/\"},{\"@type\":\"ListItem\",\"position\":2,\"name\":\"Shop\",\"item\":\"https:\/\/www.sestogrado.it\/it\/shop\/\"},{\"@type\":\"ListItem\",\"position\":3,\"name\":\"Grivel Air Tech New Matic EVO ramponi\"}]},{\"@type\":\"WebSite\",\"@id\":\"https:\/\/www.sestogrado.it\/it\/#website\",\"url\":\"https:\/\/www.sestogrado.it\/it\/\",\"name\":\"Sestogrado\",\"description\":\"yes we climb\",\"publisher\":{\"@id\":\"https:\/\/www.sestogrado.it\/it\/#organization\"},\"potentialAction\":[{\"@type\":\"SearchAction\",\"target\":{\"@type\":\"EntryPoint\",\"urlTemplate\":\"https:\/\/www.sestogrado.it\/it\/?s={search_term_string}\"},\"query-input\":{\"@type\":\"PropertyValueSpecification\",\"valueRequired\":true,\"valueName\":\"search_term_string\"}}],\"inLanguage\":\"it-IT\"},{\"@type\":\"Organization\",\"@id\":\"https:\/\/www.sestogrado.it\/it\/#organization\",\"name\":\"Sestogrado\",\"url\":\"https:\/\/www.sestogrado.it\/it\/\",\"logo\":{\"@type\":\"ImageObject\",\"inLanguage\":\"it-IT\",\"@id\":\"https:\/\/www.sestogrado.it\/it\/#\/schema\/logo\/image\/\",\"url\":\"https:\/\/www.sestogrado.it\/wp-content\/uploads\/2015\/03\/sestogrado-favicon.png\",\"contentUrl\":\"https:\/\/www.sestogrado.it\/wp-content\/uploads\/2015\/03\/sestogrado-favicon.png\",\"width\":260,\"height\":260,\"caption\":\"Sestogrado\"},\"image\":{\"@id\":\"https:\/\/www.sestogrado.it\/it\/#\/schema\/logo\/image\/\"},\"sameAs\":[\"https:\/\/www.facebook.com\/pages\/Sestogrado\/1542635979353017?ref=bookmarks\",\"https:\/\/www.youtube.com\/channel\/UC847kAfTkaJsWpc1jtQwr3Q\"],\"hasMerchantReturnPolicy\":{\"@type\":\"MerchantReturnPolicy\",\"merchantReturnLink\":\"https:\/\/www.sestogrado.it\/it\/termini-e-condizioni\/\"}}]}<\/script>\n<meta property=\"product:brand\" content=\"Grivel\" \/>\n<meta property=\"product:price:amount\" content=\"119.00\" \/>\n<meta property=\"product:price:currency\" content=\"EUR\" \/>\n<meta property=\"og:availability\" content=\"instock\" \/>\n<meta property=\"product:availability\" content=\"instock\" \/>\n<meta property=\"product:condition\" content=\"new\" \/>\n<!-- \/ Yoast SEO plugin. -->","yoast_head_json":{"title":"Grivel Air Tech New Matic EVO ramponi - Sestogrado","description":"I Grivel Air Tech New Matic EVO sono il rampone a 12 punte di riferimento di Grivel ed il suo rampone pi\u00f9 venduto al mondo.E' un rampone di nuova generazione con punte corte disegnate per\u00a0soddisfare le esigenze del \u201cmisto moderno\u201d dove si alternano roccia e ghiaccio.\u00a0Il Grivel Air Tech New Matic ha\u00a0dieci punte a contatto con il ghiaccio durante la camminata, dodici che mordono il pendio durante le traversate. Per ottenere questo risultato la terza coppia di punte \u00e8 pi\u00f9 corta ed in posizione pi\u00f9 allargata. Le due ultime punte dalla parte anteriore hanno la doppia angolazione per trattenere frontalmente in discesa e per trattenere lateralmente in traverso.Il nuovo sistema New Matic EVO permette di calzare qualunque tipo di scarpa rigida con il bordo posteriore in modo estremamente veloce e comodo con il dispositivo ad aggancio Matic che si chiude facilmente sul retro dello scarpone. Il nuovo sistema EVO \u00e8 pi\u00f9 moderno, leggero e minimale, rispetto alla versione precedente. La nuova leva e staffa posteriori sono pi\u00f9 semplici, un pezzo invece di cinque. La leva, con design \"Stealth\" \u00e8 pi\u00f9 leggera e consente pi\u00f9 posizioni per adattarsi a tutti gli scarponi. La fettuccia \u00e8 pi\u00f9 leggera e sottile (12mm invece di 14mm) e la fibbia \u00e8 pi\u00f9 minimale, facile da usare e con forte tenuta.","robots":{"index":"index","follow":"follow","max-snippet":"max-snippet:-1","max-image-preview":"max-image-preview:large","max-video-preview":"max-video-preview:-1"},"canonical":"https:\/\/www.sestogrado.it\/it\/prodotto\/grivel-air-tech-new-matic-evo-ramponi\/","og_locale":"it_IT","og_type":"article","og_title":"Grivel Air Tech New Matic EVO ramponi - Sestogrado","og_description":"I Grivel Air Tech New Matic EVO sono il rampone a 12 punte di riferimento di Grivel ed il suo rampone pi\u00f9 venduto al mondo.E' un rampone di nuova generazione con punte corte disegnate per\u00a0soddisfare le esigenze del \u201cmisto moderno\u201d dove si alternano roccia e ghiaccio.\u00a0Il Grivel Air Tech New Matic ha\u00a0dieci punte a contatto con il ghiaccio durante la camminata, dodici che mordono il pendio durante le traversate. Per ottenere questo risultato la terza coppia di punte \u00e8 pi\u00f9 corta ed in posizione pi\u00f9 allargata. Le due ultime punte dalla parte anteriore hanno la doppia angolazione per trattenere frontalmente in discesa e per trattenere lateralmente in traverso.Il nuovo sistema New Matic EVO permette di calzare qualunque tipo di scarpa rigida con il bordo posteriore in modo estremamente veloce e comodo con il dispositivo ad aggancio Matic che si chiude facilmente sul retro dello scarpone. Il nuovo sistema EVO \u00e8 pi\u00f9 moderno, leggero e minimale, rispetto alla versione precedente. La nuova leva e staffa posteriori sono pi\u00f9 semplici, un pezzo invece di cinque. La leva, con design \"Stealth\" \u00e8 pi\u00f9 leggera e consente pi\u00f9 posizioni per adattarsi a tutti gli scarponi. La fettuccia \u00e8 pi\u00f9 leggera e sottile (12mm invece di 14mm) e la fibbia \u00e8 pi\u00f9 minimale, facile da usare e con forte tenuta.","og_url":"https:\/\/www.sestogrado.it\/it\/prodotto\/grivel-air-tech-new-matic-evo-ramponi\/","og_site_name":"Sestogrado","article_publisher":"https:\/\/www.facebook.com\/pages\/Sestogrado\/1542635979353017?ref=bookmarks","article_modified_time":"2026-03-31T06:00:22+00:00","og_image":[{"width":1600,"height":1600,"url":"https:\/\/www.sestogrado.it\/wp-content\/uploads\/2016\/07\/07-2.jpg","type":"image\/jpeg"}],"twitter_misc":{"Prezzo":"&euro;&nbsp;119,00","Disponibilit\u00e0":"In stock"},"schema":{"@context":"https:\/\/schema.org","@graph":[{"@type":"WebPage","@id":"https:\/\/www.sestogrado.it\/it\/prodotto\/grivel-air-tech-new-matic-evo-ramponi\/","url":"https:\/\/www.sestogrado.it\/it\/prodotto\/grivel-air-tech-new-matic-evo-ramponi\/","name":"Grivel Air Tech New Matic EVO ramponi - Sestogrado","isPartOf":{"@id":"https:\/\/www.sestogrado.it\/it\/#website"},"primaryImageOfPage":{"@id":"https:\/\/www.sestogrado.it\/it\/prodotto\/grivel-air-tech-new-matic-evo-ramponi\/#primaryimage"},"image":{"@id":"https:\/\/www.sestogrado.it\/prodotto\/grivel-air-tech-new-matic-evo-ramponi\/#primaryimage"},"thumbnailUrl":"https:\/\/www.sestogrado.it\/wp-content\/uploads\/2016\/07\/07-2.jpg","datePublished":"2022-03-19T11:24:35+00:00","dateModified":"2026-03-31T06:00:22+00:00","description":"I Grivel Air Tech New Matic EVO sono il rampone a 12 punte di riferimento di Grivel ed il suo rampone pi\u00f9 venduto al mondo.E' un rampone di nuova generazione con punte corte disegnate per\u00a0soddisfare le esigenze del \u201cmisto moderno\u201d dove si alternano roccia e ghiaccio.\u00a0Il Grivel Air Tech New Matic ha\u00a0dieci punte a contatto con il ghiaccio durante la camminata, dodici che mordono il pendio durante le traversate. Per ottenere questo risultato la terza coppia di punte \u00e8 pi\u00f9 corta ed in posizione pi\u00f9 allargata. Le due ultime punte dalla parte anteriore hanno la doppia angolazione per trattenere frontalmente in discesa e per trattenere lateralmente in traverso.Il nuovo sistema New Matic EVO permette di calzare qualunque tipo di scarpa rigida con il bordo posteriore in modo estremamente veloce e comodo con il dispositivo ad aggancio Matic che si chiude facilmente sul retro dello scarpone. Il nuovo sistema EVO \u00e8 pi\u00f9 moderno, leggero e minimale, rispetto alla versione precedente. La nuova leva e staffa posteriori sono pi\u00f9 semplici, un pezzo invece di cinque. La leva, con design \"Stealth\" \u00e8 pi\u00f9 leggera e consente pi\u00f9 posizioni per adattarsi a tutti gli scarponi. La fettuccia \u00e8 pi\u00f9 leggera e sottile (12mm invece di 14mm) e la fibbia \u00e8 pi\u00f9 minimale, facile da usare e con forte tenuta.","breadcrumb":{"@id":"https:\/\/www.sestogrado.it\/it\/prodotto\/grivel-air-tech-new-matic-evo-ramponi\/#breadcrumb"},"inLanguage":"it-IT","potentialAction":[{"@type":"ReadAction","target":[["https:\/\/www.sestogrado.it\/it\/prodotto\/grivel-air-tech-new-matic-evo-ramponi\/"]]}]},{"@type":"ImageObject","inLanguage":"it-IT","@id":"https:\/\/www.sestogrado.it\/it\/prodotto\/grivel-air-tech-new-matic-evo-ramponi\/#primaryimage","url":"https:\/\/www.sestogrado.it\/wp-content\/uploads\/2016\/07\/07-2.jpg","contentUrl":"https:\/\/www.sestogrado.it\/wp-content\/uploads\/2016\/07\/07-2.jpg","width":1600,"height":1600,"caption":"air tech new matic evo"},{"@type":"BreadcrumbList","@id":"https:\/\/www.sestogrado.it\/it\/prodotto\/grivel-air-tech-new-matic-evo-ramponi\/#breadcrumb","itemListElement":[{"@type":"ListItem","position":1,"name":"Home","item":"https:\/\/www.sestogrado.it\/it\/"},{"@type":"ListItem","position":2,"name":"Shop","item":"https:\/\/www.sestogrado.it\/it\/shop\/"},{"@type":"ListItem","position":3,"name":"Grivel Air Tech New Matic EVO ramponi"}]},{"@type":"WebSite","@id":"https:\/\/www.sestogrado.it\/it\/#website","url":"https:\/\/www.sestogrado.it\/it\/","name":"Sestogrado","description":"yes we climb","publisher":{"@id":"https:\/\/www.sestogrado.it\/it\/#organization"},"potentialAction":[{"@type":"SearchAction","target":{"@type":"EntryPoint","urlTemplate":"https:\/\/www.sestogrado.it\/it\/?s={search_term_string}"},"query-input":{"@type":"PropertyValueSpecification","valueRequired":true,"valueName":"search_term_string"}}],"inLanguage":"it-IT"},{"@type":"Organization","@id":"https:\/\/www.sestogrado.it\/it\/#organization","name":"Sestogrado","url":"https:\/\/www.sestogrado.it\/it\/","logo":{"@type":"ImageObject","inLanguage":"it-IT","@id":"https:\/\/www.sestogrado.it\/it\/#\/schema\/logo\/image\/","url":"https:\/\/www.sestogrado.it\/wp-content\/uploads\/2015\/03\/sestogrado-favicon.png","contentUrl":"https:\/\/www.sestogrado.it\/wp-content\/uploads\/2015\/03\/sestogrado-favicon.png","width":260,"height":260,"caption":"Sestogrado"},"image":{"@id":"https:\/\/www.sestogrado.it\/it\/#\/schema\/logo\/image\/"},"sameAs":["https:\/\/www.facebook.com\/pages\/Sestogrado\/1542635979353017?ref=bookmarks","https:\/\/www.youtube.com\/channel\/UC847kAfTkaJsWpc1jtQwr3Q"],"hasMerchantReturnPolicy":{"@type":"MerchantReturnPolicy","merchantReturnLink":"https:\/\/www.sestogrado.it\/it\/termini-e-condizioni\/"}}]},"product_brand":"Grivel","product_price_amount":"119.00","product_price_currency":"EUR","og_availability":"instock","product_availability":"instock","product_condition":"new"},"_links":{"self":[{"href":"https:\/\/www.sestogrado.it\/it\/wp-json\/wp\/v2\/product\/7492","targetHints":{"allow":["GET"]}}],"collection":[{"href":"https:\/\/www.sestogrado.it\/it\/wp-json\/wp\/v2\/product"}],"about":[{"href":"https:\/\/www.sestogrado.it\/it\/wp-json\/wp\/v2\/types\/product"}],"replies":[{"embeddable":true,"href":"https:\/\/www.sestogrado.it\/it\/wp-json\/wp\/v2\/comments?post=7492"}],"wp:featuredmedia":[{"embeddable":true,"href":"https:\/\/www.sestogrado.it\/it\/wp-json\/wp\/v2\/media\/85557"}],"wp:attachment":[{"href":"https:\/\/www.sestogrado.it\/it\/wp-json\/wp\/v2\/media?parent=7492"}],"wp:term":[{"taxonomy":"product_brand","embeddable":true,"href":"https:\/\/www.sestogrado.it\/it\/wp-json\/wp\/v2\/product_brand?post=7492"},{"taxonomy":"product_cat","embeddable":true,"href":"https:\/\/www.sestogrado.it\/it\/wp-json\/wp\/v2\/product_cat?post=7492"},{"taxonomy":"product_tag","embeddable":true,"href":"https:\/\/www.sestogrado.it\/it\/wp-json\/wp\/v2\/product_tag?post=7492"}],"curies":[{"name":"wp","href":"https:\/\/api.w.org\/{rel}","templated":true}]}}