{"id":7154,"date":"2016-06-14T09:24:04","date_gmt":"2016-06-14T07:24:04","guid":{"rendered":"http:\/\/www.sestogrado.it\/?post_type=product&#038;p=7154"},"modified":"2025-09-29T11:31:50","modified_gmt":"2025-09-29T09:31:50","slug":"metolius-rope-hook-gancio-corda","status":"publish","type":"product","link":"https:\/\/www.sestogrado.it\/it\/prodotto\/metolius-rope-hook-gancio-corda\/","title":{"rendered":"Metolius Rope Hook gancio corda"},"content":{"rendered":"<p>Il Metolius Rope Hook \u00e8 un accessorio pratico che consente un avvolgimento della corda pi\u00f9 veloce ed ordinato. Nelle soste su vie multipitch trattiene la corda in modo sicuro, evita che caschi in basso o che si verifichino fastidiosi attorcigliamenti e la mantiene pronta per una rapida ripartenza.<\/p>\n<ul>\n<li>il Metolius Rope Hook si collega alla sosta con un rinvio\/moschettone<\/li>\n<li>rende la gestione della corda su vie multipitch un gioco da ragazzi<\/li>\n<li>la corda \u00e8 facile da gestire mentre si recupera il secondo<\/li>\n<li>la corda \u00e8 pronta perfettamente ed in ordine per partire con il tiro successivo<\/li>\n<li>chiusa la fettuccia, la corda \u00e8 arrotolata e pronta a partire<\/li>\n<li>consente l&#8217;inserimento di\u00a0due corde contemporaneamente<\/li>\n<\/ul>\n<p>Il Metolius Rope Hook \u00e8 pi\u00f9 sicuro e conveniente di qualsiasi altro sistema e render\u00e0 le vostre soste pi\u00f9 facili e rapide da gestire.<\/p>\n<p>&nbsp;<\/p>\n<p>Metolius \u00e8 un\u2019azienda americana nata negli anni 80\u2019 da un gruppo di appassionati climber dello Smith Rock. Riunitisi in un garage nel nord America, nelle vicinanze del Metolius River, cominciarono a concretizzare le loro idee fino ad ottenere dei prodotti che oggi sono sinonimo di qualit\u00e0, sicurezza ed eccellenza. Metolius \u00e8 nota per la produzione di attrezzatura per allenamento all\u2019arrampicata, come travi e prese, di cui \u00e8 tuttora leader mondiale.<\/p>\n","protected":false},"excerpt":{"rendered":"<p>Il Metolius Rope Hook \u00e8 un accessorio pratico che consente un avvolgimento della corda pi\u00f9 veloce ed ordinato. Nelle soste [&hellip;]<\/p>\n","protected":false},"featured_media":7155,"comment_status":"open","ping_status":"closed","template":"","meta":{"_acf_changed":false},"product_brand":[304],"product_cat":[139],"product_tag":[],"class_list":{"0":"post-7154","1":"product","2":"type-product","3":"status-publish","4":"has-post-thumbnail","6":"product_brand-metolius","7":"product_cat-accessori-corda","9":"first","10":"outofstock","11":"sale","12":"taxable","13":"shipping-taxable","14":"purchasable","15":"product-type-simple"},"acf":[],"yoast_head":"<!-- This site is optimized with the Yoast SEO plugin v26.4 - https:\/\/yoast.com\/wordpress\/plugins\/seo\/ -->\n<title>Metolius Rope Hook gancio corda - Sestogrado<\/title>\n<meta name=\"description\" content=\"Il Metolius Rope Hook \u00e8 un gancio da utilizzare nelle soste per raccogliere in modo ordinato la corda o le corde. Consente una rapida ripartenza.\" \/>\n<meta name=\"robots\" content=\"index, follow, max-snippet:-1, max-image-preview:large, max-video-preview:-1\" \/>\n<link rel=\"canonical\" href=\"https:\/\/www.sestogrado.it\/it\/prodotto\/metolius-rope-hook-gancio-corda\/\" \/>\n<meta property=\"og:locale\" content=\"it_IT\" \/>\n<meta property=\"og:type\" content=\"article\" \/>\n<meta property=\"og:title\" content=\"Metolius Rope Hook gancio corda - Sestogrado\" \/>\n<meta property=\"og:description\" content=\"Il Metolius Rope Hook \u00e8 un gancio da utilizzare nelle soste per raccogliere in modo ordinato la corda o le corde. Consente una rapida ripartenza.\" \/>\n<meta property=\"og:url\" content=\"https:\/\/www.sestogrado.it\/it\/prodotto\/metolius-rope-hook-gancio-corda\/\" \/>\n<meta property=\"og:site_name\" content=\"Sestogrado\" \/>\n<meta property=\"article:publisher\" content=\"https:\/\/www.facebook.com\/pages\/Sestogrado\/1542635979353017?ref=bookmarks\" \/>\n<meta property=\"article:modified_time\" content=\"2025-09-29T09:31:50+00:00\" \/>\n<meta property=\"og:image\" content=\"https:\/\/www.sestogrado.it\/wp-content\/uploads\/2016\/06\/01-16.jpg\" \/>\n\t<meta property=\"og:image:width\" content=\"1376\" \/>\n\t<meta property=\"og:image:height\" content=\"1835\" \/>\n\t<meta property=\"og:image:type\" content=\"image\/jpeg\" \/>\n<meta name=\"twitter:label1\" content=\"Prezzo\" \/>\n\t<meta name=\"twitter:data1\" content=\"&euro;&nbsp;21,90\" \/>\n\t<meta name=\"twitter:label2\" content=\"Disponibilit\u00e0\" \/>\n\t<meta name=\"twitter:data2\" content=\"Esaurito\" \/>\n<script type=\"application\/ld+json\" class=\"yoast-schema-graph\">{\"@context\":\"https:\/\/schema.org\",\"@graph\":[{\"@type\":\"WebPage\",\"@id\":\"https:\/\/www.sestogrado.it\/it\/prodotto\/metolius-rope-hook-gancio-corda\/\",\"url\":\"https:\/\/www.sestogrado.it\/it\/prodotto\/metolius-rope-hook-gancio-corda\/\",\"name\":\"Metolius Rope Hook gancio corda - Sestogrado\",\"isPartOf\":{\"@id\":\"https:\/\/www.sestogrado.it\/it\/#website\"},\"primaryImageOfPage\":{\"@id\":\"https:\/\/www.sestogrado.it\/it\/prodotto\/metolius-rope-hook-gancio-corda\/#primaryimage\"},\"image\":{\"@id\":\"https:\/\/www.sestogrado.it\/prodotto\/metolius-rope-hook-gancio-corda\/#primaryimage\"},\"thumbnailUrl\":\"https:\/\/www.sestogrado.it\/wp-content\/uploads\/2016\/06\/01-16.jpg\",\"datePublished\":\"2016-06-14T07:24:04+00:00\",\"dateModified\":\"2025-09-29T09:31:50+00:00\",\"description\":\"Il Metolius Rope Hook \u00e8 un gancio da utilizzare nelle soste per raccogliere in modo ordinato la corda o le corde. Consente una rapida ripartenza.\",\"breadcrumb\":{\"@id\":\"https:\/\/www.sestogrado.it\/it\/prodotto\/metolius-rope-hook-gancio-corda\/#breadcrumb\"},\"inLanguage\":\"it-IT\",\"potentialAction\":[{\"@type\":\"ReadAction\",\"target\":[[\"https:\/\/www.sestogrado.it\/it\/prodotto\/metolius-rope-hook-gancio-corda\/\"]]}]},{\"@type\":\"ImageObject\",\"inLanguage\":\"it-IT\",\"@id\":\"https:\/\/www.sestogrado.it\/it\/prodotto\/metolius-rope-hook-gancio-corda\/#primaryimage\",\"url\":\"https:\/\/www.sestogrado.it\/wp-content\/uploads\/2016\/06\/01-16.jpg\",\"contentUrl\":\"https:\/\/www.sestogrado.it\/wp-content\/uploads\/2016\/06\/01-16.jpg\",\"width\":1376,\"height\":1835,\"caption\":\"metolius rope hook\"},{\"@type\":\"BreadcrumbList\",\"@id\":\"https:\/\/www.sestogrado.it\/it\/prodotto\/metolius-rope-hook-gancio-corda\/#breadcrumb\",\"itemListElement\":[{\"@type\":\"ListItem\",\"position\":1,\"name\":\"Home\",\"item\":\"https:\/\/www.sestogrado.it\/it\/\"},{\"@type\":\"ListItem\",\"position\":2,\"name\":\"Shop\",\"item\":\"https:\/\/www.sestogrado.it\/it\/shop\/\"},{\"@type\":\"ListItem\",\"position\":3,\"name\":\"Metolius Rope Hook gancio corda\"}]},{\"@type\":\"WebSite\",\"@id\":\"https:\/\/www.sestogrado.it\/it\/#website\",\"url\":\"https:\/\/www.sestogrado.it\/it\/\",\"name\":\"Sestogrado\",\"description\":\"yes we climb\",\"publisher\":{\"@id\":\"https:\/\/www.sestogrado.it\/it\/#organization\"},\"potentialAction\":[{\"@type\":\"SearchAction\",\"target\":{\"@type\":\"EntryPoint\",\"urlTemplate\":\"https:\/\/www.sestogrado.it\/it\/?s={search_term_string}\"},\"query-input\":{\"@type\":\"PropertyValueSpecification\",\"valueRequired\":true,\"valueName\":\"search_term_string\"}}],\"inLanguage\":\"it-IT\"},{\"@type\":\"Organization\",\"@id\":\"https:\/\/www.sestogrado.it\/it\/#organization\",\"name\":\"Sestogrado\",\"url\":\"https:\/\/www.sestogrado.it\/it\/\",\"logo\":{\"@type\":\"ImageObject\",\"inLanguage\":\"it-IT\",\"@id\":\"https:\/\/www.sestogrado.it\/it\/#\/schema\/logo\/image\/\",\"url\":\"https:\/\/www.sestogrado.it\/wp-content\/uploads\/2015\/03\/sestogrado-favicon.png\",\"contentUrl\":\"https:\/\/www.sestogrado.it\/wp-content\/uploads\/2015\/03\/sestogrado-favicon.png\",\"width\":260,\"height\":260,\"caption\":\"Sestogrado\"},\"image\":{\"@id\":\"https:\/\/www.sestogrado.it\/it\/#\/schema\/logo\/image\/\"},\"sameAs\":[\"https:\/\/www.facebook.com\/pages\/Sestogrado\/1542635979353017?ref=bookmarks\",\"https:\/\/www.youtube.com\/channel\/UC847kAfTkaJsWpc1jtQwr3Q\"],\"hasMerchantReturnPolicy\":{\"@type\":\"MerchantReturnPolicy\",\"merchantReturnLink\":\"https:\/\/www.sestogrado.it\/it\/termini-e-condizioni\/\"}}]}<\/script>\n<meta property=\"product:brand\" content=\"Metolius\" \/>\n<meta property=\"product:price:amount\" content=\"21.90\" \/>\n<meta property=\"product:price:currency\" content=\"EUR\" \/>\n<meta property=\"og:availability\" content=\"out of stock\" \/>\n<meta property=\"product:availability\" content=\"out of stock\" \/>\n<meta property=\"product:condition\" content=\"new\" \/>\n<!-- \/ Yoast SEO plugin. -->","yoast_head_json":{"title":"Metolius Rope Hook gancio corda - Sestogrado","description":"Il Metolius Rope Hook \u00e8 un gancio da utilizzare nelle soste per raccogliere in modo ordinato la corda o le corde. Consente una rapida ripartenza.","robots":{"index":"index","follow":"follow","max-snippet":"max-snippet:-1","max-image-preview":"max-image-preview:large","max-video-preview":"max-video-preview:-1"},"canonical":"https:\/\/www.sestogrado.it\/it\/prodotto\/metolius-rope-hook-gancio-corda\/","og_locale":"it_IT","og_type":"article","og_title":"Metolius Rope Hook gancio corda - Sestogrado","og_description":"Il Metolius Rope Hook \u00e8 un gancio da utilizzare nelle soste per raccogliere in modo ordinato la corda o le corde. Consente una rapida ripartenza.","og_url":"https:\/\/www.sestogrado.it\/it\/prodotto\/metolius-rope-hook-gancio-corda\/","og_site_name":"Sestogrado","article_publisher":"https:\/\/www.facebook.com\/pages\/Sestogrado\/1542635979353017?ref=bookmarks","article_modified_time":"2025-09-29T09:31:50+00:00","og_image":[{"width":1376,"height":1835,"url":"https:\/\/www.sestogrado.it\/wp-content\/uploads\/2016\/06\/01-16.jpg","type":"image\/jpeg"}],"twitter_misc":{"Prezzo":"&euro;&nbsp;21,90","Disponibilit\u00e0":"Esaurito"},"schema":{"@context":"https:\/\/schema.org","@graph":[{"@type":"WebPage","@id":"https:\/\/www.sestogrado.it\/it\/prodotto\/metolius-rope-hook-gancio-corda\/","url":"https:\/\/www.sestogrado.it\/it\/prodotto\/metolius-rope-hook-gancio-corda\/","name":"Metolius Rope Hook gancio corda - Sestogrado","isPartOf":{"@id":"https:\/\/www.sestogrado.it\/it\/#website"},"primaryImageOfPage":{"@id":"https:\/\/www.sestogrado.it\/it\/prodotto\/metolius-rope-hook-gancio-corda\/#primaryimage"},"image":{"@id":"https:\/\/www.sestogrado.it\/prodotto\/metolius-rope-hook-gancio-corda\/#primaryimage"},"thumbnailUrl":"https:\/\/www.sestogrado.it\/wp-content\/uploads\/2016\/06\/01-16.jpg","datePublished":"2016-06-14T07:24:04+00:00","dateModified":"2025-09-29T09:31:50+00:00","description":"Il Metolius Rope Hook \u00e8 un gancio da utilizzare nelle soste per raccogliere in modo ordinato la corda o le corde. Consente una rapida ripartenza.","breadcrumb":{"@id":"https:\/\/www.sestogrado.it\/it\/prodotto\/metolius-rope-hook-gancio-corda\/#breadcrumb"},"inLanguage":"it-IT","potentialAction":[{"@type":"ReadAction","target":[["https:\/\/www.sestogrado.it\/it\/prodotto\/metolius-rope-hook-gancio-corda\/"]]}]},{"@type":"ImageObject","inLanguage":"it-IT","@id":"https:\/\/www.sestogrado.it\/it\/prodotto\/metolius-rope-hook-gancio-corda\/#primaryimage","url":"https:\/\/www.sestogrado.it\/wp-content\/uploads\/2016\/06\/01-16.jpg","contentUrl":"https:\/\/www.sestogrado.it\/wp-content\/uploads\/2016\/06\/01-16.jpg","width":1376,"height":1835,"caption":"metolius rope hook"},{"@type":"BreadcrumbList","@id":"https:\/\/www.sestogrado.it\/it\/prodotto\/metolius-rope-hook-gancio-corda\/#breadcrumb","itemListElement":[{"@type":"ListItem","position":1,"name":"Home","item":"https:\/\/www.sestogrado.it\/it\/"},{"@type":"ListItem","position":2,"name":"Shop","item":"https:\/\/www.sestogrado.it\/it\/shop\/"},{"@type":"ListItem","position":3,"name":"Metolius Rope Hook gancio corda"}]},{"@type":"WebSite","@id":"https:\/\/www.sestogrado.it\/it\/#website","url":"https:\/\/www.sestogrado.it\/it\/","name":"Sestogrado","description":"yes we climb","publisher":{"@id":"https:\/\/www.sestogrado.it\/it\/#organization"},"potentialAction":[{"@type":"SearchAction","target":{"@type":"EntryPoint","urlTemplate":"https:\/\/www.sestogrado.it\/it\/?s={search_term_string}"},"query-input":{"@type":"PropertyValueSpecification","valueRequired":true,"valueName":"search_term_string"}}],"inLanguage":"it-IT"},{"@type":"Organization","@id":"https:\/\/www.sestogrado.it\/it\/#organization","name":"Sestogrado","url":"https:\/\/www.sestogrado.it\/it\/","logo":{"@type":"ImageObject","inLanguage":"it-IT","@id":"https:\/\/www.sestogrado.it\/it\/#\/schema\/logo\/image\/","url":"https:\/\/www.sestogrado.it\/wp-content\/uploads\/2015\/03\/sestogrado-favicon.png","contentUrl":"https:\/\/www.sestogrado.it\/wp-content\/uploads\/2015\/03\/sestogrado-favicon.png","width":260,"height":260,"caption":"Sestogrado"},"image":{"@id":"https:\/\/www.sestogrado.it\/it\/#\/schema\/logo\/image\/"},"sameAs":["https:\/\/www.facebook.com\/pages\/Sestogrado\/1542635979353017?ref=bookmarks","https:\/\/www.youtube.com\/channel\/UC847kAfTkaJsWpc1jtQwr3Q"],"hasMerchantReturnPolicy":{"@type":"MerchantReturnPolicy","merchantReturnLink":"https:\/\/www.sestogrado.it\/it\/termini-e-condizioni\/"}}]},"product_brand":"Metolius","product_price_amount":"21.90","product_price_currency":"EUR","og_availability":"out of stock","product_availability":"out of stock","product_condition":"new"},"_links":{"self":[{"href":"https:\/\/www.sestogrado.it\/it\/wp-json\/wp\/v2\/product\/7154","targetHints":{"allow":["GET"]}}],"collection":[{"href":"https:\/\/www.sestogrado.it\/it\/wp-json\/wp\/v2\/product"}],"about":[{"href":"https:\/\/www.sestogrado.it\/it\/wp-json\/wp\/v2\/types\/product"}],"replies":[{"embeddable":true,"href":"https:\/\/www.sestogrado.it\/it\/wp-json\/wp\/v2\/comments?post=7154"}],"wp:featuredmedia":[{"embeddable":true,"href":"https:\/\/www.sestogrado.it\/it\/wp-json\/wp\/v2\/media\/7155"}],"wp:attachment":[{"href":"https:\/\/www.sestogrado.it\/it\/wp-json\/wp\/v2\/media?parent=7154"}],"wp:term":[{"taxonomy":"product_brand","embeddable":true,"href":"https:\/\/www.sestogrado.it\/it\/wp-json\/wp\/v2\/product_brand?post=7154"},{"taxonomy":"product_cat","embeddable":true,"href":"https:\/\/www.sestogrado.it\/it\/wp-json\/wp\/v2\/product_cat?post=7154"},{"taxonomy":"product_tag","embeddable":true,"href":"https:\/\/www.sestogrado.it\/it\/wp-json\/wp\/v2\/product_tag?post=7154"}],"curies":[{"name":"wp","href":"https:\/\/api.w.org\/{rel}","templated":true}]}}