{"id":7077,"date":"2016-06-09T16:14:23","date_gmt":"2016-06-09T14:14:23","guid":{"rendered":"http:\/\/www.sestogrado.it\/?post_type=product&#038;p=7077"},"modified":"2025-08-22T08:19:38","modified_gmt":"2025-08-22T06:19:38","slug":"metolius-project-trave-arrampicata","status":"publish","type":"product","link":"https:\/\/www.sestogrado.it\/it\/prodotto\/metolius-project-trave-arrampicata\/","title":{"rendered":"Metolius Project trave arrampicata"},"content":{"rendered":"<p>Il Metolius Project \u00e8 una trave da arrampicata compatta che offre numerose possibilit\u00e0 di allenamento in poco spazio.<\/p>\n<p>Il Project \u00e8 la soluzione ideale per il climber medio evoluto che vuole progredire, allenando mani e braccia, senza strafare ed evitando infortuni.\u00a0Le\u00a0prese sono disposte lungo un ampio arco che si assottiglia verso l&#8217;esterno e verso il basso per una migliore ergonomia e minore usura, la resina di cui \u00e8 composto il Metolius Project \u00e8 fine e non rovina la pelle.<\/p>\n<p>&nbsp;<\/p>\n<ul>\n<li>ricavata in un&#8217;unico blocco di resina tramite la tecnologia CNC per una perfetta simmetria<\/li>\n<li>prese su tutta la trave dall&#8217;alto in basso per un perfetto allenamento dell&#8217;avambraccio<\/li>\n<li>fresatura fine<\/li>\n<li>la confezione contiene viti e bulloni per il fissaggio<\/li>\n<li>disponibile in 3 colori<\/li>\n<li>misure 62,2 cm x 15,2 cm<\/li>\n<\/ul>\n<p>Il Metolius Project \u00e8 una trave compatta e completa dall&#8217;ottimo rapporto qualit\u00e0 prezzo.<\/p>\n<p>&nbsp;<\/p>\n<p>Metolius \u00e8 un\u2019azienda americana nata negli anni 80\u2019 da un gruppo di appassionati climber dello Smith Rock. Riunitisi in un garage nel nord America, nelle vicinanze del Metolius River, cominciarono a concretizzare le loro idee fino ad ottenere dei prodotti che oggi sono sinonimo di qualit\u00e0, sicurezza ed eccellenza. Metolius \u00e8 nota per la produzione di attrezzatura per allenamento all\u2019arrampicata, come travi e prese, di cui \u00e8 tuttora leader mondiale.<\/p>","protected":false},"excerpt":{"rendered":"<p>Il Metolius Project \u00e8 una trave da arrampicata compatta che offre numerose possibilit\u00e0 di allenamento in poco spazio. Il Project [&hellip;]<\/p>\n","protected":false},"featured_media":44651,"comment_status":"open","ping_status":"closed","template":"","meta":{"_acf_changed":false},"product_brand":[304],"product_cat":[303],"product_tag":[],"class_list":{"0":"post-7077","1":"product","2":"type-product","3":"status-publish","4":"has-post-thumbnail","6":"product_brand-metolius","7":"product_cat-allenamento","9":"first","10":"instock","11":"sale","12":"taxable","13":"shipping-taxable","14":"purchasable","15":"product-type-variable"},"acf":[],"yoast_head":"<!-- This site is optimized with the Yoast SEO plugin v26.4 - https:\/\/yoast.com\/wordpress\/plugins\/seo\/ -->\n<title>Metolius Project trave arrampicata - Sestogrado<\/title>\n<meta name=\"description\" content=\"Il Metolius Project \u00e8 una trave da arrampicata compatta che offre numerose possibilit\u00e0 di allenamento in poco spazio.Il Project \u00e8 la soluzione ideale per il climber medio evoluto che vuole progredire, allenando mani e braccia, senza strafare ed evitando infortuni.\u00a0Le\u00a0prese sono disposte lungo un ampio arco che si assottiglia verso l&#039;esterno e verso il basso per una migliore ergonomia e minore usura, la resina di cui \u00e8 composto il Metolius Project \u00e8 fine e non rovina la pelle.\" \/>\n<meta name=\"robots\" content=\"index, follow, max-snippet:-1, max-image-preview:large, max-video-preview:-1\" \/>\n<link rel=\"canonical\" href=\"https:\/\/www.sestogrado.it\/it\/prodotto\/metolius-project-trave-arrampicata\/\" \/>\n<meta property=\"og:locale\" content=\"it_IT\" \/>\n<meta property=\"og:type\" content=\"article\" \/>\n<meta property=\"og:title\" content=\"Metolius Project trave arrampicata - Sestogrado\" \/>\n<meta property=\"og:description\" content=\"Il Metolius Project \u00e8 una trave da arrampicata compatta che offre numerose possibilit\u00e0 di allenamento in poco spazio.Il Project \u00e8 la soluzione ideale per il climber medio evoluto che vuole progredire, allenando mani e braccia, senza strafare ed evitando infortuni.\u00a0Le\u00a0prese sono disposte lungo un ampio arco che si assottiglia verso l&#039;esterno e verso il basso per una migliore ergonomia e minore usura, la resina di cui \u00e8 composto il Metolius Project \u00e8 fine e non rovina la pelle.\" \/>\n<meta property=\"og:url\" content=\"https:\/\/www.sestogrado.it\/it\/prodotto\/metolius-project-trave-arrampicata\/\" \/>\n<meta property=\"og:site_name\" content=\"Sestogrado\" \/>\n<meta property=\"article:publisher\" content=\"https:\/\/www.facebook.com\/pages\/Sestogrado\/1542635979353017?ref=bookmarks\" \/>\n<meta property=\"article:modified_time\" content=\"2025-08-22T06:19:38+00:00\" \/>\n<meta property=\"og:image\" content=\"https:\/\/www.sestogrado.it\/wp-content\/uploads\/2016\/06\/project-01.jpg\" \/>\n\t<meta property=\"og:image:width\" content=\"1100\" \/>\n\t<meta property=\"og:image:height\" content=\"1100\" \/>\n\t<meta property=\"og:image:type\" content=\"image\/jpeg\" \/>\n<meta name=\"twitter:label1\" content=\"Disponibilit\u00e0\" \/>\n\t<meta name=\"twitter:data1\" content=\"In stock\" \/>\n<script type=\"application\/ld+json\" class=\"yoast-schema-graph\">{\"@context\":\"https:\/\/schema.org\",\"@graph\":[{\"@type\":\"WebPage\",\"@id\":\"https:\/\/www.sestogrado.it\/it\/prodotto\/metolius-project-trave-arrampicata\/\",\"url\":\"https:\/\/www.sestogrado.it\/it\/prodotto\/metolius-project-trave-arrampicata\/\",\"name\":\"Metolius Project trave arrampicata - Sestogrado\",\"isPartOf\":{\"@id\":\"https:\/\/www.sestogrado.it\/it\/#website\"},\"primaryImageOfPage\":{\"@id\":\"https:\/\/www.sestogrado.it\/it\/prodotto\/metolius-project-trave-arrampicata\/#primaryimage\"},\"image\":{\"@id\":\"https:\/\/www.sestogrado.it\/prodotto\/metolius-project-trave-arrampicata\/#primaryimage\"},\"thumbnailUrl\":\"https:\/\/www.sestogrado.it\/wp-content\/uploads\/2016\/06\/project-01.jpg\",\"datePublished\":\"2016-06-09T14:14:23+00:00\",\"dateModified\":\"2025-08-22T06:19:38+00:00\",\"description\":\"Il Metolius Project \u00e8 una trave da arrampicata compatta che offre numerose possibilit\u00e0 di allenamento in poco spazio.Il Project \u00e8 la soluzione ideale per il climber medio evoluto che vuole progredire, allenando mani e braccia, senza strafare ed evitando infortuni.\u00a0Le\u00a0prese sono disposte lungo un ampio arco che si assottiglia verso l'esterno e verso il basso per una migliore ergonomia e minore usura, la resina di cui \u00e8 composto il Metolius Project \u00e8 fine e non rovina la pelle.\",\"breadcrumb\":{\"@id\":\"https:\/\/www.sestogrado.it\/it\/prodotto\/metolius-project-trave-arrampicata\/#breadcrumb\"},\"inLanguage\":\"it-IT\",\"potentialAction\":[{\"@type\":\"ReadAction\",\"target\":[[\"https:\/\/www.sestogrado.it\/it\/prodotto\/metolius-project-trave-arrampicata\/\"]]}]},{\"@type\":\"ImageObject\",\"inLanguage\":\"it-IT\",\"@id\":\"https:\/\/www.sestogrado.it\/it\/prodotto\/metolius-project-trave-arrampicata\/#primaryimage\",\"url\":\"https:\/\/www.sestogrado.it\/wp-content\/uploads\/2016\/06\/project-01.jpg\",\"contentUrl\":\"https:\/\/www.sestogrado.it\/wp-content\/uploads\/2016\/06\/project-01.jpg\",\"width\":1100,\"height\":1100,\"caption\":\"metolius project\"},{\"@type\":\"BreadcrumbList\",\"@id\":\"https:\/\/www.sestogrado.it\/it\/prodotto\/metolius-project-trave-arrampicata\/#breadcrumb\",\"itemListElement\":[{\"@type\":\"ListItem\",\"position\":1,\"name\":\"Home\",\"item\":\"https:\/\/www.sestogrado.it\/it\/\"},{\"@type\":\"ListItem\",\"position\":2,\"name\":\"Shop\",\"item\":\"https:\/\/www.sestogrado.it\/it\/shop\/\"},{\"@type\":\"ListItem\",\"position\":3,\"name\":\"Metolius Project trave arrampicata\"}]},{\"@type\":\"WebSite\",\"@id\":\"https:\/\/www.sestogrado.it\/it\/#website\",\"url\":\"https:\/\/www.sestogrado.it\/it\/\",\"name\":\"Sestogrado\",\"description\":\"yes we climb\",\"publisher\":{\"@id\":\"https:\/\/www.sestogrado.it\/it\/#organization\"},\"potentialAction\":[{\"@type\":\"SearchAction\",\"target\":{\"@type\":\"EntryPoint\",\"urlTemplate\":\"https:\/\/www.sestogrado.it\/it\/?s={search_term_string}\"},\"query-input\":{\"@type\":\"PropertyValueSpecification\",\"valueRequired\":true,\"valueName\":\"search_term_string\"}}],\"inLanguage\":\"it-IT\"},{\"@type\":\"Organization\",\"@id\":\"https:\/\/www.sestogrado.it\/it\/#organization\",\"name\":\"Sestogrado\",\"url\":\"https:\/\/www.sestogrado.it\/it\/\",\"logo\":{\"@type\":\"ImageObject\",\"inLanguage\":\"it-IT\",\"@id\":\"https:\/\/www.sestogrado.it\/it\/#\/schema\/logo\/image\/\",\"url\":\"https:\/\/www.sestogrado.it\/wp-content\/uploads\/2015\/03\/sestogrado-favicon.png\",\"contentUrl\":\"https:\/\/www.sestogrado.it\/wp-content\/uploads\/2015\/03\/sestogrado-favicon.png\",\"width\":260,\"height\":260,\"caption\":\"Sestogrado\"},\"image\":{\"@id\":\"https:\/\/www.sestogrado.it\/it\/#\/schema\/logo\/image\/\"},\"sameAs\":[\"https:\/\/www.facebook.com\/pages\/Sestogrado\/1542635979353017?ref=bookmarks\",\"https:\/\/www.youtube.com\/channel\/UC847kAfTkaJsWpc1jtQwr3Q\"],\"hasMerchantReturnPolicy\":{\"@type\":\"MerchantReturnPolicy\",\"merchantReturnLink\":\"https:\/\/www.sestogrado.it\/it\/termini-e-condizioni\/\"}}]}<\/script>\n<meta property=\"product:brand\" content=\"Metolius\" \/>\n<meta property=\"og:availability\" content=\"instock\" \/>\n<meta property=\"product:availability\" content=\"instock\" \/>\n<meta property=\"product:condition\" content=\"new\" \/>\n<!-- \/ Yoast SEO plugin. -->","yoast_head_json":{"title":"Metolius Project trave arrampicata - Sestogrado","description":"Il Metolius Project \u00e8 una trave da arrampicata compatta che offre numerose possibilit\u00e0 di allenamento in poco spazio.Il Project \u00e8 la soluzione ideale per il climber medio evoluto che vuole progredire, allenando mani e braccia, senza strafare ed evitando infortuni.\u00a0Le\u00a0prese sono disposte lungo un ampio arco che si assottiglia verso l'esterno e verso il basso per una migliore ergonomia e minore usura, la resina di cui \u00e8 composto il Metolius Project \u00e8 fine e non rovina la pelle.","robots":{"index":"index","follow":"follow","max-snippet":"max-snippet:-1","max-image-preview":"max-image-preview:large","max-video-preview":"max-video-preview:-1"},"canonical":"https:\/\/www.sestogrado.it\/it\/prodotto\/metolius-project-trave-arrampicata\/","og_locale":"it_IT","og_type":"article","og_title":"Metolius Project trave arrampicata - Sestogrado","og_description":"Il Metolius Project \u00e8 una trave da arrampicata compatta che offre numerose possibilit\u00e0 di allenamento in poco spazio.Il Project \u00e8 la soluzione ideale per il climber medio evoluto che vuole progredire, allenando mani e braccia, senza strafare ed evitando infortuni.\u00a0Le\u00a0prese sono disposte lungo un ampio arco che si assottiglia verso l'esterno e verso il basso per una migliore ergonomia e minore usura, la resina di cui \u00e8 composto il Metolius Project \u00e8 fine e non rovina la pelle.","og_url":"https:\/\/www.sestogrado.it\/it\/prodotto\/metolius-project-trave-arrampicata\/","og_site_name":"Sestogrado","article_publisher":"https:\/\/www.facebook.com\/pages\/Sestogrado\/1542635979353017?ref=bookmarks","article_modified_time":"2025-08-22T06:19:38+00:00","og_image":[{"width":1100,"height":1100,"url":"https:\/\/www.sestogrado.it\/wp-content\/uploads\/2016\/06\/project-01.jpg","type":"image\/jpeg"}],"twitter_misc":{"Disponibilit\u00e0":"In stock"},"schema":{"@context":"https:\/\/schema.org","@graph":[{"@type":"WebPage","@id":"https:\/\/www.sestogrado.it\/it\/prodotto\/metolius-project-trave-arrampicata\/","url":"https:\/\/www.sestogrado.it\/it\/prodotto\/metolius-project-trave-arrampicata\/","name":"Metolius Project trave arrampicata - Sestogrado","isPartOf":{"@id":"https:\/\/www.sestogrado.it\/it\/#website"},"primaryImageOfPage":{"@id":"https:\/\/www.sestogrado.it\/it\/prodotto\/metolius-project-trave-arrampicata\/#primaryimage"},"image":{"@id":"https:\/\/www.sestogrado.it\/prodotto\/metolius-project-trave-arrampicata\/#primaryimage"},"thumbnailUrl":"https:\/\/www.sestogrado.it\/wp-content\/uploads\/2016\/06\/project-01.jpg","datePublished":"2016-06-09T14:14:23+00:00","dateModified":"2025-08-22T06:19:38+00:00","description":"Il Metolius Project \u00e8 una trave da arrampicata compatta che offre numerose possibilit\u00e0 di allenamento in poco spazio.Il Project \u00e8 la soluzione ideale per il climber medio evoluto che vuole progredire, allenando mani e braccia, senza strafare ed evitando infortuni.\u00a0Le\u00a0prese sono disposte lungo un ampio arco che si assottiglia verso l'esterno e verso il basso per una migliore ergonomia e minore usura, la resina di cui \u00e8 composto il Metolius Project \u00e8 fine e non rovina la pelle.","breadcrumb":{"@id":"https:\/\/www.sestogrado.it\/it\/prodotto\/metolius-project-trave-arrampicata\/#breadcrumb"},"inLanguage":"it-IT","potentialAction":[{"@type":"ReadAction","target":[["https:\/\/www.sestogrado.it\/it\/prodotto\/metolius-project-trave-arrampicata\/"]]}]},{"@type":"ImageObject","inLanguage":"it-IT","@id":"https:\/\/www.sestogrado.it\/it\/prodotto\/metolius-project-trave-arrampicata\/#primaryimage","url":"https:\/\/www.sestogrado.it\/wp-content\/uploads\/2016\/06\/project-01.jpg","contentUrl":"https:\/\/www.sestogrado.it\/wp-content\/uploads\/2016\/06\/project-01.jpg","width":1100,"height":1100,"caption":"metolius project"},{"@type":"BreadcrumbList","@id":"https:\/\/www.sestogrado.it\/it\/prodotto\/metolius-project-trave-arrampicata\/#breadcrumb","itemListElement":[{"@type":"ListItem","position":1,"name":"Home","item":"https:\/\/www.sestogrado.it\/it\/"},{"@type":"ListItem","position":2,"name":"Shop","item":"https:\/\/www.sestogrado.it\/it\/shop\/"},{"@type":"ListItem","position":3,"name":"Metolius Project trave arrampicata"}]},{"@type":"WebSite","@id":"https:\/\/www.sestogrado.it\/it\/#website","url":"https:\/\/www.sestogrado.it\/it\/","name":"Sestogrado","description":"yes we climb","publisher":{"@id":"https:\/\/www.sestogrado.it\/it\/#organization"},"potentialAction":[{"@type":"SearchAction","target":{"@type":"EntryPoint","urlTemplate":"https:\/\/www.sestogrado.it\/it\/?s={search_term_string}"},"query-input":{"@type":"PropertyValueSpecification","valueRequired":true,"valueName":"search_term_string"}}],"inLanguage":"it-IT"},{"@type":"Organization","@id":"https:\/\/www.sestogrado.it\/it\/#organization","name":"Sestogrado","url":"https:\/\/www.sestogrado.it\/it\/","logo":{"@type":"ImageObject","inLanguage":"it-IT","@id":"https:\/\/www.sestogrado.it\/it\/#\/schema\/logo\/image\/","url":"https:\/\/www.sestogrado.it\/wp-content\/uploads\/2015\/03\/sestogrado-favicon.png","contentUrl":"https:\/\/www.sestogrado.it\/wp-content\/uploads\/2015\/03\/sestogrado-favicon.png","width":260,"height":260,"caption":"Sestogrado"},"image":{"@id":"https:\/\/www.sestogrado.it\/it\/#\/schema\/logo\/image\/"},"sameAs":["https:\/\/www.facebook.com\/pages\/Sestogrado\/1542635979353017?ref=bookmarks","https:\/\/www.youtube.com\/channel\/UC847kAfTkaJsWpc1jtQwr3Q"],"hasMerchantReturnPolicy":{"@type":"MerchantReturnPolicy","merchantReturnLink":"https:\/\/www.sestogrado.it\/it\/termini-e-condizioni\/"}}]},"product_brand":"Metolius","og_availability":"instock","product_availability":"instock","product_condition":"new"},"_links":{"self":[{"href":"https:\/\/www.sestogrado.it\/it\/wp-json\/wp\/v2\/product\/7077","targetHints":{"allow":["GET"]}}],"collection":[{"href":"https:\/\/www.sestogrado.it\/it\/wp-json\/wp\/v2\/product"}],"about":[{"href":"https:\/\/www.sestogrado.it\/it\/wp-json\/wp\/v2\/types\/product"}],"replies":[{"embeddable":true,"href":"https:\/\/www.sestogrado.it\/it\/wp-json\/wp\/v2\/comments?post=7077"}],"wp:featuredmedia":[{"embeddable":true,"href":"https:\/\/www.sestogrado.it\/it\/wp-json\/wp\/v2\/media\/44651"}],"wp:attachment":[{"href":"https:\/\/www.sestogrado.it\/it\/wp-json\/wp\/v2\/media?parent=7077"}],"wp:term":[{"taxonomy":"product_brand","embeddable":true,"href":"https:\/\/www.sestogrado.it\/it\/wp-json\/wp\/v2\/product_brand?post=7077"},{"taxonomy":"product_cat","embeddable":true,"href":"https:\/\/www.sestogrado.it\/it\/wp-json\/wp\/v2\/product_cat?post=7077"},{"taxonomy":"product_tag","embeddable":true,"href":"https:\/\/www.sestogrado.it\/it\/wp-json\/wp\/v2\/product_tag?post=7077"}],"curies":[{"name":"wp","href":"https:\/\/api.w.org\/{rel}","templated":true}]}}