{"id":6966,"date":"2022-05-13T09:31:56","date_gmt":"2022-05-13T07:31:56","guid":{"rendered":"http:\/\/www.sestogrado.it\/?post_type=product&#038;p=6966"},"modified":"2026-04-01T13:39:41","modified_gmt":"2026-04-01T11:39:41","slug":"black-diamond-wired-hexentric-set-4-10-dadi-ancoraggi","status":"publish","type":"product","link":"https:\/\/www.sestogrado.it\/it\/prodotto\/black-diamond-wired-hexentric-set-4-10-dadi-ancoraggi\/","title":{"rendered":"Black Diamond Wired Hexentric Set 4-10 dadi eccentrici"},"content":{"rendered":"<p>I Black Diamond Wired Hexentric Set 4-10 sono un set composto dalle 7 misure pi\u00f9 diffuse di dadi eccentrici.<\/p>\n<p>Classici, semplici, leggeri e funzionali, gli eccentrici di Black Diamond funzionano bene in quelle fessure, tasche, dove i normali friends fanno fatica ad incastrarsi. Con una sezione asimmetrica poligonale offrono diverse possibilit\u00e0 di incastro,\u00a0il cavetto d&#8217;acciaio galvanizzato passante oltre che sicuro, li rende maneggevoli durate l&#8217;uso. Ogni misura corrisponde ad un colore in modo da scegliere in un attimo quello giusto. Il set \u00e8 composto da 7 pezzi che vanno dal n. 4 al 10.<\/p>\n<ul>\n<li><strong>testa in alluminio\u00a06061 T-6<\/strong> eccentrica<\/li>\n<li>cavo in acciaio galvanizzato<\/li>\n<li>ampio range di inserimento<\/li>\n<li><strong>moschettone tipo <a href=\"https:\/\/www.sestogrado.it\/it\/prodotto\/black-diamond-litewire-rackpack-set-moschettoni\/\" target=\"_blank\" rel=\"noopener\">Litewire nero<\/a> incluso<\/strong><\/li>\n<\/ul>\n<p>I Black Diamond\u00a0Wired Hexentric sono consigliati per fessure medio grandi.<\/p>\n<p>&nbsp;<\/p>\n<p>Black Diamond dal 1957 rappresenta un punto di riferimento mondiale per l\u2019attrezzatura da arrampicata. Ci\u00f2 che all\u2019inizio era una attivit\u00e0 artigianale con incudine e martello oggi si \u00e8 trasformata in una societ\u00e0 globale con uffici in tre continenti. Il segreto di Black Diamond \u00e8 sempre lo stesso: essere una societ\u00e0 formata da appassionati climber. In Black Diamond si continua a sognare su ci\u00f2 che potrebbe essere e si continua ad essere critici su ci\u00f2 che esiste. E\u2019 cos\u00ec che il processo creativo per la realizzazione della migliore attrezzatura da arrampicata non avr\u00e0 mai fine.<\/p>","protected":false},"excerpt":{"rendered":"<p>I Black Diamond Wired Hexentric Set 4-10 sono un set composto dalle 7 misure pi\u00f9 diffuse di dadi eccentrici. Classici, [&hellip;]<\/p>\n","protected":false},"featured_media":101716,"comment_status":"open","ping_status":"closed","template":"","meta":{"_acf_changed":false},"product_brand":[121],"product_cat":[135],"product_tag":[],"class_list":{"0":"post-6966","1":"product","2":"type-product","3":"status-publish","4":"has-post-thumbnail","6":"product_brand-black-diamond","7":"product_cat-friends-e-nuts","9":"first","10":"instock","11":"sale","12":"taxable","13":"shipping-taxable","14":"purchasable","15":"product-type-simple"},"acf":[],"yoast_head":"<!-- This site is optimized with the Yoast SEO plugin v26.4 - https:\/\/yoast.com\/wordpress\/plugins\/seo\/ -->\n<title>Black Diamond Wired Hexentric Set 4-10 dadi eccentrici - Sestogrado<\/title>\n<meta name=\"description\" content=\"I Black Diamond Wired Hexentric Set 4-10 sono un set composto dalle 7 misure pi\u00f9 diffuse di dadi eccentrici. Classici, semplici, leggeri e funzionali, gli eccentrici di Black Diamond funzionano bene in quelle fessure, tasche, dove i normali friends fanno fatica ad incastrarsi. Con una sezione asimmetrica poligonale offrono diverse possibilit\u00e0 di incastro,\u00a0il cavetto d&#039;acciaio galvanizzato passante oltre che sicuro, li rende maneggevoli durate l&#039;uso. Ogni misura corrisponde ad un colore in modo da scegliere in un attimo quello giusto. Il set \u00e8 composto da 7 pezzi che vanno dal n. 4 al 10.\" \/>\n<meta name=\"robots\" content=\"index, follow, max-snippet:-1, max-image-preview:large, max-video-preview:-1\" \/>\n<link rel=\"canonical\" href=\"https:\/\/www.sestogrado.it\/it\/prodotto\/black-diamond-wired-hexentric-set-4-10-dadi-ancoraggi\/\" \/>\n<meta property=\"og:locale\" content=\"it_IT\" \/>\n<meta property=\"og:type\" content=\"article\" \/>\n<meta property=\"og:title\" content=\"Black Diamond Wired Hexentric Set 4-10 dadi eccentrici - Sestogrado\" \/>\n<meta property=\"og:description\" content=\"I Black Diamond Wired Hexentric Set 4-10 sono un set composto dalle 7 misure pi\u00f9 diffuse di dadi eccentrici. Classici, semplici, leggeri e funzionali, gli eccentrici di Black Diamond funzionano bene in quelle fessure, tasche, dove i normali friends fanno fatica ad incastrarsi. Con una sezione asimmetrica poligonale offrono diverse possibilit\u00e0 di incastro,\u00a0il cavetto d&#039;acciaio galvanizzato passante oltre che sicuro, li rende maneggevoli durate l&#039;uso. Ogni misura corrisponde ad un colore in modo da scegliere in un attimo quello giusto. Il set \u00e8 composto da 7 pezzi che vanno dal n. 4 al 10.\" \/>\n<meta property=\"og:url\" content=\"https:\/\/www.sestogrado.it\/it\/prodotto\/black-diamond-wired-hexentric-set-4-10-dadi-ancoraggi\/\" \/>\n<meta property=\"og:site_name\" content=\"Sestogrado\" \/>\n<meta property=\"article:publisher\" content=\"https:\/\/www.facebook.com\/pages\/Sestogrado\/1542635979353017?ref=bookmarks\" \/>\n<meta property=\"article:modified_time\" content=\"2026-04-01T11:39:41+00:00\" \/>\n<meta property=\"og:image\" content=\"https:\/\/www.sestogrado.it\/wp-content\/uploads\/2016\/06\/3d9da52ca1250aa40e91e821f7a269cd9b762443__22072.jpg\" \/>\n\t<meta property=\"og:image:width\" content=\"1500\" \/>\n\t<meta property=\"og:image:height\" content=\"1500\" \/>\n\t<meta property=\"og:image:type\" content=\"image\/jpeg\" \/>\n<meta name=\"twitter:label1\" content=\"Prezzo\" \/>\n\t<meta name=\"twitter:data1\" content=\"&euro;&nbsp;89,90\" \/>\n\t<meta name=\"twitter:label2\" content=\"Disponibilit\u00e0\" \/>\n\t<meta name=\"twitter:data2\" content=\"In stock\" \/>\n<script type=\"application\/ld+json\" class=\"yoast-schema-graph\">{\"@context\":\"https:\/\/schema.org\",\"@graph\":[{\"@type\":\"WebPage\",\"@id\":\"https:\/\/www.sestogrado.it\/it\/prodotto\/black-diamond-wired-hexentric-set-4-10-dadi-ancoraggi\/\",\"url\":\"https:\/\/www.sestogrado.it\/it\/prodotto\/black-diamond-wired-hexentric-set-4-10-dadi-ancoraggi\/\",\"name\":\"Black Diamond Wired Hexentric Set 4-10 dadi eccentrici - Sestogrado\",\"isPartOf\":{\"@id\":\"https:\/\/www.sestogrado.it\/it\/#website\"},\"primaryImageOfPage\":{\"@id\":\"https:\/\/www.sestogrado.it\/it\/prodotto\/black-diamond-wired-hexentric-set-4-10-dadi-ancoraggi\/#primaryimage\"},\"image\":{\"@id\":\"https:\/\/www.sestogrado.it\/prodotto\/black-diamond-wired-hexentric-set-4-10-dadi-ancoraggi\/#primaryimage\"},\"thumbnailUrl\":\"https:\/\/www.sestogrado.it\/wp-content\/uploads\/2016\/06\/3d9da52ca1250aa40e91e821f7a269cd9b762443__22072.jpg\",\"datePublished\":\"2022-05-13T07:31:56+00:00\",\"dateModified\":\"2026-04-01T11:39:41+00:00\",\"description\":\"I Black Diamond Wired Hexentric Set 4-10 sono un set composto dalle 7 misure pi\u00f9 diffuse di dadi eccentrici. Classici, semplici, leggeri e funzionali, gli eccentrici di Black Diamond funzionano bene in quelle fessure, tasche, dove i normali friends fanno fatica ad incastrarsi. Con una sezione asimmetrica poligonale offrono diverse possibilit\u00e0 di incastro,\u00a0il cavetto d'acciaio galvanizzato passante oltre che sicuro, li rende maneggevoli durate l'uso. Ogni misura corrisponde ad un colore in modo da scegliere in un attimo quello giusto. Il set \u00e8 composto da 7 pezzi che vanno dal n. 4 al 10.\",\"breadcrumb\":{\"@id\":\"https:\/\/www.sestogrado.it\/it\/prodotto\/black-diamond-wired-hexentric-set-4-10-dadi-ancoraggi\/#breadcrumb\"},\"inLanguage\":\"it-IT\",\"potentialAction\":[{\"@type\":\"ReadAction\",\"target\":[[\"https:\/\/www.sestogrado.it\/it\/prodotto\/black-diamond-wired-hexentric-set-4-10-dadi-ancoraggi\/\"]]}]},{\"@type\":\"ImageObject\",\"inLanguage\":\"it-IT\",\"@id\":\"https:\/\/www.sestogrado.it\/it\/prodotto\/black-diamond-wired-hexentric-set-4-10-dadi-ancoraggi\/#primaryimage\",\"url\":\"https:\/\/www.sestogrado.it\/wp-content\/uploads\/2016\/06\/3d9da52ca1250aa40e91e821f7a269cd9b762443__22072.jpg\",\"contentUrl\":\"https:\/\/www.sestogrado.it\/wp-content\/uploads\/2016\/06\/3d9da52ca1250aa40e91e821f7a269cd9b762443__22072.jpg\",\"width\":1500,\"height\":1500,\"caption\":\"bd wired hexentric set 4-10\"},{\"@type\":\"BreadcrumbList\",\"@id\":\"https:\/\/www.sestogrado.it\/it\/prodotto\/black-diamond-wired-hexentric-set-4-10-dadi-ancoraggi\/#breadcrumb\",\"itemListElement\":[{\"@type\":\"ListItem\",\"position\":1,\"name\":\"Home\",\"item\":\"https:\/\/www.sestogrado.it\/it\/\"},{\"@type\":\"ListItem\",\"position\":2,\"name\":\"Shop\",\"item\":\"https:\/\/www.sestogrado.it\/it\/shop\/\"},{\"@type\":\"ListItem\",\"position\":3,\"name\":\"Black Diamond Wired Hexentric Set 4-10 dadi eccentrici\"}]},{\"@type\":\"WebSite\",\"@id\":\"https:\/\/www.sestogrado.it\/it\/#website\",\"url\":\"https:\/\/www.sestogrado.it\/it\/\",\"name\":\"Sestogrado\",\"description\":\"yes we climb\",\"publisher\":{\"@id\":\"https:\/\/www.sestogrado.it\/it\/#organization\"},\"potentialAction\":[{\"@type\":\"SearchAction\",\"target\":{\"@type\":\"EntryPoint\",\"urlTemplate\":\"https:\/\/www.sestogrado.it\/it\/?s={search_term_string}\"},\"query-input\":{\"@type\":\"PropertyValueSpecification\",\"valueRequired\":true,\"valueName\":\"search_term_string\"}}],\"inLanguage\":\"it-IT\"},{\"@type\":\"Organization\",\"@id\":\"https:\/\/www.sestogrado.it\/it\/#organization\",\"name\":\"Sestogrado\",\"url\":\"https:\/\/www.sestogrado.it\/it\/\",\"logo\":{\"@type\":\"ImageObject\",\"inLanguage\":\"it-IT\",\"@id\":\"https:\/\/www.sestogrado.it\/it\/#\/schema\/logo\/image\/\",\"url\":\"https:\/\/www.sestogrado.it\/wp-content\/uploads\/2015\/03\/sestogrado-favicon.png\",\"contentUrl\":\"https:\/\/www.sestogrado.it\/wp-content\/uploads\/2015\/03\/sestogrado-favicon.png\",\"width\":260,\"height\":260,\"caption\":\"Sestogrado\"},\"image\":{\"@id\":\"https:\/\/www.sestogrado.it\/it\/#\/schema\/logo\/image\/\"},\"sameAs\":[\"https:\/\/www.facebook.com\/pages\/Sestogrado\/1542635979353017?ref=bookmarks\",\"https:\/\/www.youtube.com\/channel\/UC847kAfTkaJsWpc1jtQwr3Q\"],\"hasMerchantReturnPolicy\":{\"@type\":\"MerchantReturnPolicy\",\"merchantReturnLink\":\"https:\/\/www.sestogrado.it\/it\/termini-e-condizioni\/\"}}]}<\/script>\n<meta property=\"product:brand\" content=\"Black Diamond\" \/>\n<meta property=\"product:price:amount\" content=\"89.90\" \/>\n<meta property=\"product:price:currency\" content=\"EUR\" \/>\n<meta property=\"og:availability\" content=\"instock\" \/>\n<meta property=\"product:availability\" content=\"instock\" \/>\n<meta property=\"product:condition\" content=\"new\" \/>\n<!-- \/ Yoast SEO plugin. -->","yoast_head_json":{"title":"Black Diamond Wired Hexentric Set 4-10 dadi eccentrici - Sestogrado","description":"I Black Diamond Wired Hexentric Set 4-10 sono un set composto dalle 7 misure pi\u00f9 diffuse di dadi eccentrici. Classici, semplici, leggeri e funzionali, gli eccentrici di Black Diamond funzionano bene in quelle fessure, tasche, dove i normali friends fanno fatica ad incastrarsi. Con una sezione asimmetrica poligonale offrono diverse possibilit\u00e0 di incastro,\u00a0il cavetto d'acciaio galvanizzato passante oltre che sicuro, li rende maneggevoli durate l'uso. Ogni misura corrisponde ad un colore in modo da scegliere in un attimo quello giusto. Il set \u00e8 composto da 7 pezzi che vanno dal n. 4 al 10.","robots":{"index":"index","follow":"follow","max-snippet":"max-snippet:-1","max-image-preview":"max-image-preview:large","max-video-preview":"max-video-preview:-1"},"canonical":"https:\/\/www.sestogrado.it\/it\/prodotto\/black-diamond-wired-hexentric-set-4-10-dadi-ancoraggi\/","og_locale":"it_IT","og_type":"article","og_title":"Black Diamond Wired Hexentric Set 4-10 dadi eccentrici - Sestogrado","og_description":"I Black Diamond Wired Hexentric Set 4-10 sono un set composto dalle 7 misure pi\u00f9 diffuse di dadi eccentrici. Classici, semplici, leggeri e funzionali, gli eccentrici di Black Diamond funzionano bene in quelle fessure, tasche, dove i normali friends fanno fatica ad incastrarsi. Con una sezione asimmetrica poligonale offrono diverse possibilit\u00e0 di incastro,\u00a0il cavetto d'acciaio galvanizzato passante oltre che sicuro, li rende maneggevoli durate l'uso. Ogni misura corrisponde ad un colore in modo da scegliere in un attimo quello giusto. Il set \u00e8 composto da 7 pezzi che vanno dal n. 4 al 10.","og_url":"https:\/\/www.sestogrado.it\/it\/prodotto\/black-diamond-wired-hexentric-set-4-10-dadi-ancoraggi\/","og_site_name":"Sestogrado","article_publisher":"https:\/\/www.facebook.com\/pages\/Sestogrado\/1542635979353017?ref=bookmarks","article_modified_time":"2026-04-01T11:39:41+00:00","og_image":[{"width":1500,"height":1500,"url":"https:\/\/www.sestogrado.it\/wp-content\/uploads\/2016\/06\/3d9da52ca1250aa40e91e821f7a269cd9b762443__22072.jpg","type":"image\/jpeg"}],"twitter_misc":{"Prezzo":"&euro;&nbsp;89,90","Disponibilit\u00e0":"In stock"},"schema":{"@context":"https:\/\/schema.org","@graph":[{"@type":"WebPage","@id":"https:\/\/www.sestogrado.it\/it\/prodotto\/black-diamond-wired-hexentric-set-4-10-dadi-ancoraggi\/","url":"https:\/\/www.sestogrado.it\/it\/prodotto\/black-diamond-wired-hexentric-set-4-10-dadi-ancoraggi\/","name":"Black Diamond Wired Hexentric Set 4-10 dadi eccentrici - Sestogrado","isPartOf":{"@id":"https:\/\/www.sestogrado.it\/it\/#website"},"primaryImageOfPage":{"@id":"https:\/\/www.sestogrado.it\/it\/prodotto\/black-diamond-wired-hexentric-set-4-10-dadi-ancoraggi\/#primaryimage"},"image":{"@id":"https:\/\/www.sestogrado.it\/prodotto\/black-diamond-wired-hexentric-set-4-10-dadi-ancoraggi\/#primaryimage"},"thumbnailUrl":"https:\/\/www.sestogrado.it\/wp-content\/uploads\/2016\/06\/3d9da52ca1250aa40e91e821f7a269cd9b762443__22072.jpg","datePublished":"2022-05-13T07:31:56+00:00","dateModified":"2026-04-01T11:39:41+00:00","description":"I Black Diamond Wired Hexentric Set 4-10 sono un set composto dalle 7 misure pi\u00f9 diffuse di dadi eccentrici. Classici, semplici, leggeri e funzionali, gli eccentrici di Black Diamond funzionano bene in quelle fessure, tasche, dove i normali friends fanno fatica ad incastrarsi. Con una sezione asimmetrica poligonale offrono diverse possibilit\u00e0 di incastro,\u00a0il cavetto d'acciaio galvanizzato passante oltre che sicuro, li rende maneggevoli durate l'uso. Ogni misura corrisponde ad un colore in modo da scegliere in un attimo quello giusto. Il set \u00e8 composto da 7 pezzi che vanno dal n. 4 al 10.","breadcrumb":{"@id":"https:\/\/www.sestogrado.it\/it\/prodotto\/black-diamond-wired-hexentric-set-4-10-dadi-ancoraggi\/#breadcrumb"},"inLanguage":"it-IT","potentialAction":[{"@type":"ReadAction","target":[["https:\/\/www.sestogrado.it\/it\/prodotto\/black-diamond-wired-hexentric-set-4-10-dadi-ancoraggi\/"]]}]},{"@type":"ImageObject","inLanguage":"it-IT","@id":"https:\/\/www.sestogrado.it\/it\/prodotto\/black-diamond-wired-hexentric-set-4-10-dadi-ancoraggi\/#primaryimage","url":"https:\/\/www.sestogrado.it\/wp-content\/uploads\/2016\/06\/3d9da52ca1250aa40e91e821f7a269cd9b762443__22072.jpg","contentUrl":"https:\/\/www.sestogrado.it\/wp-content\/uploads\/2016\/06\/3d9da52ca1250aa40e91e821f7a269cd9b762443__22072.jpg","width":1500,"height":1500,"caption":"bd wired hexentric set 4-10"},{"@type":"BreadcrumbList","@id":"https:\/\/www.sestogrado.it\/it\/prodotto\/black-diamond-wired-hexentric-set-4-10-dadi-ancoraggi\/#breadcrumb","itemListElement":[{"@type":"ListItem","position":1,"name":"Home","item":"https:\/\/www.sestogrado.it\/it\/"},{"@type":"ListItem","position":2,"name":"Shop","item":"https:\/\/www.sestogrado.it\/it\/shop\/"},{"@type":"ListItem","position":3,"name":"Black Diamond Wired Hexentric Set 4-10 dadi eccentrici"}]},{"@type":"WebSite","@id":"https:\/\/www.sestogrado.it\/it\/#website","url":"https:\/\/www.sestogrado.it\/it\/","name":"Sestogrado","description":"yes we climb","publisher":{"@id":"https:\/\/www.sestogrado.it\/it\/#organization"},"potentialAction":[{"@type":"SearchAction","target":{"@type":"EntryPoint","urlTemplate":"https:\/\/www.sestogrado.it\/it\/?s={search_term_string}"},"query-input":{"@type":"PropertyValueSpecification","valueRequired":true,"valueName":"search_term_string"}}],"inLanguage":"it-IT"},{"@type":"Organization","@id":"https:\/\/www.sestogrado.it\/it\/#organization","name":"Sestogrado","url":"https:\/\/www.sestogrado.it\/it\/","logo":{"@type":"ImageObject","inLanguage":"it-IT","@id":"https:\/\/www.sestogrado.it\/it\/#\/schema\/logo\/image\/","url":"https:\/\/www.sestogrado.it\/wp-content\/uploads\/2015\/03\/sestogrado-favicon.png","contentUrl":"https:\/\/www.sestogrado.it\/wp-content\/uploads\/2015\/03\/sestogrado-favicon.png","width":260,"height":260,"caption":"Sestogrado"},"image":{"@id":"https:\/\/www.sestogrado.it\/it\/#\/schema\/logo\/image\/"},"sameAs":["https:\/\/www.facebook.com\/pages\/Sestogrado\/1542635979353017?ref=bookmarks","https:\/\/www.youtube.com\/channel\/UC847kAfTkaJsWpc1jtQwr3Q"],"hasMerchantReturnPolicy":{"@type":"MerchantReturnPolicy","merchantReturnLink":"https:\/\/www.sestogrado.it\/it\/termini-e-condizioni\/"}}]},"product_brand":"Black Diamond","product_price_amount":"89.90","product_price_currency":"EUR","og_availability":"instock","product_availability":"instock","product_condition":"new"},"_links":{"self":[{"href":"https:\/\/www.sestogrado.it\/it\/wp-json\/wp\/v2\/product\/6966","targetHints":{"allow":["GET"]}}],"collection":[{"href":"https:\/\/www.sestogrado.it\/it\/wp-json\/wp\/v2\/product"}],"about":[{"href":"https:\/\/www.sestogrado.it\/it\/wp-json\/wp\/v2\/types\/product"}],"replies":[{"embeddable":true,"href":"https:\/\/www.sestogrado.it\/it\/wp-json\/wp\/v2\/comments?post=6966"}],"wp:featuredmedia":[{"embeddable":true,"href":"https:\/\/www.sestogrado.it\/it\/wp-json\/wp\/v2\/media\/101716"}],"wp:attachment":[{"href":"https:\/\/www.sestogrado.it\/it\/wp-json\/wp\/v2\/media?parent=6966"}],"wp:term":[{"taxonomy":"product_brand","embeddable":true,"href":"https:\/\/www.sestogrado.it\/it\/wp-json\/wp\/v2\/product_brand?post=6966"},{"taxonomy":"product_cat","embeddable":true,"href":"https:\/\/www.sestogrado.it\/it\/wp-json\/wp\/v2\/product_cat?post=6966"},{"taxonomy":"product_tag","embeddable":true,"href":"https:\/\/www.sestogrado.it\/it\/wp-json\/wp\/v2\/product_tag?post=6966"}],"curies":[{"name":"wp","href":"https:\/\/api.w.org\/{rel}","templated":true}]}}