{"id":6860,"date":"2025-06-30T08:20:24","date_gmt":"2025-06-30T06:20:24","guid":{"rendered":"http:\/\/www.sestogrado.it\/?post_type=product&#038;p=6860"},"modified":"2026-05-04T13:04:04","modified_gmt":"2026-05-04T11:04:04","slug":"beal-combi-ii-zaino-portacorda-arrampicata","status":"publish","type":"product","link":"https:\/\/www.sestogrado.it\/it\/prodotto\/beal-combi-ii-zaino-portacorda-arrampicata\/","title":{"rendered":"Beal Combi II zaino portacorda arrampicata"},"content":{"rendered":"<p><\/p>\n<p data-start=\"178\" data-end=\"433\">Il Beal Combi II \u00e8 una sacca portacorda pratica e funzionale, perfetta per trasportare una corda da 80 metri e tutta l\u2019attrezzatura necessaria. Con apertura frontale, telo integrato e tasche esterne, unisce semplicit\u00e0 ed efficienza per gli arrampicatori indoor o su falesia.<\/p>\n<p data-start=\"435\" data-end=\"562\">Il Combi II ha uno schienale rinforzato, per renderlo comodo negli avvicinamenti, apertura posteriore e sistema di trasporto migliorato. Due spallacci ergonomici garantiscono un trasporto confortevole anche durante gli avvicinamenti pi\u00f9 lunghi.<\/p>\n<ul data-start=\"593\" data-end=\"1181\">\n<li data-start=\"593\" data-end=\"684\">\n<p data-start=\"595\" data-end=\"684\">Capienza ideale: 35 litri, perfetta per una corda da 80 m e ulteriore attrezzatura.<\/p>\n<\/li>\n<li data-start=\"685\" data-end=\"756\">\n<p data-start=\"687\" data-end=\"756\">Apertura frontale: accesso rapido e comodo all\u2019equipaggiamento.<\/p>\n<\/li>\n<li data-start=\"757\" data-end=\"888\">\n<p data-start=\"759\" data-end=\"888\">Telo integrato (145 x 90 cm): protegge la corda dallo sporco e consente di legarne le estremit\u00e0 per una maggiore sicurezza.<\/p>\n<\/li>\n<li data-start=\"889\" data-end=\"975\">\n<p data-start=\"891\" data-end=\"975\">Trasporto confortevole: stile zaino con due spallacci ergonomici e regolabili.<\/p>\n<\/li>\n<li data-start=\"976\" data-end=\"1082\">\n<p data-start=\"978\" data-end=\"1082\">Organizzazione ottimizzata: tasca esterna con zip per le chiavi + tasca laterale per la borraccia.<\/p>\n<\/li>\n<li data-start=\"1083\" data-end=\"1102\">\n<p data-start=\"1085\" data-end=\"1102\">Peso: 700 g<\/p>\n<\/li>\n<li data-start=\"1103\" data-end=\"1181\">\n<p data-start=\"1105\" data-end=\"1181\">Dimensioni: 32,5 cm (larghezza) x 21,5 cm (profondit\u00e0) x 59 cm (altezza)<\/p>\n<\/li>\n<\/ul>\n<p>Il Beal Combi II offre un\u2019eccellente capacit\u00e0 di carico grazie alle sue tasche esterne, tra cui una con zip per le chiavi e un\u2019altra laterale per la borraccia.<br data-start=\"200\" data-end=\"203\" \/>Il grande telo integrato facilita lo spostamento della corda da una via all\u2019altra in modo pratico e veloce. \u00c8 il compagno ideale per trasportare una corda da 80 metri insieme a tutta l\u2019attrezzatura da arrampicata.<\/p>\n<p><img decoding=\"async\" class=\"size-full wp-image-21175 aligncenter\" src=\"https:\/\/www.sestogrado.it\/wp-content\/uploads\/2016\/05\/beal-combi-sacco-porta-corda-detail-3.jpg\" alt=\"beal combi telo\" width=\"600\" height=\"600\" srcset=\"https:\/\/www.sestogrado.it\/wp-content\/uploads\/2016\/05\/beal-combi-sacco-porta-corda-detail-3.jpg 600w, https:\/\/www.sestogrado.it\/wp-content\/uploads\/2016\/05\/beal-combi-sacco-porta-corda-detail-3-300x300.jpg 300w, https:\/\/www.sestogrado.it\/wp-content\/uploads\/2016\/05\/beal-combi-sacco-porta-corda-detail-3-100x100.jpg 100w, https:\/\/www.sestogrado.it\/wp-content\/uploads\/2016\/05\/beal-combi-sacco-porta-corda-detail-3-150x150.jpg 150w, https:\/\/www.sestogrado.it\/wp-content\/uploads\/2016\/05\/beal-combi-sacco-porta-corda-detail-3-220x220.jpg 220w, https:\/\/www.sestogrado.it\/wp-content\/uploads\/2016\/05\/beal-combi-sacco-porta-corda-detail-3-45x45.jpg 45w, https:\/\/www.sestogrado.it\/wp-content\/uploads\/2016\/05\/beal-combi-sacco-porta-corda-detail-3-64x64.jpg 64w\" sizes=\"(max-width: 600px) 100vw, 600px\" \/><\/p>\n<p style=\"text-align: center;\"><em>Telo formato 145cm X 90cm<\/em><\/p>\n<p>&nbsp;<\/p>\n<p>&nbsp;<\/p>\n<p>Beal \u00e8 leader mondiale nella produzione di corde da montagna grazie ad un avanzato sviluppo tecnologico nel processo \u00a0di fabbricazione che gli \u00e8 valso il certificato Iso 9001. Sempre attento alle esigenze degli arrampicatori, \u00e8 stato in grado di apportare dinamicit\u00e0 alla pratica dell&#8217;arrampicata grazie ad un&#8217;intensa attivit\u00e0 di ricerca. In particolare, Black Limit, Program System, trattamento Dry Cover, imbragature Aero, tecnologia Unicore.<\/p>","protected":false},"excerpt":{"rendered":"<p>Il Beal Combi II \u00e8 una sacca portacorda pratica e funzionale, perfetta per trasportare una corda da 80 metri e [&hellip;]<\/p>\n","protected":false},"featured_media":195134,"comment_status":"open","ping_status":"closed","template":"","meta":{"_acf_changed":false},"product_brand":[84],"product_cat":[390,392],"product_tag":[425],"class_list":{"0":"post-6860","1":"product","2":"type-product","3":"status-publish","4":"has-post-thumbnail","6":"product_brand-beal","7":"product_cat-zaini-e-borse-portacorda","8":"product_cat-borse-portacorda","9":"product_tag-zaino-portacorda","11":"first","12":"instock","13":"sale","14":"taxable","15":"shipping-taxable","16":"purchasable","17":"product-type-variable"},"acf":[],"yoast_head":"<!-- This site is optimized with the Yoast SEO plugin v26.4 - https:\/\/yoast.com\/wordpress\/plugins\/seo\/ -->\n<title>Beal Combi II zaino portacorda arrampicata - Sestogrado<\/title>\n<meta name=\"description\" content=\"Il Beal Combi II \u00e8 una sacca portacorda pratica e funzionale, perfetta per trasportare una corda da 80 metri e tutta l\u2019attrezzatura necessaria. Con apertura frontale, telo integrato e tasche esterne, unisce semplicit\u00e0 ed efficienza per gli arrampicatori indoor o su falesia.Il Combi II ha uno schienale rinforzato, per renderlo comodo negli avvicinamenti, apertura posteriore e sistema di trasporto migliorato. Due spallacci ergonomici garantiscono un trasporto confortevole anche durante gli avvicinamenti pi\u00f9 lunghi.\" \/>\n<meta name=\"robots\" content=\"index, follow, max-snippet:-1, max-image-preview:large, max-video-preview:-1\" \/>\n<link rel=\"canonical\" href=\"https:\/\/www.sestogrado.it\/it\/prodotto\/beal-combi-ii-zaino-portacorda-arrampicata\/\" \/>\n<meta property=\"og:locale\" content=\"it_IT\" \/>\n<meta property=\"og:type\" content=\"article\" \/>\n<meta property=\"og:title\" content=\"Beal Combi II zaino portacorda arrampicata - Sestogrado\" \/>\n<meta property=\"og:description\" content=\"Il Beal Combi II \u00e8 una sacca portacorda pratica e funzionale, perfetta per trasportare una corda da 80 metri e tutta l\u2019attrezzatura necessaria. Con apertura frontale, telo integrato e tasche esterne, unisce semplicit\u00e0 ed efficienza per gli arrampicatori indoor o su falesia.Il Combi II ha uno schienale rinforzato, per renderlo comodo negli avvicinamenti, apertura posteriore e sistema di trasporto migliorato. Due spallacci ergonomici garantiscono un trasporto confortevole anche durante gli avvicinamenti pi\u00f9 lunghi.\" \/>\n<meta property=\"og:url\" content=\"https:\/\/www.sestogrado.it\/it\/prodotto\/beal-combi-ii-zaino-portacorda-arrampicata\/\" \/>\n<meta property=\"og:site_name\" content=\"Sestogrado\" \/>\n<meta property=\"article:publisher\" content=\"https:\/\/www.facebook.com\/pages\/Sestogrado\/1542635979353017?ref=bookmarks\" \/>\n<meta property=\"article:modified_time\" content=\"2026-05-04T11:04:04+00:00\" \/>\n<meta property=\"og:image\" content=\"https:\/\/www.sestogrado.it\/wp-content\/uploads\/2022\/01\/02-viola.jpg\" \/>\n\t<meta property=\"og:image:width\" content=\"1200\" \/>\n\t<meta property=\"og:image:height\" content=\"1200\" \/>\n\t<meta property=\"og:image:type\" content=\"image\/jpeg\" \/>\n<meta name=\"twitter:label1\" content=\"Disponibilit\u00e0\" \/>\n\t<meta name=\"twitter:data1\" content=\"In stock\" \/>\n<script type=\"application\/ld+json\" class=\"yoast-schema-graph\">{\"@context\":\"https:\/\/schema.org\",\"@graph\":[{\"@type\":\"WebPage\",\"@id\":\"https:\/\/www.sestogrado.it\/it\/prodotto\/beal-combi-ii-zaino-portacorda-arrampicata\/\",\"url\":\"https:\/\/www.sestogrado.it\/it\/prodotto\/beal-combi-ii-zaino-portacorda-arrampicata\/\",\"name\":\"Beal Combi II zaino portacorda arrampicata - Sestogrado\",\"isPartOf\":{\"@id\":\"https:\/\/www.sestogrado.it\/it\/#website\"},\"primaryImageOfPage\":{\"@id\":\"https:\/\/www.sestogrado.it\/it\/prodotto\/beal-combi-ii-zaino-portacorda-arrampicata\/#primaryimage\"},\"image\":{\"@id\":\"https:\/\/www.sestogrado.it\/prodotto\/beal-combi-ii-zaino-portacorda-arrampicata\/#primaryimage\"},\"thumbnailUrl\":\"https:\/\/www.sestogrado.it\/wp-content\/uploads\/2022\/01\/02-viola.jpg\",\"datePublished\":\"2025-06-30T06:20:24+00:00\",\"dateModified\":\"2026-05-04T11:04:04+00:00\",\"description\":\"Il Beal Combi II \u00e8 una sacca portacorda pratica e funzionale, perfetta per trasportare una corda da 80 metri e tutta l\u2019attrezzatura necessaria. Con apertura frontale, telo integrato e tasche esterne, unisce semplicit\u00e0 ed efficienza per gli arrampicatori indoor o su falesia.Il Combi II ha uno schienale rinforzato, per renderlo comodo negli avvicinamenti, apertura posteriore e sistema di trasporto migliorato. Due spallacci ergonomici garantiscono un trasporto confortevole anche durante gli avvicinamenti pi\u00f9 lunghi.\",\"breadcrumb\":{\"@id\":\"https:\/\/www.sestogrado.it\/it\/prodotto\/beal-combi-ii-zaino-portacorda-arrampicata\/#breadcrumb\"},\"inLanguage\":\"it-IT\",\"potentialAction\":[{\"@type\":\"ReadAction\",\"target\":[[\"https:\/\/www.sestogrado.it\/it\/prodotto\/beal-combi-ii-zaino-portacorda-arrampicata\/\"]]}]},{\"@type\":\"ImageObject\",\"inLanguage\":\"it-IT\",\"@id\":\"https:\/\/www.sestogrado.it\/it\/prodotto\/beal-combi-ii-zaino-portacorda-arrampicata\/#primaryimage\",\"url\":\"https:\/\/www.sestogrado.it\/wp-content\/uploads\/2022\/01\/02-viola.jpg\",\"contentUrl\":\"https:\/\/www.sestogrado.it\/wp-content\/uploads\/2022\/01\/02-viola.jpg\",\"width\":1200,\"height\":1200,\"caption\":\"combi II viola\"},{\"@type\":\"BreadcrumbList\",\"@id\":\"https:\/\/www.sestogrado.it\/it\/prodotto\/beal-combi-ii-zaino-portacorda-arrampicata\/#breadcrumb\",\"itemListElement\":[{\"@type\":\"ListItem\",\"position\":1,\"name\":\"Home\",\"item\":\"https:\/\/www.sestogrado.it\/it\/\"},{\"@type\":\"ListItem\",\"position\":2,\"name\":\"Shop\",\"item\":\"https:\/\/www.sestogrado.it\/it\/shop\/\"},{\"@type\":\"ListItem\",\"position\":3,\"name\":\"Beal Combi II zaino portacorda arrampicata\"}]},{\"@type\":\"WebSite\",\"@id\":\"https:\/\/www.sestogrado.it\/it\/#website\",\"url\":\"https:\/\/www.sestogrado.it\/it\/\",\"name\":\"Sestogrado\",\"description\":\"yes we climb\",\"publisher\":{\"@id\":\"https:\/\/www.sestogrado.it\/it\/#organization\"},\"potentialAction\":[{\"@type\":\"SearchAction\",\"target\":{\"@type\":\"EntryPoint\",\"urlTemplate\":\"https:\/\/www.sestogrado.it\/it\/?s={search_term_string}\"},\"query-input\":{\"@type\":\"PropertyValueSpecification\",\"valueRequired\":true,\"valueName\":\"search_term_string\"}}],\"inLanguage\":\"it-IT\"},{\"@type\":\"Organization\",\"@id\":\"https:\/\/www.sestogrado.it\/it\/#organization\",\"name\":\"Sestogrado\",\"url\":\"https:\/\/www.sestogrado.it\/it\/\",\"logo\":{\"@type\":\"ImageObject\",\"inLanguage\":\"it-IT\",\"@id\":\"https:\/\/www.sestogrado.it\/it\/#\/schema\/logo\/image\/\",\"url\":\"https:\/\/www.sestogrado.it\/wp-content\/uploads\/2015\/03\/sestogrado-favicon.png\",\"contentUrl\":\"https:\/\/www.sestogrado.it\/wp-content\/uploads\/2015\/03\/sestogrado-favicon.png\",\"width\":260,\"height\":260,\"caption\":\"Sestogrado\"},\"image\":{\"@id\":\"https:\/\/www.sestogrado.it\/it\/#\/schema\/logo\/image\/\"},\"sameAs\":[\"https:\/\/www.facebook.com\/pages\/Sestogrado\/1542635979353017?ref=bookmarks\",\"https:\/\/www.youtube.com\/channel\/UC847kAfTkaJsWpc1jtQwr3Q\"],\"hasMerchantReturnPolicy\":{\"@type\":\"MerchantReturnPolicy\",\"merchantReturnLink\":\"https:\/\/www.sestogrado.it\/it\/termini-e-condizioni\/\"}}]}<\/script>\n<meta property=\"product:brand\" content=\"Beal\" \/>\n<meta property=\"og:availability\" content=\"instock\" \/>\n<meta property=\"product:availability\" content=\"instock\" \/>\n<meta property=\"product:condition\" content=\"new\" \/>\n<!-- \/ Yoast SEO plugin. -->","yoast_head_json":{"title":"Beal Combi II zaino portacorda arrampicata - Sestogrado","description":"Il Beal Combi II \u00e8 una sacca portacorda pratica e funzionale, perfetta per trasportare una corda da 80 metri e tutta l\u2019attrezzatura necessaria. Con apertura frontale, telo integrato e tasche esterne, unisce semplicit\u00e0 ed efficienza per gli arrampicatori indoor o su falesia.Il Combi II ha uno schienale rinforzato, per renderlo comodo negli avvicinamenti, apertura posteriore e sistema di trasporto migliorato. Due spallacci ergonomici garantiscono un trasporto confortevole anche durante gli avvicinamenti pi\u00f9 lunghi.","robots":{"index":"index","follow":"follow","max-snippet":"max-snippet:-1","max-image-preview":"max-image-preview:large","max-video-preview":"max-video-preview:-1"},"canonical":"https:\/\/www.sestogrado.it\/it\/prodotto\/beal-combi-ii-zaino-portacorda-arrampicata\/","og_locale":"it_IT","og_type":"article","og_title":"Beal Combi II zaino portacorda arrampicata - Sestogrado","og_description":"Il Beal Combi II \u00e8 una sacca portacorda pratica e funzionale, perfetta per trasportare una corda da 80 metri e tutta l\u2019attrezzatura necessaria. Con apertura frontale, telo integrato e tasche esterne, unisce semplicit\u00e0 ed efficienza per gli arrampicatori indoor o su falesia.Il Combi II ha uno schienale rinforzato, per renderlo comodo negli avvicinamenti, apertura posteriore e sistema di trasporto migliorato. Due spallacci ergonomici garantiscono un trasporto confortevole anche durante gli avvicinamenti pi\u00f9 lunghi.","og_url":"https:\/\/www.sestogrado.it\/it\/prodotto\/beal-combi-ii-zaino-portacorda-arrampicata\/","og_site_name":"Sestogrado","article_publisher":"https:\/\/www.facebook.com\/pages\/Sestogrado\/1542635979353017?ref=bookmarks","article_modified_time":"2026-05-04T11:04:04+00:00","og_image":[{"width":1200,"height":1200,"url":"https:\/\/www.sestogrado.it\/wp-content\/uploads\/2022\/01\/02-viola.jpg","type":"image\/jpeg"}],"twitter_misc":{"Disponibilit\u00e0":"In stock"},"schema":{"@context":"https:\/\/schema.org","@graph":[{"@type":"WebPage","@id":"https:\/\/www.sestogrado.it\/it\/prodotto\/beal-combi-ii-zaino-portacorda-arrampicata\/","url":"https:\/\/www.sestogrado.it\/it\/prodotto\/beal-combi-ii-zaino-portacorda-arrampicata\/","name":"Beal Combi II zaino portacorda arrampicata - Sestogrado","isPartOf":{"@id":"https:\/\/www.sestogrado.it\/it\/#website"},"primaryImageOfPage":{"@id":"https:\/\/www.sestogrado.it\/it\/prodotto\/beal-combi-ii-zaino-portacorda-arrampicata\/#primaryimage"},"image":{"@id":"https:\/\/www.sestogrado.it\/prodotto\/beal-combi-ii-zaino-portacorda-arrampicata\/#primaryimage"},"thumbnailUrl":"https:\/\/www.sestogrado.it\/wp-content\/uploads\/2022\/01\/02-viola.jpg","datePublished":"2025-06-30T06:20:24+00:00","dateModified":"2026-05-04T11:04:04+00:00","description":"Il Beal Combi II \u00e8 una sacca portacorda pratica e funzionale, perfetta per trasportare una corda da 80 metri e tutta l\u2019attrezzatura necessaria. Con apertura frontale, telo integrato e tasche esterne, unisce semplicit\u00e0 ed efficienza per gli arrampicatori indoor o su falesia.Il Combi II ha uno schienale rinforzato, per renderlo comodo negli avvicinamenti, apertura posteriore e sistema di trasporto migliorato. Due spallacci ergonomici garantiscono un trasporto confortevole anche durante gli avvicinamenti pi\u00f9 lunghi.","breadcrumb":{"@id":"https:\/\/www.sestogrado.it\/it\/prodotto\/beal-combi-ii-zaino-portacorda-arrampicata\/#breadcrumb"},"inLanguage":"it-IT","potentialAction":[{"@type":"ReadAction","target":[["https:\/\/www.sestogrado.it\/it\/prodotto\/beal-combi-ii-zaino-portacorda-arrampicata\/"]]}]},{"@type":"ImageObject","inLanguage":"it-IT","@id":"https:\/\/www.sestogrado.it\/it\/prodotto\/beal-combi-ii-zaino-portacorda-arrampicata\/#primaryimage","url":"https:\/\/www.sestogrado.it\/wp-content\/uploads\/2022\/01\/02-viola.jpg","contentUrl":"https:\/\/www.sestogrado.it\/wp-content\/uploads\/2022\/01\/02-viola.jpg","width":1200,"height":1200,"caption":"combi II viola"},{"@type":"BreadcrumbList","@id":"https:\/\/www.sestogrado.it\/it\/prodotto\/beal-combi-ii-zaino-portacorda-arrampicata\/#breadcrumb","itemListElement":[{"@type":"ListItem","position":1,"name":"Home","item":"https:\/\/www.sestogrado.it\/it\/"},{"@type":"ListItem","position":2,"name":"Shop","item":"https:\/\/www.sestogrado.it\/it\/shop\/"},{"@type":"ListItem","position":3,"name":"Beal Combi II zaino portacorda arrampicata"}]},{"@type":"WebSite","@id":"https:\/\/www.sestogrado.it\/it\/#website","url":"https:\/\/www.sestogrado.it\/it\/","name":"Sestogrado","description":"yes we climb","publisher":{"@id":"https:\/\/www.sestogrado.it\/it\/#organization"},"potentialAction":[{"@type":"SearchAction","target":{"@type":"EntryPoint","urlTemplate":"https:\/\/www.sestogrado.it\/it\/?s={search_term_string}"},"query-input":{"@type":"PropertyValueSpecification","valueRequired":true,"valueName":"search_term_string"}}],"inLanguage":"it-IT"},{"@type":"Organization","@id":"https:\/\/www.sestogrado.it\/it\/#organization","name":"Sestogrado","url":"https:\/\/www.sestogrado.it\/it\/","logo":{"@type":"ImageObject","inLanguage":"it-IT","@id":"https:\/\/www.sestogrado.it\/it\/#\/schema\/logo\/image\/","url":"https:\/\/www.sestogrado.it\/wp-content\/uploads\/2015\/03\/sestogrado-favicon.png","contentUrl":"https:\/\/www.sestogrado.it\/wp-content\/uploads\/2015\/03\/sestogrado-favicon.png","width":260,"height":260,"caption":"Sestogrado"},"image":{"@id":"https:\/\/www.sestogrado.it\/it\/#\/schema\/logo\/image\/"},"sameAs":["https:\/\/www.facebook.com\/pages\/Sestogrado\/1542635979353017?ref=bookmarks","https:\/\/www.youtube.com\/channel\/UC847kAfTkaJsWpc1jtQwr3Q"],"hasMerchantReturnPolicy":{"@type":"MerchantReturnPolicy","merchantReturnLink":"https:\/\/www.sestogrado.it\/it\/termini-e-condizioni\/"}}]},"product_brand":"Beal","og_availability":"instock","product_availability":"instock","product_condition":"new"},"_links":{"self":[{"href":"https:\/\/www.sestogrado.it\/it\/wp-json\/wp\/v2\/product\/6860","targetHints":{"allow":["GET"]}}],"collection":[{"href":"https:\/\/www.sestogrado.it\/it\/wp-json\/wp\/v2\/product"}],"about":[{"href":"https:\/\/www.sestogrado.it\/it\/wp-json\/wp\/v2\/types\/product"}],"replies":[{"embeddable":true,"href":"https:\/\/www.sestogrado.it\/it\/wp-json\/wp\/v2\/comments?post=6860"}],"wp:featuredmedia":[{"embeddable":true,"href":"https:\/\/www.sestogrado.it\/it\/wp-json\/wp\/v2\/media\/195134"}],"wp:attachment":[{"href":"https:\/\/www.sestogrado.it\/it\/wp-json\/wp\/v2\/media?parent=6860"}],"wp:term":[{"taxonomy":"product_brand","embeddable":true,"href":"https:\/\/www.sestogrado.it\/it\/wp-json\/wp\/v2\/product_brand?post=6860"},{"taxonomy":"product_cat","embeddable":true,"href":"https:\/\/www.sestogrado.it\/it\/wp-json\/wp\/v2\/product_cat?post=6860"},{"taxonomy":"product_tag","embeddable":true,"href":"https:\/\/www.sestogrado.it\/it\/wp-json\/wp\/v2\/product_tag?post=6860"}],"curies":[{"name":"wp","href":"https:\/\/api.w.org\/{rel}","templated":true}]}}