{"id":6786,"date":"2016-05-13T10:57:12","date_gmt":"2016-05-13T08:57:12","guid":{"rendered":"http:\/\/www.sestogrado.it\/?post_type=product&#038;p=6786"},"modified":"2026-02-27T11:42:47","modified_gmt":"2026-02-27T10:42:47","slug":"camp-tricam-evo-ancoraggi","status":"publish","type":"product","link":"https:\/\/www.sestogrado.it\/it\/prodotto\/camp-tricam-evo-ancoraggi\/","title":{"rendered":"Camp Tricam Evo set 4 ancoraggi"},"content":{"rendered":"<p>Il\u00a0CAMP TRICAM EVO \u00e8 la camma da incastro pi\u00f9 versatile del mercato, fornito in un set di 4 ancoraggi per affrontare ogni condizione.<\/p>\n<p>Il Tricam deve il suo nome al design unico che combina 3 differenti tipi di protezione in un solo dispositivo estremamente compatto. Il Tricam Evo \u00e8 il &#8220;Trasformer&#8221; del mondo dell&#8217;arrampicata: pu\u00f2 essere una camma, una camma attiva, e pu\u00f2 anche essere utilizzato come nut passivo. Significa che ti puoi\u00a0portare un terzo dell&#8217;attrezzatura necessaria a proteggere una via.<\/p>\n<p>Il Tricam Evo, che \u00e8 una evoluzione del Tricam tradizionale, ha una nuova fettuccia irrigidita che consente piazzamenti pi\u00f9 facili specialmente con una sola mano.<\/p>\n<p>La specialit\u00e0 del Tricam Evo \u00e8 che pu\u00f2 essere piazzato dove non funziona nessun altro tipo di protezione. Va\u00a0benissimo nei buchi ciechi (tipici della parete sud della Marmolada) dove \u00e8 impossibile incastrare i friend tradizionali, e sono ideali nelle fessure orizzontali, nelle tasche, nelle fessure verticali poco\u00a0profonde e, a differenza dei dispositivi a camme multiple, anche nelle fessure ghiacciate. Sono utilizzabili anche come ancoraggi di sosta.<\/p>\n<p>Il design del Tricam Evo \u00e8 basilare ma semplice, la semplicit\u00e0 significa che non ci sono parti mobili che si possono rompere.<\/p>\n<ul>\n<li>3 modalit\u00e0 di incastro: come camma attiva e 2 diverse come blocchetto passivo<\/li>\n<li>funzionano dove nessun&#8217;altra protezione \u00e8 adatta (buchi e tasche)<\/li>\n<li>ottimi nelle fessure orizzontali<\/li>\n<li>fettuccia irrigidita, con nuova cucitura, per un piazzamento pi\u00f9 facile con una sola mano<\/li>\n<\/ul>\n<p>Il Tricam Evo Set viene fornito con\u00a0tutte le 4 misure disponibili (0.25, 0.5, 1.0, 1.5)<\/p>\n<p>&nbsp;<\/p>\n<p><img decoding=\"async\" class=\" wp-image-6869 aligncenter\" src=\"https:\/\/www.sestogrado.it\/wp-content\/uploads\/2016\/05\/Camp-Cams-Settings-evo.jpg\" alt=\"tricam evo\" width=\"845\" height=\"604\" srcset=\"https:\/\/www.sestogrado.it\/wp-content\/uploads\/2016\/05\/Camp-Cams-Settings-evo.jpg 1400w, https:\/\/www.sestogrado.it\/wp-content\/uploads\/2016\/05\/Camp-Cams-Settings-evo-750x536.jpg 750w, https:\/\/www.sestogrado.it\/wp-content\/uploads\/2016\/05\/Camp-Cams-Settings-evo-300x214.jpg 300w, https:\/\/www.sestogrado.it\/wp-content\/uploads\/2016\/05\/Camp-Cams-Settings-evo-768x549.jpg 768w, https:\/\/www.sestogrado.it\/wp-content\/uploads\/2016\/05\/Camp-Cams-Settings-evo-1024x731.jpg 1024w, https:\/\/www.sestogrado.it\/wp-content\/uploads\/2016\/05\/Camp-Cams-Settings-evo-635x454.jpg 635w, https:\/\/www.sestogrado.it\/wp-content\/uploads\/2016\/05\/Camp-Cams-Settings-evo-1200x857.jpg 1200w, https:\/\/www.sestogrado.it\/wp-content\/uploads\/2016\/05\/Camp-Cams-Settings-evo-90x64.jpg 90w\" sizes=\"(max-width: 845px) 100vw, 845px\" \/><\/p>\n<p>&nbsp;<\/p>\n<p>&nbsp;<\/p>","protected":false},"excerpt":{"rendered":"<p>Il\u00a0CAMP TRICAM EVO \u00e8 la camma da incastro pi\u00f9 versatile del mercato, fornito in un set di 4 ancoraggi per [&hellip;]<\/p>\n","protected":false},"featured_media":6787,"comment_status":"open","ping_status":"closed","template":"","meta":{"_acf_changed":false},"product_brand":[31],"product_cat":[135],"product_tag":[],"class_list":{"0":"post-6786","1":"product","2":"type-product","3":"status-publish","4":"has-post-thumbnail","6":"product_brand-camp","7":"product_cat-friends-e-nuts","9":"first","10":"instock","11":"sale","12":"taxable","13":"shipping-taxable","14":"purchasable","15":"product-type-simple"},"acf":[],"yoast_head":"<!-- This site is optimized with the Yoast SEO plugin v26.4 - https:\/\/yoast.com\/wordpress\/plugins\/seo\/ -->\n<title>Camp Tricam Evo set 4 ancoraggi - Sestogrado<\/title>\n<meta name=\"description\" content=\"Camp Tricam Evo. Set di 4 Tricam Evo la camma da incastro pi\u00f9 versatile e polivalente di Camp. Funziona dove altre protezioni non sono adatte.\" \/>\n<meta name=\"robots\" content=\"index, follow, max-snippet:-1, max-image-preview:large, max-video-preview:-1\" \/>\n<link rel=\"canonical\" href=\"https:\/\/www.sestogrado.it\/it\/prodotto\/camp-tricam-evo-ancoraggi\/\" \/>\n<meta property=\"og:locale\" content=\"it_IT\" \/>\n<meta property=\"og:type\" content=\"article\" \/>\n<meta property=\"og:title\" content=\"Camp Tricam Evo set 4 ancoraggi - Sestogrado\" \/>\n<meta property=\"og:description\" content=\"Camp Tricam Evo. Set di 4 Tricam Evo la camma da incastro pi\u00f9 versatile e polivalente di Camp. Funziona dove altre protezioni non sono adatte.\" \/>\n<meta property=\"og:url\" content=\"https:\/\/www.sestogrado.it\/it\/prodotto\/camp-tricam-evo-ancoraggi\/\" \/>\n<meta property=\"og:site_name\" content=\"Sestogrado\" \/>\n<meta property=\"article:publisher\" content=\"https:\/\/www.facebook.com\/pages\/Sestogrado\/1542635979353017?ref=bookmarks\" \/>\n<meta property=\"article:modified_time\" content=\"2026-02-27T10:42:47+00:00\" \/>\n<meta property=\"og:image\" content=\"https:\/\/www.sestogrado.it\/wp-content\/uploads\/2016\/05\/cop.jpg\" \/>\n\t<meta property=\"og:image:width\" content=\"569\" \/>\n\t<meta property=\"og:image:height\" content=\"759\" \/>\n\t<meta property=\"og:image:type\" content=\"image\/jpeg\" \/>\n<meta name=\"twitter:label1\" content=\"Prezzo\" \/>\n\t<meta name=\"twitter:data1\" content=\"&euro;&nbsp;99,00\" \/>\n\t<meta name=\"twitter:label2\" content=\"Disponibilit\u00e0\" \/>\n\t<meta name=\"twitter:data2\" content=\"In stock\" \/>\n<script type=\"application\/ld+json\" class=\"yoast-schema-graph\">{\"@context\":\"https:\/\/schema.org\",\"@graph\":[{\"@type\":\"WebPage\",\"@id\":\"https:\/\/www.sestogrado.it\/it\/prodotto\/camp-tricam-evo-ancoraggi\/\",\"url\":\"https:\/\/www.sestogrado.it\/it\/prodotto\/camp-tricam-evo-ancoraggi\/\",\"name\":\"Camp Tricam Evo set 4 ancoraggi - Sestogrado\",\"isPartOf\":{\"@id\":\"https:\/\/www.sestogrado.it\/it\/#website\"},\"primaryImageOfPage\":{\"@id\":\"https:\/\/www.sestogrado.it\/it\/prodotto\/camp-tricam-evo-ancoraggi\/#primaryimage\"},\"image\":{\"@id\":\"https:\/\/www.sestogrado.it\/prodotto\/camp-tricam-evo-ancoraggi\/#primaryimage\"},\"thumbnailUrl\":\"https:\/\/www.sestogrado.it\/wp-content\/uploads\/2016\/05\/cop.jpg\",\"datePublished\":\"2016-05-13T08:57:12+00:00\",\"dateModified\":\"2026-02-27T10:42:47+00:00\",\"description\":\"Camp Tricam Evo. Set di 4 Tricam Evo la camma da incastro pi\u00f9 versatile e polivalente di Camp. Funziona dove altre protezioni non sono adatte.\",\"breadcrumb\":{\"@id\":\"https:\/\/www.sestogrado.it\/it\/prodotto\/camp-tricam-evo-ancoraggi\/#breadcrumb\"},\"inLanguage\":\"it-IT\",\"potentialAction\":[{\"@type\":\"ReadAction\",\"target\":[[\"https:\/\/www.sestogrado.it\/it\/prodotto\/camp-tricam-evo-ancoraggi\/\"]]}]},{\"@type\":\"ImageObject\",\"inLanguage\":\"it-IT\",\"@id\":\"https:\/\/www.sestogrado.it\/it\/prodotto\/camp-tricam-evo-ancoraggi\/#primaryimage\",\"url\":\"https:\/\/www.sestogrado.it\/wp-content\/uploads\/2016\/05\/cop.jpg\",\"contentUrl\":\"https:\/\/www.sestogrado.it\/wp-content\/uploads\/2016\/05\/cop.jpg\",\"width\":569,\"height\":759},{\"@type\":\"BreadcrumbList\",\"@id\":\"https:\/\/www.sestogrado.it\/it\/prodotto\/camp-tricam-evo-ancoraggi\/#breadcrumb\",\"itemListElement\":[{\"@type\":\"ListItem\",\"position\":1,\"name\":\"Home\",\"item\":\"https:\/\/www.sestogrado.it\/it\/\"},{\"@type\":\"ListItem\",\"position\":2,\"name\":\"Shop\",\"item\":\"https:\/\/www.sestogrado.it\/it\/shop\/\"},{\"@type\":\"ListItem\",\"position\":3,\"name\":\"Camp Tricam Evo set 4 ancoraggi\"}]},{\"@type\":\"WebSite\",\"@id\":\"https:\/\/www.sestogrado.it\/it\/#website\",\"url\":\"https:\/\/www.sestogrado.it\/it\/\",\"name\":\"Sestogrado\",\"description\":\"yes we climb\",\"publisher\":{\"@id\":\"https:\/\/www.sestogrado.it\/it\/#organization\"},\"potentialAction\":[{\"@type\":\"SearchAction\",\"target\":{\"@type\":\"EntryPoint\",\"urlTemplate\":\"https:\/\/www.sestogrado.it\/it\/?s={search_term_string}\"},\"query-input\":{\"@type\":\"PropertyValueSpecification\",\"valueRequired\":true,\"valueName\":\"search_term_string\"}}],\"inLanguage\":\"it-IT\"},{\"@type\":\"Organization\",\"@id\":\"https:\/\/www.sestogrado.it\/it\/#organization\",\"name\":\"Sestogrado\",\"url\":\"https:\/\/www.sestogrado.it\/it\/\",\"logo\":{\"@type\":\"ImageObject\",\"inLanguage\":\"it-IT\",\"@id\":\"https:\/\/www.sestogrado.it\/it\/#\/schema\/logo\/image\/\",\"url\":\"https:\/\/www.sestogrado.it\/wp-content\/uploads\/2015\/03\/sestogrado-favicon.png\",\"contentUrl\":\"https:\/\/www.sestogrado.it\/wp-content\/uploads\/2015\/03\/sestogrado-favicon.png\",\"width\":260,\"height\":260,\"caption\":\"Sestogrado\"},\"image\":{\"@id\":\"https:\/\/www.sestogrado.it\/it\/#\/schema\/logo\/image\/\"},\"sameAs\":[\"https:\/\/www.facebook.com\/pages\/Sestogrado\/1542635979353017?ref=bookmarks\",\"https:\/\/www.youtube.com\/channel\/UC847kAfTkaJsWpc1jtQwr3Q\"],\"hasMerchantReturnPolicy\":{\"@type\":\"MerchantReturnPolicy\",\"merchantReturnLink\":\"https:\/\/www.sestogrado.it\/it\/termini-e-condizioni\/\"}}]}<\/script>\n<meta property=\"product:brand\" content=\"Camp\" \/>\n<meta property=\"product:price:amount\" content=\"99.00\" \/>\n<meta property=\"product:price:currency\" content=\"EUR\" \/>\n<meta property=\"og:availability\" content=\"instock\" \/>\n<meta property=\"product:availability\" content=\"instock\" \/>\n<meta property=\"product:condition\" content=\"new\" \/>\n<!-- \/ Yoast SEO plugin. -->","yoast_head_json":{"title":"Camp Tricam Evo set 4 ancoraggi - Sestogrado","description":"Camp Tricam Evo. Set di 4 Tricam Evo la camma da incastro pi\u00f9 versatile e polivalente di Camp. Funziona dove altre protezioni non sono adatte.","robots":{"index":"index","follow":"follow","max-snippet":"max-snippet:-1","max-image-preview":"max-image-preview:large","max-video-preview":"max-video-preview:-1"},"canonical":"https:\/\/www.sestogrado.it\/it\/prodotto\/camp-tricam-evo-ancoraggi\/","og_locale":"it_IT","og_type":"article","og_title":"Camp Tricam Evo set 4 ancoraggi - Sestogrado","og_description":"Camp Tricam Evo. Set di 4 Tricam Evo la camma da incastro pi\u00f9 versatile e polivalente di Camp. Funziona dove altre protezioni non sono adatte.","og_url":"https:\/\/www.sestogrado.it\/it\/prodotto\/camp-tricam-evo-ancoraggi\/","og_site_name":"Sestogrado","article_publisher":"https:\/\/www.facebook.com\/pages\/Sestogrado\/1542635979353017?ref=bookmarks","article_modified_time":"2026-02-27T10:42:47+00:00","og_image":[{"width":569,"height":759,"url":"https:\/\/www.sestogrado.it\/wp-content\/uploads\/2016\/05\/cop.jpg","type":"image\/jpeg"}],"twitter_misc":{"Prezzo":"&euro;&nbsp;99,00","Disponibilit\u00e0":"In stock"},"schema":{"@context":"https:\/\/schema.org","@graph":[{"@type":"WebPage","@id":"https:\/\/www.sestogrado.it\/it\/prodotto\/camp-tricam-evo-ancoraggi\/","url":"https:\/\/www.sestogrado.it\/it\/prodotto\/camp-tricam-evo-ancoraggi\/","name":"Camp Tricam Evo set 4 ancoraggi - Sestogrado","isPartOf":{"@id":"https:\/\/www.sestogrado.it\/it\/#website"},"primaryImageOfPage":{"@id":"https:\/\/www.sestogrado.it\/it\/prodotto\/camp-tricam-evo-ancoraggi\/#primaryimage"},"image":{"@id":"https:\/\/www.sestogrado.it\/prodotto\/camp-tricam-evo-ancoraggi\/#primaryimage"},"thumbnailUrl":"https:\/\/www.sestogrado.it\/wp-content\/uploads\/2016\/05\/cop.jpg","datePublished":"2016-05-13T08:57:12+00:00","dateModified":"2026-02-27T10:42:47+00:00","description":"Camp Tricam Evo. Set di 4 Tricam Evo la camma da incastro pi\u00f9 versatile e polivalente di Camp. Funziona dove altre protezioni non sono adatte.","breadcrumb":{"@id":"https:\/\/www.sestogrado.it\/it\/prodotto\/camp-tricam-evo-ancoraggi\/#breadcrumb"},"inLanguage":"it-IT","potentialAction":[{"@type":"ReadAction","target":[["https:\/\/www.sestogrado.it\/it\/prodotto\/camp-tricam-evo-ancoraggi\/"]]}]},{"@type":"ImageObject","inLanguage":"it-IT","@id":"https:\/\/www.sestogrado.it\/it\/prodotto\/camp-tricam-evo-ancoraggi\/#primaryimage","url":"https:\/\/www.sestogrado.it\/wp-content\/uploads\/2016\/05\/cop.jpg","contentUrl":"https:\/\/www.sestogrado.it\/wp-content\/uploads\/2016\/05\/cop.jpg","width":569,"height":759},{"@type":"BreadcrumbList","@id":"https:\/\/www.sestogrado.it\/it\/prodotto\/camp-tricam-evo-ancoraggi\/#breadcrumb","itemListElement":[{"@type":"ListItem","position":1,"name":"Home","item":"https:\/\/www.sestogrado.it\/it\/"},{"@type":"ListItem","position":2,"name":"Shop","item":"https:\/\/www.sestogrado.it\/it\/shop\/"},{"@type":"ListItem","position":3,"name":"Camp Tricam Evo set 4 ancoraggi"}]},{"@type":"WebSite","@id":"https:\/\/www.sestogrado.it\/it\/#website","url":"https:\/\/www.sestogrado.it\/it\/","name":"Sestogrado","description":"yes we climb","publisher":{"@id":"https:\/\/www.sestogrado.it\/it\/#organization"},"potentialAction":[{"@type":"SearchAction","target":{"@type":"EntryPoint","urlTemplate":"https:\/\/www.sestogrado.it\/it\/?s={search_term_string}"},"query-input":{"@type":"PropertyValueSpecification","valueRequired":true,"valueName":"search_term_string"}}],"inLanguage":"it-IT"},{"@type":"Organization","@id":"https:\/\/www.sestogrado.it\/it\/#organization","name":"Sestogrado","url":"https:\/\/www.sestogrado.it\/it\/","logo":{"@type":"ImageObject","inLanguage":"it-IT","@id":"https:\/\/www.sestogrado.it\/it\/#\/schema\/logo\/image\/","url":"https:\/\/www.sestogrado.it\/wp-content\/uploads\/2015\/03\/sestogrado-favicon.png","contentUrl":"https:\/\/www.sestogrado.it\/wp-content\/uploads\/2015\/03\/sestogrado-favicon.png","width":260,"height":260,"caption":"Sestogrado"},"image":{"@id":"https:\/\/www.sestogrado.it\/it\/#\/schema\/logo\/image\/"},"sameAs":["https:\/\/www.facebook.com\/pages\/Sestogrado\/1542635979353017?ref=bookmarks","https:\/\/www.youtube.com\/channel\/UC847kAfTkaJsWpc1jtQwr3Q"],"hasMerchantReturnPolicy":{"@type":"MerchantReturnPolicy","merchantReturnLink":"https:\/\/www.sestogrado.it\/it\/termini-e-condizioni\/"}}]},"product_brand":"Camp","product_price_amount":"99.00","product_price_currency":"EUR","og_availability":"instock","product_availability":"instock","product_condition":"new"},"_links":{"self":[{"href":"https:\/\/www.sestogrado.it\/it\/wp-json\/wp\/v2\/product\/6786","targetHints":{"allow":["GET"]}}],"collection":[{"href":"https:\/\/www.sestogrado.it\/it\/wp-json\/wp\/v2\/product"}],"about":[{"href":"https:\/\/www.sestogrado.it\/it\/wp-json\/wp\/v2\/types\/product"}],"replies":[{"embeddable":true,"href":"https:\/\/www.sestogrado.it\/it\/wp-json\/wp\/v2\/comments?post=6786"}],"wp:featuredmedia":[{"embeddable":true,"href":"https:\/\/www.sestogrado.it\/it\/wp-json\/wp\/v2\/media\/6787"}],"wp:attachment":[{"href":"https:\/\/www.sestogrado.it\/it\/wp-json\/wp\/v2\/media?parent=6786"}],"wp:term":[{"taxonomy":"product_brand","embeddable":true,"href":"https:\/\/www.sestogrado.it\/it\/wp-json\/wp\/v2\/product_brand?post=6786"},{"taxonomy":"product_cat","embeddable":true,"href":"https:\/\/www.sestogrado.it\/it\/wp-json\/wp\/v2\/product_cat?post=6786"},{"taxonomy":"product_tag","embeddable":true,"href":"https:\/\/www.sestogrado.it\/it\/wp-json\/wp\/v2\/product_tag?post=6786"}],"curies":[{"name":"wp","href":"https:\/\/api.w.org\/{rel}","templated":true}]}}