{"id":675,"date":"2015-03-27T15:55:12","date_gmt":"2015-03-27T14:55:12","guid":{"rendered":"http:\/\/www.sestogrado.it\/prodotto\/corde\/edelweiss-rocklight-ii-9-8-60m-corda-arrampicata-2\/"},"modified":"2026-04-23T12:51:35","modified_gmt":"2026-04-23T10:51:35","slug":"edelweiss-rocklight-ii-9-8-corda-arrampicata","status":"publish","type":"product","link":"https:\/\/www.sestogrado.it\/it\/prodotto\/edelweiss-rocklight-ii-9-8-corda-arrampicata\/","title":{"rendered":"Edelweiss Rocklight II 9.8 corda arrampicata"},"content":{"rendered":"<p>La Edelweiss Rocklight II 9.8 \u00e8 la corda best seller di Edelweiss, \u00e8 una eccellente corda intermedia che\u00a0fornisce equilibrio tra durata e peso. E&#8217; ideale per i climber che ogni tanto volano e che lavorano spesso una via e che vogliono una corda robusta, durevole ma al tempo stesso scorrevole.<\/p>\n<p>Punti di forza:<\/p>\n<ul>\n<li>ottima scorrevolezza della corda<\/li>\n<li>forza d&#8217;arresto bassa (8.5kN)<\/li>\n<li>allungamento statico del 10%<\/li>\n<li>marcatura middle mark, la met\u00e0 corda \u00e8 segnata, le doppie sono pi\u00f9 facili e le calate pi\u00f9 sicure.<\/li>\n<\/ul>\n<p>Frutto dell&#8217;esperienza Edelweiss nelle corde da alpinismo la Rocklight II fa parte della linea Essential, studiata per chi non \u00e8 interessato a\u00a0fronzoli nel proprio equipaggiamento ed \u00e8 alla ricerca di resistenza, durata ed affidabilit\u00e0.<\/p>\n<p>Lo spessore 9.8 \u00e8 il pi\u00f9 versatile per una corda singola dinamica e lavora bene in tutti gli assicuratori in commercio.<\/p>\n<p>Con un ottimo rapporto qualit\u00e0 prezzo la Edelweiss Rocklight II 9.8 \u00e8\u00a0la\u00a0 corda perfetta per ogni giorno di arrampicata sia in falesia sia in indoor.<\/p>\n<p>&nbsp;<\/p>\n<p>La Edelweiss \u00e8 una azienda francese parte del gruppo Beal con cui condivide, oltre alla sede a Vienne, anche il know how tecnologico su alcuni brevetti come il trattamento unicore. I prodotti Edelweiss sono fedeli alla loro reputazione di solidit\u00e0 e affidabilit\u00e0, in una gamma che va dall\u2019alpinismo, al torrentismo, al climbing in cui la sicurezza e la libert\u00e0 di divertimento sono tutto.<\/p>","protected":false},"excerpt":{"rendered":"<p>La Edelweiss Rocklight II 9.8 \u00e8 la corda best seller di Edelweiss, \u00e8 una eccellente corda intermedia che\u00a0fornisce equilibrio tra [&hellip;]<\/p>\n","protected":false},"featured_media":19892,"comment_status":"open","ping_status":"closed","template":"","meta":{"_acf_changed":false},"product_brand":[52],"product_cat":[16,136],"product_tag":[413,416],"class_list":{"0":"post-675","1":"product","2":"type-product","3":"status-publish","4":"has-post-thumbnail","6":"product_brand-edelweiss","7":"product_cat-corde","8":"product_cat-corde-corde","9":"product_tag-corda-singola","10":"product_tag-corda-singola-dinamica","12":"first","13":"instock","14":"sale","15":"taxable","16":"shipping-taxable","17":"purchasable","18":"product-type-variable"},"acf":[],"yoast_head":"<!-- This site is optimized with the Yoast SEO plugin v26.4 - https:\/\/yoast.com\/wordpress\/plugins\/seo\/ -->\n<title>Edelweiss Rocklight II 9.8 corda arrampicata - Sestogrado<\/title>\n<meta name=\"description\" content=\"La corda best seller tra le 9.8 di Sestogrado online shop. La Edelweiss Rocklight II \u00e8 una buona corda intermedia che\u00a0fornisce equilibrio tra durata e peso. Ideale per i climber che ogni tanto volano e che lavorano spesso una via e che vogliono una corda robusta, durevole ma al tempo stesso scorrevole.\" \/>\n<meta name=\"robots\" content=\"index, follow, max-snippet:-1, max-image-preview:large, max-video-preview:-1\" \/>\n<link rel=\"canonical\" href=\"https:\/\/www.sestogrado.it\/it\/prodotto\/edelweiss-rocklight-ii-9-8-corda-arrampicata\/\" \/>\n<meta property=\"og:locale\" content=\"it_IT\" \/>\n<meta property=\"og:type\" content=\"article\" \/>\n<meta property=\"og:title\" content=\"Edelweiss Rocklight II 9.8 corda arrampicata - Sestogrado\" \/>\n<meta property=\"og:description\" content=\"La corda best seller tra le 9.8 di Sestogrado online shop. La Edelweiss Rocklight II \u00e8 una buona corda intermedia che\u00a0fornisce equilibrio tra durata e peso. Ideale per i climber che ogni tanto volano e che lavorano spesso una via e che vogliono una corda robusta, durevole ma al tempo stesso scorrevole.\" \/>\n<meta property=\"og:url\" content=\"https:\/\/www.sestogrado.it\/it\/prodotto\/edelweiss-rocklight-ii-9-8-corda-arrampicata\/\" \/>\n<meta property=\"og:site_name\" content=\"Sestogrado\" \/>\n<meta property=\"article:publisher\" content=\"https:\/\/www.facebook.com\/pages\/Sestogrado\/1542635979353017?ref=bookmarks\" \/>\n<meta property=\"article:modified_time\" content=\"2026-04-23T10:51:35+00:00\" \/>\n<meta property=\"og:image\" content=\"https:\/\/www.sestogrado.it\/wp-content\/uploads\/2015\/03\/edelweiss-rocklight.jpg\" \/>\n\t<meta property=\"og:image:width\" content=\"1035\" \/>\n\t<meta property=\"og:image:height\" content=\"1035\" \/>\n\t<meta property=\"og:image:type\" content=\"image\/jpeg\" \/>\n<meta name=\"twitter:label1\" content=\"Disponibilit\u00e0\" \/>\n\t<meta name=\"twitter:data1\" content=\"In stock\" \/>\n<script type=\"application\/ld+json\" class=\"yoast-schema-graph\">{\"@context\":\"https:\/\/schema.org\",\"@graph\":[{\"@type\":\"WebPage\",\"@id\":\"https:\/\/www.sestogrado.it\/it\/prodotto\/edelweiss-rocklight-ii-9-8-corda-arrampicata\/\",\"url\":\"https:\/\/www.sestogrado.it\/it\/prodotto\/edelweiss-rocklight-ii-9-8-corda-arrampicata\/\",\"name\":\"Edelweiss Rocklight II 9.8 corda arrampicata - Sestogrado\",\"isPartOf\":{\"@id\":\"https:\/\/www.sestogrado.it\/it\/#website\"},\"primaryImageOfPage\":{\"@id\":\"https:\/\/www.sestogrado.it\/it\/prodotto\/edelweiss-rocklight-ii-9-8-corda-arrampicata\/#primaryimage\"},\"image\":{\"@id\":\"https:\/\/www.sestogrado.it\/prodotto\/edelweiss-rocklight-ii-9-8-corda-arrampicata\/#primaryimage\"},\"thumbnailUrl\":\"https:\/\/www.sestogrado.it\/wp-content\/uploads\/2015\/03\/edelweiss-rocklight.jpg\",\"datePublished\":\"2015-03-27T14:55:12+00:00\",\"dateModified\":\"2026-04-23T10:51:35+00:00\",\"description\":\"La corda best seller tra le 9.8 di Sestogrado online shop. La Edelweiss Rocklight II \u00e8 una buona corda intermedia che\u00a0fornisce equilibrio tra durata e peso. Ideale per i climber che ogni tanto volano e che lavorano spesso una via e che vogliono una corda robusta, durevole ma al tempo stesso scorrevole.\",\"breadcrumb\":{\"@id\":\"https:\/\/www.sestogrado.it\/it\/prodotto\/edelweiss-rocklight-ii-9-8-corda-arrampicata\/#breadcrumb\"},\"inLanguage\":\"it-IT\",\"potentialAction\":[{\"@type\":\"ReadAction\",\"target\":[[\"https:\/\/www.sestogrado.it\/it\/prodotto\/edelweiss-rocklight-ii-9-8-corda-arrampicata\/\"]]}]},{\"@type\":\"ImageObject\",\"inLanguage\":\"it-IT\",\"@id\":\"https:\/\/www.sestogrado.it\/it\/prodotto\/edelweiss-rocklight-ii-9-8-corda-arrampicata\/#primaryimage\",\"url\":\"https:\/\/www.sestogrado.it\/wp-content\/uploads\/2015\/03\/edelweiss-rocklight.jpg\",\"contentUrl\":\"https:\/\/www.sestogrado.it\/wp-content\/uploads\/2015\/03\/edelweiss-rocklight.jpg\",\"width\":1035,\"height\":1035,\"caption\":\"edelweiss rocklight\"},{\"@type\":\"BreadcrumbList\",\"@id\":\"https:\/\/www.sestogrado.it\/it\/prodotto\/edelweiss-rocklight-ii-9-8-corda-arrampicata\/#breadcrumb\",\"itemListElement\":[{\"@type\":\"ListItem\",\"position\":1,\"name\":\"Home\",\"item\":\"https:\/\/www.sestogrado.it\/it\/\"},{\"@type\":\"ListItem\",\"position\":2,\"name\":\"Shop\",\"item\":\"https:\/\/www.sestogrado.it\/it\/shop\/\"},{\"@type\":\"ListItem\",\"position\":3,\"name\":\"Edelweiss Rocklight II 9.8 corda arrampicata\"}]},{\"@type\":\"WebSite\",\"@id\":\"https:\/\/www.sestogrado.it\/it\/#website\",\"url\":\"https:\/\/www.sestogrado.it\/it\/\",\"name\":\"Sestogrado\",\"description\":\"yes we climb\",\"publisher\":{\"@id\":\"https:\/\/www.sestogrado.it\/it\/#organization\"},\"potentialAction\":[{\"@type\":\"SearchAction\",\"target\":{\"@type\":\"EntryPoint\",\"urlTemplate\":\"https:\/\/www.sestogrado.it\/it\/?s={search_term_string}\"},\"query-input\":{\"@type\":\"PropertyValueSpecification\",\"valueRequired\":true,\"valueName\":\"search_term_string\"}}],\"inLanguage\":\"it-IT\"},{\"@type\":\"Organization\",\"@id\":\"https:\/\/www.sestogrado.it\/it\/#organization\",\"name\":\"Sestogrado\",\"url\":\"https:\/\/www.sestogrado.it\/it\/\",\"logo\":{\"@type\":\"ImageObject\",\"inLanguage\":\"it-IT\",\"@id\":\"https:\/\/www.sestogrado.it\/it\/#\/schema\/logo\/image\/\",\"url\":\"https:\/\/www.sestogrado.it\/wp-content\/uploads\/2015\/03\/sestogrado-favicon.png\",\"contentUrl\":\"https:\/\/www.sestogrado.it\/wp-content\/uploads\/2015\/03\/sestogrado-favicon.png\",\"width\":260,\"height\":260,\"caption\":\"Sestogrado\"},\"image\":{\"@id\":\"https:\/\/www.sestogrado.it\/it\/#\/schema\/logo\/image\/\"},\"sameAs\":[\"https:\/\/www.facebook.com\/pages\/Sestogrado\/1542635979353017?ref=bookmarks\",\"https:\/\/www.youtube.com\/channel\/UC847kAfTkaJsWpc1jtQwr3Q\"],\"hasMerchantReturnPolicy\":{\"@type\":\"MerchantReturnPolicy\",\"merchantReturnLink\":\"https:\/\/www.sestogrado.it\/it\/termini-e-condizioni\/\"}}]}<\/script>\n<meta property=\"product:brand\" content=\"Edelweiss\" \/>\n<meta property=\"og:availability\" content=\"instock\" \/>\n<meta property=\"product:availability\" content=\"instock\" \/>\n<meta property=\"product:condition\" content=\"new\" \/>\n<!-- \/ Yoast SEO plugin. -->","yoast_head_json":{"title":"Edelweiss Rocklight II 9.8 corda arrampicata - Sestogrado","description":"La corda best seller tra le 9.8 di Sestogrado online shop. La Edelweiss Rocklight II \u00e8 una buona corda intermedia che\u00a0fornisce equilibrio tra durata e peso. Ideale per i climber che ogni tanto volano e che lavorano spesso una via e che vogliono una corda robusta, durevole ma al tempo stesso scorrevole.","robots":{"index":"index","follow":"follow","max-snippet":"max-snippet:-1","max-image-preview":"max-image-preview:large","max-video-preview":"max-video-preview:-1"},"canonical":"https:\/\/www.sestogrado.it\/it\/prodotto\/edelweiss-rocklight-ii-9-8-corda-arrampicata\/","og_locale":"it_IT","og_type":"article","og_title":"Edelweiss Rocklight II 9.8 corda arrampicata - Sestogrado","og_description":"La corda best seller tra le 9.8 di Sestogrado online shop. La Edelweiss Rocklight II \u00e8 una buona corda intermedia che\u00a0fornisce equilibrio tra durata e peso. Ideale per i climber che ogni tanto volano e che lavorano spesso una via e che vogliono una corda robusta, durevole ma al tempo stesso scorrevole.","og_url":"https:\/\/www.sestogrado.it\/it\/prodotto\/edelweiss-rocklight-ii-9-8-corda-arrampicata\/","og_site_name":"Sestogrado","article_publisher":"https:\/\/www.facebook.com\/pages\/Sestogrado\/1542635979353017?ref=bookmarks","article_modified_time":"2026-04-23T10:51:35+00:00","og_image":[{"width":1035,"height":1035,"url":"https:\/\/www.sestogrado.it\/wp-content\/uploads\/2015\/03\/edelweiss-rocklight.jpg","type":"image\/jpeg"}],"twitter_misc":{"Disponibilit\u00e0":"In stock"},"schema":{"@context":"https:\/\/schema.org","@graph":[{"@type":"WebPage","@id":"https:\/\/www.sestogrado.it\/it\/prodotto\/edelweiss-rocklight-ii-9-8-corda-arrampicata\/","url":"https:\/\/www.sestogrado.it\/it\/prodotto\/edelweiss-rocklight-ii-9-8-corda-arrampicata\/","name":"Edelweiss Rocklight II 9.8 corda arrampicata - Sestogrado","isPartOf":{"@id":"https:\/\/www.sestogrado.it\/it\/#website"},"primaryImageOfPage":{"@id":"https:\/\/www.sestogrado.it\/it\/prodotto\/edelweiss-rocklight-ii-9-8-corda-arrampicata\/#primaryimage"},"image":{"@id":"https:\/\/www.sestogrado.it\/prodotto\/edelweiss-rocklight-ii-9-8-corda-arrampicata\/#primaryimage"},"thumbnailUrl":"https:\/\/www.sestogrado.it\/wp-content\/uploads\/2015\/03\/edelweiss-rocklight.jpg","datePublished":"2015-03-27T14:55:12+00:00","dateModified":"2026-04-23T10:51:35+00:00","description":"La corda best seller tra le 9.8 di Sestogrado online shop. La Edelweiss Rocklight II \u00e8 una buona corda intermedia che\u00a0fornisce equilibrio tra durata e peso. Ideale per i climber che ogni tanto volano e che lavorano spesso una via e che vogliono una corda robusta, durevole ma al tempo stesso scorrevole.","breadcrumb":{"@id":"https:\/\/www.sestogrado.it\/it\/prodotto\/edelweiss-rocklight-ii-9-8-corda-arrampicata\/#breadcrumb"},"inLanguage":"it-IT","potentialAction":[{"@type":"ReadAction","target":[["https:\/\/www.sestogrado.it\/it\/prodotto\/edelweiss-rocklight-ii-9-8-corda-arrampicata\/"]]}]},{"@type":"ImageObject","inLanguage":"it-IT","@id":"https:\/\/www.sestogrado.it\/it\/prodotto\/edelweiss-rocklight-ii-9-8-corda-arrampicata\/#primaryimage","url":"https:\/\/www.sestogrado.it\/wp-content\/uploads\/2015\/03\/edelweiss-rocklight.jpg","contentUrl":"https:\/\/www.sestogrado.it\/wp-content\/uploads\/2015\/03\/edelweiss-rocklight.jpg","width":1035,"height":1035,"caption":"edelweiss rocklight"},{"@type":"BreadcrumbList","@id":"https:\/\/www.sestogrado.it\/it\/prodotto\/edelweiss-rocklight-ii-9-8-corda-arrampicata\/#breadcrumb","itemListElement":[{"@type":"ListItem","position":1,"name":"Home","item":"https:\/\/www.sestogrado.it\/it\/"},{"@type":"ListItem","position":2,"name":"Shop","item":"https:\/\/www.sestogrado.it\/it\/shop\/"},{"@type":"ListItem","position":3,"name":"Edelweiss Rocklight II 9.8 corda arrampicata"}]},{"@type":"WebSite","@id":"https:\/\/www.sestogrado.it\/it\/#website","url":"https:\/\/www.sestogrado.it\/it\/","name":"Sestogrado","description":"yes we climb","publisher":{"@id":"https:\/\/www.sestogrado.it\/it\/#organization"},"potentialAction":[{"@type":"SearchAction","target":{"@type":"EntryPoint","urlTemplate":"https:\/\/www.sestogrado.it\/it\/?s={search_term_string}"},"query-input":{"@type":"PropertyValueSpecification","valueRequired":true,"valueName":"search_term_string"}}],"inLanguage":"it-IT"},{"@type":"Organization","@id":"https:\/\/www.sestogrado.it\/it\/#organization","name":"Sestogrado","url":"https:\/\/www.sestogrado.it\/it\/","logo":{"@type":"ImageObject","inLanguage":"it-IT","@id":"https:\/\/www.sestogrado.it\/it\/#\/schema\/logo\/image\/","url":"https:\/\/www.sestogrado.it\/wp-content\/uploads\/2015\/03\/sestogrado-favicon.png","contentUrl":"https:\/\/www.sestogrado.it\/wp-content\/uploads\/2015\/03\/sestogrado-favicon.png","width":260,"height":260,"caption":"Sestogrado"},"image":{"@id":"https:\/\/www.sestogrado.it\/it\/#\/schema\/logo\/image\/"},"sameAs":["https:\/\/www.facebook.com\/pages\/Sestogrado\/1542635979353017?ref=bookmarks","https:\/\/www.youtube.com\/channel\/UC847kAfTkaJsWpc1jtQwr3Q"],"hasMerchantReturnPolicy":{"@type":"MerchantReturnPolicy","merchantReturnLink":"https:\/\/www.sestogrado.it\/it\/termini-e-condizioni\/"}}]},"product_brand":"Edelweiss","og_availability":"instock","product_availability":"instock","product_condition":"new"},"_links":{"self":[{"href":"https:\/\/www.sestogrado.it\/it\/wp-json\/wp\/v2\/product\/675","targetHints":{"allow":["GET"]}}],"collection":[{"href":"https:\/\/www.sestogrado.it\/it\/wp-json\/wp\/v2\/product"}],"about":[{"href":"https:\/\/www.sestogrado.it\/it\/wp-json\/wp\/v2\/types\/product"}],"replies":[{"embeddable":true,"href":"https:\/\/www.sestogrado.it\/it\/wp-json\/wp\/v2\/comments?post=675"}],"wp:featuredmedia":[{"embeddable":true,"href":"https:\/\/www.sestogrado.it\/it\/wp-json\/wp\/v2\/media\/19892"}],"wp:attachment":[{"href":"https:\/\/www.sestogrado.it\/it\/wp-json\/wp\/v2\/media?parent=675"}],"wp:term":[{"taxonomy":"product_brand","embeddable":true,"href":"https:\/\/www.sestogrado.it\/it\/wp-json\/wp\/v2\/product_brand?post=675"},{"taxonomy":"product_cat","embeddable":true,"href":"https:\/\/www.sestogrado.it\/it\/wp-json\/wp\/v2\/product_cat?post=675"},{"taxonomy":"product_tag","embeddable":true,"href":"https:\/\/www.sestogrado.it\/it\/wp-json\/wp\/v2\/product_tag?post=675"}],"curies":[{"name":"wp","href":"https:\/\/api.w.org\/{rel}","templated":true}]}}