{"id":6730,"date":"2020-07-31T07:46:18","date_gmt":"2020-07-31T05:46:18","guid":{"rendered":"http:\/\/www.sestogrado.it\/?post_type=product&#038;p=6730"},"modified":"2025-09-22T12:10:44","modified_gmt":"2025-09-22T10:10:44","slug":"grivel-daisy-chain","status":"publish","type":"product","link":"https:\/\/www.sestogrado.it\/it\/prodotto\/grivel-daisy-chain\/","title":{"rendered":"Grivel Daisy Chain Evo arrampicata"},"content":{"rendered":"<p>La Grivel Daisy Chain Evo \u00e8 l&#8217;evoluzione della prima daisy chain nel mercato ad anelli collegati. Ha una costruzione speciale creata per sostenere 23kn di tenuta per ogni anello eliminando i rischi possibili da manovre pericolose. La sicurezza viene cos\u00ec aumentata rispetto ad una costruzione tradizionale, mantenendo comunque versatilit\u00e0 e praticit\u00e0. E&#8217; utilizzabile per connessioni o equalizzazioni degli ancoraggi di sosta, come assicurazione in sosta, come longe per la discesa in corda doppia oppure come staffa. <strong>Nuova costruzione<\/strong> con possibilit\u00e0 di fissaggio all&#8217;imbragatura mediante bocca di lupo doppia (raccomandata) o singola. Ogni anello ha le estremit\u00e0 cucite per agevolare lo scorrimento e la fluidit\u00e0.<\/p>\n<p>&nbsp;<\/p>\n<p>Grivel Daisy Chain Evo pu\u00f2 essere utilizzata come:<\/p>\n<ul>\n<li>autoassicurazione in sosta<\/li>\n<li>come longe per la discesa in corda doppia<\/li>\n<li>per la connessione e l\u2019equalizzazione degli ancoraggi in sosta<\/li>\n<li>come staffa<\/li>\n<\/ul>\n<p>&nbsp;<\/p>\n<p>Nata nel 1818 a Courmayeur, la Grivel \u00e8 un\u2019azienda italiana che produce attrezzature ed equipaggiamenti per alpinismo, arrampicata ed outdoor esportando in 26 paesi.\u00a0\u00a0L\u2019azienda ha ottenuto la certificazione GS T\u00dcV dal 1992, ISO 9001 dal 1996, ISO 1400 dal 2004.\u00a0L\u2019obiettivo di\u00a0Grivel \u00e8 di facilitare la vita agli alpinisti e agli amanti della montagna\u00a0con prodotti tecnologicamente avanzati.<\/p>\n<p>&nbsp;<\/p>","protected":false},"excerpt":{"rendered":"<p>La Grivel Daisy Chain Evo \u00e8 l&#8217;evoluzione della prima daisy chain nel mercato ad anelli collegati. Ha una costruzione speciale [&hellip;]<\/p>\n","protected":false},"featured_media":37829,"comment_status":"open","ping_status":"closed","template":"","meta":{"_acf_changed":false},"product_brand":[126],"product_cat":[137],"product_tag":[424],"class_list":{"0":"post-6730","1":"product","2":"type-product","3":"status-publish","4":"has-post-thumbnail","6":"product_brand-grivel","7":"product_cat-fettucce-e-cordini","8":"product_tag-daisy-chain","10":"first","11":"instock","12":"sale","13":"taxable","14":"shipping-taxable","15":"purchasable","16":"product-type-simple"},"acf":[],"yoast_head":"<!-- This site is optimized with the Yoast SEO plugin v26.4 - https:\/\/yoast.com\/wordpress\/plugins\/seo\/ -->\n<title>Grivel Daisy Chain Evo arrampicata - Sestogrado<\/title>\n<meta name=\"description\" content=\"La Grivel Daisy Chain \u00e8 stata la prima daisy sul mercato a risolvere il problema delle daisy chain tradizionali, inserendo anelli con 23kN di tenuta. La Grivel Daisy Chain mantiene la\u00a0versatilit\u00e0 e comodit\u00e0 di una daisy chain ma con parametri di sicurezza elevatissimi.\" \/>\n<meta name=\"robots\" content=\"index, follow, max-snippet:-1, max-image-preview:large, max-video-preview:-1\" \/>\n<link rel=\"canonical\" href=\"https:\/\/www.sestogrado.it\/it\/prodotto\/grivel-daisy-chain\/\" \/>\n<meta property=\"og:locale\" content=\"it_IT\" \/>\n<meta property=\"og:type\" content=\"article\" \/>\n<meta property=\"og:title\" content=\"Grivel Daisy Chain Evo arrampicata - Sestogrado\" \/>\n<meta property=\"og:description\" content=\"La Grivel Daisy Chain \u00e8 stata la prima daisy sul mercato a risolvere il problema delle daisy chain tradizionali, inserendo anelli con 23kN di tenuta. La Grivel Daisy Chain mantiene la\u00a0versatilit\u00e0 e comodit\u00e0 di una daisy chain ma con parametri di sicurezza elevatissimi.\" \/>\n<meta property=\"og:url\" content=\"https:\/\/www.sestogrado.it\/it\/prodotto\/grivel-daisy-chain\/\" \/>\n<meta property=\"og:site_name\" content=\"Sestogrado\" \/>\n<meta property=\"article:publisher\" content=\"https:\/\/www.facebook.com\/pages\/Sestogrado\/1542635979353017?ref=bookmarks\" \/>\n<meta property=\"article:modified_time\" content=\"2025-09-22T10:10:44+00:00\" \/>\n<meta property=\"og:image\" content=\"https:\/\/www.sestogrado.it\/wp-content\/uploads\/2016\/05\/daisy-evo.jpg\" \/>\n\t<meta property=\"og:image:width\" content=\"1260\" \/>\n\t<meta property=\"og:image:height\" content=\"1260\" \/>\n\t<meta property=\"og:image:type\" content=\"image\/jpeg\" \/>\n<meta name=\"twitter:label1\" content=\"Prezzo\" \/>\n\t<meta name=\"twitter:data1\" content=\"&euro;&nbsp;49,90\" \/>\n\t<meta name=\"twitter:label2\" content=\"Disponibilit\u00e0\" \/>\n\t<meta name=\"twitter:data2\" content=\"In stock\" \/>\n<script type=\"application\/ld+json\" class=\"yoast-schema-graph\">{\"@context\":\"https:\/\/schema.org\",\"@graph\":[{\"@type\":\"WebPage\",\"@id\":\"https:\/\/www.sestogrado.it\/it\/prodotto\/grivel-daisy-chain\/\",\"url\":\"https:\/\/www.sestogrado.it\/it\/prodotto\/grivel-daisy-chain\/\",\"name\":\"Grivel Daisy Chain Evo arrampicata - Sestogrado\",\"isPartOf\":{\"@id\":\"https:\/\/www.sestogrado.it\/it\/#website\"},\"primaryImageOfPage\":{\"@id\":\"https:\/\/www.sestogrado.it\/it\/prodotto\/grivel-daisy-chain\/#primaryimage\"},\"image\":{\"@id\":\"https:\/\/www.sestogrado.it\/prodotto\/grivel-daisy-chain\/#primaryimage\"},\"thumbnailUrl\":\"https:\/\/www.sestogrado.it\/wp-content\/uploads\/2016\/05\/daisy-evo.jpg\",\"datePublished\":\"2020-07-31T05:46:18+00:00\",\"dateModified\":\"2025-09-22T10:10:44+00:00\",\"description\":\"La Grivel Daisy Chain \u00e8 stata la prima daisy sul mercato a risolvere il problema delle daisy chain tradizionali, inserendo anelli con 23kN di tenuta. La Grivel Daisy Chain mantiene la\u00a0versatilit\u00e0 e comodit\u00e0 di una daisy chain ma con parametri di sicurezza elevatissimi.\",\"breadcrumb\":{\"@id\":\"https:\/\/www.sestogrado.it\/it\/prodotto\/grivel-daisy-chain\/#breadcrumb\"},\"inLanguage\":\"it-IT\",\"potentialAction\":[{\"@type\":\"ReadAction\",\"target\":[[\"https:\/\/www.sestogrado.it\/it\/prodotto\/grivel-daisy-chain\/\"]]}]},{\"@type\":\"ImageObject\",\"inLanguage\":\"it-IT\",\"@id\":\"https:\/\/www.sestogrado.it\/it\/prodotto\/grivel-daisy-chain\/#primaryimage\",\"url\":\"https:\/\/www.sestogrado.it\/wp-content\/uploads\/2016\/05\/daisy-evo.jpg\",\"contentUrl\":\"https:\/\/www.sestogrado.it\/wp-content\/uploads\/2016\/05\/daisy-evo.jpg\",\"width\":1260,\"height\":1260,\"caption\":\"grivel daisy chain evo\"},{\"@type\":\"BreadcrumbList\",\"@id\":\"https:\/\/www.sestogrado.it\/it\/prodotto\/grivel-daisy-chain\/#breadcrumb\",\"itemListElement\":[{\"@type\":\"ListItem\",\"position\":1,\"name\":\"Home\",\"item\":\"https:\/\/www.sestogrado.it\/it\/\"},{\"@type\":\"ListItem\",\"position\":2,\"name\":\"Shop\",\"item\":\"https:\/\/www.sestogrado.it\/it\/shop\/\"},{\"@type\":\"ListItem\",\"position\":3,\"name\":\"Grivel Daisy Chain Evo arrampicata\"}]},{\"@type\":\"WebSite\",\"@id\":\"https:\/\/www.sestogrado.it\/it\/#website\",\"url\":\"https:\/\/www.sestogrado.it\/it\/\",\"name\":\"Sestogrado\",\"description\":\"yes we climb\",\"publisher\":{\"@id\":\"https:\/\/www.sestogrado.it\/it\/#organization\"},\"potentialAction\":[{\"@type\":\"SearchAction\",\"target\":{\"@type\":\"EntryPoint\",\"urlTemplate\":\"https:\/\/www.sestogrado.it\/it\/?s={search_term_string}\"},\"query-input\":{\"@type\":\"PropertyValueSpecification\",\"valueRequired\":true,\"valueName\":\"search_term_string\"}}],\"inLanguage\":\"it-IT\"},{\"@type\":\"Organization\",\"@id\":\"https:\/\/www.sestogrado.it\/it\/#organization\",\"name\":\"Sestogrado\",\"url\":\"https:\/\/www.sestogrado.it\/it\/\",\"logo\":{\"@type\":\"ImageObject\",\"inLanguage\":\"it-IT\",\"@id\":\"https:\/\/www.sestogrado.it\/it\/#\/schema\/logo\/image\/\",\"url\":\"https:\/\/www.sestogrado.it\/wp-content\/uploads\/2015\/03\/sestogrado-favicon.png\",\"contentUrl\":\"https:\/\/www.sestogrado.it\/wp-content\/uploads\/2015\/03\/sestogrado-favicon.png\",\"width\":260,\"height\":260,\"caption\":\"Sestogrado\"},\"image\":{\"@id\":\"https:\/\/www.sestogrado.it\/it\/#\/schema\/logo\/image\/\"},\"sameAs\":[\"https:\/\/www.facebook.com\/pages\/Sestogrado\/1542635979353017?ref=bookmarks\",\"https:\/\/www.youtube.com\/channel\/UC847kAfTkaJsWpc1jtQwr3Q\"],\"hasMerchantReturnPolicy\":{\"@type\":\"MerchantReturnPolicy\",\"merchantReturnLink\":\"https:\/\/www.sestogrado.it\/it\/termini-e-condizioni\/\"}}]}<\/script>\n<meta property=\"product:brand\" content=\"Grivel\" \/>\n<meta property=\"product:price:amount\" content=\"49.90\" \/>\n<meta property=\"product:price:currency\" content=\"EUR\" \/>\n<meta property=\"og:availability\" content=\"instock\" \/>\n<meta property=\"product:availability\" content=\"instock\" \/>\n<meta property=\"product:condition\" content=\"new\" \/>\n<!-- \/ Yoast SEO plugin. -->","yoast_head_json":{"title":"Grivel Daisy Chain Evo arrampicata - Sestogrado","description":"La Grivel Daisy Chain \u00e8 stata la prima daisy sul mercato a risolvere il problema delle daisy chain tradizionali, inserendo anelli con 23kN di tenuta. La Grivel Daisy Chain mantiene la\u00a0versatilit\u00e0 e comodit\u00e0 di una daisy chain ma con parametri di sicurezza elevatissimi.","robots":{"index":"index","follow":"follow","max-snippet":"max-snippet:-1","max-image-preview":"max-image-preview:large","max-video-preview":"max-video-preview:-1"},"canonical":"https:\/\/www.sestogrado.it\/it\/prodotto\/grivel-daisy-chain\/","og_locale":"it_IT","og_type":"article","og_title":"Grivel Daisy Chain Evo arrampicata - Sestogrado","og_description":"La Grivel Daisy Chain \u00e8 stata la prima daisy sul mercato a risolvere il problema delle daisy chain tradizionali, inserendo anelli con 23kN di tenuta. La Grivel Daisy Chain mantiene la\u00a0versatilit\u00e0 e comodit\u00e0 di una daisy chain ma con parametri di sicurezza elevatissimi.","og_url":"https:\/\/www.sestogrado.it\/it\/prodotto\/grivel-daisy-chain\/","og_site_name":"Sestogrado","article_publisher":"https:\/\/www.facebook.com\/pages\/Sestogrado\/1542635979353017?ref=bookmarks","article_modified_time":"2025-09-22T10:10:44+00:00","og_image":[{"width":1260,"height":1260,"url":"https:\/\/www.sestogrado.it\/wp-content\/uploads\/2016\/05\/daisy-evo.jpg","type":"image\/jpeg"}],"twitter_misc":{"Prezzo":"&euro;&nbsp;49,90","Disponibilit\u00e0":"In stock"},"schema":{"@context":"https:\/\/schema.org","@graph":[{"@type":"WebPage","@id":"https:\/\/www.sestogrado.it\/it\/prodotto\/grivel-daisy-chain\/","url":"https:\/\/www.sestogrado.it\/it\/prodotto\/grivel-daisy-chain\/","name":"Grivel Daisy Chain Evo arrampicata - Sestogrado","isPartOf":{"@id":"https:\/\/www.sestogrado.it\/it\/#website"},"primaryImageOfPage":{"@id":"https:\/\/www.sestogrado.it\/it\/prodotto\/grivel-daisy-chain\/#primaryimage"},"image":{"@id":"https:\/\/www.sestogrado.it\/prodotto\/grivel-daisy-chain\/#primaryimage"},"thumbnailUrl":"https:\/\/www.sestogrado.it\/wp-content\/uploads\/2016\/05\/daisy-evo.jpg","datePublished":"2020-07-31T05:46:18+00:00","dateModified":"2025-09-22T10:10:44+00:00","description":"La Grivel Daisy Chain \u00e8 stata la prima daisy sul mercato a risolvere il problema delle daisy chain tradizionali, inserendo anelli con 23kN di tenuta. La Grivel Daisy Chain mantiene la\u00a0versatilit\u00e0 e comodit\u00e0 di una daisy chain ma con parametri di sicurezza elevatissimi.","breadcrumb":{"@id":"https:\/\/www.sestogrado.it\/it\/prodotto\/grivel-daisy-chain\/#breadcrumb"},"inLanguage":"it-IT","potentialAction":[{"@type":"ReadAction","target":[["https:\/\/www.sestogrado.it\/it\/prodotto\/grivel-daisy-chain\/"]]}]},{"@type":"ImageObject","inLanguage":"it-IT","@id":"https:\/\/www.sestogrado.it\/it\/prodotto\/grivel-daisy-chain\/#primaryimage","url":"https:\/\/www.sestogrado.it\/wp-content\/uploads\/2016\/05\/daisy-evo.jpg","contentUrl":"https:\/\/www.sestogrado.it\/wp-content\/uploads\/2016\/05\/daisy-evo.jpg","width":1260,"height":1260,"caption":"grivel daisy chain evo"},{"@type":"BreadcrumbList","@id":"https:\/\/www.sestogrado.it\/it\/prodotto\/grivel-daisy-chain\/#breadcrumb","itemListElement":[{"@type":"ListItem","position":1,"name":"Home","item":"https:\/\/www.sestogrado.it\/it\/"},{"@type":"ListItem","position":2,"name":"Shop","item":"https:\/\/www.sestogrado.it\/it\/shop\/"},{"@type":"ListItem","position":3,"name":"Grivel Daisy Chain Evo arrampicata"}]},{"@type":"WebSite","@id":"https:\/\/www.sestogrado.it\/it\/#website","url":"https:\/\/www.sestogrado.it\/it\/","name":"Sestogrado","description":"yes we climb","publisher":{"@id":"https:\/\/www.sestogrado.it\/it\/#organization"},"potentialAction":[{"@type":"SearchAction","target":{"@type":"EntryPoint","urlTemplate":"https:\/\/www.sestogrado.it\/it\/?s={search_term_string}"},"query-input":{"@type":"PropertyValueSpecification","valueRequired":true,"valueName":"search_term_string"}}],"inLanguage":"it-IT"},{"@type":"Organization","@id":"https:\/\/www.sestogrado.it\/it\/#organization","name":"Sestogrado","url":"https:\/\/www.sestogrado.it\/it\/","logo":{"@type":"ImageObject","inLanguage":"it-IT","@id":"https:\/\/www.sestogrado.it\/it\/#\/schema\/logo\/image\/","url":"https:\/\/www.sestogrado.it\/wp-content\/uploads\/2015\/03\/sestogrado-favicon.png","contentUrl":"https:\/\/www.sestogrado.it\/wp-content\/uploads\/2015\/03\/sestogrado-favicon.png","width":260,"height":260,"caption":"Sestogrado"},"image":{"@id":"https:\/\/www.sestogrado.it\/it\/#\/schema\/logo\/image\/"},"sameAs":["https:\/\/www.facebook.com\/pages\/Sestogrado\/1542635979353017?ref=bookmarks","https:\/\/www.youtube.com\/channel\/UC847kAfTkaJsWpc1jtQwr3Q"],"hasMerchantReturnPolicy":{"@type":"MerchantReturnPolicy","merchantReturnLink":"https:\/\/www.sestogrado.it\/it\/termini-e-condizioni\/"}}]},"product_brand":"Grivel","product_price_amount":"49.90","product_price_currency":"EUR","og_availability":"instock","product_availability":"instock","product_condition":"new"},"_links":{"self":[{"href":"https:\/\/www.sestogrado.it\/it\/wp-json\/wp\/v2\/product\/6730","targetHints":{"allow":["GET"]}}],"collection":[{"href":"https:\/\/www.sestogrado.it\/it\/wp-json\/wp\/v2\/product"}],"about":[{"href":"https:\/\/www.sestogrado.it\/it\/wp-json\/wp\/v2\/types\/product"}],"replies":[{"embeddable":true,"href":"https:\/\/www.sestogrado.it\/it\/wp-json\/wp\/v2\/comments?post=6730"}],"wp:featuredmedia":[{"embeddable":true,"href":"https:\/\/www.sestogrado.it\/it\/wp-json\/wp\/v2\/media\/37829"}],"wp:attachment":[{"href":"https:\/\/www.sestogrado.it\/it\/wp-json\/wp\/v2\/media?parent=6730"}],"wp:term":[{"taxonomy":"product_brand","embeddable":true,"href":"https:\/\/www.sestogrado.it\/it\/wp-json\/wp\/v2\/product_brand?post=6730"},{"taxonomy":"product_cat","embeddable":true,"href":"https:\/\/www.sestogrado.it\/it\/wp-json\/wp\/v2\/product_cat?post=6730"},{"taxonomy":"product_tag","embeddable":true,"href":"https:\/\/www.sestogrado.it\/it\/wp-json\/wp\/v2\/product_tag?post=6730"}],"curies":[{"name":"wp","href":"https:\/\/api.w.org\/{rel}","templated":true}]}}