{"id":64946,"date":"2021-08-27T10:06:38","date_gmt":"2021-08-27T08:06:38","guid":{"rendered":"https:\/\/www.sestogrado.it\/?post_type=product&#038;p=64946"},"modified":"2026-05-11T16:00:55","modified_gmt":"2026-05-11T14:00:55","slug":"pin-go-clipstick-bastone-telescopico-per-rinviare-multifunzione","status":"publish","type":"product","link":"https:\/\/www.sestogrado.it\/it\/prodotto\/pin-go-clipstick-bastone-telescopico-per-rinviare-multifunzione\/","title":{"rendered":"PinGo! Clipstick bastone telescopico per rinviare multifunzione"},"content":{"rendered":"<p><\/p>\n<div class=\"wpb_column vc_column_container vc_col-sm-6\">\n<div class=\"vc_column-inner vc_custom_1489086415911\">\n<div class=\"wpb_wrapper\">\n<div class=\"wpb_text_column wpb_content_element vc_custom_1606032251567\">\n<div class=\"wpb_wrapper\">\n<p>Il bastone telescopico PinGo! \u00e8 un bastone multifunzione della lunghezza 52-235cm per rinviare il primo rinvio della via quando \u00e8 troppo lontano. Chiuso \u00e8 lungo solo 52 cm e pu\u00f2 essere riposto facilmente nello zaino.<\/p>\n<p>Con soltanto 230 gr di peso, PinGo! \u00e8 il bastone da clippare pi\u00f9 leggero del mercato. Dispiegato, ha una lunghezza di 2,35 m e quindi un raggio di circa 5 m, che ti permetter\u00e0 moschettonare il rinvio allo spit facilmente. Grazie alla sua leggerezza e compattezza, non ti accorgerai nemmeno di averla nel tuo zaino o appesa alla tua imbracatura.<\/p>\n<p>PinGo! \u00e8 realizzato in fibra di vetro, quindi, a differenza di altri bastoni realizzati con materiali pi\u00f9 rigidi, evita deformazioni permanenti, essendo resistente alle intemperie e all\u2019uso continuato.<\/p>\n<h2><b>3 FUNZIONI UNO<\/b><\/h2>\n<p><b>Clippare<\/b><\/p>\n<p>Grazie al suo design innovativo e alla sua leggerezza, con PinGo! potrai <b>clippare il rinvio<\/b>\u00a0nello spit velocemente.<\/p>\n<p><img decoding=\"async\" class=\"alignnone wp-image-10645 jetpack-lazy-image jetpack-lazy-image--handled\" src=\"https:\/\/i0.wp.com\/pingoclipstick.com\/wp-content\/uploads\/2020\/10\/chapar-cinta.png?resize=102%2C102&amp;ssl=1\" alt=\"\" width=\"102\" height=\"102\" data-recalc-dims=\"1\" data-lazy-loaded=\"1\" \/><\/p>\n<p>&nbsp;<\/p>\n<p><b>Passare la corda<\/b><\/p>\n<p>Inoltre, se i rinvii sono gi\u00e0 inseriti sullo spit, con PinGo! potrai <b>passare la corda a distanza senza sforzo.<\/b><\/p>\n<p><img decoding=\"async\" class=\"alignnone wp-image-10644 jetpack-lazy-image jetpack-lazy-image--handled\" src=\"https:\/\/i0.wp.com\/pingoclipstick.com\/wp-content\/uploads\/2020\/10\/pasar-cuerda.png?resize=102%2C102&amp;ssl=1\" alt=\"\" width=\"102\" height=\"102\" data-recalc-dims=\"1\" data-lazy-loaded=\"1\" \/><\/p>\n<p>&nbsp;<\/p>\n<p><b>Recuperare corda<\/b><\/p>\n<p>L\u2019esclusivo sistema PinGo! ti permetter\u00e0 <b>recuperare il capo della corda<\/b>\u00a0quando rimane irraggiungibile.<\/p>\n<p><img decoding=\"async\" class=\"alignnone wp-image-10646 jetpack-lazy-image jetpack-lazy-image--handled\" src=\"https:\/\/i1.wp.com\/pingoclipstick.com\/wp-content\/uploads\/2020\/10\/capturar-cuerda.png?resize=102%2C102&amp;ssl=1\" alt=\"\" width=\"102\" height=\"102\" data-recalc-dims=\"1\" data-lazy-loaded=\"1\" \/><\/p>\n<p>&nbsp;<\/p>\n<\/div>\n<ul class=\"list-description list-unstyled\">\n<li class=\"list-description__item clearfix\">\n<div class=\"scrollme animateme\" data-when=\"enter\" data-from=\"0.5\" data-to=\"0\" data-opacity=\"0\" data-translatex=\"0\" data-translatey=\"300\" data-rotatez=\"0\"><span class=\"list-description__inner\"><span class=\"list-description__title\">PI\u00d9 FACILE: <\/span><span class=\"list-description__text\">Clippare i rinvii in una via non \u00e8 stato mai cos\u00ec facile. Adesso puoi rinviare l\u2019intera via e lasciarla pronta senza sprecare energia, conservandola cos\u00ed per i movimenti chiave.<\/span><\/span><\/div>\n<\/li>\n<li class=\"list-description__item clearfix\">\n<div class=\"scrollme animateme\" data-when=\"enter\" data-from=\"0.5\" data-to=\"0\" data-opacity=\"0\" data-translatex=\"0\" data-translatey=\"300\" data-rotatez=\"0\"><span class=\"list-description__inner\"><span class=\"list-description__title\">PI\u00d9 SICURO: <\/span><span class=\"list-description__text\">Clippare il primo e\/o il secondo rinvio ti pu\u00f2 aiutare a prevenire cadute pericolose e cos\u00ec ti assicuri fin dall\u2019inizio della via.<br \/>\nIl bastone Pin Go! \u00e8 un elemento di sicurezza indispensabile per gli arrampicatori.<\/span><\/span><\/div>\n<\/li>\n<li class=\"list-description__item clearfix\">\n<div class=\"scrollme animateme\" data-when=\"enter\" data-from=\"0.5\" data-to=\"0\" data-opacity=\"0\" data-translatex=\"0\" data-translatey=\"300\" data-rotatez=\"0\"><span class=\"list-description__inner\"><span class=\"list-description__title\">PI\u00d9 LEGGERO: <\/span><span class=\"list-description__text\">Ci sono oltri bastoni sul mercato, <strong>ma non cos\u00ec leggeri e facili da utilizzare come Pin Go!<\/strong> Con poco pi\u00f9 di 230 gr. potrai metterlo nello zaino o appeso dell&#8217;imbragatura senza appena renderti conto, per poi usarlo giusto quando ne hai bisogno, non importa quanto in alto tu sia arrivato.<\/span><\/span><\/div>\n<\/li>\n<\/ul>\n<p>&nbsp;<\/p>\n<p>Il bastone per clippare PinGo! \u00e8 il miglior accessorio di arrampicata per praticare il tuo sport preferito. Pin Go! \u00e8 stato progettato per clippare a distanza il rinvio, assicurandoti cos\u00ec fin dall\u2019inizio della via.<\/p>\n<\/div>\n<\/div>\n<\/div>\n<\/div>\n<p><\/p>","protected":false},"excerpt":{"rendered":"<p>Il bastone telescopico PinGo! \u00e8 un bastone multifunzione della lunghezza 52-235cm per rinviare il primo rinvio della via quando \u00e8 [&hellip;]<\/p>\n","protected":false},"featured_media":65218,"comment_status":"open","ping_status":"closed","template":"","meta":{"_acf_changed":false},"product_brand":[882],"product_cat":[141,133],"product_tag":[],"class_list":{"0":"post-64946","1":"product","2":"type-product","3":"status-publish","4":"has-post-thumbnail","6":"product_brand-pin-go","7":"product_cat-accessori-accessori","8":"product_cat-rinvii","10":"first","11":"instock","12":"sale","13":"taxable","14":"shipping-taxable","15":"purchasable","16":"product-type-simple"},"acf":[],"yoast_head":"<!-- This site is optimized with the Yoast SEO plugin v26.4 - https:\/\/yoast.com\/wordpress\/plugins\/seo\/ -->\n<title>PinGo! Clipstick bastone telescopico per rinviare multifunzione - Sestogrado<\/title>\n<meta name=\"description\" content=\"Il bastone telescopico Pin Go! \u00e8 un bastone multifunzione della lunghezza 52-235cm per rinviare il primo rinvio della via quando \u00e8 troppo lontano.Con soltanto 230 gr di peso, Pin Go! \u00e8 il bastone da clippare pi\u00f9 leggero del mercato. Dispiegato, ha una lunghezza di 2,35 m e quindi un raggio di circa 5 m, che ti permetter\u00e0 moschettonare il rinvio allo spit facilmente. Grazie alla sua leggerezza e compattezza, non ti accorgerai nemmeno di averla nel tuo zaino o appesa alla tua imbracatura.Pin Go! \u00e8 realizzato in fibra di vetro, quindi, a differenza di altri bastoni realizzati con materiali pi\u00f9 rigidi, evita deformazioni permanenti, essendo resistente alle intemperie e all\u2019uso continuato.3 FUNZIONI UNO\" \/>\n<meta name=\"robots\" content=\"index, follow, max-snippet:-1, max-image-preview:large, max-video-preview:-1\" \/>\n<link rel=\"canonical\" href=\"https:\/\/www.sestogrado.it\/it\/prodotto\/pin-go-clipstick-bastone-telescopico-per-rinviare-multifunzione\/\" \/>\n<meta property=\"og:locale\" content=\"it_IT\" \/>\n<meta property=\"og:type\" content=\"article\" \/>\n<meta property=\"og:title\" content=\"PinGo! Clipstick bastone telescopico per rinviare multifunzione - Sestogrado\" \/>\n<meta property=\"og:description\" content=\"Il bastone telescopico Pin Go! \u00e8 un bastone multifunzione della lunghezza 52-235cm per rinviare il primo rinvio della via quando \u00e8 troppo lontano.Con soltanto 230 gr di peso, Pin Go! \u00e8 il bastone da clippare pi\u00f9 leggero del mercato. Dispiegato, ha una lunghezza di 2,35 m e quindi un raggio di circa 5 m, che ti permetter\u00e0 moschettonare il rinvio allo spit facilmente. Grazie alla sua leggerezza e compattezza, non ti accorgerai nemmeno di averla nel tuo zaino o appesa alla tua imbracatura.Pin Go! \u00e8 realizzato in fibra di vetro, quindi, a differenza di altri bastoni realizzati con materiali pi\u00f9 rigidi, evita deformazioni permanenti, essendo resistente alle intemperie e all\u2019uso continuato.3 FUNZIONI UNO\" \/>\n<meta property=\"og:url\" content=\"https:\/\/www.sestogrado.it\/it\/prodotto\/pin-go-clipstick-bastone-telescopico-per-rinviare-multifunzione\/\" \/>\n<meta property=\"og:site_name\" content=\"Sestogrado\" \/>\n<meta property=\"article:publisher\" content=\"https:\/\/www.facebook.com\/pages\/Sestogrado\/1542635979353017?ref=bookmarks\" \/>\n<meta property=\"article:modified_time\" content=\"2026-05-11T14:00:55+00:00\" \/>\n<meta property=\"og:image\" content=\"https:\/\/www.sestogrado.it\/wp-content\/uploads\/2021\/08\/01-1.jpg\" \/>\n\t<meta property=\"og:image:width\" content=\"1948\" \/>\n\t<meta property=\"og:image:height\" content=\"1947\" \/>\n\t<meta property=\"og:image:type\" content=\"image\/jpeg\" \/>\n<meta name=\"twitter:label1\" content=\"Prezzo\" \/>\n\t<meta name=\"twitter:data1\" content=\"&euro;&nbsp;48,90\" \/>\n\t<meta name=\"twitter:label2\" content=\"Disponibilit\u00e0\" \/>\n\t<meta name=\"twitter:data2\" content=\"In stock\" \/>\n<script type=\"application\/ld+json\" class=\"yoast-schema-graph\">{\"@context\":\"https:\/\/schema.org\",\"@graph\":[{\"@type\":\"WebPage\",\"@id\":\"https:\/\/www.sestogrado.it\/it\/prodotto\/pin-go-clipstick-bastone-telescopico-per-rinviare-multifunzione\/\",\"url\":\"https:\/\/www.sestogrado.it\/it\/prodotto\/pin-go-clipstick-bastone-telescopico-per-rinviare-multifunzione\/\",\"name\":\"PinGo! Clipstick bastone telescopico per rinviare multifunzione - Sestogrado\",\"isPartOf\":{\"@id\":\"https:\/\/www.sestogrado.it\/it\/#website\"},\"primaryImageOfPage\":{\"@id\":\"https:\/\/www.sestogrado.it\/it\/prodotto\/pin-go-clipstick-bastone-telescopico-per-rinviare-multifunzione\/#primaryimage\"},\"image\":{\"@id\":\"https:\/\/www.sestogrado.it\/prodotto\/pin-go-clipstick-bastone-telescopico-per-rinviare-multifunzione\/#primaryimage\"},\"thumbnailUrl\":\"https:\/\/www.sestogrado.it\/wp-content\/uploads\/2021\/08\/01-1.jpg\",\"datePublished\":\"2021-08-27T08:06:38+00:00\",\"dateModified\":\"2026-05-11T14:00:55+00:00\",\"description\":\"Il bastone telescopico Pin Go! \u00e8 un bastone multifunzione della lunghezza 52-235cm per rinviare il primo rinvio della via quando \u00e8 troppo lontano.Con soltanto 230 gr di peso, Pin Go! \u00e8 il bastone da clippare pi\u00f9 leggero del mercato. Dispiegato, ha una lunghezza di 2,35 m e quindi un raggio di circa 5 m, che ti permetter\u00e0 moschettonare il rinvio allo spit facilmente. Grazie alla sua leggerezza e compattezza, non ti accorgerai nemmeno di averla nel tuo zaino o appesa alla tua imbracatura.Pin Go! \u00e8 realizzato in fibra di vetro, quindi, a differenza di altri bastoni realizzati con materiali pi\u00f9 rigidi, evita deformazioni permanenti, essendo resistente alle intemperie e all\u2019uso continuato.3 FUNZIONI UNO\",\"breadcrumb\":{\"@id\":\"https:\/\/www.sestogrado.it\/it\/prodotto\/pin-go-clipstick-bastone-telescopico-per-rinviare-multifunzione\/#breadcrumb\"},\"inLanguage\":\"it-IT\",\"potentialAction\":[{\"@type\":\"ReadAction\",\"target\":[[\"https:\/\/www.sestogrado.it\/it\/prodotto\/pin-go-clipstick-bastone-telescopico-per-rinviare-multifunzione\/\"]]}]},{\"@type\":\"ImageObject\",\"inLanguage\":\"it-IT\",\"@id\":\"https:\/\/www.sestogrado.it\/it\/prodotto\/pin-go-clipstick-bastone-telescopico-per-rinviare-multifunzione\/#primaryimage\",\"url\":\"https:\/\/www.sestogrado.it\/wp-content\/uploads\/2021\/08\/01-1.jpg\",\"contentUrl\":\"https:\/\/www.sestogrado.it\/wp-content\/uploads\/2021\/08\/01-1.jpg\",\"width\":1948,\"height\":1947,\"caption\":\"pingo\"},{\"@type\":\"BreadcrumbList\",\"@id\":\"https:\/\/www.sestogrado.it\/it\/prodotto\/pin-go-clipstick-bastone-telescopico-per-rinviare-multifunzione\/#breadcrumb\",\"itemListElement\":[{\"@type\":\"ListItem\",\"position\":1,\"name\":\"Home\",\"item\":\"https:\/\/www.sestogrado.it\/it\/\"},{\"@type\":\"ListItem\",\"position\":2,\"name\":\"Shop\",\"item\":\"https:\/\/www.sestogrado.it\/it\/shop\/\"},{\"@type\":\"ListItem\",\"position\":3,\"name\":\"PinGo! Clipstick bastone telescopico per rinviare multifunzione\"}]},{\"@type\":\"WebSite\",\"@id\":\"https:\/\/www.sestogrado.it\/it\/#website\",\"url\":\"https:\/\/www.sestogrado.it\/it\/\",\"name\":\"Sestogrado\",\"description\":\"yes we climb\",\"publisher\":{\"@id\":\"https:\/\/www.sestogrado.it\/it\/#organization\"},\"potentialAction\":[{\"@type\":\"SearchAction\",\"target\":{\"@type\":\"EntryPoint\",\"urlTemplate\":\"https:\/\/www.sestogrado.it\/it\/?s={search_term_string}\"},\"query-input\":{\"@type\":\"PropertyValueSpecification\",\"valueRequired\":true,\"valueName\":\"search_term_string\"}}],\"inLanguage\":\"it-IT\"},{\"@type\":\"Organization\",\"@id\":\"https:\/\/www.sestogrado.it\/it\/#organization\",\"name\":\"Sestogrado\",\"url\":\"https:\/\/www.sestogrado.it\/it\/\",\"logo\":{\"@type\":\"ImageObject\",\"inLanguage\":\"it-IT\",\"@id\":\"https:\/\/www.sestogrado.it\/it\/#\/schema\/logo\/image\/\",\"url\":\"https:\/\/www.sestogrado.it\/wp-content\/uploads\/2015\/03\/sestogrado-favicon.png\",\"contentUrl\":\"https:\/\/www.sestogrado.it\/wp-content\/uploads\/2015\/03\/sestogrado-favicon.png\",\"width\":260,\"height\":260,\"caption\":\"Sestogrado\"},\"image\":{\"@id\":\"https:\/\/www.sestogrado.it\/it\/#\/schema\/logo\/image\/\"},\"sameAs\":[\"https:\/\/www.facebook.com\/pages\/Sestogrado\/1542635979353017?ref=bookmarks\",\"https:\/\/www.youtube.com\/channel\/UC847kAfTkaJsWpc1jtQwr3Q\"],\"hasMerchantReturnPolicy\":{\"@type\":\"MerchantReturnPolicy\",\"merchantReturnLink\":\"https:\/\/www.sestogrado.it\/it\/termini-e-condizioni\/\"}}]}<\/script>\n<meta property=\"product:brand\" content=\"Pin Go!\" \/>\n<meta property=\"product:price:amount\" content=\"48.90\" \/>\n<meta property=\"product:price:currency\" content=\"EUR\" \/>\n<meta property=\"og:availability\" content=\"instock\" \/>\n<meta property=\"product:availability\" content=\"instock\" \/>\n<meta property=\"product:condition\" content=\"new\" \/>\n<!-- \/ Yoast SEO plugin. -->","yoast_head_json":{"title":"PinGo! Clipstick bastone telescopico per rinviare multifunzione - Sestogrado","description":"Il bastone telescopico Pin Go! \u00e8 un bastone multifunzione della lunghezza 52-235cm per rinviare il primo rinvio della via quando \u00e8 troppo lontano.Con soltanto 230 gr di peso, Pin Go! \u00e8 il bastone da clippare pi\u00f9 leggero del mercato. Dispiegato, ha una lunghezza di 2,35 m e quindi un raggio di circa 5 m, che ti permetter\u00e0 moschettonare il rinvio allo spit facilmente. Grazie alla sua leggerezza e compattezza, non ti accorgerai nemmeno di averla nel tuo zaino o appesa alla tua imbracatura.Pin Go! \u00e8 realizzato in fibra di vetro, quindi, a differenza di altri bastoni realizzati con materiali pi\u00f9 rigidi, evita deformazioni permanenti, essendo resistente alle intemperie e all\u2019uso continuato.3 FUNZIONI UNO","robots":{"index":"index","follow":"follow","max-snippet":"max-snippet:-1","max-image-preview":"max-image-preview:large","max-video-preview":"max-video-preview:-1"},"canonical":"https:\/\/www.sestogrado.it\/it\/prodotto\/pin-go-clipstick-bastone-telescopico-per-rinviare-multifunzione\/","og_locale":"it_IT","og_type":"article","og_title":"PinGo! Clipstick bastone telescopico per rinviare multifunzione - Sestogrado","og_description":"Il bastone telescopico Pin Go! \u00e8 un bastone multifunzione della lunghezza 52-235cm per rinviare il primo rinvio della via quando \u00e8 troppo lontano.Con soltanto 230 gr di peso, Pin Go! \u00e8 il bastone da clippare pi\u00f9 leggero del mercato. Dispiegato, ha una lunghezza di 2,35 m e quindi un raggio di circa 5 m, che ti permetter\u00e0 moschettonare il rinvio allo spit facilmente. Grazie alla sua leggerezza e compattezza, non ti accorgerai nemmeno di averla nel tuo zaino o appesa alla tua imbracatura.Pin Go! \u00e8 realizzato in fibra di vetro, quindi, a differenza di altri bastoni realizzati con materiali pi\u00f9 rigidi, evita deformazioni permanenti, essendo resistente alle intemperie e all\u2019uso continuato.3 FUNZIONI UNO","og_url":"https:\/\/www.sestogrado.it\/it\/prodotto\/pin-go-clipstick-bastone-telescopico-per-rinviare-multifunzione\/","og_site_name":"Sestogrado","article_publisher":"https:\/\/www.facebook.com\/pages\/Sestogrado\/1542635979353017?ref=bookmarks","article_modified_time":"2026-05-11T14:00:55+00:00","og_image":[{"width":1948,"height":1947,"url":"https:\/\/www.sestogrado.it\/wp-content\/uploads\/2021\/08\/01-1.jpg","type":"image\/jpeg"}],"twitter_misc":{"Prezzo":"&euro;&nbsp;48,90","Disponibilit\u00e0":"In stock"},"schema":{"@context":"https:\/\/schema.org","@graph":[{"@type":"WebPage","@id":"https:\/\/www.sestogrado.it\/it\/prodotto\/pin-go-clipstick-bastone-telescopico-per-rinviare-multifunzione\/","url":"https:\/\/www.sestogrado.it\/it\/prodotto\/pin-go-clipstick-bastone-telescopico-per-rinviare-multifunzione\/","name":"PinGo! Clipstick bastone telescopico per rinviare multifunzione - Sestogrado","isPartOf":{"@id":"https:\/\/www.sestogrado.it\/it\/#website"},"primaryImageOfPage":{"@id":"https:\/\/www.sestogrado.it\/it\/prodotto\/pin-go-clipstick-bastone-telescopico-per-rinviare-multifunzione\/#primaryimage"},"image":{"@id":"https:\/\/www.sestogrado.it\/prodotto\/pin-go-clipstick-bastone-telescopico-per-rinviare-multifunzione\/#primaryimage"},"thumbnailUrl":"https:\/\/www.sestogrado.it\/wp-content\/uploads\/2021\/08\/01-1.jpg","datePublished":"2021-08-27T08:06:38+00:00","dateModified":"2026-05-11T14:00:55+00:00","description":"Il bastone telescopico Pin Go! \u00e8 un bastone multifunzione della lunghezza 52-235cm per rinviare il primo rinvio della via quando \u00e8 troppo lontano.Con soltanto 230 gr di peso, Pin Go! \u00e8 il bastone da clippare pi\u00f9 leggero del mercato. Dispiegato, ha una lunghezza di 2,35 m e quindi un raggio di circa 5 m, che ti permetter\u00e0 moschettonare il rinvio allo spit facilmente. Grazie alla sua leggerezza e compattezza, non ti accorgerai nemmeno di averla nel tuo zaino o appesa alla tua imbracatura.Pin Go! \u00e8 realizzato in fibra di vetro, quindi, a differenza di altri bastoni realizzati con materiali pi\u00f9 rigidi, evita deformazioni permanenti, essendo resistente alle intemperie e all\u2019uso continuato.3 FUNZIONI UNO","breadcrumb":{"@id":"https:\/\/www.sestogrado.it\/it\/prodotto\/pin-go-clipstick-bastone-telescopico-per-rinviare-multifunzione\/#breadcrumb"},"inLanguage":"it-IT","potentialAction":[{"@type":"ReadAction","target":[["https:\/\/www.sestogrado.it\/it\/prodotto\/pin-go-clipstick-bastone-telescopico-per-rinviare-multifunzione\/"]]}]},{"@type":"ImageObject","inLanguage":"it-IT","@id":"https:\/\/www.sestogrado.it\/it\/prodotto\/pin-go-clipstick-bastone-telescopico-per-rinviare-multifunzione\/#primaryimage","url":"https:\/\/www.sestogrado.it\/wp-content\/uploads\/2021\/08\/01-1.jpg","contentUrl":"https:\/\/www.sestogrado.it\/wp-content\/uploads\/2021\/08\/01-1.jpg","width":1948,"height":1947,"caption":"pingo"},{"@type":"BreadcrumbList","@id":"https:\/\/www.sestogrado.it\/it\/prodotto\/pin-go-clipstick-bastone-telescopico-per-rinviare-multifunzione\/#breadcrumb","itemListElement":[{"@type":"ListItem","position":1,"name":"Home","item":"https:\/\/www.sestogrado.it\/it\/"},{"@type":"ListItem","position":2,"name":"Shop","item":"https:\/\/www.sestogrado.it\/it\/shop\/"},{"@type":"ListItem","position":3,"name":"PinGo! Clipstick bastone telescopico per rinviare multifunzione"}]},{"@type":"WebSite","@id":"https:\/\/www.sestogrado.it\/it\/#website","url":"https:\/\/www.sestogrado.it\/it\/","name":"Sestogrado","description":"yes we climb","publisher":{"@id":"https:\/\/www.sestogrado.it\/it\/#organization"},"potentialAction":[{"@type":"SearchAction","target":{"@type":"EntryPoint","urlTemplate":"https:\/\/www.sestogrado.it\/it\/?s={search_term_string}"},"query-input":{"@type":"PropertyValueSpecification","valueRequired":true,"valueName":"search_term_string"}}],"inLanguage":"it-IT"},{"@type":"Organization","@id":"https:\/\/www.sestogrado.it\/it\/#organization","name":"Sestogrado","url":"https:\/\/www.sestogrado.it\/it\/","logo":{"@type":"ImageObject","inLanguage":"it-IT","@id":"https:\/\/www.sestogrado.it\/it\/#\/schema\/logo\/image\/","url":"https:\/\/www.sestogrado.it\/wp-content\/uploads\/2015\/03\/sestogrado-favicon.png","contentUrl":"https:\/\/www.sestogrado.it\/wp-content\/uploads\/2015\/03\/sestogrado-favicon.png","width":260,"height":260,"caption":"Sestogrado"},"image":{"@id":"https:\/\/www.sestogrado.it\/it\/#\/schema\/logo\/image\/"},"sameAs":["https:\/\/www.facebook.com\/pages\/Sestogrado\/1542635979353017?ref=bookmarks","https:\/\/www.youtube.com\/channel\/UC847kAfTkaJsWpc1jtQwr3Q"],"hasMerchantReturnPolicy":{"@type":"MerchantReturnPolicy","merchantReturnLink":"https:\/\/www.sestogrado.it\/it\/termini-e-condizioni\/"}}]},"product_brand":"Pin Go!","product_price_amount":"48.90","product_price_currency":"EUR","og_availability":"instock","product_availability":"instock","product_condition":"new"},"_links":{"self":[{"href":"https:\/\/www.sestogrado.it\/it\/wp-json\/wp\/v2\/product\/64946","targetHints":{"allow":["GET"]}}],"collection":[{"href":"https:\/\/www.sestogrado.it\/it\/wp-json\/wp\/v2\/product"}],"about":[{"href":"https:\/\/www.sestogrado.it\/it\/wp-json\/wp\/v2\/types\/product"}],"replies":[{"embeddable":true,"href":"https:\/\/www.sestogrado.it\/it\/wp-json\/wp\/v2\/comments?post=64946"}],"wp:featuredmedia":[{"embeddable":true,"href":"https:\/\/www.sestogrado.it\/it\/wp-json\/wp\/v2\/media\/65218"}],"wp:attachment":[{"href":"https:\/\/www.sestogrado.it\/it\/wp-json\/wp\/v2\/media?parent=64946"}],"wp:term":[{"taxonomy":"product_brand","embeddable":true,"href":"https:\/\/www.sestogrado.it\/it\/wp-json\/wp\/v2\/product_brand?post=64946"},{"taxonomy":"product_cat","embeddable":true,"href":"https:\/\/www.sestogrado.it\/it\/wp-json\/wp\/v2\/product_cat?post=64946"},{"taxonomy":"product_tag","embeddable":true,"href":"https:\/\/www.sestogrado.it\/it\/wp-json\/wp\/v2\/product_tag?post=64946"}],"curies":[{"name":"wp","href":"https:\/\/api.w.org\/{rel}","templated":true}]}}