{"id":64940,"date":"2021-08-17T15:21:26","date_gmt":"2021-08-17T13:21:26","guid":{"rendered":"https:\/\/www.sestogrado.it\/?post_type=product&#038;p=64940"},"modified":"2025-12-24T00:00:07","modified_gmt":"2025-12-23T23:00:07","slug":"fixe-316l-expansion-bolt-o12-chiodo-espansione-acciaio-inossidabile","status":"publish","type":"product","link":"https:\/\/www.sestogrado.it\/it\/prodotto\/fixe-316l-expansion-bolt-o12-chiodo-espansione-acciaio-inossidabile\/","title":{"rendered":"Fixe 316L Expansion Bolt \u00d812 chiodo espansione acciaio inossidabile"},"content":{"rendered":"<p>Il Fixe 316L Expansion Bolt \u00d812 \u00e8 un chiodo ad espansione in acciaio inossidabile 316L, ideale per utilizzo in esterni, dal diametro di 10mm e di tre lunghezze, 70, 90 e 110mm.<\/p>\n<ul>\n<li><span class=\"lbl\">EAN13:8436020031441<\/span><\/li>\n<li><span class=\"lbl\">Materiale: acciaio inossidabile 316L<\/span><\/li>\n<li><span class=\"lbl\">Lunghezza: 70mm, <\/span><span class=\"value\">90mm e 110mm<\/span><\/li>\n<li><span class=\"lbl\">Diametro:<\/span><span class=\"value\">12mm\u00a0<\/span><\/li>\n<li><span class=\"lbl\">Peso:<\/span><span class=\"value\">51g<\/span><\/li>\n<li>Resistenza: 25kN<\/li>\n<li>Torsione: 35nM<\/li>\n<li>Chiave: 17<\/li>\n<\/ul>\n<p>&nbsp;<\/p>\n<p>&nbsp;<\/p>\n<p>Fixe \u00e8 stata fondata nel 1983 in un luogo circondato da montagne e zone di arrampicata di prim\u2019ordine come Montserrat, Terradets e Siurana. \u00c8 diventato rapidamente un marchio leader nella comunit\u00e0 dell\u2019arrampicata e i suoi prodotti sono attualmente conosciuti in tutto il mondo.<\/p>\n<p>Roca \u00e8 uno dei pi\u00f9 antichi produttori di corde al mondo. Fondata nel 1891, dal 2012 \u00e8 entrata a far parte del gruppo Fixe, per realizza tutte le corde del proprio catalogo.<\/p>\n<p>Le corde Fixe Roca sono supportate da pi\u00f9 di 125 anni di esperienza nel settore. Tutta la produzione avviene a Sant Quirze de Besora (Catalogna), dove Fixe ha anche la sua sede principale e magazzini.<\/p>\n<p>Ogni amante della montagna trover\u00e0 la corda che cerca nel catalogo Fixe. Corde per arrampicata sportiva, arrampicata trad, alpinismo, palestre di arrampicata e canyoning, sia dinamiche che statiche. Una corda per ogni situazione e ogni attivit\u00e0 su terreno verticale.<\/p>","protected":false},"excerpt":{"rendered":"<p>Il Fixe 316L Expansion Bolt \u00d812 \u00e8 un chiodo ad espansione in acciaio inossidabile 316L, ideale per utilizzo in esterni, [&hellip;]<\/p>\n","protected":false},"featured_media":64941,"comment_status":"open","ping_status":"closed","template":"","meta":{"_acf_changed":false},"product_brand":[778],"product_cat":[343],"product_tag":[],"class_list":{"0":"post-64940","1":"product","2":"type-product","3":"status-publish","4":"has-post-thumbnail","6":"product_brand-fixe","7":"product_cat-chiodi-e-ancoraggi","9":"first","10":"instock","11":"sale","12":"taxable","13":"shipping-taxable","14":"purchasable","15":"product-type-variable"},"acf":[],"yoast_head":"<!-- This site is optimized with the Yoast SEO plugin v26.4 - https:\/\/yoast.com\/wordpress\/plugins\/seo\/ -->\n<title>Fixe 316L Expansion Bolt \u00d812 chiodo espansione acciaio inossidabile - Sestogrado<\/title>\n<meta name=\"description\" content=\"Il Fixe 316L Expansion Bolt \u00d812 \u00e8 un chiodo ad espansione in acciaio inossidabile 316L, ideale per utilizzo in esterni, dal diametro di 10mm e di due lunghezze, 70 e 90mm.EAN13:8436020031441Materiale: acciaio inossidabile 316LLunghezza: 70mm e 90mmDiametro:10mm\u00a0Peso:51gResistenza: 25kNTorsione: 35nMChiave: 17\" \/>\n<meta name=\"robots\" content=\"index, follow, max-snippet:-1, max-image-preview:large, max-video-preview:-1\" \/>\n<link rel=\"canonical\" href=\"https:\/\/www.sestogrado.it\/it\/prodotto\/fixe-316l-expansion-bolt-o12-chiodo-espansione-acciaio-inossidabile\/\" \/>\n<meta property=\"og:locale\" content=\"it_IT\" \/>\n<meta property=\"og:type\" content=\"article\" \/>\n<meta property=\"og:title\" content=\"Fixe 316L Expansion Bolt \u00d812 chiodo espansione acciaio inossidabile - Sestogrado\" \/>\n<meta property=\"og:description\" content=\"Il Fixe 316L Expansion Bolt \u00d812 \u00e8 un chiodo ad espansione in acciaio inossidabile 316L, ideale per utilizzo in esterni, dal diametro di 10mm e di due lunghezze, 70 e 90mm.EAN13:8436020031441Materiale: acciaio inossidabile 316LLunghezza: 70mm e 90mmDiametro:10mm\u00a0Peso:51gResistenza: 25kNTorsione: 35nMChiave: 17\" \/>\n<meta property=\"og:url\" content=\"https:\/\/www.sestogrado.it\/it\/prodotto\/fixe-316l-expansion-bolt-o12-chiodo-espansione-acciaio-inossidabile\/\" \/>\n<meta property=\"og:site_name\" content=\"Sestogrado\" \/>\n<meta property=\"article:publisher\" content=\"https:\/\/www.facebook.com\/pages\/Sestogrado\/1542635979353017?ref=bookmarks\" \/>\n<meta property=\"article:modified_time\" content=\"2025-12-23T23:00:07+00:00\" \/>\n<meta property=\"og:image\" content=\"https:\/\/www.sestogrado.it\/wp-content\/uploads\/2021\/08\/70-1.jpg\" \/>\n\t<meta property=\"og:image:width\" content=\"826\" \/>\n\t<meta property=\"og:image:height\" content=\"826\" \/>\n\t<meta property=\"og:image:type\" content=\"image\/jpeg\" \/>\n<meta name=\"twitter:label1\" content=\"Disponibilit\u00e0\" \/>\n\t<meta name=\"twitter:data1\" content=\"In stock\" \/>\n<script type=\"application\/ld+json\" class=\"yoast-schema-graph\">{\"@context\":\"https:\/\/schema.org\",\"@graph\":[{\"@type\":\"WebPage\",\"@id\":\"https:\/\/www.sestogrado.it\/it\/prodotto\/fixe-316l-expansion-bolt-o12-chiodo-espansione-acciaio-inossidabile\/\",\"url\":\"https:\/\/www.sestogrado.it\/it\/prodotto\/fixe-316l-expansion-bolt-o12-chiodo-espansione-acciaio-inossidabile\/\",\"name\":\"Fixe 316L Expansion Bolt \u00d812 chiodo espansione acciaio inossidabile - Sestogrado\",\"isPartOf\":{\"@id\":\"https:\/\/www.sestogrado.it\/it\/#website\"},\"primaryImageOfPage\":{\"@id\":\"https:\/\/www.sestogrado.it\/it\/prodotto\/fixe-316l-expansion-bolt-o12-chiodo-espansione-acciaio-inossidabile\/#primaryimage\"},\"image\":{\"@id\":\"https:\/\/www.sestogrado.it\/prodotto\/fixe-316l-expansion-bolt-o12-chiodo-espansione-acciaio-inossidabile\/#primaryimage\"},\"thumbnailUrl\":\"https:\/\/www.sestogrado.it\/wp-content\/uploads\/2021\/08\/70-1.jpg\",\"datePublished\":\"2021-08-17T13:21:26+00:00\",\"dateModified\":\"2025-12-23T23:00:07+00:00\",\"description\":\"Il Fixe 316L Expansion Bolt \u00d812 \u00e8 un chiodo ad espansione in acciaio inossidabile 316L, ideale per utilizzo in esterni, dal diametro di 10mm e di due lunghezze, 70 e 90mm.EAN13:8436020031441Materiale: acciaio inossidabile 316LLunghezza: 70mm e 90mmDiametro:10mm\u00a0Peso:51gResistenza: 25kNTorsione: 35nMChiave: 17\",\"breadcrumb\":{\"@id\":\"https:\/\/www.sestogrado.it\/it\/prodotto\/fixe-316l-expansion-bolt-o12-chiodo-espansione-acciaio-inossidabile\/#breadcrumb\"},\"inLanguage\":\"it-IT\",\"potentialAction\":[{\"@type\":\"ReadAction\",\"target\":[[\"https:\/\/www.sestogrado.it\/it\/prodotto\/fixe-316l-expansion-bolt-o12-chiodo-espansione-acciaio-inossidabile\/\"]]}]},{\"@type\":\"ImageObject\",\"inLanguage\":\"it-IT\",\"@id\":\"https:\/\/www.sestogrado.it\/it\/prodotto\/fixe-316l-expansion-bolt-o12-chiodo-espansione-acciaio-inossidabile\/#primaryimage\",\"url\":\"https:\/\/www.sestogrado.it\/wp-content\/uploads\/2021\/08\/70-1.jpg\",\"contentUrl\":\"https:\/\/www.sestogrado.it\/wp-content\/uploads\/2021\/08\/70-1.jpg\",\"width\":826,\"height\":826,\"caption\":\"fixe 316L 12x70\"},{\"@type\":\"BreadcrumbList\",\"@id\":\"https:\/\/www.sestogrado.it\/it\/prodotto\/fixe-316l-expansion-bolt-o12-chiodo-espansione-acciaio-inossidabile\/#breadcrumb\",\"itemListElement\":[{\"@type\":\"ListItem\",\"position\":1,\"name\":\"Home\",\"item\":\"https:\/\/www.sestogrado.it\/it\/\"},{\"@type\":\"ListItem\",\"position\":2,\"name\":\"Shop\",\"item\":\"https:\/\/www.sestogrado.it\/it\/shop\/\"},{\"@type\":\"ListItem\",\"position\":3,\"name\":\"Fixe 316L Expansion Bolt \u00d812 chiodo espansione acciaio inossidabile\"}]},{\"@type\":\"WebSite\",\"@id\":\"https:\/\/www.sestogrado.it\/it\/#website\",\"url\":\"https:\/\/www.sestogrado.it\/it\/\",\"name\":\"Sestogrado\",\"description\":\"yes we climb\",\"publisher\":{\"@id\":\"https:\/\/www.sestogrado.it\/it\/#organization\"},\"potentialAction\":[{\"@type\":\"SearchAction\",\"target\":{\"@type\":\"EntryPoint\",\"urlTemplate\":\"https:\/\/www.sestogrado.it\/it\/?s={search_term_string}\"},\"query-input\":{\"@type\":\"PropertyValueSpecification\",\"valueRequired\":true,\"valueName\":\"search_term_string\"}}],\"inLanguage\":\"it-IT\"},{\"@type\":\"Organization\",\"@id\":\"https:\/\/www.sestogrado.it\/it\/#organization\",\"name\":\"Sestogrado\",\"url\":\"https:\/\/www.sestogrado.it\/it\/\",\"logo\":{\"@type\":\"ImageObject\",\"inLanguage\":\"it-IT\",\"@id\":\"https:\/\/www.sestogrado.it\/it\/#\/schema\/logo\/image\/\",\"url\":\"https:\/\/www.sestogrado.it\/wp-content\/uploads\/2015\/03\/sestogrado-favicon.png\",\"contentUrl\":\"https:\/\/www.sestogrado.it\/wp-content\/uploads\/2015\/03\/sestogrado-favicon.png\",\"width\":260,\"height\":260,\"caption\":\"Sestogrado\"},\"image\":{\"@id\":\"https:\/\/www.sestogrado.it\/it\/#\/schema\/logo\/image\/\"},\"sameAs\":[\"https:\/\/www.facebook.com\/pages\/Sestogrado\/1542635979353017?ref=bookmarks\",\"https:\/\/www.youtube.com\/channel\/UC847kAfTkaJsWpc1jtQwr3Q\"],\"hasMerchantReturnPolicy\":{\"@type\":\"MerchantReturnPolicy\",\"merchantReturnLink\":\"https:\/\/www.sestogrado.it\/it\/termini-e-condizioni\/\"}}]}<\/script>\n<meta property=\"product:brand\" content=\"Fixe\" \/>\n<meta property=\"og:availability\" content=\"instock\" \/>\n<meta property=\"product:availability\" content=\"instock\" \/>\n<meta property=\"product:condition\" content=\"new\" \/>\n<!-- \/ Yoast SEO plugin. -->","yoast_head_json":{"title":"Fixe 316L Expansion Bolt \u00d812 chiodo espansione acciaio inossidabile - Sestogrado","description":"Il Fixe 316L Expansion Bolt \u00d812 \u00e8 un chiodo ad espansione in acciaio inossidabile 316L, ideale per utilizzo in esterni, dal diametro di 10mm e di due lunghezze, 70 e 90mm.EAN13:8436020031441Materiale: acciaio inossidabile 316LLunghezza: 70mm e 90mmDiametro:10mm\u00a0Peso:51gResistenza: 25kNTorsione: 35nMChiave: 17","robots":{"index":"index","follow":"follow","max-snippet":"max-snippet:-1","max-image-preview":"max-image-preview:large","max-video-preview":"max-video-preview:-1"},"canonical":"https:\/\/www.sestogrado.it\/it\/prodotto\/fixe-316l-expansion-bolt-o12-chiodo-espansione-acciaio-inossidabile\/","og_locale":"it_IT","og_type":"article","og_title":"Fixe 316L Expansion Bolt \u00d812 chiodo espansione acciaio inossidabile - Sestogrado","og_description":"Il Fixe 316L Expansion Bolt \u00d812 \u00e8 un chiodo ad espansione in acciaio inossidabile 316L, ideale per utilizzo in esterni, dal diametro di 10mm e di due lunghezze, 70 e 90mm.EAN13:8436020031441Materiale: acciaio inossidabile 316LLunghezza: 70mm e 90mmDiametro:10mm\u00a0Peso:51gResistenza: 25kNTorsione: 35nMChiave: 17","og_url":"https:\/\/www.sestogrado.it\/it\/prodotto\/fixe-316l-expansion-bolt-o12-chiodo-espansione-acciaio-inossidabile\/","og_site_name":"Sestogrado","article_publisher":"https:\/\/www.facebook.com\/pages\/Sestogrado\/1542635979353017?ref=bookmarks","article_modified_time":"2025-12-23T23:00:07+00:00","og_image":[{"width":826,"height":826,"url":"https:\/\/www.sestogrado.it\/wp-content\/uploads\/2021\/08\/70-1.jpg","type":"image\/jpeg"}],"twitter_misc":{"Disponibilit\u00e0":"In stock"},"schema":{"@context":"https:\/\/schema.org","@graph":[{"@type":"WebPage","@id":"https:\/\/www.sestogrado.it\/it\/prodotto\/fixe-316l-expansion-bolt-o12-chiodo-espansione-acciaio-inossidabile\/","url":"https:\/\/www.sestogrado.it\/it\/prodotto\/fixe-316l-expansion-bolt-o12-chiodo-espansione-acciaio-inossidabile\/","name":"Fixe 316L Expansion Bolt \u00d812 chiodo espansione acciaio inossidabile - Sestogrado","isPartOf":{"@id":"https:\/\/www.sestogrado.it\/it\/#website"},"primaryImageOfPage":{"@id":"https:\/\/www.sestogrado.it\/it\/prodotto\/fixe-316l-expansion-bolt-o12-chiodo-espansione-acciaio-inossidabile\/#primaryimage"},"image":{"@id":"https:\/\/www.sestogrado.it\/prodotto\/fixe-316l-expansion-bolt-o12-chiodo-espansione-acciaio-inossidabile\/#primaryimage"},"thumbnailUrl":"https:\/\/www.sestogrado.it\/wp-content\/uploads\/2021\/08\/70-1.jpg","datePublished":"2021-08-17T13:21:26+00:00","dateModified":"2025-12-23T23:00:07+00:00","description":"Il Fixe 316L Expansion Bolt \u00d812 \u00e8 un chiodo ad espansione in acciaio inossidabile 316L, ideale per utilizzo in esterni, dal diametro di 10mm e di due lunghezze, 70 e 90mm.EAN13:8436020031441Materiale: acciaio inossidabile 316LLunghezza: 70mm e 90mmDiametro:10mm\u00a0Peso:51gResistenza: 25kNTorsione: 35nMChiave: 17","breadcrumb":{"@id":"https:\/\/www.sestogrado.it\/it\/prodotto\/fixe-316l-expansion-bolt-o12-chiodo-espansione-acciaio-inossidabile\/#breadcrumb"},"inLanguage":"it-IT","potentialAction":[{"@type":"ReadAction","target":[["https:\/\/www.sestogrado.it\/it\/prodotto\/fixe-316l-expansion-bolt-o12-chiodo-espansione-acciaio-inossidabile\/"]]}]},{"@type":"ImageObject","inLanguage":"it-IT","@id":"https:\/\/www.sestogrado.it\/it\/prodotto\/fixe-316l-expansion-bolt-o12-chiodo-espansione-acciaio-inossidabile\/#primaryimage","url":"https:\/\/www.sestogrado.it\/wp-content\/uploads\/2021\/08\/70-1.jpg","contentUrl":"https:\/\/www.sestogrado.it\/wp-content\/uploads\/2021\/08\/70-1.jpg","width":826,"height":826,"caption":"fixe 316L 12x70"},{"@type":"BreadcrumbList","@id":"https:\/\/www.sestogrado.it\/it\/prodotto\/fixe-316l-expansion-bolt-o12-chiodo-espansione-acciaio-inossidabile\/#breadcrumb","itemListElement":[{"@type":"ListItem","position":1,"name":"Home","item":"https:\/\/www.sestogrado.it\/it\/"},{"@type":"ListItem","position":2,"name":"Shop","item":"https:\/\/www.sestogrado.it\/it\/shop\/"},{"@type":"ListItem","position":3,"name":"Fixe 316L Expansion Bolt \u00d812 chiodo espansione acciaio inossidabile"}]},{"@type":"WebSite","@id":"https:\/\/www.sestogrado.it\/it\/#website","url":"https:\/\/www.sestogrado.it\/it\/","name":"Sestogrado","description":"yes we climb","publisher":{"@id":"https:\/\/www.sestogrado.it\/it\/#organization"},"potentialAction":[{"@type":"SearchAction","target":{"@type":"EntryPoint","urlTemplate":"https:\/\/www.sestogrado.it\/it\/?s={search_term_string}"},"query-input":{"@type":"PropertyValueSpecification","valueRequired":true,"valueName":"search_term_string"}}],"inLanguage":"it-IT"},{"@type":"Organization","@id":"https:\/\/www.sestogrado.it\/it\/#organization","name":"Sestogrado","url":"https:\/\/www.sestogrado.it\/it\/","logo":{"@type":"ImageObject","inLanguage":"it-IT","@id":"https:\/\/www.sestogrado.it\/it\/#\/schema\/logo\/image\/","url":"https:\/\/www.sestogrado.it\/wp-content\/uploads\/2015\/03\/sestogrado-favicon.png","contentUrl":"https:\/\/www.sestogrado.it\/wp-content\/uploads\/2015\/03\/sestogrado-favicon.png","width":260,"height":260,"caption":"Sestogrado"},"image":{"@id":"https:\/\/www.sestogrado.it\/it\/#\/schema\/logo\/image\/"},"sameAs":["https:\/\/www.facebook.com\/pages\/Sestogrado\/1542635979353017?ref=bookmarks","https:\/\/www.youtube.com\/channel\/UC847kAfTkaJsWpc1jtQwr3Q"],"hasMerchantReturnPolicy":{"@type":"MerchantReturnPolicy","merchantReturnLink":"https:\/\/www.sestogrado.it\/it\/termini-e-condizioni\/"}}]},"product_brand":"Fixe","og_availability":"instock","product_availability":"instock","product_condition":"new"},"_links":{"self":[{"href":"https:\/\/www.sestogrado.it\/it\/wp-json\/wp\/v2\/product\/64940","targetHints":{"allow":["GET"]}}],"collection":[{"href":"https:\/\/www.sestogrado.it\/it\/wp-json\/wp\/v2\/product"}],"about":[{"href":"https:\/\/www.sestogrado.it\/it\/wp-json\/wp\/v2\/types\/product"}],"replies":[{"embeddable":true,"href":"https:\/\/www.sestogrado.it\/it\/wp-json\/wp\/v2\/comments?post=64940"}],"wp:featuredmedia":[{"embeddable":true,"href":"https:\/\/www.sestogrado.it\/it\/wp-json\/wp\/v2\/media\/64941"}],"wp:attachment":[{"href":"https:\/\/www.sestogrado.it\/it\/wp-json\/wp\/v2\/media?parent=64940"}],"wp:term":[{"taxonomy":"product_brand","embeddable":true,"href":"https:\/\/www.sestogrado.it\/it\/wp-json\/wp\/v2\/product_brand?post=64940"},{"taxonomy":"product_cat","embeddable":true,"href":"https:\/\/www.sestogrado.it\/it\/wp-json\/wp\/v2\/product_cat?post=64940"},{"taxonomy":"product_tag","embeddable":true,"href":"https:\/\/www.sestogrado.it\/it\/wp-json\/wp\/v2\/product_tag?post=64940"}],"curies":[{"name":"wp","href":"https:\/\/api.w.org\/{rel}","templated":true}]}}