{"id":62611,"date":"2021-08-10T15:11:55","date_gmt":"2021-08-10T13:11:55","guid":{"rendered":"https:\/\/www.sestogrado.it\/?post_type=product&#038;p=62611"},"modified":"2026-04-27T10:29:45","modified_gmt":"2026-04-27T08:29:45","slug":"fixe-zinc-plated-expansion-bolt-o12-chiodo-espansione-acciaio-zincato","status":"publish","type":"product","link":"https:\/\/www.sestogrado.it\/it\/prodotto\/fixe-zinc-plated-expansion-bolt-o12-chiodo-espansione-acciaio-zincato\/","title":{"rendered":"Fixe Zinc plated Expansion Bolt \u00d812 chiodo espansione acciaio zincato"},"content":{"rendered":"<p>Il Fixe Zinc plated Expansion Bolt \u00d812 \u00e8 un chiodo ad espansione in acciaio zincato, ideale per utilizzo indoor, dal diametro di 12mm e 90mm\/110mm di lunghezza.<\/p>\n<ul>\n<li><span class=\"lbl\">EAN13:8436020410697<\/span><\/li>\n<li><span class=\"lbl\">Materiale: acciaio zincato<\/span><\/li>\n<li><span class=\"lbl\">Grandezza: <\/span><span class=\"value\">90mm\/110mm<\/span><\/li>\n<li><span class=\"lbl\">Diametro: <\/span><span class=\"value\">12mm\u00a0<\/span><\/li>\n<li><span class=\"lbl\">Peso: 8<\/span><span class=\"value\">8g\/102g<\/span><\/li>\n<li><span class=\"lbl\">Resistenza alla trazione: <\/span><span class=\"value\">17.80 kN\/26.4kN<\/span><\/li>\n<\/ul>\n<p>&nbsp;<\/p>\n<p>&nbsp;<\/p>\n<p>Fixe \u00e8 stata fondata nel 1983 in un luogo circondato da montagne e zone di arrampicata di prim&#8217;ordine come Montserrat, Terradets e Siurana. \u00c8 diventato rapidamente un marchio leader nella comunit\u00e0 dell&#8217;arrampicata e i suoi prodotti sono attualmente conosciuti in tutto il mondo.<\/p>\n<p>Roca \u00e8 uno dei pi\u00f9 antichi produttori di corde al mondo. Fondata nel 1891, dal 2012 \u00e8 entrata a far parte del gruppo Fixe, per realizza tutte le corde del proprio catalogo.<\/p>\n<p>Le corde Fixe Roca sono supportate da pi\u00f9 di 125 anni di esperienza nel settore. Tutta la produzione avviene a Sant Quirze de Besora (Catalogna), dove Fixe ha anche la sua sede principale e magazzini.<\/p>\n<p>Ogni amante della montagna trover\u00e0 la corda che cerca nel catalogo Fixe. Corde per arrampicata sportiva, arrampicata trad, alpinismo, palestre di arrampicata e canyoning, sia dinamiche che statiche. Una corda per ogni situazione e ogni attivit\u00e0 su terreno verticale.<\/p>","protected":false},"excerpt":{"rendered":"<p>Il Fixe Zinc plated Expansion Bolt \u00d812 \u00e8 un chiodo ad espansione in acciaio zincato, ideale per utilizzo indoor, dal [&hellip;]<\/p>\n","protected":false},"featured_media":62612,"comment_status":"open","ping_status":"closed","template":"","meta":{"_acf_changed":false},"product_brand":[778],"product_cat":[343],"product_tag":[],"class_list":{"0":"post-62611","1":"product","2":"type-product","3":"status-publish","4":"has-post-thumbnail","6":"product_brand-fixe","7":"product_cat-chiodi-e-ancoraggi","9":"first","10":"instock","11":"sale","12":"taxable","13":"shipping-taxable","14":"purchasable","15":"product-type-variable"},"acf":[],"yoast_head":"<!-- This site is optimized with the Yoast SEO plugin v26.4 - https:\/\/yoast.com\/wordpress\/plugins\/seo\/ -->\n<title>Fixe Zinc plated Expansion Bolt \u00d812 chiodo espansione acciaio zincato - Sestogrado<\/title>\n<meta name=\"description\" content=\"Il Fixe Zinc plated Expansion Bolt \u00d812 \u00e8 un chiodo ad espansione in acciaio zincato, ideale per utilizzo indoor, dal diametro di 12mm e 90mm o 110mm di lunghezza.\" \/>\n<meta name=\"robots\" content=\"index, follow, max-snippet:-1, max-image-preview:large, max-video-preview:-1\" \/>\n<link rel=\"canonical\" href=\"https:\/\/www.sestogrado.it\/it\/prodotto\/fixe-zinc-plated-expansion-bolt-o12-chiodo-espansione-acciaio-zincato\/\" \/>\n<meta property=\"og:locale\" content=\"it_IT\" \/>\n<meta property=\"og:type\" content=\"article\" \/>\n<meta property=\"og:title\" content=\"Fixe Zinc plated Expansion Bolt \u00d812 chiodo espansione acciaio zincato - Sestogrado\" \/>\n<meta property=\"og:description\" content=\"Il Fixe Zinc plated Expansion Bolt \u00d812 \u00e8 un chiodo ad espansione in acciaio zincato, ideale per utilizzo indoor, dal diametro di 12mm e 90mm o 110mm di lunghezza.\" \/>\n<meta property=\"og:url\" content=\"https:\/\/www.sestogrado.it\/it\/prodotto\/fixe-zinc-plated-expansion-bolt-o12-chiodo-espansione-acciaio-zincato\/\" \/>\n<meta property=\"og:site_name\" content=\"Sestogrado\" \/>\n<meta property=\"article:publisher\" content=\"https:\/\/www.facebook.com\/pages\/Sestogrado\/1542635979353017?ref=bookmarks\" \/>\n<meta property=\"article:modified_time\" content=\"2026-04-27T08:29:45+00:00\" \/>\n<meta property=\"og:image\" content=\"https:\/\/www.sestogrado.it\/wp-content\/uploads\/2021\/07\/M12.jpg\" \/>\n\t<meta property=\"og:image:width\" content=\"817\" \/>\n\t<meta property=\"og:image:height\" content=\"817\" \/>\n\t<meta property=\"og:image:type\" content=\"image\/jpeg\" \/>\n<meta name=\"twitter:label1\" content=\"Disponibilit\u00e0\" \/>\n\t<meta name=\"twitter:data1\" content=\"In stock\" \/>\n<script type=\"application\/ld+json\" class=\"yoast-schema-graph\">{\"@context\":\"https:\/\/schema.org\",\"@graph\":[{\"@type\":\"WebPage\",\"@id\":\"https:\/\/www.sestogrado.it\/it\/prodotto\/fixe-zinc-plated-expansion-bolt-o12-chiodo-espansione-acciaio-zincato\/\",\"url\":\"https:\/\/www.sestogrado.it\/it\/prodotto\/fixe-zinc-plated-expansion-bolt-o12-chiodo-espansione-acciaio-zincato\/\",\"name\":\"Fixe Zinc plated Expansion Bolt \u00d812 chiodo espansione acciaio zincato - Sestogrado\",\"isPartOf\":{\"@id\":\"https:\/\/www.sestogrado.it\/it\/#website\"},\"primaryImageOfPage\":{\"@id\":\"https:\/\/www.sestogrado.it\/it\/prodotto\/fixe-zinc-plated-expansion-bolt-o12-chiodo-espansione-acciaio-zincato\/#primaryimage\"},\"image\":{\"@id\":\"https:\/\/www.sestogrado.it\/prodotto\/fixe-zinc-plated-expansion-bolt-o12-chiodo-espansione-acciaio-zincato\/#primaryimage\"},\"thumbnailUrl\":\"https:\/\/www.sestogrado.it\/wp-content\/uploads\/2021\/07\/M12.jpg\",\"datePublished\":\"2021-08-10T13:11:55+00:00\",\"dateModified\":\"2026-04-27T08:29:45+00:00\",\"description\":\"Il Fixe Zinc plated Expansion Bolt \u00d812 \u00e8 un chiodo ad espansione in acciaio zincato, ideale per utilizzo indoor, dal diametro di 12mm e 90mm o 110mm di lunghezza.\",\"breadcrumb\":{\"@id\":\"https:\/\/www.sestogrado.it\/it\/prodotto\/fixe-zinc-plated-expansion-bolt-o12-chiodo-espansione-acciaio-zincato\/#breadcrumb\"},\"inLanguage\":\"it-IT\",\"potentialAction\":[{\"@type\":\"ReadAction\",\"target\":[[\"https:\/\/www.sestogrado.it\/it\/prodotto\/fixe-zinc-plated-expansion-bolt-o12-chiodo-espansione-acciaio-zincato\/\"]]}]},{\"@type\":\"ImageObject\",\"inLanguage\":\"it-IT\",\"@id\":\"https:\/\/www.sestogrado.it\/it\/prodotto\/fixe-zinc-plated-expansion-bolt-o12-chiodo-espansione-acciaio-zincato\/#primaryimage\",\"url\":\"https:\/\/www.sestogrado.it\/wp-content\/uploads\/2021\/07\/M12.jpg\",\"contentUrl\":\"https:\/\/www.sestogrado.it\/wp-content\/uploads\/2021\/07\/M12.jpg\",\"width\":817,\"height\":817,\"caption\":\"bolt M12 zincato\"},{\"@type\":\"BreadcrumbList\",\"@id\":\"https:\/\/www.sestogrado.it\/it\/prodotto\/fixe-zinc-plated-expansion-bolt-o12-chiodo-espansione-acciaio-zincato\/#breadcrumb\",\"itemListElement\":[{\"@type\":\"ListItem\",\"position\":1,\"name\":\"Home\",\"item\":\"https:\/\/www.sestogrado.it\/it\/\"},{\"@type\":\"ListItem\",\"position\":2,\"name\":\"Shop\",\"item\":\"https:\/\/www.sestogrado.it\/it\/shop\/\"},{\"@type\":\"ListItem\",\"position\":3,\"name\":\"Fixe Zinc plated Expansion Bolt \u00d812 chiodo espansione acciaio zincato\"}]},{\"@type\":\"WebSite\",\"@id\":\"https:\/\/www.sestogrado.it\/it\/#website\",\"url\":\"https:\/\/www.sestogrado.it\/it\/\",\"name\":\"Sestogrado\",\"description\":\"yes we climb\",\"publisher\":{\"@id\":\"https:\/\/www.sestogrado.it\/it\/#organization\"},\"potentialAction\":[{\"@type\":\"SearchAction\",\"target\":{\"@type\":\"EntryPoint\",\"urlTemplate\":\"https:\/\/www.sestogrado.it\/it\/?s={search_term_string}\"},\"query-input\":{\"@type\":\"PropertyValueSpecification\",\"valueRequired\":true,\"valueName\":\"search_term_string\"}}],\"inLanguage\":\"it-IT\"},{\"@type\":\"Organization\",\"@id\":\"https:\/\/www.sestogrado.it\/it\/#organization\",\"name\":\"Sestogrado\",\"url\":\"https:\/\/www.sestogrado.it\/it\/\",\"logo\":{\"@type\":\"ImageObject\",\"inLanguage\":\"it-IT\",\"@id\":\"https:\/\/www.sestogrado.it\/it\/#\/schema\/logo\/image\/\",\"url\":\"https:\/\/www.sestogrado.it\/wp-content\/uploads\/2015\/03\/sestogrado-favicon.png\",\"contentUrl\":\"https:\/\/www.sestogrado.it\/wp-content\/uploads\/2015\/03\/sestogrado-favicon.png\",\"width\":260,\"height\":260,\"caption\":\"Sestogrado\"},\"image\":{\"@id\":\"https:\/\/www.sestogrado.it\/it\/#\/schema\/logo\/image\/\"},\"sameAs\":[\"https:\/\/www.facebook.com\/pages\/Sestogrado\/1542635979353017?ref=bookmarks\",\"https:\/\/www.youtube.com\/channel\/UC847kAfTkaJsWpc1jtQwr3Q\"],\"hasMerchantReturnPolicy\":{\"@type\":\"MerchantReturnPolicy\",\"merchantReturnLink\":\"https:\/\/www.sestogrado.it\/it\/termini-e-condizioni\/\"}}]}<\/script>\n<meta property=\"product:brand\" content=\"Fixe\" \/>\n<meta property=\"og:availability\" content=\"instock\" \/>\n<meta property=\"product:availability\" content=\"instock\" \/>\n<meta property=\"product:condition\" content=\"new\" \/>\n<!-- \/ Yoast SEO plugin. -->","yoast_head_json":{"title":"Fixe Zinc plated Expansion Bolt \u00d812 chiodo espansione acciaio zincato - Sestogrado","description":"Il Fixe Zinc plated Expansion Bolt \u00d812 \u00e8 un chiodo ad espansione in acciaio zincato, ideale per utilizzo indoor, dal diametro di 12mm e 90mm o 110mm di lunghezza.","robots":{"index":"index","follow":"follow","max-snippet":"max-snippet:-1","max-image-preview":"max-image-preview:large","max-video-preview":"max-video-preview:-1"},"canonical":"https:\/\/www.sestogrado.it\/it\/prodotto\/fixe-zinc-plated-expansion-bolt-o12-chiodo-espansione-acciaio-zincato\/","og_locale":"it_IT","og_type":"article","og_title":"Fixe Zinc plated Expansion Bolt \u00d812 chiodo espansione acciaio zincato - Sestogrado","og_description":"Il Fixe Zinc plated Expansion Bolt \u00d812 \u00e8 un chiodo ad espansione in acciaio zincato, ideale per utilizzo indoor, dal diametro di 12mm e 90mm o 110mm di lunghezza.","og_url":"https:\/\/www.sestogrado.it\/it\/prodotto\/fixe-zinc-plated-expansion-bolt-o12-chiodo-espansione-acciaio-zincato\/","og_site_name":"Sestogrado","article_publisher":"https:\/\/www.facebook.com\/pages\/Sestogrado\/1542635979353017?ref=bookmarks","article_modified_time":"2026-04-27T08:29:45+00:00","og_image":[{"width":817,"height":817,"url":"https:\/\/www.sestogrado.it\/wp-content\/uploads\/2021\/07\/M12.jpg","type":"image\/jpeg"}],"twitter_misc":{"Disponibilit\u00e0":"In stock"},"schema":{"@context":"https:\/\/schema.org","@graph":[{"@type":"WebPage","@id":"https:\/\/www.sestogrado.it\/it\/prodotto\/fixe-zinc-plated-expansion-bolt-o12-chiodo-espansione-acciaio-zincato\/","url":"https:\/\/www.sestogrado.it\/it\/prodotto\/fixe-zinc-plated-expansion-bolt-o12-chiodo-espansione-acciaio-zincato\/","name":"Fixe Zinc plated Expansion Bolt \u00d812 chiodo espansione acciaio zincato - Sestogrado","isPartOf":{"@id":"https:\/\/www.sestogrado.it\/it\/#website"},"primaryImageOfPage":{"@id":"https:\/\/www.sestogrado.it\/it\/prodotto\/fixe-zinc-plated-expansion-bolt-o12-chiodo-espansione-acciaio-zincato\/#primaryimage"},"image":{"@id":"https:\/\/www.sestogrado.it\/prodotto\/fixe-zinc-plated-expansion-bolt-o12-chiodo-espansione-acciaio-zincato\/#primaryimage"},"thumbnailUrl":"https:\/\/www.sestogrado.it\/wp-content\/uploads\/2021\/07\/M12.jpg","datePublished":"2021-08-10T13:11:55+00:00","dateModified":"2026-04-27T08:29:45+00:00","description":"Il Fixe Zinc plated Expansion Bolt \u00d812 \u00e8 un chiodo ad espansione in acciaio zincato, ideale per utilizzo indoor, dal diametro di 12mm e 90mm o 110mm di lunghezza.","breadcrumb":{"@id":"https:\/\/www.sestogrado.it\/it\/prodotto\/fixe-zinc-plated-expansion-bolt-o12-chiodo-espansione-acciaio-zincato\/#breadcrumb"},"inLanguage":"it-IT","potentialAction":[{"@type":"ReadAction","target":[["https:\/\/www.sestogrado.it\/it\/prodotto\/fixe-zinc-plated-expansion-bolt-o12-chiodo-espansione-acciaio-zincato\/"]]}]},{"@type":"ImageObject","inLanguage":"it-IT","@id":"https:\/\/www.sestogrado.it\/it\/prodotto\/fixe-zinc-plated-expansion-bolt-o12-chiodo-espansione-acciaio-zincato\/#primaryimage","url":"https:\/\/www.sestogrado.it\/wp-content\/uploads\/2021\/07\/M12.jpg","contentUrl":"https:\/\/www.sestogrado.it\/wp-content\/uploads\/2021\/07\/M12.jpg","width":817,"height":817,"caption":"bolt M12 zincato"},{"@type":"BreadcrumbList","@id":"https:\/\/www.sestogrado.it\/it\/prodotto\/fixe-zinc-plated-expansion-bolt-o12-chiodo-espansione-acciaio-zincato\/#breadcrumb","itemListElement":[{"@type":"ListItem","position":1,"name":"Home","item":"https:\/\/www.sestogrado.it\/it\/"},{"@type":"ListItem","position":2,"name":"Shop","item":"https:\/\/www.sestogrado.it\/it\/shop\/"},{"@type":"ListItem","position":3,"name":"Fixe Zinc plated Expansion Bolt \u00d812 chiodo espansione acciaio zincato"}]},{"@type":"WebSite","@id":"https:\/\/www.sestogrado.it\/it\/#website","url":"https:\/\/www.sestogrado.it\/it\/","name":"Sestogrado","description":"yes we climb","publisher":{"@id":"https:\/\/www.sestogrado.it\/it\/#organization"},"potentialAction":[{"@type":"SearchAction","target":{"@type":"EntryPoint","urlTemplate":"https:\/\/www.sestogrado.it\/it\/?s={search_term_string}"},"query-input":{"@type":"PropertyValueSpecification","valueRequired":true,"valueName":"search_term_string"}}],"inLanguage":"it-IT"},{"@type":"Organization","@id":"https:\/\/www.sestogrado.it\/it\/#organization","name":"Sestogrado","url":"https:\/\/www.sestogrado.it\/it\/","logo":{"@type":"ImageObject","inLanguage":"it-IT","@id":"https:\/\/www.sestogrado.it\/it\/#\/schema\/logo\/image\/","url":"https:\/\/www.sestogrado.it\/wp-content\/uploads\/2015\/03\/sestogrado-favicon.png","contentUrl":"https:\/\/www.sestogrado.it\/wp-content\/uploads\/2015\/03\/sestogrado-favicon.png","width":260,"height":260,"caption":"Sestogrado"},"image":{"@id":"https:\/\/www.sestogrado.it\/it\/#\/schema\/logo\/image\/"},"sameAs":["https:\/\/www.facebook.com\/pages\/Sestogrado\/1542635979353017?ref=bookmarks","https:\/\/www.youtube.com\/channel\/UC847kAfTkaJsWpc1jtQwr3Q"],"hasMerchantReturnPolicy":{"@type":"MerchantReturnPolicy","merchantReturnLink":"https:\/\/www.sestogrado.it\/it\/termini-e-condizioni\/"}}]},"product_brand":"Fixe","og_availability":"instock","product_availability":"instock","product_condition":"new"},"_links":{"self":[{"href":"https:\/\/www.sestogrado.it\/it\/wp-json\/wp\/v2\/product\/62611","targetHints":{"allow":["GET"]}}],"collection":[{"href":"https:\/\/www.sestogrado.it\/it\/wp-json\/wp\/v2\/product"}],"about":[{"href":"https:\/\/www.sestogrado.it\/it\/wp-json\/wp\/v2\/types\/product"}],"replies":[{"embeddable":true,"href":"https:\/\/www.sestogrado.it\/it\/wp-json\/wp\/v2\/comments?post=62611"}],"wp:featuredmedia":[{"embeddable":true,"href":"https:\/\/www.sestogrado.it\/it\/wp-json\/wp\/v2\/media\/62612"}],"wp:attachment":[{"href":"https:\/\/www.sestogrado.it\/it\/wp-json\/wp\/v2\/media?parent=62611"}],"wp:term":[{"taxonomy":"product_brand","embeddable":true,"href":"https:\/\/www.sestogrado.it\/it\/wp-json\/wp\/v2\/product_brand?post=62611"},{"taxonomy":"product_cat","embeddable":true,"href":"https:\/\/www.sestogrado.it\/it\/wp-json\/wp\/v2\/product_cat?post=62611"},{"taxonomy":"product_tag","embeddable":true,"href":"https:\/\/www.sestogrado.it\/it\/wp-json\/wp\/v2\/product_tag?post=62611"}],"curies":[{"name":"wp","href":"https:\/\/api.w.org\/{rel}","templated":true}]}}