{"id":62555,"date":"2024-03-23T14:36:46","date_gmt":"2024-03-23T13:36:46","guid":{"rendered":"https:\/\/www.sestogrado.it\/?post_type=product&#038;p=62555"},"modified":"2026-04-02T14:21:27","modified_gmt":"2026-04-02T12:21:27","slug":"fixe-roca-siurana-9-6-nature-endurance-corda-arrampicata","status":"publish","type":"product","link":"https:\/\/www.sestogrado.it\/it\/prodotto\/fixe-roca-siurana-9-6-nature-endurance-corda-arrampicata\/","title":{"rendered":"Fixe Roca Siurana 9.6 Nature Endurance corda arrampicata"},"content":{"rendered":"<p>La Fixe Roca Siurana 9.6 Nature Endurance \u00e8 la corda singola per eccellenza di Fixe. Piacevole al tatto e facile da annodare \u00e8 realizzata con costruzione Endurance, per cui la calza \u00e8 intrecciata con 48 trefoli, rispetto alla costruzione classica con 42 trefoli. Questa modalit\u00e0 costruttiva fornisce una superficie particolarmente regolare della calza, in grado di offrire maggiore scorrevolezza nei moschettoni e nei dispositivi di assicurazione e maggiore resistenza all&#8217;abrasione.<\/p>\n<p>In versione Nature, priva di trattamenti chimici, la Fixe Roca Siurana 9.6 offre prestazioni eccezionali per arrampicata sportiva e vie lunghe. Il suo tipo di costruzione riduce la penetrazione di ghiaccio, polvere e sabbia tra i filamenti, prolungandone la vita. Durevole, resistente e con una forza d&#8217;impatto molto bassa \u00e8 ideale sia per chi \u00e8 alle prime armi con l&#8217;arrampicata che per arrampicatori esperti.<\/p>\n<ul>\n<li><span class=\"lbl\">Materiale: <\/span><span class=\"value\">Polyamide<\/span><\/li>\n<li><span class=\"lbl\">Diametro: <\/span><span class=\"value\">9,6mm<\/span><\/li>\n<li><span class=\"lbl\">Trattamento: <\/span><span class=\"value\">Nature 100% PFC-free<\/span><\/li>\n<li><span class=\"lbl\">Tipo di calza: <\/span><span class=\"value\">Endurance, aumenta la durata di vita della corda, 48 trefoli.<\/span><\/li>\n<li>Segno di met\u00e0 corda: presente.<\/li>\n<li>Segno di 8 metri: \u00e8 una marcatura rossa che indica che mancano 8 metri al raggiungimento della fine della corda.<\/li>\n<li>Indicatore riflettente: indicatore riflettente, con le informazioni della corda, presente ad entrambe le estremit\u00e0.<\/li>\n<li>Taglio ultrasonico: sigilla i finali della corda, impedendone l&#8217;apertura.<\/li>\n<li>Numero cadute UIAA: 6<\/li>\n<li><span class=\"lbl\">Peso: 60<\/span><span class=\"value\">g\/m<\/span><\/li>\n<li><span class=\"lbl\">Percentuale calza: <\/span><span class=\"value\">36%<\/span><\/li>\n<li><span class=\"lbl\">Allungamento statico: 7<\/span><span class=\"value\">%<\/span><\/li>\n<li><span class=\"lbl\">Scorrimento calza: <\/span><span class=\"value\">0,0mm<\/span><\/li>\n<li>Allungamento dinamico: 36%<\/li>\n<\/ul>\n<p>&nbsp;<\/p>\n<p><img decoding=\"async\" class=\"size-full wp-image-60973 img-fluid alignnone\" src=\"https:\/\/www.sestogrado.it\/wp-content\/uploads\/2021\/06\/endurance-1.png\" alt=\"endurance\" width=\"147\" height=\"100\" srcset=\"https:\/\/www.sestogrado.it\/wp-content\/uploads\/2021\/06\/endurance-1.png 147w, https:\/\/www.sestogrado.it\/wp-content\/uploads\/2021\/06\/endurance-1-118x80.png 118w, https:\/\/www.sestogrado.it\/wp-content\/uploads\/2021\/06\/endurance-1-88x60.png 88w, https:\/\/www.sestogrado.it\/wp-content\/uploads\/2021\/06\/endurance-1-132x90.png 132w\" sizes=\"(max-width: 147px) 100vw, 147px\" \/><\/p>\n<p>Il trattamento Endurance \u00e8 un processo costruttivo della calza per cui i filamenti sono cuciti a spina di pesce, in modo pi\u00f9 serrato rispetto alle calze normali. Questo trattamento rende la corda pi\u00f9 resistente del 30% all\u2019abrasione, generando un tocco ed un feeling piacevole.<\/p>\n<p>Le corde che incorporano la tecnologia Endurance favoriscono lo scorrimento sulle superfici su cui lavorano: moschettoni, discensori, dispositivi di assicurazione, ancoraggi, ecc. Per ottenere ci\u00f2 vengono utilizzati i fili della migliore qualit\u00e0, che insieme al sistema di fabbricazione, consente la produzione di corde con caratteristiche uniche sul mercato.<\/p>\n<p>&nbsp;<\/p>\n<p>Frutto del know how e della tecnologia Fixe, la Siurana 9.6 \u00e8 una corda dalle eccellenti doti di scorrevolezza e maneggevolezza.<\/p>\n<p>&nbsp;<\/p>\n<p>Fixe \u00e8 stata fondata nel 1983 in un luogo circondato da montagne e zone di arrampicata di prim&#8217;ordine come Montserrat, Terradets e Siurana. \u00c8 diventato rapidamente un marchio leader nella comunit\u00e0 dell&#8217;arrampicata e i suoi prodotti sono attualmente conosciuti in tutto il mondo.<\/p>\n<p>Roca \u00e8 uno dei pi\u00f9 antichi produttori di corde al mondo. Fondata nel 1891, dal 2012 \u00e8 entrata a far parte del gruppo Fixe, per realizza tutte le corde del proprio catalogo.<\/p>\n<p>Le corde Fixe Roca sono supportate da pi\u00f9 di 125 anni di esperienza nel settore. Tutta la produzione avviene a Sant Quirze de Besora (Catalogna), dove Fixe ha anche la sua sede principale e magazzini.<\/p>\n<p>Ogni amante della montagna trover\u00e0 la corda che cerca nel catalogo Fixe. Corde per arrampicata sportiva, arrampicata trad, alpinismo, palestre di arrampicata e canyoning, sia dinamiche che statiche. Una corda per ogni situazione e ogni attivit\u00e0 su terreno verticale.<\/p>","protected":false},"excerpt":{"rendered":"<p>La Fixe Roca Siurana 9.6 Nature Endurance \u00e8 la corda singola per eccellenza di Fixe. Piacevole al tatto e facile [&hellip;]<\/p>\n","protected":false},"featured_media":170676,"comment_status":"open","ping_status":"closed","template":"","meta":{"_acf_changed":false},"product_brand":[778],"product_cat":[136],"product_tag":[],"class_list":{"0":"post-62555","1":"product","2":"type-product","3":"status-publish","4":"has-post-thumbnail","6":"product_brand-fixe","7":"product_cat-corde-corde","9":"first","10":"instock","11":"sale","12":"taxable","13":"shipping-taxable","14":"purchasable","15":"product-type-variable"},"acf":[],"yoast_head":"<!-- This site is optimized with the Yoast SEO plugin v26.4 - https:\/\/yoast.com\/wordpress\/plugins\/seo\/ -->\n<title>Fixe Roca Siurana 9.6 Nature Endurance corda arrampicata - Sestogrado<\/title>\n<meta name=\"description\" content=\"La Fixe Roca Siurana 9.6 Nature Endurance \u00e8 la corda singola per eccellenza di Fixe. Piacevole al tatto e facile da annodare \u00e8 realizzata con costruzione Endurance, per cui la calza \u00e8 intrecciata con 48 trefoli, rispetto alla costruzione classica con 42 trefoli. Questa modalit\u00e0 costruttiva fornisce una superficie particolarmente regolare della calza, in grado di offrire maggiore scorrevolezza nei moschettoni e nei dispositivi di assicurazione e maggiore resistenza all&#039;abrasione.In versione Nature, priva di trattamenti chimici, la Fixe Roca Siurana 9.6 offre prestazioni eccezionali per arrampicata sportiva e vie lunghe. Il suo tipo di costruzione riduce la penetrazione di ghiaccio, polvere e sabbia tra i filamenti, prolungandone la vita. Durevole, resistente e con una forza d&#039;impatto molto bassa \u00e8 ideale sia per chi \u00e8 alle prime armi con l&#039;arrampicata che per arrampicatori esperti.\" \/>\n<meta name=\"robots\" content=\"index, follow, max-snippet:-1, max-image-preview:large, max-video-preview:-1\" \/>\n<link rel=\"canonical\" href=\"https:\/\/www.sestogrado.it\/it\/prodotto\/fixe-roca-siurana-9-6-nature-endurance-corda-arrampicata\/\" \/>\n<meta property=\"og:locale\" content=\"it_IT\" \/>\n<meta property=\"og:type\" content=\"article\" \/>\n<meta property=\"og:title\" content=\"Fixe Roca Siurana 9.6 Nature Endurance corda arrampicata - Sestogrado\" \/>\n<meta property=\"og:description\" content=\"La Fixe Roca Siurana 9.6 Nature Endurance \u00e8 la corda singola per eccellenza di Fixe. Piacevole al tatto e facile da annodare \u00e8 realizzata con costruzione Endurance, per cui la calza \u00e8 intrecciata con 48 trefoli, rispetto alla costruzione classica con 42 trefoli. Questa modalit\u00e0 costruttiva fornisce una superficie particolarmente regolare della calza, in grado di offrire maggiore scorrevolezza nei moschettoni e nei dispositivi di assicurazione e maggiore resistenza all&#039;abrasione.In versione Nature, priva di trattamenti chimici, la Fixe Roca Siurana 9.6 offre prestazioni eccezionali per arrampicata sportiva e vie lunghe. Il suo tipo di costruzione riduce la penetrazione di ghiaccio, polvere e sabbia tra i filamenti, prolungandone la vita. Durevole, resistente e con una forza d&#039;impatto molto bassa \u00e8 ideale sia per chi \u00e8 alle prime armi con l&#039;arrampicata che per arrampicatori esperti.\" \/>\n<meta property=\"og:url\" content=\"https:\/\/www.sestogrado.it\/it\/prodotto\/fixe-roca-siurana-9-6-nature-endurance-corda-arrampicata\/\" \/>\n<meta property=\"og:site_name\" content=\"Sestogrado\" \/>\n<meta property=\"article:publisher\" content=\"https:\/\/www.facebook.com\/pages\/Sestogrado\/1542635979353017?ref=bookmarks\" \/>\n<meta property=\"article:modified_time\" content=\"2026-04-02T12:21:27+00:00\" \/>\n<meta property=\"og:image\" content=\"https:\/\/www.sestogrado.it\/wp-content\/uploads\/2021\/07\/01-12.jpg\" \/>\n\t<meta property=\"og:image:width\" content=\"800\" \/>\n\t<meta property=\"og:image:height\" content=\"800\" \/>\n\t<meta property=\"og:image:type\" content=\"image\/jpeg\" \/>\n<meta name=\"twitter:label1\" content=\"Disponibilit\u00e0\" \/>\n\t<meta name=\"twitter:data1\" content=\"In stock\" \/>\n<script type=\"application\/ld+json\" class=\"yoast-schema-graph\">{\"@context\":\"https:\/\/schema.org\",\"@graph\":[{\"@type\":\"WebPage\",\"@id\":\"https:\/\/www.sestogrado.it\/it\/prodotto\/fixe-roca-siurana-9-6-nature-endurance-corda-arrampicata\/\",\"url\":\"https:\/\/www.sestogrado.it\/it\/prodotto\/fixe-roca-siurana-9-6-nature-endurance-corda-arrampicata\/\",\"name\":\"Fixe Roca Siurana 9.6 Nature Endurance corda arrampicata - Sestogrado\",\"isPartOf\":{\"@id\":\"https:\/\/www.sestogrado.it\/it\/#website\"},\"primaryImageOfPage\":{\"@id\":\"https:\/\/www.sestogrado.it\/it\/prodotto\/fixe-roca-siurana-9-6-nature-endurance-corda-arrampicata\/#primaryimage\"},\"image\":{\"@id\":\"https:\/\/www.sestogrado.it\/prodotto\/fixe-roca-siurana-9-6-nature-endurance-corda-arrampicata\/#primaryimage\"},\"thumbnailUrl\":\"https:\/\/www.sestogrado.it\/wp-content\/uploads\/2021\/07\/01-12.jpg\",\"datePublished\":\"2024-03-23T13:36:46+00:00\",\"dateModified\":\"2026-04-02T12:21:27+00:00\",\"description\":\"La Fixe Roca Siurana 9.6 Nature Endurance \u00e8 la corda singola per eccellenza di Fixe. Piacevole al tatto e facile da annodare \u00e8 realizzata con costruzione Endurance, per cui la calza \u00e8 intrecciata con 48 trefoli, rispetto alla costruzione classica con 42 trefoli. Questa modalit\u00e0 costruttiva fornisce una superficie particolarmente regolare della calza, in grado di offrire maggiore scorrevolezza nei moschettoni e nei dispositivi di assicurazione e maggiore resistenza all'abrasione.In versione Nature, priva di trattamenti chimici, la Fixe Roca Siurana 9.6 offre prestazioni eccezionali per arrampicata sportiva e vie lunghe. Il suo tipo di costruzione riduce la penetrazione di ghiaccio, polvere e sabbia tra i filamenti, prolungandone la vita. Durevole, resistente e con una forza d'impatto molto bassa \u00e8 ideale sia per chi \u00e8 alle prime armi con l'arrampicata che per arrampicatori esperti.\",\"breadcrumb\":{\"@id\":\"https:\/\/www.sestogrado.it\/it\/prodotto\/fixe-roca-siurana-9-6-nature-endurance-corda-arrampicata\/#breadcrumb\"},\"inLanguage\":\"it-IT\",\"potentialAction\":[{\"@type\":\"ReadAction\",\"target\":[[\"https:\/\/www.sestogrado.it\/it\/prodotto\/fixe-roca-siurana-9-6-nature-endurance-corda-arrampicata\/\"]]}]},{\"@type\":\"ImageObject\",\"inLanguage\":\"it-IT\",\"@id\":\"https:\/\/www.sestogrado.it\/it\/prodotto\/fixe-roca-siurana-9-6-nature-endurance-corda-arrampicata\/#primaryimage\",\"url\":\"https:\/\/www.sestogrado.it\/wp-content\/uploads\/2021\/07\/01-12.jpg\",\"contentUrl\":\"https:\/\/www.sestogrado.it\/wp-content\/uploads\/2021\/07\/01-12.jpg\",\"width\":800,\"height\":800,\"caption\":\"fixe siurana 9.6\"},{\"@type\":\"BreadcrumbList\",\"@id\":\"https:\/\/www.sestogrado.it\/it\/prodotto\/fixe-roca-siurana-9-6-nature-endurance-corda-arrampicata\/#breadcrumb\",\"itemListElement\":[{\"@type\":\"ListItem\",\"position\":1,\"name\":\"Home\",\"item\":\"https:\/\/www.sestogrado.it\/it\/\"},{\"@type\":\"ListItem\",\"position\":2,\"name\":\"Shop\",\"item\":\"https:\/\/www.sestogrado.it\/it\/shop\/\"},{\"@type\":\"ListItem\",\"position\":3,\"name\":\"Fixe Roca Siurana 9.6 Nature Endurance corda arrampicata\"}]},{\"@type\":\"WebSite\",\"@id\":\"https:\/\/www.sestogrado.it\/it\/#website\",\"url\":\"https:\/\/www.sestogrado.it\/it\/\",\"name\":\"Sestogrado\",\"description\":\"yes we climb\",\"publisher\":{\"@id\":\"https:\/\/www.sestogrado.it\/it\/#organization\"},\"potentialAction\":[{\"@type\":\"SearchAction\",\"target\":{\"@type\":\"EntryPoint\",\"urlTemplate\":\"https:\/\/www.sestogrado.it\/it\/?s={search_term_string}\"},\"query-input\":{\"@type\":\"PropertyValueSpecification\",\"valueRequired\":true,\"valueName\":\"search_term_string\"}}],\"inLanguage\":\"it-IT\"},{\"@type\":\"Organization\",\"@id\":\"https:\/\/www.sestogrado.it\/it\/#organization\",\"name\":\"Sestogrado\",\"url\":\"https:\/\/www.sestogrado.it\/it\/\",\"logo\":{\"@type\":\"ImageObject\",\"inLanguage\":\"it-IT\",\"@id\":\"https:\/\/www.sestogrado.it\/it\/#\/schema\/logo\/image\/\",\"url\":\"https:\/\/www.sestogrado.it\/wp-content\/uploads\/2015\/03\/sestogrado-favicon.png\",\"contentUrl\":\"https:\/\/www.sestogrado.it\/wp-content\/uploads\/2015\/03\/sestogrado-favicon.png\",\"width\":260,\"height\":260,\"caption\":\"Sestogrado\"},\"image\":{\"@id\":\"https:\/\/www.sestogrado.it\/it\/#\/schema\/logo\/image\/\"},\"sameAs\":[\"https:\/\/www.facebook.com\/pages\/Sestogrado\/1542635979353017?ref=bookmarks\",\"https:\/\/www.youtube.com\/channel\/UC847kAfTkaJsWpc1jtQwr3Q\"],\"hasMerchantReturnPolicy\":{\"@type\":\"MerchantReturnPolicy\",\"merchantReturnLink\":\"https:\/\/www.sestogrado.it\/it\/termini-e-condizioni\/\"}}]}<\/script>\n<meta property=\"product:brand\" content=\"Fixe\" \/>\n<meta property=\"og:availability\" content=\"instock\" \/>\n<meta property=\"product:availability\" content=\"instock\" \/>\n<meta property=\"product:condition\" content=\"new\" \/>\n<!-- \/ Yoast SEO plugin. -->","yoast_head_json":{"title":"Fixe Roca Siurana 9.6 Nature Endurance corda arrampicata - Sestogrado","description":"La Fixe Roca Siurana 9.6 Nature Endurance \u00e8 la corda singola per eccellenza di Fixe. Piacevole al tatto e facile da annodare \u00e8 realizzata con costruzione Endurance, per cui la calza \u00e8 intrecciata con 48 trefoli, rispetto alla costruzione classica con 42 trefoli. Questa modalit\u00e0 costruttiva fornisce una superficie particolarmente regolare della calza, in grado di offrire maggiore scorrevolezza nei moschettoni e nei dispositivi di assicurazione e maggiore resistenza all'abrasione.In versione Nature, priva di trattamenti chimici, la Fixe Roca Siurana 9.6 offre prestazioni eccezionali per arrampicata sportiva e vie lunghe. Il suo tipo di costruzione riduce la penetrazione di ghiaccio, polvere e sabbia tra i filamenti, prolungandone la vita. Durevole, resistente e con una forza d'impatto molto bassa \u00e8 ideale sia per chi \u00e8 alle prime armi con l'arrampicata che per arrampicatori esperti.","robots":{"index":"index","follow":"follow","max-snippet":"max-snippet:-1","max-image-preview":"max-image-preview:large","max-video-preview":"max-video-preview:-1"},"canonical":"https:\/\/www.sestogrado.it\/it\/prodotto\/fixe-roca-siurana-9-6-nature-endurance-corda-arrampicata\/","og_locale":"it_IT","og_type":"article","og_title":"Fixe Roca Siurana 9.6 Nature Endurance corda arrampicata - Sestogrado","og_description":"La Fixe Roca Siurana 9.6 Nature Endurance \u00e8 la corda singola per eccellenza di Fixe. Piacevole al tatto e facile da annodare \u00e8 realizzata con costruzione Endurance, per cui la calza \u00e8 intrecciata con 48 trefoli, rispetto alla costruzione classica con 42 trefoli. Questa modalit\u00e0 costruttiva fornisce una superficie particolarmente regolare della calza, in grado di offrire maggiore scorrevolezza nei moschettoni e nei dispositivi di assicurazione e maggiore resistenza all'abrasione.In versione Nature, priva di trattamenti chimici, la Fixe Roca Siurana 9.6 offre prestazioni eccezionali per arrampicata sportiva e vie lunghe. Il suo tipo di costruzione riduce la penetrazione di ghiaccio, polvere e sabbia tra i filamenti, prolungandone la vita. Durevole, resistente e con una forza d'impatto molto bassa \u00e8 ideale sia per chi \u00e8 alle prime armi con l'arrampicata che per arrampicatori esperti.","og_url":"https:\/\/www.sestogrado.it\/it\/prodotto\/fixe-roca-siurana-9-6-nature-endurance-corda-arrampicata\/","og_site_name":"Sestogrado","article_publisher":"https:\/\/www.facebook.com\/pages\/Sestogrado\/1542635979353017?ref=bookmarks","article_modified_time":"2026-04-02T12:21:27+00:00","og_image":[{"width":800,"height":800,"url":"https:\/\/www.sestogrado.it\/wp-content\/uploads\/2021\/07\/01-12.jpg","type":"image\/jpeg"}],"twitter_misc":{"Disponibilit\u00e0":"In stock"},"schema":{"@context":"https:\/\/schema.org","@graph":[{"@type":"WebPage","@id":"https:\/\/www.sestogrado.it\/it\/prodotto\/fixe-roca-siurana-9-6-nature-endurance-corda-arrampicata\/","url":"https:\/\/www.sestogrado.it\/it\/prodotto\/fixe-roca-siurana-9-6-nature-endurance-corda-arrampicata\/","name":"Fixe Roca Siurana 9.6 Nature Endurance corda arrampicata - Sestogrado","isPartOf":{"@id":"https:\/\/www.sestogrado.it\/it\/#website"},"primaryImageOfPage":{"@id":"https:\/\/www.sestogrado.it\/it\/prodotto\/fixe-roca-siurana-9-6-nature-endurance-corda-arrampicata\/#primaryimage"},"image":{"@id":"https:\/\/www.sestogrado.it\/prodotto\/fixe-roca-siurana-9-6-nature-endurance-corda-arrampicata\/#primaryimage"},"thumbnailUrl":"https:\/\/www.sestogrado.it\/wp-content\/uploads\/2021\/07\/01-12.jpg","datePublished":"2024-03-23T13:36:46+00:00","dateModified":"2026-04-02T12:21:27+00:00","description":"La Fixe Roca Siurana 9.6 Nature Endurance \u00e8 la corda singola per eccellenza di Fixe. Piacevole al tatto e facile da annodare \u00e8 realizzata con costruzione Endurance, per cui la calza \u00e8 intrecciata con 48 trefoli, rispetto alla costruzione classica con 42 trefoli. Questa modalit\u00e0 costruttiva fornisce una superficie particolarmente regolare della calza, in grado di offrire maggiore scorrevolezza nei moschettoni e nei dispositivi di assicurazione e maggiore resistenza all'abrasione.In versione Nature, priva di trattamenti chimici, la Fixe Roca Siurana 9.6 offre prestazioni eccezionali per arrampicata sportiva e vie lunghe. Il suo tipo di costruzione riduce la penetrazione di ghiaccio, polvere e sabbia tra i filamenti, prolungandone la vita. Durevole, resistente e con una forza d'impatto molto bassa \u00e8 ideale sia per chi \u00e8 alle prime armi con l'arrampicata che per arrampicatori esperti.","breadcrumb":{"@id":"https:\/\/www.sestogrado.it\/it\/prodotto\/fixe-roca-siurana-9-6-nature-endurance-corda-arrampicata\/#breadcrumb"},"inLanguage":"it-IT","potentialAction":[{"@type":"ReadAction","target":[["https:\/\/www.sestogrado.it\/it\/prodotto\/fixe-roca-siurana-9-6-nature-endurance-corda-arrampicata\/"]]}]},{"@type":"ImageObject","inLanguage":"it-IT","@id":"https:\/\/www.sestogrado.it\/it\/prodotto\/fixe-roca-siurana-9-6-nature-endurance-corda-arrampicata\/#primaryimage","url":"https:\/\/www.sestogrado.it\/wp-content\/uploads\/2021\/07\/01-12.jpg","contentUrl":"https:\/\/www.sestogrado.it\/wp-content\/uploads\/2021\/07\/01-12.jpg","width":800,"height":800,"caption":"fixe siurana 9.6"},{"@type":"BreadcrumbList","@id":"https:\/\/www.sestogrado.it\/it\/prodotto\/fixe-roca-siurana-9-6-nature-endurance-corda-arrampicata\/#breadcrumb","itemListElement":[{"@type":"ListItem","position":1,"name":"Home","item":"https:\/\/www.sestogrado.it\/it\/"},{"@type":"ListItem","position":2,"name":"Shop","item":"https:\/\/www.sestogrado.it\/it\/shop\/"},{"@type":"ListItem","position":3,"name":"Fixe Roca Siurana 9.6 Nature Endurance corda arrampicata"}]},{"@type":"WebSite","@id":"https:\/\/www.sestogrado.it\/it\/#website","url":"https:\/\/www.sestogrado.it\/it\/","name":"Sestogrado","description":"yes we climb","publisher":{"@id":"https:\/\/www.sestogrado.it\/it\/#organization"},"potentialAction":[{"@type":"SearchAction","target":{"@type":"EntryPoint","urlTemplate":"https:\/\/www.sestogrado.it\/it\/?s={search_term_string}"},"query-input":{"@type":"PropertyValueSpecification","valueRequired":true,"valueName":"search_term_string"}}],"inLanguage":"it-IT"},{"@type":"Organization","@id":"https:\/\/www.sestogrado.it\/it\/#organization","name":"Sestogrado","url":"https:\/\/www.sestogrado.it\/it\/","logo":{"@type":"ImageObject","inLanguage":"it-IT","@id":"https:\/\/www.sestogrado.it\/it\/#\/schema\/logo\/image\/","url":"https:\/\/www.sestogrado.it\/wp-content\/uploads\/2015\/03\/sestogrado-favicon.png","contentUrl":"https:\/\/www.sestogrado.it\/wp-content\/uploads\/2015\/03\/sestogrado-favicon.png","width":260,"height":260,"caption":"Sestogrado"},"image":{"@id":"https:\/\/www.sestogrado.it\/it\/#\/schema\/logo\/image\/"},"sameAs":["https:\/\/www.facebook.com\/pages\/Sestogrado\/1542635979353017?ref=bookmarks","https:\/\/www.youtube.com\/channel\/UC847kAfTkaJsWpc1jtQwr3Q"],"hasMerchantReturnPolicy":{"@type":"MerchantReturnPolicy","merchantReturnLink":"https:\/\/www.sestogrado.it\/it\/termini-e-condizioni\/"}}]},"product_brand":"Fixe","og_availability":"instock","product_availability":"instock","product_condition":"new"},"_links":{"self":[{"href":"https:\/\/www.sestogrado.it\/it\/wp-json\/wp\/v2\/product\/62555","targetHints":{"allow":["GET"]}}],"collection":[{"href":"https:\/\/www.sestogrado.it\/it\/wp-json\/wp\/v2\/product"}],"about":[{"href":"https:\/\/www.sestogrado.it\/it\/wp-json\/wp\/v2\/types\/product"}],"replies":[{"embeddable":true,"href":"https:\/\/www.sestogrado.it\/it\/wp-json\/wp\/v2\/comments?post=62555"}],"wp:featuredmedia":[{"embeddable":true,"href":"https:\/\/www.sestogrado.it\/it\/wp-json\/wp\/v2\/media\/170676"}],"wp:attachment":[{"href":"https:\/\/www.sestogrado.it\/it\/wp-json\/wp\/v2\/media?parent=62555"}],"wp:term":[{"taxonomy":"product_brand","embeddable":true,"href":"https:\/\/www.sestogrado.it\/it\/wp-json\/wp\/v2\/product_brand?post=62555"},{"taxonomy":"product_cat","embeddable":true,"href":"https:\/\/www.sestogrado.it\/it\/wp-json\/wp\/v2\/product_cat?post=62555"},{"taxonomy":"product_tag","embeddable":true,"href":"https:\/\/www.sestogrado.it\/it\/wp-json\/wp\/v2\/product_tag?post=62555"}],"curies":[{"name":"wp","href":"https:\/\/api.w.org\/{rel}","templated":true}]}}