{"id":59559,"date":"2021-06-01T15:21:27","date_gmt":"2021-06-01T13:21:27","guid":{"rendered":"https:\/\/www.sestogrado.it\/?post_type=product&#038;p=59559"},"modified":"2026-04-26T20:25:21","modified_gmt":"2026-04-26T18:25:21","slug":"beal-rope-out-7l-borsa-porta-corda-alpinistica","status":"publish","type":"product","link":"https:\/\/www.sestogrado.it\/it\/prodotto\/beal-rope-out-7l-borsa-porta-corda-alpinistica\/","title":{"rendered":"Beal Rope Out 7L borsa porta corda alpinistica"},"content":{"rendered":"<p>La Beal Rope Out 7L \u00e8 una borsa porta corda da alpinismo che mantiene la tua corda asciutta e protetta quando sei su un ghiacciaio. Il sistema di chiusura ClicClac, grazie ad un sistema a magneti, si aziona facilmente con una sola mano anche quando si indossano i guanti. Grazie alla Beal Rope Out \u00e8 possibile dare corda facilmente e soprattutto permette di lanciare l&#8217;intero sistema in caso di caduta in crepaccio. Il volume di 7 litri ospita una mezza corda da 60 o una singola da 40 metri.<\/p>\n<ul>\n<li>sostituisce gli anelli di corda intorno al busto<\/li>\n<li>sistema di apertura Clic-clac per regolare facilmente la lunghezza della corda<\/li>\n<li>l&#8217;ottima areazione permette alla corda di asciugarsi rapidamente<\/li>\n<li>la corda pu\u00f2 passare anche attraverso l&#8217;occhiello sul fondo della sacca, utile per il soccorso<\/li>\n<li>possibilit\u00e0 di trasportarlo in vita<\/li>\n<li>asola per agganciare la sacca all&#8217;imbrago<\/li>\n<\/ul>\n<p>&nbsp;<\/p>\n<p>Il Beal Rope Out da 7L \u00e8 una borsa comoda e compatta, ideale per portare e proteggere una corda su via di cresta, in conserva o anche solo per trasportare una corda di sicurezza in ferrata.<\/p>\n<p>&nbsp;<\/p>\n<p>Beal \u00e8 leader mondiale nella produzione di corde da montagna grazie ad un avanzato sviluppo tecnologico nel processo \u00a0di fabbricazione che gli \u00e8 valso il certificato Iso 9001. Sempre attento alle esigenze degli arrampicatori, \u00e8 stato in grado di apportare dinamicit\u00e0 alla pratica dell&#8217;arrampicata grazie ad un&#8217;intensa attivit\u00e0 di ricerca. In particolare, Black Limit, Program System, trattamento Dry Cover, imbragature Aero, tecnologia Unicore.<\/p>","protected":false},"excerpt":{"rendered":"<p>La Beal Rope Out 7L \u00e8 una borsa porta corda da alpinismo che mantiene la tua corda asciutta e protetta [&hellip;]<\/p>\n","protected":false},"featured_media":59560,"comment_status":"open","ping_status":"closed","template":"","meta":{"_acf_changed":false},"product_brand":[84],"product_cat":[390,392],"product_tag":[1151,1152,1153],"class_list":{"0":"post-59559","1":"product","2":"type-product","3":"status-publish","4":"has-post-thumbnail","6":"product_brand-beal","7":"product_cat-zaini-e-borse-portacorda","8":"product_cat-borse-portacorda","9":"product_tag-beal-rope-out","10":"product_tag-porta-corda","11":"product_tag-rope-out","13":"first","14":"instock","15":"sale","16":"taxable","17":"shipping-taxable","18":"purchasable","19":"product-type-simple"},"acf":[],"yoast_head":"<!-- This site is optimized with the Yoast SEO plugin v26.4 - https:\/\/yoast.com\/wordpress\/plugins\/seo\/ -->\n<title>Beal Rope Out 7L borsa porta corda alpinistica - Sestogrado<\/title>\n<meta name=\"description\" content=\"La Beal Rope Out 7L \u00e8 una borsa porta corda da alpinismo che mantiene la tua corda asciutta e protetta quando sei su un ghiaccio. Il sistema di chiusura ClicClac, grazie ad un sistema a magneti, si aziona facilmente con una sola mano anche quando si indossano i guanti. Grazie alla Beal Rope Out \u00e8 possibile dare corda facilmente e soprattutto permette di lanciare l&#039;intero sistema in caso di caduta in crepaccio. Il volume di 7 litri ospita una corda da 60 metri.\" \/>\n<meta name=\"robots\" content=\"index, follow, max-snippet:-1, max-image-preview:large, max-video-preview:-1\" \/>\n<link rel=\"canonical\" href=\"https:\/\/www.sestogrado.it\/it\/prodotto\/beal-rope-out-7l-borsa-porta-corda-alpinistica\/\" \/>\n<meta property=\"og:locale\" content=\"it_IT\" \/>\n<meta property=\"og:type\" content=\"article\" \/>\n<meta property=\"og:title\" content=\"Beal Rope Out 7L borsa porta corda alpinistica - Sestogrado\" \/>\n<meta property=\"og:description\" content=\"La Beal Rope Out 7L \u00e8 una borsa porta corda da alpinismo che mantiene la tua corda asciutta e protetta quando sei su un ghiaccio. Il sistema di chiusura ClicClac, grazie ad un sistema a magneti, si aziona facilmente con una sola mano anche quando si indossano i guanti. Grazie alla Beal Rope Out \u00e8 possibile dare corda facilmente e soprattutto permette di lanciare l&#039;intero sistema in caso di caduta in crepaccio. Il volume di 7 litri ospita una corda da 60 metri.\" \/>\n<meta property=\"og:url\" content=\"https:\/\/www.sestogrado.it\/it\/prodotto\/beal-rope-out-7l-borsa-porta-corda-alpinistica\/\" \/>\n<meta property=\"og:site_name\" content=\"Sestogrado\" \/>\n<meta property=\"article:publisher\" content=\"https:\/\/www.facebook.com\/pages\/Sestogrado\/1542635979353017?ref=bookmarks\" \/>\n<meta property=\"article:modified_time\" content=\"2026-04-26T18:25:21+00:00\" \/>\n<meta property=\"og:image\" content=\"https:\/\/www.sestogrado.it\/wp-content\/uploads\/2021\/06\/beal-rope-out-7l.jpg\" \/>\n\t<meta property=\"og:image:width\" content=\"1000\" \/>\n\t<meta property=\"og:image:height\" content=\"1000\" \/>\n\t<meta property=\"og:image:type\" content=\"image\/jpeg\" \/>\n<meta name=\"twitter:label1\" content=\"Prezzo\" \/>\n\t<meta name=\"twitter:data1\" content=\"&euro;&nbsp;24,90\" \/>\n\t<meta name=\"twitter:label2\" content=\"Disponibilit\u00e0\" \/>\n\t<meta name=\"twitter:data2\" content=\"In stock\" \/>\n<script type=\"application\/ld+json\" class=\"yoast-schema-graph\">{\"@context\":\"https:\/\/schema.org\",\"@graph\":[{\"@type\":\"WebPage\",\"@id\":\"https:\/\/www.sestogrado.it\/it\/prodotto\/beal-rope-out-7l-borsa-porta-corda-alpinistica\/\",\"url\":\"https:\/\/www.sestogrado.it\/it\/prodotto\/beal-rope-out-7l-borsa-porta-corda-alpinistica\/\",\"name\":\"Beal Rope Out 7L borsa porta corda alpinistica - Sestogrado\",\"isPartOf\":{\"@id\":\"https:\/\/www.sestogrado.it\/it\/#website\"},\"primaryImageOfPage\":{\"@id\":\"https:\/\/www.sestogrado.it\/it\/prodotto\/beal-rope-out-7l-borsa-porta-corda-alpinistica\/#primaryimage\"},\"image\":{\"@id\":\"https:\/\/www.sestogrado.it\/prodotto\/beal-rope-out-7l-borsa-porta-corda-alpinistica\/#primaryimage\"},\"thumbnailUrl\":\"https:\/\/www.sestogrado.it\/wp-content\/uploads\/2021\/06\/beal-rope-out-7l.jpg\",\"datePublished\":\"2021-06-01T13:21:27+00:00\",\"dateModified\":\"2026-04-26T18:25:21+00:00\",\"description\":\"La Beal Rope Out 7L \u00e8 una borsa porta corda da alpinismo che mantiene la tua corda asciutta e protetta quando sei su un ghiaccio. Il sistema di chiusura ClicClac, grazie ad un sistema a magneti, si aziona facilmente con una sola mano anche quando si indossano i guanti. Grazie alla Beal Rope Out \u00e8 possibile dare corda facilmente e soprattutto permette di lanciare l'intero sistema in caso di caduta in crepaccio. Il volume di 7 litri ospita una corda da 60 metri.\",\"breadcrumb\":{\"@id\":\"https:\/\/www.sestogrado.it\/it\/prodotto\/beal-rope-out-7l-borsa-porta-corda-alpinistica\/#breadcrumb\"},\"inLanguage\":\"it-IT\",\"potentialAction\":[{\"@type\":\"ReadAction\",\"target\":[[\"https:\/\/www.sestogrado.it\/it\/prodotto\/beal-rope-out-7l-borsa-porta-corda-alpinistica\/\"]]}]},{\"@type\":\"ImageObject\",\"inLanguage\":\"it-IT\",\"@id\":\"https:\/\/www.sestogrado.it\/it\/prodotto\/beal-rope-out-7l-borsa-porta-corda-alpinistica\/#primaryimage\",\"url\":\"https:\/\/www.sestogrado.it\/wp-content\/uploads\/2021\/06\/beal-rope-out-7l.jpg\",\"contentUrl\":\"https:\/\/www.sestogrado.it\/wp-content\/uploads\/2021\/06\/beal-rope-out-7l.jpg\",\"width\":1000,\"height\":1000,\"caption\":\"beal rope out\"},{\"@type\":\"BreadcrumbList\",\"@id\":\"https:\/\/www.sestogrado.it\/it\/prodotto\/beal-rope-out-7l-borsa-porta-corda-alpinistica\/#breadcrumb\",\"itemListElement\":[{\"@type\":\"ListItem\",\"position\":1,\"name\":\"Home\",\"item\":\"https:\/\/www.sestogrado.it\/it\/\"},{\"@type\":\"ListItem\",\"position\":2,\"name\":\"Shop\",\"item\":\"https:\/\/www.sestogrado.it\/it\/shop\/\"},{\"@type\":\"ListItem\",\"position\":3,\"name\":\"Beal Rope Out 7L borsa porta corda alpinistica\"}]},{\"@type\":\"WebSite\",\"@id\":\"https:\/\/www.sestogrado.it\/it\/#website\",\"url\":\"https:\/\/www.sestogrado.it\/it\/\",\"name\":\"Sestogrado\",\"description\":\"yes we climb\",\"publisher\":{\"@id\":\"https:\/\/www.sestogrado.it\/it\/#organization\"},\"potentialAction\":[{\"@type\":\"SearchAction\",\"target\":{\"@type\":\"EntryPoint\",\"urlTemplate\":\"https:\/\/www.sestogrado.it\/it\/?s={search_term_string}\"},\"query-input\":{\"@type\":\"PropertyValueSpecification\",\"valueRequired\":true,\"valueName\":\"search_term_string\"}}],\"inLanguage\":\"it-IT\"},{\"@type\":\"Organization\",\"@id\":\"https:\/\/www.sestogrado.it\/it\/#organization\",\"name\":\"Sestogrado\",\"url\":\"https:\/\/www.sestogrado.it\/it\/\",\"logo\":{\"@type\":\"ImageObject\",\"inLanguage\":\"it-IT\",\"@id\":\"https:\/\/www.sestogrado.it\/it\/#\/schema\/logo\/image\/\",\"url\":\"https:\/\/www.sestogrado.it\/wp-content\/uploads\/2015\/03\/sestogrado-favicon.png\",\"contentUrl\":\"https:\/\/www.sestogrado.it\/wp-content\/uploads\/2015\/03\/sestogrado-favicon.png\",\"width\":260,\"height\":260,\"caption\":\"Sestogrado\"},\"image\":{\"@id\":\"https:\/\/www.sestogrado.it\/it\/#\/schema\/logo\/image\/\"},\"sameAs\":[\"https:\/\/www.facebook.com\/pages\/Sestogrado\/1542635979353017?ref=bookmarks\",\"https:\/\/www.youtube.com\/channel\/UC847kAfTkaJsWpc1jtQwr3Q\"],\"hasMerchantReturnPolicy\":{\"@type\":\"MerchantReturnPolicy\",\"merchantReturnLink\":\"https:\/\/www.sestogrado.it\/it\/termini-e-condizioni\/\"}}]}<\/script>\n<meta property=\"product:brand\" content=\"Beal\" \/>\n<meta property=\"product:price:amount\" content=\"24.90\" \/>\n<meta property=\"product:price:currency\" content=\"EUR\" \/>\n<meta property=\"og:availability\" content=\"instock\" \/>\n<meta property=\"product:availability\" content=\"instock\" \/>\n<meta property=\"product:condition\" content=\"new\" \/>\n<!-- \/ Yoast SEO plugin. -->","yoast_head_json":{"title":"Beal Rope Out 7L borsa porta corda alpinistica - Sestogrado","description":"La Beal Rope Out 7L \u00e8 una borsa porta corda da alpinismo che mantiene la tua corda asciutta e protetta quando sei su un ghiaccio. Il sistema di chiusura ClicClac, grazie ad un sistema a magneti, si aziona facilmente con una sola mano anche quando si indossano i guanti. Grazie alla Beal Rope Out \u00e8 possibile dare corda facilmente e soprattutto permette di lanciare l'intero sistema in caso di caduta in crepaccio. Il volume di 7 litri ospita una corda da 60 metri.","robots":{"index":"index","follow":"follow","max-snippet":"max-snippet:-1","max-image-preview":"max-image-preview:large","max-video-preview":"max-video-preview:-1"},"canonical":"https:\/\/www.sestogrado.it\/it\/prodotto\/beal-rope-out-7l-borsa-porta-corda-alpinistica\/","og_locale":"it_IT","og_type":"article","og_title":"Beal Rope Out 7L borsa porta corda alpinistica - Sestogrado","og_description":"La Beal Rope Out 7L \u00e8 una borsa porta corda da alpinismo che mantiene la tua corda asciutta e protetta quando sei su un ghiaccio. Il sistema di chiusura ClicClac, grazie ad un sistema a magneti, si aziona facilmente con una sola mano anche quando si indossano i guanti. Grazie alla Beal Rope Out \u00e8 possibile dare corda facilmente e soprattutto permette di lanciare l'intero sistema in caso di caduta in crepaccio. Il volume di 7 litri ospita una corda da 60 metri.","og_url":"https:\/\/www.sestogrado.it\/it\/prodotto\/beal-rope-out-7l-borsa-porta-corda-alpinistica\/","og_site_name":"Sestogrado","article_publisher":"https:\/\/www.facebook.com\/pages\/Sestogrado\/1542635979353017?ref=bookmarks","article_modified_time":"2026-04-26T18:25:21+00:00","og_image":[{"width":1000,"height":1000,"url":"https:\/\/www.sestogrado.it\/wp-content\/uploads\/2021\/06\/beal-rope-out-7l.jpg","type":"image\/jpeg"}],"twitter_misc":{"Prezzo":"&euro;&nbsp;24,90","Disponibilit\u00e0":"In stock"},"schema":{"@context":"https:\/\/schema.org","@graph":[{"@type":"WebPage","@id":"https:\/\/www.sestogrado.it\/it\/prodotto\/beal-rope-out-7l-borsa-porta-corda-alpinistica\/","url":"https:\/\/www.sestogrado.it\/it\/prodotto\/beal-rope-out-7l-borsa-porta-corda-alpinistica\/","name":"Beal Rope Out 7L borsa porta corda alpinistica - Sestogrado","isPartOf":{"@id":"https:\/\/www.sestogrado.it\/it\/#website"},"primaryImageOfPage":{"@id":"https:\/\/www.sestogrado.it\/it\/prodotto\/beal-rope-out-7l-borsa-porta-corda-alpinistica\/#primaryimage"},"image":{"@id":"https:\/\/www.sestogrado.it\/prodotto\/beal-rope-out-7l-borsa-porta-corda-alpinistica\/#primaryimage"},"thumbnailUrl":"https:\/\/www.sestogrado.it\/wp-content\/uploads\/2021\/06\/beal-rope-out-7l.jpg","datePublished":"2021-06-01T13:21:27+00:00","dateModified":"2026-04-26T18:25:21+00:00","description":"La Beal Rope Out 7L \u00e8 una borsa porta corda da alpinismo che mantiene la tua corda asciutta e protetta quando sei su un ghiaccio. Il sistema di chiusura ClicClac, grazie ad un sistema a magneti, si aziona facilmente con una sola mano anche quando si indossano i guanti. Grazie alla Beal Rope Out \u00e8 possibile dare corda facilmente e soprattutto permette di lanciare l'intero sistema in caso di caduta in crepaccio. Il volume di 7 litri ospita una corda da 60 metri.","breadcrumb":{"@id":"https:\/\/www.sestogrado.it\/it\/prodotto\/beal-rope-out-7l-borsa-porta-corda-alpinistica\/#breadcrumb"},"inLanguage":"it-IT","potentialAction":[{"@type":"ReadAction","target":[["https:\/\/www.sestogrado.it\/it\/prodotto\/beal-rope-out-7l-borsa-porta-corda-alpinistica\/"]]}]},{"@type":"ImageObject","inLanguage":"it-IT","@id":"https:\/\/www.sestogrado.it\/it\/prodotto\/beal-rope-out-7l-borsa-porta-corda-alpinistica\/#primaryimage","url":"https:\/\/www.sestogrado.it\/wp-content\/uploads\/2021\/06\/beal-rope-out-7l.jpg","contentUrl":"https:\/\/www.sestogrado.it\/wp-content\/uploads\/2021\/06\/beal-rope-out-7l.jpg","width":1000,"height":1000,"caption":"beal rope out"},{"@type":"BreadcrumbList","@id":"https:\/\/www.sestogrado.it\/it\/prodotto\/beal-rope-out-7l-borsa-porta-corda-alpinistica\/#breadcrumb","itemListElement":[{"@type":"ListItem","position":1,"name":"Home","item":"https:\/\/www.sestogrado.it\/it\/"},{"@type":"ListItem","position":2,"name":"Shop","item":"https:\/\/www.sestogrado.it\/it\/shop\/"},{"@type":"ListItem","position":3,"name":"Beal Rope Out 7L borsa porta corda alpinistica"}]},{"@type":"WebSite","@id":"https:\/\/www.sestogrado.it\/it\/#website","url":"https:\/\/www.sestogrado.it\/it\/","name":"Sestogrado","description":"yes we climb","publisher":{"@id":"https:\/\/www.sestogrado.it\/it\/#organization"},"potentialAction":[{"@type":"SearchAction","target":{"@type":"EntryPoint","urlTemplate":"https:\/\/www.sestogrado.it\/it\/?s={search_term_string}"},"query-input":{"@type":"PropertyValueSpecification","valueRequired":true,"valueName":"search_term_string"}}],"inLanguage":"it-IT"},{"@type":"Organization","@id":"https:\/\/www.sestogrado.it\/it\/#organization","name":"Sestogrado","url":"https:\/\/www.sestogrado.it\/it\/","logo":{"@type":"ImageObject","inLanguage":"it-IT","@id":"https:\/\/www.sestogrado.it\/it\/#\/schema\/logo\/image\/","url":"https:\/\/www.sestogrado.it\/wp-content\/uploads\/2015\/03\/sestogrado-favicon.png","contentUrl":"https:\/\/www.sestogrado.it\/wp-content\/uploads\/2015\/03\/sestogrado-favicon.png","width":260,"height":260,"caption":"Sestogrado"},"image":{"@id":"https:\/\/www.sestogrado.it\/it\/#\/schema\/logo\/image\/"},"sameAs":["https:\/\/www.facebook.com\/pages\/Sestogrado\/1542635979353017?ref=bookmarks","https:\/\/www.youtube.com\/channel\/UC847kAfTkaJsWpc1jtQwr3Q"],"hasMerchantReturnPolicy":{"@type":"MerchantReturnPolicy","merchantReturnLink":"https:\/\/www.sestogrado.it\/it\/termini-e-condizioni\/"}}]},"product_brand":"Beal","product_price_amount":"24.90","product_price_currency":"EUR","og_availability":"instock","product_availability":"instock","product_condition":"new"},"_links":{"self":[{"href":"https:\/\/www.sestogrado.it\/it\/wp-json\/wp\/v2\/product\/59559","targetHints":{"allow":["GET"]}}],"collection":[{"href":"https:\/\/www.sestogrado.it\/it\/wp-json\/wp\/v2\/product"}],"about":[{"href":"https:\/\/www.sestogrado.it\/it\/wp-json\/wp\/v2\/types\/product"}],"replies":[{"embeddable":true,"href":"https:\/\/www.sestogrado.it\/it\/wp-json\/wp\/v2\/comments?post=59559"}],"wp:featuredmedia":[{"embeddable":true,"href":"https:\/\/www.sestogrado.it\/it\/wp-json\/wp\/v2\/media\/59560"}],"wp:attachment":[{"href":"https:\/\/www.sestogrado.it\/it\/wp-json\/wp\/v2\/media?parent=59559"}],"wp:term":[{"taxonomy":"product_brand","embeddable":true,"href":"https:\/\/www.sestogrado.it\/it\/wp-json\/wp\/v2\/product_brand?post=59559"},{"taxonomy":"product_cat","embeddable":true,"href":"https:\/\/www.sestogrado.it\/it\/wp-json\/wp\/v2\/product_cat?post=59559"},{"taxonomy":"product_tag","embeddable":true,"href":"https:\/\/www.sestogrado.it\/it\/wp-json\/wp\/v2\/product_tag?post=59559"}],"curies":[{"name":"wp","href":"https:\/\/api.w.org\/{rel}","templated":true}]}}