{"id":58674,"date":"2022-06-24T12:31:56","date_gmt":"2022-06-24T10:31:56","guid":{"rendered":"https:\/\/www.sestogrado.it\/?post_type=product&#038;p=58674"},"modified":"2026-04-14T12:05:31","modified_gmt":"2026-04-14T10:05:31","slug":"black-diamond-blitz-28-zaino-arrampicata-vie-lunghe-alpinismo","status":"publish","type":"product","link":"https:\/\/www.sestogrado.it\/it\/prodotto\/black-diamond-blitz-28-zaino-arrampicata-vie-lunghe-alpinismo\/","title":{"rendered":"Black Diamond Blitz 28 zaino arrampicata vie lunghe alpinismo"},"content":{"rendered":"<p>Black Diamond Blitz 28 zaino arrampicata vie lunghe alpinismo \u00e8 lo zaino della serie &#8220;Ascent&#8221; della linea Black Diamond.<\/p>\n<p>Progettato con la conoscenza ed esperienza degli anni trascorsi in montagna, la <strong>Black Diamond Blitz<\/strong> \u00e8 la risposta a vie, escursioni, ferrate verso la vetta. Con tutte le caratteristiche di uno zaino da vetta, i nuovi zaini Blitz sono realizzati con il <strong>nuovo tessuto BD UHWMPE &#8220;Mini Rip&#8221; 100d<\/strong>, che offre loro l&#8217;equilibrio ideale tra l&#8217;essere ultra resistente, iperleggero ed estremamente comprimibile.<\/p>\n<p>Una chiusura superiore apribile con una sola mano semplifica l&#8217;uso, e il design smontabile aggiunge ancora pi\u00f9 risparmio di peso, con un <em>pad bivacco<\/em> rimovibile nello schienale. C&#8217;\u00e8 un <em>cinturino in corda rossa<\/em> per ritrovarlo anche al buio ed essere facilmente avvistati, mentre lo strumento per il ghiaccio <em>Pick Pockets\u2122<\/em> \u00e8 stato aggiornato con il nuovo attacco <em>dogbone in metallo personalizzato<\/em> per una maggiore sicurezza dello strumento per il ghiaccio.<\/p>\n<ul>\n<li>BD UHWMPE \u201cMini Rip\u201d Nylon 100d con tessuto del corpo in PE 200d<\/li>\n<li>Chiusura superiore con una mano<\/li>\n<li>Tasca con zip sul coperchio facilmente accessibile e resistente all&#8217;acqua<\/li>\n<li>Design strippable con cintura in vita rimovibile<\/li>\n<li>Lenzuolo\/cuscino da bivacco rimovibile<\/li>\n<li>Cinturino in corda rossa con codice colore<\/li>\n<li>Strumento per il ghiaccio <em>Pick Pockets\u2122<\/em> con il nostro nuovo accessorio per lo strumento per il ghiaccio a forma di dogbone in metallo personalizzato<\/li>\n<li>Compatibilit\u00e0 con l&#8217;<a href=\"https:\/\/www.sestogrado.it\/it\/brand\/camelbak\/\" target=\"_blank\" rel=\"noopener\">idratazione<\/a><\/li>\n<li>Tasca interna con cerniera<\/li>\n<\/ul>\n<p>&nbsp;<\/p>\n<div class=\"embed-responsive embed-responsive-16by9\"><iframe title=\"Black Diamond Blitz Packs\" width=\"500\" height=\"281\" src=\"https:\/\/www.youtube.com\/embed\/MADJ0__QZwE?start=2&#038;feature=oembed\" frameborder=\"0\" allow=\"accelerometer; autoplay; clipboard-write; encrypted-media; gyroscope; picture-in-picture; web-share\" referrerpolicy=\"strict-origin-when-cross-origin\" allowfullscreen><\/iframe><\/div>\n<p>&nbsp;<\/p>\n<p>La compatibilit\u00e0 con l&#8217;<a href=\"https:\/\/www.sestogrado.it\/it\/brand\/camelbak\/\" target=\"_blank\" rel=\"noopener\">idratazione<\/a> completa il set di funzionalit\u00e0 del Blitz 28 che lo rende uno zaino polivalente, leggero e ultraresistente.<\/p>\n<p>&nbsp;<\/p>\n<p>Black Diamond dal 1957 rappresenta un punto di riferimento mondiale per l\u2019attrezzatura da arrampicata. Ci\u00f2 che all\u2019inizio era una attivit\u00e0 artigianale con incudine e martello oggi si \u00e8 trasformata in una societ\u00e0 globale con uffici in tre continenti. Il segreto di Black Diamond \u00e8 sempre lo stesso: essere una societ\u00e0 formata da appassionati climber. In Black Diamond si continua a sognare su ci\u00f2 che potrebbe essere e si continua ad essere critici su ci\u00f2 che esiste. E\u2019 cos\u00ec che il processo creativo per la realizzazione della migliore attrezzatura da arrampicata non avr\u00e0 mai fine.<\/p>\n","protected":false},"excerpt":{"rendered":"<p>Black Diamond Blitz 28 zaino arrampicata vie lunghe alpinismo \u00e8 lo zaino della serie &#8220;Ascent&#8221; della linea Black Diamond. Progettato [&hellip;]<\/p>\n","protected":false},"featured_media":105647,"comment_status":"open","ping_status":"closed","template":"","meta":{"_acf_changed":false},"product_brand":[121],"product_cat":[389],"product_tag":[],"class_list":{"0":"post-58674","1":"product","2":"type-product","3":"status-publish","4":"has-post-thumbnail","6":"product_brand-black-diamond","7":"product_cat-zaini-alpinismo","9":"first","10":"instock","11":"sale","12":"taxable","13":"shipping-taxable","14":"purchasable","15":"product-type-simple"},"acf":[],"yoast_head":"<!-- This site is optimized with the Yoast SEO plugin v26.4 - https:\/\/yoast.com\/wordpress\/plugins\/seo\/ -->\n<title>Black Diamond Blitz 28 zaino arrampicata vie lunghe alpinismo - Sestogrado<\/title>\n<meta name=\"description\" content=\"Black Diamond Blitz 28 zaino arrampicata vie lunghe alpinismo \u00e8 lo zaino della serie &quot;Ascent&quot; della linea Black Diamond. Progettato con la conoscenza ed esperienza degli anni trascorsi in montagna, la Black Diamond Blitz \u00e8 la risposta a vie, escursioni, ferrate verso la vetta. Con tutte le caratteristiche di uno zaino da vetta, i nuovi zaini Blitz sono realizzati con il nuovo tessuto BD UHWMPE &quot;Mini Rip&quot; 100d, che offre loro l&#039;equilibrio ideale tra l&#039;essere ultra resistente, iperleggero ed estremamente comprimibile. Una chiusura superiore apribile con una sola mano semplifica l&#039;uso, e il design smontabile aggiunge ancora pi\u00f9 risparmio di peso, con un pad bivacco rimovibile nello schienale. C&#039;\u00e8 un cinturino in corda rossa per ritrovarlo anche al buio ed essere facilmente avvistati, mentre lo strumento per il ghiaccio Pick Pockets\u2122 \u00e8 stato aggiornato con il nuovo attacco dogbone in metallo personalizzato per una maggiore sicurezza dello strumento per il ghiaccio.\u00a0\" \/>\n<meta name=\"robots\" content=\"index, follow, max-snippet:-1, max-image-preview:large, max-video-preview:-1\" \/>\n<link rel=\"canonical\" href=\"https:\/\/www.sestogrado.it\/it\/prodotto\/black-diamond-blitz-28-zaino-arrampicata-vie-lunghe-alpinismo\/\" \/>\n<meta property=\"og:locale\" content=\"it_IT\" \/>\n<meta property=\"og:type\" content=\"article\" \/>\n<meta property=\"og:title\" content=\"Black Diamond Blitz 28 zaino arrampicata vie lunghe alpinismo - Sestogrado\" \/>\n<meta property=\"og:description\" content=\"Black Diamond Blitz 28 zaino arrampicata vie lunghe alpinismo \u00e8 lo zaino della serie &quot;Ascent&quot; della linea Black Diamond. Progettato con la conoscenza ed esperienza degli anni trascorsi in montagna, la Black Diamond Blitz \u00e8 la risposta a vie, escursioni, ferrate verso la vetta. Con tutte le caratteristiche di uno zaino da vetta, i nuovi zaini Blitz sono realizzati con il nuovo tessuto BD UHWMPE &quot;Mini Rip&quot; 100d, che offre loro l&#039;equilibrio ideale tra l&#039;essere ultra resistente, iperleggero ed estremamente comprimibile. Una chiusura superiore apribile con una sola mano semplifica l&#039;uso, e il design smontabile aggiunge ancora pi\u00f9 risparmio di peso, con un pad bivacco rimovibile nello schienale. C&#039;\u00e8 un cinturino in corda rossa per ritrovarlo anche al buio ed essere facilmente avvistati, mentre lo strumento per il ghiaccio Pick Pockets\u2122 \u00e8 stato aggiornato con il nuovo attacco dogbone in metallo personalizzato per una maggiore sicurezza dello strumento per il ghiaccio.\u00a0\" \/>\n<meta property=\"og:url\" content=\"https:\/\/www.sestogrado.it\/it\/prodotto\/black-diamond-blitz-28-zaino-arrampicata-vie-lunghe-alpinismo\/\" \/>\n<meta property=\"og:site_name\" content=\"Sestogrado\" \/>\n<meta property=\"article:publisher\" content=\"https:\/\/www.facebook.com\/pages\/Sestogrado\/1542635979353017?ref=bookmarks\" \/>\n<meta property=\"article:modified_time\" content=\"2026-04-14T10:05:31+00:00\" \/>\n<meta property=\"og:image\" content=\"https:\/\/www.sestogrado.it\/wp-content\/uploads\/2022\/06\/74b95e93a4ce9e185b5c0ff1afcc7f6b0846c279__15739.jpg\" \/>\n\t<meta property=\"og:image:width\" content=\"1700\" \/>\n\t<meta property=\"og:image:height\" content=\"1700\" \/>\n\t<meta property=\"og:image:type\" content=\"image\/jpeg\" \/>\n<meta name=\"twitter:label1\" content=\"Prezzo\" \/>\n\t<meta name=\"twitter:data1\" content=\"&euro;&nbsp;109,00\" \/>\n\t<meta name=\"twitter:label2\" content=\"Disponibilit\u00e0\" \/>\n\t<meta name=\"twitter:data2\" content=\"In stock\" \/>\n<script type=\"application\/ld+json\" class=\"yoast-schema-graph\">{\"@context\":\"https:\/\/schema.org\",\"@graph\":[{\"@type\":\"WebPage\",\"@id\":\"https:\/\/www.sestogrado.it\/it\/prodotto\/black-diamond-blitz-28-zaino-arrampicata-vie-lunghe-alpinismo\/\",\"url\":\"https:\/\/www.sestogrado.it\/it\/prodotto\/black-diamond-blitz-28-zaino-arrampicata-vie-lunghe-alpinismo\/\",\"name\":\"Black Diamond Blitz 28 zaino arrampicata vie lunghe alpinismo - Sestogrado\",\"isPartOf\":{\"@id\":\"https:\/\/www.sestogrado.it\/it\/#website\"},\"primaryImageOfPage\":{\"@id\":\"https:\/\/www.sestogrado.it\/it\/prodotto\/black-diamond-blitz-28-zaino-arrampicata-vie-lunghe-alpinismo\/#primaryimage\"},\"image\":{\"@id\":\"https:\/\/www.sestogrado.it\/prodotto\/black-diamond-blitz-28-zaino-arrampicata-vie-lunghe-alpinismo\/#primaryimage\"},\"thumbnailUrl\":\"https:\/\/www.sestogrado.it\/wp-content\/uploads\/2022\/06\/74b95e93a4ce9e185b5c0ff1afcc7f6b0846c279__15739.jpg\",\"datePublished\":\"2022-06-24T10:31:56+00:00\",\"dateModified\":\"2026-04-14T10:05:31+00:00\",\"description\":\"Black Diamond Blitz 28 zaino arrampicata vie lunghe alpinismo \u00e8 lo zaino della serie \\\"Ascent\\\" della linea Black Diamond. Progettato con la conoscenza ed esperienza degli anni trascorsi in montagna, la Black Diamond Blitz \u00e8 la risposta a vie, escursioni, ferrate verso la vetta. Con tutte le caratteristiche di uno zaino da vetta, i nuovi zaini Blitz sono realizzati con il nuovo tessuto BD UHWMPE \\\"Mini Rip\\\" 100d, che offre loro l'equilibrio ideale tra l'essere ultra resistente, iperleggero ed estremamente comprimibile. Una chiusura superiore apribile con una sola mano semplifica l'uso, e il design smontabile aggiunge ancora pi\u00f9 risparmio di peso, con un pad bivacco rimovibile nello schienale. C'\u00e8 un cinturino in corda rossa per ritrovarlo anche al buio ed essere facilmente avvistati, mentre lo strumento per il ghiaccio Pick Pockets\u2122 \u00e8 stato aggiornato con il nuovo attacco dogbone in metallo personalizzato per una maggiore sicurezza dello strumento per il ghiaccio.\u00a0\",\"breadcrumb\":{\"@id\":\"https:\/\/www.sestogrado.it\/it\/prodotto\/black-diamond-blitz-28-zaino-arrampicata-vie-lunghe-alpinismo\/#breadcrumb\"},\"inLanguage\":\"it-IT\",\"potentialAction\":[{\"@type\":\"ReadAction\",\"target\":[[\"https:\/\/www.sestogrado.it\/it\/prodotto\/black-diamond-blitz-28-zaino-arrampicata-vie-lunghe-alpinismo\/\"]]}]},{\"@type\":\"ImageObject\",\"inLanguage\":\"it-IT\",\"@id\":\"https:\/\/www.sestogrado.it\/it\/prodotto\/black-diamond-blitz-28-zaino-arrampicata-vie-lunghe-alpinismo\/#primaryimage\",\"url\":\"https:\/\/www.sestogrado.it\/wp-content\/uploads\/2022\/06\/74b95e93a4ce9e185b5c0ff1afcc7f6b0846c279__15739.jpg\",\"contentUrl\":\"https:\/\/www.sestogrado.it\/wp-content\/uploads\/2022\/06\/74b95e93a4ce9e185b5c0ff1afcc7f6b0846c279__15739.jpg\",\"width\":1700,\"height\":1700,\"caption\":\"bd blitz 28\"},{\"@type\":\"BreadcrumbList\",\"@id\":\"https:\/\/www.sestogrado.it\/it\/prodotto\/black-diamond-blitz-28-zaino-arrampicata-vie-lunghe-alpinismo\/#breadcrumb\",\"itemListElement\":[{\"@type\":\"ListItem\",\"position\":1,\"name\":\"Home\",\"item\":\"https:\/\/www.sestogrado.it\/it\/\"},{\"@type\":\"ListItem\",\"position\":2,\"name\":\"Shop\",\"item\":\"https:\/\/www.sestogrado.it\/it\/shop\/\"},{\"@type\":\"ListItem\",\"position\":3,\"name\":\"Black Diamond Blitz 28 zaino arrampicata vie lunghe alpinismo\"}]},{\"@type\":\"WebSite\",\"@id\":\"https:\/\/www.sestogrado.it\/it\/#website\",\"url\":\"https:\/\/www.sestogrado.it\/it\/\",\"name\":\"Sestogrado\",\"description\":\"yes we climb\",\"publisher\":{\"@id\":\"https:\/\/www.sestogrado.it\/it\/#organization\"},\"potentialAction\":[{\"@type\":\"SearchAction\",\"target\":{\"@type\":\"EntryPoint\",\"urlTemplate\":\"https:\/\/www.sestogrado.it\/it\/?s={search_term_string}\"},\"query-input\":{\"@type\":\"PropertyValueSpecification\",\"valueRequired\":true,\"valueName\":\"search_term_string\"}}],\"inLanguage\":\"it-IT\"},{\"@type\":\"Organization\",\"@id\":\"https:\/\/www.sestogrado.it\/it\/#organization\",\"name\":\"Sestogrado\",\"url\":\"https:\/\/www.sestogrado.it\/it\/\",\"logo\":{\"@type\":\"ImageObject\",\"inLanguage\":\"it-IT\",\"@id\":\"https:\/\/www.sestogrado.it\/it\/#\/schema\/logo\/image\/\",\"url\":\"https:\/\/www.sestogrado.it\/wp-content\/uploads\/2015\/03\/sestogrado-favicon.png\",\"contentUrl\":\"https:\/\/www.sestogrado.it\/wp-content\/uploads\/2015\/03\/sestogrado-favicon.png\",\"width\":260,\"height\":260,\"caption\":\"Sestogrado\"},\"image\":{\"@id\":\"https:\/\/www.sestogrado.it\/it\/#\/schema\/logo\/image\/\"},\"sameAs\":[\"https:\/\/www.facebook.com\/pages\/Sestogrado\/1542635979353017?ref=bookmarks\",\"https:\/\/www.youtube.com\/channel\/UC847kAfTkaJsWpc1jtQwr3Q\"],\"hasMerchantReturnPolicy\":{\"@type\":\"MerchantReturnPolicy\",\"merchantReturnLink\":\"https:\/\/www.sestogrado.it\/it\/termini-e-condizioni\/\"}}]}<\/script>\n<meta property=\"product:brand\" content=\"Black Diamond\" \/>\n<meta property=\"product:price:amount\" content=\"109.00\" \/>\n<meta property=\"product:price:currency\" content=\"EUR\" \/>\n<meta property=\"og:availability\" content=\"instock\" \/>\n<meta property=\"product:availability\" content=\"instock\" \/>\n<meta property=\"product:condition\" content=\"new\" \/>\n<!-- \/ Yoast SEO plugin. -->","yoast_head_json":{"title":"Black Diamond Blitz 28 zaino arrampicata vie lunghe alpinismo - Sestogrado","description":"Black Diamond Blitz 28 zaino arrampicata vie lunghe alpinismo \u00e8 lo zaino della serie \"Ascent\" della linea Black Diamond. Progettato con la conoscenza ed esperienza degli anni trascorsi in montagna, la Black Diamond Blitz \u00e8 la risposta a vie, escursioni, ferrate verso la vetta. Con tutte le caratteristiche di uno zaino da vetta, i nuovi zaini Blitz sono realizzati con il nuovo tessuto BD UHWMPE \"Mini Rip\" 100d, che offre loro l'equilibrio ideale tra l'essere ultra resistente, iperleggero ed estremamente comprimibile. Una chiusura superiore apribile con una sola mano semplifica l'uso, e il design smontabile aggiunge ancora pi\u00f9 risparmio di peso, con un pad bivacco rimovibile nello schienale. C'\u00e8 un cinturino in corda rossa per ritrovarlo anche al buio ed essere facilmente avvistati, mentre lo strumento per il ghiaccio Pick Pockets\u2122 \u00e8 stato aggiornato con il nuovo attacco dogbone in metallo personalizzato per una maggiore sicurezza dello strumento per il ghiaccio.\u00a0","robots":{"index":"index","follow":"follow","max-snippet":"max-snippet:-1","max-image-preview":"max-image-preview:large","max-video-preview":"max-video-preview:-1"},"canonical":"https:\/\/www.sestogrado.it\/it\/prodotto\/black-diamond-blitz-28-zaino-arrampicata-vie-lunghe-alpinismo\/","og_locale":"it_IT","og_type":"article","og_title":"Black Diamond Blitz 28 zaino arrampicata vie lunghe alpinismo - Sestogrado","og_description":"Black Diamond Blitz 28 zaino arrampicata vie lunghe alpinismo \u00e8 lo zaino della serie \"Ascent\" della linea Black Diamond. Progettato con la conoscenza ed esperienza degli anni trascorsi in montagna, la Black Diamond Blitz \u00e8 la risposta a vie, escursioni, ferrate verso la vetta. Con tutte le caratteristiche di uno zaino da vetta, i nuovi zaini Blitz sono realizzati con il nuovo tessuto BD UHWMPE \"Mini Rip\" 100d, che offre loro l'equilibrio ideale tra l'essere ultra resistente, iperleggero ed estremamente comprimibile. Una chiusura superiore apribile con una sola mano semplifica l'uso, e il design smontabile aggiunge ancora pi\u00f9 risparmio di peso, con un pad bivacco rimovibile nello schienale. C'\u00e8 un cinturino in corda rossa per ritrovarlo anche al buio ed essere facilmente avvistati, mentre lo strumento per il ghiaccio Pick Pockets\u2122 \u00e8 stato aggiornato con il nuovo attacco dogbone in metallo personalizzato per una maggiore sicurezza dello strumento per il ghiaccio.\u00a0","og_url":"https:\/\/www.sestogrado.it\/it\/prodotto\/black-diamond-blitz-28-zaino-arrampicata-vie-lunghe-alpinismo\/","og_site_name":"Sestogrado","article_publisher":"https:\/\/www.facebook.com\/pages\/Sestogrado\/1542635979353017?ref=bookmarks","article_modified_time":"2026-04-14T10:05:31+00:00","og_image":[{"width":1700,"height":1700,"url":"https:\/\/www.sestogrado.it\/wp-content\/uploads\/2022\/06\/74b95e93a4ce9e185b5c0ff1afcc7f6b0846c279__15739.jpg","type":"image\/jpeg"}],"twitter_misc":{"Prezzo":"&euro;&nbsp;109,00","Disponibilit\u00e0":"In stock"},"schema":{"@context":"https:\/\/schema.org","@graph":[{"@type":"WebPage","@id":"https:\/\/www.sestogrado.it\/it\/prodotto\/black-diamond-blitz-28-zaino-arrampicata-vie-lunghe-alpinismo\/","url":"https:\/\/www.sestogrado.it\/it\/prodotto\/black-diamond-blitz-28-zaino-arrampicata-vie-lunghe-alpinismo\/","name":"Black Diamond Blitz 28 zaino arrampicata vie lunghe alpinismo - Sestogrado","isPartOf":{"@id":"https:\/\/www.sestogrado.it\/it\/#website"},"primaryImageOfPage":{"@id":"https:\/\/www.sestogrado.it\/it\/prodotto\/black-diamond-blitz-28-zaino-arrampicata-vie-lunghe-alpinismo\/#primaryimage"},"image":{"@id":"https:\/\/www.sestogrado.it\/prodotto\/black-diamond-blitz-28-zaino-arrampicata-vie-lunghe-alpinismo\/#primaryimage"},"thumbnailUrl":"https:\/\/www.sestogrado.it\/wp-content\/uploads\/2022\/06\/74b95e93a4ce9e185b5c0ff1afcc7f6b0846c279__15739.jpg","datePublished":"2022-06-24T10:31:56+00:00","dateModified":"2026-04-14T10:05:31+00:00","description":"Black Diamond Blitz 28 zaino arrampicata vie lunghe alpinismo \u00e8 lo zaino della serie \"Ascent\" della linea Black Diamond. Progettato con la conoscenza ed esperienza degli anni trascorsi in montagna, la Black Diamond Blitz \u00e8 la risposta a vie, escursioni, ferrate verso la vetta. Con tutte le caratteristiche di uno zaino da vetta, i nuovi zaini Blitz sono realizzati con il nuovo tessuto BD UHWMPE \"Mini Rip\" 100d, che offre loro l'equilibrio ideale tra l'essere ultra resistente, iperleggero ed estremamente comprimibile. Una chiusura superiore apribile con una sola mano semplifica l'uso, e il design smontabile aggiunge ancora pi\u00f9 risparmio di peso, con un pad bivacco rimovibile nello schienale. C'\u00e8 un cinturino in corda rossa per ritrovarlo anche al buio ed essere facilmente avvistati, mentre lo strumento per il ghiaccio Pick Pockets\u2122 \u00e8 stato aggiornato con il nuovo attacco dogbone in metallo personalizzato per una maggiore sicurezza dello strumento per il ghiaccio.\u00a0","breadcrumb":{"@id":"https:\/\/www.sestogrado.it\/it\/prodotto\/black-diamond-blitz-28-zaino-arrampicata-vie-lunghe-alpinismo\/#breadcrumb"},"inLanguage":"it-IT","potentialAction":[{"@type":"ReadAction","target":[["https:\/\/www.sestogrado.it\/it\/prodotto\/black-diamond-blitz-28-zaino-arrampicata-vie-lunghe-alpinismo\/"]]}]},{"@type":"ImageObject","inLanguage":"it-IT","@id":"https:\/\/www.sestogrado.it\/it\/prodotto\/black-diamond-blitz-28-zaino-arrampicata-vie-lunghe-alpinismo\/#primaryimage","url":"https:\/\/www.sestogrado.it\/wp-content\/uploads\/2022\/06\/74b95e93a4ce9e185b5c0ff1afcc7f6b0846c279__15739.jpg","contentUrl":"https:\/\/www.sestogrado.it\/wp-content\/uploads\/2022\/06\/74b95e93a4ce9e185b5c0ff1afcc7f6b0846c279__15739.jpg","width":1700,"height":1700,"caption":"bd blitz 28"},{"@type":"BreadcrumbList","@id":"https:\/\/www.sestogrado.it\/it\/prodotto\/black-diamond-blitz-28-zaino-arrampicata-vie-lunghe-alpinismo\/#breadcrumb","itemListElement":[{"@type":"ListItem","position":1,"name":"Home","item":"https:\/\/www.sestogrado.it\/it\/"},{"@type":"ListItem","position":2,"name":"Shop","item":"https:\/\/www.sestogrado.it\/it\/shop\/"},{"@type":"ListItem","position":3,"name":"Black Diamond Blitz 28 zaino arrampicata vie lunghe alpinismo"}]},{"@type":"WebSite","@id":"https:\/\/www.sestogrado.it\/it\/#website","url":"https:\/\/www.sestogrado.it\/it\/","name":"Sestogrado","description":"yes we climb","publisher":{"@id":"https:\/\/www.sestogrado.it\/it\/#organization"},"potentialAction":[{"@type":"SearchAction","target":{"@type":"EntryPoint","urlTemplate":"https:\/\/www.sestogrado.it\/it\/?s={search_term_string}"},"query-input":{"@type":"PropertyValueSpecification","valueRequired":true,"valueName":"search_term_string"}}],"inLanguage":"it-IT"},{"@type":"Organization","@id":"https:\/\/www.sestogrado.it\/it\/#organization","name":"Sestogrado","url":"https:\/\/www.sestogrado.it\/it\/","logo":{"@type":"ImageObject","inLanguage":"it-IT","@id":"https:\/\/www.sestogrado.it\/it\/#\/schema\/logo\/image\/","url":"https:\/\/www.sestogrado.it\/wp-content\/uploads\/2015\/03\/sestogrado-favicon.png","contentUrl":"https:\/\/www.sestogrado.it\/wp-content\/uploads\/2015\/03\/sestogrado-favicon.png","width":260,"height":260,"caption":"Sestogrado"},"image":{"@id":"https:\/\/www.sestogrado.it\/it\/#\/schema\/logo\/image\/"},"sameAs":["https:\/\/www.facebook.com\/pages\/Sestogrado\/1542635979353017?ref=bookmarks","https:\/\/www.youtube.com\/channel\/UC847kAfTkaJsWpc1jtQwr3Q"],"hasMerchantReturnPolicy":{"@type":"MerchantReturnPolicy","merchantReturnLink":"https:\/\/www.sestogrado.it\/it\/termini-e-condizioni\/"}}]},"product_brand":"Black Diamond","product_price_amount":"109.00","product_price_currency":"EUR","og_availability":"instock","product_availability":"instock","product_condition":"new"},"_links":{"self":[{"href":"https:\/\/www.sestogrado.it\/it\/wp-json\/wp\/v2\/product\/58674","targetHints":{"allow":["GET"]}}],"collection":[{"href":"https:\/\/www.sestogrado.it\/it\/wp-json\/wp\/v2\/product"}],"about":[{"href":"https:\/\/www.sestogrado.it\/it\/wp-json\/wp\/v2\/types\/product"}],"replies":[{"embeddable":true,"href":"https:\/\/www.sestogrado.it\/it\/wp-json\/wp\/v2\/comments?post=58674"}],"wp:featuredmedia":[{"embeddable":true,"href":"https:\/\/www.sestogrado.it\/it\/wp-json\/wp\/v2\/media\/105647"}],"wp:attachment":[{"href":"https:\/\/www.sestogrado.it\/it\/wp-json\/wp\/v2\/media?parent=58674"}],"wp:term":[{"taxonomy":"product_brand","embeddable":true,"href":"https:\/\/www.sestogrado.it\/it\/wp-json\/wp\/v2\/product_brand?post=58674"},{"taxonomy":"product_cat","embeddable":true,"href":"https:\/\/www.sestogrado.it\/it\/wp-json\/wp\/v2\/product_cat?post=58674"},{"taxonomy":"product_tag","embeddable":true,"href":"https:\/\/www.sestogrado.it\/it\/wp-json\/wp\/v2\/product_tag?post=58674"}],"curies":[{"name":"wp","href":"https:\/\/api.w.org\/{rel}","templated":true}]}}