{"id":57694,"date":"2022-05-05T13:59:39","date_gmt":"2022-05-05T11:59:39","guid":{"rendered":"https:\/\/www.sestogrado.it\/?post_type=product&#038;p=57694"},"modified":"2026-04-21T21:04:16","modified_gmt":"2026-04-21T19:04:16","slug":"ct-climbing-technology-hook-it-compact-twist-set-ferrata","status":"publish","type":"product","link":"https:\/\/www.sestogrado.it\/it\/prodotto\/ct-climbing-technology-hook-it-compact-twist-set-ferrata\/","title":{"rendered":"CT Climbing Technology Hook It Compact Twist set ferrata"},"content":{"rendered":"<p>Il CT Climbing Technology Hook It Compact \u00e8 un set set da ferrata con girello integrato Twist, provvisto dell\u2019assorbitore di energia SLIDER (brevettato), a lacerazione progressiva. Compatto e leggero grazie ai nuovi bracci elastici in polietilene ad alta densit\u00e0 (HDPE). Utilizzabile da persone di peso compreso fra 40 kg (attrezzatura esclusa) e 120 kg (attrezzatura inclusa). Particolarmente indicato per l\u2019utilizzo da parte di bambini, ragazzi e adulti grazie ai suoi moschettoni con impugnatura ergonomica.<\/p>\n<p>Caratteristiche principali:<\/p>\n<ul>\n<li>compatto assorbitore di energia SLIDER, che assicura una eccezionale gradualit\u00e0 di frenata e bassa forza di impatto rilasciata all\u2019utente in caso di caduta, anche nel range di peso intermedio (60-80-100 kg);<\/li>\n<li>provvisto di moschettoni a doppia leva con impugnatura ergonomica, dotati di grande apertura\/passaggio per rendere estremamente facile l\u2019aggancio e lo sgancio del cavo o catena della via ferrata;<\/li>\n<li>provvisto di girello integrato che evita l\u2019attorcigliamento dei nuovi bracci elastici in polietilene ad alta densit\u00e0 durante l\u2019uso;<\/li>\n<li>anello di fettuccia, integrato in uno dei bracci, che funge da terzo punto di collegamento per arrestarsi\/riposarsi su di un ancoraggio in caso di necessit\u00e0;<\/li>\n<li>robusta asola per la connessione all\u2019imbracatura tramite nodo a bocca di lupo, facile da installare;<\/li>\n<li>custodia di contenimento dell\u2019assorbitore compatta e robusta, dotata di zip per un\u2019immediata ispezione del label di sicurezza, in caso di caduta e\/o prima di ogni utilizzo.<\/li>\n<\/ul>\n<p>Il prodotto \u00e8 fornito nell\u2019apposito sacchetto in rete.<\/p>\n<p>L&#8217;Hook It Compact \u00e8 un set di alto livello, con moschettoni ampi e comodi, per ferratisti che cercano prodotti di alta gamma.<\/p>\n<p>&nbsp;<\/p>\n<p>Climbing Technology \u00e8 il marchio dell\u2019azienda bergamasca Aludesign, specializzata nella produzione di fornitura per arrampicata, alpinismo e sicurezza sul lavoro a livello internazionale. Ci\u00f2 che rende vincente questa realt\u00e0 italiana, \u00e8 la grande esperienza e la predisposizione alla continua innovazione dei prodotti, tramite un\u2019approfondita ricerca dei materiali e un attento studio delle tecnologie pi\u00f9 evolute, in pieno rispetto delle direttive europee sulla tutela dell\u2019ambiente.<\/p>","protected":false},"excerpt":{"rendered":"<p>Il CT Climbing Technology Hook It Compact \u00e8 un set set da ferrata con girello integrato Twist, provvisto dell\u2019assorbitore di [&hellip;]<\/p>\n","protected":false},"featured_media":57695,"comment_status":"open","ping_status":"closed","template":"","meta":{"_acf_changed":false},"product_brand":[55],"product_cat":[179],"product_tag":[],"class_list":{"0":"post-57694","1":"product","2":"type-product","3":"status-publish","4":"has-post-thumbnail","6":"product_brand-ct-climbing-technology","7":"product_cat-set-ferrata","9":"first","10":"instock","11":"sale","12":"taxable","13":"shipping-taxable","14":"purchasable","15":"product-type-simple"},"acf":[],"yoast_head":"<!-- This site is optimized with the Yoast SEO plugin v26.4 - https:\/\/yoast.com\/wordpress\/plugins\/seo\/ -->\n<title>CT Climbing Technology Hook It Compact Twist set ferrata - Sestogrado<\/title>\n<meta name=\"description\" content=\"IIl CT Climbing Technology Hook It Compact \u00e8 un set set da ferrata con girello integrato Twist, provvisto dell\u2019assorbitore di energia SLIDER (brevettato), a lacerazione progressiva. Compatto e leggero grazie ai nuovi bracci elastici in polietilene ad alta densit\u00e0 (HDPE). Utilizzabile da persone di peso compreso fra 40 kg (attrezzatura esclusa) e 120 kg (attrezzatura inclusa). Particolarmente indicato per l\u2019utilizzo da parte di bambini, ragazzi e adulti grazie ai suoi moschettoni con impugnatura ergonomica.l CT Climbing Technology Hook It Compact \u00e8 la versione con dissipatore compatto del Hook It Slider Twist. E&#039; un set set da ferrata con girello integrato provvisto dell\u2019assorbitore di energia SLIDER (brevettato), a lacerazione progressiva. Compatto e leggero grazie ai nuovi bracci elastici in polietilene ad alta densit\u00e0 (HDPE). Utilizzabile da persone di peso compreso fra 40 kg (attrezzatura esclusa) e 120 kg (attrezzatura inclusa). Particolarmente indicato per l\u2019utilizzo da parte di bambini, ragazzi e adulti grazie ai suoi moschettoni con impugnatura ergonomica.\" \/>\n<meta name=\"robots\" content=\"index, follow, max-snippet:-1, max-image-preview:large, max-video-preview:-1\" \/>\n<link rel=\"canonical\" href=\"https:\/\/www.sestogrado.it\/it\/prodotto\/ct-climbing-technology-hook-it-compact-twist-set-ferrata\/\" \/>\n<meta property=\"og:locale\" content=\"it_IT\" \/>\n<meta property=\"og:type\" content=\"article\" \/>\n<meta property=\"og:title\" content=\"CT Climbing Technology Hook It Compact Twist set ferrata - Sestogrado\" \/>\n<meta property=\"og:description\" content=\"IIl CT Climbing Technology Hook It Compact \u00e8 un set set da ferrata con girello integrato Twist, provvisto dell\u2019assorbitore di energia SLIDER (brevettato), a lacerazione progressiva. Compatto e leggero grazie ai nuovi bracci elastici in polietilene ad alta densit\u00e0 (HDPE). Utilizzabile da persone di peso compreso fra 40 kg (attrezzatura esclusa) e 120 kg (attrezzatura inclusa). Particolarmente indicato per l\u2019utilizzo da parte di bambini, ragazzi e adulti grazie ai suoi moschettoni con impugnatura ergonomica.l CT Climbing Technology Hook It Compact \u00e8 la versione con dissipatore compatto del Hook It Slider Twist. E&#039; un set set da ferrata con girello integrato provvisto dell\u2019assorbitore di energia SLIDER (brevettato), a lacerazione progressiva. Compatto e leggero grazie ai nuovi bracci elastici in polietilene ad alta densit\u00e0 (HDPE). Utilizzabile da persone di peso compreso fra 40 kg (attrezzatura esclusa) e 120 kg (attrezzatura inclusa). Particolarmente indicato per l\u2019utilizzo da parte di bambini, ragazzi e adulti grazie ai suoi moschettoni con impugnatura ergonomica.\" \/>\n<meta property=\"og:url\" content=\"https:\/\/www.sestogrado.it\/it\/prodotto\/ct-climbing-technology-hook-it-compact-twist-set-ferrata\/\" \/>\n<meta property=\"og:site_name\" content=\"Sestogrado\" \/>\n<meta property=\"article:publisher\" content=\"https:\/\/www.facebook.com\/pages\/Sestogrado\/1542635979353017?ref=bookmarks\" \/>\n<meta property=\"article:modified_time\" content=\"2026-04-21T19:04:16+00:00\" \/>\n<meta property=\"og:image\" content=\"https:\/\/www.sestogrado.it\/wp-content\/uploads\/2021\/05\/01-2.jpg\" \/>\n\t<meta property=\"og:image:width\" content=\"1024\" \/>\n\t<meta property=\"og:image:height\" content=\"1024\" \/>\n\t<meta property=\"og:image:type\" content=\"image\/jpeg\" \/>\n<meta name=\"twitter:label1\" content=\"Prezzo\" \/>\n\t<meta name=\"twitter:data1\" content=\"&euro;&nbsp;129,00\" \/>\n\t<meta name=\"twitter:label2\" content=\"Disponibilit\u00e0\" \/>\n\t<meta name=\"twitter:data2\" content=\"In stock\" \/>\n<script type=\"application\/ld+json\" class=\"yoast-schema-graph\">{\"@context\":\"https:\/\/schema.org\",\"@graph\":[{\"@type\":\"WebPage\",\"@id\":\"https:\/\/www.sestogrado.it\/it\/prodotto\/ct-climbing-technology-hook-it-compact-twist-set-ferrata\/\",\"url\":\"https:\/\/www.sestogrado.it\/it\/prodotto\/ct-climbing-technology-hook-it-compact-twist-set-ferrata\/\",\"name\":\"CT Climbing Technology Hook It Compact Twist set ferrata - Sestogrado\",\"isPartOf\":{\"@id\":\"https:\/\/www.sestogrado.it\/it\/#website\"},\"primaryImageOfPage\":{\"@id\":\"https:\/\/www.sestogrado.it\/it\/prodotto\/ct-climbing-technology-hook-it-compact-twist-set-ferrata\/#primaryimage\"},\"image\":{\"@id\":\"https:\/\/www.sestogrado.it\/prodotto\/ct-climbing-technology-hook-it-compact-twist-set-ferrata\/#primaryimage\"},\"thumbnailUrl\":\"https:\/\/www.sestogrado.it\/wp-content\/uploads\/2021\/05\/01-2.jpg\",\"datePublished\":\"2022-05-05T11:59:39+00:00\",\"dateModified\":\"2026-04-21T19:04:16+00:00\",\"description\":\"IIl CT Climbing Technology Hook It Compact \u00e8 un set set da ferrata con girello integrato Twist, provvisto dell\u2019assorbitore di energia SLIDER (brevettato), a lacerazione progressiva. Compatto e leggero grazie ai nuovi bracci elastici in polietilene ad alta densit\u00e0 (HDPE). Utilizzabile da persone di peso compreso fra 40 kg (attrezzatura esclusa) e 120 kg (attrezzatura inclusa). Particolarmente indicato per l\u2019utilizzo da parte di bambini, ragazzi e adulti grazie ai suoi moschettoni con impugnatura ergonomica.l CT Climbing Technology Hook It Compact \u00e8 la versione con dissipatore compatto del Hook It Slider Twist. E' un set set da ferrata con girello integrato provvisto dell\u2019assorbitore di energia SLIDER (brevettato), a lacerazione progressiva. Compatto e leggero grazie ai nuovi bracci elastici in polietilene ad alta densit\u00e0 (HDPE). Utilizzabile da persone di peso compreso fra 40 kg (attrezzatura esclusa) e 120 kg (attrezzatura inclusa). Particolarmente indicato per l\u2019utilizzo da parte di bambini, ragazzi e adulti grazie ai suoi moschettoni con impugnatura ergonomica.\",\"breadcrumb\":{\"@id\":\"https:\/\/www.sestogrado.it\/it\/prodotto\/ct-climbing-technology-hook-it-compact-twist-set-ferrata\/#breadcrumb\"},\"inLanguage\":\"it-IT\",\"potentialAction\":[{\"@type\":\"ReadAction\",\"target\":[[\"https:\/\/www.sestogrado.it\/it\/prodotto\/ct-climbing-technology-hook-it-compact-twist-set-ferrata\/\"]]}]},{\"@type\":\"ImageObject\",\"inLanguage\":\"it-IT\",\"@id\":\"https:\/\/www.sestogrado.it\/it\/prodotto\/ct-climbing-technology-hook-it-compact-twist-set-ferrata\/#primaryimage\",\"url\":\"https:\/\/www.sestogrado.it\/wp-content\/uploads\/2021\/05\/01-2.jpg\",\"contentUrl\":\"https:\/\/www.sestogrado.it\/wp-content\/uploads\/2021\/05\/01-2.jpg\",\"width\":1024,\"height\":1024,\"caption\":\"hook it compact\"},{\"@type\":\"BreadcrumbList\",\"@id\":\"https:\/\/www.sestogrado.it\/it\/prodotto\/ct-climbing-technology-hook-it-compact-twist-set-ferrata\/#breadcrumb\",\"itemListElement\":[{\"@type\":\"ListItem\",\"position\":1,\"name\":\"Home\",\"item\":\"https:\/\/www.sestogrado.it\/it\/\"},{\"@type\":\"ListItem\",\"position\":2,\"name\":\"Shop\",\"item\":\"https:\/\/www.sestogrado.it\/it\/shop\/\"},{\"@type\":\"ListItem\",\"position\":3,\"name\":\"CT Climbing Technology Hook It Compact Twist set ferrata\"}]},{\"@type\":\"WebSite\",\"@id\":\"https:\/\/www.sestogrado.it\/it\/#website\",\"url\":\"https:\/\/www.sestogrado.it\/it\/\",\"name\":\"Sestogrado\",\"description\":\"yes we climb\",\"publisher\":{\"@id\":\"https:\/\/www.sestogrado.it\/it\/#organization\"},\"potentialAction\":[{\"@type\":\"SearchAction\",\"target\":{\"@type\":\"EntryPoint\",\"urlTemplate\":\"https:\/\/www.sestogrado.it\/it\/?s={search_term_string}\"},\"query-input\":{\"@type\":\"PropertyValueSpecification\",\"valueRequired\":true,\"valueName\":\"search_term_string\"}}],\"inLanguage\":\"it-IT\"},{\"@type\":\"Organization\",\"@id\":\"https:\/\/www.sestogrado.it\/it\/#organization\",\"name\":\"Sestogrado\",\"url\":\"https:\/\/www.sestogrado.it\/it\/\",\"logo\":{\"@type\":\"ImageObject\",\"inLanguage\":\"it-IT\",\"@id\":\"https:\/\/www.sestogrado.it\/it\/#\/schema\/logo\/image\/\",\"url\":\"https:\/\/www.sestogrado.it\/wp-content\/uploads\/2015\/03\/sestogrado-favicon.png\",\"contentUrl\":\"https:\/\/www.sestogrado.it\/wp-content\/uploads\/2015\/03\/sestogrado-favicon.png\",\"width\":260,\"height\":260,\"caption\":\"Sestogrado\"},\"image\":{\"@id\":\"https:\/\/www.sestogrado.it\/it\/#\/schema\/logo\/image\/\"},\"sameAs\":[\"https:\/\/www.facebook.com\/pages\/Sestogrado\/1542635979353017?ref=bookmarks\",\"https:\/\/www.youtube.com\/channel\/UC847kAfTkaJsWpc1jtQwr3Q\"],\"hasMerchantReturnPolicy\":{\"@type\":\"MerchantReturnPolicy\",\"merchantReturnLink\":\"https:\/\/www.sestogrado.it\/it\/termini-e-condizioni\/\"}}]}<\/script>\n<meta property=\"product:brand\" content=\"CT Climbing Technlogy\" \/>\n<meta property=\"product:price:amount\" content=\"129.00\" \/>\n<meta property=\"product:price:currency\" content=\"EUR\" \/>\n<meta property=\"og:availability\" content=\"instock\" \/>\n<meta property=\"product:availability\" content=\"instock\" \/>\n<meta property=\"product:condition\" content=\"new\" \/>\n<!-- \/ Yoast SEO plugin. -->","yoast_head_json":{"title":"CT Climbing Technology Hook It Compact Twist set ferrata - Sestogrado","description":"IIl CT Climbing Technology Hook It Compact \u00e8 un set set da ferrata con girello integrato Twist, provvisto dell\u2019assorbitore di energia SLIDER (brevettato), a lacerazione progressiva. Compatto e leggero grazie ai nuovi bracci elastici in polietilene ad alta densit\u00e0 (HDPE). Utilizzabile da persone di peso compreso fra 40 kg (attrezzatura esclusa) e 120 kg (attrezzatura inclusa). Particolarmente indicato per l\u2019utilizzo da parte di bambini, ragazzi e adulti grazie ai suoi moschettoni con impugnatura ergonomica.l CT Climbing Technology Hook It Compact \u00e8 la versione con dissipatore compatto del Hook It Slider Twist. E' un set set da ferrata con girello integrato provvisto dell\u2019assorbitore di energia SLIDER (brevettato), a lacerazione progressiva. Compatto e leggero grazie ai nuovi bracci elastici in polietilene ad alta densit\u00e0 (HDPE). Utilizzabile da persone di peso compreso fra 40 kg (attrezzatura esclusa) e 120 kg (attrezzatura inclusa). Particolarmente indicato per l\u2019utilizzo da parte di bambini, ragazzi e adulti grazie ai suoi moschettoni con impugnatura ergonomica.","robots":{"index":"index","follow":"follow","max-snippet":"max-snippet:-1","max-image-preview":"max-image-preview:large","max-video-preview":"max-video-preview:-1"},"canonical":"https:\/\/www.sestogrado.it\/it\/prodotto\/ct-climbing-technology-hook-it-compact-twist-set-ferrata\/","og_locale":"it_IT","og_type":"article","og_title":"CT Climbing Technology Hook It Compact Twist set ferrata - Sestogrado","og_description":"IIl CT Climbing Technology Hook It Compact \u00e8 un set set da ferrata con girello integrato Twist, provvisto dell\u2019assorbitore di energia SLIDER (brevettato), a lacerazione progressiva. Compatto e leggero grazie ai nuovi bracci elastici in polietilene ad alta densit\u00e0 (HDPE). Utilizzabile da persone di peso compreso fra 40 kg (attrezzatura esclusa) e 120 kg (attrezzatura inclusa). Particolarmente indicato per l\u2019utilizzo da parte di bambini, ragazzi e adulti grazie ai suoi moschettoni con impugnatura ergonomica.l CT Climbing Technology Hook It Compact \u00e8 la versione con dissipatore compatto del Hook It Slider Twist. E' un set set da ferrata con girello integrato provvisto dell\u2019assorbitore di energia SLIDER (brevettato), a lacerazione progressiva. Compatto e leggero grazie ai nuovi bracci elastici in polietilene ad alta densit\u00e0 (HDPE). Utilizzabile da persone di peso compreso fra 40 kg (attrezzatura esclusa) e 120 kg (attrezzatura inclusa). Particolarmente indicato per l\u2019utilizzo da parte di bambini, ragazzi e adulti grazie ai suoi moschettoni con impugnatura ergonomica.","og_url":"https:\/\/www.sestogrado.it\/it\/prodotto\/ct-climbing-technology-hook-it-compact-twist-set-ferrata\/","og_site_name":"Sestogrado","article_publisher":"https:\/\/www.facebook.com\/pages\/Sestogrado\/1542635979353017?ref=bookmarks","article_modified_time":"2026-04-21T19:04:16+00:00","og_image":[{"width":1024,"height":1024,"url":"https:\/\/www.sestogrado.it\/wp-content\/uploads\/2021\/05\/01-2.jpg","type":"image\/jpeg"}],"twitter_misc":{"Prezzo":"&euro;&nbsp;129,00","Disponibilit\u00e0":"In stock"},"schema":{"@context":"https:\/\/schema.org","@graph":[{"@type":"WebPage","@id":"https:\/\/www.sestogrado.it\/it\/prodotto\/ct-climbing-technology-hook-it-compact-twist-set-ferrata\/","url":"https:\/\/www.sestogrado.it\/it\/prodotto\/ct-climbing-technology-hook-it-compact-twist-set-ferrata\/","name":"CT Climbing Technology Hook It Compact Twist set ferrata - Sestogrado","isPartOf":{"@id":"https:\/\/www.sestogrado.it\/it\/#website"},"primaryImageOfPage":{"@id":"https:\/\/www.sestogrado.it\/it\/prodotto\/ct-climbing-technology-hook-it-compact-twist-set-ferrata\/#primaryimage"},"image":{"@id":"https:\/\/www.sestogrado.it\/prodotto\/ct-climbing-technology-hook-it-compact-twist-set-ferrata\/#primaryimage"},"thumbnailUrl":"https:\/\/www.sestogrado.it\/wp-content\/uploads\/2021\/05\/01-2.jpg","datePublished":"2022-05-05T11:59:39+00:00","dateModified":"2026-04-21T19:04:16+00:00","description":"IIl CT Climbing Technology Hook It Compact \u00e8 un set set da ferrata con girello integrato Twist, provvisto dell\u2019assorbitore di energia SLIDER (brevettato), a lacerazione progressiva. Compatto e leggero grazie ai nuovi bracci elastici in polietilene ad alta densit\u00e0 (HDPE). Utilizzabile da persone di peso compreso fra 40 kg (attrezzatura esclusa) e 120 kg (attrezzatura inclusa). Particolarmente indicato per l\u2019utilizzo da parte di bambini, ragazzi e adulti grazie ai suoi moschettoni con impugnatura ergonomica.l CT Climbing Technology Hook It Compact \u00e8 la versione con dissipatore compatto del Hook It Slider Twist. E' un set set da ferrata con girello integrato provvisto dell\u2019assorbitore di energia SLIDER (brevettato), a lacerazione progressiva. Compatto e leggero grazie ai nuovi bracci elastici in polietilene ad alta densit\u00e0 (HDPE). Utilizzabile da persone di peso compreso fra 40 kg (attrezzatura esclusa) e 120 kg (attrezzatura inclusa). Particolarmente indicato per l\u2019utilizzo da parte di bambini, ragazzi e adulti grazie ai suoi moschettoni con impugnatura ergonomica.","breadcrumb":{"@id":"https:\/\/www.sestogrado.it\/it\/prodotto\/ct-climbing-technology-hook-it-compact-twist-set-ferrata\/#breadcrumb"},"inLanguage":"it-IT","potentialAction":[{"@type":"ReadAction","target":[["https:\/\/www.sestogrado.it\/it\/prodotto\/ct-climbing-technology-hook-it-compact-twist-set-ferrata\/"]]}]},{"@type":"ImageObject","inLanguage":"it-IT","@id":"https:\/\/www.sestogrado.it\/it\/prodotto\/ct-climbing-technology-hook-it-compact-twist-set-ferrata\/#primaryimage","url":"https:\/\/www.sestogrado.it\/wp-content\/uploads\/2021\/05\/01-2.jpg","contentUrl":"https:\/\/www.sestogrado.it\/wp-content\/uploads\/2021\/05\/01-2.jpg","width":1024,"height":1024,"caption":"hook it compact"},{"@type":"BreadcrumbList","@id":"https:\/\/www.sestogrado.it\/it\/prodotto\/ct-climbing-technology-hook-it-compact-twist-set-ferrata\/#breadcrumb","itemListElement":[{"@type":"ListItem","position":1,"name":"Home","item":"https:\/\/www.sestogrado.it\/it\/"},{"@type":"ListItem","position":2,"name":"Shop","item":"https:\/\/www.sestogrado.it\/it\/shop\/"},{"@type":"ListItem","position":3,"name":"CT Climbing Technology Hook It Compact Twist set ferrata"}]},{"@type":"WebSite","@id":"https:\/\/www.sestogrado.it\/it\/#website","url":"https:\/\/www.sestogrado.it\/it\/","name":"Sestogrado","description":"yes we climb","publisher":{"@id":"https:\/\/www.sestogrado.it\/it\/#organization"},"potentialAction":[{"@type":"SearchAction","target":{"@type":"EntryPoint","urlTemplate":"https:\/\/www.sestogrado.it\/it\/?s={search_term_string}"},"query-input":{"@type":"PropertyValueSpecification","valueRequired":true,"valueName":"search_term_string"}}],"inLanguage":"it-IT"},{"@type":"Organization","@id":"https:\/\/www.sestogrado.it\/it\/#organization","name":"Sestogrado","url":"https:\/\/www.sestogrado.it\/it\/","logo":{"@type":"ImageObject","inLanguage":"it-IT","@id":"https:\/\/www.sestogrado.it\/it\/#\/schema\/logo\/image\/","url":"https:\/\/www.sestogrado.it\/wp-content\/uploads\/2015\/03\/sestogrado-favicon.png","contentUrl":"https:\/\/www.sestogrado.it\/wp-content\/uploads\/2015\/03\/sestogrado-favicon.png","width":260,"height":260,"caption":"Sestogrado"},"image":{"@id":"https:\/\/www.sestogrado.it\/it\/#\/schema\/logo\/image\/"},"sameAs":["https:\/\/www.facebook.com\/pages\/Sestogrado\/1542635979353017?ref=bookmarks","https:\/\/www.youtube.com\/channel\/UC847kAfTkaJsWpc1jtQwr3Q"],"hasMerchantReturnPolicy":{"@type":"MerchantReturnPolicy","merchantReturnLink":"https:\/\/www.sestogrado.it\/it\/termini-e-condizioni\/"}}]},"product_brand":"CT Climbing Technlogy","product_price_amount":"129.00","product_price_currency":"EUR","og_availability":"instock","product_availability":"instock","product_condition":"new"},"_links":{"self":[{"href":"https:\/\/www.sestogrado.it\/it\/wp-json\/wp\/v2\/product\/57694","targetHints":{"allow":["GET"]}}],"collection":[{"href":"https:\/\/www.sestogrado.it\/it\/wp-json\/wp\/v2\/product"}],"about":[{"href":"https:\/\/www.sestogrado.it\/it\/wp-json\/wp\/v2\/types\/product"}],"replies":[{"embeddable":true,"href":"https:\/\/www.sestogrado.it\/it\/wp-json\/wp\/v2\/comments?post=57694"}],"wp:featuredmedia":[{"embeddable":true,"href":"https:\/\/www.sestogrado.it\/it\/wp-json\/wp\/v2\/media\/57695"}],"wp:attachment":[{"href":"https:\/\/www.sestogrado.it\/it\/wp-json\/wp\/v2\/media?parent=57694"}],"wp:term":[{"taxonomy":"product_brand","embeddable":true,"href":"https:\/\/www.sestogrado.it\/it\/wp-json\/wp\/v2\/product_brand?post=57694"},{"taxonomy":"product_cat","embeddable":true,"href":"https:\/\/www.sestogrado.it\/it\/wp-json\/wp\/v2\/product_cat?post=57694"},{"taxonomy":"product_tag","embeddable":true,"href":"https:\/\/www.sestogrado.it\/it\/wp-json\/wp\/v2\/product_tag?post=57694"}],"curies":[{"name":"wp","href":"https:\/\/api.w.org\/{rel}","templated":true}]}}