{"id":57665,"date":"2021-05-05T10:19:56","date_gmt":"2021-05-05T08:19:56","guid":{"rendered":"https:\/\/www.sestogrado.it\/?post_type=product&#038;p=57665"},"modified":"2026-04-23T12:48:43","modified_gmt":"2026-04-23T10:48:43","slug":"blue-ice-addax-imbrago-arrampicata-super-leggero","status":"publish","type":"product","link":"https:\/\/www.sestogrado.it\/it\/prodotto\/blue-ice-addax-imbrago-arrampicata-super-leggero\/","title":{"rendered":"Blue Ice Addax imbrago arrampicata super leggero"},"content":{"rendered":"<p>Il Blue Ice Addax \u00e8 un imbrago da arrampicata super leggero, pienamente dotato, per arrampicata in falesia, vie lunghe, arrampicata indoor. Grazie al peso particolarmente contenuto (139g nella taglia S) risulta estremamente versatile ed efficiente anche in ambito alpinistico e su cascate di ghiaccio.<\/p>\n<p>L&#8217;Addax fornisce il massimo in termini di qualit\u00e0 costruttiva: 4 ampi porta materiali, 2 inserti per moschettoni porta materiali, comodi cosciali elastici ed un sistema di chiusura ventrale a fibbia rapida. L&#8217;anello ventrale, di nuova concezione, privo di cuciture e realizzato in pezzo unico, offre maggiore leggerezza e resistenza alla frizione.<\/p>\n<ul>\n<li>Comoda cintura ventrale traspirante e cosciali elastici<\/li>\n<li>4 grandi porta materiali<\/li>\n<li>2 slot per inserimento moschettoni porta materiali<\/li>\n<li>fibbia ventrale a regolazione rapida<\/li>\n<li>anello di sicurezza ventrale tecnologia &#8220;Magic Ring&#8221;, realizzato in pezzo unico, senza cuciture<\/li>\n<li>elastici posteriori regolabili e sostituibili<\/li>\n<li>peso ultraleggero: 130g (XS), 139g (S), 150g (M), 162g (L), 174g (XL)<\/li>\n<li>materiale: UHMW polyethylene, high tenacity PES, Aircraft-grade aluminum, acetal buckle, EVA foam<\/li>\n<li>certificato UIAA<\/li>\n<\/ul>\n<p>Il Blue Ice Addax pu\u00f2 essere un imbrago da ogni giorni in falesia per chi vuole la massima leggerezza, pu\u00f2 essere l&#8217;imbrago per le proprie uscite fast&amp;light sulle pareti nord o, grazie alla eccezionale compattabilit\u00e0, pu\u00f2 essere l&#8217;imbrago di emergenza da tenere sempre nello zaino. E&#8217; un imbrago per scalatori esperti, che sanno ci\u00f2 che vogliono dalla propria attrezzatura.<\/p>\n<p><iframe src=\"\/\/www.youtube.com\/embed\/nkLNrC84WnE\" width=\"560\" height=\"314\" allowfullscreen=\"allowfullscreen\"><\/iframe><\/p>\n<p>&nbsp;<\/p>\n<p>Blue Ice \u00e8 un\u2019azienda con sede a Chamonix che produce solo articoli da alpinismo di alta qualit\u00e0. Gli zaini Blue Ice sono dedicati ad un alpinismo tecnico e di alto livello. Inizialmente era semplicemente una questione di vivere la nostra passione al massimo: arrampicare, sciare, esplorare o semplicemente entrare in contatto con noi stessi e le montagne \u2026 prima di estendere questo progetto a tutti gli amanti delle vette l\u00e0 fuori.<\/p>","protected":false},"excerpt":{"rendered":"<p>Il Blue Ice Addax \u00e8 un imbrago da arrampicata super leggero, pienamente dotato, per arrampicata in falesia, vie lunghe, arrampicata [&hellip;]<\/p>\n","protected":false},"featured_media":57675,"comment_status":"open","ping_status":"closed","template":"","meta":{"_acf_changed":false},"product_brand":[641],"product_cat":[183],"product_tag":[],"class_list":{"0":"post-57665","1":"product","2":"type-product","3":"status-publish","4":"has-post-thumbnail","6":"product_brand-blue-ice","7":"product_cat-alpinismo","9":"first","10":"instock","11":"sale","12":"taxable","13":"shipping-taxable","14":"purchasable","15":"product-type-variable"},"acf":[],"yoast_head":"<!-- This site is optimized with the Yoast SEO plugin v26.4 - https:\/\/yoast.com\/wordpress\/plugins\/seo\/ -->\n<title>Blue Ice Addax imbrago arrampicata super leggero - Sestogrado<\/title>\n<meta name=\"description\" content=\"Il Blue Ice Addax \u00e8 un imbrago da arrampicata super leggero, per arrampicata in falesia, vie lunghe, arrampicata indoor. Grazie al peso particolarmente contenuto (139g nella taglia S) risulta estremamente versatile ed efficiente anche in ambito alpinistico e su cascate di ghiaccio.L&#039;Addax fornisce il massimo in termini di qualit\u00e0 costruttiva: 4 ampi porta materiali, 2 inserti per moschettoni porta materiali, comodi cosciali elastici ed un sistema di chiusura ventrale a fibbia rapida. L&#039;anello ventrale, di nuova concezione, privo di cuciture e realizzato in pezzo unico, offre maggiore leggerezza e resistenza alla frizione.\" \/>\n<meta name=\"robots\" content=\"index, follow, max-snippet:-1, max-image-preview:large, max-video-preview:-1\" \/>\n<link rel=\"canonical\" href=\"https:\/\/www.sestogrado.it\/it\/prodotto\/blue-ice-addax-imbrago-arrampicata-super-leggero\/\" \/>\n<meta property=\"og:locale\" content=\"it_IT\" \/>\n<meta property=\"og:type\" content=\"article\" \/>\n<meta property=\"og:title\" content=\"Blue Ice Addax imbrago arrampicata super leggero - Sestogrado\" \/>\n<meta property=\"og:description\" content=\"Il Blue Ice Addax \u00e8 un imbrago da arrampicata super leggero, per arrampicata in falesia, vie lunghe, arrampicata indoor. Grazie al peso particolarmente contenuto (139g nella taglia S) risulta estremamente versatile ed efficiente anche in ambito alpinistico e su cascate di ghiaccio.L&#039;Addax fornisce il massimo in termini di qualit\u00e0 costruttiva: 4 ampi porta materiali, 2 inserti per moschettoni porta materiali, comodi cosciali elastici ed un sistema di chiusura ventrale a fibbia rapida. L&#039;anello ventrale, di nuova concezione, privo di cuciture e realizzato in pezzo unico, offre maggiore leggerezza e resistenza alla frizione.\" \/>\n<meta property=\"og:url\" content=\"https:\/\/www.sestogrado.it\/it\/prodotto\/blue-ice-addax-imbrago-arrampicata-super-leggero\/\" \/>\n<meta property=\"og:site_name\" content=\"Sestogrado\" \/>\n<meta property=\"article:publisher\" content=\"https:\/\/www.facebook.com\/pages\/Sestogrado\/1542635979353017?ref=bookmarks\" \/>\n<meta property=\"article:modified_time\" content=\"2026-04-23T10:48:43+00:00\" \/>\n<meta property=\"og:image\" content=\"https:\/\/www.sestogrado.it\/wp-content\/uploads\/2021\/05\/addax_2020-10-29-083531.jpg\" \/>\n\t<meta property=\"og:image:width\" content=\"1600\" \/>\n\t<meta property=\"og:image:height\" content=\"1600\" \/>\n\t<meta property=\"og:image:type\" content=\"image\/jpeg\" \/>\n<meta name=\"twitter:label1\" content=\"Disponibilit\u00e0\" \/>\n\t<meta name=\"twitter:data1\" content=\"In stock\" \/>\n<script type=\"application\/ld+json\" class=\"yoast-schema-graph\">{\"@context\":\"https:\/\/schema.org\",\"@graph\":[{\"@type\":\"WebPage\",\"@id\":\"https:\/\/www.sestogrado.it\/it\/prodotto\/blue-ice-addax-imbrago-arrampicata-super-leggero\/\",\"url\":\"https:\/\/www.sestogrado.it\/it\/prodotto\/blue-ice-addax-imbrago-arrampicata-super-leggero\/\",\"name\":\"Blue Ice Addax imbrago arrampicata super leggero - Sestogrado\",\"isPartOf\":{\"@id\":\"https:\/\/www.sestogrado.it\/it\/#website\"},\"primaryImageOfPage\":{\"@id\":\"https:\/\/www.sestogrado.it\/it\/prodotto\/blue-ice-addax-imbrago-arrampicata-super-leggero\/#primaryimage\"},\"image\":{\"@id\":\"https:\/\/www.sestogrado.it\/prodotto\/blue-ice-addax-imbrago-arrampicata-super-leggero\/#primaryimage\"},\"thumbnailUrl\":\"https:\/\/www.sestogrado.it\/wp-content\/uploads\/2021\/05\/addax_2020-10-29-083531.jpg\",\"datePublished\":\"2021-05-05T08:19:56+00:00\",\"dateModified\":\"2026-04-23T10:48:43+00:00\",\"description\":\"Il Blue Ice Addax \u00e8 un imbrago da arrampicata super leggero, per arrampicata in falesia, vie lunghe, arrampicata indoor. Grazie al peso particolarmente contenuto (139g nella taglia S) risulta estremamente versatile ed efficiente anche in ambito alpinistico e su cascate di ghiaccio.L'Addax fornisce il massimo in termini di qualit\u00e0 costruttiva: 4 ampi porta materiali, 2 inserti per moschettoni porta materiali, comodi cosciali elastici ed un sistema di chiusura ventrale a fibbia rapida. L'anello ventrale, di nuova concezione, privo di cuciture e realizzato in pezzo unico, offre maggiore leggerezza e resistenza alla frizione.\",\"breadcrumb\":{\"@id\":\"https:\/\/www.sestogrado.it\/it\/prodotto\/blue-ice-addax-imbrago-arrampicata-super-leggero\/#breadcrumb\"},\"inLanguage\":\"it-IT\",\"potentialAction\":[{\"@type\":\"ReadAction\",\"target\":[[\"https:\/\/www.sestogrado.it\/it\/prodotto\/blue-ice-addax-imbrago-arrampicata-super-leggero\/\"]]}]},{\"@type\":\"ImageObject\",\"inLanguage\":\"it-IT\",\"@id\":\"https:\/\/www.sestogrado.it\/it\/prodotto\/blue-ice-addax-imbrago-arrampicata-super-leggero\/#primaryimage\",\"url\":\"https:\/\/www.sestogrado.it\/wp-content\/uploads\/2021\/05\/addax_2020-10-29-083531.jpg\",\"contentUrl\":\"https:\/\/www.sestogrado.it\/wp-content\/uploads\/2021\/05\/addax_2020-10-29-083531.jpg\",\"width\":1600,\"height\":1600,\"caption\":\"blue ice addax\"},{\"@type\":\"BreadcrumbList\",\"@id\":\"https:\/\/www.sestogrado.it\/it\/prodotto\/blue-ice-addax-imbrago-arrampicata-super-leggero\/#breadcrumb\",\"itemListElement\":[{\"@type\":\"ListItem\",\"position\":1,\"name\":\"Home\",\"item\":\"https:\/\/www.sestogrado.it\/it\/\"},{\"@type\":\"ListItem\",\"position\":2,\"name\":\"Shop\",\"item\":\"https:\/\/www.sestogrado.it\/it\/shop\/\"},{\"@type\":\"ListItem\",\"position\":3,\"name\":\"Blue Ice Addax imbrago arrampicata super leggero\"}]},{\"@type\":\"WebSite\",\"@id\":\"https:\/\/www.sestogrado.it\/it\/#website\",\"url\":\"https:\/\/www.sestogrado.it\/it\/\",\"name\":\"Sestogrado\",\"description\":\"yes we climb\",\"publisher\":{\"@id\":\"https:\/\/www.sestogrado.it\/it\/#organization\"},\"potentialAction\":[{\"@type\":\"SearchAction\",\"target\":{\"@type\":\"EntryPoint\",\"urlTemplate\":\"https:\/\/www.sestogrado.it\/it\/?s={search_term_string}\"},\"query-input\":{\"@type\":\"PropertyValueSpecification\",\"valueRequired\":true,\"valueName\":\"search_term_string\"}}],\"inLanguage\":\"it-IT\"},{\"@type\":\"Organization\",\"@id\":\"https:\/\/www.sestogrado.it\/it\/#organization\",\"name\":\"Sestogrado\",\"url\":\"https:\/\/www.sestogrado.it\/it\/\",\"logo\":{\"@type\":\"ImageObject\",\"inLanguage\":\"it-IT\",\"@id\":\"https:\/\/www.sestogrado.it\/it\/#\/schema\/logo\/image\/\",\"url\":\"https:\/\/www.sestogrado.it\/wp-content\/uploads\/2015\/03\/sestogrado-favicon.png\",\"contentUrl\":\"https:\/\/www.sestogrado.it\/wp-content\/uploads\/2015\/03\/sestogrado-favicon.png\",\"width\":260,\"height\":260,\"caption\":\"Sestogrado\"},\"image\":{\"@id\":\"https:\/\/www.sestogrado.it\/it\/#\/schema\/logo\/image\/\"},\"sameAs\":[\"https:\/\/www.facebook.com\/pages\/Sestogrado\/1542635979353017?ref=bookmarks\",\"https:\/\/www.youtube.com\/channel\/UC847kAfTkaJsWpc1jtQwr3Q\"],\"hasMerchantReturnPolicy\":{\"@type\":\"MerchantReturnPolicy\",\"merchantReturnLink\":\"https:\/\/www.sestogrado.it\/it\/termini-e-condizioni\/\"}}]}<\/script>\n<meta property=\"product:brand\" content=\"Blue Ice\" \/>\n<meta property=\"og:availability\" content=\"instock\" \/>\n<meta property=\"product:availability\" content=\"instock\" \/>\n<meta property=\"product:condition\" content=\"new\" \/>\n<!-- \/ Yoast SEO plugin. -->","yoast_head_json":{"title":"Blue Ice Addax imbrago arrampicata super leggero - Sestogrado","description":"Il Blue Ice Addax \u00e8 un imbrago da arrampicata super leggero, per arrampicata in falesia, vie lunghe, arrampicata indoor. Grazie al peso particolarmente contenuto (139g nella taglia S) risulta estremamente versatile ed efficiente anche in ambito alpinistico e su cascate di ghiaccio.L'Addax fornisce il massimo in termini di qualit\u00e0 costruttiva: 4 ampi porta materiali, 2 inserti per moschettoni porta materiali, comodi cosciali elastici ed un sistema di chiusura ventrale a fibbia rapida. L'anello ventrale, di nuova concezione, privo di cuciture e realizzato in pezzo unico, offre maggiore leggerezza e resistenza alla frizione.","robots":{"index":"index","follow":"follow","max-snippet":"max-snippet:-1","max-image-preview":"max-image-preview:large","max-video-preview":"max-video-preview:-1"},"canonical":"https:\/\/www.sestogrado.it\/it\/prodotto\/blue-ice-addax-imbrago-arrampicata-super-leggero\/","og_locale":"it_IT","og_type":"article","og_title":"Blue Ice Addax imbrago arrampicata super leggero - Sestogrado","og_description":"Il Blue Ice Addax \u00e8 un imbrago da arrampicata super leggero, per arrampicata in falesia, vie lunghe, arrampicata indoor. Grazie al peso particolarmente contenuto (139g nella taglia S) risulta estremamente versatile ed efficiente anche in ambito alpinistico e su cascate di ghiaccio.L'Addax fornisce il massimo in termini di qualit\u00e0 costruttiva: 4 ampi porta materiali, 2 inserti per moschettoni porta materiali, comodi cosciali elastici ed un sistema di chiusura ventrale a fibbia rapida. L'anello ventrale, di nuova concezione, privo di cuciture e realizzato in pezzo unico, offre maggiore leggerezza e resistenza alla frizione.","og_url":"https:\/\/www.sestogrado.it\/it\/prodotto\/blue-ice-addax-imbrago-arrampicata-super-leggero\/","og_site_name":"Sestogrado","article_publisher":"https:\/\/www.facebook.com\/pages\/Sestogrado\/1542635979353017?ref=bookmarks","article_modified_time":"2026-04-23T10:48:43+00:00","og_image":[{"width":1600,"height":1600,"url":"https:\/\/www.sestogrado.it\/wp-content\/uploads\/2021\/05\/addax_2020-10-29-083531.jpg","type":"image\/jpeg"}],"twitter_misc":{"Disponibilit\u00e0":"In stock"},"schema":{"@context":"https:\/\/schema.org","@graph":[{"@type":"WebPage","@id":"https:\/\/www.sestogrado.it\/it\/prodotto\/blue-ice-addax-imbrago-arrampicata-super-leggero\/","url":"https:\/\/www.sestogrado.it\/it\/prodotto\/blue-ice-addax-imbrago-arrampicata-super-leggero\/","name":"Blue Ice Addax imbrago arrampicata super leggero - Sestogrado","isPartOf":{"@id":"https:\/\/www.sestogrado.it\/it\/#website"},"primaryImageOfPage":{"@id":"https:\/\/www.sestogrado.it\/it\/prodotto\/blue-ice-addax-imbrago-arrampicata-super-leggero\/#primaryimage"},"image":{"@id":"https:\/\/www.sestogrado.it\/prodotto\/blue-ice-addax-imbrago-arrampicata-super-leggero\/#primaryimage"},"thumbnailUrl":"https:\/\/www.sestogrado.it\/wp-content\/uploads\/2021\/05\/addax_2020-10-29-083531.jpg","datePublished":"2021-05-05T08:19:56+00:00","dateModified":"2026-04-23T10:48:43+00:00","description":"Il Blue Ice Addax \u00e8 un imbrago da arrampicata super leggero, per arrampicata in falesia, vie lunghe, arrampicata indoor. Grazie al peso particolarmente contenuto (139g nella taglia S) risulta estremamente versatile ed efficiente anche in ambito alpinistico e su cascate di ghiaccio.L'Addax fornisce il massimo in termini di qualit\u00e0 costruttiva: 4 ampi porta materiali, 2 inserti per moschettoni porta materiali, comodi cosciali elastici ed un sistema di chiusura ventrale a fibbia rapida. L'anello ventrale, di nuova concezione, privo di cuciture e realizzato in pezzo unico, offre maggiore leggerezza e resistenza alla frizione.","breadcrumb":{"@id":"https:\/\/www.sestogrado.it\/it\/prodotto\/blue-ice-addax-imbrago-arrampicata-super-leggero\/#breadcrumb"},"inLanguage":"it-IT","potentialAction":[{"@type":"ReadAction","target":[["https:\/\/www.sestogrado.it\/it\/prodotto\/blue-ice-addax-imbrago-arrampicata-super-leggero\/"]]}]},{"@type":"ImageObject","inLanguage":"it-IT","@id":"https:\/\/www.sestogrado.it\/it\/prodotto\/blue-ice-addax-imbrago-arrampicata-super-leggero\/#primaryimage","url":"https:\/\/www.sestogrado.it\/wp-content\/uploads\/2021\/05\/addax_2020-10-29-083531.jpg","contentUrl":"https:\/\/www.sestogrado.it\/wp-content\/uploads\/2021\/05\/addax_2020-10-29-083531.jpg","width":1600,"height":1600,"caption":"blue ice addax"},{"@type":"BreadcrumbList","@id":"https:\/\/www.sestogrado.it\/it\/prodotto\/blue-ice-addax-imbrago-arrampicata-super-leggero\/#breadcrumb","itemListElement":[{"@type":"ListItem","position":1,"name":"Home","item":"https:\/\/www.sestogrado.it\/it\/"},{"@type":"ListItem","position":2,"name":"Shop","item":"https:\/\/www.sestogrado.it\/it\/shop\/"},{"@type":"ListItem","position":3,"name":"Blue Ice Addax imbrago arrampicata super leggero"}]},{"@type":"WebSite","@id":"https:\/\/www.sestogrado.it\/it\/#website","url":"https:\/\/www.sestogrado.it\/it\/","name":"Sestogrado","description":"yes we climb","publisher":{"@id":"https:\/\/www.sestogrado.it\/it\/#organization"},"potentialAction":[{"@type":"SearchAction","target":{"@type":"EntryPoint","urlTemplate":"https:\/\/www.sestogrado.it\/it\/?s={search_term_string}"},"query-input":{"@type":"PropertyValueSpecification","valueRequired":true,"valueName":"search_term_string"}}],"inLanguage":"it-IT"},{"@type":"Organization","@id":"https:\/\/www.sestogrado.it\/it\/#organization","name":"Sestogrado","url":"https:\/\/www.sestogrado.it\/it\/","logo":{"@type":"ImageObject","inLanguage":"it-IT","@id":"https:\/\/www.sestogrado.it\/it\/#\/schema\/logo\/image\/","url":"https:\/\/www.sestogrado.it\/wp-content\/uploads\/2015\/03\/sestogrado-favicon.png","contentUrl":"https:\/\/www.sestogrado.it\/wp-content\/uploads\/2015\/03\/sestogrado-favicon.png","width":260,"height":260,"caption":"Sestogrado"},"image":{"@id":"https:\/\/www.sestogrado.it\/it\/#\/schema\/logo\/image\/"},"sameAs":["https:\/\/www.facebook.com\/pages\/Sestogrado\/1542635979353017?ref=bookmarks","https:\/\/www.youtube.com\/channel\/UC847kAfTkaJsWpc1jtQwr3Q"],"hasMerchantReturnPolicy":{"@type":"MerchantReturnPolicy","merchantReturnLink":"https:\/\/www.sestogrado.it\/it\/termini-e-condizioni\/"}}]},"product_brand":"Blue Ice","og_availability":"instock","product_availability":"instock","product_condition":"new"},"_links":{"self":[{"href":"https:\/\/www.sestogrado.it\/it\/wp-json\/wp\/v2\/product\/57665","targetHints":{"allow":["GET"]}}],"collection":[{"href":"https:\/\/www.sestogrado.it\/it\/wp-json\/wp\/v2\/product"}],"about":[{"href":"https:\/\/www.sestogrado.it\/it\/wp-json\/wp\/v2\/types\/product"}],"replies":[{"embeddable":true,"href":"https:\/\/www.sestogrado.it\/it\/wp-json\/wp\/v2\/comments?post=57665"}],"wp:featuredmedia":[{"embeddable":true,"href":"https:\/\/www.sestogrado.it\/it\/wp-json\/wp\/v2\/media\/57675"}],"wp:attachment":[{"href":"https:\/\/www.sestogrado.it\/it\/wp-json\/wp\/v2\/media?parent=57665"}],"wp:term":[{"taxonomy":"product_brand","embeddable":true,"href":"https:\/\/www.sestogrado.it\/it\/wp-json\/wp\/v2\/product_brand?post=57665"},{"taxonomy":"product_cat","embeddable":true,"href":"https:\/\/www.sestogrado.it\/it\/wp-json\/wp\/v2\/product_cat?post=57665"},{"taxonomy":"product_tag","embeddable":true,"href":"https:\/\/www.sestogrado.it\/it\/wp-json\/wp\/v2\/product_tag?post=57665"}],"curies":[{"name":"wp","href":"https:\/\/api.w.org\/{rel}","templated":true}]}}