{"id":56982,"date":"2021-04-26T14:33:10","date_gmt":"2021-04-26T12:33:10","guid":{"rendered":"https:\/\/www.sestogrado.it\/?post_type=product&#038;p=56982"},"modified":"2024-01-17T11:18:31","modified_gmt":"2024-01-17T10:18:31","slug":"singing-rock-storm-9-8-corda-arrampicata","status":"publish","type":"product","link":"https:\/\/www.sestogrado.it\/it\/prodotto\/singing-rock-storm-9-8-corda-arrampicata\/","title":{"rendered":"Singing Rock Storm 9.8 corda arrampicata"},"content":{"rendered":"<p>La Singing Rock Storm 9.8 \u00e8 una corda singola molto robusta, con una elevata omologazione per numero di cadute UIAA: 9. E&#8217; una corda che offre un perfetto bilanciamento tra peso, resistenza e fluidit\u00e0 di utilizzo e che la configura come una coda da utilizzo all around, in falesia come in palestra.<\/p>\n<ul>\n<li>elevato numero di cadute UIAA, ideale per lavorare le vie<\/li>\n<li>compatta e maneggevole<\/li>\n<li>segno di met\u00e0 corda<\/li>\n<li>finitura ultrasonica<\/li>\n<\/ul>\n<p>&nbsp;<\/p>\n<p>&nbsp;<\/p>\n<p><img decoding=\"async\" class=\"size-medium wp-image-56798 img-fluid alignnone\" src=\"https:\/\/www.sestogrado.it\/wp-content\/uploads\/2021\/04\/05-3-300x157.jpg\" alt=\"middle marking\" width=\"300\" height=\"157\" srcset=\"https:\/\/www.sestogrado.it\/wp-content\/uploads\/2021\/04\/05-3-300x157.jpg 300w, https:\/\/www.sestogrado.it\/wp-content\/uploads\/2021\/04\/05-3-153x80.jpg 153w, https:\/\/www.sestogrado.it\/wp-content\/uploads\/2021\/04\/05-3-115x60.jpg 115w, https:\/\/www.sestogrado.it\/wp-content\/uploads\/2021\/04\/05-3-172x90.jpg 172w, https:\/\/www.sestogrado.it\/wp-content\/uploads\/2021\/04\/05-3.jpg 316w\" sizes=\"(max-width: 300px) 100vw, 300px\" \/><\/p>\n<p>Segno di met\u00e0 corda. Le doppie sono pi\u00f9 sicure.<\/p>\n<p>&nbsp;<\/p>\n<p>Come srotolare la corda al primo utilizzo:<\/p>\n<p><iframe src=\"\/\/www.youtube.com\/embed\/eFHCiwY7cCM\" width=\"560\" height=\"314\" allowfullscreen=\"allowfullscreen\" data-mce-fragment=\"1\"><\/iframe><\/p>\n<p>&nbsp;<\/p>\n<p>Singing Rock \u00e8 stata fondata nel 1992 in Repubblica Ceca ed \u00e8 una delle aziende pi\u00f9 innovative nel campo dei DPI, attrezzature da lavoro ed arrampicata. Tutti i prodotti sono realizzati con elevati standard di qualit\u00e0, nella massima innovazione, per fornire sicurezza nel massimo comfort.<\/p>","protected":false},"excerpt":{"rendered":"<p>La Singing Rock Storm 9.8 \u00e8 una corda singola molto robusta, con una elevata omologazione per numero di cadute UIAA: [&hellip;]<\/p>\n","protected":false},"featured_media":56990,"comment_status":"open","ping_status":"closed","template":"","meta":{"_acf_changed":false},"product_brand":[748],"product_cat":[136],"product_tag":[],"class_list":{"0":"post-56982","1":"product","2":"type-product","3":"status-publish","4":"has-post-thumbnail","6":"product_brand-singing-rock","7":"product_cat-corde-corde","9":"first","10":"instock","11":"sale","12":"taxable","13":"shipping-taxable","14":"purchasable","15":"product-type-variable"},"acf":[],"yoast_head":"<!-- This site is optimized with the Yoast SEO plugin v26.4 - https:\/\/yoast.com\/wordpress\/plugins\/seo\/ -->\n<title>Singing Rock Storm 9.8 corda arrampicata - Sestogrado<\/title>\n<meta name=\"description\" content=\"La Singing Rock Storm 9.8 \u00e8 una corda singola molto robusta, con una elevata omologazione per numero di cadute UIAA: 9. E&#039; una corda che offre un perfetto bilanciamento tra peso, resistenza e fluidit\u00e0 di utilizzo e che la configura come una coda da utilizzo all around, in falesia come in palestra.elevato numero di cadute UIAA, ideale per lavorare le viecompatta e maneggevolesegno di met\u00e0 cordafinitura ultrasonica\" \/>\n<meta name=\"robots\" content=\"index, follow, max-snippet:-1, max-image-preview:large, max-video-preview:-1\" \/>\n<link rel=\"canonical\" href=\"https:\/\/www.sestogrado.it\/it\/prodotto\/singing-rock-storm-9-8-corda-arrampicata\/\" \/>\n<meta property=\"og:locale\" content=\"it_IT\" \/>\n<meta property=\"og:type\" content=\"article\" \/>\n<meta property=\"og:title\" content=\"Singing Rock Storm 9.8 corda arrampicata - Sestogrado\" \/>\n<meta property=\"og:description\" content=\"La Singing Rock Storm 9.8 \u00e8 una corda singola molto robusta, con una elevata omologazione per numero di cadute UIAA: 9. E&#039; una corda che offre un perfetto bilanciamento tra peso, resistenza e fluidit\u00e0 di utilizzo e che la configura come una coda da utilizzo all around, in falesia come in palestra.elevato numero di cadute UIAA, ideale per lavorare le viecompatta e maneggevolesegno di met\u00e0 cordafinitura ultrasonica\" \/>\n<meta property=\"og:url\" content=\"https:\/\/www.sestogrado.it\/it\/prodotto\/singing-rock-storm-9-8-corda-arrampicata\/\" \/>\n<meta property=\"og:site_name\" content=\"Sestogrado\" \/>\n<meta property=\"article:publisher\" content=\"https:\/\/www.facebook.com\/pages\/Sestogrado\/1542635979353017?ref=bookmarks\" \/>\n<meta property=\"article:modified_time\" content=\"2024-01-17T10:18:31+00:00\" \/>\n<meta property=\"og:image\" content=\"https:\/\/www.sestogrado.it\/wp-content\/uploads\/2021\/04\/L3040GA00.jpg\" \/>\n\t<meta property=\"og:image:width\" content=\"1000\" \/>\n\t<meta property=\"og:image:height\" content=\"1000\" \/>\n\t<meta property=\"og:image:type\" content=\"image\/jpeg\" \/>\n<meta name=\"twitter:label1\" content=\"Disponibilit\u00e0\" \/>\n\t<meta name=\"twitter:data1\" content=\"In stock\" \/>\n<script type=\"application\/ld+json\" class=\"yoast-schema-graph\">{\"@context\":\"https:\/\/schema.org\",\"@graph\":[{\"@type\":\"WebPage\",\"@id\":\"https:\/\/www.sestogrado.it\/it\/prodotto\/singing-rock-storm-9-8-corda-arrampicata\/\",\"url\":\"https:\/\/www.sestogrado.it\/it\/prodotto\/singing-rock-storm-9-8-corda-arrampicata\/\",\"name\":\"Singing Rock Storm 9.8 corda arrampicata - Sestogrado\",\"isPartOf\":{\"@id\":\"https:\/\/www.sestogrado.it\/it\/#website\"},\"primaryImageOfPage\":{\"@id\":\"https:\/\/www.sestogrado.it\/it\/prodotto\/singing-rock-storm-9-8-corda-arrampicata\/#primaryimage\"},\"image\":{\"@id\":\"https:\/\/www.sestogrado.it\/prodotto\/singing-rock-storm-9-8-corda-arrampicata\/#primaryimage\"},\"thumbnailUrl\":\"https:\/\/www.sestogrado.it\/wp-content\/uploads\/2021\/04\/L3040GA00.jpg\",\"datePublished\":\"2021-04-26T12:33:10+00:00\",\"dateModified\":\"2024-01-17T10:18:31+00:00\",\"description\":\"La Singing Rock Storm 9.8 \u00e8 una corda singola molto robusta, con una elevata omologazione per numero di cadute UIAA: 9. E' una corda che offre un perfetto bilanciamento tra peso, resistenza e fluidit\u00e0 di utilizzo e che la configura come una coda da utilizzo all around, in falesia come in palestra.elevato numero di cadute UIAA, ideale per lavorare le viecompatta e maneggevolesegno di met\u00e0 cordafinitura ultrasonica\",\"breadcrumb\":{\"@id\":\"https:\/\/www.sestogrado.it\/it\/prodotto\/singing-rock-storm-9-8-corda-arrampicata\/#breadcrumb\"},\"inLanguage\":\"it-IT\",\"potentialAction\":[{\"@type\":\"ReadAction\",\"target\":[[\"https:\/\/www.sestogrado.it\/it\/prodotto\/singing-rock-storm-9-8-corda-arrampicata\/\"]]}]},{\"@type\":\"ImageObject\",\"inLanguage\":\"it-IT\",\"@id\":\"https:\/\/www.sestogrado.it\/it\/prodotto\/singing-rock-storm-9-8-corda-arrampicata\/#primaryimage\",\"url\":\"https:\/\/www.sestogrado.it\/wp-content\/uploads\/2021\/04\/L3040GA00.jpg\",\"contentUrl\":\"https:\/\/www.sestogrado.it\/wp-content\/uploads\/2021\/04\/L3040GA00.jpg\",\"width\":1000,\"height\":1000,\"caption\":\"singing rock storm 9.8\"},{\"@type\":\"BreadcrumbList\",\"@id\":\"https:\/\/www.sestogrado.it\/it\/prodotto\/singing-rock-storm-9-8-corda-arrampicata\/#breadcrumb\",\"itemListElement\":[{\"@type\":\"ListItem\",\"position\":1,\"name\":\"Home\",\"item\":\"https:\/\/www.sestogrado.it\/it\/\"},{\"@type\":\"ListItem\",\"position\":2,\"name\":\"Shop\",\"item\":\"https:\/\/www.sestogrado.it\/it\/shop\/\"},{\"@type\":\"ListItem\",\"position\":3,\"name\":\"Singing Rock Storm 9.8 corda arrampicata\"}]},{\"@type\":\"WebSite\",\"@id\":\"https:\/\/www.sestogrado.it\/it\/#website\",\"url\":\"https:\/\/www.sestogrado.it\/it\/\",\"name\":\"Sestogrado\",\"description\":\"yes we climb\",\"publisher\":{\"@id\":\"https:\/\/www.sestogrado.it\/it\/#organization\"},\"potentialAction\":[{\"@type\":\"SearchAction\",\"target\":{\"@type\":\"EntryPoint\",\"urlTemplate\":\"https:\/\/www.sestogrado.it\/it\/?s={search_term_string}\"},\"query-input\":{\"@type\":\"PropertyValueSpecification\",\"valueRequired\":true,\"valueName\":\"search_term_string\"}}],\"inLanguage\":\"it-IT\"},{\"@type\":\"Organization\",\"@id\":\"https:\/\/www.sestogrado.it\/it\/#organization\",\"name\":\"Sestogrado\",\"url\":\"https:\/\/www.sestogrado.it\/it\/\",\"logo\":{\"@type\":\"ImageObject\",\"inLanguage\":\"it-IT\",\"@id\":\"https:\/\/www.sestogrado.it\/it\/#\/schema\/logo\/image\/\",\"url\":\"https:\/\/www.sestogrado.it\/wp-content\/uploads\/2015\/03\/sestogrado-favicon.png\",\"contentUrl\":\"https:\/\/www.sestogrado.it\/wp-content\/uploads\/2015\/03\/sestogrado-favicon.png\",\"width\":260,\"height\":260,\"caption\":\"Sestogrado\"},\"image\":{\"@id\":\"https:\/\/www.sestogrado.it\/it\/#\/schema\/logo\/image\/\"},\"sameAs\":[\"https:\/\/www.facebook.com\/pages\/Sestogrado\/1542635979353017?ref=bookmarks\",\"https:\/\/www.youtube.com\/channel\/UC847kAfTkaJsWpc1jtQwr3Q\"],\"hasMerchantReturnPolicy\":{\"@type\":\"MerchantReturnPolicy\",\"merchantReturnLink\":\"https:\/\/www.sestogrado.it\/it\/termini-e-condizioni\/\"}}]}<\/script>\n<meta property=\"product:brand\" content=\"Singing Rock\" \/>\n<meta property=\"og:availability\" content=\"instock\" \/>\n<meta property=\"product:availability\" content=\"instock\" \/>\n<meta property=\"product:condition\" content=\"new\" \/>\n<!-- \/ Yoast SEO plugin. -->","yoast_head_json":{"title":"Singing Rock Storm 9.8 corda arrampicata - Sestogrado","description":"La Singing Rock Storm 9.8 \u00e8 una corda singola molto robusta, con una elevata omologazione per numero di cadute UIAA: 9. E' una corda che offre un perfetto bilanciamento tra peso, resistenza e fluidit\u00e0 di utilizzo e che la configura come una coda da utilizzo all around, in falesia come in palestra.elevato numero di cadute UIAA, ideale per lavorare le viecompatta e maneggevolesegno di met\u00e0 cordafinitura ultrasonica","robots":{"index":"index","follow":"follow","max-snippet":"max-snippet:-1","max-image-preview":"max-image-preview:large","max-video-preview":"max-video-preview:-1"},"canonical":"https:\/\/www.sestogrado.it\/it\/prodotto\/singing-rock-storm-9-8-corda-arrampicata\/","og_locale":"it_IT","og_type":"article","og_title":"Singing Rock Storm 9.8 corda arrampicata - Sestogrado","og_description":"La Singing Rock Storm 9.8 \u00e8 una corda singola molto robusta, con una elevata omologazione per numero di cadute UIAA: 9. E' una corda che offre un perfetto bilanciamento tra peso, resistenza e fluidit\u00e0 di utilizzo e che la configura come una coda da utilizzo all around, in falesia come in palestra.elevato numero di cadute UIAA, ideale per lavorare le viecompatta e maneggevolesegno di met\u00e0 cordafinitura ultrasonica","og_url":"https:\/\/www.sestogrado.it\/it\/prodotto\/singing-rock-storm-9-8-corda-arrampicata\/","og_site_name":"Sestogrado","article_publisher":"https:\/\/www.facebook.com\/pages\/Sestogrado\/1542635979353017?ref=bookmarks","article_modified_time":"2024-01-17T10:18:31+00:00","og_image":[{"width":1000,"height":1000,"url":"https:\/\/www.sestogrado.it\/wp-content\/uploads\/2021\/04\/L3040GA00.jpg","type":"image\/jpeg"}],"twitter_misc":{"Disponibilit\u00e0":"In stock"},"schema":{"@context":"https:\/\/schema.org","@graph":[{"@type":"WebPage","@id":"https:\/\/www.sestogrado.it\/it\/prodotto\/singing-rock-storm-9-8-corda-arrampicata\/","url":"https:\/\/www.sestogrado.it\/it\/prodotto\/singing-rock-storm-9-8-corda-arrampicata\/","name":"Singing Rock Storm 9.8 corda arrampicata - Sestogrado","isPartOf":{"@id":"https:\/\/www.sestogrado.it\/it\/#website"},"primaryImageOfPage":{"@id":"https:\/\/www.sestogrado.it\/it\/prodotto\/singing-rock-storm-9-8-corda-arrampicata\/#primaryimage"},"image":{"@id":"https:\/\/www.sestogrado.it\/prodotto\/singing-rock-storm-9-8-corda-arrampicata\/#primaryimage"},"thumbnailUrl":"https:\/\/www.sestogrado.it\/wp-content\/uploads\/2021\/04\/L3040GA00.jpg","datePublished":"2021-04-26T12:33:10+00:00","dateModified":"2024-01-17T10:18:31+00:00","description":"La Singing Rock Storm 9.8 \u00e8 una corda singola molto robusta, con una elevata omologazione per numero di cadute UIAA: 9. E' una corda che offre un perfetto bilanciamento tra peso, resistenza e fluidit\u00e0 di utilizzo e che la configura come una coda da utilizzo all around, in falesia come in palestra.elevato numero di cadute UIAA, ideale per lavorare le viecompatta e maneggevolesegno di met\u00e0 cordafinitura ultrasonica","breadcrumb":{"@id":"https:\/\/www.sestogrado.it\/it\/prodotto\/singing-rock-storm-9-8-corda-arrampicata\/#breadcrumb"},"inLanguage":"it-IT","potentialAction":[{"@type":"ReadAction","target":[["https:\/\/www.sestogrado.it\/it\/prodotto\/singing-rock-storm-9-8-corda-arrampicata\/"]]}]},{"@type":"ImageObject","inLanguage":"it-IT","@id":"https:\/\/www.sestogrado.it\/it\/prodotto\/singing-rock-storm-9-8-corda-arrampicata\/#primaryimage","url":"https:\/\/www.sestogrado.it\/wp-content\/uploads\/2021\/04\/L3040GA00.jpg","contentUrl":"https:\/\/www.sestogrado.it\/wp-content\/uploads\/2021\/04\/L3040GA00.jpg","width":1000,"height":1000,"caption":"singing rock storm 9.8"},{"@type":"BreadcrumbList","@id":"https:\/\/www.sestogrado.it\/it\/prodotto\/singing-rock-storm-9-8-corda-arrampicata\/#breadcrumb","itemListElement":[{"@type":"ListItem","position":1,"name":"Home","item":"https:\/\/www.sestogrado.it\/it\/"},{"@type":"ListItem","position":2,"name":"Shop","item":"https:\/\/www.sestogrado.it\/it\/shop\/"},{"@type":"ListItem","position":3,"name":"Singing Rock Storm 9.8 corda arrampicata"}]},{"@type":"WebSite","@id":"https:\/\/www.sestogrado.it\/it\/#website","url":"https:\/\/www.sestogrado.it\/it\/","name":"Sestogrado","description":"yes we climb","publisher":{"@id":"https:\/\/www.sestogrado.it\/it\/#organization"},"potentialAction":[{"@type":"SearchAction","target":{"@type":"EntryPoint","urlTemplate":"https:\/\/www.sestogrado.it\/it\/?s={search_term_string}"},"query-input":{"@type":"PropertyValueSpecification","valueRequired":true,"valueName":"search_term_string"}}],"inLanguage":"it-IT"},{"@type":"Organization","@id":"https:\/\/www.sestogrado.it\/it\/#organization","name":"Sestogrado","url":"https:\/\/www.sestogrado.it\/it\/","logo":{"@type":"ImageObject","inLanguage":"it-IT","@id":"https:\/\/www.sestogrado.it\/it\/#\/schema\/logo\/image\/","url":"https:\/\/www.sestogrado.it\/wp-content\/uploads\/2015\/03\/sestogrado-favicon.png","contentUrl":"https:\/\/www.sestogrado.it\/wp-content\/uploads\/2015\/03\/sestogrado-favicon.png","width":260,"height":260,"caption":"Sestogrado"},"image":{"@id":"https:\/\/www.sestogrado.it\/it\/#\/schema\/logo\/image\/"},"sameAs":["https:\/\/www.facebook.com\/pages\/Sestogrado\/1542635979353017?ref=bookmarks","https:\/\/www.youtube.com\/channel\/UC847kAfTkaJsWpc1jtQwr3Q"],"hasMerchantReturnPolicy":{"@type":"MerchantReturnPolicy","merchantReturnLink":"https:\/\/www.sestogrado.it\/it\/termini-e-condizioni\/"}}]},"product_brand":"Singing Rock","og_availability":"instock","product_availability":"instock","product_condition":"new"},"_links":{"self":[{"href":"https:\/\/www.sestogrado.it\/it\/wp-json\/wp\/v2\/product\/56982","targetHints":{"allow":["GET"]}}],"collection":[{"href":"https:\/\/www.sestogrado.it\/it\/wp-json\/wp\/v2\/product"}],"about":[{"href":"https:\/\/www.sestogrado.it\/it\/wp-json\/wp\/v2\/types\/product"}],"replies":[{"embeddable":true,"href":"https:\/\/www.sestogrado.it\/it\/wp-json\/wp\/v2\/comments?post=56982"}],"wp:featuredmedia":[{"embeddable":true,"href":"https:\/\/www.sestogrado.it\/it\/wp-json\/wp\/v2\/media\/56990"}],"wp:attachment":[{"href":"https:\/\/www.sestogrado.it\/it\/wp-json\/wp\/v2\/media?parent=56982"}],"wp:term":[{"taxonomy":"product_brand","embeddable":true,"href":"https:\/\/www.sestogrado.it\/it\/wp-json\/wp\/v2\/product_brand?post=56982"},{"taxonomy":"product_cat","embeddable":true,"href":"https:\/\/www.sestogrado.it\/it\/wp-json\/wp\/v2\/product_cat?post=56982"},{"taxonomy":"product_tag","embeddable":true,"href":"https:\/\/www.sestogrado.it\/it\/wp-json\/wp\/v2\/product_tag?post=56982"}],"curies":[{"name":"wp","href":"https:\/\/api.w.org\/{rel}","templated":true}]}}