{"id":56793,"date":"2021-04-22T15:46:39","date_gmt":"2021-04-22T13:46:39","guid":{"rendered":"https:\/\/www.sestogrado.it\/?post_type=product&#038;p=56793"},"modified":"2025-07-09T20:35:46","modified_gmt":"2025-07-09T18:35:46","slug":"singing-rock-icon-9-3-corda-arrampicata","status":"publish","type":"product","link":"https:\/\/www.sestogrado.it\/it\/prodotto\/singing-rock-icon-9-3-corda-arrampicata\/","title":{"rendered":"Singing Rock Icon 9.3 corda arrampicata"},"content":{"rendered":"<p>La Singing Rock Icon 9.3 \u00e8 una corda singola eccezionalmente robusta e leggera, ideale per dure vie a vista, flash o redpoint, dove ogni grammo conta.<\/p>\n<p>E&#8217; sviluppata con la tecnologia costruttiva Route 44, una tecnica unica, inventata e registrata da Singing Rock, con cui una corda viene realizzata con 44 invece che 48 trefoli. Questa lavorazione determina grande maneggevolezza, peso contenuto e durata.<\/p>\n<ul>\n<li>costruzione Route 44 migliora la maneggevolezza e durata<\/li>\n<li>segno di met\u00e0 corda<\/li>\n<li>finitura ultrasonica<\/li>\n<\/ul>\n<p>&nbsp;<\/p>\n<p>&nbsp;<\/p>\n<p><img decoding=\"async\" class=\"size-medium wp-image-56794 img-fluid alignnone\" src=\"https:\/\/www.sestogrado.it\/wp-content\/uploads\/2021\/04\/01-12-297x300.jpg\" alt=\"single tech\" width=\"297\" height=\"300\" srcset=\"https:\/\/www.sestogrado.it\/wp-content\/uploads\/2021\/04\/01-12-297x300.jpg 297w, https:\/\/www.sestogrado.it\/wp-content\/uploads\/2021\/04\/01-12-100x100.jpg 100w, https:\/\/www.sestogrado.it\/wp-content\/uploads\/2021\/04\/01-12-45x45.jpg 45w, https:\/\/www.sestogrado.it\/wp-content\/uploads\/2021\/04\/01-12-79x80.jpg 79w, https:\/\/www.sestogrado.it\/wp-content\/uploads\/2021\/04\/01-12-59x60.jpg 59w, https:\/\/www.sestogrado.it\/wp-content\/uploads\/2021\/04\/01-12-89x90.jpg 89w, https:\/\/www.sestogrado.it\/wp-content\/uploads\/2021\/04\/01-12.jpg 395w\" sizes=\"(max-width: 297px) 100vw, 297px\" \/><\/p>\n<p>Con il Single Tech, ogni filamento viene inserito nella calza separatamente, aumentando la resistenza allo sfregamento e migliorando le propriet\u00e0 meccaniche e flessibilit\u00e0 della corda.<\/p>\n<p>&nbsp;<\/p>\n<p><img decoding=\"async\" class=\"size-medium wp-image-56795 img-fluid alignnone\" src=\"https:\/\/www.sestogrado.it\/wp-content\/uploads\/2021\/04\/02-10-297x300.jpg\" alt=\"teflon\" width=\"297\" height=\"300\" srcset=\"https:\/\/www.sestogrado.it\/wp-content\/uploads\/2021\/04\/02-10-297x300.jpg 297w, https:\/\/www.sestogrado.it\/wp-content\/uploads\/2021\/04\/02-10-100x100.jpg 100w, https:\/\/www.sestogrado.it\/wp-content\/uploads\/2021\/04\/02-10-45x45.jpg 45w, https:\/\/www.sestogrado.it\/wp-content\/uploads\/2021\/04\/02-10-79x80.jpg 79w, https:\/\/www.sestogrado.it\/wp-content\/uploads\/2021\/04\/02-10-59x60.jpg 59w, https:\/\/www.sestogrado.it\/wp-content\/uploads\/2021\/04\/02-10-89x90.jpg 89w, https:\/\/www.sestogrado.it\/wp-content\/uploads\/2021\/04\/02-10.jpg 303w\" sizes=\"(max-width: 297px) 100vw, 297px\" \/><\/p>\n<p>&nbsp;<\/p>\n<p>Le corde top di gamma di Singing Rock vengono realizzate con la licenza DuPontTM Teflon\u00ae. Le corde realizzate con una protezione in Teflon\u00ae hanno una resistenza extra all&#8217;acqua, allo sporco ed alla polvere. Il Teflon\u00ae impedisce l&#8217;ingresso di pulviscoli nella corda, preservandone la durata di vita.<\/p>\n<p>&nbsp;<\/p>\n<p><img decoding=\"async\" class=\"size-medium wp-image-56796 img-fluid alignnone\" src=\"https:\/\/www.sestogrado.it\/wp-content\/uploads\/2021\/04\/03-7-300x131.jpg\" alt=\"uiaa water repellent\" width=\"300\" height=\"131\" srcset=\"https:\/\/www.sestogrado.it\/wp-content\/uploads\/2021\/04\/03-7-300x131.jpg 300w, https:\/\/www.sestogrado.it\/wp-content\/uploads\/2021\/04\/03-7-160x70.jpg 160w, https:\/\/www.sestogrado.it\/wp-content\/uploads\/2021\/04\/03-7-138x60.jpg 138w, https:\/\/www.sestogrado.it\/wp-content\/uploads\/2021\/04\/03-7-207x90.jpg 207w, https:\/\/www.sestogrado.it\/wp-content\/uploads\/2021\/04\/03-7.jpg 434w\" sizes=\"(max-width: 300px) 100vw, 300px\" \/><\/p>\n<p>Uno standard per la idrorepellenza delle corde approvato dalla Commissione per la sicurezza del UIAA. Per superare il test, l&#8217;assorbimento di acqua della corda non deve superare del 5% il suo peso.<\/p>\n<p><img decoding=\"async\" class=\"size-full wp-image-56797 img-fluid alignnone\" src=\"https:\/\/www.sestogrado.it\/wp-content\/uploads\/2021\/04\/04-5.jpg\" alt=\"route 44\" width=\"256\" height=\"270\" srcset=\"https:\/\/www.sestogrado.it\/wp-content\/uploads\/2021\/04\/04-5.jpg 256w, https:\/\/www.sestogrado.it\/wp-content\/uploads\/2021\/04\/04-5-76x80.jpg 76w, https:\/\/www.sestogrado.it\/wp-content\/uploads\/2021\/04\/04-5-57x60.jpg 57w, https:\/\/www.sestogrado.it\/wp-content\/uploads\/2021\/04\/04-5-85x90.jpg 85w\" sizes=\"(max-width: 256px) 100vw, 256px\" \/><\/p>\n<p>La Route 44 \u00e8 una tecnologia unica, inventata e brevettata da Singing Rock. I trevoli vengono &#8220;lavorati&#8221; su una macchina a 44 punti, invece dei tradizionali 48. Le corde che utilizzano questa tecnologia sono pi\u00f9 compatte, morbide e resistenti, rispetto alle corde tradizionali.<\/p>\n<p>&nbsp;<\/p>\n<p><img decoding=\"async\" class=\"size-medium wp-image-56798 img-fluid alignnone\" src=\"https:\/\/www.sestogrado.it\/wp-content\/uploads\/2021\/04\/05-3-300x157.jpg\" alt=\"middle marking\" width=\"300\" height=\"157\" srcset=\"https:\/\/www.sestogrado.it\/wp-content\/uploads\/2021\/04\/05-3-300x157.jpg 300w, https:\/\/www.sestogrado.it\/wp-content\/uploads\/2021\/04\/05-3-153x80.jpg 153w, https:\/\/www.sestogrado.it\/wp-content\/uploads\/2021\/04\/05-3-115x60.jpg 115w, https:\/\/www.sestogrado.it\/wp-content\/uploads\/2021\/04\/05-3-172x90.jpg 172w, https:\/\/www.sestogrado.it\/wp-content\/uploads\/2021\/04\/05-3.jpg 316w\" sizes=\"(max-width: 300px) 100vw, 300px\" \/><\/p>\n<p>Segno di met\u00e0 corda. Le doppie sono pi\u00f9 sicure.<\/p>\n<p>&nbsp;<\/p>\n<p>Come srotolare la corda al primo utilizzo:<\/p>\n<p><iframe src=\"\/\/www.youtube.com\/embed\/eFHCiwY7cCM\" width=\"560\" height=\"314\" allowfullscreen=\"allowfullscreen\"><\/iframe><\/p>\n<p>&nbsp;<\/p>\n<p>Singing Rock \u00e8 stata fondata nel 1992 in Repubblica Ceca ed \u00e8 una delle aziende pi\u00f9 innovative nel campo dei DPI, attrezzature da lavoro ed arrampicata. Tutti i prodotti sono realizzati con elevati standard di qualit\u00e0, nella massima innovazione, per fornire sicurezza nel massimo comfort.<\/p>","protected":false},"excerpt":{"rendered":"<p>La Singing Rock Icon 9.3 \u00e8 una corda singola eccezionalmente robusta e leggera, ideale per dure vie a vista, flash [&hellip;]<\/p>\n","protected":false},"featured_media":56800,"comment_status":"open","ping_status":"closed","template":"","meta":{"_acf_changed":false},"product_brand":[748],"product_cat":[136],"product_tag":[],"class_list":{"0":"post-56793","1":"product","2":"type-product","3":"status-publish","4":"has-post-thumbnail","6":"product_brand-singing-rock","7":"product_cat-corde-corde","9":"first","10":"instock","11":"sale","12":"taxable","13":"shipping-taxable","14":"purchasable","15":"product-type-variable"},"acf":[],"yoast_head":"<!-- This site is optimized with the Yoast SEO plugin v26.4 - https:\/\/yoast.com\/wordpress\/plugins\/seo\/ -->\n<title>Singing Rock Icon 9.3 corda arrampicata - Sestogrado<\/title>\n<meta name=\"description\" content=\"La Singing Rock Icon 9.3 \u00e8 una corda singola eccezionalmente robusta e leggera, ideale per dure vie a vista, flash o redpoint, dove ogni grammo conta.E&#039; sviluppata con la tecnologia costruttiva Route 44, una tecnica unica, inventata e registrata da Singing Rock, con cui una corda viene realizzata con 44 invece che 48 trefoli. Questa lavorazione determina grande maneggevolezza, peso contenuto e durata.costruzione Route 44 migliora la maneggevolezza e duratasegno di met\u00e0 cordafinitura ultrasonicacalza impermeabile secondo lo standard UIAA water repelent\" \/>\n<meta name=\"robots\" content=\"index, follow, max-snippet:-1, max-image-preview:large, max-video-preview:-1\" \/>\n<link rel=\"canonical\" href=\"https:\/\/www.sestogrado.it\/it\/prodotto\/singing-rock-icon-9-3-corda-arrampicata\/\" \/>\n<meta property=\"og:locale\" content=\"it_IT\" \/>\n<meta property=\"og:type\" content=\"article\" \/>\n<meta property=\"og:title\" content=\"Singing Rock Icon 9.3 corda arrampicata - Sestogrado\" \/>\n<meta property=\"og:description\" content=\"La Singing Rock Icon 9.3 \u00e8 una corda singola eccezionalmente robusta e leggera, ideale per dure vie a vista, flash o redpoint, dove ogni grammo conta.E&#039; sviluppata con la tecnologia costruttiva Route 44, una tecnica unica, inventata e registrata da Singing Rock, con cui una corda viene realizzata con 44 invece che 48 trefoli. Questa lavorazione determina grande maneggevolezza, peso contenuto e durata.costruzione Route 44 migliora la maneggevolezza e duratasegno di met\u00e0 cordafinitura ultrasonicacalza impermeabile secondo lo standard UIAA water repelent\" \/>\n<meta property=\"og:url\" content=\"https:\/\/www.sestogrado.it\/it\/prodotto\/singing-rock-icon-9-3-corda-arrampicata\/\" \/>\n<meta property=\"og:site_name\" content=\"Sestogrado\" \/>\n<meta property=\"article:publisher\" content=\"https:\/\/www.facebook.com\/pages\/Sestogrado\/1542635979353017?ref=bookmarks\" \/>\n<meta property=\"article:modified_time\" content=\"2025-07-09T18:35:46+00:00\" \/>\n<meta property=\"og:image\" content=\"https:\/\/www.sestogrado.it\/wp-content\/uploads\/2021\/04\/L0380.jpg\" \/>\n\t<meta property=\"og:image:width\" content=\"1000\" \/>\n\t<meta property=\"og:image:height\" content=\"1000\" \/>\n\t<meta property=\"og:image:type\" content=\"image\/jpeg\" \/>\n<meta name=\"twitter:label1\" content=\"Disponibilit\u00e0\" \/>\n\t<meta name=\"twitter:data1\" content=\"In stock\" \/>\n<script type=\"application\/ld+json\" class=\"yoast-schema-graph\">{\"@context\":\"https:\/\/schema.org\",\"@graph\":[{\"@type\":\"WebPage\",\"@id\":\"https:\/\/www.sestogrado.it\/it\/prodotto\/singing-rock-icon-9-3-corda-arrampicata\/\",\"url\":\"https:\/\/www.sestogrado.it\/it\/prodotto\/singing-rock-icon-9-3-corda-arrampicata\/\",\"name\":\"Singing Rock Icon 9.3 corda arrampicata - Sestogrado\",\"isPartOf\":{\"@id\":\"https:\/\/www.sestogrado.it\/it\/#website\"},\"primaryImageOfPage\":{\"@id\":\"https:\/\/www.sestogrado.it\/it\/prodotto\/singing-rock-icon-9-3-corda-arrampicata\/#primaryimage\"},\"image\":{\"@id\":\"https:\/\/www.sestogrado.it\/prodotto\/singing-rock-icon-9-3-corda-arrampicata\/#primaryimage\"},\"thumbnailUrl\":\"https:\/\/www.sestogrado.it\/wp-content\/uploads\/2021\/04\/L0380.jpg\",\"datePublished\":\"2021-04-22T13:46:39+00:00\",\"dateModified\":\"2025-07-09T18:35:46+00:00\",\"description\":\"La Singing Rock Icon 9.3 \u00e8 una corda singola eccezionalmente robusta e leggera, ideale per dure vie a vista, flash o redpoint, dove ogni grammo conta.E' sviluppata con la tecnologia costruttiva Route 44, una tecnica unica, inventata e registrata da Singing Rock, con cui una corda viene realizzata con 44 invece che 48 trefoli. Questa lavorazione determina grande maneggevolezza, peso contenuto e durata.costruzione Route 44 migliora la maneggevolezza e duratasegno di met\u00e0 cordafinitura ultrasonicacalza impermeabile secondo lo standard UIAA water repelent\",\"breadcrumb\":{\"@id\":\"https:\/\/www.sestogrado.it\/it\/prodotto\/singing-rock-icon-9-3-corda-arrampicata\/#breadcrumb\"},\"inLanguage\":\"it-IT\",\"potentialAction\":[{\"@type\":\"ReadAction\",\"target\":[[\"https:\/\/www.sestogrado.it\/it\/prodotto\/singing-rock-icon-9-3-corda-arrampicata\/\"]]}]},{\"@type\":\"ImageObject\",\"inLanguage\":\"it-IT\",\"@id\":\"https:\/\/www.sestogrado.it\/it\/prodotto\/singing-rock-icon-9-3-corda-arrampicata\/#primaryimage\",\"url\":\"https:\/\/www.sestogrado.it\/wp-content\/uploads\/2021\/04\/L0380.jpg\",\"contentUrl\":\"https:\/\/www.sestogrado.it\/wp-content\/uploads\/2021\/04\/L0380.jpg\",\"width\":1000,\"height\":1000,\"caption\":\"singing rock icon 9.3\"},{\"@type\":\"BreadcrumbList\",\"@id\":\"https:\/\/www.sestogrado.it\/it\/prodotto\/singing-rock-icon-9-3-corda-arrampicata\/#breadcrumb\",\"itemListElement\":[{\"@type\":\"ListItem\",\"position\":1,\"name\":\"Home\",\"item\":\"https:\/\/www.sestogrado.it\/it\/\"},{\"@type\":\"ListItem\",\"position\":2,\"name\":\"Shop\",\"item\":\"https:\/\/www.sestogrado.it\/it\/shop\/\"},{\"@type\":\"ListItem\",\"position\":3,\"name\":\"Singing Rock Icon 9.3 corda arrampicata\"}]},{\"@type\":\"WebSite\",\"@id\":\"https:\/\/www.sestogrado.it\/it\/#website\",\"url\":\"https:\/\/www.sestogrado.it\/it\/\",\"name\":\"Sestogrado\",\"description\":\"yes we climb\",\"publisher\":{\"@id\":\"https:\/\/www.sestogrado.it\/it\/#organization\"},\"potentialAction\":[{\"@type\":\"SearchAction\",\"target\":{\"@type\":\"EntryPoint\",\"urlTemplate\":\"https:\/\/www.sestogrado.it\/it\/?s={search_term_string}\"},\"query-input\":{\"@type\":\"PropertyValueSpecification\",\"valueRequired\":true,\"valueName\":\"search_term_string\"}}],\"inLanguage\":\"it-IT\"},{\"@type\":\"Organization\",\"@id\":\"https:\/\/www.sestogrado.it\/it\/#organization\",\"name\":\"Sestogrado\",\"url\":\"https:\/\/www.sestogrado.it\/it\/\",\"logo\":{\"@type\":\"ImageObject\",\"inLanguage\":\"it-IT\",\"@id\":\"https:\/\/www.sestogrado.it\/it\/#\/schema\/logo\/image\/\",\"url\":\"https:\/\/www.sestogrado.it\/wp-content\/uploads\/2015\/03\/sestogrado-favicon.png\",\"contentUrl\":\"https:\/\/www.sestogrado.it\/wp-content\/uploads\/2015\/03\/sestogrado-favicon.png\",\"width\":260,\"height\":260,\"caption\":\"Sestogrado\"},\"image\":{\"@id\":\"https:\/\/www.sestogrado.it\/it\/#\/schema\/logo\/image\/\"},\"sameAs\":[\"https:\/\/www.facebook.com\/pages\/Sestogrado\/1542635979353017?ref=bookmarks\",\"https:\/\/www.youtube.com\/channel\/UC847kAfTkaJsWpc1jtQwr3Q\"],\"hasMerchantReturnPolicy\":{\"@type\":\"MerchantReturnPolicy\",\"merchantReturnLink\":\"https:\/\/www.sestogrado.it\/it\/termini-e-condizioni\/\"}}]}<\/script>\n<meta property=\"product:brand\" content=\"Singing Rock\" \/>\n<meta property=\"og:availability\" content=\"instock\" \/>\n<meta property=\"product:availability\" content=\"instock\" \/>\n<meta property=\"product:condition\" content=\"new\" \/>\n<!-- \/ Yoast SEO plugin. -->","yoast_head_json":{"title":"Singing Rock Icon 9.3 corda arrampicata - Sestogrado","description":"La Singing Rock Icon 9.3 \u00e8 una corda singola eccezionalmente robusta e leggera, ideale per dure vie a vista, flash o redpoint, dove ogni grammo conta.E' sviluppata con la tecnologia costruttiva Route 44, una tecnica unica, inventata e registrata da Singing Rock, con cui una corda viene realizzata con 44 invece che 48 trefoli. Questa lavorazione determina grande maneggevolezza, peso contenuto e durata.costruzione Route 44 migliora la maneggevolezza e duratasegno di met\u00e0 cordafinitura ultrasonicacalza impermeabile secondo lo standard UIAA water repelent","robots":{"index":"index","follow":"follow","max-snippet":"max-snippet:-1","max-image-preview":"max-image-preview:large","max-video-preview":"max-video-preview:-1"},"canonical":"https:\/\/www.sestogrado.it\/it\/prodotto\/singing-rock-icon-9-3-corda-arrampicata\/","og_locale":"it_IT","og_type":"article","og_title":"Singing Rock Icon 9.3 corda arrampicata - Sestogrado","og_description":"La Singing Rock Icon 9.3 \u00e8 una corda singola eccezionalmente robusta e leggera, ideale per dure vie a vista, flash o redpoint, dove ogni grammo conta.E' sviluppata con la tecnologia costruttiva Route 44, una tecnica unica, inventata e registrata da Singing Rock, con cui una corda viene realizzata con 44 invece che 48 trefoli. Questa lavorazione determina grande maneggevolezza, peso contenuto e durata.costruzione Route 44 migliora la maneggevolezza e duratasegno di met\u00e0 cordafinitura ultrasonicacalza impermeabile secondo lo standard UIAA water repelent","og_url":"https:\/\/www.sestogrado.it\/it\/prodotto\/singing-rock-icon-9-3-corda-arrampicata\/","og_site_name":"Sestogrado","article_publisher":"https:\/\/www.facebook.com\/pages\/Sestogrado\/1542635979353017?ref=bookmarks","article_modified_time":"2025-07-09T18:35:46+00:00","og_image":[{"width":1000,"height":1000,"url":"https:\/\/www.sestogrado.it\/wp-content\/uploads\/2021\/04\/L0380.jpg","type":"image\/jpeg"}],"twitter_misc":{"Disponibilit\u00e0":"In stock"},"schema":{"@context":"https:\/\/schema.org","@graph":[{"@type":"WebPage","@id":"https:\/\/www.sestogrado.it\/it\/prodotto\/singing-rock-icon-9-3-corda-arrampicata\/","url":"https:\/\/www.sestogrado.it\/it\/prodotto\/singing-rock-icon-9-3-corda-arrampicata\/","name":"Singing Rock Icon 9.3 corda arrampicata - Sestogrado","isPartOf":{"@id":"https:\/\/www.sestogrado.it\/it\/#website"},"primaryImageOfPage":{"@id":"https:\/\/www.sestogrado.it\/it\/prodotto\/singing-rock-icon-9-3-corda-arrampicata\/#primaryimage"},"image":{"@id":"https:\/\/www.sestogrado.it\/prodotto\/singing-rock-icon-9-3-corda-arrampicata\/#primaryimage"},"thumbnailUrl":"https:\/\/www.sestogrado.it\/wp-content\/uploads\/2021\/04\/L0380.jpg","datePublished":"2021-04-22T13:46:39+00:00","dateModified":"2025-07-09T18:35:46+00:00","description":"La Singing Rock Icon 9.3 \u00e8 una corda singola eccezionalmente robusta e leggera, ideale per dure vie a vista, flash o redpoint, dove ogni grammo conta.E' sviluppata con la tecnologia costruttiva Route 44, una tecnica unica, inventata e registrata da Singing Rock, con cui una corda viene realizzata con 44 invece che 48 trefoli. Questa lavorazione determina grande maneggevolezza, peso contenuto e durata.costruzione Route 44 migliora la maneggevolezza e duratasegno di met\u00e0 cordafinitura ultrasonicacalza impermeabile secondo lo standard UIAA water repelent","breadcrumb":{"@id":"https:\/\/www.sestogrado.it\/it\/prodotto\/singing-rock-icon-9-3-corda-arrampicata\/#breadcrumb"},"inLanguage":"it-IT","potentialAction":[{"@type":"ReadAction","target":[["https:\/\/www.sestogrado.it\/it\/prodotto\/singing-rock-icon-9-3-corda-arrampicata\/"]]}]},{"@type":"ImageObject","inLanguage":"it-IT","@id":"https:\/\/www.sestogrado.it\/it\/prodotto\/singing-rock-icon-9-3-corda-arrampicata\/#primaryimage","url":"https:\/\/www.sestogrado.it\/wp-content\/uploads\/2021\/04\/L0380.jpg","contentUrl":"https:\/\/www.sestogrado.it\/wp-content\/uploads\/2021\/04\/L0380.jpg","width":1000,"height":1000,"caption":"singing rock icon 9.3"},{"@type":"BreadcrumbList","@id":"https:\/\/www.sestogrado.it\/it\/prodotto\/singing-rock-icon-9-3-corda-arrampicata\/#breadcrumb","itemListElement":[{"@type":"ListItem","position":1,"name":"Home","item":"https:\/\/www.sestogrado.it\/it\/"},{"@type":"ListItem","position":2,"name":"Shop","item":"https:\/\/www.sestogrado.it\/it\/shop\/"},{"@type":"ListItem","position":3,"name":"Singing Rock Icon 9.3 corda arrampicata"}]},{"@type":"WebSite","@id":"https:\/\/www.sestogrado.it\/it\/#website","url":"https:\/\/www.sestogrado.it\/it\/","name":"Sestogrado","description":"yes we climb","publisher":{"@id":"https:\/\/www.sestogrado.it\/it\/#organization"},"potentialAction":[{"@type":"SearchAction","target":{"@type":"EntryPoint","urlTemplate":"https:\/\/www.sestogrado.it\/it\/?s={search_term_string}"},"query-input":{"@type":"PropertyValueSpecification","valueRequired":true,"valueName":"search_term_string"}}],"inLanguage":"it-IT"},{"@type":"Organization","@id":"https:\/\/www.sestogrado.it\/it\/#organization","name":"Sestogrado","url":"https:\/\/www.sestogrado.it\/it\/","logo":{"@type":"ImageObject","inLanguage":"it-IT","@id":"https:\/\/www.sestogrado.it\/it\/#\/schema\/logo\/image\/","url":"https:\/\/www.sestogrado.it\/wp-content\/uploads\/2015\/03\/sestogrado-favicon.png","contentUrl":"https:\/\/www.sestogrado.it\/wp-content\/uploads\/2015\/03\/sestogrado-favicon.png","width":260,"height":260,"caption":"Sestogrado"},"image":{"@id":"https:\/\/www.sestogrado.it\/it\/#\/schema\/logo\/image\/"},"sameAs":["https:\/\/www.facebook.com\/pages\/Sestogrado\/1542635979353017?ref=bookmarks","https:\/\/www.youtube.com\/channel\/UC847kAfTkaJsWpc1jtQwr3Q"],"hasMerchantReturnPolicy":{"@type":"MerchantReturnPolicy","merchantReturnLink":"https:\/\/www.sestogrado.it\/it\/termini-e-condizioni\/"}}]},"product_brand":"Singing Rock","og_availability":"instock","product_availability":"instock","product_condition":"new"},"_links":{"self":[{"href":"https:\/\/www.sestogrado.it\/it\/wp-json\/wp\/v2\/product\/56793","targetHints":{"allow":["GET"]}}],"collection":[{"href":"https:\/\/www.sestogrado.it\/it\/wp-json\/wp\/v2\/product"}],"about":[{"href":"https:\/\/www.sestogrado.it\/it\/wp-json\/wp\/v2\/types\/product"}],"replies":[{"embeddable":true,"href":"https:\/\/www.sestogrado.it\/it\/wp-json\/wp\/v2\/comments?post=56793"}],"wp:featuredmedia":[{"embeddable":true,"href":"https:\/\/www.sestogrado.it\/it\/wp-json\/wp\/v2\/media\/56800"}],"wp:attachment":[{"href":"https:\/\/www.sestogrado.it\/it\/wp-json\/wp\/v2\/media?parent=56793"}],"wp:term":[{"taxonomy":"product_brand","embeddable":true,"href":"https:\/\/www.sestogrado.it\/it\/wp-json\/wp\/v2\/product_brand?post=56793"},{"taxonomy":"product_cat","embeddable":true,"href":"https:\/\/www.sestogrado.it\/it\/wp-json\/wp\/v2\/product_cat?post=56793"},{"taxonomy":"product_tag","embeddable":true,"href":"https:\/\/www.sestogrado.it\/it\/wp-json\/wp\/v2\/product_tag?post=56793"}],"curies":[{"name":"wp","href":"https:\/\/api.w.org\/{rel}","templated":true}]}}