{"id":56770,"date":"2021-04-22T11:39:31","date_gmt":"2021-04-22T09:39:31","guid":{"rendered":"https:\/\/www.sestogrado.it\/?post_type=product&#038;p=56770"},"modified":"2025-02-03T16:59:38","modified_gmt":"2025-02-03T15:59:38","slug":"cousin-trestec-el-capitan-10-corda-arrampicata","status":"publish","type":"product","link":"https:\/\/www.sestogrado.it\/it\/prodotto\/cousin-trestec-el-capitan-10-corda-arrampicata\/","title":{"rendered":"Cousin Trestec El Capitan 10 corda arrampicata"},"content":{"rendered":"<p>La Cousin Trestec El Capitan 10 \u00e8 una corda da 10mm di grande fluidit\u00e0 e leggerezza, ideale per utilizzo intensivo. E&#8217; la corda singola perfetta per lo scalatore esigente in palestra di arrampicata o durante le prime uscite in falesia. Molto versatile, \u00e8 ideale per tutti gli usi outdoor, dal pi\u00f9 occasionale al pi\u00f9 sportivo.<\/p>\n<p>Il suo trattamento LongLife gli conferisce una maggiore resistenza alle infiltrazioni di polvere e umidit\u00e0.\u00a0Questo trattamento, unito alla tecnologia TechTouch, conferisce alla corda una lunghissima durata pur mantenendo un&#8217;ottima fluidit\u00e0, qualunque siano le condizioni di utilizzo.<\/p>\n<p><strong>Corda robusta e scalabile per supportare la tua progressione nella pratica dell&#8217;arrampicata<\/strong><\/p>\n<ul>\n<li>Per gli arrampicatori indoor o per le prime uscite in falesia.<\/li>\n<li>Diametro adatto a tutti i dispositivi di assicurazione.<\/li>\n<li>Facile da maneggiare.<\/li>\n<li>Corda robusta con guaina spessa per una migliore resistenza all&#8217;abrasione.<\/li>\n<\/ul>\n<p><strong>Una fluidit\u00e0 duratura nel tempo<\/strong><\/p>\n<ul>\n<li>Vantaggi della tecnologia Techtouch: nuova tecnologia di retrazione in poliammide che fornisce un tocco piacevole e offre alla corda un&#8217;ottima fluidit\u00e0, durevole nel tempo eliminando l&#8217;effetto di scorrimento della guaina sul nucleo della corda.<\/li>\n<\/ul>\n<p><strong>Pi\u00f9 longevit\u00e0, protezione della guaina dall&#8217;umidit\u00e0 e comfort di utilizzo<\/strong><\/p>\n<ul>\n<li>Il trattamento LongLife permette una maggiore resistenza contro le infiltrazioni di polvere e umidit\u00e0 impregnando singolarmente ogni filo di guaina,<\/li>\n<li>Marcatura centrale della corda (MiddleMarking) per una maggiore sicurezza durante l&#8217;arrampicata in testa o in doppia e per facilitare le manovre.<\/li>\n<\/ul>\n<p>&nbsp;<\/p>\n<p>&nbsp;<\/p>\n<p><img decoding=\"async\" class=\"size-full wp-image-56711 img-fluid alignnone\" src=\"https:\/\/www.sestogrado.it\/wp-content\/uploads\/2021\/04\/Senza-titolo-1.jpg\" alt=\"long life\" width=\"201\" height=\"220\" srcset=\"https:\/\/www.sestogrado.it\/wp-content\/uploads\/2021\/04\/Senza-titolo-1.jpg 201w, https:\/\/www.sestogrado.it\/wp-content\/uploads\/2021\/04\/Senza-titolo-1-73x80.jpg 73w, https:\/\/www.sestogrado.it\/wp-content\/uploads\/2021\/04\/Senza-titolo-1-55x60.jpg 55w, https:\/\/www.sestogrado.it\/wp-content\/uploads\/2021\/04\/Senza-titolo-1-82x90.jpg 82w\" sizes=\"(max-width: 201px) 100vw, 201px\" \/><\/p>\n<p>Il processo LongLife impregna ogni filamento della calza, migliorando in modo significativo la durata della corda.<\/p>\n<p>&nbsp;<\/p>\n<p><img decoding=\"async\" class=\"size-full wp-image-56713 img-fluid alignnone\" src=\"https:\/\/www.sestogrado.it\/wp-content\/uploads\/2021\/04\/Senza-titolo-2.jpg\" alt=\"tech touch\" width=\"202\" height=\"180\" srcset=\"https:\/\/www.sestogrado.it\/wp-content\/uploads\/2021\/04\/Senza-titolo-2.jpg 202w, https:\/\/www.sestogrado.it\/wp-content\/uploads\/2021\/04\/Senza-titolo-2-90x80.jpg 90w, https:\/\/www.sestogrado.it\/wp-content\/uploads\/2021\/04\/Senza-titolo-2-67x60.jpg 67w, https:\/\/www.sestogrado.it\/wp-content\/uploads\/2021\/04\/Senza-titolo-2-101x90.jpg 101w\" sizes=\"(max-width: 202px) 100vw, 202px\" \/><\/p>\n<p>Nuovo processo di retrazione chimica della poliammide che fornisce un tocco piacevole e conferisce alla corda un&#8217;ottima fluidit\u00e0, durevole nel tempo. Questo processo innovativo elimina lo scorrimento della calza sull&#8217;anima della corda.<\/p>\n<p><img decoding=\"async\" class=\"size-medium wp-image-56758 img-fluid alignnone\" src=\"https:\/\/www.sestogrado.it\/wp-content\/uploads\/2021\/04\/Senza-titolo-3-300x179.jpg\" alt=\"regular tension\" width=\"300\" height=\"179\" srcset=\"https:\/\/www.sestogrado.it\/wp-content\/uploads\/2021\/04\/Senza-titolo-3-300x179.jpg 300w, https:\/\/www.sestogrado.it\/wp-content\/uploads\/2021\/04\/Senza-titolo-3-134x80.jpg 134w, https:\/\/www.sestogrado.it\/wp-content\/uploads\/2021\/04\/Senza-titolo-3-101x60.jpg 101w, https:\/\/www.sestogrado.it\/wp-content\/uploads\/2021\/04\/Senza-titolo-3-151x90.jpg 151w, https:\/\/www.sestogrado.it\/wp-content\/uploads\/2021\/04\/Senza-titolo-3.jpg 321w\" sizes=\"(max-width: 300px) 100vw, 300px\" \/><\/p>\n<p>Processo esclusivo per ottimizzare, durante l&#8217;operazione di intreccio, le caratteristiche meccaniche di ogni filato di poliammide, ogni componente utilizzato nella produzione delle nostre corde da arrampicata.<\/p>\n<p><img decoding=\"async\" class=\"size-medium wp-image-56759 img-fluid alignnone\" src=\"https:\/\/www.sestogrado.it\/wp-content\/uploads\/2021\/04\/Senza-titolo-4-300x198.jpg\" alt=\"middle marking\" width=\"300\" height=\"198\" srcset=\"https:\/\/www.sestogrado.it\/wp-content\/uploads\/2021\/04\/Senza-titolo-4-300x198.jpg 300w, https:\/\/www.sestogrado.it\/wp-content\/uploads\/2021\/04\/Senza-titolo-4-121x80.jpg 121w, https:\/\/www.sestogrado.it\/wp-content\/uploads\/2021\/04\/Senza-titolo-4-91x60.jpg 91w, https:\/\/www.sestogrado.it\/wp-content\/uploads\/2021\/04\/Senza-titolo-4-137x90.jpg 137w, https:\/\/www.sestogrado.it\/wp-content\/uploads\/2021\/04\/Senza-titolo-4.jpg 311w\" sizes=\"(max-width: 300px) 100vw, 300px\" \/><\/p>\n<p>Marcatura della met\u00e0 della corda con un segno nero. Durevole e pratico quando si tratta di preparare una discesa in corda doppia, sollevamento di una corda o semplicemente stimare la lunghezza della corda rimanente.<\/p>\n<p>&nbsp;<\/p>\n<p><iframe src=\"\/\/www.youtube.com\/embed\/6zbPeBI7QJ4\" width=\"560\" height=\"314\" allowfullscreen=\"allowfullscreen\" data-mce-fragment=\"1\"><\/iframe><\/p>\n<p>Cousin Trestec \u00e8 un produttore di corde specializzato dal 1848 nella trasformazione di fibre sintetiche mediante torcitura, cablaggio, trecciatura e impregnazione. Attraverso una clientela di vari settori quali sport ( sport acquatici, arrampicata, speleologia, escursionismo, alpinismo, parapendio, kitesurf, ecc.), Sicurezza (lavori in grattacielo, soccorso, movimentazione, eventi, ecc.) E applicazioni industriali (offshore , sollevamento, automotive) e militare , Cousin Trestec \u00e8 il riferimento nel mercato delle corde. Beneficiando delle competenze del gruppo e delle sue controllate ( Cousin Biotech , Cousin Composites , Major Sport &#8211; Tecnifibre), Cousin Trestec si impegna ad offrirti soluzioni adeguate ea portarti tutto il suo know-how in termini di qualit\u00e0 e innovazione, per rispondere efficacemente alle tue esigenze. Oltre ai nostri standard elevati e al rigore nella progettazione dei nostri prodotti, \u00e8 soprattutto la vostra soddisfazione che \u00e8 importante per noi.<\/p>","protected":false},"excerpt":{"rendered":"<p>La Cousin Trestec El Capitan 10 \u00e8 una corda da 10mm di grande fluidit\u00e0 e leggerezza, ideale per utilizzo intensivo. [&hellip;]<\/p>\n","protected":false},"featured_media":56774,"comment_status":"open","ping_status":"closed","template":"","meta":{"_acf_changed":false},"product_brand":[746],"product_cat":[136],"product_tag":[],"class_list":{"0":"post-56770","1":"product","2":"type-product","3":"status-publish","4":"has-post-thumbnail","6":"product_brand-cousin-trestec","7":"product_cat-corde-corde","9":"first","10":"instock","11":"sale","12":"taxable","13":"shipping-taxable","14":"purchasable","15":"product-type-variable"},"acf":[],"yoast_head":"<!-- This site is optimized with the Yoast SEO plugin v26.4 - https:\/\/yoast.com\/wordpress\/plugins\/seo\/ -->\n<title>Cousin Trestec El Capitan 10 corda arrampicata - Sestogrado<\/title>\n<meta name=\"description\" content=\"La Cousin Trestec El Capitan 10 \u00e8 una corda da 10mm di grande fluidit\u00e0 e leggerezza, ideale per utilizzo intensivo. E&#039; la corda singola perfetta per lo scalatore esigente in palestra di arrampicata o durante le prime uscite in falesia. Molto versatile, \u00e8 ideale per tutti gli usi outdoor, dal pi\u00f9 occasionale al pi\u00f9 sportivo.Il suo trattamento LongLife gli conferisce una maggiore resistenza alle infiltrazioni di polvere e umidit\u00e0.\u00a0Questo trattamento, unito alla tecnologia TechTouch, conferisce alla corda una lunghissima durata pur mantenendo un&#039;ottima fluidit\u00e0, qualunque siano le condizioni di utilizzo.Corda robusta e scalabile per supportare la tua progressione nella pratica dell&#039;arrampicataPer gli arrampicatori indoor o per le prime uscite in falesia.Diametro adatto a tutti i dispositivi di assicurazione.Facile da maneggiare.Corda robusta con guaina spessa per una migliore resistenza all&#039;abrasione.Una fluidit\u00e0 duratura nel tempoVantaggi della tecnologia Techtouch: nuova tecnologia di retrazione in poliammide che fornisce un tocco piacevole e offre alla corda un&#039;ottima fluidit\u00e0, durevole nel tempo eliminando l&#039;effetto di scorrimento della guaina sul nucleo della corda.\" \/>\n<meta name=\"robots\" content=\"index, follow, max-snippet:-1, max-image-preview:large, max-video-preview:-1\" \/>\n<link rel=\"canonical\" href=\"https:\/\/www.sestogrado.it\/it\/prodotto\/cousin-trestec-el-capitan-10-corda-arrampicata\/\" \/>\n<meta property=\"og:locale\" content=\"it_IT\" \/>\n<meta property=\"og:type\" content=\"article\" \/>\n<meta property=\"og:title\" content=\"Cousin Trestec El Capitan 10 corda arrampicata - Sestogrado\" \/>\n<meta property=\"og:description\" content=\"La Cousin Trestec El Capitan 10 \u00e8 una corda da 10mm di grande fluidit\u00e0 e leggerezza, ideale per utilizzo intensivo. E&#039; la corda singola perfetta per lo scalatore esigente in palestra di arrampicata o durante le prime uscite in falesia. Molto versatile, \u00e8 ideale per tutti gli usi outdoor, dal pi\u00f9 occasionale al pi\u00f9 sportivo.Il suo trattamento LongLife gli conferisce una maggiore resistenza alle infiltrazioni di polvere e umidit\u00e0.\u00a0Questo trattamento, unito alla tecnologia TechTouch, conferisce alla corda una lunghissima durata pur mantenendo un&#039;ottima fluidit\u00e0, qualunque siano le condizioni di utilizzo.Corda robusta e scalabile per supportare la tua progressione nella pratica dell&#039;arrampicataPer gli arrampicatori indoor o per le prime uscite in falesia.Diametro adatto a tutti i dispositivi di assicurazione.Facile da maneggiare.Corda robusta con guaina spessa per una migliore resistenza all&#039;abrasione.Una fluidit\u00e0 duratura nel tempoVantaggi della tecnologia Techtouch: nuova tecnologia di retrazione in poliammide che fornisce un tocco piacevole e offre alla corda un&#039;ottima fluidit\u00e0, durevole nel tempo eliminando l&#039;effetto di scorrimento della guaina sul nucleo della corda.\" \/>\n<meta property=\"og:url\" content=\"https:\/\/www.sestogrado.it\/it\/prodotto\/cousin-trestec-el-capitan-10-corda-arrampicata\/\" \/>\n<meta property=\"og:site_name\" content=\"Sestogrado\" \/>\n<meta property=\"article:publisher\" content=\"https:\/\/www.facebook.com\/pages\/Sestogrado\/1542635979353017?ref=bookmarks\" \/>\n<meta property=\"article:modified_time\" content=\"2025-02-03T15:59:38+00:00\" \/>\n<meta property=\"og:image\" content=\"https:\/\/www.sestogrado.it\/wp-content\/uploads\/2021\/04\/01-11.jpg\" \/>\n\t<meta property=\"og:image:width\" content=\"600\" \/>\n\t<meta property=\"og:image:height\" content=\"600\" \/>\n\t<meta property=\"og:image:type\" content=\"image\/jpeg\" \/>\n<meta name=\"twitter:label1\" content=\"Disponibilit\u00e0\" \/>\n\t<meta name=\"twitter:data1\" content=\"In stock\" \/>\n<script type=\"application\/ld+json\" class=\"yoast-schema-graph\">{\"@context\":\"https:\/\/schema.org\",\"@graph\":[{\"@type\":\"WebPage\",\"@id\":\"https:\/\/www.sestogrado.it\/it\/prodotto\/cousin-trestec-el-capitan-10-corda-arrampicata\/\",\"url\":\"https:\/\/www.sestogrado.it\/it\/prodotto\/cousin-trestec-el-capitan-10-corda-arrampicata\/\",\"name\":\"Cousin Trestec El Capitan 10 corda arrampicata - Sestogrado\",\"isPartOf\":{\"@id\":\"https:\/\/www.sestogrado.it\/it\/#website\"},\"primaryImageOfPage\":{\"@id\":\"https:\/\/www.sestogrado.it\/it\/prodotto\/cousin-trestec-el-capitan-10-corda-arrampicata\/#primaryimage\"},\"image\":{\"@id\":\"https:\/\/www.sestogrado.it\/prodotto\/cousin-trestec-el-capitan-10-corda-arrampicata\/#primaryimage\"},\"thumbnailUrl\":\"https:\/\/www.sestogrado.it\/wp-content\/uploads\/2021\/04\/01-11.jpg\",\"datePublished\":\"2021-04-22T09:39:31+00:00\",\"dateModified\":\"2025-02-03T15:59:38+00:00\",\"description\":\"La Cousin Trestec El Capitan 10 \u00e8 una corda da 10mm di grande fluidit\u00e0 e leggerezza, ideale per utilizzo intensivo. E' la corda singola perfetta per lo scalatore esigente in palestra di arrampicata o durante le prime uscite in falesia. Molto versatile, \u00e8 ideale per tutti gli usi outdoor, dal pi\u00f9 occasionale al pi\u00f9 sportivo.Il suo trattamento LongLife gli conferisce una maggiore resistenza alle infiltrazioni di polvere e umidit\u00e0.\u00a0Questo trattamento, unito alla tecnologia TechTouch, conferisce alla corda una lunghissima durata pur mantenendo un'ottima fluidit\u00e0, qualunque siano le condizioni di utilizzo.Corda robusta e scalabile per supportare la tua progressione nella pratica dell'arrampicataPer gli arrampicatori indoor o per le prime uscite in falesia.Diametro adatto a tutti i dispositivi di assicurazione.Facile da maneggiare.Corda robusta con guaina spessa per una migliore resistenza all'abrasione.Una fluidit\u00e0 duratura nel tempoVantaggi della tecnologia Techtouch: nuova tecnologia di retrazione in poliammide che fornisce un tocco piacevole e offre alla corda un'ottima fluidit\u00e0, durevole nel tempo eliminando l'effetto di scorrimento della guaina sul nucleo della corda.\",\"breadcrumb\":{\"@id\":\"https:\/\/www.sestogrado.it\/it\/prodotto\/cousin-trestec-el-capitan-10-corda-arrampicata\/#breadcrumb\"},\"inLanguage\":\"it-IT\",\"potentialAction\":[{\"@type\":\"ReadAction\",\"target\":[[\"https:\/\/www.sestogrado.it\/it\/prodotto\/cousin-trestec-el-capitan-10-corda-arrampicata\/\"]]}]},{\"@type\":\"ImageObject\",\"inLanguage\":\"it-IT\",\"@id\":\"https:\/\/www.sestogrado.it\/it\/prodotto\/cousin-trestec-el-capitan-10-corda-arrampicata\/#primaryimage\",\"url\":\"https:\/\/www.sestogrado.it\/wp-content\/uploads\/2021\/04\/01-11.jpg\",\"contentUrl\":\"https:\/\/www.sestogrado.it\/wp-content\/uploads\/2021\/04\/01-11.jpg\",\"width\":600,\"height\":600,\"caption\":\"cousin el capitan\"},{\"@type\":\"BreadcrumbList\",\"@id\":\"https:\/\/www.sestogrado.it\/it\/prodotto\/cousin-trestec-el-capitan-10-corda-arrampicata\/#breadcrumb\",\"itemListElement\":[{\"@type\":\"ListItem\",\"position\":1,\"name\":\"Home\",\"item\":\"https:\/\/www.sestogrado.it\/it\/\"},{\"@type\":\"ListItem\",\"position\":2,\"name\":\"Shop\",\"item\":\"https:\/\/www.sestogrado.it\/it\/shop\/\"},{\"@type\":\"ListItem\",\"position\":3,\"name\":\"Cousin Trestec El Capitan 10 corda arrampicata\"}]},{\"@type\":\"WebSite\",\"@id\":\"https:\/\/www.sestogrado.it\/it\/#website\",\"url\":\"https:\/\/www.sestogrado.it\/it\/\",\"name\":\"Sestogrado\",\"description\":\"yes we climb\",\"publisher\":{\"@id\":\"https:\/\/www.sestogrado.it\/it\/#organization\"},\"potentialAction\":[{\"@type\":\"SearchAction\",\"target\":{\"@type\":\"EntryPoint\",\"urlTemplate\":\"https:\/\/www.sestogrado.it\/it\/?s={search_term_string}\"},\"query-input\":{\"@type\":\"PropertyValueSpecification\",\"valueRequired\":true,\"valueName\":\"search_term_string\"}}],\"inLanguage\":\"it-IT\"},{\"@type\":\"Organization\",\"@id\":\"https:\/\/www.sestogrado.it\/it\/#organization\",\"name\":\"Sestogrado\",\"url\":\"https:\/\/www.sestogrado.it\/it\/\",\"logo\":{\"@type\":\"ImageObject\",\"inLanguage\":\"it-IT\",\"@id\":\"https:\/\/www.sestogrado.it\/it\/#\/schema\/logo\/image\/\",\"url\":\"https:\/\/www.sestogrado.it\/wp-content\/uploads\/2015\/03\/sestogrado-favicon.png\",\"contentUrl\":\"https:\/\/www.sestogrado.it\/wp-content\/uploads\/2015\/03\/sestogrado-favicon.png\",\"width\":260,\"height\":260,\"caption\":\"Sestogrado\"},\"image\":{\"@id\":\"https:\/\/www.sestogrado.it\/it\/#\/schema\/logo\/image\/\"},\"sameAs\":[\"https:\/\/www.facebook.com\/pages\/Sestogrado\/1542635979353017?ref=bookmarks\",\"https:\/\/www.youtube.com\/channel\/UC847kAfTkaJsWpc1jtQwr3Q\"],\"hasMerchantReturnPolicy\":{\"@type\":\"MerchantReturnPolicy\",\"merchantReturnLink\":\"https:\/\/www.sestogrado.it\/it\/termini-e-condizioni\/\"}}]}<\/script>\n<meta property=\"product:brand\" content=\"Cousin Trestec\" \/>\n<meta property=\"og:availability\" content=\"instock\" \/>\n<meta property=\"product:availability\" content=\"instock\" \/>\n<meta property=\"product:condition\" content=\"new\" \/>\n<!-- \/ Yoast SEO plugin. -->","yoast_head_json":{"title":"Cousin Trestec El Capitan 10 corda arrampicata - Sestogrado","description":"La Cousin Trestec El Capitan 10 \u00e8 una corda da 10mm di grande fluidit\u00e0 e leggerezza, ideale per utilizzo intensivo. E' la corda singola perfetta per lo scalatore esigente in palestra di arrampicata o durante le prime uscite in falesia. Molto versatile, \u00e8 ideale per tutti gli usi outdoor, dal pi\u00f9 occasionale al pi\u00f9 sportivo.Il suo trattamento LongLife gli conferisce una maggiore resistenza alle infiltrazioni di polvere e umidit\u00e0.\u00a0Questo trattamento, unito alla tecnologia TechTouch, conferisce alla corda una lunghissima durata pur mantenendo un'ottima fluidit\u00e0, qualunque siano le condizioni di utilizzo.Corda robusta e scalabile per supportare la tua progressione nella pratica dell'arrampicataPer gli arrampicatori indoor o per le prime uscite in falesia.Diametro adatto a tutti i dispositivi di assicurazione.Facile da maneggiare.Corda robusta con guaina spessa per una migliore resistenza all'abrasione.Una fluidit\u00e0 duratura nel tempoVantaggi della tecnologia Techtouch: nuova tecnologia di retrazione in poliammide che fornisce un tocco piacevole e offre alla corda un'ottima fluidit\u00e0, durevole nel tempo eliminando l'effetto di scorrimento della guaina sul nucleo della corda.","robots":{"index":"index","follow":"follow","max-snippet":"max-snippet:-1","max-image-preview":"max-image-preview:large","max-video-preview":"max-video-preview:-1"},"canonical":"https:\/\/www.sestogrado.it\/it\/prodotto\/cousin-trestec-el-capitan-10-corda-arrampicata\/","og_locale":"it_IT","og_type":"article","og_title":"Cousin Trestec El Capitan 10 corda arrampicata - Sestogrado","og_description":"La Cousin Trestec El Capitan 10 \u00e8 una corda da 10mm di grande fluidit\u00e0 e leggerezza, ideale per utilizzo intensivo. E' la corda singola perfetta per lo scalatore esigente in palestra di arrampicata o durante le prime uscite in falesia. Molto versatile, \u00e8 ideale per tutti gli usi outdoor, dal pi\u00f9 occasionale al pi\u00f9 sportivo.Il suo trattamento LongLife gli conferisce una maggiore resistenza alle infiltrazioni di polvere e umidit\u00e0.\u00a0Questo trattamento, unito alla tecnologia TechTouch, conferisce alla corda una lunghissima durata pur mantenendo un'ottima fluidit\u00e0, qualunque siano le condizioni di utilizzo.Corda robusta e scalabile per supportare la tua progressione nella pratica dell'arrampicataPer gli arrampicatori indoor o per le prime uscite in falesia.Diametro adatto a tutti i dispositivi di assicurazione.Facile da maneggiare.Corda robusta con guaina spessa per una migliore resistenza all'abrasione.Una fluidit\u00e0 duratura nel tempoVantaggi della tecnologia Techtouch: nuova tecnologia di retrazione in poliammide che fornisce un tocco piacevole e offre alla corda un'ottima fluidit\u00e0, durevole nel tempo eliminando l'effetto di scorrimento della guaina sul nucleo della corda.","og_url":"https:\/\/www.sestogrado.it\/it\/prodotto\/cousin-trestec-el-capitan-10-corda-arrampicata\/","og_site_name":"Sestogrado","article_publisher":"https:\/\/www.facebook.com\/pages\/Sestogrado\/1542635979353017?ref=bookmarks","article_modified_time":"2025-02-03T15:59:38+00:00","og_image":[{"width":600,"height":600,"url":"https:\/\/www.sestogrado.it\/wp-content\/uploads\/2021\/04\/01-11.jpg","type":"image\/jpeg"}],"twitter_misc":{"Disponibilit\u00e0":"In stock"},"schema":{"@context":"https:\/\/schema.org","@graph":[{"@type":"WebPage","@id":"https:\/\/www.sestogrado.it\/it\/prodotto\/cousin-trestec-el-capitan-10-corda-arrampicata\/","url":"https:\/\/www.sestogrado.it\/it\/prodotto\/cousin-trestec-el-capitan-10-corda-arrampicata\/","name":"Cousin Trestec El Capitan 10 corda arrampicata - Sestogrado","isPartOf":{"@id":"https:\/\/www.sestogrado.it\/it\/#website"},"primaryImageOfPage":{"@id":"https:\/\/www.sestogrado.it\/it\/prodotto\/cousin-trestec-el-capitan-10-corda-arrampicata\/#primaryimage"},"image":{"@id":"https:\/\/www.sestogrado.it\/prodotto\/cousin-trestec-el-capitan-10-corda-arrampicata\/#primaryimage"},"thumbnailUrl":"https:\/\/www.sestogrado.it\/wp-content\/uploads\/2021\/04\/01-11.jpg","datePublished":"2021-04-22T09:39:31+00:00","dateModified":"2025-02-03T15:59:38+00:00","description":"La Cousin Trestec El Capitan 10 \u00e8 una corda da 10mm di grande fluidit\u00e0 e leggerezza, ideale per utilizzo intensivo. E' la corda singola perfetta per lo scalatore esigente in palestra di arrampicata o durante le prime uscite in falesia. Molto versatile, \u00e8 ideale per tutti gli usi outdoor, dal pi\u00f9 occasionale al pi\u00f9 sportivo.Il suo trattamento LongLife gli conferisce una maggiore resistenza alle infiltrazioni di polvere e umidit\u00e0.\u00a0Questo trattamento, unito alla tecnologia TechTouch, conferisce alla corda una lunghissima durata pur mantenendo un'ottima fluidit\u00e0, qualunque siano le condizioni di utilizzo.Corda robusta e scalabile per supportare la tua progressione nella pratica dell'arrampicataPer gli arrampicatori indoor o per le prime uscite in falesia.Diametro adatto a tutti i dispositivi di assicurazione.Facile da maneggiare.Corda robusta con guaina spessa per una migliore resistenza all'abrasione.Una fluidit\u00e0 duratura nel tempoVantaggi della tecnologia Techtouch: nuova tecnologia di retrazione in poliammide che fornisce un tocco piacevole e offre alla corda un'ottima fluidit\u00e0, durevole nel tempo eliminando l'effetto di scorrimento della guaina sul nucleo della corda.","breadcrumb":{"@id":"https:\/\/www.sestogrado.it\/it\/prodotto\/cousin-trestec-el-capitan-10-corda-arrampicata\/#breadcrumb"},"inLanguage":"it-IT","potentialAction":[{"@type":"ReadAction","target":[["https:\/\/www.sestogrado.it\/it\/prodotto\/cousin-trestec-el-capitan-10-corda-arrampicata\/"]]}]},{"@type":"ImageObject","inLanguage":"it-IT","@id":"https:\/\/www.sestogrado.it\/it\/prodotto\/cousin-trestec-el-capitan-10-corda-arrampicata\/#primaryimage","url":"https:\/\/www.sestogrado.it\/wp-content\/uploads\/2021\/04\/01-11.jpg","contentUrl":"https:\/\/www.sestogrado.it\/wp-content\/uploads\/2021\/04\/01-11.jpg","width":600,"height":600,"caption":"cousin el capitan"},{"@type":"BreadcrumbList","@id":"https:\/\/www.sestogrado.it\/it\/prodotto\/cousin-trestec-el-capitan-10-corda-arrampicata\/#breadcrumb","itemListElement":[{"@type":"ListItem","position":1,"name":"Home","item":"https:\/\/www.sestogrado.it\/it\/"},{"@type":"ListItem","position":2,"name":"Shop","item":"https:\/\/www.sestogrado.it\/it\/shop\/"},{"@type":"ListItem","position":3,"name":"Cousin Trestec El Capitan 10 corda arrampicata"}]},{"@type":"WebSite","@id":"https:\/\/www.sestogrado.it\/it\/#website","url":"https:\/\/www.sestogrado.it\/it\/","name":"Sestogrado","description":"yes we climb","publisher":{"@id":"https:\/\/www.sestogrado.it\/it\/#organization"},"potentialAction":[{"@type":"SearchAction","target":{"@type":"EntryPoint","urlTemplate":"https:\/\/www.sestogrado.it\/it\/?s={search_term_string}"},"query-input":{"@type":"PropertyValueSpecification","valueRequired":true,"valueName":"search_term_string"}}],"inLanguage":"it-IT"},{"@type":"Organization","@id":"https:\/\/www.sestogrado.it\/it\/#organization","name":"Sestogrado","url":"https:\/\/www.sestogrado.it\/it\/","logo":{"@type":"ImageObject","inLanguage":"it-IT","@id":"https:\/\/www.sestogrado.it\/it\/#\/schema\/logo\/image\/","url":"https:\/\/www.sestogrado.it\/wp-content\/uploads\/2015\/03\/sestogrado-favicon.png","contentUrl":"https:\/\/www.sestogrado.it\/wp-content\/uploads\/2015\/03\/sestogrado-favicon.png","width":260,"height":260,"caption":"Sestogrado"},"image":{"@id":"https:\/\/www.sestogrado.it\/it\/#\/schema\/logo\/image\/"},"sameAs":["https:\/\/www.facebook.com\/pages\/Sestogrado\/1542635979353017?ref=bookmarks","https:\/\/www.youtube.com\/channel\/UC847kAfTkaJsWpc1jtQwr3Q"],"hasMerchantReturnPolicy":{"@type":"MerchantReturnPolicy","merchantReturnLink":"https:\/\/www.sestogrado.it\/it\/termini-e-condizioni\/"}}]},"product_brand":"Cousin Trestec","og_availability":"instock","product_availability":"instock","product_condition":"new"},"_links":{"self":[{"href":"https:\/\/www.sestogrado.it\/it\/wp-json\/wp\/v2\/product\/56770","targetHints":{"allow":["GET"]}}],"collection":[{"href":"https:\/\/www.sestogrado.it\/it\/wp-json\/wp\/v2\/product"}],"about":[{"href":"https:\/\/www.sestogrado.it\/it\/wp-json\/wp\/v2\/types\/product"}],"replies":[{"embeddable":true,"href":"https:\/\/www.sestogrado.it\/it\/wp-json\/wp\/v2\/comments?post=56770"}],"wp:featuredmedia":[{"embeddable":true,"href":"https:\/\/www.sestogrado.it\/it\/wp-json\/wp\/v2\/media\/56774"}],"wp:attachment":[{"href":"https:\/\/www.sestogrado.it\/it\/wp-json\/wp\/v2\/media?parent=56770"}],"wp:term":[{"taxonomy":"product_brand","embeddable":true,"href":"https:\/\/www.sestogrado.it\/it\/wp-json\/wp\/v2\/product_brand?post=56770"},{"taxonomy":"product_cat","embeddable":true,"href":"https:\/\/www.sestogrado.it\/it\/wp-json\/wp\/v2\/product_cat?post=56770"},{"taxonomy":"product_tag","embeddable":true,"href":"https:\/\/www.sestogrado.it\/it\/wp-json\/wp\/v2\/product_tag?post=56770"}],"curies":[{"name":"wp","href":"https:\/\/api.w.org\/{rel}","templated":true}]}}