{"id":56704,"date":"2021-04-21T15:07:13","date_gmt":"2021-04-21T13:07:13","guid":{"rendered":"https:\/\/www.sestogrado.it\/?post_type=product&#038;p=56704"},"modified":"2025-05-20T17:04:29","modified_gmt":"2025-05-20T15:04:29","slug":"grivel-climbdifferent-sunglasses-occhiali-da-sole","status":"publish","type":"product","link":"https:\/\/www.sestogrado.it\/it\/prodotto\/grivel-climbdifferent-sunglasses-occhiali-da-sole\/","title":{"rendered":"Grivel #Climbdifferent Sunglasses occhiali da sole"},"content":{"rendered":"<p>I <strong>Grivel #Climbdifferent<\/strong> sono degli occhiali da sole con montatura in<strong> bamb\u00f9<\/strong> e lenti specchiate rosse <strong>categoria 3 UV400<\/strong>. Il bamb\u00f9 \u00e8 la pi\u00f9 ecologica tra le fibre vegetali proviene da una pianta infestante capace di crescere in modo prodigioso. Al contrario della produzione di plastica, quella del bamb\u00f9 assorbe CO2 invece di produrla, non dipende dall&#8217;estrazione del petrolio e non causa deforestazione. Leggerissimo, se non avete mai indossato un occhiale di bamb\u00f9 rimarrete sorpresi dal suo contatto naturale con la pelle e dalla sua estrema leggerezza. E se vi dovessero cadere in acqua&#8230; nessun problema: galleggeranno per alcuni minuti permettendovi di recuperarli agevolmente.<\/p>\n<p>Note di design: occhiale outdoor classico dalla linea veramente intramontabile, rinnovato ed impreziosito da un design pi\u00f9 morbido e da lenti di nuova generazione.<\/p>\n<p>Marcatura \u201cGrivel\u201d su un lato e \u201c#climbdifferent\u201d sull\u2019altro.<\/p>\n<p>Custodia in iuta, pannetto in microfibra.<\/p>","protected":false},"excerpt":{"rendered":"<p>I Grivel #Climbdifferent sono degli occhiali da sole con montatura in bamb\u00f9 e lenti specchiate rosse categoria 3 UV400. Il [&hellip;]<\/p>\n","protected":false},"featured_media":56705,"comment_status":"open","ping_status":"closed","template":"","meta":{"_acf_changed":false},"product_brand":[126],"product_cat":[141],"product_tag":[],"class_list":{"0":"post-56704","1":"product","2":"type-product","3":"status-publish","4":"has-post-thumbnail","6":"product_brand-grivel","7":"product_cat-accessori-accessori","9":"first","10":"outofstock","11":"sale","12":"taxable","13":"shipping-taxable","14":"purchasable","15":"product-type-simple"},"acf":[],"yoast_head":"<!-- This site is optimized with the Yoast SEO plugin v26.4 - https:\/\/yoast.com\/wordpress\/plugins\/seo\/ -->\n<title>Grivel #Climbdifferent Sunglasses occhiali da sole - Sestogrado<\/title>\n<meta name=\"description\" content=\"I Grivel #Climbdifferent sono degli occhiali da sole con montatura in bamb\u00f9 e lenti specchiate rosse categoria 3 UV400. Il bamb\u00f9 \u00e8 la pi\u00f9 ecologica tra le fibre vegetali proviene da una pianta infestante capace di crescere in modo prodigioso. Al contrario della produzione di plastica, quella del bamb\u00f9 assorbe CO2 invece di produrla, non dipende dall&#039;estrazione del petrolio e non causa deforestazione. Leggerissimo, se non avete mai indossato un occhiale di bamb\u00f9 rimarrete sorpresi dal suo contatto naturale con la pelle e dalla sua estrema leggerezza. E se vi dovessero cadere in acqua... nessun problema: galleggeranno per alcuni minuti permettendovi di recuperarli agevolmente.Note di design: occhiale outdoor classico dalla linea veramente intramontabile, rinnovato ed impreziosito da un design pi\u00f9 morbido e da lenti di nuova generazione.Marcatura \u201cGrivel\u201d su un lato e \u201c#climbdifferent\u201d sull\u2019altro.Custodia in iuta, pannetto in microfibra.\" \/>\n<meta name=\"robots\" content=\"index, follow, max-snippet:-1, max-image-preview:large, max-video-preview:-1\" \/>\n<link rel=\"canonical\" href=\"https:\/\/www.sestogrado.it\/it\/prodotto\/grivel-climbdifferent-sunglasses-occhiali-da-sole\/\" \/>\n<meta property=\"og:locale\" content=\"it_IT\" \/>\n<meta property=\"og:type\" content=\"article\" \/>\n<meta property=\"og:title\" content=\"Grivel #Climbdifferent Sunglasses occhiali da sole - Sestogrado\" \/>\n<meta property=\"og:description\" content=\"I Grivel #Climbdifferent sono degli occhiali da sole con montatura in bamb\u00f9 e lenti specchiate rosse categoria 3 UV400. Il bamb\u00f9 \u00e8 la pi\u00f9 ecologica tra le fibre vegetali proviene da una pianta infestante capace di crescere in modo prodigioso. Al contrario della produzione di plastica, quella del bamb\u00f9 assorbe CO2 invece di produrla, non dipende dall&#039;estrazione del petrolio e non causa deforestazione. Leggerissimo, se non avete mai indossato un occhiale di bamb\u00f9 rimarrete sorpresi dal suo contatto naturale con la pelle e dalla sua estrema leggerezza. E se vi dovessero cadere in acqua... nessun problema: galleggeranno per alcuni minuti permettendovi di recuperarli agevolmente.Note di design: occhiale outdoor classico dalla linea veramente intramontabile, rinnovato ed impreziosito da un design pi\u00f9 morbido e da lenti di nuova generazione.Marcatura \u201cGrivel\u201d su un lato e \u201c#climbdifferent\u201d sull\u2019altro.Custodia in iuta, pannetto in microfibra.\" \/>\n<meta property=\"og:url\" content=\"https:\/\/www.sestogrado.it\/it\/prodotto\/grivel-climbdifferent-sunglasses-occhiali-da-sole\/\" \/>\n<meta property=\"og:site_name\" content=\"Sestogrado\" \/>\n<meta property=\"article:publisher\" content=\"https:\/\/www.facebook.com\/pages\/Sestogrado\/1542635979353017?ref=bookmarks\" \/>\n<meta property=\"article:modified_time\" content=\"2025-05-20T15:04:29+00:00\" \/>\n<meta property=\"og:image\" content=\"https:\/\/www.sestogrado.it\/wp-content\/uploads\/2021\/04\/01-9.jpg\" \/>\n\t<meta property=\"og:image:width\" content=\"1664\" \/>\n\t<meta property=\"og:image:height\" content=\"1663\" \/>\n\t<meta property=\"og:image:type\" content=\"image\/jpeg\" \/>\n<meta name=\"twitter:label1\" content=\"Prezzo\" \/>\n\t<meta name=\"twitter:data1\" content=\"&euro;&nbsp;119,90\" \/>\n\t<meta name=\"twitter:label2\" content=\"Disponibilit\u00e0\" \/>\n\t<meta name=\"twitter:data2\" content=\"Esaurito\" \/>\n<script type=\"application\/ld+json\" class=\"yoast-schema-graph\">{\"@context\":\"https:\/\/schema.org\",\"@graph\":[{\"@type\":\"WebPage\",\"@id\":\"https:\/\/www.sestogrado.it\/it\/prodotto\/grivel-climbdifferent-sunglasses-occhiali-da-sole\/\",\"url\":\"https:\/\/www.sestogrado.it\/it\/prodotto\/grivel-climbdifferent-sunglasses-occhiali-da-sole\/\",\"name\":\"Grivel #Climbdifferent Sunglasses occhiali da sole - Sestogrado\",\"isPartOf\":{\"@id\":\"https:\/\/www.sestogrado.it\/it\/#website\"},\"primaryImageOfPage\":{\"@id\":\"https:\/\/www.sestogrado.it\/it\/prodotto\/grivel-climbdifferent-sunglasses-occhiali-da-sole\/#primaryimage\"},\"image\":{\"@id\":\"https:\/\/www.sestogrado.it\/prodotto\/grivel-climbdifferent-sunglasses-occhiali-da-sole\/#primaryimage\"},\"thumbnailUrl\":\"https:\/\/www.sestogrado.it\/wp-content\/uploads\/2021\/04\/01-9.jpg\",\"datePublished\":\"2021-04-21T13:07:13+00:00\",\"dateModified\":\"2025-05-20T15:04:29+00:00\",\"description\":\"I Grivel #Climbdifferent sono degli occhiali da sole con montatura in bamb\u00f9 e lenti specchiate rosse categoria 3 UV400. Il bamb\u00f9 \u00e8 la pi\u00f9 ecologica tra le fibre vegetali proviene da una pianta infestante capace di crescere in modo prodigioso. Al contrario della produzione di plastica, quella del bamb\u00f9 assorbe CO2 invece di produrla, non dipende dall'estrazione del petrolio e non causa deforestazione. Leggerissimo, se non avete mai indossato un occhiale di bamb\u00f9 rimarrete sorpresi dal suo contatto naturale con la pelle e dalla sua estrema leggerezza. E se vi dovessero cadere in acqua... nessun problema: galleggeranno per alcuni minuti permettendovi di recuperarli agevolmente.Note di design: occhiale outdoor classico dalla linea veramente intramontabile, rinnovato ed impreziosito da un design pi\u00f9 morbido e da lenti di nuova generazione.Marcatura \u201cGrivel\u201d su un lato e \u201c#climbdifferent\u201d sull\u2019altro.Custodia in iuta, pannetto in microfibra.\",\"breadcrumb\":{\"@id\":\"https:\/\/www.sestogrado.it\/it\/prodotto\/grivel-climbdifferent-sunglasses-occhiali-da-sole\/#breadcrumb\"},\"inLanguage\":\"it-IT\",\"potentialAction\":[{\"@type\":\"ReadAction\",\"target\":[[\"https:\/\/www.sestogrado.it\/it\/prodotto\/grivel-climbdifferent-sunglasses-occhiali-da-sole\/\"]]}]},{\"@type\":\"ImageObject\",\"inLanguage\":\"it-IT\",\"@id\":\"https:\/\/www.sestogrado.it\/it\/prodotto\/grivel-climbdifferent-sunglasses-occhiali-da-sole\/#primaryimage\",\"url\":\"https:\/\/www.sestogrado.it\/wp-content\/uploads\/2021\/04\/01-9.jpg\",\"contentUrl\":\"https:\/\/www.sestogrado.it\/wp-content\/uploads\/2021\/04\/01-9.jpg\",\"width\":1664,\"height\":1663,\"caption\":\"grivel climbdifferent sunglasses\"},{\"@type\":\"BreadcrumbList\",\"@id\":\"https:\/\/www.sestogrado.it\/it\/prodotto\/grivel-climbdifferent-sunglasses-occhiali-da-sole\/#breadcrumb\",\"itemListElement\":[{\"@type\":\"ListItem\",\"position\":1,\"name\":\"Home\",\"item\":\"https:\/\/www.sestogrado.it\/it\/\"},{\"@type\":\"ListItem\",\"position\":2,\"name\":\"Shop\",\"item\":\"https:\/\/www.sestogrado.it\/it\/shop\/\"},{\"@type\":\"ListItem\",\"position\":3,\"name\":\"Grivel #Climbdifferent Sunglasses occhiali da sole\"}]},{\"@type\":\"WebSite\",\"@id\":\"https:\/\/www.sestogrado.it\/it\/#website\",\"url\":\"https:\/\/www.sestogrado.it\/it\/\",\"name\":\"Sestogrado\",\"description\":\"yes we climb\",\"publisher\":{\"@id\":\"https:\/\/www.sestogrado.it\/it\/#organization\"},\"potentialAction\":[{\"@type\":\"SearchAction\",\"target\":{\"@type\":\"EntryPoint\",\"urlTemplate\":\"https:\/\/www.sestogrado.it\/it\/?s={search_term_string}\"},\"query-input\":{\"@type\":\"PropertyValueSpecification\",\"valueRequired\":true,\"valueName\":\"search_term_string\"}}],\"inLanguage\":\"it-IT\"},{\"@type\":\"Organization\",\"@id\":\"https:\/\/www.sestogrado.it\/it\/#organization\",\"name\":\"Sestogrado\",\"url\":\"https:\/\/www.sestogrado.it\/it\/\",\"logo\":{\"@type\":\"ImageObject\",\"inLanguage\":\"it-IT\",\"@id\":\"https:\/\/www.sestogrado.it\/it\/#\/schema\/logo\/image\/\",\"url\":\"https:\/\/www.sestogrado.it\/wp-content\/uploads\/2015\/03\/sestogrado-favicon.png\",\"contentUrl\":\"https:\/\/www.sestogrado.it\/wp-content\/uploads\/2015\/03\/sestogrado-favicon.png\",\"width\":260,\"height\":260,\"caption\":\"Sestogrado\"},\"image\":{\"@id\":\"https:\/\/www.sestogrado.it\/it\/#\/schema\/logo\/image\/\"},\"sameAs\":[\"https:\/\/www.facebook.com\/pages\/Sestogrado\/1542635979353017?ref=bookmarks\",\"https:\/\/www.youtube.com\/channel\/UC847kAfTkaJsWpc1jtQwr3Q\"],\"hasMerchantReturnPolicy\":{\"@type\":\"MerchantReturnPolicy\",\"merchantReturnLink\":\"https:\/\/www.sestogrado.it\/it\/termini-e-condizioni\/\"}}]}<\/script>\n<meta property=\"product:brand\" content=\"Grivel\" \/>\n<meta property=\"product:price:amount\" content=\"119.90\" \/>\n<meta property=\"product:price:currency\" content=\"EUR\" \/>\n<meta property=\"og:availability\" content=\"out of stock\" \/>\n<meta property=\"product:availability\" content=\"out of stock\" \/>\n<meta property=\"product:condition\" content=\"new\" \/>\n<!-- \/ Yoast SEO plugin. -->","yoast_head_json":{"title":"Grivel #Climbdifferent Sunglasses occhiali da sole - Sestogrado","description":"I Grivel #Climbdifferent sono degli occhiali da sole con montatura in bamb\u00f9 e lenti specchiate rosse categoria 3 UV400. Il bamb\u00f9 \u00e8 la pi\u00f9 ecologica tra le fibre vegetali proviene da una pianta infestante capace di crescere in modo prodigioso. Al contrario della produzione di plastica, quella del bamb\u00f9 assorbe CO2 invece di produrla, non dipende dall'estrazione del petrolio e non causa deforestazione. Leggerissimo, se non avete mai indossato un occhiale di bamb\u00f9 rimarrete sorpresi dal suo contatto naturale con la pelle e dalla sua estrema leggerezza. E se vi dovessero cadere in acqua... nessun problema: galleggeranno per alcuni minuti permettendovi di recuperarli agevolmente.Note di design: occhiale outdoor classico dalla linea veramente intramontabile, rinnovato ed impreziosito da un design pi\u00f9 morbido e da lenti di nuova generazione.Marcatura \u201cGrivel\u201d su un lato e \u201c#climbdifferent\u201d sull\u2019altro.Custodia in iuta, pannetto in microfibra.","robots":{"index":"index","follow":"follow","max-snippet":"max-snippet:-1","max-image-preview":"max-image-preview:large","max-video-preview":"max-video-preview:-1"},"canonical":"https:\/\/www.sestogrado.it\/it\/prodotto\/grivel-climbdifferent-sunglasses-occhiali-da-sole\/","og_locale":"it_IT","og_type":"article","og_title":"Grivel #Climbdifferent Sunglasses occhiali da sole - Sestogrado","og_description":"I Grivel #Climbdifferent sono degli occhiali da sole con montatura in bamb\u00f9 e lenti specchiate rosse categoria 3 UV400. Il bamb\u00f9 \u00e8 la pi\u00f9 ecologica tra le fibre vegetali proviene da una pianta infestante capace di crescere in modo prodigioso. Al contrario della produzione di plastica, quella del bamb\u00f9 assorbe CO2 invece di produrla, non dipende dall'estrazione del petrolio e non causa deforestazione. Leggerissimo, se non avete mai indossato un occhiale di bamb\u00f9 rimarrete sorpresi dal suo contatto naturale con la pelle e dalla sua estrema leggerezza. E se vi dovessero cadere in acqua... nessun problema: galleggeranno per alcuni minuti permettendovi di recuperarli agevolmente.Note di design: occhiale outdoor classico dalla linea veramente intramontabile, rinnovato ed impreziosito da un design pi\u00f9 morbido e da lenti di nuova generazione.Marcatura \u201cGrivel\u201d su un lato e \u201c#climbdifferent\u201d sull\u2019altro.Custodia in iuta, pannetto in microfibra.","og_url":"https:\/\/www.sestogrado.it\/it\/prodotto\/grivel-climbdifferent-sunglasses-occhiali-da-sole\/","og_site_name":"Sestogrado","article_publisher":"https:\/\/www.facebook.com\/pages\/Sestogrado\/1542635979353017?ref=bookmarks","article_modified_time":"2025-05-20T15:04:29+00:00","og_image":[{"width":1664,"height":1663,"url":"https:\/\/www.sestogrado.it\/wp-content\/uploads\/2021\/04\/01-9.jpg","type":"image\/jpeg"}],"twitter_misc":{"Prezzo":"&euro;&nbsp;119,90","Disponibilit\u00e0":"Esaurito"},"schema":{"@context":"https:\/\/schema.org","@graph":[{"@type":"WebPage","@id":"https:\/\/www.sestogrado.it\/it\/prodotto\/grivel-climbdifferent-sunglasses-occhiali-da-sole\/","url":"https:\/\/www.sestogrado.it\/it\/prodotto\/grivel-climbdifferent-sunglasses-occhiali-da-sole\/","name":"Grivel #Climbdifferent Sunglasses occhiali da sole - Sestogrado","isPartOf":{"@id":"https:\/\/www.sestogrado.it\/it\/#website"},"primaryImageOfPage":{"@id":"https:\/\/www.sestogrado.it\/it\/prodotto\/grivel-climbdifferent-sunglasses-occhiali-da-sole\/#primaryimage"},"image":{"@id":"https:\/\/www.sestogrado.it\/prodotto\/grivel-climbdifferent-sunglasses-occhiali-da-sole\/#primaryimage"},"thumbnailUrl":"https:\/\/www.sestogrado.it\/wp-content\/uploads\/2021\/04\/01-9.jpg","datePublished":"2021-04-21T13:07:13+00:00","dateModified":"2025-05-20T15:04:29+00:00","description":"I Grivel #Climbdifferent sono degli occhiali da sole con montatura in bamb\u00f9 e lenti specchiate rosse categoria 3 UV400. Il bamb\u00f9 \u00e8 la pi\u00f9 ecologica tra le fibre vegetali proviene da una pianta infestante capace di crescere in modo prodigioso. Al contrario della produzione di plastica, quella del bamb\u00f9 assorbe CO2 invece di produrla, non dipende dall'estrazione del petrolio e non causa deforestazione. Leggerissimo, se non avete mai indossato un occhiale di bamb\u00f9 rimarrete sorpresi dal suo contatto naturale con la pelle e dalla sua estrema leggerezza. E se vi dovessero cadere in acqua... nessun problema: galleggeranno per alcuni minuti permettendovi di recuperarli agevolmente.Note di design: occhiale outdoor classico dalla linea veramente intramontabile, rinnovato ed impreziosito da un design pi\u00f9 morbido e da lenti di nuova generazione.Marcatura \u201cGrivel\u201d su un lato e \u201c#climbdifferent\u201d sull\u2019altro.Custodia in iuta, pannetto in microfibra.","breadcrumb":{"@id":"https:\/\/www.sestogrado.it\/it\/prodotto\/grivel-climbdifferent-sunglasses-occhiali-da-sole\/#breadcrumb"},"inLanguage":"it-IT","potentialAction":[{"@type":"ReadAction","target":[["https:\/\/www.sestogrado.it\/it\/prodotto\/grivel-climbdifferent-sunglasses-occhiali-da-sole\/"]]}]},{"@type":"ImageObject","inLanguage":"it-IT","@id":"https:\/\/www.sestogrado.it\/it\/prodotto\/grivel-climbdifferent-sunglasses-occhiali-da-sole\/#primaryimage","url":"https:\/\/www.sestogrado.it\/wp-content\/uploads\/2021\/04\/01-9.jpg","contentUrl":"https:\/\/www.sestogrado.it\/wp-content\/uploads\/2021\/04\/01-9.jpg","width":1664,"height":1663,"caption":"grivel climbdifferent sunglasses"},{"@type":"BreadcrumbList","@id":"https:\/\/www.sestogrado.it\/it\/prodotto\/grivel-climbdifferent-sunglasses-occhiali-da-sole\/#breadcrumb","itemListElement":[{"@type":"ListItem","position":1,"name":"Home","item":"https:\/\/www.sestogrado.it\/it\/"},{"@type":"ListItem","position":2,"name":"Shop","item":"https:\/\/www.sestogrado.it\/it\/shop\/"},{"@type":"ListItem","position":3,"name":"Grivel #Climbdifferent Sunglasses occhiali da sole"}]},{"@type":"WebSite","@id":"https:\/\/www.sestogrado.it\/it\/#website","url":"https:\/\/www.sestogrado.it\/it\/","name":"Sestogrado","description":"yes we climb","publisher":{"@id":"https:\/\/www.sestogrado.it\/it\/#organization"},"potentialAction":[{"@type":"SearchAction","target":{"@type":"EntryPoint","urlTemplate":"https:\/\/www.sestogrado.it\/it\/?s={search_term_string}"},"query-input":{"@type":"PropertyValueSpecification","valueRequired":true,"valueName":"search_term_string"}}],"inLanguage":"it-IT"},{"@type":"Organization","@id":"https:\/\/www.sestogrado.it\/it\/#organization","name":"Sestogrado","url":"https:\/\/www.sestogrado.it\/it\/","logo":{"@type":"ImageObject","inLanguage":"it-IT","@id":"https:\/\/www.sestogrado.it\/it\/#\/schema\/logo\/image\/","url":"https:\/\/www.sestogrado.it\/wp-content\/uploads\/2015\/03\/sestogrado-favicon.png","contentUrl":"https:\/\/www.sestogrado.it\/wp-content\/uploads\/2015\/03\/sestogrado-favicon.png","width":260,"height":260,"caption":"Sestogrado"},"image":{"@id":"https:\/\/www.sestogrado.it\/it\/#\/schema\/logo\/image\/"},"sameAs":["https:\/\/www.facebook.com\/pages\/Sestogrado\/1542635979353017?ref=bookmarks","https:\/\/www.youtube.com\/channel\/UC847kAfTkaJsWpc1jtQwr3Q"],"hasMerchantReturnPolicy":{"@type":"MerchantReturnPolicy","merchantReturnLink":"https:\/\/www.sestogrado.it\/it\/termini-e-condizioni\/"}}]},"product_brand":"Grivel","product_price_amount":"119.90","product_price_currency":"EUR","og_availability":"out of stock","product_availability":"out of stock","product_condition":"new"},"_links":{"self":[{"href":"https:\/\/www.sestogrado.it\/it\/wp-json\/wp\/v2\/product\/56704","targetHints":{"allow":["GET"]}}],"collection":[{"href":"https:\/\/www.sestogrado.it\/it\/wp-json\/wp\/v2\/product"}],"about":[{"href":"https:\/\/www.sestogrado.it\/it\/wp-json\/wp\/v2\/types\/product"}],"replies":[{"embeddable":true,"href":"https:\/\/www.sestogrado.it\/it\/wp-json\/wp\/v2\/comments?post=56704"}],"wp:featuredmedia":[{"embeddable":true,"href":"https:\/\/www.sestogrado.it\/it\/wp-json\/wp\/v2\/media\/56705"}],"wp:attachment":[{"href":"https:\/\/www.sestogrado.it\/it\/wp-json\/wp\/v2\/media?parent=56704"}],"wp:term":[{"taxonomy":"product_brand","embeddable":true,"href":"https:\/\/www.sestogrado.it\/it\/wp-json\/wp\/v2\/product_brand?post=56704"},{"taxonomy":"product_cat","embeddable":true,"href":"https:\/\/www.sestogrado.it\/it\/wp-json\/wp\/v2\/product_cat?post=56704"},{"taxonomy":"product_tag","embeddable":true,"href":"https:\/\/www.sestogrado.it\/it\/wp-json\/wp\/v2\/product_tag?post=56704"}],"curies":[{"name":"wp","href":"https:\/\/api.w.org\/{rel}","templated":true}]}}