{"id":562,"date":"2021-03-03T15:00:03","date_gmt":"2021-03-03T14:00:03","guid":{"rendered":"http:\/\/www.sestogrado.it\/?post_type=product&#038;p=562"},"modified":"2026-04-24T16:22:23","modified_gmt":"2026-04-24T14:22:23","slug":"camp-energy-imbrago-arrampicata","status":"publish","type":"product","link":"https:\/\/www.sestogrado.it\/it\/prodotto\/camp-energy-imbrago-arrampicata\/","title":{"rendered":"Camp Energy imbrago arrampicata"},"content":{"rendered":"<p>Il CAMP ENERGY \u00e8 l&#8217;imbrago best seller di Camp, grazie ad una estrema polivalenza, che ne fa un imbracatura ideale per l&#8217;arrampicata su roccia ed indoor a tutti i livelli.<\/p>\n<p>L&#8217;interno termoformato permette un perfetto adattamento al corpo di cintura e cosciali, assicurando traspirabilit\u00e0 e comfort eccezionale. I cosciali fissi garantiscono una rapida indossabilit\u00e0 e la lunghezza di cintura e cosciali fornisce sostegno durante le lunghe sospensioni e le calate in doppia. I cosciali fissi ad ampiezza variabile, uniscono l&#8217;assoluta sicurezza della costruzione fissa con la versatilit\u00e0 della costruzione regolabile.<\/p>\n<p>L&#8217;interno termoformato e la notevole lunghezza di cintura e cosciali garantiscono comodit\u00e0 e sostegno durante le sospensioni e le calate in doppia. I 4 portamateriali in fettuccia con tubetto di rivestimento consentono un facile accesso a tutto l&#8217;equipaggiamento del Camp Energy.<\/p>\n<ul>\n<li>imbracatura polivalente per il pi\u00f9 ampio range di utilizzatori<\/li>\n<li>cintura e cosciali con interno termoformato che si adatta perfettamente al corpo per un confort eccezionale<\/li>\n<li>cosciali fissi per rapida indossabilit\u00e0<\/li>\n<li>fibbia rapida autobloccante sulla cintura<\/li>\n<li>4 portamateriali rinforzati<\/li>\n<li>anello di recupero posteriore<\/li>\n<\/ul>\n<p>&nbsp;<\/p>\n<p>Il CAMP\u00a0ENERGY \u00e8 un&#8217;imbrago leggero e confortevole in grado di soddisfare le esigenze di ogni climber, dal principiante al pi\u00f9 esperto. Polivalente, adatto per l&#8217;arrampicata sportiva e per le vie di montagna, \u00e8 curato in ogni dettaglio con l&#8217;impiego di materiali di prima qualit\u00e0.<\/p>\n<p>&nbsp;<\/p>\n<p>Passione, lavoro e semplicit\u00e0 sono alcune delle parole chiave che da sempre hanno contraddistinto il modo di essere di C.A.M.P. La passione \u00e8 quella per la montagna e per i prodotti che aiutano a realizzare i sogni ed i progetti di tutti coloro che la frequentano; il lavoro \u00e8 quello tramandato da oltre 115 anni in quattro distinte generazioni succedutesi alla guida dell\u2019azienda e la semplicit\u00e0 \u00e8 quella che contraddistingue un modo di essere e relazionarsi basato sulla seriet\u00e0 e lealt\u00e0.<\/p>","protected":false},"excerpt":{"rendered":"<p>Il CAMP ENERGY \u00e8 l&#8217;imbrago best seller di Camp, grazie ad una estrema polivalenza, che ne fa un imbracatura ideale [&hellip;]<\/p>\n","protected":false},"featured_media":28996,"comment_status":"open","ping_status":"closed","template":"","meta":{"_acf_changed":false},"product_brand":[31],"product_cat":[182],"product_tag":[410,409],"class_list":{"0":"post-562","1":"product","2":"type-product","3":"status-publish","4":"has-post-thumbnail","6":"product_brand-camp","7":"product_cat-sportivi","8":"product_tag-imbracatura","9":"product_tag-imbrago","11":"first","12":"instock","13":"sale","14":"taxable","15":"shipping-taxable","16":"purchasable","17":"product-type-variable"},"acf":[],"yoast_head":"<!-- This site is optimized with the Yoast SEO plugin v26.4 - https:\/\/yoast.com\/wordpress\/plugins\/seo\/ -->\n<title>Camp Energy imbrago arrampicata - Sestogrado<\/title>\n<meta name=\"description\" content=\"Rivisto e migliorato nel 2020, il CAMP ENERGY \u00e8 l&#039;imbrago best seller di Camp, grazie ad una estrema polivalenza, che ne fa un imbracatura ideale per l&#039;arrampicata su roccia ed indoor a tutti i livelli.L&#039;interno termoformato permette un perfetto adattamento al corpo di cintura e cosciali, assicurando traspirabilit\u00e0 e comfort eccezionale. I cosciali fissi garantiscono una rapida indossabilit\u00e0 e la lunghezza di cintura e cosciali fornisce sostegno durante le lunghe sospensioni e le calate in doppia. I cosciali fissi ad ampiezza variabile, uniscono l&#039;assoluta sicurezza della costruzione fissa con la versatilit\u00e0 della costruzione regolabile.L&#039;interno termoformato e la notevole lunghezza di cintura e cosciali garantiscono comodit\u00e0 e sostegno durante le sospensioni e le calate in doppia. I 4 portamateriali in fettuccia con tubetto di rivestimento consentono un facile accesso a tutto l&#039;equipaggiamento del Camp Energy.\" \/>\n<meta name=\"robots\" content=\"index, follow, max-snippet:-1, max-image-preview:large, max-video-preview:-1\" \/>\n<link rel=\"canonical\" href=\"https:\/\/www.sestogrado.it\/it\/prodotto\/camp-energy-imbrago-arrampicata\/\" \/>\n<meta property=\"og:locale\" content=\"it_IT\" \/>\n<meta property=\"og:type\" content=\"article\" \/>\n<meta property=\"og:title\" content=\"Camp Energy imbrago arrampicata - Sestogrado\" \/>\n<meta property=\"og:description\" content=\"Rivisto e migliorato nel 2020, il CAMP ENERGY \u00e8 l&#039;imbrago best seller di Camp, grazie ad una estrema polivalenza, che ne fa un imbracatura ideale per l&#039;arrampicata su roccia ed indoor a tutti i livelli.L&#039;interno termoformato permette un perfetto adattamento al corpo di cintura e cosciali, assicurando traspirabilit\u00e0 e comfort eccezionale. I cosciali fissi garantiscono una rapida indossabilit\u00e0 e la lunghezza di cintura e cosciali fornisce sostegno durante le lunghe sospensioni e le calate in doppia. I cosciali fissi ad ampiezza variabile, uniscono l&#039;assoluta sicurezza della costruzione fissa con la versatilit\u00e0 della costruzione regolabile.L&#039;interno termoformato e la notevole lunghezza di cintura e cosciali garantiscono comodit\u00e0 e sostegno durante le sospensioni e le calate in doppia. I 4 portamateriali in fettuccia con tubetto di rivestimento consentono un facile accesso a tutto l&#039;equipaggiamento del Camp Energy.\" \/>\n<meta property=\"og:url\" content=\"https:\/\/www.sestogrado.it\/it\/prodotto\/camp-energy-imbrago-arrampicata\/\" \/>\n<meta property=\"og:site_name\" content=\"Sestogrado\" \/>\n<meta property=\"article:publisher\" content=\"https:\/\/www.facebook.com\/pages\/Sestogrado\/1542635979353017?ref=bookmarks\" \/>\n<meta property=\"article:modified_time\" content=\"2026-04-24T14:22:23+00:00\" \/>\n<meta property=\"og:image\" content=\"https:\/\/www.sestogrado.it\/wp-content\/uploads\/2015\/03\/01bis-1.jpg\" \/>\n\t<meta property=\"og:image:width\" content=\"1024\" \/>\n\t<meta property=\"og:image:height\" content=\"1024\" \/>\n\t<meta property=\"og:image:type\" content=\"image\/jpeg\" \/>\n<meta name=\"twitter:label1\" content=\"Disponibilit\u00e0\" \/>\n\t<meta name=\"twitter:data1\" content=\"In stock\" \/>\n<script type=\"application\/ld+json\" class=\"yoast-schema-graph\">{\"@context\":\"https:\/\/schema.org\",\"@graph\":[{\"@type\":\"WebPage\",\"@id\":\"https:\/\/www.sestogrado.it\/it\/prodotto\/camp-energy-imbrago-arrampicata\/\",\"url\":\"https:\/\/www.sestogrado.it\/it\/prodotto\/camp-energy-imbrago-arrampicata\/\",\"name\":\"Camp Energy imbrago arrampicata - Sestogrado\",\"isPartOf\":{\"@id\":\"https:\/\/www.sestogrado.it\/it\/#website\"},\"primaryImageOfPage\":{\"@id\":\"https:\/\/www.sestogrado.it\/it\/prodotto\/camp-energy-imbrago-arrampicata\/#primaryimage\"},\"image\":{\"@id\":\"https:\/\/www.sestogrado.it\/prodotto\/camp-energy-imbrago-arrampicata\/#primaryimage\"},\"thumbnailUrl\":\"https:\/\/www.sestogrado.it\/wp-content\/uploads\/2015\/03\/01bis-1.jpg\",\"datePublished\":\"2021-03-03T14:00:03+00:00\",\"dateModified\":\"2026-04-24T14:22:23+00:00\",\"description\":\"Rivisto e migliorato nel 2020, il CAMP ENERGY \u00e8 l'imbrago best seller di Camp, grazie ad una estrema polivalenza, che ne fa un imbracatura ideale per l'arrampicata su roccia ed indoor a tutti i livelli.L'interno termoformato permette un perfetto adattamento al corpo di cintura e cosciali, assicurando traspirabilit\u00e0 e comfort eccezionale. I cosciali fissi garantiscono una rapida indossabilit\u00e0 e la lunghezza di cintura e cosciali fornisce sostegno durante le lunghe sospensioni e le calate in doppia. I cosciali fissi ad ampiezza variabile, uniscono l'assoluta sicurezza della costruzione fissa con la versatilit\u00e0 della costruzione regolabile.L'interno termoformato e la notevole lunghezza di cintura e cosciali garantiscono comodit\u00e0 e sostegno durante le sospensioni e le calate in doppia. I 4 portamateriali in fettuccia con tubetto di rivestimento consentono un facile accesso a tutto l'equipaggiamento del Camp Energy.\",\"breadcrumb\":{\"@id\":\"https:\/\/www.sestogrado.it\/it\/prodotto\/camp-energy-imbrago-arrampicata\/#breadcrumb\"},\"inLanguage\":\"it-IT\",\"potentialAction\":[{\"@type\":\"ReadAction\",\"target\":[[\"https:\/\/www.sestogrado.it\/it\/prodotto\/camp-energy-imbrago-arrampicata\/\"]]}]},{\"@type\":\"ImageObject\",\"inLanguage\":\"it-IT\",\"@id\":\"https:\/\/www.sestogrado.it\/it\/prodotto\/camp-energy-imbrago-arrampicata\/#primaryimage\",\"url\":\"https:\/\/www.sestogrado.it\/wp-content\/uploads\/2015\/03\/01bis-1.jpg\",\"contentUrl\":\"https:\/\/www.sestogrado.it\/wp-content\/uploads\/2015\/03\/01bis-1.jpg\",\"width\":1024,\"height\":1024,\"caption\":\"camp energy rosso\"},{\"@type\":\"BreadcrumbList\",\"@id\":\"https:\/\/www.sestogrado.it\/it\/prodotto\/camp-energy-imbrago-arrampicata\/#breadcrumb\",\"itemListElement\":[{\"@type\":\"ListItem\",\"position\":1,\"name\":\"Home\",\"item\":\"https:\/\/www.sestogrado.it\/it\/\"},{\"@type\":\"ListItem\",\"position\":2,\"name\":\"Shop\",\"item\":\"https:\/\/www.sestogrado.it\/it\/shop\/\"},{\"@type\":\"ListItem\",\"position\":3,\"name\":\"Camp Energy imbrago arrampicata\"}]},{\"@type\":\"WebSite\",\"@id\":\"https:\/\/www.sestogrado.it\/it\/#website\",\"url\":\"https:\/\/www.sestogrado.it\/it\/\",\"name\":\"Sestogrado\",\"description\":\"yes we climb\",\"publisher\":{\"@id\":\"https:\/\/www.sestogrado.it\/it\/#organization\"},\"potentialAction\":[{\"@type\":\"SearchAction\",\"target\":{\"@type\":\"EntryPoint\",\"urlTemplate\":\"https:\/\/www.sestogrado.it\/it\/?s={search_term_string}\"},\"query-input\":{\"@type\":\"PropertyValueSpecification\",\"valueRequired\":true,\"valueName\":\"search_term_string\"}}],\"inLanguage\":\"it-IT\"},{\"@type\":\"Organization\",\"@id\":\"https:\/\/www.sestogrado.it\/it\/#organization\",\"name\":\"Sestogrado\",\"url\":\"https:\/\/www.sestogrado.it\/it\/\",\"logo\":{\"@type\":\"ImageObject\",\"inLanguage\":\"it-IT\",\"@id\":\"https:\/\/www.sestogrado.it\/it\/#\/schema\/logo\/image\/\",\"url\":\"https:\/\/www.sestogrado.it\/wp-content\/uploads\/2015\/03\/sestogrado-favicon.png\",\"contentUrl\":\"https:\/\/www.sestogrado.it\/wp-content\/uploads\/2015\/03\/sestogrado-favicon.png\",\"width\":260,\"height\":260,\"caption\":\"Sestogrado\"},\"image\":{\"@id\":\"https:\/\/www.sestogrado.it\/it\/#\/schema\/logo\/image\/\"},\"sameAs\":[\"https:\/\/www.facebook.com\/pages\/Sestogrado\/1542635979353017?ref=bookmarks\",\"https:\/\/www.youtube.com\/channel\/UC847kAfTkaJsWpc1jtQwr3Q\"],\"hasMerchantReturnPolicy\":{\"@type\":\"MerchantReturnPolicy\",\"merchantReturnLink\":\"https:\/\/www.sestogrado.it\/it\/termini-e-condizioni\/\"}}]}<\/script>\n<meta property=\"product:brand\" content=\"Camp\" \/>\n<meta property=\"og:availability\" content=\"instock\" \/>\n<meta property=\"product:availability\" content=\"instock\" \/>\n<meta property=\"product:condition\" content=\"new\" \/>\n<!-- \/ Yoast SEO plugin. -->","yoast_head_json":{"title":"Camp Energy imbrago arrampicata - Sestogrado","description":"Rivisto e migliorato nel 2020, il CAMP ENERGY \u00e8 l'imbrago best seller di Camp, grazie ad una estrema polivalenza, che ne fa un imbracatura ideale per l'arrampicata su roccia ed indoor a tutti i livelli.L'interno termoformato permette un perfetto adattamento al corpo di cintura e cosciali, assicurando traspirabilit\u00e0 e comfort eccezionale. I cosciali fissi garantiscono una rapida indossabilit\u00e0 e la lunghezza di cintura e cosciali fornisce sostegno durante le lunghe sospensioni e le calate in doppia. I cosciali fissi ad ampiezza variabile, uniscono l'assoluta sicurezza della costruzione fissa con la versatilit\u00e0 della costruzione regolabile.L'interno termoformato e la notevole lunghezza di cintura e cosciali garantiscono comodit\u00e0 e sostegno durante le sospensioni e le calate in doppia. I 4 portamateriali in fettuccia con tubetto di rivestimento consentono un facile accesso a tutto l'equipaggiamento del Camp Energy.","robots":{"index":"index","follow":"follow","max-snippet":"max-snippet:-1","max-image-preview":"max-image-preview:large","max-video-preview":"max-video-preview:-1"},"canonical":"https:\/\/www.sestogrado.it\/it\/prodotto\/camp-energy-imbrago-arrampicata\/","og_locale":"it_IT","og_type":"article","og_title":"Camp Energy imbrago arrampicata - Sestogrado","og_description":"Rivisto e migliorato nel 2020, il CAMP ENERGY \u00e8 l'imbrago best seller di Camp, grazie ad una estrema polivalenza, che ne fa un imbracatura ideale per l'arrampicata su roccia ed indoor a tutti i livelli.L'interno termoformato permette un perfetto adattamento al corpo di cintura e cosciali, assicurando traspirabilit\u00e0 e comfort eccezionale. I cosciali fissi garantiscono una rapida indossabilit\u00e0 e la lunghezza di cintura e cosciali fornisce sostegno durante le lunghe sospensioni e le calate in doppia. I cosciali fissi ad ampiezza variabile, uniscono l'assoluta sicurezza della costruzione fissa con la versatilit\u00e0 della costruzione regolabile.L'interno termoformato e la notevole lunghezza di cintura e cosciali garantiscono comodit\u00e0 e sostegno durante le sospensioni e le calate in doppia. I 4 portamateriali in fettuccia con tubetto di rivestimento consentono un facile accesso a tutto l'equipaggiamento del Camp Energy.","og_url":"https:\/\/www.sestogrado.it\/it\/prodotto\/camp-energy-imbrago-arrampicata\/","og_site_name":"Sestogrado","article_publisher":"https:\/\/www.facebook.com\/pages\/Sestogrado\/1542635979353017?ref=bookmarks","article_modified_time":"2026-04-24T14:22:23+00:00","og_image":[{"width":1024,"height":1024,"url":"https:\/\/www.sestogrado.it\/wp-content\/uploads\/2015\/03\/01bis-1.jpg","type":"image\/jpeg"}],"twitter_misc":{"Disponibilit\u00e0":"In stock"},"schema":{"@context":"https:\/\/schema.org","@graph":[{"@type":"WebPage","@id":"https:\/\/www.sestogrado.it\/it\/prodotto\/camp-energy-imbrago-arrampicata\/","url":"https:\/\/www.sestogrado.it\/it\/prodotto\/camp-energy-imbrago-arrampicata\/","name":"Camp Energy imbrago arrampicata - Sestogrado","isPartOf":{"@id":"https:\/\/www.sestogrado.it\/it\/#website"},"primaryImageOfPage":{"@id":"https:\/\/www.sestogrado.it\/it\/prodotto\/camp-energy-imbrago-arrampicata\/#primaryimage"},"image":{"@id":"https:\/\/www.sestogrado.it\/prodotto\/camp-energy-imbrago-arrampicata\/#primaryimage"},"thumbnailUrl":"https:\/\/www.sestogrado.it\/wp-content\/uploads\/2015\/03\/01bis-1.jpg","datePublished":"2021-03-03T14:00:03+00:00","dateModified":"2026-04-24T14:22:23+00:00","description":"Rivisto e migliorato nel 2020, il CAMP ENERGY \u00e8 l'imbrago best seller di Camp, grazie ad una estrema polivalenza, che ne fa un imbracatura ideale per l'arrampicata su roccia ed indoor a tutti i livelli.L'interno termoformato permette un perfetto adattamento al corpo di cintura e cosciali, assicurando traspirabilit\u00e0 e comfort eccezionale. I cosciali fissi garantiscono una rapida indossabilit\u00e0 e la lunghezza di cintura e cosciali fornisce sostegno durante le lunghe sospensioni e le calate in doppia. I cosciali fissi ad ampiezza variabile, uniscono l'assoluta sicurezza della costruzione fissa con la versatilit\u00e0 della costruzione regolabile.L'interno termoformato e la notevole lunghezza di cintura e cosciali garantiscono comodit\u00e0 e sostegno durante le sospensioni e le calate in doppia. I 4 portamateriali in fettuccia con tubetto di rivestimento consentono un facile accesso a tutto l'equipaggiamento del Camp Energy.","breadcrumb":{"@id":"https:\/\/www.sestogrado.it\/it\/prodotto\/camp-energy-imbrago-arrampicata\/#breadcrumb"},"inLanguage":"it-IT","potentialAction":[{"@type":"ReadAction","target":[["https:\/\/www.sestogrado.it\/it\/prodotto\/camp-energy-imbrago-arrampicata\/"]]}]},{"@type":"ImageObject","inLanguage":"it-IT","@id":"https:\/\/www.sestogrado.it\/it\/prodotto\/camp-energy-imbrago-arrampicata\/#primaryimage","url":"https:\/\/www.sestogrado.it\/wp-content\/uploads\/2015\/03\/01bis-1.jpg","contentUrl":"https:\/\/www.sestogrado.it\/wp-content\/uploads\/2015\/03\/01bis-1.jpg","width":1024,"height":1024,"caption":"camp energy rosso"},{"@type":"BreadcrumbList","@id":"https:\/\/www.sestogrado.it\/it\/prodotto\/camp-energy-imbrago-arrampicata\/#breadcrumb","itemListElement":[{"@type":"ListItem","position":1,"name":"Home","item":"https:\/\/www.sestogrado.it\/it\/"},{"@type":"ListItem","position":2,"name":"Shop","item":"https:\/\/www.sestogrado.it\/it\/shop\/"},{"@type":"ListItem","position":3,"name":"Camp Energy imbrago arrampicata"}]},{"@type":"WebSite","@id":"https:\/\/www.sestogrado.it\/it\/#website","url":"https:\/\/www.sestogrado.it\/it\/","name":"Sestogrado","description":"yes we climb","publisher":{"@id":"https:\/\/www.sestogrado.it\/it\/#organization"},"potentialAction":[{"@type":"SearchAction","target":{"@type":"EntryPoint","urlTemplate":"https:\/\/www.sestogrado.it\/it\/?s={search_term_string}"},"query-input":{"@type":"PropertyValueSpecification","valueRequired":true,"valueName":"search_term_string"}}],"inLanguage":"it-IT"},{"@type":"Organization","@id":"https:\/\/www.sestogrado.it\/it\/#organization","name":"Sestogrado","url":"https:\/\/www.sestogrado.it\/it\/","logo":{"@type":"ImageObject","inLanguage":"it-IT","@id":"https:\/\/www.sestogrado.it\/it\/#\/schema\/logo\/image\/","url":"https:\/\/www.sestogrado.it\/wp-content\/uploads\/2015\/03\/sestogrado-favicon.png","contentUrl":"https:\/\/www.sestogrado.it\/wp-content\/uploads\/2015\/03\/sestogrado-favicon.png","width":260,"height":260,"caption":"Sestogrado"},"image":{"@id":"https:\/\/www.sestogrado.it\/it\/#\/schema\/logo\/image\/"},"sameAs":["https:\/\/www.facebook.com\/pages\/Sestogrado\/1542635979353017?ref=bookmarks","https:\/\/www.youtube.com\/channel\/UC847kAfTkaJsWpc1jtQwr3Q"],"hasMerchantReturnPolicy":{"@type":"MerchantReturnPolicy","merchantReturnLink":"https:\/\/www.sestogrado.it\/it\/termini-e-condizioni\/"}}]},"product_brand":"Camp","og_availability":"instock","product_availability":"instock","product_condition":"new"},"_links":{"self":[{"href":"https:\/\/www.sestogrado.it\/it\/wp-json\/wp\/v2\/product\/562","targetHints":{"allow":["GET"]}}],"collection":[{"href":"https:\/\/www.sestogrado.it\/it\/wp-json\/wp\/v2\/product"}],"about":[{"href":"https:\/\/www.sestogrado.it\/it\/wp-json\/wp\/v2\/types\/product"}],"replies":[{"embeddable":true,"href":"https:\/\/www.sestogrado.it\/it\/wp-json\/wp\/v2\/comments?post=562"}],"wp:featuredmedia":[{"embeddable":true,"href":"https:\/\/www.sestogrado.it\/it\/wp-json\/wp\/v2\/media\/28996"}],"wp:attachment":[{"href":"https:\/\/www.sestogrado.it\/it\/wp-json\/wp\/v2\/media?parent=562"}],"wp:term":[{"taxonomy":"product_brand","embeddable":true,"href":"https:\/\/www.sestogrado.it\/it\/wp-json\/wp\/v2\/product_brand?post=562"},{"taxonomy":"product_cat","embeddable":true,"href":"https:\/\/www.sestogrado.it\/it\/wp-json\/wp\/v2\/product_cat?post=562"},{"taxonomy":"product_tag","embeddable":true,"href":"https:\/\/www.sestogrado.it\/it\/wp-json\/wp\/v2\/product_tag?post=562"}],"curies":[{"name":"wp","href":"https:\/\/api.w.org\/{rel}","templated":true}]}}