{"id":55806,"date":"2021-04-09T13:59:14","date_gmt":"2021-04-09T11:59:14","guid":{"rendered":"https:\/\/www.sestogrado.it\/?post_type=product&#038;p=55806"},"modified":"2026-04-23T12:41:27","modified_gmt":"2026-04-23T10:41:27","slug":"camp-velvet-chalk-magnesite-in-polvere-super-fine","status":"publish","type":"product","link":"https:\/\/www.sestogrado.it\/it\/prodotto\/camp-velvet-chalk-magnesite-in-polvere-super-fine\/","title":{"rendered":"Camp Velvet Chalk magnesite in polvere super fine"},"content":{"rendered":"<p>Il Camp Velvet Chalk \u00e8 la magnesite in polvere super fine della linea Chalkemy, in grado di dare il maggiore grip possibile in ogni condizione. Garantisce una copertura uniforme per l\u2019arrampicata di precisione.<\/p>\n<p>La finezza e l\u2019omogeneit\u00e0 del Velvet Chalk\u00a0 assicurano smagnesate rapidissime. Grazie alla presa rapida, \u00e8 ideale per tentativi a vista e passaggi duri.<\/p>\n<ul>\n<li>Magnesite in polvere super fine di altissima qualit\u00e0<\/li>\n<li>sacchetto richiudibile<\/li>\n<li>2 formati disponibili (200g e 450 g)<\/li>\n<\/ul>\n<p>&nbsp;<\/p>\n<p><strong>Chalkemy<\/strong>, la nuova linea di magnesite CAMP: una selezione di carbonato di magnesio (4Mg CO3 Mg(OH)2 5H20) purissimo e di alta qualit\u00e0.<br \/>\nIn molte situazioni la magnesite fa davvero la differenza, come sa bene chi scala al limite e deve scegliere ogni volta cosa mettere sulle mani: \u00e8 una vera alchimia per avere sempre il massimo grip. La linea \u201cChalkemy\u201d &#8211; che sta proprio per \u201cChalk\u201d + \u201cAlchemy\u201d &#8211; \u00e8 la nostra risposta a una delle esigenze pi\u00f9 sentite dai climber, un\u2019offerta diversificata perch\u00e9 ogni attivit\u00e0 abbia finalmente la sua magnesite. Polvere fine, polvere grezza, panetti, palline, magnesite liquida: \u201cChalkemy\u201d \u00e8 una gamma completa per soddisfare ogni necessit\u00e0 e preferenza.<\/p>\n<p>&nbsp;<\/p>\n<p>Passione, lavoro e semplicit\u00e0 sono alcune delle parole chiave che da sempre hanno contraddistinto il modo di essere di C.A.M.P. La passione \u00e8 quella per la montagna e per i prodotti che aiutano a realizzare i sogni ed i progetti di tutti coloro che la frequentano; il lavoro \u00e8 quello tramandato da oltre 115 anni in quattro distinte generazioni succedutesi alla guida dell\u2019azienda e la semplicit\u00e0 \u00e8 quella che contraddistingue un modo di essere e relazionarsi basato sulla seriet\u00e0 e lealt\u00e0.<\/p>","protected":false},"excerpt":{"rendered":"<p>Il Camp Velvet Chalk \u00e8 la magnesite in polvere super fine della linea Chalkemy, in grado di dare il maggiore [&hellip;]<\/p>\n","protected":false},"featured_media":105021,"comment_status":"open","ping_status":"closed","template":"","meta":{"_acf_changed":false},"product_brand":[31],"product_cat":[140],"product_tag":[],"class_list":{"0":"post-55806","1":"product","2":"type-product","3":"status-publish","4":"has-post-thumbnail","6":"product_brand-camp","7":"product_cat-magnesite","9":"first","10":"instock","11":"sale","12":"taxable","13":"shipping-taxable","14":"purchasable","15":"product-type-variable"},"acf":[],"yoast_head":"<!-- This site is optimized with the Yoast SEO plugin v26.4 - https:\/\/yoast.com\/wordpress\/plugins\/seo\/ -->\n<title>Camp Velvet Chalk magnesite in polvere super fine - Sestogrado<\/title>\n<meta name=\"description\" content=\"Il Camp Velvet Chalk \u00e8 la magnesite in polvere super fine della linea Chalkemy, in grado di dare il maggiore grip possibile in ogni condizione. Garantisce una copertura uniforme per l\u2019arrampicata di precisione.La finezza e l\u2019omogeneit\u00e0 del Velvet Chalk\u00a0 assicurano smagnesate rapidissime. Grazie alla presa rapida, \u00e8 ideale per tentativi a vista e passaggi duri.Magnesite in polvere super fine di altissima qualit\u00e0sacchetto richiudibile2 formati disponibili (200g e 450 g)Chalkemy, la nuova linea di magnesite CAMP: una selezione di carbonato di magnesio (4Mg CO3 Mg(OH)2 5H20) purissimo e di alta qualit\u00e0.In molte situazioni la magnesite fa davvero la differenza, come sa bene chi scala al limite e deve scegliere ogni volta cosa mettere sulle mani: \u00e8 una vera alchimia per avere sempre il massimo grip. La linea \u201cChalkemy\u201d - che sta proprio per \u201cChalk\u201d + \u201cAlchemy\u201d - \u00e8 la nostra risposta a una delle esigenze pi\u00f9 sentite dai climber, un\u2019offerta diversificata perch\u00e9 ogni attivit\u00e0 abbia finalmente la sua magnesite. Polvere fine, polvere grezza, panetti, palline, magnesite liquida: \u201cChalkemy\u201d \u00e8 una gamma completa per soddisfare ogni necessit\u00e0 e preferenza.\" \/>\n<meta name=\"robots\" content=\"index, follow, max-snippet:-1, max-image-preview:large, max-video-preview:-1\" \/>\n<link rel=\"canonical\" href=\"https:\/\/www.sestogrado.it\/it\/prodotto\/camp-velvet-chalk-magnesite-in-polvere-super-fine\/\" \/>\n<meta property=\"og:locale\" content=\"it_IT\" \/>\n<meta property=\"og:type\" content=\"article\" \/>\n<meta property=\"og:title\" content=\"Camp Velvet Chalk magnesite in polvere super fine - Sestogrado\" \/>\n<meta property=\"og:description\" content=\"Il Camp Velvet Chalk \u00e8 la magnesite in polvere super fine della linea Chalkemy, in grado di dare il maggiore grip possibile in ogni condizione. Garantisce una copertura uniforme per l\u2019arrampicata di precisione.La finezza e l\u2019omogeneit\u00e0 del Velvet Chalk\u00a0 assicurano smagnesate rapidissime. Grazie alla presa rapida, \u00e8 ideale per tentativi a vista e passaggi duri.Magnesite in polvere super fine di altissima qualit\u00e0sacchetto richiudibile2 formati disponibili (200g e 450 g)Chalkemy, la nuova linea di magnesite CAMP: una selezione di carbonato di magnesio (4Mg CO3 Mg(OH)2 5H20) purissimo e di alta qualit\u00e0.In molte situazioni la magnesite fa davvero la differenza, come sa bene chi scala al limite e deve scegliere ogni volta cosa mettere sulle mani: \u00e8 una vera alchimia per avere sempre il massimo grip. La linea \u201cChalkemy\u201d - che sta proprio per \u201cChalk\u201d + \u201cAlchemy\u201d - \u00e8 la nostra risposta a una delle esigenze pi\u00f9 sentite dai climber, un\u2019offerta diversificata perch\u00e9 ogni attivit\u00e0 abbia finalmente la sua magnesite. Polvere fine, polvere grezza, panetti, palline, magnesite liquida: \u201cChalkemy\u201d \u00e8 una gamma completa per soddisfare ogni necessit\u00e0 e preferenza.\" \/>\n<meta property=\"og:url\" content=\"https:\/\/www.sestogrado.it\/it\/prodotto\/camp-velvet-chalk-magnesite-in-polvere-super-fine\/\" \/>\n<meta property=\"og:site_name\" content=\"Sestogrado\" \/>\n<meta property=\"article:publisher\" content=\"https:\/\/www.facebook.com\/pages\/Sestogrado\/1542635979353017?ref=bookmarks\" \/>\n<meta property=\"article:modified_time\" content=\"2026-04-23T10:41:27+00:00\" \/>\n<meta property=\"og:image\" content=\"https:\/\/www.sestogrado.it\/wp-content\/uploads\/2021\/04\/311001.jpg\" \/>\n\t<meta property=\"og:image:width\" content=\"2300\" \/>\n\t<meta property=\"og:image:height\" content=\"2300\" \/>\n\t<meta property=\"og:image:type\" content=\"image\/jpeg\" \/>\n<meta name=\"twitter:label1\" content=\"Disponibilit\u00e0\" \/>\n\t<meta name=\"twitter:data1\" content=\"In stock\" \/>\n<script type=\"application\/ld+json\" class=\"yoast-schema-graph\">{\"@context\":\"https:\/\/schema.org\",\"@graph\":[{\"@type\":\"WebPage\",\"@id\":\"https:\/\/www.sestogrado.it\/it\/prodotto\/camp-velvet-chalk-magnesite-in-polvere-super-fine\/\",\"url\":\"https:\/\/www.sestogrado.it\/it\/prodotto\/camp-velvet-chalk-magnesite-in-polvere-super-fine\/\",\"name\":\"Camp Velvet Chalk magnesite in polvere super fine - Sestogrado\",\"isPartOf\":{\"@id\":\"https:\/\/www.sestogrado.it\/it\/#website\"},\"primaryImageOfPage\":{\"@id\":\"https:\/\/www.sestogrado.it\/it\/prodotto\/camp-velvet-chalk-magnesite-in-polvere-super-fine\/#primaryimage\"},\"image\":{\"@id\":\"https:\/\/www.sestogrado.it\/prodotto\/camp-velvet-chalk-magnesite-in-polvere-super-fine\/#primaryimage\"},\"thumbnailUrl\":\"https:\/\/www.sestogrado.it\/wp-content\/uploads\/2021\/04\/311001.jpg\",\"datePublished\":\"2021-04-09T11:59:14+00:00\",\"dateModified\":\"2026-04-23T10:41:27+00:00\",\"description\":\"Il Camp Velvet Chalk \u00e8 la magnesite in polvere super fine della linea Chalkemy, in grado di dare il maggiore grip possibile in ogni condizione. Garantisce una copertura uniforme per l\u2019arrampicata di precisione.La finezza e l\u2019omogeneit\u00e0 del Velvet Chalk\u00a0 assicurano smagnesate rapidissime. Grazie alla presa rapida, \u00e8 ideale per tentativi a vista e passaggi duri.Magnesite in polvere super fine di altissima qualit\u00e0sacchetto richiudibile2 formati disponibili (200g e 450 g)Chalkemy, la nuova linea di magnesite CAMP: una selezione di carbonato di magnesio (4Mg CO3 Mg(OH)2 5H20) purissimo e di alta qualit\u00e0.In molte situazioni la magnesite fa davvero la differenza, come sa bene chi scala al limite e deve scegliere ogni volta cosa mettere sulle mani: \u00e8 una vera alchimia per avere sempre il massimo grip. La linea \u201cChalkemy\u201d - che sta proprio per \u201cChalk\u201d + \u201cAlchemy\u201d - \u00e8 la nostra risposta a una delle esigenze pi\u00f9 sentite dai climber, un\u2019offerta diversificata perch\u00e9 ogni attivit\u00e0 abbia finalmente la sua magnesite. Polvere fine, polvere grezza, panetti, palline, magnesite liquida: \u201cChalkemy\u201d \u00e8 una gamma completa per soddisfare ogni necessit\u00e0 e preferenza.\",\"breadcrumb\":{\"@id\":\"https:\/\/www.sestogrado.it\/it\/prodotto\/camp-velvet-chalk-magnesite-in-polvere-super-fine\/#breadcrumb\"},\"inLanguage\":\"it-IT\",\"potentialAction\":[{\"@type\":\"ReadAction\",\"target\":[[\"https:\/\/www.sestogrado.it\/it\/prodotto\/camp-velvet-chalk-magnesite-in-polvere-super-fine\/\"]]}]},{\"@type\":\"ImageObject\",\"inLanguage\":\"it-IT\",\"@id\":\"https:\/\/www.sestogrado.it\/it\/prodotto\/camp-velvet-chalk-magnesite-in-polvere-super-fine\/#primaryimage\",\"url\":\"https:\/\/www.sestogrado.it\/wp-content\/uploads\/2021\/04\/311001.jpg\",\"contentUrl\":\"https:\/\/www.sestogrado.it\/wp-content\/uploads\/2021\/04\/311001.jpg\",\"width\":2300,\"height\":2300,\"caption\":\"CAMP velvet 200\"},{\"@type\":\"BreadcrumbList\",\"@id\":\"https:\/\/www.sestogrado.it\/it\/prodotto\/camp-velvet-chalk-magnesite-in-polvere-super-fine\/#breadcrumb\",\"itemListElement\":[{\"@type\":\"ListItem\",\"position\":1,\"name\":\"Home\",\"item\":\"https:\/\/www.sestogrado.it\/it\/\"},{\"@type\":\"ListItem\",\"position\":2,\"name\":\"Shop\",\"item\":\"https:\/\/www.sestogrado.it\/it\/shop\/\"},{\"@type\":\"ListItem\",\"position\":3,\"name\":\"Camp Velvet Chalk magnesite in polvere super fine\"}]},{\"@type\":\"WebSite\",\"@id\":\"https:\/\/www.sestogrado.it\/it\/#website\",\"url\":\"https:\/\/www.sestogrado.it\/it\/\",\"name\":\"Sestogrado\",\"description\":\"yes we climb\",\"publisher\":{\"@id\":\"https:\/\/www.sestogrado.it\/it\/#organization\"},\"potentialAction\":[{\"@type\":\"SearchAction\",\"target\":{\"@type\":\"EntryPoint\",\"urlTemplate\":\"https:\/\/www.sestogrado.it\/it\/?s={search_term_string}\"},\"query-input\":{\"@type\":\"PropertyValueSpecification\",\"valueRequired\":true,\"valueName\":\"search_term_string\"}}],\"inLanguage\":\"it-IT\"},{\"@type\":\"Organization\",\"@id\":\"https:\/\/www.sestogrado.it\/it\/#organization\",\"name\":\"Sestogrado\",\"url\":\"https:\/\/www.sestogrado.it\/it\/\",\"logo\":{\"@type\":\"ImageObject\",\"inLanguage\":\"it-IT\",\"@id\":\"https:\/\/www.sestogrado.it\/it\/#\/schema\/logo\/image\/\",\"url\":\"https:\/\/www.sestogrado.it\/wp-content\/uploads\/2015\/03\/sestogrado-favicon.png\",\"contentUrl\":\"https:\/\/www.sestogrado.it\/wp-content\/uploads\/2015\/03\/sestogrado-favicon.png\",\"width\":260,\"height\":260,\"caption\":\"Sestogrado\"},\"image\":{\"@id\":\"https:\/\/www.sestogrado.it\/it\/#\/schema\/logo\/image\/\"},\"sameAs\":[\"https:\/\/www.facebook.com\/pages\/Sestogrado\/1542635979353017?ref=bookmarks\",\"https:\/\/www.youtube.com\/channel\/UC847kAfTkaJsWpc1jtQwr3Q\"],\"hasMerchantReturnPolicy\":{\"@type\":\"MerchantReturnPolicy\",\"merchantReturnLink\":\"https:\/\/www.sestogrado.it\/it\/termini-e-condizioni\/\"}}]}<\/script>\n<meta property=\"product:brand\" content=\"Camp\" \/>\n<meta property=\"og:availability\" content=\"instock\" \/>\n<meta property=\"product:availability\" content=\"instock\" \/>\n<meta property=\"product:condition\" content=\"new\" \/>\n<!-- \/ Yoast SEO plugin. -->","yoast_head_json":{"title":"Camp Velvet Chalk magnesite in polvere super fine - Sestogrado","description":"Il Camp Velvet Chalk \u00e8 la magnesite in polvere super fine della linea Chalkemy, in grado di dare il maggiore grip possibile in ogni condizione. Garantisce una copertura uniforme per l\u2019arrampicata di precisione.La finezza e l\u2019omogeneit\u00e0 del Velvet Chalk\u00a0 assicurano smagnesate rapidissime. Grazie alla presa rapida, \u00e8 ideale per tentativi a vista e passaggi duri.Magnesite in polvere super fine di altissima qualit\u00e0sacchetto richiudibile2 formati disponibili (200g e 450 g)Chalkemy, la nuova linea di magnesite CAMP: una selezione di carbonato di magnesio (4Mg CO3 Mg(OH)2 5H20) purissimo e di alta qualit\u00e0.In molte situazioni la magnesite fa davvero la differenza, come sa bene chi scala al limite e deve scegliere ogni volta cosa mettere sulle mani: \u00e8 una vera alchimia per avere sempre il massimo grip. La linea \u201cChalkemy\u201d - che sta proprio per \u201cChalk\u201d + \u201cAlchemy\u201d - \u00e8 la nostra risposta a una delle esigenze pi\u00f9 sentite dai climber, un\u2019offerta diversificata perch\u00e9 ogni attivit\u00e0 abbia finalmente la sua magnesite. Polvere fine, polvere grezza, panetti, palline, magnesite liquida: \u201cChalkemy\u201d \u00e8 una gamma completa per soddisfare ogni necessit\u00e0 e preferenza.","robots":{"index":"index","follow":"follow","max-snippet":"max-snippet:-1","max-image-preview":"max-image-preview:large","max-video-preview":"max-video-preview:-1"},"canonical":"https:\/\/www.sestogrado.it\/it\/prodotto\/camp-velvet-chalk-magnesite-in-polvere-super-fine\/","og_locale":"it_IT","og_type":"article","og_title":"Camp Velvet Chalk magnesite in polvere super fine - Sestogrado","og_description":"Il Camp Velvet Chalk \u00e8 la magnesite in polvere super fine della linea Chalkemy, in grado di dare il maggiore grip possibile in ogni condizione. Garantisce una copertura uniforme per l\u2019arrampicata di precisione.La finezza e l\u2019omogeneit\u00e0 del Velvet Chalk\u00a0 assicurano smagnesate rapidissime. Grazie alla presa rapida, \u00e8 ideale per tentativi a vista e passaggi duri.Magnesite in polvere super fine di altissima qualit\u00e0sacchetto richiudibile2 formati disponibili (200g e 450 g)Chalkemy, la nuova linea di magnesite CAMP: una selezione di carbonato di magnesio (4Mg CO3 Mg(OH)2 5H20) purissimo e di alta qualit\u00e0.In molte situazioni la magnesite fa davvero la differenza, come sa bene chi scala al limite e deve scegliere ogni volta cosa mettere sulle mani: \u00e8 una vera alchimia per avere sempre il massimo grip. La linea \u201cChalkemy\u201d - che sta proprio per \u201cChalk\u201d + \u201cAlchemy\u201d - \u00e8 la nostra risposta a una delle esigenze pi\u00f9 sentite dai climber, un\u2019offerta diversificata perch\u00e9 ogni attivit\u00e0 abbia finalmente la sua magnesite. Polvere fine, polvere grezza, panetti, palline, magnesite liquida: \u201cChalkemy\u201d \u00e8 una gamma completa per soddisfare ogni necessit\u00e0 e preferenza.","og_url":"https:\/\/www.sestogrado.it\/it\/prodotto\/camp-velvet-chalk-magnesite-in-polvere-super-fine\/","og_site_name":"Sestogrado","article_publisher":"https:\/\/www.facebook.com\/pages\/Sestogrado\/1542635979353017?ref=bookmarks","article_modified_time":"2026-04-23T10:41:27+00:00","og_image":[{"width":2300,"height":2300,"url":"https:\/\/www.sestogrado.it\/wp-content\/uploads\/2021\/04\/311001.jpg","type":"image\/jpeg"}],"twitter_misc":{"Disponibilit\u00e0":"In stock"},"schema":{"@context":"https:\/\/schema.org","@graph":[{"@type":"WebPage","@id":"https:\/\/www.sestogrado.it\/it\/prodotto\/camp-velvet-chalk-magnesite-in-polvere-super-fine\/","url":"https:\/\/www.sestogrado.it\/it\/prodotto\/camp-velvet-chalk-magnesite-in-polvere-super-fine\/","name":"Camp Velvet Chalk magnesite in polvere super fine - Sestogrado","isPartOf":{"@id":"https:\/\/www.sestogrado.it\/it\/#website"},"primaryImageOfPage":{"@id":"https:\/\/www.sestogrado.it\/it\/prodotto\/camp-velvet-chalk-magnesite-in-polvere-super-fine\/#primaryimage"},"image":{"@id":"https:\/\/www.sestogrado.it\/prodotto\/camp-velvet-chalk-magnesite-in-polvere-super-fine\/#primaryimage"},"thumbnailUrl":"https:\/\/www.sestogrado.it\/wp-content\/uploads\/2021\/04\/311001.jpg","datePublished":"2021-04-09T11:59:14+00:00","dateModified":"2026-04-23T10:41:27+00:00","description":"Il Camp Velvet Chalk \u00e8 la magnesite in polvere super fine della linea Chalkemy, in grado di dare il maggiore grip possibile in ogni condizione. Garantisce una copertura uniforme per l\u2019arrampicata di precisione.La finezza e l\u2019omogeneit\u00e0 del Velvet Chalk\u00a0 assicurano smagnesate rapidissime. Grazie alla presa rapida, \u00e8 ideale per tentativi a vista e passaggi duri.Magnesite in polvere super fine di altissima qualit\u00e0sacchetto richiudibile2 formati disponibili (200g e 450 g)Chalkemy, la nuova linea di magnesite CAMP: una selezione di carbonato di magnesio (4Mg CO3 Mg(OH)2 5H20) purissimo e di alta qualit\u00e0.In molte situazioni la magnesite fa davvero la differenza, come sa bene chi scala al limite e deve scegliere ogni volta cosa mettere sulle mani: \u00e8 una vera alchimia per avere sempre il massimo grip. La linea \u201cChalkemy\u201d - che sta proprio per \u201cChalk\u201d + \u201cAlchemy\u201d - \u00e8 la nostra risposta a una delle esigenze pi\u00f9 sentite dai climber, un\u2019offerta diversificata perch\u00e9 ogni attivit\u00e0 abbia finalmente la sua magnesite. Polvere fine, polvere grezza, panetti, palline, magnesite liquida: \u201cChalkemy\u201d \u00e8 una gamma completa per soddisfare ogni necessit\u00e0 e preferenza.","breadcrumb":{"@id":"https:\/\/www.sestogrado.it\/it\/prodotto\/camp-velvet-chalk-magnesite-in-polvere-super-fine\/#breadcrumb"},"inLanguage":"it-IT","potentialAction":[{"@type":"ReadAction","target":[["https:\/\/www.sestogrado.it\/it\/prodotto\/camp-velvet-chalk-magnesite-in-polvere-super-fine\/"]]}]},{"@type":"ImageObject","inLanguage":"it-IT","@id":"https:\/\/www.sestogrado.it\/it\/prodotto\/camp-velvet-chalk-magnesite-in-polvere-super-fine\/#primaryimage","url":"https:\/\/www.sestogrado.it\/wp-content\/uploads\/2021\/04\/311001.jpg","contentUrl":"https:\/\/www.sestogrado.it\/wp-content\/uploads\/2021\/04\/311001.jpg","width":2300,"height":2300,"caption":"CAMP velvet 200"},{"@type":"BreadcrumbList","@id":"https:\/\/www.sestogrado.it\/it\/prodotto\/camp-velvet-chalk-magnesite-in-polvere-super-fine\/#breadcrumb","itemListElement":[{"@type":"ListItem","position":1,"name":"Home","item":"https:\/\/www.sestogrado.it\/it\/"},{"@type":"ListItem","position":2,"name":"Shop","item":"https:\/\/www.sestogrado.it\/it\/shop\/"},{"@type":"ListItem","position":3,"name":"Camp Velvet Chalk magnesite in polvere super fine"}]},{"@type":"WebSite","@id":"https:\/\/www.sestogrado.it\/it\/#website","url":"https:\/\/www.sestogrado.it\/it\/","name":"Sestogrado","description":"yes we climb","publisher":{"@id":"https:\/\/www.sestogrado.it\/it\/#organization"},"potentialAction":[{"@type":"SearchAction","target":{"@type":"EntryPoint","urlTemplate":"https:\/\/www.sestogrado.it\/it\/?s={search_term_string}"},"query-input":{"@type":"PropertyValueSpecification","valueRequired":true,"valueName":"search_term_string"}}],"inLanguage":"it-IT"},{"@type":"Organization","@id":"https:\/\/www.sestogrado.it\/it\/#organization","name":"Sestogrado","url":"https:\/\/www.sestogrado.it\/it\/","logo":{"@type":"ImageObject","inLanguage":"it-IT","@id":"https:\/\/www.sestogrado.it\/it\/#\/schema\/logo\/image\/","url":"https:\/\/www.sestogrado.it\/wp-content\/uploads\/2015\/03\/sestogrado-favicon.png","contentUrl":"https:\/\/www.sestogrado.it\/wp-content\/uploads\/2015\/03\/sestogrado-favicon.png","width":260,"height":260,"caption":"Sestogrado"},"image":{"@id":"https:\/\/www.sestogrado.it\/it\/#\/schema\/logo\/image\/"},"sameAs":["https:\/\/www.facebook.com\/pages\/Sestogrado\/1542635979353017?ref=bookmarks","https:\/\/www.youtube.com\/channel\/UC847kAfTkaJsWpc1jtQwr3Q"],"hasMerchantReturnPolicy":{"@type":"MerchantReturnPolicy","merchantReturnLink":"https:\/\/www.sestogrado.it\/it\/termini-e-condizioni\/"}}]},"product_brand":"Camp","og_availability":"instock","product_availability":"instock","product_condition":"new"},"_links":{"self":[{"href":"https:\/\/www.sestogrado.it\/it\/wp-json\/wp\/v2\/product\/55806","targetHints":{"allow":["GET"]}}],"collection":[{"href":"https:\/\/www.sestogrado.it\/it\/wp-json\/wp\/v2\/product"}],"about":[{"href":"https:\/\/www.sestogrado.it\/it\/wp-json\/wp\/v2\/types\/product"}],"replies":[{"embeddable":true,"href":"https:\/\/www.sestogrado.it\/it\/wp-json\/wp\/v2\/comments?post=55806"}],"wp:featuredmedia":[{"embeddable":true,"href":"https:\/\/www.sestogrado.it\/it\/wp-json\/wp\/v2\/media\/105021"}],"wp:attachment":[{"href":"https:\/\/www.sestogrado.it\/it\/wp-json\/wp\/v2\/media?parent=55806"}],"wp:term":[{"taxonomy":"product_brand","embeddable":true,"href":"https:\/\/www.sestogrado.it\/it\/wp-json\/wp\/v2\/product_brand?post=55806"},{"taxonomy":"product_cat","embeddable":true,"href":"https:\/\/www.sestogrado.it\/it\/wp-json\/wp\/v2\/product_cat?post=55806"},{"taxonomy":"product_tag","embeddable":true,"href":"https:\/\/www.sestogrado.it\/it\/wp-json\/wp\/v2\/product_tag?post=55806"}],"curies":[{"name":"wp","href":"https:\/\/api.w.org\/{rel}","templated":true}]}}