{"id":55733,"date":"2023-03-10T08:00:53","date_gmt":"2023-03-10T07:00:53","guid":{"rendered":"https:\/\/www.sestogrado.it\/?post_type=product&#038;p=55733"},"modified":"2026-03-11T12:28:45","modified_gmt":"2026-03-11T11:28:45","slug":"black-diamond-vapor-casco-arrampicata-alpinismo","status":"publish","type":"product","link":"https:\/\/www.sestogrado.it\/it\/prodotto\/black-diamond-vapor-casco-arrampicata-alpinismo\/","title":{"rendered":"Black Diamond Vapor casco arrampicata alpinismo"},"content":{"rendered":"<p>Il Black Diamond Vapor \u00e8 il casco super leggero e prestazionale di Black Diamond. Nella versione aggiornata 2023, il Vapor ha una costruzione doppio strato sulla parte alta del casco, con una base in composto super-leggero ALUULA ed un top in rigido policarbonato per massima protezione per caduta oggetti dall\u2019alto.<\/p>\n<p>Ai lati il Vapor \u00e8 composto di EPP schiumato, in grado di fornire ampia ventilazione.<\/p>\n<p>Il sistema di regolazione fit cord \u00e8 ultraleggero e rapido, per massima regolabilit\u00e0 e vestibilit\u00e0. Le clip per le frontali sono aerodinamiche e sostituibili.<\/p>\n<ul>\n<li>Design ultraleggero<\/li>\n<li>Costruzione multi materiale per minimizzare il peso e massimizzare durabilit\u00e0<\/li>\n<li>Sistema di regolazione fit cord a basso profilo, consente di stoccare lo il casco nello zaino<\/li>\n<li>Design geometrico open air fornisce elevata traspirabilit\u00e0<\/li>\n<li>Disponibile in due taglie: S\/M (53-59cm), M\/L (58-63cm)<\/li>\n<\/ul>\n<p>&nbsp;<\/p>\n<p>Il Black Diamond Vapor \u00e8 un casco tecnico, ideale per quelle giornate intense, in cui ogni grammo conta.<\/p>\n<p><iframe src=\"\/\/www.youtube.com\/embed\/fsQPuaLoEw0?t=41s\" width=\"560\" height=\"314\" allowfullscreen=\"allowfullscreen\"><\/iframe><\/p>\n<p>&nbsp;<\/p>\n<p>Black Diamond dal 1957 rappresenta un punto di riferimento mondiale per l\u2019attrezzatura da arrampicata. Ci\u00f2 che all\u2019inizio era una attivit\u00e0 artigianale con incudine e martello oggi si \u00e8 trasformata in una societ\u00e0 globale con uffici in tre continenti. Il segreto di Black Diamond \u00e8 sempre lo stesso: essere una societ\u00e0 formata da appassionati climber. In Black Diamond si continua a sognare su ci\u00f2 che potrebbe essere e si continua ad essere critici su ci\u00f2 che esiste. E\u2019 cos\u00ec che il processo creativo per la realizzazione della migliore attrezzatura da arrampicata non avr\u00e0 mai fine.<\/p>","protected":false},"excerpt":{"rendered":"<p>Il Black Diamond Vapor \u00e8 il casco super leggero e prestazionale di Black Diamond. Nella versione aggiornata 2023, il Vapor [&hellip;]<\/p>\n","protected":false},"featured_media":126668,"comment_status":"open","ping_status":"closed","template":"","meta":{"_acf_changed":false},"product_brand":[121],"product_cat":[143],"product_tag":[],"class_list":{"0":"post-55733","1":"product","2":"type-product","3":"status-publish","4":"has-post-thumbnail","6":"product_brand-black-diamond","7":"product_cat-caschi","9":"first","10":"instock","11":"sale","12":"taxable","13":"shipping-taxable","14":"purchasable","15":"product-type-variable"},"acf":[],"yoast_head":"<!-- This site is optimized with the Yoast SEO plugin v26.4 - https:\/\/yoast.com\/wordpress\/plugins\/seo\/ -->\n<title>Black Diamond Vapor casco arrampicata alpinismo - Sestogrado<\/title>\n<meta name=\"description\" content=\"Il Black Diamond Vapor \u00e8 il casco super leggero e prestazionale di Black Diamond. Nella versione aggiornata 2023, il Vapor ha una costruzione doppio strato sulla parte alta del casco, con una base in composto super-leggero ALUULA ed un top in rigido policarbonato per massima protezione per caduta oggetti dall\u2019alto.Ai lati il Vapor \u00e8 composto di EPP schiumato, in grado di fornire ampia ventilazione.Il sistema di regolazione fit cord \u00e8 ultraleggero e rapido, per massima regolabilit\u00e0 e vestibilit\u00e0. Le clip per le frontali sono aerodinamiche e sostituibili.\" \/>\n<meta name=\"robots\" content=\"index, follow, max-snippet:-1, max-image-preview:large, max-video-preview:-1\" \/>\n<link rel=\"canonical\" href=\"https:\/\/www.sestogrado.it\/it\/prodotto\/black-diamond-vapor-casco-arrampicata-alpinismo\/\" \/>\n<meta property=\"og:locale\" content=\"it_IT\" \/>\n<meta property=\"og:type\" content=\"article\" \/>\n<meta property=\"og:title\" content=\"Black Diamond Vapor casco arrampicata alpinismo - Sestogrado\" \/>\n<meta property=\"og:description\" content=\"Il Black Diamond Vapor \u00e8 il casco super leggero e prestazionale di Black Diamond. Nella versione aggiornata 2023, il Vapor ha una costruzione doppio strato sulla parte alta del casco, con una base in composto super-leggero ALUULA ed un top in rigido policarbonato per massima protezione per caduta oggetti dall\u2019alto.Ai lati il Vapor \u00e8 composto di EPP schiumato, in grado di fornire ampia ventilazione.Il sistema di regolazione fit cord \u00e8 ultraleggero e rapido, per massima regolabilit\u00e0 e vestibilit\u00e0. Le clip per le frontali sono aerodinamiche e sostituibili.\" \/>\n<meta property=\"og:url\" content=\"https:\/\/www.sestogrado.it\/it\/prodotto\/black-diamond-vapor-casco-arrampicata-alpinismo\/\" \/>\n<meta property=\"og:site_name\" content=\"Sestogrado\" \/>\n<meta property=\"article:publisher\" content=\"https:\/\/www.facebook.com\/pages\/Sestogrado\/1542635979353017?ref=bookmarks\" \/>\n<meta property=\"article:modified_time\" content=\"2026-03-11T11:28:45+00:00\" \/>\n<meta property=\"og:image\" content=\"https:\/\/www.sestogrado.it\/wp-content\/uploads\/2022\/03\/01-5.jpg\" \/>\n\t<meta property=\"og:image:width\" content=\"1280\" \/>\n\t<meta property=\"og:image:height\" content=\"1280\" \/>\n\t<meta property=\"og:image:type\" content=\"image\/jpeg\" \/>\n<meta name=\"twitter:label1\" content=\"Disponibilit\u00e0\" \/>\n\t<meta name=\"twitter:data1\" content=\"In stock\" \/>\n<script type=\"application\/ld+json\" class=\"yoast-schema-graph\">{\"@context\":\"https:\/\/schema.org\",\"@graph\":[{\"@type\":\"WebPage\",\"@id\":\"https:\/\/www.sestogrado.it\/it\/prodotto\/black-diamond-vapor-casco-arrampicata-alpinismo\/\",\"url\":\"https:\/\/www.sestogrado.it\/it\/prodotto\/black-diamond-vapor-casco-arrampicata-alpinismo\/\",\"name\":\"Black Diamond Vapor casco arrampicata alpinismo - Sestogrado\",\"isPartOf\":{\"@id\":\"https:\/\/www.sestogrado.it\/it\/#website\"},\"primaryImageOfPage\":{\"@id\":\"https:\/\/www.sestogrado.it\/it\/prodotto\/black-diamond-vapor-casco-arrampicata-alpinismo\/#primaryimage\"},\"image\":{\"@id\":\"https:\/\/www.sestogrado.it\/prodotto\/black-diamond-vapor-casco-arrampicata-alpinismo\/#primaryimage\"},\"thumbnailUrl\":\"https:\/\/www.sestogrado.it\/wp-content\/uploads\/2022\/03\/01-5.jpg\",\"datePublished\":\"2023-03-10T07:00:53+00:00\",\"dateModified\":\"2026-03-11T11:28:45+00:00\",\"description\":\"Il Black Diamond Vapor \u00e8 il casco super leggero e prestazionale di Black Diamond. Nella versione aggiornata 2023, il Vapor ha una costruzione doppio strato sulla parte alta del casco, con una base in composto super-leggero ALUULA ed un top in rigido policarbonato per massima protezione per caduta oggetti dall\u2019alto.Ai lati il Vapor \u00e8 composto di EPP schiumato, in grado di fornire ampia ventilazione.Il sistema di regolazione fit cord \u00e8 ultraleggero e rapido, per massima regolabilit\u00e0 e vestibilit\u00e0. Le clip per le frontali sono aerodinamiche e sostituibili.\",\"breadcrumb\":{\"@id\":\"https:\/\/www.sestogrado.it\/it\/prodotto\/black-diamond-vapor-casco-arrampicata-alpinismo\/#breadcrumb\"},\"inLanguage\":\"it-IT\",\"potentialAction\":[{\"@type\":\"ReadAction\",\"target\":[[\"https:\/\/www.sestogrado.it\/it\/prodotto\/black-diamond-vapor-casco-arrampicata-alpinismo\/\"]]}]},{\"@type\":\"ImageObject\",\"inLanguage\":\"it-IT\",\"@id\":\"https:\/\/www.sestogrado.it\/it\/prodotto\/black-diamond-vapor-casco-arrampicata-alpinismo\/#primaryimage\",\"url\":\"https:\/\/www.sestogrado.it\/wp-content\/uploads\/2022\/03\/01-5.jpg\",\"contentUrl\":\"https:\/\/www.sestogrado.it\/wp-content\/uploads\/2022\/03\/01-5.jpg\",\"width\":1280,\"height\":1280,\"caption\":\"vapor nero\"},{\"@type\":\"BreadcrumbList\",\"@id\":\"https:\/\/www.sestogrado.it\/it\/prodotto\/black-diamond-vapor-casco-arrampicata-alpinismo\/#breadcrumb\",\"itemListElement\":[{\"@type\":\"ListItem\",\"position\":1,\"name\":\"Home\",\"item\":\"https:\/\/www.sestogrado.it\/it\/\"},{\"@type\":\"ListItem\",\"position\":2,\"name\":\"Shop\",\"item\":\"https:\/\/www.sestogrado.it\/it\/shop\/\"},{\"@type\":\"ListItem\",\"position\":3,\"name\":\"Black Diamond Vapor casco arrampicata alpinismo\"}]},{\"@type\":\"WebSite\",\"@id\":\"https:\/\/www.sestogrado.it\/it\/#website\",\"url\":\"https:\/\/www.sestogrado.it\/it\/\",\"name\":\"Sestogrado\",\"description\":\"yes we climb\",\"publisher\":{\"@id\":\"https:\/\/www.sestogrado.it\/it\/#organization\"},\"potentialAction\":[{\"@type\":\"SearchAction\",\"target\":{\"@type\":\"EntryPoint\",\"urlTemplate\":\"https:\/\/www.sestogrado.it\/it\/?s={search_term_string}\"},\"query-input\":{\"@type\":\"PropertyValueSpecification\",\"valueRequired\":true,\"valueName\":\"search_term_string\"}}],\"inLanguage\":\"it-IT\"},{\"@type\":\"Organization\",\"@id\":\"https:\/\/www.sestogrado.it\/it\/#organization\",\"name\":\"Sestogrado\",\"url\":\"https:\/\/www.sestogrado.it\/it\/\",\"logo\":{\"@type\":\"ImageObject\",\"inLanguage\":\"it-IT\",\"@id\":\"https:\/\/www.sestogrado.it\/it\/#\/schema\/logo\/image\/\",\"url\":\"https:\/\/www.sestogrado.it\/wp-content\/uploads\/2015\/03\/sestogrado-favicon.png\",\"contentUrl\":\"https:\/\/www.sestogrado.it\/wp-content\/uploads\/2015\/03\/sestogrado-favicon.png\",\"width\":260,\"height\":260,\"caption\":\"Sestogrado\"},\"image\":{\"@id\":\"https:\/\/www.sestogrado.it\/it\/#\/schema\/logo\/image\/\"},\"sameAs\":[\"https:\/\/www.facebook.com\/pages\/Sestogrado\/1542635979353017?ref=bookmarks\",\"https:\/\/www.youtube.com\/channel\/UC847kAfTkaJsWpc1jtQwr3Q\"],\"hasMerchantReturnPolicy\":{\"@type\":\"MerchantReturnPolicy\",\"merchantReturnLink\":\"https:\/\/www.sestogrado.it\/it\/termini-e-condizioni\/\"}}]}<\/script>\n<meta property=\"product:brand\" content=\"Black Diamond\" \/>\n<meta property=\"og:availability\" content=\"instock\" \/>\n<meta property=\"product:availability\" content=\"instock\" \/>\n<meta property=\"product:condition\" content=\"new\" \/>\n<!-- \/ Yoast SEO plugin. -->","yoast_head_json":{"title":"Black Diamond Vapor casco arrampicata alpinismo - Sestogrado","description":"Il Black Diamond Vapor \u00e8 il casco super leggero e prestazionale di Black Diamond. Nella versione aggiornata 2023, il Vapor ha una costruzione doppio strato sulla parte alta del casco, con una base in composto super-leggero ALUULA ed un top in rigido policarbonato per massima protezione per caduta oggetti dall\u2019alto.Ai lati il Vapor \u00e8 composto di EPP schiumato, in grado di fornire ampia ventilazione.Il sistema di regolazione fit cord \u00e8 ultraleggero e rapido, per massima regolabilit\u00e0 e vestibilit\u00e0. Le clip per le frontali sono aerodinamiche e sostituibili.","robots":{"index":"index","follow":"follow","max-snippet":"max-snippet:-1","max-image-preview":"max-image-preview:large","max-video-preview":"max-video-preview:-1"},"canonical":"https:\/\/www.sestogrado.it\/it\/prodotto\/black-diamond-vapor-casco-arrampicata-alpinismo\/","og_locale":"it_IT","og_type":"article","og_title":"Black Diamond Vapor casco arrampicata alpinismo - Sestogrado","og_description":"Il Black Diamond Vapor \u00e8 il casco super leggero e prestazionale di Black Diamond. Nella versione aggiornata 2023, il Vapor ha una costruzione doppio strato sulla parte alta del casco, con una base in composto super-leggero ALUULA ed un top in rigido policarbonato per massima protezione per caduta oggetti dall\u2019alto.Ai lati il Vapor \u00e8 composto di EPP schiumato, in grado di fornire ampia ventilazione.Il sistema di regolazione fit cord \u00e8 ultraleggero e rapido, per massima regolabilit\u00e0 e vestibilit\u00e0. Le clip per le frontali sono aerodinamiche e sostituibili.","og_url":"https:\/\/www.sestogrado.it\/it\/prodotto\/black-diamond-vapor-casco-arrampicata-alpinismo\/","og_site_name":"Sestogrado","article_publisher":"https:\/\/www.facebook.com\/pages\/Sestogrado\/1542635979353017?ref=bookmarks","article_modified_time":"2026-03-11T11:28:45+00:00","og_image":[{"width":1280,"height":1280,"url":"https:\/\/www.sestogrado.it\/wp-content\/uploads\/2022\/03\/01-5.jpg","type":"image\/jpeg"}],"twitter_misc":{"Disponibilit\u00e0":"In stock"},"schema":{"@context":"https:\/\/schema.org","@graph":[{"@type":"WebPage","@id":"https:\/\/www.sestogrado.it\/it\/prodotto\/black-diamond-vapor-casco-arrampicata-alpinismo\/","url":"https:\/\/www.sestogrado.it\/it\/prodotto\/black-diamond-vapor-casco-arrampicata-alpinismo\/","name":"Black Diamond Vapor casco arrampicata alpinismo - Sestogrado","isPartOf":{"@id":"https:\/\/www.sestogrado.it\/it\/#website"},"primaryImageOfPage":{"@id":"https:\/\/www.sestogrado.it\/it\/prodotto\/black-diamond-vapor-casco-arrampicata-alpinismo\/#primaryimage"},"image":{"@id":"https:\/\/www.sestogrado.it\/prodotto\/black-diamond-vapor-casco-arrampicata-alpinismo\/#primaryimage"},"thumbnailUrl":"https:\/\/www.sestogrado.it\/wp-content\/uploads\/2022\/03\/01-5.jpg","datePublished":"2023-03-10T07:00:53+00:00","dateModified":"2026-03-11T11:28:45+00:00","description":"Il Black Diamond Vapor \u00e8 il casco super leggero e prestazionale di Black Diamond. Nella versione aggiornata 2023, il Vapor ha una costruzione doppio strato sulla parte alta del casco, con una base in composto super-leggero ALUULA ed un top in rigido policarbonato per massima protezione per caduta oggetti dall\u2019alto.Ai lati il Vapor \u00e8 composto di EPP schiumato, in grado di fornire ampia ventilazione.Il sistema di regolazione fit cord \u00e8 ultraleggero e rapido, per massima regolabilit\u00e0 e vestibilit\u00e0. Le clip per le frontali sono aerodinamiche e sostituibili.","breadcrumb":{"@id":"https:\/\/www.sestogrado.it\/it\/prodotto\/black-diamond-vapor-casco-arrampicata-alpinismo\/#breadcrumb"},"inLanguage":"it-IT","potentialAction":[{"@type":"ReadAction","target":[["https:\/\/www.sestogrado.it\/it\/prodotto\/black-diamond-vapor-casco-arrampicata-alpinismo\/"]]}]},{"@type":"ImageObject","inLanguage":"it-IT","@id":"https:\/\/www.sestogrado.it\/it\/prodotto\/black-diamond-vapor-casco-arrampicata-alpinismo\/#primaryimage","url":"https:\/\/www.sestogrado.it\/wp-content\/uploads\/2022\/03\/01-5.jpg","contentUrl":"https:\/\/www.sestogrado.it\/wp-content\/uploads\/2022\/03\/01-5.jpg","width":1280,"height":1280,"caption":"vapor nero"},{"@type":"BreadcrumbList","@id":"https:\/\/www.sestogrado.it\/it\/prodotto\/black-diamond-vapor-casco-arrampicata-alpinismo\/#breadcrumb","itemListElement":[{"@type":"ListItem","position":1,"name":"Home","item":"https:\/\/www.sestogrado.it\/it\/"},{"@type":"ListItem","position":2,"name":"Shop","item":"https:\/\/www.sestogrado.it\/it\/shop\/"},{"@type":"ListItem","position":3,"name":"Black Diamond Vapor casco arrampicata alpinismo"}]},{"@type":"WebSite","@id":"https:\/\/www.sestogrado.it\/it\/#website","url":"https:\/\/www.sestogrado.it\/it\/","name":"Sestogrado","description":"yes we climb","publisher":{"@id":"https:\/\/www.sestogrado.it\/it\/#organization"},"potentialAction":[{"@type":"SearchAction","target":{"@type":"EntryPoint","urlTemplate":"https:\/\/www.sestogrado.it\/it\/?s={search_term_string}"},"query-input":{"@type":"PropertyValueSpecification","valueRequired":true,"valueName":"search_term_string"}}],"inLanguage":"it-IT"},{"@type":"Organization","@id":"https:\/\/www.sestogrado.it\/it\/#organization","name":"Sestogrado","url":"https:\/\/www.sestogrado.it\/it\/","logo":{"@type":"ImageObject","inLanguage":"it-IT","@id":"https:\/\/www.sestogrado.it\/it\/#\/schema\/logo\/image\/","url":"https:\/\/www.sestogrado.it\/wp-content\/uploads\/2015\/03\/sestogrado-favicon.png","contentUrl":"https:\/\/www.sestogrado.it\/wp-content\/uploads\/2015\/03\/sestogrado-favicon.png","width":260,"height":260,"caption":"Sestogrado"},"image":{"@id":"https:\/\/www.sestogrado.it\/it\/#\/schema\/logo\/image\/"},"sameAs":["https:\/\/www.facebook.com\/pages\/Sestogrado\/1542635979353017?ref=bookmarks","https:\/\/www.youtube.com\/channel\/UC847kAfTkaJsWpc1jtQwr3Q"],"hasMerchantReturnPolicy":{"@type":"MerchantReturnPolicy","merchantReturnLink":"https:\/\/www.sestogrado.it\/it\/termini-e-condizioni\/"}}]},"product_brand":"Black Diamond","og_availability":"instock","product_availability":"instock","product_condition":"new"},"_links":{"self":[{"href":"https:\/\/www.sestogrado.it\/it\/wp-json\/wp\/v2\/product\/55733","targetHints":{"allow":["GET"]}}],"collection":[{"href":"https:\/\/www.sestogrado.it\/it\/wp-json\/wp\/v2\/product"}],"about":[{"href":"https:\/\/www.sestogrado.it\/it\/wp-json\/wp\/v2\/types\/product"}],"replies":[{"embeddable":true,"href":"https:\/\/www.sestogrado.it\/it\/wp-json\/wp\/v2\/comments?post=55733"}],"wp:featuredmedia":[{"embeddable":true,"href":"https:\/\/www.sestogrado.it\/it\/wp-json\/wp\/v2\/media\/126668"}],"wp:attachment":[{"href":"https:\/\/www.sestogrado.it\/it\/wp-json\/wp\/v2\/media?parent=55733"}],"wp:term":[{"taxonomy":"product_brand","embeddable":true,"href":"https:\/\/www.sestogrado.it\/it\/wp-json\/wp\/v2\/product_brand?post=55733"},{"taxonomy":"product_cat","embeddable":true,"href":"https:\/\/www.sestogrado.it\/it\/wp-json\/wp\/v2\/product_cat?post=55733"},{"taxonomy":"product_tag","embeddable":true,"href":"https:\/\/www.sestogrado.it\/it\/wp-json\/wp\/v2\/product_tag?post=55733"}],"curies":[{"name":"wp","href":"https:\/\/api.w.org\/{rel}","templated":true}]}}