{"id":55233,"date":"2021-04-01T15:36:05","date_gmt":"2021-04-01T13:36:05","guid":{"rendered":"https:\/\/www.sestogrado.it\/?post_type=product&#038;p=55233"},"modified":"2026-04-13T19:02:31","modified_gmt":"2026-04-13T17:02:31","slug":"dmm-nutbuster-cava-nut-per-rimuovere-i-dadi-da-arrampicata","status":"publish","type":"product","link":"https:\/\/www.sestogrado.it\/it\/prodotto\/dmm-nutbuster-cava-nut-per-rimuovere-i-dadi-da-arrampicata\/","title":{"rendered":"DMM Nutbuster cava nut per rimuovere i dadi da arrampicata"},"content":{"rendered":"<p>In un mondo ideale le protezioni che metti in arrampicata trad, sono facili da togliere&#8230; in realt\u00e0 questo avviene raramente ed i dispositivi &#8220;cava nut&#8221; sono indispensabili per recuperare il proprio materiale dalla parete.<\/p>\n<p>Il DMM Nutbuster rende semplice questa operazione e la migliora. Una impugnatura in gomma da un grip estremamente solido e ti consente di imprimere una forte e precisa leva per rimuovere i tuoi dadi. L&#8217;impugnatura in gomma pu\u00f2 essere rimossa per utilizzare la chiave da 17mm integrata nel manico per stringere i bulloni allentati. Il Nutbuster \u00e8 tagliato al laser da una lastra di acciaio inossidabile ed \u00e8 incredibilmente forte e resistente alla corrosione.<\/p>\n<p>Il DMM Nutbuster \u00e8 un accessorio versatile e funzionale che ogni arrampicatore trad dovrebbe avere.<\/p>\n<p>&nbsp;<\/p>\n<p>La DMM \u00e8 un\u2019azienda gallese nata nel 1981 da un gruppo di appassionati il cui obiettivo era quello di rendere il miglior equipaggiamento possibile al miglior prezzo. L\u2019innovazione \u00e8 la chiave dello sviluppo della DMM che oggi realizza prodotti di eccellenza e che \u00e8 l\u2019unico fornitore di prodotti hardware della Gran Bretagna nonch\u00e9 azienda leader a livello mondiale.<\/p>","protected":false},"excerpt":{"rendered":"<p>In un mondo ideale le protezioni che metti in arrampicata trad, sono facili da togliere&#8230; in realt\u00e0 questo avviene raramente [&hellip;]<\/p>\n","protected":false},"featured_media":55241,"comment_status":"open","ping_status":"closed","template":"","meta":{"_acf_changed":false},"product_brand":[86],"product_cat":[135],"product_tag":[],"class_list":{"0":"post-55233","1":"product","2":"type-product","3":"status-publish","4":"has-post-thumbnail","6":"product_brand-dmm","7":"product_cat-friends-e-nuts","9":"first","10":"instock","11":"sale","12":"taxable","13":"shipping-taxable","14":"purchasable","15":"product-type-variable"},"acf":[],"yoast_head":"<!-- This site is optimized with the Yoast SEO plugin v26.4 - https:\/\/yoast.com\/wordpress\/plugins\/seo\/ -->\n<title>DMM Nutbuster cava nut per rimuovere i dadi da arrampicata - Sestogrado<\/title>\n<meta name=\"description\" content=\"In un mondo ideale le protezioni che metti in arrampicata trad, sono facili da togliere... in realt\u00e0 questo avviene raramente ed i dispositivi &quot;cava nut&quot; sono indispensabili per recuperare il proprio materiale dalla parete.Il DMM Nutbuster rende semplice questa operazione e la migliora. Una impugnatura in gomma da un grip estremamente solido e ti consente di imprimere una forte e precisa leva per rimuovere i tuoi dadi. L&#039;impugnatura in gomma pu\u00f2 essere rimossa per utilizzare la chiave da 17mm integrata nel manico per stringere i bulloni allentati. Il Nutbuster \u00e8 tagliato al laser da una lastra di acciaio inossidabile ed \u00e8 incredibilmente forte e resistente alla corrosione.Il DMM Nutbuster \u00e8 un accessorio versatile e funzionale che ogni arrampicatore trad dovrebbe avere.\" \/>\n<meta name=\"robots\" content=\"index, follow, max-snippet:-1, max-image-preview:large, max-video-preview:-1\" \/>\n<link rel=\"canonical\" href=\"https:\/\/www.sestogrado.it\/it\/prodotto\/dmm-nutbuster-cava-nut-per-rimuovere-i-dadi-da-arrampicata\/\" \/>\n<meta property=\"og:locale\" content=\"it_IT\" \/>\n<meta property=\"og:type\" content=\"article\" \/>\n<meta property=\"og:title\" content=\"DMM Nutbuster cava nut per rimuovere i dadi da arrampicata - Sestogrado\" \/>\n<meta property=\"og:description\" content=\"In un mondo ideale le protezioni che metti in arrampicata trad, sono facili da togliere... in realt\u00e0 questo avviene raramente ed i dispositivi &quot;cava nut&quot; sono indispensabili per recuperare il proprio materiale dalla parete.Il DMM Nutbuster rende semplice questa operazione e la migliora. Una impugnatura in gomma da un grip estremamente solido e ti consente di imprimere una forte e precisa leva per rimuovere i tuoi dadi. L&#039;impugnatura in gomma pu\u00f2 essere rimossa per utilizzare la chiave da 17mm integrata nel manico per stringere i bulloni allentati. Il Nutbuster \u00e8 tagliato al laser da una lastra di acciaio inossidabile ed \u00e8 incredibilmente forte e resistente alla corrosione.Il DMM Nutbuster \u00e8 un accessorio versatile e funzionale che ogni arrampicatore trad dovrebbe avere.\" \/>\n<meta property=\"og:url\" content=\"https:\/\/www.sestogrado.it\/it\/prodotto\/dmm-nutbuster-cava-nut-per-rimuovere-i-dadi-da-arrampicata\/\" \/>\n<meta property=\"og:site_name\" content=\"Sestogrado\" \/>\n<meta property=\"article:publisher\" content=\"https:\/\/www.facebook.com\/pages\/Sestogrado\/1542635979353017?ref=bookmarks\" \/>\n<meta property=\"article:modified_time\" content=\"2026-04-13T17:02:31+00:00\" \/>\n<meta property=\"og:image\" content=\"https:\/\/www.sestogrado.it\/wp-content\/uploads\/2021\/04\/c63_12111_C1251GR-Nutbuster-Green.jpg\" \/>\n\t<meta property=\"og:image:width\" content=\"956\" \/>\n\t<meta property=\"og:image:height\" content=\"956\" \/>\n\t<meta property=\"og:image:type\" content=\"image\/jpeg\" \/>\n<meta name=\"twitter:label1\" content=\"Disponibilit\u00e0\" \/>\n\t<meta name=\"twitter:data1\" content=\"In stock\" \/>\n<script type=\"application\/ld+json\" class=\"yoast-schema-graph\">{\"@context\":\"https:\/\/schema.org\",\"@graph\":[{\"@type\":\"WebPage\",\"@id\":\"https:\/\/www.sestogrado.it\/it\/prodotto\/dmm-nutbuster-cava-nut-per-rimuovere-i-dadi-da-arrampicata\/\",\"url\":\"https:\/\/www.sestogrado.it\/it\/prodotto\/dmm-nutbuster-cava-nut-per-rimuovere-i-dadi-da-arrampicata\/\",\"name\":\"DMM Nutbuster cava nut per rimuovere i dadi da arrampicata - Sestogrado\",\"isPartOf\":{\"@id\":\"https:\/\/www.sestogrado.it\/it\/#website\"},\"primaryImageOfPage\":{\"@id\":\"https:\/\/www.sestogrado.it\/it\/prodotto\/dmm-nutbuster-cava-nut-per-rimuovere-i-dadi-da-arrampicata\/#primaryimage\"},\"image\":{\"@id\":\"https:\/\/www.sestogrado.it\/prodotto\/dmm-nutbuster-cava-nut-per-rimuovere-i-dadi-da-arrampicata\/#primaryimage\"},\"thumbnailUrl\":\"https:\/\/www.sestogrado.it\/wp-content\/uploads\/2021\/04\/c63_12111_C1251GR-Nutbuster-Green.jpg\",\"datePublished\":\"2021-04-01T13:36:05+00:00\",\"dateModified\":\"2026-04-13T17:02:31+00:00\",\"description\":\"In un mondo ideale le protezioni che metti in arrampicata trad, sono facili da togliere... in realt\u00e0 questo avviene raramente ed i dispositivi \\\"cava nut\\\" sono indispensabili per recuperare il proprio materiale dalla parete.Il DMM Nutbuster rende semplice questa operazione e la migliora. Una impugnatura in gomma da un grip estremamente solido e ti consente di imprimere una forte e precisa leva per rimuovere i tuoi dadi. L'impugnatura in gomma pu\u00f2 essere rimossa per utilizzare la chiave da 17mm integrata nel manico per stringere i bulloni allentati. Il Nutbuster \u00e8 tagliato al laser da una lastra di acciaio inossidabile ed \u00e8 incredibilmente forte e resistente alla corrosione.Il DMM Nutbuster \u00e8 un accessorio versatile e funzionale che ogni arrampicatore trad dovrebbe avere.\",\"breadcrumb\":{\"@id\":\"https:\/\/www.sestogrado.it\/it\/prodotto\/dmm-nutbuster-cava-nut-per-rimuovere-i-dadi-da-arrampicata\/#breadcrumb\"},\"inLanguage\":\"it-IT\",\"potentialAction\":[{\"@type\":\"ReadAction\",\"target\":[[\"https:\/\/www.sestogrado.it\/it\/prodotto\/dmm-nutbuster-cava-nut-per-rimuovere-i-dadi-da-arrampicata\/\"]]}]},{\"@type\":\"ImageObject\",\"inLanguage\":\"it-IT\",\"@id\":\"https:\/\/www.sestogrado.it\/it\/prodotto\/dmm-nutbuster-cava-nut-per-rimuovere-i-dadi-da-arrampicata\/#primaryimage\",\"url\":\"https:\/\/www.sestogrado.it\/wp-content\/uploads\/2021\/04\/c63_12111_C1251GR-Nutbuster-Green.jpg\",\"contentUrl\":\"https:\/\/www.sestogrado.it\/wp-content\/uploads\/2021\/04\/c63_12111_C1251GR-Nutbuster-Green.jpg\",\"width\":956,\"height\":956,\"caption\":\"nutbuster verde\"},{\"@type\":\"BreadcrumbList\",\"@id\":\"https:\/\/www.sestogrado.it\/it\/prodotto\/dmm-nutbuster-cava-nut-per-rimuovere-i-dadi-da-arrampicata\/#breadcrumb\",\"itemListElement\":[{\"@type\":\"ListItem\",\"position\":1,\"name\":\"Home\",\"item\":\"https:\/\/www.sestogrado.it\/it\/\"},{\"@type\":\"ListItem\",\"position\":2,\"name\":\"Shop\",\"item\":\"https:\/\/www.sestogrado.it\/it\/shop\/\"},{\"@type\":\"ListItem\",\"position\":3,\"name\":\"DMM Nutbuster cava nut per rimuovere i dadi da arrampicata\"}]},{\"@type\":\"WebSite\",\"@id\":\"https:\/\/www.sestogrado.it\/it\/#website\",\"url\":\"https:\/\/www.sestogrado.it\/it\/\",\"name\":\"Sestogrado\",\"description\":\"yes we climb\",\"publisher\":{\"@id\":\"https:\/\/www.sestogrado.it\/it\/#organization\"},\"potentialAction\":[{\"@type\":\"SearchAction\",\"target\":{\"@type\":\"EntryPoint\",\"urlTemplate\":\"https:\/\/www.sestogrado.it\/it\/?s={search_term_string}\"},\"query-input\":{\"@type\":\"PropertyValueSpecification\",\"valueRequired\":true,\"valueName\":\"search_term_string\"}}],\"inLanguage\":\"it-IT\"},{\"@type\":\"Organization\",\"@id\":\"https:\/\/www.sestogrado.it\/it\/#organization\",\"name\":\"Sestogrado\",\"url\":\"https:\/\/www.sestogrado.it\/it\/\",\"logo\":{\"@type\":\"ImageObject\",\"inLanguage\":\"it-IT\",\"@id\":\"https:\/\/www.sestogrado.it\/it\/#\/schema\/logo\/image\/\",\"url\":\"https:\/\/www.sestogrado.it\/wp-content\/uploads\/2015\/03\/sestogrado-favicon.png\",\"contentUrl\":\"https:\/\/www.sestogrado.it\/wp-content\/uploads\/2015\/03\/sestogrado-favicon.png\",\"width\":260,\"height\":260,\"caption\":\"Sestogrado\"},\"image\":{\"@id\":\"https:\/\/www.sestogrado.it\/it\/#\/schema\/logo\/image\/\"},\"sameAs\":[\"https:\/\/www.facebook.com\/pages\/Sestogrado\/1542635979353017?ref=bookmarks\",\"https:\/\/www.youtube.com\/channel\/UC847kAfTkaJsWpc1jtQwr3Q\"],\"hasMerchantReturnPolicy\":{\"@type\":\"MerchantReturnPolicy\",\"merchantReturnLink\":\"https:\/\/www.sestogrado.it\/it\/termini-e-condizioni\/\"}}]}<\/script>\n<meta property=\"product:brand\" content=\"DMM\" \/>\n<meta property=\"og:availability\" content=\"instock\" \/>\n<meta property=\"product:availability\" content=\"instock\" \/>\n<meta property=\"product:condition\" content=\"new\" \/>\n<!-- \/ Yoast SEO plugin. -->","yoast_head_json":{"title":"DMM Nutbuster cava nut per rimuovere i dadi da arrampicata - Sestogrado","description":"In un mondo ideale le protezioni che metti in arrampicata trad, sono facili da togliere... in realt\u00e0 questo avviene raramente ed i dispositivi \"cava nut\" sono indispensabili per recuperare il proprio materiale dalla parete.Il DMM Nutbuster rende semplice questa operazione e la migliora. Una impugnatura in gomma da un grip estremamente solido e ti consente di imprimere una forte e precisa leva per rimuovere i tuoi dadi. L'impugnatura in gomma pu\u00f2 essere rimossa per utilizzare la chiave da 17mm integrata nel manico per stringere i bulloni allentati. Il Nutbuster \u00e8 tagliato al laser da una lastra di acciaio inossidabile ed \u00e8 incredibilmente forte e resistente alla corrosione.Il DMM Nutbuster \u00e8 un accessorio versatile e funzionale che ogni arrampicatore trad dovrebbe avere.","robots":{"index":"index","follow":"follow","max-snippet":"max-snippet:-1","max-image-preview":"max-image-preview:large","max-video-preview":"max-video-preview:-1"},"canonical":"https:\/\/www.sestogrado.it\/it\/prodotto\/dmm-nutbuster-cava-nut-per-rimuovere-i-dadi-da-arrampicata\/","og_locale":"it_IT","og_type":"article","og_title":"DMM Nutbuster cava nut per rimuovere i dadi da arrampicata - Sestogrado","og_description":"In un mondo ideale le protezioni che metti in arrampicata trad, sono facili da togliere... in realt\u00e0 questo avviene raramente ed i dispositivi \"cava nut\" sono indispensabili per recuperare il proprio materiale dalla parete.Il DMM Nutbuster rende semplice questa operazione e la migliora. Una impugnatura in gomma da un grip estremamente solido e ti consente di imprimere una forte e precisa leva per rimuovere i tuoi dadi. L'impugnatura in gomma pu\u00f2 essere rimossa per utilizzare la chiave da 17mm integrata nel manico per stringere i bulloni allentati. Il Nutbuster \u00e8 tagliato al laser da una lastra di acciaio inossidabile ed \u00e8 incredibilmente forte e resistente alla corrosione.Il DMM Nutbuster \u00e8 un accessorio versatile e funzionale che ogni arrampicatore trad dovrebbe avere.","og_url":"https:\/\/www.sestogrado.it\/it\/prodotto\/dmm-nutbuster-cava-nut-per-rimuovere-i-dadi-da-arrampicata\/","og_site_name":"Sestogrado","article_publisher":"https:\/\/www.facebook.com\/pages\/Sestogrado\/1542635979353017?ref=bookmarks","article_modified_time":"2026-04-13T17:02:31+00:00","og_image":[{"width":956,"height":956,"url":"https:\/\/www.sestogrado.it\/wp-content\/uploads\/2021\/04\/c63_12111_C1251GR-Nutbuster-Green.jpg","type":"image\/jpeg"}],"twitter_misc":{"Disponibilit\u00e0":"In stock"},"schema":{"@context":"https:\/\/schema.org","@graph":[{"@type":"WebPage","@id":"https:\/\/www.sestogrado.it\/it\/prodotto\/dmm-nutbuster-cava-nut-per-rimuovere-i-dadi-da-arrampicata\/","url":"https:\/\/www.sestogrado.it\/it\/prodotto\/dmm-nutbuster-cava-nut-per-rimuovere-i-dadi-da-arrampicata\/","name":"DMM Nutbuster cava nut per rimuovere i dadi da arrampicata - Sestogrado","isPartOf":{"@id":"https:\/\/www.sestogrado.it\/it\/#website"},"primaryImageOfPage":{"@id":"https:\/\/www.sestogrado.it\/it\/prodotto\/dmm-nutbuster-cava-nut-per-rimuovere-i-dadi-da-arrampicata\/#primaryimage"},"image":{"@id":"https:\/\/www.sestogrado.it\/prodotto\/dmm-nutbuster-cava-nut-per-rimuovere-i-dadi-da-arrampicata\/#primaryimage"},"thumbnailUrl":"https:\/\/www.sestogrado.it\/wp-content\/uploads\/2021\/04\/c63_12111_C1251GR-Nutbuster-Green.jpg","datePublished":"2021-04-01T13:36:05+00:00","dateModified":"2026-04-13T17:02:31+00:00","description":"In un mondo ideale le protezioni che metti in arrampicata trad, sono facili da togliere... in realt\u00e0 questo avviene raramente ed i dispositivi \"cava nut\" sono indispensabili per recuperare il proprio materiale dalla parete.Il DMM Nutbuster rende semplice questa operazione e la migliora. Una impugnatura in gomma da un grip estremamente solido e ti consente di imprimere una forte e precisa leva per rimuovere i tuoi dadi. L'impugnatura in gomma pu\u00f2 essere rimossa per utilizzare la chiave da 17mm integrata nel manico per stringere i bulloni allentati. Il Nutbuster \u00e8 tagliato al laser da una lastra di acciaio inossidabile ed \u00e8 incredibilmente forte e resistente alla corrosione.Il DMM Nutbuster \u00e8 un accessorio versatile e funzionale che ogni arrampicatore trad dovrebbe avere.","breadcrumb":{"@id":"https:\/\/www.sestogrado.it\/it\/prodotto\/dmm-nutbuster-cava-nut-per-rimuovere-i-dadi-da-arrampicata\/#breadcrumb"},"inLanguage":"it-IT","potentialAction":[{"@type":"ReadAction","target":[["https:\/\/www.sestogrado.it\/it\/prodotto\/dmm-nutbuster-cava-nut-per-rimuovere-i-dadi-da-arrampicata\/"]]}]},{"@type":"ImageObject","inLanguage":"it-IT","@id":"https:\/\/www.sestogrado.it\/it\/prodotto\/dmm-nutbuster-cava-nut-per-rimuovere-i-dadi-da-arrampicata\/#primaryimage","url":"https:\/\/www.sestogrado.it\/wp-content\/uploads\/2021\/04\/c63_12111_C1251GR-Nutbuster-Green.jpg","contentUrl":"https:\/\/www.sestogrado.it\/wp-content\/uploads\/2021\/04\/c63_12111_C1251GR-Nutbuster-Green.jpg","width":956,"height":956,"caption":"nutbuster verde"},{"@type":"BreadcrumbList","@id":"https:\/\/www.sestogrado.it\/it\/prodotto\/dmm-nutbuster-cava-nut-per-rimuovere-i-dadi-da-arrampicata\/#breadcrumb","itemListElement":[{"@type":"ListItem","position":1,"name":"Home","item":"https:\/\/www.sestogrado.it\/it\/"},{"@type":"ListItem","position":2,"name":"Shop","item":"https:\/\/www.sestogrado.it\/it\/shop\/"},{"@type":"ListItem","position":3,"name":"DMM Nutbuster cava nut per rimuovere i dadi da arrampicata"}]},{"@type":"WebSite","@id":"https:\/\/www.sestogrado.it\/it\/#website","url":"https:\/\/www.sestogrado.it\/it\/","name":"Sestogrado","description":"yes we climb","publisher":{"@id":"https:\/\/www.sestogrado.it\/it\/#organization"},"potentialAction":[{"@type":"SearchAction","target":{"@type":"EntryPoint","urlTemplate":"https:\/\/www.sestogrado.it\/it\/?s={search_term_string}"},"query-input":{"@type":"PropertyValueSpecification","valueRequired":true,"valueName":"search_term_string"}}],"inLanguage":"it-IT"},{"@type":"Organization","@id":"https:\/\/www.sestogrado.it\/it\/#organization","name":"Sestogrado","url":"https:\/\/www.sestogrado.it\/it\/","logo":{"@type":"ImageObject","inLanguage":"it-IT","@id":"https:\/\/www.sestogrado.it\/it\/#\/schema\/logo\/image\/","url":"https:\/\/www.sestogrado.it\/wp-content\/uploads\/2015\/03\/sestogrado-favicon.png","contentUrl":"https:\/\/www.sestogrado.it\/wp-content\/uploads\/2015\/03\/sestogrado-favicon.png","width":260,"height":260,"caption":"Sestogrado"},"image":{"@id":"https:\/\/www.sestogrado.it\/it\/#\/schema\/logo\/image\/"},"sameAs":["https:\/\/www.facebook.com\/pages\/Sestogrado\/1542635979353017?ref=bookmarks","https:\/\/www.youtube.com\/channel\/UC847kAfTkaJsWpc1jtQwr3Q"],"hasMerchantReturnPolicy":{"@type":"MerchantReturnPolicy","merchantReturnLink":"https:\/\/www.sestogrado.it\/it\/termini-e-condizioni\/"}}]},"product_brand":"DMM","og_availability":"instock","product_availability":"instock","product_condition":"new"},"_links":{"self":[{"href":"https:\/\/www.sestogrado.it\/it\/wp-json\/wp\/v2\/product\/55233","targetHints":{"allow":["GET"]}}],"collection":[{"href":"https:\/\/www.sestogrado.it\/it\/wp-json\/wp\/v2\/product"}],"about":[{"href":"https:\/\/www.sestogrado.it\/it\/wp-json\/wp\/v2\/types\/product"}],"replies":[{"embeddable":true,"href":"https:\/\/www.sestogrado.it\/it\/wp-json\/wp\/v2\/comments?post=55233"}],"wp:featuredmedia":[{"embeddable":true,"href":"https:\/\/www.sestogrado.it\/it\/wp-json\/wp\/v2\/media\/55241"}],"wp:attachment":[{"href":"https:\/\/www.sestogrado.it\/it\/wp-json\/wp\/v2\/media?parent=55233"}],"wp:term":[{"taxonomy":"product_brand","embeddable":true,"href":"https:\/\/www.sestogrado.it\/it\/wp-json\/wp\/v2\/product_brand?post=55233"},{"taxonomy":"product_cat","embeddable":true,"href":"https:\/\/www.sestogrado.it\/it\/wp-json\/wp\/v2\/product_cat?post=55233"},{"taxonomy":"product_tag","embeddable":true,"href":"https:\/\/www.sestogrado.it\/it\/wp-json\/wp\/v2\/product_tag?post=55233"}],"curies":[{"name":"wp","href":"https:\/\/api.w.org\/{rel}","templated":true}]}}