{"id":54870,"date":"2024-03-26T15:12:59","date_gmt":"2024-03-26T14:12:59","guid":{"rendered":"https:\/\/www.sestogrado.it\/?post_type=product&#038;p=54870"},"modified":"2026-04-09T11:03:32","modified_gmt":"2026-04-09T09:03:32","slug":"millet-syntek-5-reg-saccoletto-sacco-a-pelo","status":"publish","type":"product","link":"https:\/\/www.sestogrado.it\/it\/prodotto\/millet-syntek-5-reg-saccoletto-sacco-a-pelo\/","title":{"rendered":"Millet Syntek -5 reg saccoletto sacco a pelo"},"content":{"rendered":"<p>Il Millet Syntek -5 Reg \u00e8 un saccoletto in tessuto sintetico, che offre un eccezionale isolamento dall&#8217;umidit\u00e0, progettato per il campeggio ed il bivacco in montagna, per escursioni e trekking di pi\u00f9 giorni. Crea un isolamento sintetico che sopporta bene le condizioni di bagnato, fornisce un calore fino a -5 \u00b0 C di temperatura ed \u00e8 di facile manutenzione. Il Syntek offre un isolamento al 100% confortevole e caldo ed ha un comfort termico di lunga durata. E&#8217; isolante come un saccoletto in piuma ma offre una migliore tenuta all&#8217;umidit\u00e0. La sacca \u00e8 realizzata in un tessuto morbido ed elasticizzato che crea un piacevole calore e il Bivy Warm System \u2122 ti consente di dormire con le braccia all&#8217;esterno del sacco a pelo senza esporre la parte superiore del corpo.<\/p>\n<p><strong>INFORMAZIONI PRINCIPALI:<\/strong><\/p>\n<div id=\"DC_gauche\">\n<ul>\n<li>Temperatura di comfort: 1\u00b0C<\/li>\n<li>Temperatura limite di comfort: -5\u00b0C<\/li>\n<li>Temperatura estrema: -23\u00b0C<\/li>\n<li>Forma: sarcofago<\/li>\n<\/ul>\n<p><strong>DIMENSIONI, PESO &amp; VOLUME:<\/strong><\/p>\n<ul>\n<li>Lunghezza: 210 cm<\/li>\n<li>Taglia massima utilizzatore: 180 cm<\/li>\n<li>Larghezza a livello delle spalle: 75 cm<\/li>\n<li>Peso: 1.375g<\/li>\n<li>Volume: 7,5 litri<\/li>\n<li>Dimensione sacca: 35x19cm<\/li>\n<li>Colore dark orion \/ fire<\/li>\n<\/ul>\n<p><strong>COMPOSIZIONE:<\/strong><\/p>\n<ul>\n<li>Tessuto esterno: poliestere 30 D 196T Ripstop &#8211; 100% poliestere<\/li>\n<li>Imbottitura: Syntek Loft Fiber &#8211; 100% poliestere<\/li>\n<\/ul>\n<\/div>\n<div id=\"DC_droite\">\n<p><strong>SPECIFICHE:<\/strong><\/p>\n<p>Costruzione \/ Zip:<\/p>\n<ul>\n<li>Progettato per le spedizioni in montagna<\/li>\n<li>Avvolgimento leggero, resistente ed idrorepellente<\/li>\n<li>Isolamento termico 100% sintetico<\/li>\n<li>Imbottitura in fibre sintetiche compatta<\/li>\n<li>Trattenimento ottimale del calore corporeo<\/li>\n<li>Costruzione doppia sulla parte superiore del corpo<\/li>\n<li>Sistema Bivy Warm\u2122<\/li>\n<li>Dispersione del calore minimizzata grazie al risvolto<\/li>\n<li>Apertura con zip mezza e risvolto interno<\/li>\n<li>Fodera estensibile per pi\u00f9 comfort<\/li>\n<li>Comprimibile per un trasporto facilitato<\/li>\n<li>Sacca di compressione inclusa<\/li>\n<\/ul>\n<p>Cappuccio \/ cordicella:<\/p>\n<ul>\n<li>Cappuccio preformato con serraggio<\/li>\n<li>Comodamente regolata al collo<\/li>\n<li>Bordo alla spalla<\/li>\n<\/ul>\n<p>Tasche:<\/p>\n<ul>\n<li>Tasca interna<\/li>\n<\/ul>\n<p>Parte bassa:<\/p>\n<ul>\n<li>Costruzione a uno strato sulla parte inferiore del corpo<\/li>\n<\/ul>\n<p>&nbsp;<\/p>\n<\/div>\n<p>Nel 1934, venne lanciato sul mercato il primo zaino Millet. L\u2019attrezzatura Millet si distingue per leggerezza, durata e alta qualit\u00e0. L\u2019azienda si basa sull\u2019esperienza dei migliori alpinisti, come ad esempio Reinhold Messner. Nel 1978 l\u2019alpinista altoatesino ha conquistato la vetta pi\u00f9 alta del mondo: senza maschera di ossigeno, ma con l\u00b4attrezzatura Millet.<\/p>","protected":false},"excerpt":{"rendered":"<p>Il Millet Syntek -5 Reg \u00e8 un saccoletto in tessuto sintetico, che offre un eccezionale isolamento dall&#8217;umidit\u00e0, progettato per il [&hellip;]<\/p>\n","protected":false},"featured_media":54871,"comment_status":"open","ping_status":"closed","template":"","meta":{"_acf_changed":false},"product_brand":[312],"product_cat":[577],"product_tag":[],"class_list":{"0":"post-54870","1":"product","2":"type-product","3":"status-publish","4":"has-post-thumbnail","6":"product_brand-millet","7":"product_cat-sacchi-a-pelo","9":"first","10":"instock","11":"sale","12":"taxable","13":"shipping-taxable","14":"purchasable","15":"product-type-simple"},"acf":[],"yoast_head":"<!-- This site is optimized with the Yoast SEO plugin v26.4 - https:\/\/yoast.com\/wordpress\/plugins\/seo\/ -->\n<title>Millet Syntek -5 reg saccoletto sacco a pelo - Sestogrado<\/title>\n<meta name=\"description\" content=\"Il Millet Syntek -5 Reg \u00e8 un saccoletto in tessuto sintetico, che offre un eccezionale isolamento dall&#039;umidit\u00e0, progettato per il campeggio ed il bivacco in montagna, per escursioni e trekking di pi\u00f9 giorni. Crea un isolamento sintetico che sopporta bene le condizioni di bagnato, fornisce un calore fino a -5 \u00b0 C di temperatura ed \u00e8 di facile manutenzione. Il Syntek offre un isolamento al 100% confortevole e caldo ed ha un comfort termico di lunga durata. E&#039; isolante come un saccoletto in piuma ma offre una migliore tenuta all&#039;umidit\u00e0. La sacca \u00e8 realizzata in un tessuto morbido ed elasticizzato che crea un piacevole calore e il Bivy Warm System \u2122 ti consente di dormire con le braccia all&#039;esterno del sacco a pelo senza esporre la parte superiore del corpo.\" \/>\n<meta name=\"robots\" content=\"index, follow, max-snippet:-1, max-image-preview:large, max-video-preview:-1\" \/>\n<link rel=\"canonical\" href=\"https:\/\/www.sestogrado.it\/it\/prodotto\/millet-syntek-5-reg-saccoletto-sacco-a-pelo\/\" \/>\n<meta property=\"og:locale\" content=\"it_IT\" \/>\n<meta property=\"og:type\" content=\"article\" \/>\n<meta property=\"og:title\" content=\"Millet Syntek -5 reg saccoletto sacco a pelo - Sestogrado\" \/>\n<meta property=\"og:description\" content=\"Il Millet Syntek -5 Reg \u00e8 un saccoletto in tessuto sintetico, che offre un eccezionale isolamento dall&#039;umidit\u00e0, progettato per il campeggio ed il bivacco in montagna, per escursioni e trekking di pi\u00f9 giorni. Crea un isolamento sintetico che sopporta bene le condizioni di bagnato, fornisce un calore fino a -5 \u00b0 C di temperatura ed \u00e8 di facile manutenzione. Il Syntek offre un isolamento al 100% confortevole e caldo ed ha un comfort termico di lunga durata. E&#039; isolante come un saccoletto in piuma ma offre una migliore tenuta all&#039;umidit\u00e0. La sacca \u00e8 realizzata in un tessuto morbido ed elasticizzato che crea un piacevole calore e il Bivy Warm System \u2122 ti consente di dormire con le braccia all&#039;esterno del sacco a pelo senza esporre la parte superiore del corpo.\" \/>\n<meta property=\"og:url\" content=\"https:\/\/www.sestogrado.it\/it\/prodotto\/millet-syntek-5-reg-saccoletto-sacco-a-pelo\/\" \/>\n<meta property=\"og:site_name\" content=\"Sestogrado\" \/>\n<meta property=\"article:publisher\" content=\"https:\/\/www.facebook.com\/pages\/Sestogrado\/1542635979353017?ref=bookmarks\" \/>\n<meta property=\"article:modified_time\" content=\"2026-04-09T09:03:32+00:00\" \/>\n<meta property=\"og:image\" content=\"https:\/\/www.sestogrado.it\/wp-content\/uploads\/2021\/03\/01-23.jpg\" \/>\n\t<meta property=\"og:image:width\" content=\"1400\" \/>\n\t<meta property=\"og:image:height\" content=\"1400\" \/>\n\t<meta property=\"og:image:type\" content=\"image\/jpeg\" \/>\n<meta name=\"twitter:label1\" content=\"Prezzo\" \/>\n\t<meta name=\"twitter:data1\" content=\"&euro;&nbsp;149,00\" \/>\n\t<meta name=\"twitter:label2\" content=\"Disponibilit\u00e0\" \/>\n\t<meta name=\"twitter:data2\" content=\"In stock\" \/>\n<script type=\"application\/ld+json\" class=\"yoast-schema-graph\">{\"@context\":\"https:\/\/schema.org\",\"@graph\":[{\"@type\":\"WebPage\",\"@id\":\"https:\/\/www.sestogrado.it\/it\/prodotto\/millet-syntek-5-reg-saccoletto-sacco-a-pelo\/\",\"url\":\"https:\/\/www.sestogrado.it\/it\/prodotto\/millet-syntek-5-reg-saccoletto-sacco-a-pelo\/\",\"name\":\"Millet Syntek -5 reg saccoletto sacco a pelo - Sestogrado\",\"isPartOf\":{\"@id\":\"https:\/\/www.sestogrado.it\/it\/#website\"},\"primaryImageOfPage\":{\"@id\":\"https:\/\/www.sestogrado.it\/it\/prodotto\/millet-syntek-5-reg-saccoletto-sacco-a-pelo\/#primaryimage\"},\"image\":{\"@id\":\"https:\/\/www.sestogrado.it\/prodotto\/millet-syntek-5-reg-saccoletto-sacco-a-pelo\/#primaryimage\"},\"thumbnailUrl\":\"https:\/\/www.sestogrado.it\/wp-content\/uploads\/2021\/03\/01-23.jpg\",\"datePublished\":\"2024-03-26T14:12:59+00:00\",\"dateModified\":\"2026-04-09T09:03:32+00:00\",\"description\":\"Il Millet Syntek -5 Reg \u00e8 un saccoletto in tessuto sintetico, che offre un eccezionale isolamento dall'umidit\u00e0, progettato per il campeggio ed il bivacco in montagna, per escursioni e trekking di pi\u00f9 giorni. Crea un isolamento sintetico che sopporta bene le condizioni di bagnato, fornisce un calore fino a -5 \u00b0 C di temperatura ed \u00e8 di facile manutenzione. Il Syntek offre un isolamento al 100% confortevole e caldo ed ha un comfort termico di lunga durata. E' isolante come un saccoletto in piuma ma offre una migliore tenuta all'umidit\u00e0. La sacca \u00e8 realizzata in un tessuto morbido ed elasticizzato che crea un piacevole calore e il Bivy Warm System \u2122 ti consente di dormire con le braccia all'esterno del sacco a pelo senza esporre la parte superiore del corpo.\",\"breadcrumb\":{\"@id\":\"https:\/\/www.sestogrado.it\/it\/prodotto\/millet-syntek-5-reg-saccoletto-sacco-a-pelo\/#breadcrumb\"},\"inLanguage\":\"it-IT\",\"potentialAction\":[{\"@type\":\"ReadAction\",\"target\":[[\"https:\/\/www.sestogrado.it\/it\/prodotto\/millet-syntek-5-reg-saccoletto-sacco-a-pelo\/\"]]}]},{\"@type\":\"ImageObject\",\"inLanguage\":\"it-IT\",\"@id\":\"https:\/\/www.sestogrado.it\/it\/prodotto\/millet-syntek-5-reg-saccoletto-sacco-a-pelo\/#primaryimage\",\"url\":\"https:\/\/www.sestogrado.it\/wp-content\/uploads\/2021\/03\/01-23.jpg\",\"contentUrl\":\"https:\/\/www.sestogrado.it\/wp-content\/uploads\/2021\/03\/01-23.jpg\",\"width\":1400,\"height\":1400,\"caption\":\"millet syntek -5 reg\"},{\"@type\":\"BreadcrumbList\",\"@id\":\"https:\/\/www.sestogrado.it\/it\/prodotto\/millet-syntek-5-reg-saccoletto-sacco-a-pelo\/#breadcrumb\",\"itemListElement\":[{\"@type\":\"ListItem\",\"position\":1,\"name\":\"Home\",\"item\":\"https:\/\/www.sestogrado.it\/it\/\"},{\"@type\":\"ListItem\",\"position\":2,\"name\":\"Shop\",\"item\":\"https:\/\/www.sestogrado.it\/it\/shop\/\"},{\"@type\":\"ListItem\",\"position\":3,\"name\":\"Millet Syntek -5 reg saccoletto sacco a pelo\"}]},{\"@type\":\"WebSite\",\"@id\":\"https:\/\/www.sestogrado.it\/it\/#website\",\"url\":\"https:\/\/www.sestogrado.it\/it\/\",\"name\":\"Sestogrado\",\"description\":\"yes we climb\",\"publisher\":{\"@id\":\"https:\/\/www.sestogrado.it\/it\/#organization\"},\"potentialAction\":[{\"@type\":\"SearchAction\",\"target\":{\"@type\":\"EntryPoint\",\"urlTemplate\":\"https:\/\/www.sestogrado.it\/it\/?s={search_term_string}\"},\"query-input\":{\"@type\":\"PropertyValueSpecification\",\"valueRequired\":true,\"valueName\":\"search_term_string\"}}],\"inLanguage\":\"it-IT\"},{\"@type\":\"Organization\",\"@id\":\"https:\/\/www.sestogrado.it\/it\/#organization\",\"name\":\"Sestogrado\",\"url\":\"https:\/\/www.sestogrado.it\/it\/\",\"logo\":{\"@type\":\"ImageObject\",\"inLanguage\":\"it-IT\",\"@id\":\"https:\/\/www.sestogrado.it\/it\/#\/schema\/logo\/image\/\",\"url\":\"https:\/\/www.sestogrado.it\/wp-content\/uploads\/2015\/03\/sestogrado-favicon.png\",\"contentUrl\":\"https:\/\/www.sestogrado.it\/wp-content\/uploads\/2015\/03\/sestogrado-favicon.png\",\"width\":260,\"height\":260,\"caption\":\"Sestogrado\"},\"image\":{\"@id\":\"https:\/\/www.sestogrado.it\/it\/#\/schema\/logo\/image\/\"},\"sameAs\":[\"https:\/\/www.facebook.com\/pages\/Sestogrado\/1542635979353017?ref=bookmarks\",\"https:\/\/www.youtube.com\/channel\/UC847kAfTkaJsWpc1jtQwr3Q\"],\"hasMerchantReturnPolicy\":{\"@type\":\"MerchantReturnPolicy\",\"merchantReturnLink\":\"https:\/\/www.sestogrado.it\/it\/termini-e-condizioni\/\"}}]}<\/script>\n<meta property=\"product:brand\" content=\"Millet\" \/>\n<meta property=\"product:price:amount\" content=\"149.00\" \/>\n<meta property=\"product:price:currency\" content=\"EUR\" \/>\n<meta property=\"og:availability\" content=\"instock\" \/>\n<meta property=\"product:availability\" content=\"instock\" \/>\n<meta property=\"product:condition\" content=\"new\" \/>\n<!-- \/ Yoast SEO plugin. -->","yoast_head_json":{"title":"Millet Syntek -5 reg saccoletto sacco a pelo - Sestogrado","description":"Il Millet Syntek -5 Reg \u00e8 un saccoletto in tessuto sintetico, che offre un eccezionale isolamento dall'umidit\u00e0, progettato per il campeggio ed il bivacco in montagna, per escursioni e trekking di pi\u00f9 giorni. Crea un isolamento sintetico che sopporta bene le condizioni di bagnato, fornisce un calore fino a -5 \u00b0 C di temperatura ed \u00e8 di facile manutenzione. Il Syntek offre un isolamento al 100% confortevole e caldo ed ha un comfort termico di lunga durata. E' isolante come un saccoletto in piuma ma offre una migliore tenuta all'umidit\u00e0. La sacca \u00e8 realizzata in un tessuto morbido ed elasticizzato che crea un piacevole calore e il Bivy Warm System \u2122 ti consente di dormire con le braccia all'esterno del sacco a pelo senza esporre la parte superiore del corpo.","robots":{"index":"index","follow":"follow","max-snippet":"max-snippet:-1","max-image-preview":"max-image-preview:large","max-video-preview":"max-video-preview:-1"},"canonical":"https:\/\/www.sestogrado.it\/it\/prodotto\/millet-syntek-5-reg-saccoletto-sacco-a-pelo\/","og_locale":"it_IT","og_type":"article","og_title":"Millet Syntek -5 reg saccoletto sacco a pelo - Sestogrado","og_description":"Il Millet Syntek -5 Reg \u00e8 un saccoletto in tessuto sintetico, che offre un eccezionale isolamento dall'umidit\u00e0, progettato per il campeggio ed il bivacco in montagna, per escursioni e trekking di pi\u00f9 giorni. Crea un isolamento sintetico che sopporta bene le condizioni di bagnato, fornisce un calore fino a -5 \u00b0 C di temperatura ed \u00e8 di facile manutenzione. Il Syntek offre un isolamento al 100% confortevole e caldo ed ha un comfort termico di lunga durata. E' isolante come un saccoletto in piuma ma offre una migliore tenuta all'umidit\u00e0. La sacca \u00e8 realizzata in un tessuto morbido ed elasticizzato che crea un piacevole calore e il Bivy Warm System \u2122 ti consente di dormire con le braccia all'esterno del sacco a pelo senza esporre la parte superiore del corpo.","og_url":"https:\/\/www.sestogrado.it\/it\/prodotto\/millet-syntek-5-reg-saccoletto-sacco-a-pelo\/","og_site_name":"Sestogrado","article_publisher":"https:\/\/www.facebook.com\/pages\/Sestogrado\/1542635979353017?ref=bookmarks","article_modified_time":"2026-04-09T09:03:32+00:00","og_image":[{"width":1400,"height":1400,"url":"https:\/\/www.sestogrado.it\/wp-content\/uploads\/2021\/03\/01-23.jpg","type":"image\/jpeg"}],"twitter_misc":{"Prezzo":"&euro;&nbsp;149,00","Disponibilit\u00e0":"In stock"},"schema":{"@context":"https:\/\/schema.org","@graph":[{"@type":"WebPage","@id":"https:\/\/www.sestogrado.it\/it\/prodotto\/millet-syntek-5-reg-saccoletto-sacco-a-pelo\/","url":"https:\/\/www.sestogrado.it\/it\/prodotto\/millet-syntek-5-reg-saccoletto-sacco-a-pelo\/","name":"Millet Syntek -5 reg saccoletto sacco a pelo - Sestogrado","isPartOf":{"@id":"https:\/\/www.sestogrado.it\/it\/#website"},"primaryImageOfPage":{"@id":"https:\/\/www.sestogrado.it\/it\/prodotto\/millet-syntek-5-reg-saccoletto-sacco-a-pelo\/#primaryimage"},"image":{"@id":"https:\/\/www.sestogrado.it\/prodotto\/millet-syntek-5-reg-saccoletto-sacco-a-pelo\/#primaryimage"},"thumbnailUrl":"https:\/\/www.sestogrado.it\/wp-content\/uploads\/2021\/03\/01-23.jpg","datePublished":"2024-03-26T14:12:59+00:00","dateModified":"2026-04-09T09:03:32+00:00","description":"Il Millet Syntek -5 Reg \u00e8 un saccoletto in tessuto sintetico, che offre un eccezionale isolamento dall'umidit\u00e0, progettato per il campeggio ed il bivacco in montagna, per escursioni e trekking di pi\u00f9 giorni. Crea un isolamento sintetico che sopporta bene le condizioni di bagnato, fornisce un calore fino a -5 \u00b0 C di temperatura ed \u00e8 di facile manutenzione. Il Syntek offre un isolamento al 100% confortevole e caldo ed ha un comfort termico di lunga durata. E' isolante come un saccoletto in piuma ma offre una migliore tenuta all'umidit\u00e0. La sacca \u00e8 realizzata in un tessuto morbido ed elasticizzato che crea un piacevole calore e il Bivy Warm System \u2122 ti consente di dormire con le braccia all'esterno del sacco a pelo senza esporre la parte superiore del corpo.","breadcrumb":{"@id":"https:\/\/www.sestogrado.it\/it\/prodotto\/millet-syntek-5-reg-saccoletto-sacco-a-pelo\/#breadcrumb"},"inLanguage":"it-IT","potentialAction":[{"@type":"ReadAction","target":[["https:\/\/www.sestogrado.it\/it\/prodotto\/millet-syntek-5-reg-saccoletto-sacco-a-pelo\/"]]}]},{"@type":"ImageObject","inLanguage":"it-IT","@id":"https:\/\/www.sestogrado.it\/it\/prodotto\/millet-syntek-5-reg-saccoletto-sacco-a-pelo\/#primaryimage","url":"https:\/\/www.sestogrado.it\/wp-content\/uploads\/2021\/03\/01-23.jpg","contentUrl":"https:\/\/www.sestogrado.it\/wp-content\/uploads\/2021\/03\/01-23.jpg","width":1400,"height":1400,"caption":"millet syntek -5 reg"},{"@type":"BreadcrumbList","@id":"https:\/\/www.sestogrado.it\/it\/prodotto\/millet-syntek-5-reg-saccoletto-sacco-a-pelo\/#breadcrumb","itemListElement":[{"@type":"ListItem","position":1,"name":"Home","item":"https:\/\/www.sestogrado.it\/it\/"},{"@type":"ListItem","position":2,"name":"Shop","item":"https:\/\/www.sestogrado.it\/it\/shop\/"},{"@type":"ListItem","position":3,"name":"Millet Syntek -5 reg saccoletto sacco a pelo"}]},{"@type":"WebSite","@id":"https:\/\/www.sestogrado.it\/it\/#website","url":"https:\/\/www.sestogrado.it\/it\/","name":"Sestogrado","description":"yes we climb","publisher":{"@id":"https:\/\/www.sestogrado.it\/it\/#organization"},"potentialAction":[{"@type":"SearchAction","target":{"@type":"EntryPoint","urlTemplate":"https:\/\/www.sestogrado.it\/it\/?s={search_term_string}"},"query-input":{"@type":"PropertyValueSpecification","valueRequired":true,"valueName":"search_term_string"}}],"inLanguage":"it-IT"},{"@type":"Organization","@id":"https:\/\/www.sestogrado.it\/it\/#organization","name":"Sestogrado","url":"https:\/\/www.sestogrado.it\/it\/","logo":{"@type":"ImageObject","inLanguage":"it-IT","@id":"https:\/\/www.sestogrado.it\/it\/#\/schema\/logo\/image\/","url":"https:\/\/www.sestogrado.it\/wp-content\/uploads\/2015\/03\/sestogrado-favicon.png","contentUrl":"https:\/\/www.sestogrado.it\/wp-content\/uploads\/2015\/03\/sestogrado-favicon.png","width":260,"height":260,"caption":"Sestogrado"},"image":{"@id":"https:\/\/www.sestogrado.it\/it\/#\/schema\/logo\/image\/"},"sameAs":["https:\/\/www.facebook.com\/pages\/Sestogrado\/1542635979353017?ref=bookmarks","https:\/\/www.youtube.com\/channel\/UC847kAfTkaJsWpc1jtQwr3Q"],"hasMerchantReturnPolicy":{"@type":"MerchantReturnPolicy","merchantReturnLink":"https:\/\/www.sestogrado.it\/it\/termini-e-condizioni\/"}}]},"product_brand":"Millet","product_price_amount":"149.00","product_price_currency":"EUR","og_availability":"instock","product_availability":"instock","product_condition":"new"},"_links":{"self":[{"href":"https:\/\/www.sestogrado.it\/it\/wp-json\/wp\/v2\/product\/54870","targetHints":{"allow":["GET"]}}],"collection":[{"href":"https:\/\/www.sestogrado.it\/it\/wp-json\/wp\/v2\/product"}],"about":[{"href":"https:\/\/www.sestogrado.it\/it\/wp-json\/wp\/v2\/types\/product"}],"replies":[{"embeddable":true,"href":"https:\/\/www.sestogrado.it\/it\/wp-json\/wp\/v2\/comments?post=54870"}],"wp:featuredmedia":[{"embeddable":true,"href":"https:\/\/www.sestogrado.it\/it\/wp-json\/wp\/v2\/media\/54871"}],"wp:attachment":[{"href":"https:\/\/www.sestogrado.it\/it\/wp-json\/wp\/v2\/media?parent=54870"}],"wp:term":[{"taxonomy":"product_brand","embeddable":true,"href":"https:\/\/www.sestogrado.it\/it\/wp-json\/wp\/v2\/product_brand?post=54870"},{"taxonomy":"product_cat","embeddable":true,"href":"https:\/\/www.sestogrado.it\/it\/wp-json\/wp\/v2\/product_cat?post=54870"},{"taxonomy":"product_tag","embeddable":true,"href":"https:\/\/www.sestogrado.it\/it\/wp-json\/wp\/v2\/product_tag?post=54870"}],"curies":[{"name":"wp","href":"https:\/\/api.w.org\/{rel}","templated":true}]}}