{"id":54810,"date":"2021-03-25T14:32:09","date_gmt":"2021-03-25T13:32:09","guid":{"rendered":"https:\/\/www.sestogrado.it\/?post_type=product&#038;p=54810"},"modified":"2026-04-16T15:30:15","modified_gmt":"2026-04-16T13:30:15","slug":"black-diamond-super-chute-rope-bag-borsa-portacorda-arrampicata","status":"publish","type":"product","link":"https:\/\/www.sestogrado.it\/it\/prodotto\/black-diamond-super-chute-rope-bag-borsa-portacorda-arrampicata\/","title":{"rendered":"Black Diamond Super Chute Rope Bag borsa portacorda arrampicata"},"content":{"rendered":"<p>Il Black Diamond Super Chute Rope Bag \u00e8 una borsa porta corda dall&#8217;innovativa forma ad imbuto per consentire di infilare dentro la corda pi\u00f9 rapidamente. E&#8217; dotata di due cinghie di compressione con fibbie in metallo e di tracolla regolabile che rendono il trasporto pratico e agevole. Porta tranquillamente una corda da 80m, legabile ai due capi, verde e rosso, per rapida riconoscibilit\u00e0 del ramo di corda.<\/p>\n<ul>\n<li>robuste cinghie di compressione con fibbie in metallo<\/li>\n<li>due anelli interni per legare i capi della corda<\/li>\n<li>tracolla regolabile<\/li>\n<li>forma ad imbuto<\/li>\n<li>porta una corda da 80m<\/li>\n<li>dimensioni del tappeto: 126 x 146cm<\/li>\n<li>peso: 490g<\/li>\n<li>volume: 25L<\/li>\n<\/ul>\n<p>&nbsp;<\/p>\n<p>Il Black Diamond Super Chute Rope Bag combina la semplicit\u00e0 con la praticit\u00e0, facilitando il trasporto in falesia.<\/p>\n<p>&nbsp;<\/p>\n<p>Black Diamond dal 1957 rappresenta un punto di riferimento mondiale per l\u2019attrezzatura da arrampicata. Ci\u00f2 che all\u2019inizio era una attivit\u00e0 artigianale con incudine e martello oggi si \u00e8 trasformata in una societ\u00e0 globale con uffici in tre continenti. Il segreto di Black Diamond \u00e8 sempre lo stesso: essere una societ\u00e0 formata da appassionati climber. In Black Diamond si continua a sognare su ci\u00f2 che potrebbe essere e si continua ad essere critici su ci\u00f2 che esiste. E\u2019 cos\u00ec che il processo creativo per la realizzazione della migliore attrezzatura da arrampicata non avr\u00e0 mai fine.<\/p>","protected":false},"excerpt":{"rendered":"<p>Il Black Diamond Super Chute Rope Bag \u00e8 una borsa porta corda dall&#8217;innovativa forma ad imbuto per consentire di infilare [&hellip;]<\/p>\n","protected":false},"featured_media":54811,"comment_status":"open","ping_status":"closed","template":"","meta":{"_acf_changed":false},"product_brand":[121],"product_cat":[390,392],"product_tag":[],"class_list":{"0":"post-54810","1":"product","2":"type-product","3":"status-publish","4":"has-post-thumbnail","6":"product_brand-black-diamond","7":"product_cat-zaini-e-borse-portacorda","8":"product_cat-borse-portacorda","10":"first","11":"instock","12":"sale","13":"taxable","14":"shipping-taxable","15":"purchasable","16":"product-type-variable"},"acf":[],"yoast_head":"<!-- This site is optimized with the Yoast SEO plugin v26.4 - https:\/\/yoast.com\/wordpress\/plugins\/seo\/ -->\n<title>Black Diamond Super Chute Rope Bag borsa portacorda arrampicata - Sestogrado<\/title>\n<meta name=\"description\" content=\"Il Black Diamond Super Chute Rope Bag \u00e8 una borsa porta corda dall&#039;innovativa forma ad imbuto per consentire di infilare dentro la corda pi\u00f9 rapidamente. E&#039; dotata di due cinghie di compressione con fibbie in metallo e di tracolla regolabile che rendono il trasporto pratico e agevole. Porta tranquillamente una corda da 80m, legabile ai due capi, verde e rosso, per rapida riconoscibilit\u00e0 del ramo di corda. Il Black Diamond Super Chute Rope Bag combina la semplicit\u00e0 con la praticit\u00e0, facilitando il trasporto in falesia.\" \/>\n<meta name=\"robots\" content=\"index, follow, max-snippet:-1, max-image-preview:large, max-video-preview:-1\" \/>\n<link rel=\"canonical\" href=\"https:\/\/www.sestogrado.it\/it\/prodotto\/black-diamond-super-chute-rope-bag-borsa-portacorda-arrampicata\/\" \/>\n<meta property=\"og:locale\" content=\"it_IT\" \/>\n<meta property=\"og:type\" content=\"article\" \/>\n<meta property=\"og:title\" content=\"Black Diamond Super Chute Rope Bag borsa portacorda arrampicata - Sestogrado\" \/>\n<meta property=\"og:description\" content=\"Il Black Diamond Super Chute Rope Bag \u00e8 una borsa porta corda dall&#039;innovativa forma ad imbuto per consentire di infilare dentro la corda pi\u00f9 rapidamente. E&#039; dotata di due cinghie di compressione con fibbie in metallo e di tracolla regolabile che rendono il trasporto pratico e agevole. Porta tranquillamente una corda da 80m, legabile ai due capi, verde e rosso, per rapida riconoscibilit\u00e0 del ramo di corda. Il Black Diamond Super Chute Rope Bag combina la semplicit\u00e0 con la praticit\u00e0, facilitando il trasporto in falesia.\" \/>\n<meta property=\"og:url\" content=\"https:\/\/www.sestogrado.it\/it\/prodotto\/black-diamond-super-chute-rope-bag-borsa-portacorda-arrampicata\/\" \/>\n<meta property=\"og:site_name\" content=\"Sestogrado\" \/>\n<meta property=\"article:publisher\" content=\"https:\/\/www.facebook.com\/pages\/Sestogrado\/1542635979353017?ref=bookmarks\" \/>\n<meta property=\"article:modified_time\" content=\"2026-04-16T13:30:15+00:00\" \/>\n<meta property=\"og:image\" content=\"https:\/\/www.sestogrado.it\/wp-content\/uploads\/2021\/03\/03-15.jpg\" \/>\n\t<meta property=\"og:image:width\" content=\"1000\" \/>\n\t<meta property=\"og:image:height\" content=\"1000\" \/>\n\t<meta property=\"og:image:type\" content=\"image\/jpeg\" \/>\n<meta name=\"twitter:label1\" content=\"Disponibilit\u00e0\" \/>\n\t<meta name=\"twitter:data1\" content=\"In stock\" \/>\n<script type=\"application\/ld+json\" class=\"yoast-schema-graph\">{\"@context\":\"https:\/\/schema.org\",\"@graph\":[{\"@type\":\"WebPage\",\"@id\":\"https:\/\/www.sestogrado.it\/it\/prodotto\/black-diamond-super-chute-rope-bag-borsa-portacorda-arrampicata\/\",\"url\":\"https:\/\/www.sestogrado.it\/it\/prodotto\/black-diamond-super-chute-rope-bag-borsa-portacorda-arrampicata\/\",\"name\":\"Black Diamond Super Chute Rope Bag borsa portacorda arrampicata - Sestogrado\",\"isPartOf\":{\"@id\":\"https:\/\/www.sestogrado.it\/it\/#website\"},\"primaryImageOfPage\":{\"@id\":\"https:\/\/www.sestogrado.it\/it\/prodotto\/black-diamond-super-chute-rope-bag-borsa-portacorda-arrampicata\/#primaryimage\"},\"image\":{\"@id\":\"https:\/\/www.sestogrado.it\/prodotto\/black-diamond-super-chute-rope-bag-borsa-portacorda-arrampicata\/#primaryimage\"},\"thumbnailUrl\":\"https:\/\/www.sestogrado.it\/wp-content\/uploads\/2021\/03\/03-15.jpg\",\"datePublished\":\"2021-03-25T13:32:09+00:00\",\"dateModified\":\"2026-04-16T13:30:15+00:00\",\"description\":\"Il Black Diamond Super Chute Rope Bag \u00e8 una borsa porta corda dall'innovativa forma ad imbuto per consentire di infilare dentro la corda pi\u00f9 rapidamente. E' dotata di due cinghie di compressione con fibbie in metallo e di tracolla regolabile che rendono il trasporto pratico e agevole. Porta tranquillamente una corda da 80m, legabile ai due capi, verde e rosso, per rapida riconoscibilit\u00e0 del ramo di corda. Il Black Diamond Super Chute Rope Bag combina la semplicit\u00e0 con la praticit\u00e0, facilitando il trasporto in falesia.\",\"breadcrumb\":{\"@id\":\"https:\/\/www.sestogrado.it\/it\/prodotto\/black-diamond-super-chute-rope-bag-borsa-portacorda-arrampicata\/#breadcrumb\"},\"inLanguage\":\"it-IT\",\"potentialAction\":[{\"@type\":\"ReadAction\",\"target\":[[\"https:\/\/www.sestogrado.it\/it\/prodotto\/black-diamond-super-chute-rope-bag-borsa-portacorda-arrampicata\/\"]]}]},{\"@type\":\"ImageObject\",\"inLanguage\":\"it-IT\",\"@id\":\"https:\/\/www.sestogrado.it\/it\/prodotto\/black-diamond-super-chute-rope-bag-borsa-portacorda-arrampicata\/#primaryimage\",\"url\":\"https:\/\/www.sestogrado.it\/wp-content\/uploads\/2021\/03\/03-15.jpg\",\"contentUrl\":\"https:\/\/www.sestogrado.it\/wp-content\/uploads\/2021\/03\/03-15.jpg\",\"width\":1000,\"height\":1000,\"caption\":\"super chute adriatic blue\"},{\"@type\":\"BreadcrumbList\",\"@id\":\"https:\/\/www.sestogrado.it\/it\/prodotto\/black-diamond-super-chute-rope-bag-borsa-portacorda-arrampicata\/#breadcrumb\",\"itemListElement\":[{\"@type\":\"ListItem\",\"position\":1,\"name\":\"Home\",\"item\":\"https:\/\/www.sestogrado.it\/it\/\"},{\"@type\":\"ListItem\",\"position\":2,\"name\":\"Shop\",\"item\":\"https:\/\/www.sestogrado.it\/it\/shop\/\"},{\"@type\":\"ListItem\",\"position\":3,\"name\":\"Black Diamond Super Chute Rope Bag borsa portacorda arrampicata\"}]},{\"@type\":\"WebSite\",\"@id\":\"https:\/\/www.sestogrado.it\/it\/#website\",\"url\":\"https:\/\/www.sestogrado.it\/it\/\",\"name\":\"Sestogrado\",\"description\":\"yes we climb\",\"publisher\":{\"@id\":\"https:\/\/www.sestogrado.it\/it\/#organization\"},\"potentialAction\":[{\"@type\":\"SearchAction\",\"target\":{\"@type\":\"EntryPoint\",\"urlTemplate\":\"https:\/\/www.sestogrado.it\/it\/?s={search_term_string}\"},\"query-input\":{\"@type\":\"PropertyValueSpecification\",\"valueRequired\":true,\"valueName\":\"search_term_string\"}}],\"inLanguage\":\"it-IT\"},{\"@type\":\"Organization\",\"@id\":\"https:\/\/www.sestogrado.it\/it\/#organization\",\"name\":\"Sestogrado\",\"url\":\"https:\/\/www.sestogrado.it\/it\/\",\"logo\":{\"@type\":\"ImageObject\",\"inLanguage\":\"it-IT\",\"@id\":\"https:\/\/www.sestogrado.it\/it\/#\/schema\/logo\/image\/\",\"url\":\"https:\/\/www.sestogrado.it\/wp-content\/uploads\/2015\/03\/sestogrado-favicon.png\",\"contentUrl\":\"https:\/\/www.sestogrado.it\/wp-content\/uploads\/2015\/03\/sestogrado-favicon.png\",\"width\":260,\"height\":260,\"caption\":\"Sestogrado\"},\"image\":{\"@id\":\"https:\/\/www.sestogrado.it\/it\/#\/schema\/logo\/image\/\"},\"sameAs\":[\"https:\/\/www.facebook.com\/pages\/Sestogrado\/1542635979353017?ref=bookmarks\",\"https:\/\/www.youtube.com\/channel\/UC847kAfTkaJsWpc1jtQwr3Q\"],\"hasMerchantReturnPolicy\":{\"@type\":\"MerchantReturnPolicy\",\"merchantReturnLink\":\"https:\/\/www.sestogrado.it\/it\/termini-e-condizioni\/\"}}]}<\/script>\n<meta property=\"product:brand\" content=\"Black Diamond\" \/>\n<meta property=\"og:availability\" content=\"instock\" \/>\n<meta property=\"product:availability\" content=\"instock\" \/>\n<meta property=\"product:condition\" content=\"new\" \/>\n<!-- \/ Yoast SEO plugin. -->","yoast_head_json":{"title":"Black Diamond Super Chute Rope Bag borsa portacorda arrampicata - Sestogrado","description":"Il Black Diamond Super Chute Rope Bag \u00e8 una borsa porta corda dall'innovativa forma ad imbuto per consentire di infilare dentro la corda pi\u00f9 rapidamente. E' dotata di due cinghie di compressione con fibbie in metallo e di tracolla regolabile che rendono il trasporto pratico e agevole. Porta tranquillamente una corda da 80m, legabile ai due capi, verde e rosso, per rapida riconoscibilit\u00e0 del ramo di corda. Il Black Diamond Super Chute Rope Bag combina la semplicit\u00e0 con la praticit\u00e0, facilitando il trasporto in falesia.","robots":{"index":"index","follow":"follow","max-snippet":"max-snippet:-1","max-image-preview":"max-image-preview:large","max-video-preview":"max-video-preview:-1"},"canonical":"https:\/\/www.sestogrado.it\/it\/prodotto\/black-diamond-super-chute-rope-bag-borsa-portacorda-arrampicata\/","og_locale":"it_IT","og_type":"article","og_title":"Black Diamond Super Chute Rope Bag borsa portacorda arrampicata - Sestogrado","og_description":"Il Black Diamond Super Chute Rope Bag \u00e8 una borsa porta corda dall'innovativa forma ad imbuto per consentire di infilare dentro la corda pi\u00f9 rapidamente. E' dotata di due cinghie di compressione con fibbie in metallo e di tracolla regolabile che rendono il trasporto pratico e agevole. Porta tranquillamente una corda da 80m, legabile ai due capi, verde e rosso, per rapida riconoscibilit\u00e0 del ramo di corda. Il Black Diamond Super Chute Rope Bag combina la semplicit\u00e0 con la praticit\u00e0, facilitando il trasporto in falesia.","og_url":"https:\/\/www.sestogrado.it\/it\/prodotto\/black-diamond-super-chute-rope-bag-borsa-portacorda-arrampicata\/","og_site_name":"Sestogrado","article_publisher":"https:\/\/www.facebook.com\/pages\/Sestogrado\/1542635979353017?ref=bookmarks","article_modified_time":"2026-04-16T13:30:15+00:00","og_image":[{"width":1000,"height":1000,"url":"https:\/\/www.sestogrado.it\/wp-content\/uploads\/2021\/03\/03-15.jpg","type":"image\/jpeg"}],"twitter_misc":{"Disponibilit\u00e0":"In stock"},"schema":{"@context":"https:\/\/schema.org","@graph":[{"@type":"WebPage","@id":"https:\/\/www.sestogrado.it\/it\/prodotto\/black-diamond-super-chute-rope-bag-borsa-portacorda-arrampicata\/","url":"https:\/\/www.sestogrado.it\/it\/prodotto\/black-diamond-super-chute-rope-bag-borsa-portacorda-arrampicata\/","name":"Black Diamond Super Chute Rope Bag borsa portacorda arrampicata - Sestogrado","isPartOf":{"@id":"https:\/\/www.sestogrado.it\/it\/#website"},"primaryImageOfPage":{"@id":"https:\/\/www.sestogrado.it\/it\/prodotto\/black-diamond-super-chute-rope-bag-borsa-portacorda-arrampicata\/#primaryimage"},"image":{"@id":"https:\/\/www.sestogrado.it\/prodotto\/black-diamond-super-chute-rope-bag-borsa-portacorda-arrampicata\/#primaryimage"},"thumbnailUrl":"https:\/\/www.sestogrado.it\/wp-content\/uploads\/2021\/03\/03-15.jpg","datePublished":"2021-03-25T13:32:09+00:00","dateModified":"2026-04-16T13:30:15+00:00","description":"Il Black Diamond Super Chute Rope Bag \u00e8 una borsa porta corda dall'innovativa forma ad imbuto per consentire di infilare dentro la corda pi\u00f9 rapidamente. E' dotata di due cinghie di compressione con fibbie in metallo e di tracolla regolabile che rendono il trasporto pratico e agevole. Porta tranquillamente una corda da 80m, legabile ai due capi, verde e rosso, per rapida riconoscibilit\u00e0 del ramo di corda. Il Black Diamond Super Chute Rope Bag combina la semplicit\u00e0 con la praticit\u00e0, facilitando il trasporto in falesia.","breadcrumb":{"@id":"https:\/\/www.sestogrado.it\/it\/prodotto\/black-diamond-super-chute-rope-bag-borsa-portacorda-arrampicata\/#breadcrumb"},"inLanguage":"it-IT","potentialAction":[{"@type":"ReadAction","target":[["https:\/\/www.sestogrado.it\/it\/prodotto\/black-diamond-super-chute-rope-bag-borsa-portacorda-arrampicata\/"]]}]},{"@type":"ImageObject","inLanguage":"it-IT","@id":"https:\/\/www.sestogrado.it\/it\/prodotto\/black-diamond-super-chute-rope-bag-borsa-portacorda-arrampicata\/#primaryimage","url":"https:\/\/www.sestogrado.it\/wp-content\/uploads\/2021\/03\/03-15.jpg","contentUrl":"https:\/\/www.sestogrado.it\/wp-content\/uploads\/2021\/03\/03-15.jpg","width":1000,"height":1000,"caption":"super chute adriatic blue"},{"@type":"BreadcrumbList","@id":"https:\/\/www.sestogrado.it\/it\/prodotto\/black-diamond-super-chute-rope-bag-borsa-portacorda-arrampicata\/#breadcrumb","itemListElement":[{"@type":"ListItem","position":1,"name":"Home","item":"https:\/\/www.sestogrado.it\/it\/"},{"@type":"ListItem","position":2,"name":"Shop","item":"https:\/\/www.sestogrado.it\/it\/shop\/"},{"@type":"ListItem","position":3,"name":"Black Diamond Super Chute Rope Bag borsa portacorda arrampicata"}]},{"@type":"WebSite","@id":"https:\/\/www.sestogrado.it\/it\/#website","url":"https:\/\/www.sestogrado.it\/it\/","name":"Sestogrado","description":"yes we climb","publisher":{"@id":"https:\/\/www.sestogrado.it\/it\/#organization"},"potentialAction":[{"@type":"SearchAction","target":{"@type":"EntryPoint","urlTemplate":"https:\/\/www.sestogrado.it\/it\/?s={search_term_string}"},"query-input":{"@type":"PropertyValueSpecification","valueRequired":true,"valueName":"search_term_string"}}],"inLanguage":"it-IT"},{"@type":"Organization","@id":"https:\/\/www.sestogrado.it\/it\/#organization","name":"Sestogrado","url":"https:\/\/www.sestogrado.it\/it\/","logo":{"@type":"ImageObject","inLanguage":"it-IT","@id":"https:\/\/www.sestogrado.it\/it\/#\/schema\/logo\/image\/","url":"https:\/\/www.sestogrado.it\/wp-content\/uploads\/2015\/03\/sestogrado-favicon.png","contentUrl":"https:\/\/www.sestogrado.it\/wp-content\/uploads\/2015\/03\/sestogrado-favicon.png","width":260,"height":260,"caption":"Sestogrado"},"image":{"@id":"https:\/\/www.sestogrado.it\/it\/#\/schema\/logo\/image\/"},"sameAs":["https:\/\/www.facebook.com\/pages\/Sestogrado\/1542635979353017?ref=bookmarks","https:\/\/www.youtube.com\/channel\/UC847kAfTkaJsWpc1jtQwr3Q"],"hasMerchantReturnPolicy":{"@type":"MerchantReturnPolicy","merchantReturnLink":"https:\/\/www.sestogrado.it\/it\/termini-e-condizioni\/"}}]},"product_brand":"Black Diamond","og_availability":"instock","product_availability":"instock","product_condition":"new"},"_links":{"self":[{"href":"https:\/\/www.sestogrado.it\/it\/wp-json\/wp\/v2\/product\/54810","targetHints":{"allow":["GET"]}}],"collection":[{"href":"https:\/\/www.sestogrado.it\/it\/wp-json\/wp\/v2\/product"}],"about":[{"href":"https:\/\/www.sestogrado.it\/it\/wp-json\/wp\/v2\/types\/product"}],"replies":[{"embeddable":true,"href":"https:\/\/www.sestogrado.it\/it\/wp-json\/wp\/v2\/comments?post=54810"}],"wp:featuredmedia":[{"embeddable":true,"href":"https:\/\/www.sestogrado.it\/it\/wp-json\/wp\/v2\/media\/54811"}],"wp:attachment":[{"href":"https:\/\/www.sestogrado.it\/it\/wp-json\/wp\/v2\/media?parent=54810"}],"wp:term":[{"taxonomy":"product_brand","embeddable":true,"href":"https:\/\/www.sestogrado.it\/it\/wp-json\/wp\/v2\/product_brand?post=54810"},{"taxonomy":"product_cat","embeddable":true,"href":"https:\/\/www.sestogrado.it\/it\/wp-json\/wp\/v2\/product_cat?post=54810"},{"taxonomy":"product_tag","embeddable":true,"href":"https:\/\/www.sestogrado.it\/it\/wp-json\/wp\/v2\/product_tag?post=54810"}],"curies":[{"name":"wp","href":"https:\/\/api.w.org\/{rel}","templated":true}]}}