{"id":544,"date":"2015-03-12T15:45:59","date_gmt":"2015-03-12T14:45:59","guid":{"rendered":"http:\/\/www.sestogrado.it\/?post_type=product&#038;p=544"},"modified":"2026-02-07T13:16:09","modified_gmt":"2026-02-07T12:16:09","slug":"camp-speed-comp-casco-alpinismo-scialpinismo","status":"publish","type":"product","link":"https:\/\/www.sestogrado.it\/it\/prodotto\/camp-speed-comp-casco-alpinismo-scialpinismo\/","title":{"rendered":"Camp Speed Comp casco alpinismo &#8211; scialpinismo"},"content":{"rendered":"<p>Il Camp Speed Comp \u00e8 un casco tecnico e leggero con doppia omologazione, oltre che per alpinismo \u00e8 omologato per le competizioni di scialpinismo in base al regolamento ISMF che prevede la conformit\u00e0 dei caschi alle norme EN 12492 (alpinismo) e EN 1077\/B (sci alpino). Il Camp Speed Comp offre un elevato standard di sicurezza, senza comprometterne il comfort.<\/p>\n<p>La doppia certificazione garantisce un pi\u00f9 elevato standard di sicurezza per gli atleti, assicurando in particolare un\u2019alta protezione dagli impatti laterali. La robustezza del casco, indispensabile per superare i severi test richiesti dalla norma EN 1077\/B, non ne compromette l&#8217;ottima vestibilit\u00e0 e praticit\u00e0 di utilizzo: lo Speed Comp assicura infatti un&#8217;ottima ventilazione e, grazie allo speciale riduttore, \u00e8 ideale anche per le teste pi\u00f9 piccole. \u00c8 inoltre provvisto di sistema di aggancio della maschera da sci e di uno speciale sistema di fissaggio, con clip ed elastico, per la lampada frontale.<\/p>\n<p>\u2022 Struttura interna in EPS e calotta esterna in policarbonato \u201cin-moulding\u201d<br \/>\n\u2022 Aperture laterali e posteriori per un\u2019eccellente ventilazione<br \/>\n\u2022 Imbottitura interna in foam antisudore<br \/>\n\u2022 Sistema di regolazione posteriore con rotella<br \/>\n\u2022 Sistema di aggancio per maschera da sci<br \/>\n\u2022 Clip ed elastico portalampada<br \/>\n\u2022 Riduttore per taglie piccole<br \/>\n\u2022 Conforme alle norme EN 12492 e EN 1077\/B in accordo con il regolamento ISMF<\/p>\n<p>Disponibili separatamente i <a href=\"https:\/\/www.sestogrado.it\/it\/prodotto\/camp-paraorecchie-per-casco-speed-comp\/\" target=\"_blank\" rel=\"noopener noreferrer\">paraorecchie<\/a> in caso di freddo intenso e forte vento.<\/p>\n<div align=\"justify\"><\/div>\n<div align=\"justify\">Il Camp Speed Comp \u00e8 un casco top di gamma, progettato e curato nei minimi dettagli\u00a0specificamente per le competizioni e per l\u2019arrampicata di alto livello.<\/div>\n<div class=\"font_sito\" align=\"justify\"><\/div>\n<div class=\"font_sito\" align=\"justify\">\n<p>Camp: 125 anni di passione<\/p>\n<p>1889: nasce CAMP. Guardarsi indietro mette le vertigini. Mettendoci nei panni dei pionieri dell&#8217;alpinismo, cosa avremmo pensato di fronte alle ultime tecnologie di CAMP, dove al posto del legno spiccano le leghe aerospaziali e le nanotecnologie? In mezzo c&#8217;\u00e8 la storia di CAMP, fatta di lavoro e di passione che hanno contraddistinto il cammino di generazioni fino ai nostri giorni.<\/p>\n<\/div>\n<p><\/p>","protected":false},"excerpt":{"rendered":"<p>Il Camp Speed Comp \u00e8 un casco tecnico e leggero con doppia omologazione, oltre che per alpinismo \u00e8 omologato per [&hellip;]<\/p>\n","protected":false},"featured_media":133078,"comment_status":"open","ping_status":"closed","template":"","meta":{"_acf_changed":false},"product_brand":[31],"product_cat":[18,143],"product_tag":[],"class_list":{"0":"post-544","1":"product","2":"type-product","3":"status-publish","4":"has-post-thumbnail","6":"product_brand-camp","7":"product_cat-accessori","8":"product_cat-caschi","10":"first","11":"outofstock","12":"sale","13":"taxable","14":"shipping-taxable","15":"purchasable","16":"product-type-variable"},"acf":[],"yoast_head":"<!-- This site is optimized with the Yoast SEO plugin v26.4 - https:\/\/yoast.com\/wordpress\/plugins\/seo\/ -->\n<title>Camp Speed Comp casco alpinismo - scialpinismo - Sestogrado<\/title>\n<meta name=\"description\" content=\"Il Camp Speed Comp \u00e8 un casco da\u00a0competizione modificato in base al nuovo regolamento ISMF per le competizioni di scialpinismo.\" \/>\n<meta name=\"robots\" content=\"index, follow, max-snippet:-1, max-image-preview:large, max-video-preview:-1\" \/>\n<link rel=\"canonical\" href=\"https:\/\/www.sestogrado.it\/it\/prodotto\/camp-speed-comp-casco-alpinismo-scialpinismo\/\" \/>\n<meta property=\"og:locale\" content=\"it_IT\" \/>\n<meta property=\"og:type\" content=\"article\" \/>\n<meta property=\"og:title\" content=\"Camp Speed Comp casco alpinismo - scialpinismo - Sestogrado\" \/>\n<meta property=\"og:description\" content=\"Il Camp Speed Comp \u00e8 un casco da\u00a0competizione modificato in base al nuovo regolamento ISMF per le competizioni di scialpinismo.\" \/>\n<meta property=\"og:url\" content=\"https:\/\/www.sestogrado.it\/it\/prodotto\/camp-speed-comp-casco-alpinismo-scialpinismo\/\" \/>\n<meta property=\"og:site_name\" content=\"Sestogrado\" \/>\n<meta property=\"article:publisher\" content=\"https:\/\/www.facebook.com\/pages\/Sestogrado\/1542635979353017?ref=bookmarks\" \/>\n<meta property=\"article:modified_time\" content=\"2026-02-07T12:16:09+00:00\" \/>\n<meta property=\"og:image\" content=\"https:\/\/www.sestogrado.it\/wp-content\/uploads\/2015\/03\/01-nero.jpg\" \/>\n\t<meta property=\"og:image:width\" content=\"1400\" \/>\n\t<meta property=\"og:image:height\" content=\"1400\" \/>\n\t<meta property=\"og:image:type\" content=\"image\/jpeg\" \/>\n<meta name=\"twitter:label1\" content=\"Disponibilit\u00e0\" \/>\n\t<meta name=\"twitter:data1\" content=\"Esaurito\" \/>\n<script type=\"application\/ld+json\" class=\"yoast-schema-graph\">{\"@context\":\"https:\/\/schema.org\",\"@graph\":[{\"@type\":\"WebPage\",\"@id\":\"https:\/\/www.sestogrado.it\/it\/prodotto\/camp-speed-comp-casco-alpinismo-scialpinismo\/\",\"url\":\"https:\/\/www.sestogrado.it\/it\/prodotto\/camp-speed-comp-casco-alpinismo-scialpinismo\/\",\"name\":\"Camp Speed Comp casco alpinismo - scialpinismo - Sestogrado\",\"isPartOf\":{\"@id\":\"https:\/\/www.sestogrado.it\/it\/#website\"},\"primaryImageOfPage\":{\"@id\":\"https:\/\/www.sestogrado.it\/it\/prodotto\/camp-speed-comp-casco-alpinismo-scialpinismo\/#primaryimage\"},\"image\":{\"@id\":\"https:\/\/www.sestogrado.it\/prodotto\/camp-speed-comp-casco-alpinismo-scialpinismo\/#primaryimage\"},\"thumbnailUrl\":\"https:\/\/www.sestogrado.it\/wp-content\/uploads\/2015\/03\/01-nero.jpg\",\"datePublished\":\"2015-03-12T14:45:59+00:00\",\"dateModified\":\"2026-02-07T12:16:09+00:00\",\"description\":\"Il Camp Speed Comp \u00e8 un casco da\u00a0competizione modificato in base al nuovo regolamento ISMF per le competizioni di scialpinismo.\",\"breadcrumb\":{\"@id\":\"https:\/\/www.sestogrado.it\/it\/prodotto\/camp-speed-comp-casco-alpinismo-scialpinismo\/#breadcrumb\"},\"inLanguage\":\"it-IT\",\"potentialAction\":[{\"@type\":\"ReadAction\",\"target\":[[\"https:\/\/www.sestogrado.it\/it\/prodotto\/camp-speed-comp-casco-alpinismo-scialpinismo\/\"]]}]},{\"@type\":\"ImageObject\",\"inLanguage\":\"it-IT\",\"@id\":\"https:\/\/www.sestogrado.it\/it\/prodotto\/camp-speed-comp-casco-alpinismo-scialpinismo\/#primaryimage\",\"url\":\"https:\/\/www.sestogrado.it\/wp-content\/uploads\/2015\/03\/01-nero.jpg\",\"contentUrl\":\"https:\/\/www.sestogrado.it\/wp-content\/uploads\/2015\/03\/01-nero.jpg\",\"width\":1400,\"height\":1400,\"caption\":\"speed comp nero\"},{\"@type\":\"BreadcrumbList\",\"@id\":\"https:\/\/www.sestogrado.it\/it\/prodotto\/camp-speed-comp-casco-alpinismo-scialpinismo\/#breadcrumb\",\"itemListElement\":[{\"@type\":\"ListItem\",\"position\":1,\"name\":\"Home\",\"item\":\"https:\/\/www.sestogrado.it\/it\/\"},{\"@type\":\"ListItem\",\"position\":2,\"name\":\"Shop\",\"item\":\"https:\/\/www.sestogrado.it\/it\/shop\/\"},{\"@type\":\"ListItem\",\"position\":3,\"name\":\"Camp Speed Comp casco alpinismo &#8211; scialpinismo\"}]},{\"@type\":\"WebSite\",\"@id\":\"https:\/\/www.sestogrado.it\/it\/#website\",\"url\":\"https:\/\/www.sestogrado.it\/it\/\",\"name\":\"Sestogrado\",\"description\":\"yes we climb\",\"publisher\":{\"@id\":\"https:\/\/www.sestogrado.it\/it\/#organization\"},\"potentialAction\":[{\"@type\":\"SearchAction\",\"target\":{\"@type\":\"EntryPoint\",\"urlTemplate\":\"https:\/\/www.sestogrado.it\/it\/?s={search_term_string}\"},\"query-input\":{\"@type\":\"PropertyValueSpecification\",\"valueRequired\":true,\"valueName\":\"search_term_string\"}}],\"inLanguage\":\"it-IT\"},{\"@type\":\"Organization\",\"@id\":\"https:\/\/www.sestogrado.it\/it\/#organization\",\"name\":\"Sestogrado\",\"url\":\"https:\/\/www.sestogrado.it\/it\/\",\"logo\":{\"@type\":\"ImageObject\",\"inLanguage\":\"it-IT\",\"@id\":\"https:\/\/www.sestogrado.it\/it\/#\/schema\/logo\/image\/\",\"url\":\"https:\/\/www.sestogrado.it\/wp-content\/uploads\/2015\/03\/sestogrado-favicon.png\",\"contentUrl\":\"https:\/\/www.sestogrado.it\/wp-content\/uploads\/2015\/03\/sestogrado-favicon.png\",\"width\":260,\"height\":260,\"caption\":\"Sestogrado\"},\"image\":{\"@id\":\"https:\/\/www.sestogrado.it\/it\/#\/schema\/logo\/image\/\"},\"sameAs\":[\"https:\/\/www.facebook.com\/pages\/Sestogrado\/1542635979353017?ref=bookmarks\",\"https:\/\/www.youtube.com\/channel\/UC847kAfTkaJsWpc1jtQwr3Q\"],\"hasMerchantReturnPolicy\":{\"@type\":\"MerchantReturnPolicy\",\"merchantReturnLink\":\"https:\/\/www.sestogrado.it\/it\/termini-e-condizioni\/\"}}]}<\/script>\n<meta property=\"product:brand\" content=\"Camp\" \/>\n<meta property=\"og:availability\" content=\"out of stock\" \/>\n<meta property=\"product:availability\" content=\"out of stock\" \/>\n<meta property=\"product:condition\" content=\"new\" \/>\n<!-- \/ Yoast SEO plugin. -->","yoast_head_json":{"title":"Camp Speed Comp casco alpinismo - scialpinismo - Sestogrado","description":"Il Camp Speed Comp \u00e8 un casco da\u00a0competizione modificato in base al nuovo regolamento ISMF per le competizioni di scialpinismo.","robots":{"index":"index","follow":"follow","max-snippet":"max-snippet:-1","max-image-preview":"max-image-preview:large","max-video-preview":"max-video-preview:-1"},"canonical":"https:\/\/www.sestogrado.it\/it\/prodotto\/camp-speed-comp-casco-alpinismo-scialpinismo\/","og_locale":"it_IT","og_type":"article","og_title":"Camp Speed Comp casco alpinismo - scialpinismo - Sestogrado","og_description":"Il Camp Speed Comp \u00e8 un casco da\u00a0competizione modificato in base al nuovo regolamento ISMF per le competizioni di scialpinismo.","og_url":"https:\/\/www.sestogrado.it\/it\/prodotto\/camp-speed-comp-casco-alpinismo-scialpinismo\/","og_site_name":"Sestogrado","article_publisher":"https:\/\/www.facebook.com\/pages\/Sestogrado\/1542635979353017?ref=bookmarks","article_modified_time":"2026-02-07T12:16:09+00:00","og_image":[{"width":1400,"height":1400,"url":"https:\/\/www.sestogrado.it\/wp-content\/uploads\/2015\/03\/01-nero.jpg","type":"image\/jpeg"}],"twitter_misc":{"Disponibilit\u00e0":"Esaurito"},"schema":{"@context":"https:\/\/schema.org","@graph":[{"@type":"WebPage","@id":"https:\/\/www.sestogrado.it\/it\/prodotto\/camp-speed-comp-casco-alpinismo-scialpinismo\/","url":"https:\/\/www.sestogrado.it\/it\/prodotto\/camp-speed-comp-casco-alpinismo-scialpinismo\/","name":"Camp Speed Comp casco alpinismo - scialpinismo - Sestogrado","isPartOf":{"@id":"https:\/\/www.sestogrado.it\/it\/#website"},"primaryImageOfPage":{"@id":"https:\/\/www.sestogrado.it\/it\/prodotto\/camp-speed-comp-casco-alpinismo-scialpinismo\/#primaryimage"},"image":{"@id":"https:\/\/www.sestogrado.it\/prodotto\/camp-speed-comp-casco-alpinismo-scialpinismo\/#primaryimage"},"thumbnailUrl":"https:\/\/www.sestogrado.it\/wp-content\/uploads\/2015\/03\/01-nero.jpg","datePublished":"2015-03-12T14:45:59+00:00","dateModified":"2026-02-07T12:16:09+00:00","description":"Il Camp Speed Comp \u00e8 un casco da\u00a0competizione modificato in base al nuovo regolamento ISMF per le competizioni di scialpinismo.","breadcrumb":{"@id":"https:\/\/www.sestogrado.it\/it\/prodotto\/camp-speed-comp-casco-alpinismo-scialpinismo\/#breadcrumb"},"inLanguage":"it-IT","potentialAction":[{"@type":"ReadAction","target":[["https:\/\/www.sestogrado.it\/it\/prodotto\/camp-speed-comp-casco-alpinismo-scialpinismo\/"]]}]},{"@type":"ImageObject","inLanguage":"it-IT","@id":"https:\/\/www.sestogrado.it\/it\/prodotto\/camp-speed-comp-casco-alpinismo-scialpinismo\/#primaryimage","url":"https:\/\/www.sestogrado.it\/wp-content\/uploads\/2015\/03\/01-nero.jpg","contentUrl":"https:\/\/www.sestogrado.it\/wp-content\/uploads\/2015\/03\/01-nero.jpg","width":1400,"height":1400,"caption":"speed comp nero"},{"@type":"BreadcrumbList","@id":"https:\/\/www.sestogrado.it\/it\/prodotto\/camp-speed-comp-casco-alpinismo-scialpinismo\/#breadcrumb","itemListElement":[{"@type":"ListItem","position":1,"name":"Home","item":"https:\/\/www.sestogrado.it\/it\/"},{"@type":"ListItem","position":2,"name":"Shop","item":"https:\/\/www.sestogrado.it\/it\/shop\/"},{"@type":"ListItem","position":3,"name":"Camp Speed Comp casco alpinismo &#8211; scialpinismo"}]},{"@type":"WebSite","@id":"https:\/\/www.sestogrado.it\/it\/#website","url":"https:\/\/www.sestogrado.it\/it\/","name":"Sestogrado","description":"yes we climb","publisher":{"@id":"https:\/\/www.sestogrado.it\/it\/#organization"},"potentialAction":[{"@type":"SearchAction","target":{"@type":"EntryPoint","urlTemplate":"https:\/\/www.sestogrado.it\/it\/?s={search_term_string}"},"query-input":{"@type":"PropertyValueSpecification","valueRequired":true,"valueName":"search_term_string"}}],"inLanguage":"it-IT"},{"@type":"Organization","@id":"https:\/\/www.sestogrado.it\/it\/#organization","name":"Sestogrado","url":"https:\/\/www.sestogrado.it\/it\/","logo":{"@type":"ImageObject","inLanguage":"it-IT","@id":"https:\/\/www.sestogrado.it\/it\/#\/schema\/logo\/image\/","url":"https:\/\/www.sestogrado.it\/wp-content\/uploads\/2015\/03\/sestogrado-favicon.png","contentUrl":"https:\/\/www.sestogrado.it\/wp-content\/uploads\/2015\/03\/sestogrado-favicon.png","width":260,"height":260,"caption":"Sestogrado"},"image":{"@id":"https:\/\/www.sestogrado.it\/it\/#\/schema\/logo\/image\/"},"sameAs":["https:\/\/www.facebook.com\/pages\/Sestogrado\/1542635979353017?ref=bookmarks","https:\/\/www.youtube.com\/channel\/UC847kAfTkaJsWpc1jtQwr3Q"],"hasMerchantReturnPolicy":{"@type":"MerchantReturnPolicy","merchantReturnLink":"https:\/\/www.sestogrado.it\/it\/termini-e-condizioni\/"}}]},"product_brand":"Camp","og_availability":"out of stock","product_availability":"out of stock","product_condition":"new"},"_links":{"self":[{"href":"https:\/\/www.sestogrado.it\/it\/wp-json\/wp\/v2\/product\/544","targetHints":{"allow":["GET"]}}],"collection":[{"href":"https:\/\/www.sestogrado.it\/it\/wp-json\/wp\/v2\/product"}],"about":[{"href":"https:\/\/www.sestogrado.it\/it\/wp-json\/wp\/v2\/types\/product"}],"replies":[{"embeddable":true,"href":"https:\/\/www.sestogrado.it\/it\/wp-json\/wp\/v2\/comments?post=544"}],"wp:featuredmedia":[{"embeddable":true,"href":"https:\/\/www.sestogrado.it\/it\/wp-json\/wp\/v2\/media\/133078"}],"wp:attachment":[{"href":"https:\/\/www.sestogrado.it\/it\/wp-json\/wp\/v2\/media?parent=544"}],"wp:term":[{"taxonomy":"product_brand","embeddable":true,"href":"https:\/\/www.sestogrado.it\/it\/wp-json\/wp\/v2\/product_brand?post=544"},{"taxonomy":"product_cat","embeddable":true,"href":"https:\/\/www.sestogrado.it\/it\/wp-json\/wp\/v2\/product_cat?post=544"},{"taxonomy":"product_tag","embeddable":true,"href":"https:\/\/www.sestogrado.it\/it\/wp-json\/wp\/v2\/product_tag?post=544"}],"curies":[{"name":"wp","href":"https:\/\/api.w.org\/{rel}","templated":true}]}}