{"id":53162,"date":"2021-03-05T09:33:18","date_gmt":"2021-03-05T08:33:18","guid":{"rendered":"https:\/\/www.sestogrado.it\/?post_type=product&#038;p=53162"},"modified":"2026-04-04T09:39:58","modified_gmt":"2026-04-04T07:39:58","slug":"dmm-dragonfly-cam-micro-friend-arrampicata-a-stelo-flessibile","status":"publish","type":"product","link":"https:\/\/www.sestogrado.it\/it\/prodotto\/dmm-dragonfly-cam-micro-friend-arrampicata-a-stelo-flessibile\/","title":{"rendered":"DMM Dragonfly Cam micro friend arrampicata a stelo flessibile"},"content":{"rendered":"<p>I DMM Dragonfly Cam sono dei friend da arrampicata a stelo flessibile. Sono piccoli e si infilano nelle fessure e tasche pi\u00f9 sottili. La misura 1 dei Dragonfly Cam \u00e8 la pi\u00f9 piccola sul mercato. I 6 Dragonfly Cam coprono piazzamenti tra 7.4mm e 28.3mm quindi ti permettono di proteggerti anche quando la roccia presenta fessure davvero piccole.<\/p>\n<p>I Dragonfly sono friend a singolo asse con uno stelo estremamente flessibile con una testa estremamente sottile ed una barra di tiraggio super compatta per consentire di essere piazzati il pi\u00f9 possibile in profondit\u00e0. La fettuccia in Dynatec da 11mm \u00e8 estensibile, consentendo di proteggere i buchi pi\u00f9 profondi; fissata sull&#8217;appoggio per il pollice, ha una cucitura molto compatta che permette di piazzare facilmente il moschettone. I lobi TripleGrip hanno una finitura in alluminio grezzo e delle scanalature per massimizzare il grip della superficie sulla roccia.<\/p>\n<ul>\n<li>Angolo delle camme di 13,75\u00b0 che garantisce la combinazione ideale di forza di tenuta, ampiezza di apertura e prestazioni<\/li>\n<li>Lobi TripleGrip con superficie in alluminio grezzo per un migliore grip sulla roccia<\/li>\n<li>Appoggio per il pollice e barra di tiraggio ergonomici per un una migliore maneggevolezza<\/li>\n<li>Cavo dello stelo flessibile per minimizzare la possibilit\u00e0 di &#8220;camminamento&#8221; nelle fessure<\/li>\n<li>Testa ultrasottile per adattarsi ai buchi pi\u00f9 piccoli<\/li>\n<li>Grilletto compatto per permettere di piazzare il friend in profondit\u00e0<\/li>\n<li>Codice colore per distinguerli velocemente e semplicemente<\/li>\n<li>Fettuccia 11mm estensibile con cucitura compatta per permettere l&#8217;estensione da entrambi i rami<\/li>\n<\/ul>\n<p>&nbsp;<\/p>\n<p>I DMM Dragonfly Cam sono dei friend ideali per roccia difficile da proteggere, con piccoli buchi e fessure, tipici del calcare in Dolomiti, parete sud della Marmolada. I punti di forza, oltre alla flessibilit\u00e0 ed alla dimensione, \u00e8 la fettuccia da 11mm estensibile, che pu\u00f2 essere utilizzata &#8220;doppiata&#8221; con una distanza di 12\/13 cm dall&#8217;occhiello o singola, con una distanza di 24\/25cm, ideale per proteggere buchi in profondit\u00e0.<\/p>\n<p>&nbsp;<\/p>\n","protected":false},"excerpt":{"rendered":"<p>I DMM Dragonfly Cam sono dei friend da arrampicata a stelo flessibile. Sono piccoli e si infilano nelle fessure e [&hellip;]<\/p>\n","protected":false},"featured_media":53210,"comment_status":"open","ping_status":"closed","template":"","meta":{"_acf_changed":false},"product_brand":[86],"product_cat":[135],"product_tag":[],"class_list":{"0":"post-53162","1":"product","2":"type-product","3":"status-publish","4":"has-post-thumbnail","6":"product_brand-dmm","7":"product_cat-friends-e-nuts","9":"first","10":"instock","11":"sale","12":"taxable","13":"shipping-taxable","14":"purchasable","15":"product-type-variable"},"acf":[],"yoast_head":"<!-- This site is optimized with the Yoast SEO plugin v26.4 - https:\/\/yoast.com\/wordpress\/plugins\/seo\/ -->\n<title>DMM Dragonfly Cam micro friend arrampicata a stelo flessibile - Sestogrado<\/title>\n<meta name=\"description\" content=\"I DMM Dragonfly Cam sono dei friend da arrampicata a stelo flessibile. Sono piccoli e si infilano nelle fessure e tasche pi\u00f9 sottili. La misura 1 dei Dragonfly Cam \u00e8 la pi\u00f9 piccola sul mercato. I 6 Dragonfly Cam coprono piazzamenti tra 7.4mm e 28.3mm quindi ti permettono di proteggerti anche quando la roccia presenta fessure davvero piccole.I Dragonfly sono friend a singolo asse con uno stelo estremamente flessibile con una testa estremamente sottile ed una barra di tiraggio super compatta per consentire di essere piazzati il pi\u00f9 possibile in profondit\u00e0. La fettuccia in Dynatec da 11mm \u00e8 estensibile, consentendo di proteggere i buchi pi\u00f9 profondi; fissata sull&#039;appoggio per il pollice, ha una cucitura molto compatta che permette di piazzare facilmente il moschettone. I lobi TripleGrip hanno una finitura in alluminio grezzo e delle scanalature per massimizzare il grip della superficie sulla roccia.\" \/>\n<meta name=\"robots\" content=\"index, follow, max-snippet:-1, max-image-preview:large, max-video-preview:-1\" \/>\n<link rel=\"canonical\" href=\"https:\/\/www.sestogrado.it\/it\/prodotto\/dmm-dragonfly-cam-micro-friend-arrampicata-a-stelo-flessibile\/\" \/>\n<meta property=\"og:locale\" content=\"it_IT\" \/>\n<meta property=\"og:type\" content=\"article\" \/>\n<meta property=\"og:title\" content=\"DMM Dragonfly Cam micro friend arrampicata a stelo flessibile - Sestogrado\" \/>\n<meta property=\"og:description\" content=\"I DMM Dragonfly Cam sono dei friend da arrampicata a stelo flessibile. Sono piccoli e si infilano nelle fessure e tasche pi\u00f9 sottili. La misura 1 dei Dragonfly Cam \u00e8 la pi\u00f9 piccola sul mercato. I 6 Dragonfly Cam coprono piazzamenti tra 7.4mm e 28.3mm quindi ti permettono di proteggerti anche quando la roccia presenta fessure davvero piccole.I Dragonfly sono friend a singolo asse con uno stelo estremamente flessibile con una testa estremamente sottile ed una barra di tiraggio super compatta per consentire di essere piazzati il pi\u00f9 possibile in profondit\u00e0. La fettuccia in Dynatec da 11mm \u00e8 estensibile, consentendo di proteggere i buchi pi\u00f9 profondi; fissata sull&#039;appoggio per il pollice, ha una cucitura molto compatta che permette di piazzare facilmente il moschettone. I lobi TripleGrip hanno una finitura in alluminio grezzo e delle scanalature per massimizzare il grip della superficie sulla roccia.\" \/>\n<meta property=\"og:url\" content=\"https:\/\/www.sestogrado.it\/it\/prodotto\/dmm-dragonfly-cam-micro-friend-arrampicata-a-stelo-flessibile\/\" \/>\n<meta property=\"og:site_name\" content=\"Sestogrado\" \/>\n<meta property=\"article:publisher\" content=\"https:\/\/www.facebook.com\/pages\/Sestogrado\/1542635979353017?ref=bookmarks\" \/>\n<meta property=\"article:modified_time\" content=\"2026-04-04T07:39:58+00:00\" \/>\n<meta property=\"og:image\" content=\"https:\/\/www.sestogrado.it\/wp-content\/uploads\/2021\/03\/01-green.jpg\" \/>\n\t<meta property=\"og:image:width\" content=\"956\" \/>\n\t<meta property=\"og:image:height\" content=\"956\" \/>\n\t<meta property=\"og:image:type\" content=\"image\/jpeg\" \/>\n<meta name=\"twitter:label1\" content=\"Disponibilit\u00e0\" \/>\n\t<meta name=\"twitter:data1\" content=\"In stock\" \/>\n<script type=\"application\/ld+json\" class=\"yoast-schema-graph\">{\"@context\":\"https:\/\/schema.org\",\"@graph\":[{\"@type\":\"WebPage\",\"@id\":\"https:\/\/www.sestogrado.it\/it\/prodotto\/dmm-dragonfly-cam-micro-friend-arrampicata-a-stelo-flessibile\/\",\"url\":\"https:\/\/www.sestogrado.it\/it\/prodotto\/dmm-dragonfly-cam-micro-friend-arrampicata-a-stelo-flessibile\/\",\"name\":\"DMM Dragonfly Cam micro friend arrampicata a stelo flessibile - Sestogrado\",\"isPartOf\":{\"@id\":\"https:\/\/www.sestogrado.it\/it\/#website\"},\"primaryImageOfPage\":{\"@id\":\"https:\/\/www.sestogrado.it\/it\/prodotto\/dmm-dragonfly-cam-micro-friend-arrampicata-a-stelo-flessibile\/#primaryimage\"},\"image\":{\"@id\":\"https:\/\/www.sestogrado.it\/prodotto\/dmm-dragonfly-cam-micro-friend-arrampicata-a-stelo-flessibile\/#primaryimage\"},\"thumbnailUrl\":\"https:\/\/www.sestogrado.it\/wp-content\/uploads\/2021\/03\/01-green.jpg\",\"datePublished\":\"2021-03-05T08:33:18+00:00\",\"dateModified\":\"2026-04-04T07:39:58+00:00\",\"description\":\"I DMM Dragonfly Cam sono dei friend da arrampicata a stelo flessibile. Sono piccoli e si infilano nelle fessure e tasche pi\u00f9 sottili. La misura 1 dei Dragonfly Cam \u00e8 la pi\u00f9 piccola sul mercato. I 6 Dragonfly Cam coprono piazzamenti tra 7.4mm e 28.3mm quindi ti permettono di proteggerti anche quando la roccia presenta fessure davvero piccole.I Dragonfly sono friend a singolo asse con uno stelo estremamente flessibile con una testa estremamente sottile ed una barra di tiraggio super compatta per consentire di essere piazzati il pi\u00f9 possibile in profondit\u00e0. La fettuccia in Dynatec da 11mm \u00e8 estensibile, consentendo di proteggere i buchi pi\u00f9 profondi; fissata sull'appoggio per il pollice, ha una cucitura molto compatta che permette di piazzare facilmente il moschettone. I lobi TripleGrip hanno una finitura in alluminio grezzo e delle scanalature per massimizzare il grip della superficie sulla roccia.\",\"breadcrumb\":{\"@id\":\"https:\/\/www.sestogrado.it\/it\/prodotto\/dmm-dragonfly-cam-micro-friend-arrampicata-a-stelo-flessibile\/#breadcrumb\"},\"inLanguage\":\"it-IT\",\"potentialAction\":[{\"@type\":\"ReadAction\",\"target\":[[\"https:\/\/www.sestogrado.it\/it\/prodotto\/dmm-dragonfly-cam-micro-friend-arrampicata-a-stelo-flessibile\/\"]]}]},{\"@type\":\"ImageObject\",\"inLanguage\":\"it-IT\",\"@id\":\"https:\/\/www.sestogrado.it\/it\/prodotto\/dmm-dragonfly-cam-micro-friend-arrampicata-a-stelo-flessibile\/#primaryimage\",\"url\":\"https:\/\/www.sestogrado.it\/wp-content\/uploads\/2021\/03\/01-green.jpg\",\"contentUrl\":\"https:\/\/www.sestogrado.it\/wp-content\/uploads\/2021\/03\/01-green.jpg\",\"width\":956,\"height\":956,\"caption\":\"dragonfly 01 green\"},{\"@type\":\"BreadcrumbList\",\"@id\":\"https:\/\/www.sestogrado.it\/it\/prodotto\/dmm-dragonfly-cam-micro-friend-arrampicata-a-stelo-flessibile\/#breadcrumb\",\"itemListElement\":[{\"@type\":\"ListItem\",\"position\":1,\"name\":\"Home\",\"item\":\"https:\/\/www.sestogrado.it\/it\/\"},{\"@type\":\"ListItem\",\"position\":2,\"name\":\"Shop\",\"item\":\"https:\/\/www.sestogrado.it\/it\/shop\/\"},{\"@type\":\"ListItem\",\"position\":3,\"name\":\"DMM Dragonfly Cam micro friend arrampicata a stelo flessibile\"}]},{\"@type\":\"WebSite\",\"@id\":\"https:\/\/www.sestogrado.it\/it\/#website\",\"url\":\"https:\/\/www.sestogrado.it\/it\/\",\"name\":\"Sestogrado\",\"description\":\"yes we climb\",\"publisher\":{\"@id\":\"https:\/\/www.sestogrado.it\/it\/#organization\"},\"potentialAction\":[{\"@type\":\"SearchAction\",\"target\":{\"@type\":\"EntryPoint\",\"urlTemplate\":\"https:\/\/www.sestogrado.it\/it\/?s={search_term_string}\"},\"query-input\":{\"@type\":\"PropertyValueSpecification\",\"valueRequired\":true,\"valueName\":\"search_term_string\"}}],\"inLanguage\":\"it-IT\"},{\"@type\":\"Organization\",\"@id\":\"https:\/\/www.sestogrado.it\/it\/#organization\",\"name\":\"Sestogrado\",\"url\":\"https:\/\/www.sestogrado.it\/it\/\",\"logo\":{\"@type\":\"ImageObject\",\"inLanguage\":\"it-IT\",\"@id\":\"https:\/\/www.sestogrado.it\/it\/#\/schema\/logo\/image\/\",\"url\":\"https:\/\/www.sestogrado.it\/wp-content\/uploads\/2015\/03\/sestogrado-favicon.png\",\"contentUrl\":\"https:\/\/www.sestogrado.it\/wp-content\/uploads\/2015\/03\/sestogrado-favicon.png\",\"width\":260,\"height\":260,\"caption\":\"Sestogrado\"},\"image\":{\"@id\":\"https:\/\/www.sestogrado.it\/it\/#\/schema\/logo\/image\/\"},\"sameAs\":[\"https:\/\/www.facebook.com\/pages\/Sestogrado\/1542635979353017?ref=bookmarks\",\"https:\/\/www.youtube.com\/channel\/UC847kAfTkaJsWpc1jtQwr3Q\"],\"hasMerchantReturnPolicy\":{\"@type\":\"MerchantReturnPolicy\",\"merchantReturnLink\":\"https:\/\/www.sestogrado.it\/it\/termini-e-condizioni\/\"}}]}<\/script>\n<meta property=\"product:brand\" content=\"DMM\" \/>\n<meta property=\"og:availability\" content=\"instock\" \/>\n<meta property=\"product:availability\" content=\"instock\" \/>\n<meta property=\"product:condition\" content=\"new\" \/>\n<!-- \/ Yoast SEO plugin. -->","yoast_head_json":{"title":"DMM Dragonfly Cam micro friend arrampicata a stelo flessibile - Sestogrado","description":"I DMM Dragonfly Cam sono dei friend da arrampicata a stelo flessibile. Sono piccoli e si infilano nelle fessure e tasche pi\u00f9 sottili. La misura 1 dei Dragonfly Cam \u00e8 la pi\u00f9 piccola sul mercato. I 6 Dragonfly Cam coprono piazzamenti tra 7.4mm e 28.3mm quindi ti permettono di proteggerti anche quando la roccia presenta fessure davvero piccole.I Dragonfly sono friend a singolo asse con uno stelo estremamente flessibile con una testa estremamente sottile ed una barra di tiraggio super compatta per consentire di essere piazzati il pi\u00f9 possibile in profondit\u00e0. La fettuccia in Dynatec da 11mm \u00e8 estensibile, consentendo di proteggere i buchi pi\u00f9 profondi; fissata sull'appoggio per il pollice, ha una cucitura molto compatta che permette di piazzare facilmente il moschettone. I lobi TripleGrip hanno una finitura in alluminio grezzo e delle scanalature per massimizzare il grip della superficie sulla roccia.","robots":{"index":"index","follow":"follow","max-snippet":"max-snippet:-1","max-image-preview":"max-image-preview:large","max-video-preview":"max-video-preview:-1"},"canonical":"https:\/\/www.sestogrado.it\/it\/prodotto\/dmm-dragonfly-cam-micro-friend-arrampicata-a-stelo-flessibile\/","og_locale":"it_IT","og_type":"article","og_title":"DMM Dragonfly Cam micro friend arrampicata a stelo flessibile - Sestogrado","og_description":"I DMM Dragonfly Cam sono dei friend da arrampicata a stelo flessibile. Sono piccoli e si infilano nelle fessure e tasche pi\u00f9 sottili. La misura 1 dei Dragonfly Cam \u00e8 la pi\u00f9 piccola sul mercato. I 6 Dragonfly Cam coprono piazzamenti tra 7.4mm e 28.3mm quindi ti permettono di proteggerti anche quando la roccia presenta fessure davvero piccole.I Dragonfly sono friend a singolo asse con uno stelo estremamente flessibile con una testa estremamente sottile ed una barra di tiraggio super compatta per consentire di essere piazzati il pi\u00f9 possibile in profondit\u00e0. La fettuccia in Dynatec da 11mm \u00e8 estensibile, consentendo di proteggere i buchi pi\u00f9 profondi; fissata sull'appoggio per il pollice, ha una cucitura molto compatta che permette di piazzare facilmente il moschettone. I lobi TripleGrip hanno una finitura in alluminio grezzo e delle scanalature per massimizzare il grip della superficie sulla roccia.","og_url":"https:\/\/www.sestogrado.it\/it\/prodotto\/dmm-dragonfly-cam-micro-friend-arrampicata-a-stelo-flessibile\/","og_site_name":"Sestogrado","article_publisher":"https:\/\/www.facebook.com\/pages\/Sestogrado\/1542635979353017?ref=bookmarks","article_modified_time":"2026-04-04T07:39:58+00:00","og_image":[{"width":956,"height":956,"url":"https:\/\/www.sestogrado.it\/wp-content\/uploads\/2021\/03\/01-green.jpg","type":"image\/jpeg"}],"twitter_misc":{"Disponibilit\u00e0":"In stock"},"schema":{"@context":"https:\/\/schema.org","@graph":[{"@type":"WebPage","@id":"https:\/\/www.sestogrado.it\/it\/prodotto\/dmm-dragonfly-cam-micro-friend-arrampicata-a-stelo-flessibile\/","url":"https:\/\/www.sestogrado.it\/it\/prodotto\/dmm-dragonfly-cam-micro-friend-arrampicata-a-stelo-flessibile\/","name":"DMM Dragonfly Cam micro friend arrampicata a stelo flessibile - Sestogrado","isPartOf":{"@id":"https:\/\/www.sestogrado.it\/it\/#website"},"primaryImageOfPage":{"@id":"https:\/\/www.sestogrado.it\/it\/prodotto\/dmm-dragonfly-cam-micro-friend-arrampicata-a-stelo-flessibile\/#primaryimage"},"image":{"@id":"https:\/\/www.sestogrado.it\/prodotto\/dmm-dragonfly-cam-micro-friend-arrampicata-a-stelo-flessibile\/#primaryimage"},"thumbnailUrl":"https:\/\/www.sestogrado.it\/wp-content\/uploads\/2021\/03\/01-green.jpg","datePublished":"2021-03-05T08:33:18+00:00","dateModified":"2026-04-04T07:39:58+00:00","description":"I DMM Dragonfly Cam sono dei friend da arrampicata a stelo flessibile. Sono piccoli e si infilano nelle fessure e tasche pi\u00f9 sottili. La misura 1 dei Dragonfly Cam \u00e8 la pi\u00f9 piccola sul mercato. I 6 Dragonfly Cam coprono piazzamenti tra 7.4mm e 28.3mm quindi ti permettono di proteggerti anche quando la roccia presenta fessure davvero piccole.I Dragonfly sono friend a singolo asse con uno stelo estremamente flessibile con una testa estremamente sottile ed una barra di tiraggio super compatta per consentire di essere piazzati il pi\u00f9 possibile in profondit\u00e0. La fettuccia in Dynatec da 11mm \u00e8 estensibile, consentendo di proteggere i buchi pi\u00f9 profondi; fissata sull'appoggio per il pollice, ha una cucitura molto compatta che permette di piazzare facilmente il moschettone. I lobi TripleGrip hanno una finitura in alluminio grezzo e delle scanalature per massimizzare il grip della superficie sulla roccia.","breadcrumb":{"@id":"https:\/\/www.sestogrado.it\/it\/prodotto\/dmm-dragonfly-cam-micro-friend-arrampicata-a-stelo-flessibile\/#breadcrumb"},"inLanguage":"it-IT","potentialAction":[{"@type":"ReadAction","target":[["https:\/\/www.sestogrado.it\/it\/prodotto\/dmm-dragonfly-cam-micro-friend-arrampicata-a-stelo-flessibile\/"]]}]},{"@type":"ImageObject","inLanguage":"it-IT","@id":"https:\/\/www.sestogrado.it\/it\/prodotto\/dmm-dragonfly-cam-micro-friend-arrampicata-a-stelo-flessibile\/#primaryimage","url":"https:\/\/www.sestogrado.it\/wp-content\/uploads\/2021\/03\/01-green.jpg","contentUrl":"https:\/\/www.sestogrado.it\/wp-content\/uploads\/2021\/03\/01-green.jpg","width":956,"height":956,"caption":"dragonfly 01 green"},{"@type":"BreadcrumbList","@id":"https:\/\/www.sestogrado.it\/it\/prodotto\/dmm-dragonfly-cam-micro-friend-arrampicata-a-stelo-flessibile\/#breadcrumb","itemListElement":[{"@type":"ListItem","position":1,"name":"Home","item":"https:\/\/www.sestogrado.it\/it\/"},{"@type":"ListItem","position":2,"name":"Shop","item":"https:\/\/www.sestogrado.it\/it\/shop\/"},{"@type":"ListItem","position":3,"name":"DMM Dragonfly Cam micro friend arrampicata a stelo flessibile"}]},{"@type":"WebSite","@id":"https:\/\/www.sestogrado.it\/it\/#website","url":"https:\/\/www.sestogrado.it\/it\/","name":"Sestogrado","description":"yes we climb","publisher":{"@id":"https:\/\/www.sestogrado.it\/it\/#organization"},"potentialAction":[{"@type":"SearchAction","target":{"@type":"EntryPoint","urlTemplate":"https:\/\/www.sestogrado.it\/it\/?s={search_term_string}"},"query-input":{"@type":"PropertyValueSpecification","valueRequired":true,"valueName":"search_term_string"}}],"inLanguage":"it-IT"},{"@type":"Organization","@id":"https:\/\/www.sestogrado.it\/it\/#organization","name":"Sestogrado","url":"https:\/\/www.sestogrado.it\/it\/","logo":{"@type":"ImageObject","inLanguage":"it-IT","@id":"https:\/\/www.sestogrado.it\/it\/#\/schema\/logo\/image\/","url":"https:\/\/www.sestogrado.it\/wp-content\/uploads\/2015\/03\/sestogrado-favicon.png","contentUrl":"https:\/\/www.sestogrado.it\/wp-content\/uploads\/2015\/03\/sestogrado-favicon.png","width":260,"height":260,"caption":"Sestogrado"},"image":{"@id":"https:\/\/www.sestogrado.it\/it\/#\/schema\/logo\/image\/"},"sameAs":["https:\/\/www.facebook.com\/pages\/Sestogrado\/1542635979353017?ref=bookmarks","https:\/\/www.youtube.com\/channel\/UC847kAfTkaJsWpc1jtQwr3Q"],"hasMerchantReturnPolicy":{"@type":"MerchantReturnPolicy","merchantReturnLink":"https:\/\/www.sestogrado.it\/it\/termini-e-condizioni\/"}}]},"product_brand":"DMM","og_availability":"instock","product_availability":"instock","product_condition":"new"},"_links":{"self":[{"href":"https:\/\/www.sestogrado.it\/it\/wp-json\/wp\/v2\/product\/53162","targetHints":{"allow":["GET"]}}],"collection":[{"href":"https:\/\/www.sestogrado.it\/it\/wp-json\/wp\/v2\/product"}],"about":[{"href":"https:\/\/www.sestogrado.it\/it\/wp-json\/wp\/v2\/types\/product"}],"replies":[{"embeddable":true,"href":"https:\/\/www.sestogrado.it\/it\/wp-json\/wp\/v2\/comments?post=53162"}],"wp:featuredmedia":[{"embeddable":true,"href":"https:\/\/www.sestogrado.it\/it\/wp-json\/wp\/v2\/media\/53210"}],"wp:attachment":[{"href":"https:\/\/www.sestogrado.it\/it\/wp-json\/wp\/v2\/media?parent=53162"}],"wp:term":[{"taxonomy":"product_brand","embeddable":true,"href":"https:\/\/www.sestogrado.it\/it\/wp-json\/wp\/v2\/product_brand?post=53162"},{"taxonomy":"product_cat","embeddable":true,"href":"https:\/\/www.sestogrado.it\/it\/wp-json\/wp\/v2\/product_cat?post=53162"},{"taxonomy":"product_tag","embeddable":true,"href":"https:\/\/www.sestogrado.it\/it\/wp-json\/wp\/v2\/product_tag?post=53162"}],"curies":[{"name":"wp","href":"https:\/\/api.w.org\/{rel}","templated":true}]}}