{"id":519,"date":"2015-03-12T11:25:35","date_gmt":"2015-03-12T10:25:35","guid":{"rendered":"http:\/\/www.sestogrado.it\/?post_type=product&#038;p=519"},"modified":"2026-03-03T19:08:35","modified_gmt":"2026-03-03T18:08:35","slug":"camp-jasper-cr-4-imbrago-arrampicata","status":"publish","type":"product","link":"https:\/\/www.sestogrado.it\/it\/prodotto\/camp-jasper-cr-4-imbrago-arrampicata\/","title":{"rendered":"Camp Jasper CR 4 Imbrago arrampicata"},"content":{"rendered":"<p>Se siete climber da grandi pareti, il Camp\u00a0Jasper CR 4 \u00e8 la vostra imbracatura: rinnovata nell\u2019estetica e migliorata nelle soluzioni tecniche, \u00e8 perfetta per l\u2019alpinismo e le big wall dove il comfort deve essere assoluto, garantito dalla cintura pi\u00f9 larga rispetto alle normali imbracature da arrampicata. Senza dimenticare il nuovo rivestimento esterno in robusto tessuto antiabrasione. Le 2 fibbie rapide autobloccanti della cintura, oltre a garantire una perfetta centratura, consentono una facile e veloce regolazione: una caratteristica particolarmente utile nelle scalate in cui \u00e8 necessario aggiungere o togliere capi di vestiario. Le fibbie della cintura e quelle dei cosciali, tutte in acciaio, presentano inoltre un nuovo design con una particolare sagomatura e spessori differenziati che ne facilitano l\u2019utilizzo. Anello di recupero posteriore e anello di servizio con sistema brevettato No-Twist, ancora pi\u00f9 funzionale e compatto (larghezza 20 mm). Migliorato il sistema Flat-Link dei cosciali che, con due speciali linguette, permette una regolazione rapidissima ed estremamente precisa degli elastici di collegamento.<br \/>\nNuovo design per i 4 portamateriali rinforzati: quelli anteriori sono sagomati per un minore ingombro, mentre quelli posteriori hanno un tubetto interno per essere pi\u00f9 morbidi e flessibili.<br \/>\nModificati anche gli slot porta Hub che, totalmente integrati nella cintura, accolgono con grande facilit\u00e0 gli speciali moschettoni ideali per i chiodi e gli attrezzi da ghiaccio.<\/p>\n<p>\u2022 Cintura con 2 fibbie rapide autobloccanti per una precisa e veloce regolazione<br \/>\n\u2022 Nuove e pi\u00f9 comode fibbie in acciaio su cintura e cosciali<br \/>\n\u2022 Confortevole imbottitura in EVA espansa da 6 mm<br \/>\n\u2022 Cosciali con sistema di bordatura portante Edge-Load Construction<br \/>\n\u2022 Rivestimento esterno in robusto tessuto antiabrasione<br \/>\n\u2022 Anello di servizio da 20 mm con sistema brevettato No-Twist<br \/>\n\u2022 Elastici di collegamento dei cosciali con sistema brevettato Flat-Link migliorato e pi\u00f9 funzionale<br \/>\n\u2022 4 portamateriali rinforzati<br \/>\n\u2022 Slot integrati per i portamateriali da ghiaccio Hub<br \/>\n\u2022 Anello di recupero posteriore<br \/>\n\u2022 2 misure per tutte le taglie dalla S alla XL<\/p>\n<p>&nbsp;<\/p>\n<p>Il Camp Jasper CR 4 \u00e8 un&#8217;imbracatura completa, ideale per le grandi pareti e le lunghe sospensioni.<\/p>\n<p>&nbsp;<\/p>\n<p>Passione, lavoro e semplicit\u00e0 sono alcune delle parole chiave che da sempre hanno contraddistinto il modo di essere di C.A.M.P. La passione \u00e8 quella per la montagna e per i prodotti che aiutano a realizzare i sogni ed i progetti di tutti coloro che la frequentano; il lavoro \u00e8 quello tramandato da oltre 115 anni in quattro distinte generazioni succedutesi alla guida dell\u2019azienda e la semplicit\u00e0 \u00e8 quella che contraddistingue un modo di essere e relazionarsi basato sulla seriet\u00e0 e lealt\u00e0.<\/p>\n","protected":false},"excerpt":{"rendered":"<p>Se siete climber da grandi pareti, il Camp\u00a0Jasper CR 4 \u00e8 la vostra imbracatura: rinnovata nell\u2019estetica e migliorata nelle soluzioni [&hellip;]<\/p>\n","protected":false},"featured_media":4409,"comment_status":"open","ping_status":"closed","template":"","meta":{"_acf_changed":false},"product_brand":[31],"product_cat":[183],"product_tag":[410,409],"class_list":{"0":"post-519","1":"product","2":"type-product","3":"status-publish","4":"has-post-thumbnail","6":"product_brand-camp","7":"product_cat-alpinismo","8":"product_tag-imbracatura","9":"product_tag-imbrago","11":"first","12":"instock","13":"sale","14":"taxable","15":"shipping-taxable","16":"purchasable","17":"product-type-variable"},"acf":[],"yoast_head":"<!-- This site is optimized with the Yoast SEO plugin v26.4 - https:\/\/yoast.com\/wordpress\/plugins\/seo\/ -->\n<title>Camp Jasper CR 4 Imbrago arrampicata - Sestogrado<\/title>\n<meta name=\"description\" content=\"Il Camp Jasper CR 4 \u00e8 l&#039;imbrago da arrampicata pi\u00f9 comodo per vie lunghe, garantito dalla cintura pi\u00f9 larga rispetto alle normali imbracature da arrampicata\" \/>\n<meta name=\"robots\" content=\"index, follow, max-snippet:-1, max-image-preview:large, max-video-preview:-1\" \/>\n<link rel=\"canonical\" href=\"https:\/\/www.sestogrado.it\/it\/prodotto\/camp-jasper-cr-4-imbrago-arrampicata\/\" \/>\n<meta property=\"og:locale\" content=\"it_IT\" \/>\n<meta property=\"og:type\" content=\"article\" \/>\n<meta property=\"og:title\" content=\"Camp Jasper CR 4 Imbrago arrampicata - Sestogrado\" \/>\n<meta property=\"og:description\" content=\"Il Camp Jasper CR 4 \u00e8 l&#039;imbrago da arrampicata pi\u00f9 comodo per vie lunghe, garantito dalla cintura pi\u00f9 larga rispetto alle normali imbracature da arrampicata\" \/>\n<meta property=\"og:url\" content=\"https:\/\/www.sestogrado.it\/it\/prodotto\/camp-jasper-cr-4-imbrago-arrampicata\/\" \/>\n<meta property=\"og:site_name\" content=\"Sestogrado\" \/>\n<meta property=\"article:publisher\" content=\"https:\/\/www.facebook.com\/pages\/Sestogrado\/1542635979353017?ref=bookmarks\" \/>\n<meta property=\"article:modified_time\" content=\"2026-03-03T18:08:35+00:00\" \/>\n<meta property=\"og:image\" content=\"https:\/\/www.sestogrado.it\/wp-content\/uploads\/2015\/03\/cop-011.jpg\" \/>\n\t<meta property=\"og:image:width\" content=\"1271\" \/>\n\t<meta property=\"og:image:height\" content=\"1695\" \/>\n\t<meta property=\"og:image:type\" content=\"image\/jpeg\" \/>\n<meta name=\"twitter:label1\" content=\"Disponibilit\u00e0\" \/>\n\t<meta name=\"twitter:data1\" content=\"In stock\" \/>\n<script type=\"application\/ld+json\" class=\"yoast-schema-graph\">{\"@context\":\"https:\/\/schema.org\",\"@graph\":[{\"@type\":\"WebPage\",\"@id\":\"https:\/\/www.sestogrado.it\/it\/prodotto\/camp-jasper-cr-4-imbrago-arrampicata\/\",\"url\":\"https:\/\/www.sestogrado.it\/it\/prodotto\/camp-jasper-cr-4-imbrago-arrampicata\/\",\"name\":\"Camp Jasper CR 4 Imbrago arrampicata - Sestogrado\",\"isPartOf\":{\"@id\":\"https:\/\/www.sestogrado.it\/it\/#website\"},\"primaryImageOfPage\":{\"@id\":\"https:\/\/www.sestogrado.it\/it\/prodotto\/camp-jasper-cr-4-imbrago-arrampicata\/#primaryimage\"},\"image\":{\"@id\":\"https:\/\/www.sestogrado.it\/prodotto\/camp-jasper-cr-4-imbrago-arrampicata\/#primaryimage\"},\"thumbnailUrl\":\"https:\/\/www.sestogrado.it\/wp-content\/uploads\/2015\/03\/cop-011.jpg\",\"datePublished\":\"2015-03-12T10:25:35+00:00\",\"dateModified\":\"2026-03-03T18:08:35+00:00\",\"description\":\"Il Camp Jasper CR 4 \u00e8 l'imbrago da arrampicata pi\u00f9 comodo per vie lunghe, garantito dalla cintura pi\u00f9 larga rispetto alle normali imbracature da arrampicata\",\"breadcrumb\":{\"@id\":\"https:\/\/www.sestogrado.it\/it\/prodotto\/camp-jasper-cr-4-imbrago-arrampicata\/#breadcrumb\"},\"inLanguage\":\"it-IT\",\"potentialAction\":[{\"@type\":\"ReadAction\",\"target\":[[\"https:\/\/www.sestogrado.it\/it\/prodotto\/camp-jasper-cr-4-imbrago-arrampicata\/\"]]}]},{\"@type\":\"ImageObject\",\"inLanguage\":\"it-IT\",\"@id\":\"https:\/\/www.sestogrado.it\/it\/prodotto\/camp-jasper-cr-4-imbrago-arrampicata\/#primaryimage\",\"url\":\"https:\/\/www.sestogrado.it\/wp-content\/uploads\/2015\/03\/cop-011.jpg\",\"contentUrl\":\"https:\/\/www.sestogrado.it\/wp-content\/uploads\/2015\/03\/cop-011.jpg\",\"width\":1271,\"height\":1695,\"caption\":\"jasper cr4\"},{\"@type\":\"BreadcrumbList\",\"@id\":\"https:\/\/www.sestogrado.it\/it\/prodotto\/camp-jasper-cr-4-imbrago-arrampicata\/#breadcrumb\",\"itemListElement\":[{\"@type\":\"ListItem\",\"position\":1,\"name\":\"Home\",\"item\":\"https:\/\/www.sestogrado.it\/it\/\"},{\"@type\":\"ListItem\",\"position\":2,\"name\":\"Shop\",\"item\":\"https:\/\/www.sestogrado.it\/it\/shop\/\"},{\"@type\":\"ListItem\",\"position\":3,\"name\":\"Camp Jasper CR 4 Imbrago arrampicata\"}]},{\"@type\":\"WebSite\",\"@id\":\"https:\/\/www.sestogrado.it\/it\/#website\",\"url\":\"https:\/\/www.sestogrado.it\/it\/\",\"name\":\"Sestogrado\",\"description\":\"yes we climb\",\"publisher\":{\"@id\":\"https:\/\/www.sestogrado.it\/it\/#organization\"},\"potentialAction\":[{\"@type\":\"SearchAction\",\"target\":{\"@type\":\"EntryPoint\",\"urlTemplate\":\"https:\/\/www.sestogrado.it\/it\/?s={search_term_string}\"},\"query-input\":{\"@type\":\"PropertyValueSpecification\",\"valueRequired\":true,\"valueName\":\"search_term_string\"}}],\"inLanguage\":\"it-IT\"},{\"@type\":\"Organization\",\"@id\":\"https:\/\/www.sestogrado.it\/it\/#organization\",\"name\":\"Sestogrado\",\"url\":\"https:\/\/www.sestogrado.it\/it\/\",\"logo\":{\"@type\":\"ImageObject\",\"inLanguage\":\"it-IT\",\"@id\":\"https:\/\/www.sestogrado.it\/it\/#\/schema\/logo\/image\/\",\"url\":\"https:\/\/www.sestogrado.it\/wp-content\/uploads\/2015\/03\/sestogrado-favicon.png\",\"contentUrl\":\"https:\/\/www.sestogrado.it\/wp-content\/uploads\/2015\/03\/sestogrado-favicon.png\",\"width\":260,\"height\":260,\"caption\":\"Sestogrado\"},\"image\":{\"@id\":\"https:\/\/www.sestogrado.it\/it\/#\/schema\/logo\/image\/\"},\"sameAs\":[\"https:\/\/www.facebook.com\/pages\/Sestogrado\/1542635979353017?ref=bookmarks\",\"https:\/\/www.youtube.com\/channel\/UC847kAfTkaJsWpc1jtQwr3Q\"],\"hasMerchantReturnPolicy\":{\"@type\":\"MerchantReturnPolicy\",\"merchantReturnLink\":\"https:\/\/www.sestogrado.it\/it\/termini-e-condizioni\/\"}}]}<\/script>\n<meta property=\"product:brand\" content=\"Camp\" \/>\n<meta property=\"og:availability\" content=\"instock\" \/>\n<meta property=\"product:availability\" content=\"instock\" \/>\n<meta property=\"product:condition\" content=\"new\" \/>\n<!-- \/ Yoast SEO plugin. -->","yoast_head_json":{"title":"Camp Jasper CR 4 Imbrago arrampicata - Sestogrado","description":"Il Camp Jasper CR 4 \u00e8 l'imbrago da arrampicata pi\u00f9 comodo per vie lunghe, garantito dalla cintura pi\u00f9 larga rispetto alle normali imbracature da arrampicata","robots":{"index":"index","follow":"follow","max-snippet":"max-snippet:-1","max-image-preview":"max-image-preview:large","max-video-preview":"max-video-preview:-1"},"canonical":"https:\/\/www.sestogrado.it\/it\/prodotto\/camp-jasper-cr-4-imbrago-arrampicata\/","og_locale":"it_IT","og_type":"article","og_title":"Camp Jasper CR 4 Imbrago arrampicata - Sestogrado","og_description":"Il Camp Jasper CR 4 \u00e8 l'imbrago da arrampicata pi\u00f9 comodo per vie lunghe, garantito dalla cintura pi\u00f9 larga rispetto alle normali imbracature da arrampicata","og_url":"https:\/\/www.sestogrado.it\/it\/prodotto\/camp-jasper-cr-4-imbrago-arrampicata\/","og_site_name":"Sestogrado","article_publisher":"https:\/\/www.facebook.com\/pages\/Sestogrado\/1542635979353017?ref=bookmarks","article_modified_time":"2026-03-03T18:08:35+00:00","og_image":[{"width":1271,"height":1695,"url":"https:\/\/www.sestogrado.it\/wp-content\/uploads\/2015\/03\/cop-011.jpg","type":"image\/jpeg"}],"twitter_misc":{"Disponibilit\u00e0":"In stock"},"schema":{"@context":"https:\/\/schema.org","@graph":[{"@type":"WebPage","@id":"https:\/\/www.sestogrado.it\/it\/prodotto\/camp-jasper-cr-4-imbrago-arrampicata\/","url":"https:\/\/www.sestogrado.it\/it\/prodotto\/camp-jasper-cr-4-imbrago-arrampicata\/","name":"Camp Jasper CR 4 Imbrago arrampicata - Sestogrado","isPartOf":{"@id":"https:\/\/www.sestogrado.it\/it\/#website"},"primaryImageOfPage":{"@id":"https:\/\/www.sestogrado.it\/it\/prodotto\/camp-jasper-cr-4-imbrago-arrampicata\/#primaryimage"},"image":{"@id":"https:\/\/www.sestogrado.it\/prodotto\/camp-jasper-cr-4-imbrago-arrampicata\/#primaryimage"},"thumbnailUrl":"https:\/\/www.sestogrado.it\/wp-content\/uploads\/2015\/03\/cop-011.jpg","datePublished":"2015-03-12T10:25:35+00:00","dateModified":"2026-03-03T18:08:35+00:00","description":"Il Camp Jasper CR 4 \u00e8 l'imbrago da arrampicata pi\u00f9 comodo per vie lunghe, garantito dalla cintura pi\u00f9 larga rispetto alle normali imbracature da arrampicata","breadcrumb":{"@id":"https:\/\/www.sestogrado.it\/it\/prodotto\/camp-jasper-cr-4-imbrago-arrampicata\/#breadcrumb"},"inLanguage":"it-IT","potentialAction":[{"@type":"ReadAction","target":[["https:\/\/www.sestogrado.it\/it\/prodotto\/camp-jasper-cr-4-imbrago-arrampicata\/"]]}]},{"@type":"ImageObject","inLanguage":"it-IT","@id":"https:\/\/www.sestogrado.it\/it\/prodotto\/camp-jasper-cr-4-imbrago-arrampicata\/#primaryimage","url":"https:\/\/www.sestogrado.it\/wp-content\/uploads\/2015\/03\/cop-011.jpg","contentUrl":"https:\/\/www.sestogrado.it\/wp-content\/uploads\/2015\/03\/cop-011.jpg","width":1271,"height":1695,"caption":"jasper cr4"},{"@type":"BreadcrumbList","@id":"https:\/\/www.sestogrado.it\/it\/prodotto\/camp-jasper-cr-4-imbrago-arrampicata\/#breadcrumb","itemListElement":[{"@type":"ListItem","position":1,"name":"Home","item":"https:\/\/www.sestogrado.it\/it\/"},{"@type":"ListItem","position":2,"name":"Shop","item":"https:\/\/www.sestogrado.it\/it\/shop\/"},{"@type":"ListItem","position":3,"name":"Camp Jasper CR 4 Imbrago arrampicata"}]},{"@type":"WebSite","@id":"https:\/\/www.sestogrado.it\/it\/#website","url":"https:\/\/www.sestogrado.it\/it\/","name":"Sestogrado","description":"yes we climb","publisher":{"@id":"https:\/\/www.sestogrado.it\/it\/#organization"},"potentialAction":[{"@type":"SearchAction","target":{"@type":"EntryPoint","urlTemplate":"https:\/\/www.sestogrado.it\/it\/?s={search_term_string}"},"query-input":{"@type":"PropertyValueSpecification","valueRequired":true,"valueName":"search_term_string"}}],"inLanguage":"it-IT"},{"@type":"Organization","@id":"https:\/\/www.sestogrado.it\/it\/#organization","name":"Sestogrado","url":"https:\/\/www.sestogrado.it\/it\/","logo":{"@type":"ImageObject","inLanguage":"it-IT","@id":"https:\/\/www.sestogrado.it\/it\/#\/schema\/logo\/image\/","url":"https:\/\/www.sestogrado.it\/wp-content\/uploads\/2015\/03\/sestogrado-favicon.png","contentUrl":"https:\/\/www.sestogrado.it\/wp-content\/uploads\/2015\/03\/sestogrado-favicon.png","width":260,"height":260,"caption":"Sestogrado"},"image":{"@id":"https:\/\/www.sestogrado.it\/it\/#\/schema\/logo\/image\/"},"sameAs":["https:\/\/www.facebook.com\/pages\/Sestogrado\/1542635979353017?ref=bookmarks","https:\/\/www.youtube.com\/channel\/UC847kAfTkaJsWpc1jtQwr3Q"],"hasMerchantReturnPolicy":{"@type":"MerchantReturnPolicy","merchantReturnLink":"https:\/\/www.sestogrado.it\/it\/termini-e-condizioni\/"}}]},"product_brand":"Camp","og_availability":"instock","product_availability":"instock","product_condition":"new"},"_links":{"self":[{"href":"https:\/\/www.sestogrado.it\/it\/wp-json\/wp\/v2\/product\/519","targetHints":{"allow":["GET"]}}],"collection":[{"href":"https:\/\/www.sestogrado.it\/it\/wp-json\/wp\/v2\/product"}],"about":[{"href":"https:\/\/www.sestogrado.it\/it\/wp-json\/wp\/v2\/types\/product"}],"replies":[{"embeddable":true,"href":"https:\/\/www.sestogrado.it\/it\/wp-json\/wp\/v2\/comments?post=519"}],"wp:featuredmedia":[{"embeddable":true,"href":"https:\/\/www.sestogrado.it\/it\/wp-json\/wp\/v2\/media\/4409"}],"wp:attachment":[{"href":"https:\/\/www.sestogrado.it\/it\/wp-json\/wp\/v2\/media?parent=519"}],"wp:term":[{"taxonomy":"product_brand","embeddable":true,"href":"https:\/\/www.sestogrado.it\/it\/wp-json\/wp\/v2\/product_brand?post=519"},{"taxonomy":"product_cat","embeddable":true,"href":"https:\/\/www.sestogrado.it\/it\/wp-json\/wp\/v2\/product_cat?post=519"},{"taxonomy":"product_tag","embeddable":true,"href":"https:\/\/www.sestogrado.it\/it\/wp-json\/wp\/v2\/product_tag?post=519"}],"curies":[{"name":"wp","href":"https:\/\/api.w.org\/{rel}","templated":true}]}}