{"id":51548,"date":"2021-02-25T15:00:55","date_gmt":"2021-02-25T14:00:55","guid":{"rendered":"https:\/\/www.sestogrado.it\/?post_type=product&#038;p=51548"},"modified":"2024-08-12T18:35:58","modified_gmt":"2024-08-12T16:35:58","slug":"camp-m-tech-zaino-arrampicata-alpinismo-22-litri","status":"publish","type":"product","link":"https:\/\/www.sestogrado.it\/it\/prodotto\/camp-m-tech-zaino-arrampicata-alpinismo-22-litri\/","title":{"rendered":"Camp M-Tech zaino arrampicata alpinismo 22 litri"},"content":{"rendered":"<p>Il Camp M-Tech \u00e8 uno zaino da alpinismo da 22 litri disegnato per essere portato in parete. Comodo, robusto e funzionale, presenta una forma stretta e allungata che garantisce il massimo comfort durante la scalata, non andando a interferire con l\u2019imbracatura e il materiale. La sua capacit\u00e0 lo rende perfetto per le <strong>ascensioni in giornata<\/strong>, in stile leggero, dalle Dolomiti al Monte Bianco e oltre. Ideale inoltre <strong>per le vie sportive multipitch e le cascate di ghiaccio<\/strong>. La parte superiore degli spallacci \u00e8 studiata per poter infilare la piccozza tra lo zaino e la schiena senza che dia fastidio: un dettaglio estremamente utile in quelle salite che alternano tratti dove occorre arrampicare con entrambe le mani (o comunque momenti in cui bisogna averle libere) a tratti dove \u00e8 necessario usare la piccozza (che resta immediatamente a disposizione). La tasca integrata nella patella di chiusura \u00e8 dotata di interno trasparente touchscreen: basta quindi aprire lo zaino per avere rapido accesso alla relazione della salita o allo smartphone. Il porta corda consente due modalit\u00e0 di utilizzo: corda alloggiata sotto la patella di chiusura (se lo zaino non \u00e8 completamente pieno) e corda alloggiata sopra la patella (se lo zaino \u00e8 pieno).<\/p>\n<ul>\n<li>Zaino tecnico<strong> per vie lunghe su roccia, ghiaccio e misto<\/strong><\/li>\n<li>Patella di chiusura con tasca dotata di interno trasparente touchscreen<\/li>\n<li>Schienale con pannello in EVA da 6 mm<\/li>\n<li><strong>Volume flessibile<\/strong> grazie al doppio sistema di chiusura<\/li>\n<li><strong>Spallacci imbottiti<\/strong> per il massimo comfort<\/li>\n<li>Sistema<strong> porta piccozza<\/strong> nella parte superiore degli spallacci, per infilarla tra lo zaino e la schiena senza che dia fastidio e per averla immediatamente a disposizione<\/li>\n<li>Cinghia addominale in fettuccia,<strong> rimovibile e con doppia regolazione<\/strong><\/li>\n<li>Cinghia sternale <strong>rimovibile e regolabile<\/strong> in altezza<\/li>\n<li>Maniglia superiore per recupero\/trasporto<\/li>\n<li>Predisposto per <a href=\"https:\/\/www.sestogrado.it\/it\/brand\/camelbak\/\" target=\"_blank\" rel=\"noopener\">hydrobag<\/a><\/li>\n<li>2 porta piccozza con fettucce superiori amovibili con velcro e alloggio inferiore per le lame con rinforzo in hypalon<\/li>\n<li><strong>Porta casco<\/strong> esterno a scomparsa<\/li>\n<li><strong>Porta corda<\/strong> a scomparsa con 2 modalit\u00e0 di utilizzo<\/li>\n<li>Ampia tasca interna con zip<\/li>\n<li>4 fettucce porta materiale interne<\/li>\n<li>Chiusura principale rapida, con fibbia e anello in fettuccia per facilitare l\u2019apertura\/chiusura anche indossando i guanti<\/li>\n<li>4 asole laterali per <strong>fissaggio di materiale extra<\/strong> (fettucce per fissaggio non incluse)<\/li>\n<li>Fondo in robusto tessuto rinforzato<\/li>\n<\/ul>\n<p>Tecnico, robusto, dotatissimo, il Camp M-Tech \u00e8 uno zaino ideale per chiede il massimo dalle proprie scalate in giornata.<\/p>\n<p>&nbsp;<\/p>\n<p>Passione, lavoro e semplicit\u00e0 sono alcune delle parole chiave che da sempre hanno contraddistinto il modo di essere di C.A.M.P.\u00a0Fondata nel\u00a01889 a Premana, paese dell\u2019alta Valsassina dove tutt\u2019oggi ha la sua sede, C.A.M.P.\u00a0realizza\u00a0prodotti che aiutano a realizzare i sogni ed i progetti di tutti coloro che frequentano la montagna.<\/p>","protected":false},"excerpt":{"rendered":"<p>Il Camp M-Tech \u00e8 uno zaino da alpinismo da 22 litri disegnato per essere portato in parete. Comodo, robusto e [&hellip;]<\/p>\n","protected":false},"featured_media":51551,"comment_status":"open","ping_status":"closed","template":"","meta":{"_acf_changed":false},"product_brand":[31],"product_cat":[389],"product_tag":[],"class_list":{"0":"post-51548","1":"product","2":"type-product","3":"status-publish","4":"has-post-thumbnail","6":"product_brand-camp","7":"product_cat-zaini-alpinismo","9":"first","10":"instock","11":"sale","12":"taxable","13":"shipping-taxable","14":"purchasable","15":"product-type-simple"},"acf":[],"yoast_head":"<!-- This site is optimized with the Yoast SEO plugin v26.4 - https:\/\/yoast.com\/wordpress\/plugins\/seo\/ -->\n<title>Camp M-Tech zaino arrampicata alpinismo 22 litri - Sestogrado<\/title>\n<meta name=\"description\" content=\"Il Camp M-Tech \u00e8 uno zaino da alpinismo da 22 litri disegnato per essere portato in parete. Comodo, robusto e funzionale, presenta una forma stretta e allungata che garantisce il massimo comfort durante lascalata, non andando a interferire con l\u2019imbracatura e il materiale. La sua capacit\u00e0 lo rende perfetto per le ascensioni in giornata, in stile leggero, dalle Dolomiti al Monte Bianco e oltre. Ideale inoltre per le vie sportive multipitch e le cascate di ghiaccio. La parte superiore degli spallacci \u00e8 studiata per poter infilare la piccozza tra lo zaino e la schiena senza che dia fastidio: un dettaglio estremamente utile in quelle salite che alternano tratti dove occorre arrampicare con entrambe le mani (o comunque momenti in cui bisogna averle libere) a tratti dove \u00e8 necessario usare la piccozza (che resta immediatamente a disposizione). La tasca integrata nella patella di chiusura \u00e8 dotata di interno trasparente touchscreen: basta quindi aprire lo zaino per avere rapido accesso alla relazione della salita o allo smartphone. Il porta corda consente due modalit\u00e0 di utilizzo: corda alloggiata sotto la patella di chiusura (se lo zaino non \u00e8 completamente pieno) e corda alloggiata sopra la patella (se lo zaino \u00e8 pieno).\" \/>\n<meta name=\"robots\" content=\"index, follow, max-snippet:-1, max-image-preview:large, max-video-preview:-1\" \/>\n<link rel=\"canonical\" href=\"https:\/\/www.sestogrado.it\/it\/prodotto\/camp-m-tech-zaino-arrampicata-alpinismo-22-litri\/\" \/>\n<meta property=\"og:locale\" content=\"it_IT\" \/>\n<meta property=\"og:type\" content=\"article\" \/>\n<meta property=\"og:title\" content=\"Camp M-Tech zaino arrampicata alpinismo 22 litri - Sestogrado\" \/>\n<meta property=\"og:description\" content=\"Il Camp M-Tech \u00e8 uno zaino da alpinismo da 22 litri disegnato per essere portato in parete. Comodo, robusto e funzionale, presenta una forma stretta e allungata che garantisce il massimo comfort durante lascalata, non andando a interferire con l\u2019imbracatura e il materiale. La sua capacit\u00e0 lo rende perfetto per le ascensioni in giornata, in stile leggero, dalle Dolomiti al Monte Bianco e oltre. Ideale inoltre per le vie sportive multipitch e le cascate di ghiaccio. La parte superiore degli spallacci \u00e8 studiata per poter infilare la piccozza tra lo zaino e la schiena senza che dia fastidio: un dettaglio estremamente utile in quelle salite che alternano tratti dove occorre arrampicare con entrambe le mani (o comunque momenti in cui bisogna averle libere) a tratti dove \u00e8 necessario usare la piccozza (che resta immediatamente a disposizione). La tasca integrata nella patella di chiusura \u00e8 dotata di interno trasparente touchscreen: basta quindi aprire lo zaino per avere rapido accesso alla relazione della salita o allo smartphone. Il porta corda consente due modalit\u00e0 di utilizzo: corda alloggiata sotto la patella di chiusura (se lo zaino non \u00e8 completamente pieno) e corda alloggiata sopra la patella (se lo zaino \u00e8 pieno).\" \/>\n<meta property=\"og:url\" content=\"https:\/\/www.sestogrado.it\/it\/prodotto\/camp-m-tech-zaino-arrampicata-alpinismo-22-litri\/\" \/>\n<meta property=\"og:site_name\" content=\"Sestogrado\" \/>\n<meta property=\"article:publisher\" content=\"https:\/\/www.facebook.com\/pages\/Sestogrado\/1542635979353017?ref=bookmarks\" \/>\n<meta property=\"article:modified_time\" content=\"2024-08-12T16:35:58+00:00\" \/>\n<meta property=\"og:image\" content=\"https:\/\/www.sestogrado.it\/wp-content\/uploads\/2021\/02\/01-2.jpg\" \/>\n\t<meta property=\"og:image:width\" content=\"1200\" \/>\n\t<meta property=\"og:image:height\" content=\"1200\" \/>\n\t<meta property=\"og:image:type\" content=\"image\/jpeg\" \/>\n<meta name=\"twitter:label1\" content=\"Prezzo\" \/>\n\t<meta name=\"twitter:data1\" content=\"&euro;&nbsp;89,00\" \/>\n\t<meta name=\"twitter:label2\" content=\"Disponibilit\u00e0\" \/>\n\t<meta name=\"twitter:data2\" content=\"In stock\" \/>\n<script type=\"application\/ld+json\" class=\"yoast-schema-graph\">{\"@context\":\"https:\/\/schema.org\",\"@graph\":[{\"@type\":\"WebPage\",\"@id\":\"https:\/\/www.sestogrado.it\/it\/prodotto\/camp-m-tech-zaino-arrampicata-alpinismo-22-litri\/\",\"url\":\"https:\/\/www.sestogrado.it\/it\/prodotto\/camp-m-tech-zaino-arrampicata-alpinismo-22-litri\/\",\"name\":\"Camp M-Tech zaino arrampicata alpinismo 22 litri - Sestogrado\",\"isPartOf\":{\"@id\":\"https:\/\/www.sestogrado.it\/it\/#website\"},\"primaryImageOfPage\":{\"@id\":\"https:\/\/www.sestogrado.it\/it\/prodotto\/camp-m-tech-zaino-arrampicata-alpinismo-22-litri\/#primaryimage\"},\"image\":{\"@id\":\"https:\/\/www.sestogrado.it\/prodotto\/camp-m-tech-zaino-arrampicata-alpinismo-22-litri\/#primaryimage\"},\"thumbnailUrl\":\"https:\/\/www.sestogrado.it\/wp-content\/uploads\/2021\/02\/01-2.jpg\",\"datePublished\":\"2021-02-25T14:00:55+00:00\",\"dateModified\":\"2024-08-12T16:35:58+00:00\",\"description\":\"Il Camp M-Tech \u00e8 uno zaino da alpinismo da 22 litri disegnato per essere portato in parete. Comodo, robusto e funzionale, presenta una forma stretta e allungata che garantisce il massimo comfort durante lascalata, non andando a interferire con l\u2019imbracatura e il materiale. La sua capacit\u00e0 lo rende perfetto per le ascensioni in giornata, in stile leggero, dalle Dolomiti al Monte Bianco e oltre. Ideale inoltre per le vie sportive multipitch e le cascate di ghiaccio. La parte superiore degli spallacci \u00e8 studiata per poter infilare la piccozza tra lo zaino e la schiena senza che dia fastidio: un dettaglio estremamente utile in quelle salite che alternano tratti dove occorre arrampicare con entrambe le mani (o comunque momenti in cui bisogna averle libere) a tratti dove \u00e8 necessario usare la piccozza (che resta immediatamente a disposizione). La tasca integrata nella patella di chiusura \u00e8 dotata di interno trasparente touchscreen: basta quindi aprire lo zaino per avere rapido accesso alla relazione della salita o allo smartphone. Il porta corda consente due modalit\u00e0 di utilizzo: corda alloggiata sotto la patella di chiusura (se lo zaino non \u00e8 completamente pieno) e corda alloggiata sopra la patella (se lo zaino \u00e8 pieno).\",\"breadcrumb\":{\"@id\":\"https:\/\/www.sestogrado.it\/it\/prodotto\/camp-m-tech-zaino-arrampicata-alpinismo-22-litri\/#breadcrumb\"},\"inLanguage\":\"it-IT\",\"potentialAction\":[{\"@type\":\"ReadAction\",\"target\":[[\"https:\/\/www.sestogrado.it\/it\/prodotto\/camp-m-tech-zaino-arrampicata-alpinismo-22-litri\/\"]]}]},{\"@type\":\"ImageObject\",\"inLanguage\":\"it-IT\",\"@id\":\"https:\/\/www.sestogrado.it\/it\/prodotto\/camp-m-tech-zaino-arrampicata-alpinismo-22-litri\/#primaryimage\",\"url\":\"https:\/\/www.sestogrado.it\/wp-content\/uploads\/2021\/02\/01-2.jpg\",\"contentUrl\":\"https:\/\/www.sestogrado.it\/wp-content\/uploads\/2021\/02\/01-2.jpg\",\"width\":1200,\"height\":1200,\"caption\":\"camp m-tech\"},{\"@type\":\"BreadcrumbList\",\"@id\":\"https:\/\/www.sestogrado.it\/it\/prodotto\/camp-m-tech-zaino-arrampicata-alpinismo-22-litri\/#breadcrumb\",\"itemListElement\":[{\"@type\":\"ListItem\",\"position\":1,\"name\":\"Home\",\"item\":\"https:\/\/www.sestogrado.it\/it\/\"},{\"@type\":\"ListItem\",\"position\":2,\"name\":\"Shop\",\"item\":\"https:\/\/www.sestogrado.it\/it\/shop\/\"},{\"@type\":\"ListItem\",\"position\":3,\"name\":\"Camp M-Tech zaino arrampicata alpinismo 22 litri\"}]},{\"@type\":\"WebSite\",\"@id\":\"https:\/\/www.sestogrado.it\/it\/#website\",\"url\":\"https:\/\/www.sestogrado.it\/it\/\",\"name\":\"Sestogrado\",\"description\":\"yes we climb\",\"publisher\":{\"@id\":\"https:\/\/www.sestogrado.it\/it\/#organization\"},\"potentialAction\":[{\"@type\":\"SearchAction\",\"target\":{\"@type\":\"EntryPoint\",\"urlTemplate\":\"https:\/\/www.sestogrado.it\/it\/?s={search_term_string}\"},\"query-input\":{\"@type\":\"PropertyValueSpecification\",\"valueRequired\":true,\"valueName\":\"search_term_string\"}}],\"inLanguage\":\"it-IT\"},{\"@type\":\"Organization\",\"@id\":\"https:\/\/www.sestogrado.it\/it\/#organization\",\"name\":\"Sestogrado\",\"url\":\"https:\/\/www.sestogrado.it\/it\/\",\"logo\":{\"@type\":\"ImageObject\",\"inLanguage\":\"it-IT\",\"@id\":\"https:\/\/www.sestogrado.it\/it\/#\/schema\/logo\/image\/\",\"url\":\"https:\/\/www.sestogrado.it\/wp-content\/uploads\/2015\/03\/sestogrado-favicon.png\",\"contentUrl\":\"https:\/\/www.sestogrado.it\/wp-content\/uploads\/2015\/03\/sestogrado-favicon.png\",\"width\":260,\"height\":260,\"caption\":\"Sestogrado\"},\"image\":{\"@id\":\"https:\/\/www.sestogrado.it\/it\/#\/schema\/logo\/image\/\"},\"sameAs\":[\"https:\/\/www.facebook.com\/pages\/Sestogrado\/1542635979353017?ref=bookmarks\",\"https:\/\/www.youtube.com\/channel\/UC847kAfTkaJsWpc1jtQwr3Q\"],\"hasMerchantReturnPolicy\":{\"@type\":\"MerchantReturnPolicy\",\"merchantReturnLink\":\"https:\/\/www.sestogrado.it\/it\/termini-e-condizioni\/\"}}]}<\/script>\n<meta property=\"product:brand\" content=\"Camp\" \/>\n<meta property=\"product:price:amount\" content=\"89.00\" \/>\n<meta property=\"product:price:currency\" content=\"EUR\" \/>\n<meta property=\"og:availability\" content=\"instock\" \/>\n<meta property=\"product:availability\" content=\"instock\" \/>\n<meta property=\"product:condition\" content=\"new\" \/>\n<!-- \/ Yoast SEO plugin. -->","yoast_head_json":{"title":"Camp M-Tech zaino arrampicata alpinismo 22 litri - Sestogrado","description":"Il Camp M-Tech \u00e8 uno zaino da alpinismo da 22 litri disegnato per essere portato in parete. Comodo, robusto e funzionale, presenta una forma stretta e allungata che garantisce il massimo comfort durante lascalata, non andando a interferire con l\u2019imbracatura e il materiale. La sua capacit\u00e0 lo rende perfetto per le ascensioni in giornata, in stile leggero, dalle Dolomiti al Monte Bianco e oltre. Ideale inoltre per le vie sportive multipitch e le cascate di ghiaccio. La parte superiore degli spallacci \u00e8 studiata per poter infilare la piccozza tra lo zaino e la schiena senza che dia fastidio: un dettaglio estremamente utile in quelle salite che alternano tratti dove occorre arrampicare con entrambe le mani (o comunque momenti in cui bisogna averle libere) a tratti dove \u00e8 necessario usare la piccozza (che resta immediatamente a disposizione). La tasca integrata nella patella di chiusura \u00e8 dotata di interno trasparente touchscreen: basta quindi aprire lo zaino per avere rapido accesso alla relazione della salita o allo smartphone. Il porta corda consente due modalit\u00e0 di utilizzo: corda alloggiata sotto la patella di chiusura (se lo zaino non \u00e8 completamente pieno) e corda alloggiata sopra la patella (se lo zaino \u00e8 pieno).","robots":{"index":"index","follow":"follow","max-snippet":"max-snippet:-1","max-image-preview":"max-image-preview:large","max-video-preview":"max-video-preview:-1"},"canonical":"https:\/\/www.sestogrado.it\/it\/prodotto\/camp-m-tech-zaino-arrampicata-alpinismo-22-litri\/","og_locale":"it_IT","og_type":"article","og_title":"Camp M-Tech zaino arrampicata alpinismo 22 litri - Sestogrado","og_description":"Il Camp M-Tech \u00e8 uno zaino da alpinismo da 22 litri disegnato per essere portato in parete. Comodo, robusto e funzionale, presenta una forma stretta e allungata che garantisce il massimo comfort durante lascalata, non andando a interferire con l\u2019imbracatura e il materiale. La sua capacit\u00e0 lo rende perfetto per le ascensioni in giornata, in stile leggero, dalle Dolomiti al Monte Bianco e oltre. Ideale inoltre per le vie sportive multipitch e le cascate di ghiaccio. La parte superiore degli spallacci \u00e8 studiata per poter infilare la piccozza tra lo zaino e la schiena senza che dia fastidio: un dettaglio estremamente utile in quelle salite che alternano tratti dove occorre arrampicare con entrambe le mani (o comunque momenti in cui bisogna averle libere) a tratti dove \u00e8 necessario usare la piccozza (che resta immediatamente a disposizione). La tasca integrata nella patella di chiusura \u00e8 dotata di interno trasparente touchscreen: basta quindi aprire lo zaino per avere rapido accesso alla relazione della salita o allo smartphone. Il porta corda consente due modalit\u00e0 di utilizzo: corda alloggiata sotto la patella di chiusura (se lo zaino non \u00e8 completamente pieno) e corda alloggiata sopra la patella (se lo zaino \u00e8 pieno).","og_url":"https:\/\/www.sestogrado.it\/it\/prodotto\/camp-m-tech-zaino-arrampicata-alpinismo-22-litri\/","og_site_name":"Sestogrado","article_publisher":"https:\/\/www.facebook.com\/pages\/Sestogrado\/1542635979353017?ref=bookmarks","article_modified_time":"2024-08-12T16:35:58+00:00","og_image":[{"width":1200,"height":1200,"url":"https:\/\/www.sestogrado.it\/wp-content\/uploads\/2021\/02\/01-2.jpg","type":"image\/jpeg"}],"twitter_misc":{"Prezzo":"&euro;&nbsp;89,00","Disponibilit\u00e0":"In stock"},"schema":{"@context":"https:\/\/schema.org","@graph":[{"@type":"WebPage","@id":"https:\/\/www.sestogrado.it\/it\/prodotto\/camp-m-tech-zaino-arrampicata-alpinismo-22-litri\/","url":"https:\/\/www.sestogrado.it\/it\/prodotto\/camp-m-tech-zaino-arrampicata-alpinismo-22-litri\/","name":"Camp M-Tech zaino arrampicata alpinismo 22 litri - Sestogrado","isPartOf":{"@id":"https:\/\/www.sestogrado.it\/it\/#website"},"primaryImageOfPage":{"@id":"https:\/\/www.sestogrado.it\/it\/prodotto\/camp-m-tech-zaino-arrampicata-alpinismo-22-litri\/#primaryimage"},"image":{"@id":"https:\/\/www.sestogrado.it\/prodotto\/camp-m-tech-zaino-arrampicata-alpinismo-22-litri\/#primaryimage"},"thumbnailUrl":"https:\/\/www.sestogrado.it\/wp-content\/uploads\/2021\/02\/01-2.jpg","datePublished":"2021-02-25T14:00:55+00:00","dateModified":"2024-08-12T16:35:58+00:00","description":"Il Camp M-Tech \u00e8 uno zaino da alpinismo da 22 litri disegnato per essere portato in parete. Comodo, robusto e funzionale, presenta una forma stretta e allungata che garantisce il massimo comfort durante lascalata, non andando a interferire con l\u2019imbracatura e il materiale. La sua capacit\u00e0 lo rende perfetto per le ascensioni in giornata, in stile leggero, dalle Dolomiti al Monte Bianco e oltre. Ideale inoltre per le vie sportive multipitch e le cascate di ghiaccio. La parte superiore degli spallacci \u00e8 studiata per poter infilare la piccozza tra lo zaino e la schiena senza che dia fastidio: un dettaglio estremamente utile in quelle salite che alternano tratti dove occorre arrampicare con entrambe le mani (o comunque momenti in cui bisogna averle libere) a tratti dove \u00e8 necessario usare la piccozza (che resta immediatamente a disposizione). La tasca integrata nella patella di chiusura \u00e8 dotata di interno trasparente touchscreen: basta quindi aprire lo zaino per avere rapido accesso alla relazione della salita o allo smartphone. Il porta corda consente due modalit\u00e0 di utilizzo: corda alloggiata sotto la patella di chiusura (se lo zaino non \u00e8 completamente pieno) e corda alloggiata sopra la patella (se lo zaino \u00e8 pieno).","breadcrumb":{"@id":"https:\/\/www.sestogrado.it\/it\/prodotto\/camp-m-tech-zaino-arrampicata-alpinismo-22-litri\/#breadcrumb"},"inLanguage":"it-IT","potentialAction":[{"@type":"ReadAction","target":[["https:\/\/www.sestogrado.it\/it\/prodotto\/camp-m-tech-zaino-arrampicata-alpinismo-22-litri\/"]]}]},{"@type":"ImageObject","inLanguage":"it-IT","@id":"https:\/\/www.sestogrado.it\/it\/prodotto\/camp-m-tech-zaino-arrampicata-alpinismo-22-litri\/#primaryimage","url":"https:\/\/www.sestogrado.it\/wp-content\/uploads\/2021\/02\/01-2.jpg","contentUrl":"https:\/\/www.sestogrado.it\/wp-content\/uploads\/2021\/02\/01-2.jpg","width":1200,"height":1200,"caption":"camp m-tech"},{"@type":"BreadcrumbList","@id":"https:\/\/www.sestogrado.it\/it\/prodotto\/camp-m-tech-zaino-arrampicata-alpinismo-22-litri\/#breadcrumb","itemListElement":[{"@type":"ListItem","position":1,"name":"Home","item":"https:\/\/www.sestogrado.it\/it\/"},{"@type":"ListItem","position":2,"name":"Shop","item":"https:\/\/www.sestogrado.it\/it\/shop\/"},{"@type":"ListItem","position":3,"name":"Camp M-Tech zaino arrampicata alpinismo 22 litri"}]},{"@type":"WebSite","@id":"https:\/\/www.sestogrado.it\/it\/#website","url":"https:\/\/www.sestogrado.it\/it\/","name":"Sestogrado","description":"yes we climb","publisher":{"@id":"https:\/\/www.sestogrado.it\/it\/#organization"},"potentialAction":[{"@type":"SearchAction","target":{"@type":"EntryPoint","urlTemplate":"https:\/\/www.sestogrado.it\/it\/?s={search_term_string}"},"query-input":{"@type":"PropertyValueSpecification","valueRequired":true,"valueName":"search_term_string"}}],"inLanguage":"it-IT"},{"@type":"Organization","@id":"https:\/\/www.sestogrado.it\/it\/#organization","name":"Sestogrado","url":"https:\/\/www.sestogrado.it\/it\/","logo":{"@type":"ImageObject","inLanguage":"it-IT","@id":"https:\/\/www.sestogrado.it\/it\/#\/schema\/logo\/image\/","url":"https:\/\/www.sestogrado.it\/wp-content\/uploads\/2015\/03\/sestogrado-favicon.png","contentUrl":"https:\/\/www.sestogrado.it\/wp-content\/uploads\/2015\/03\/sestogrado-favicon.png","width":260,"height":260,"caption":"Sestogrado"},"image":{"@id":"https:\/\/www.sestogrado.it\/it\/#\/schema\/logo\/image\/"},"sameAs":["https:\/\/www.facebook.com\/pages\/Sestogrado\/1542635979353017?ref=bookmarks","https:\/\/www.youtube.com\/channel\/UC847kAfTkaJsWpc1jtQwr3Q"],"hasMerchantReturnPolicy":{"@type":"MerchantReturnPolicy","merchantReturnLink":"https:\/\/www.sestogrado.it\/it\/termini-e-condizioni\/"}}]},"product_brand":"Camp","product_price_amount":"89.00","product_price_currency":"EUR","og_availability":"instock","product_availability":"instock","product_condition":"new"},"_links":{"self":[{"href":"https:\/\/www.sestogrado.it\/it\/wp-json\/wp\/v2\/product\/51548","targetHints":{"allow":["GET"]}}],"collection":[{"href":"https:\/\/www.sestogrado.it\/it\/wp-json\/wp\/v2\/product"}],"about":[{"href":"https:\/\/www.sestogrado.it\/it\/wp-json\/wp\/v2\/types\/product"}],"replies":[{"embeddable":true,"href":"https:\/\/www.sestogrado.it\/it\/wp-json\/wp\/v2\/comments?post=51548"}],"wp:featuredmedia":[{"embeddable":true,"href":"https:\/\/www.sestogrado.it\/it\/wp-json\/wp\/v2\/media\/51551"}],"wp:attachment":[{"href":"https:\/\/www.sestogrado.it\/it\/wp-json\/wp\/v2\/media?parent=51548"}],"wp:term":[{"taxonomy":"product_brand","embeddable":true,"href":"https:\/\/www.sestogrado.it\/it\/wp-json\/wp\/v2\/product_brand?post=51548"},{"taxonomy":"product_cat","embeddable":true,"href":"https:\/\/www.sestogrado.it\/it\/wp-json\/wp\/v2\/product_cat?post=51548"},{"taxonomy":"product_tag","embeddable":true,"href":"https:\/\/www.sestogrado.it\/it\/wp-json\/wp\/v2\/product_tag?post=51548"}],"curies":[{"name":"wp","href":"https:\/\/api.w.org\/{rel}","templated":true}]}}