{"id":51395,"date":"2023-03-17T16:28:45","date_gmt":"2023-03-17T15:28:45","guid":{"rendered":"https:\/\/www.sestogrado.it\/?post_type=product&#038;p=51395"},"modified":"2026-03-19T09:37:46","modified_gmt":"2026-03-19T08:37:46","slug":"leki-khumbu-lite-bastoncini-da-trekking","status":"publish","type":"product","link":"https:\/\/www.sestogrado.it\/it\/prodotto\/leki-khumbu-lite-bastoncini-da-trekking\/","title":{"rendered":"Leki Khumbu Lite bastoncini da trekking"},"content":{"rendered":"<p>I Leki Khumbu Lite sono dei bastoncini da trekking a 3 sezioni in robusto alluminio . La leggerezza del Khumbu Lite ti supporta durante il trekking con una dotazione che garantisce il massimo della tranquillit\u00e0: comoda impugnatura CorTec, sistema di regolazione Speed Lock+ per un&#8217;agevole regolazione della lunghezza e canne leggere in robusto alluminio. Un assoluto tuttofare, che grazie alle canne in alluminio HTS 6.5 extra leggeri \u00e8 pressoch\u00e9 impossibile da rompere.<\/p>\n<ul>\n<li>Impugnatura CorTec per un&#8217;impugnatura confortevole.<\/li>\n<li>Canne in alluminio HTS 6.5 extra leggeri<\/li>\n<li>Regolazione e fissaggio molto rapido<\/li>\n<li>Trekking Basket 2.0 compatibile con ogni Flextip. Efficace protezione di sprofondamento.<\/li>\n<li>Impiego preciso del bastone e tenuta perfetta su tutti i terreni.<\/li>\n<\/ul>\n<p>&nbsp;<\/p>\n<p>I Leki Khumbu Lite sono dei bastoncini da trekking tuttofare, per qualsiasi attivit\u00e0 in ambito alpinistica ed escursionistica.<\/p>\n<p><em>Il prezzo \u00e8 riferito alla coppia di bastoncini.<\/em><\/p>\n<p>&nbsp;<\/p>\n<p>La LEKI ha le sue origini nell&#8217;impresa di tornitura fondata da Karl Lenhart a Dettingen\/Teck nel 1948. Karl Lenhart era una appassionato sciatore, tuttavia non era minimamente soddisfatto della qualit\u00e0 e della funzionalit\u00e0 dei bastoni da sci di allora. Cos\u00ec cominci\u00f2 a produrre impugnature e rotelle per bastoni da sci per conto proprio, con il parco macchine della propria officina. Gi\u00e0 negli anni &#8217;60 inizi\u00f2 la produzione in serie. Dato che Lenhart aveva maturato anche esperienze nella costruzione di aerei, sapeva come lavorare l&#8217;alluminio e i materiali compositi. Dal 1970 LEKI \u00e8 un nome di riferimento in tutto il mondo per la produzione di bastoncini da sci, trekking ed alpinismo.<\/p>\n","protected":false},"excerpt":{"rendered":"<p>I Leki Khumbu Lite sono dei bastoncini da trekking a 3 sezioni in robusto alluminio . La leggerezza del Khumbu [&hellip;]<\/p>\n","protected":false},"featured_media":143641,"comment_status":"open","ping_status":"closed","template":"","meta":{"_acf_changed":false},"product_brand":[735],"product_cat":[572],"product_tag":[],"class_list":{"0":"post-51395","1":"product","2":"type-product","3":"status-publish","4":"has-post-thumbnail","6":"product_brand-leki","7":"product_cat-bastoncini","9":"first","10":"instock","11":"sale","12":"taxable","13":"shipping-taxable","14":"purchasable","15":"product-type-simple"},"acf":[],"yoast_head":"<!-- This site is optimized with the Yoast SEO plugin v26.4 - https:\/\/yoast.com\/wordpress\/plugins\/seo\/ -->\n<title>Leki Khumbu Lite bastoncini da trekking - Sestogrado<\/title>\n<meta name=\"description\" content=\"I Leki Khumbu Lite sono dei bastoncini da trekking a 3 sezioni in robusto alluminio . La leggerezza del Khumbu Lite ti supporta durante il trekking con una dotazione che garantisce il massimo della tranquillit\u00e0: comoda impugnatura CorTec, sistema di regolazione Speed Lock+ per un&#039;agevole regolazione della lunghezza e canne leggere in robusto alluminio. Un assoluto tuttofare, che grazie alle canne in alluminio HTS 6.5 extra leggeri \u00e8 pressoch\u00e9 impossibile da rompere.\" \/>\n<meta name=\"robots\" content=\"index, follow, max-snippet:-1, max-image-preview:large, max-video-preview:-1\" \/>\n<link rel=\"canonical\" href=\"https:\/\/www.sestogrado.it\/it\/prodotto\/leki-khumbu-lite-bastoncini-da-trekking\/\" \/>\n<meta property=\"og:locale\" content=\"it_IT\" \/>\n<meta property=\"og:type\" content=\"article\" \/>\n<meta property=\"og:title\" content=\"Leki Khumbu Lite bastoncini da trekking - Sestogrado\" \/>\n<meta property=\"og:description\" content=\"I Leki Khumbu Lite sono dei bastoncini da trekking a 3 sezioni in robusto alluminio . La leggerezza del Khumbu Lite ti supporta durante il trekking con una dotazione che garantisce il massimo della tranquillit\u00e0: comoda impugnatura CorTec, sistema di regolazione Speed Lock+ per un&#039;agevole regolazione della lunghezza e canne leggere in robusto alluminio. Un assoluto tuttofare, che grazie alle canne in alluminio HTS 6.5 extra leggeri \u00e8 pressoch\u00e9 impossibile da rompere.\" \/>\n<meta property=\"og:url\" content=\"https:\/\/www.sestogrado.it\/it\/prodotto\/leki-khumbu-lite-bastoncini-da-trekking\/\" \/>\n<meta property=\"og:site_name\" content=\"Sestogrado\" \/>\n<meta property=\"article:publisher\" content=\"https:\/\/www.facebook.com\/pages\/Sestogrado\/1542635979353017?ref=bookmarks\" \/>\n<meta property=\"article:modified_time\" content=\"2026-03-19T08:37:46+00:00\" \/>\n<meta property=\"og:image\" content=\"https:\/\/www.sestogrado.it\/wp-content\/uploads\/2023\/03\/02-5.jpg\" \/>\n\t<meta property=\"og:image:width\" content=\"1200\" \/>\n\t<meta property=\"og:image:height\" content=\"1200\" \/>\n\t<meta property=\"og:image:type\" content=\"image\/jpeg\" \/>\n<meta name=\"twitter:label1\" content=\"Prezzo\" \/>\n\t<meta name=\"twitter:data1\" content=\"&euro;&nbsp;74,90\" \/>\n\t<meta name=\"twitter:label2\" content=\"Disponibilit\u00e0\" \/>\n\t<meta name=\"twitter:data2\" content=\"In stock\" \/>\n<script type=\"application\/ld+json\" class=\"yoast-schema-graph\">{\"@context\":\"https:\/\/schema.org\",\"@graph\":[{\"@type\":\"WebPage\",\"@id\":\"https:\/\/www.sestogrado.it\/it\/prodotto\/leki-khumbu-lite-bastoncini-da-trekking\/\",\"url\":\"https:\/\/www.sestogrado.it\/it\/prodotto\/leki-khumbu-lite-bastoncini-da-trekking\/\",\"name\":\"Leki Khumbu Lite bastoncini da trekking - Sestogrado\",\"isPartOf\":{\"@id\":\"https:\/\/www.sestogrado.it\/it\/#website\"},\"primaryImageOfPage\":{\"@id\":\"https:\/\/www.sestogrado.it\/it\/prodotto\/leki-khumbu-lite-bastoncini-da-trekking\/#primaryimage\"},\"image\":{\"@id\":\"https:\/\/www.sestogrado.it\/prodotto\/leki-khumbu-lite-bastoncini-da-trekking\/#primaryimage\"},\"thumbnailUrl\":\"https:\/\/www.sestogrado.it\/wp-content\/uploads\/2023\/03\/02-5.jpg\",\"datePublished\":\"2023-03-17T15:28:45+00:00\",\"dateModified\":\"2026-03-19T08:37:46+00:00\",\"description\":\"I Leki Khumbu Lite sono dei bastoncini da trekking a 3 sezioni in robusto alluminio . La leggerezza del Khumbu Lite ti supporta durante il trekking con una dotazione che garantisce il massimo della tranquillit\u00e0: comoda impugnatura CorTec, sistema di regolazione Speed Lock+ per un'agevole regolazione della lunghezza e canne leggere in robusto alluminio. Un assoluto tuttofare, che grazie alle canne in alluminio HTS 6.5 extra leggeri \u00e8 pressoch\u00e9 impossibile da rompere.\",\"breadcrumb\":{\"@id\":\"https:\/\/www.sestogrado.it\/it\/prodotto\/leki-khumbu-lite-bastoncini-da-trekking\/#breadcrumb\"},\"inLanguage\":\"it-IT\",\"potentialAction\":[{\"@type\":\"ReadAction\",\"target\":[[\"https:\/\/www.sestogrado.it\/it\/prodotto\/leki-khumbu-lite-bastoncini-da-trekking\/\"]]}]},{\"@type\":\"ImageObject\",\"inLanguage\":\"it-IT\",\"@id\":\"https:\/\/www.sestogrado.it\/it\/prodotto\/leki-khumbu-lite-bastoncini-da-trekking\/#primaryimage\",\"url\":\"https:\/\/www.sestogrado.it\/wp-content\/uploads\/2023\/03\/02-5.jpg\",\"contentUrl\":\"https:\/\/www.sestogrado.it\/wp-content\/uploads\/2023\/03\/02-5.jpg\",\"width\":1200,\"height\":1200,\"caption\":\"leki khumbu lite\"},{\"@type\":\"BreadcrumbList\",\"@id\":\"https:\/\/www.sestogrado.it\/it\/prodotto\/leki-khumbu-lite-bastoncini-da-trekking\/#breadcrumb\",\"itemListElement\":[{\"@type\":\"ListItem\",\"position\":1,\"name\":\"Home\",\"item\":\"https:\/\/www.sestogrado.it\/it\/\"},{\"@type\":\"ListItem\",\"position\":2,\"name\":\"Shop\",\"item\":\"https:\/\/www.sestogrado.it\/it\/shop\/\"},{\"@type\":\"ListItem\",\"position\":3,\"name\":\"Leki Khumbu Lite bastoncini da trekking\"}]},{\"@type\":\"WebSite\",\"@id\":\"https:\/\/www.sestogrado.it\/it\/#website\",\"url\":\"https:\/\/www.sestogrado.it\/it\/\",\"name\":\"Sestogrado\",\"description\":\"yes we climb\",\"publisher\":{\"@id\":\"https:\/\/www.sestogrado.it\/it\/#organization\"},\"potentialAction\":[{\"@type\":\"SearchAction\",\"target\":{\"@type\":\"EntryPoint\",\"urlTemplate\":\"https:\/\/www.sestogrado.it\/it\/?s={search_term_string}\"},\"query-input\":{\"@type\":\"PropertyValueSpecification\",\"valueRequired\":true,\"valueName\":\"search_term_string\"}}],\"inLanguage\":\"it-IT\"},{\"@type\":\"Organization\",\"@id\":\"https:\/\/www.sestogrado.it\/it\/#organization\",\"name\":\"Sestogrado\",\"url\":\"https:\/\/www.sestogrado.it\/it\/\",\"logo\":{\"@type\":\"ImageObject\",\"inLanguage\":\"it-IT\",\"@id\":\"https:\/\/www.sestogrado.it\/it\/#\/schema\/logo\/image\/\",\"url\":\"https:\/\/www.sestogrado.it\/wp-content\/uploads\/2015\/03\/sestogrado-favicon.png\",\"contentUrl\":\"https:\/\/www.sestogrado.it\/wp-content\/uploads\/2015\/03\/sestogrado-favicon.png\",\"width\":260,\"height\":260,\"caption\":\"Sestogrado\"},\"image\":{\"@id\":\"https:\/\/www.sestogrado.it\/it\/#\/schema\/logo\/image\/\"},\"sameAs\":[\"https:\/\/www.facebook.com\/pages\/Sestogrado\/1542635979353017?ref=bookmarks\",\"https:\/\/www.youtube.com\/channel\/UC847kAfTkaJsWpc1jtQwr3Q\"],\"hasMerchantReturnPolicy\":{\"@type\":\"MerchantReturnPolicy\",\"merchantReturnLink\":\"https:\/\/www.sestogrado.it\/it\/termini-e-condizioni\/\"}}]}<\/script>\n<meta property=\"product:brand\" content=\"Leki\" \/>\n<meta property=\"product:price:amount\" content=\"74.90\" \/>\n<meta property=\"product:price:currency\" content=\"EUR\" \/>\n<meta property=\"og:availability\" content=\"instock\" \/>\n<meta property=\"product:availability\" content=\"instock\" \/>\n<meta property=\"product:condition\" content=\"new\" \/>\n<!-- \/ Yoast SEO plugin. -->","yoast_head_json":{"title":"Leki Khumbu Lite bastoncini da trekking - Sestogrado","description":"I Leki Khumbu Lite sono dei bastoncini da trekking a 3 sezioni in robusto alluminio . La leggerezza del Khumbu Lite ti supporta durante il trekking con una dotazione che garantisce il massimo della tranquillit\u00e0: comoda impugnatura CorTec, sistema di regolazione Speed Lock+ per un'agevole regolazione della lunghezza e canne leggere in robusto alluminio. Un assoluto tuttofare, che grazie alle canne in alluminio HTS 6.5 extra leggeri \u00e8 pressoch\u00e9 impossibile da rompere.","robots":{"index":"index","follow":"follow","max-snippet":"max-snippet:-1","max-image-preview":"max-image-preview:large","max-video-preview":"max-video-preview:-1"},"canonical":"https:\/\/www.sestogrado.it\/it\/prodotto\/leki-khumbu-lite-bastoncini-da-trekking\/","og_locale":"it_IT","og_type":"article","og_title":"Leki Khumbu Lite bastoncini da trekking - Sestogrado","og_description":"I Leki Khumbu Lite sono dei bastoncini da trekking a 3 sezioni in robusto alluminio . La leggerezza del Khumbu Lite ti supporta durante il trekking con una dotazione che garantisce il massimo della tranquillit\u00e0: comoda impugnatura CorTec, sistema di regolazione Speed Lock+ per un'agevole regolazione della lunghezza e canne leggere in robusto alluminio. Un assoluto tuttofare, che grazie alle canne in alluminio HTS 6.5 extra leggeri \u00e8 pressoch\u00e9 impossibile da rompere.","og_url":"https:\/\/www.sestogrado.it\/it\/prodotto\/leki-khumbu-lite-bastoncini-da-trekking\/","og_site_name":"Sestogrado","article_publisher":"https:\/\/www.facebook.com\/pages\/Sestogrado\/1542635979353017?ref=bookmarks","article_modified_time":"2026-03-19T08:37:46+00:00","og_image":[{"width":1200,"height":1200,"url":"https:\/\/www.sestogrado.it\/wp-content\/uploads\/2023\/03\/02-5.jpg","type":"image\/jpeg"}],"twitter_misc":{"Prezzo":"&euro;&nbsp;74,90","Disponibilit\u00e0":"In stock"},"schema":{"@context":"https:\/\/schema.org","@graph":[{"@type":"WebPage","@id":"https:\/\/www.sestogrado.it\/it\/prodotto\/leki-khumbu-lite-bastoncini-da-trekking\/","url":"https:\/\/www.sestogrado.it\/it\/prodotto\/leki-khumbu-lite-bastoncini-da-trekking\/","name":"Leki Khumbu Lite bastoncini da trekking - Sestogrado","isPartOf":{"@id":"https:\/\/www.sestogrado.it\/it\/#website"},"primaryImageOfPage":{"@id":"https:\/\/www.sestogrado.it\/it\/prodotto\/leki-khumbu-lite-bastoncini-da-trekking\/#primaryimage"},"image":{"@id":"https:\/\/www.sestogrado.it\/prodotto\/leki-khumbu-lite-bastoncini-da-trekking\/#primaryimage"},"thumbnailUrl":"https:\/\/www.sestogrado.it\/wp-content\/uploads\/2023\/03\/02-5.jpg","datePublished":"2023-03-17T15:28:45+00:00","dateModified":"2026-03-19T08:37:46+00:00","description":"I Leki Khumbu Lite sono dei bastoncini da trekking a 3 sezioni in robusto alluminio . La leggerezza del Khumbu Lite ti supporta durante il trekking con una dotazione che garantisce il massimo della tranquillit\u00e0: comoda impugnatura CorTec, sistema di regolazione Speed Lock+ per un'agevole regolazione della lunghezza e canne leggere in robusto alluminio. Un assoluto tuttofare, che grazie alle canne in alluminio HTS 6.5 extra leggeri \u00e8 pressoch\u00e9 impossibile da rompere.","breadcrumb":{"@id":"https:\/\/www.sestogrado.it\/it\/prodotto\/leki-khumbu-lite-bastoncini-da-trekking\/#breadcrumb"},"inLanguage":"it-IT","potentialAction":[{"@type":"ReadAction","target":[["https:\/\/www.sestogrado.it\/it\/prodotto\/leki-khumbu-lite-bastoncini-da-trekking\/"]]}]},{"@type":"ImageObject","inLanguage":"it-IT","@id":"https:\/\/www.sestogrado.it\/it\/prodotto\/leki-khumbu-lite-bastoncini-da-trekking\/#primaryimage","url":"https:\/\/www.sestogrado.it\/wp-content\/uploads\/2023\/03\/02-5.jpg","contentUrl":"https:\/\/www.sestogrado.it\/wp-content\/uploads\/2023\/03\/02-5.jpg","width":1200,"height":1200,"caption":"leki khumbu lite"},{"@type":"BreadcrumbList","@id":"https:\/\/www.sestogrado.it\/it\/prodotto\/leki-khumbu-lite-bastoncini-da-trekking\/#breadcrumb","itemListElement":[{"@type":"ListItem","position":1,"name":"Home","item":"https:\/\/www.sestogrado.it\/it\/"},{"@type":"ListItem","position":2,"name":"Shop","item":"https:\/\/www.sestogrado.it\/it\/shop\/"},{"@type":"ListItem","position":3,"name":"Leki Khumbu Lite bastoncini da trekking"}]},{"@type":"WebSite","@id":"https:\/\/www.sestogrado.it\/it\/#website","url":"https:\/\/www.sestogrado.it\/it\/","name":"Sestogrado","description":"yes we climb","publisher":{"@id":"https:\/\/www.sestogrado.it\/it\/#organization"},"potentialAction":[{"@type":"SearchAction","target":{"@type":"EntryPoint","urlTemplate":"https:\/\/www.sestogrado.it\/it\/?s={search_term_string}"},"query-input":{"@type":"PropertyValueSpecification","valueRequired":true,"valueName":"search_term_string"}}],"inLanguage":"it-IT"},{"@type":"Organization","@id":"https:\/\/www.sestogrado.it\/it\/#organization","name":"Sestogrado","url":"https:\/\/www.sestogrado.it\/it\/","logo":{"@type":"ImageObject","inLanguage":"it-IT","@id":"https:\/\/www.sestogrado.it\/it\/#\/schema\/logo\/image\/","url":"https:\/\/www.sestogrado.it\/wp-content\/uploads\/2015\/03\/sestogrado-favicon.png","contentUrl":"https:\/\/www.sestogrado.it\/wp-content\/uploads\/2015\/03\/sestogrado-favicon.png","width":260,"height":260,"caption":"Sestogrado"},"image":{"@id":"https:\/\/www.sestogrado.it\/it\/#\/schema\/logo\/image\/"},"sameAs":["https:\/\/www.facebook.com\/pages\/Sestogrado\/1542635979353017?ref=bookmarks","https:\/\/www.youtube.com\/channel\/UC847kAfTkaJsWpc1jtQwr3Q"],"hasMerchantReturnPolicy":{"@type":"MerchantReturnPolicy","merchantReturnLink":"https:\/\/www.sestogrado.it\/it\/termini-e-condizioni\/"}}]},"product_brand":"Leki","product_price_amount":"74.90","product_price_currency":"EUR","og_availability":"instock","product_availability":"instock","product_condition":"new"},"_links":{"self":[{"href":"https:\/\/www.sestogrado.it\/it\/wp-json\/wp\/v2\/product\/51395","targetHints":{"allow":["GET"]}}],"collection":[{"href":"https:\/\/www.sestogrado.it\/it\/wp-json\/wp\/v2\/product"}],"about":[{"href":"https:\/\/www.sestogrado.it\/it\/wp-json\/wp\/v2\/types\/product"}],"replies":[{"embeddable":true,"href":"https:\/\/www.sestogrado.it\/it\/wp-json\/wp\/v2\/comments?post=51395"}],"wp:featuredmedia":[{"embeddable":true,"href":"https:\/\/www.sestogrado.it\/it\/wp-json\/wp\/v2\/media\/143641"}],"wp:attachment":[{"href":"https:\/\/www.sestogrado.it\/it\/wp-json\/wp\/v2\/media?parent=51395"}],"wp:term":[{"taxonomy":"product_brand","embeddable":true,"href":"https:\/\/www.sestogrado.it\/it\/wp-json\/wp\/v2\/product_brand?post=51395"},{"taxonomy":"product_cat","embeddable":true,"href":"https:\/\/www.sestogrado.it\/it\/wp-json\/wp\/v2\/product_cat?post=51395"},{"taxonomy":"product_tag","embeddable":true,"href":"https:\/\/www.sestogrado.it\/it\/wp-json\/wp\/v2\/product_tag?post=51395"}],"curies":[{"name":"wp","href":"https:\/\/api.w.org\/{rel}","templated":true}]}}