{"id":49855,"date":"2021-01-27T11:26:12","date_gmt":"2021-01-27T10:26:12","guid":{"rendered":"https:\/\/www.sestogrado.it\/?post_type=product&#038;p=49855"},"modified":"2026-04-01T13:39:46","modified_gmt":"2026-04-01T11:39:46","slug":"beal-cordino-in-nylon-4-mm-alpinismo-al-metro","status":"publish","type":"product","link":"https:\/\/www.sestogrado.it\/it\/prodotto\/beal-cordino-in-nylon-4-mm-alpinismo-al-metro\/","title":{"rendered":"Beal Cordino in Nylon 4 mm alpinismo al metro"},"content":{"rendered":"<p>Il cordino in Nylon 4 mm \u00e8 un cordino conforme alla normativa UIAA e EN564 per utilizzo in ambito alpinistico ed \u00e8 particolarmente indicato per la realizzazione di pedali, ancoraggi secondari, trasporto di materiale, etc.<\/p>\n<p><strong>Il cordino in nylon da 4 mm \u00e8 acquistabile al metro<\/strong>, ogni unit\u00e0 \u00e8 un metro<strong>.\u00a0<\/strong>Se si desiderano pi\u00f9 spezzoni, acquistare la quantit\u00e0 totale e poi nelle note dell\u2019ordine inserire le lunghezze e i tagli desiderati.<\/p>\n<p><em>Es: acquisto 10m di cordino giallo e nelle note indico &#8220;due cordini da 5m l&#8217;uno&#8221;.<\/em><\/p>\n<ul>\n<li>Normativa: EN 564<\/li>\n<li>Diametro: 4mm<\/li>\n<li>Materiele: Polyamide<\/li>\n<li>Peso al metro: 11 g<\/li>\n<li>Carico di rottura: 400 daN(kg)<\/li>\n<li>Certificazione: CE | UIAA<\/li>\n<li>Test di rottura eseguiti internamente non coperti da alcuna certificazione: 530 daN(kg)<\/li>\n<\/ul>\n<p>&nbsp;<\/p>\n<p>Beal \u00e8 leader mondiale nella produzione di corde arrampicata da montagna grazie ad un avanzato sviluppo tecnologico nel processo \u00a0di fabbricazione che gli \u00e8 valso il certificato Iso 9001. Sempre attento alle esigenze degli arrampicatori, \u00e8 stata in grado di apportare dinamicit\u00e0 alla pratica dell\u2019arrampicata grazie ad un\u2019intensa attivit\u00e0 di ricerca. In particolare, Black Limit, Program System, trattamento Dry Cover, imbragature Aero, tecnologia Unicore.<\/p>","protected":false},"excerpt":{"rendered":"<p>Il cordino in Nylon 4 mm \u00e8 un cordino conforme alla normativa UIAA e EN564 per utilizzo in ambito alpinistico [&hellip;]<\/p>\n","protected":false},"featured_media":49856,"comment_status":"open","ping_status":"closed","template":"","meta":{"_acf_changed":false},"product_brand":[84],"product_cat":[137],"product_tag":[],"class_list":{"0":"post-49855","1":"product","2":"type-product","3":"status-publish","4":"has-post-thumbnail","6":"product_brand-beal","7":"product_cat-fettucce-e-cordini","9":"first","10":"instock","11":"sale","12":"taxable","13":"shipping-taxable","14":"purchasable","15":"product-type-variable"},"acf":[],"yoast_head":"<!-- This site is optimized with the Yoast SEO plugin v26.4 - https:\/\/yoast.com\/wordpress\/plugins\/seo\/ -->\n<title>Beal Cordino in Nylon 4 mm alpinismo al metro - Sestogrado<\/title>\n<meta name=\"description\" content=\"Il cordino in Nylon 4mm \u00e8 un cordino conforme alla normativa UIAA e EN564 per utilizzo in ambito alpinistico ed \u00e8 particolarmente indicato per la realizzazione di pedali, ancoraggi secondari, trasporto di materiale, etc.Il cordino \u00e8 acquistabile al metro, ogni unit\u00e0 \u00e8 un metro.\u00a0Se si desiderano pi\u00f9 spezzoni, acquistare la quantit\u00e0 totale e poi nelle note dell\u2019ordine inserire le lunghezze e i tagli desiderati.Es: acquisto 10m di cordino giallo e nelle note indico &quot;due cordini da 5m l&#039;uno&quot;.\" \/>\n<meta name=\"robots\" content=\"index, follow, max-snippet:-1, max-image-preview:large, max-video-preview:-1\" \/>\n<link rel=\"canonical\" href=\"https:\/\/www.sestogrado.it\/it\/prodotto\/beal-cordino-in-nylon-4-mm-alpinismo-al-metro\/\" \/>\n<meta property=\"og:locale\" content=\"it_IT\" \/>\n<meta property=\"og:type\" content=\"article\" \/>\n<meta property=\"og:title\" content=\"Beal Cordino in Nylon 4 mm alpinismo al metro - Sestogrado\" \/>\n<meta property=\"og:description\" content=\"Il cordino in Nylon 4mm \u00e8 un cordino conforme alla normativa UIAA e EN564 per utilizzo in ambito alpinistico ed \u00e8 particolarmente indicato per la realizzazione di pedali, ancoraggi secondari, trasporto di materiale, etc.Il cordino \u00e8 acquistabile al metro, ogni unit\u00e0 \u00e8 un metro.\u00a0Se si desiderano pi\u00f9 spezzoni, acquistare la quantit\u00e0 totale e poi nelle note dell\u2019ordine inserire le lunghezze e i tagli desiderati.Es: acquisto 10m di cordino giallo e nelle note indico &quot;due cordini da 5m l&#039;uno&quot;.\" \/>\n<meta property=\"og:url\" content=\"https:\/\/www.sestogrado.it\/it\/prodotto\/beal-cordino-in-nylon-4-mm-alpinismo-al-metro\/\" \/>\n<meta property=\"og:site_name\" content=\"Sestogrado\" \/>\n<meta property=\"article:publisher\" content=\"https:\/\/www.facebook.com\/pages\/Sestogrado\/1542635979353017?ref=bookmarks\" \/>\n<meta property=\"article:modified_time\" content=\"2026-04-01T11:39:46+00:00\" \/>\n<meta property=\"og:image\" content=\"https:\/\/www.sestogrado.it\/wp-content\/uploads\/2021\/01\/BC04.120.Y.png\" \/>\n\t<meta property=\"og:image:width\" content=\"800\" \/>\n\t<meta property=\"og:image:height\" content=\"800\" \/>\n\t<meta property=\"og:image:type\" content=\"image\/png\" \/>\n<meta name=\"twitter:label1\" content=\"Disponibilit\u00e0\" \/>\n\t<meta name=\"twitter:data1\" content=\"In stock\" \/>\n<script type=\"application\/ld+json\" class=\"yoast-schema-graph\">{\"@context\":\"https:\/\/schema.org\",\"@graph\":[{\"@type\":\"WebPage\",\"@id\":\"https:\/\/www.sestogrado.it\/it\/prodotto\/beal-cordino-in-nylon-4-mm-alpinismo-al-metro\/\",\"url\":\"https:\/\/www.sestogrado.it\/it\/prodotto\/beal-cordino-in-nylon-4-mm-alpinismo-al-metro\/\",\"name\":\"Beal Cordino in Nylon 4 mm alpinismo al metro - Sestogrado\",\"isPartOf\":{\"@id\":\"https:\/\/www.sestogrado.it\/it\/#website\"},\"primaryImageOfPage\":{\"@id\":\"https:\/\/www.sestogrado.it\/it\/prodotto\/beal-cordino-in-nylon-4-mm-alpinismo-al-metro\/#primaryimage\"},\"image\":{\"@id\":\"https:\/\/www.sestogrado.it\/prodotto\/beal-cordino-in-nylon-4-mm-alpinismo-al-metro\/#primaryimage\"},\"thumbnailUrl\":\"https:\/\/www.sestogrado.it\/wp-content\/uploads\/2021\/01\/BC04.120.Y.png\",\"datePublished\":\"2021-01-27T10:26:12+00:00\",\"dateModified\":\"2026-04-01T11:39:46+00:00\",\"description\":\"Il cordino in Nylon 4mm \u00e8 un cordino conforme alla normativa UIAA e EN564 per utilizzo in ambito alpinistico ed \u00e8 particolarmente indicato per la realizzazione di pedali, ancoraggi secondari, trasporto di materiale, etc.Il cordino \u00e8 acquistabile al metro, ogni unit\u00e0 \u00e8 un metro.\u00a0Se si desiderano pi\u00f9 spezzoni, acquistare la quantit\u00e0 totale e poi nelle note dell\u2019ordine inserire le lunghezze e i tagli desiderati.Es: acquisto 10m di cordino giallo e nelle note indico \\\"due cordini da 5m l'uno\\\".\",\"breadcrumb\":{\"@id\":\"https:\/\/www.sestogrado.it\/it\/prodotto\/beal-cordino-in-nylon-4-mm-alpinismo-al-metro\/#breadcrumb\"},\"inLanguage\":\"it-IT\",\"potentialAction\":[{\"@type\":\"ReadAction\",\"target\":[[\"https:\/\/www.sestogrado.it\/it\/prodotto\/beal-cordino-in-nylon-4-mm-alpinismo-al-metro\/\"]]}]},{\"@type\":\"ImageObject\",\"inLanguage\":\"it-IT\",\"@id\":\"https:\/\/www.sestogrado.it\/it\/prodotto\/beal-cordino-in-nylon-4-mm-alpinismo-al-metro\/#primaryimage\",\"url\":\"https:\/\/www.sestogrado.it\/wp-content\/uploads\/2021\/01\/BC04.120.Y.png\",\"contentUrl\":\"https:\/\/www.sestogrado.it\/wp-content\/uploads\/2021\/01\/BC04.120.Y.png\",\"width\":800,\"height\":800,\"caption\":\"cordino 4 mm giallo\"},{\"@type\":\"BreadcrumbList\",\"@id\":\"https:\/\/www.sestogrado.it\/it\/prodotto\/beal-cordino-in-nylon-4-mm-alpinismo-al-metro\/#breadcrumb\",\"itemListElement\":[{\"@type\":\"ListItem\",\"position\":1,\"name\":\"Home\",\"item\":\"https:\/\/www.sestogrado.it\/it\/\"},{\"@type\":\"ListItem\",\"position\":2,\"name\":\"Shop\",\"item\":\"https:\/\/www.sestogrado.it\/it\/shop\/\"},{\"@type\":\"ListItem\",\"position\":3,\"name\":\"Beal Cordino in Nylon 4 mm alpinismo al metro\"}]},{\"@type\":\"WebSite\",\"@id\":\"https:\/\/www.sestogrado.it\/it\/#website\",\"url\":\"https:\/\/www.sestogrado.it\/it\/\",\"name\":\"Sestogrado\",\"description\":\"yes we climb\",\"publisher\":{\"@id\":\"https:\/\/www.sestogrado.it\/it\/#organization\"},\"potentialAction\":[{\"@type\":\"SearchAction\",\"target\":{\"@type\":\"EntryPoint\",\"urlTemplate\":\"https:\/\/www.sestogrado.it\/it\/?s={search_term_string}\"},\"query-input\":{\"@type\":\"PropertyValueSpecification\",\"valueRequired\":true,\"valueName\":\"search_term_string\"}}],\"inLanguage\":\"it-IT\"},{\"@type\":\"Organization\",\"@id\":\"https:\/\/www.sestogrado.it\/it\/#organization\",\"name\":\"Sestogrado\",\"url\":\"https:\/\/www.sestogrado.it\/it\/\",\"logo\":{\"@type\":\"ImageObject\",\"inLanguage\":\"it-IT\",\"@id\":\"https:\/\/www.sestogrado.it\/it\/#\/schema\/logo\/image\/\",\"url\":\"https:\/\/www.sestogrado.it\/wp-content\/uploads\/2015\/03\/sestogrado-favicon.png\",\"contentUrl\":\"https:\/\/www.sestogrado.it\/wp-content\/uploads\/2015\/03\/sestogrado-favicon.png\",\"width\":260,\"height\":260,\"caption\":\"Sestogrado\"},\"image\":{\"@id\":\"https:\/\/www.sestogrado.it\/it\/#\/schema\/logo\/image\/\"},\"sameAs\":[\"https:\/\/www.facebook.com\/pages\/Sestogrado\/1542635979353017?ref=bookmarks\",\"https:\/\/www.youtube.com\/channel\/UC847kAfTkaJsWpc1jtQwr3Q\"],\"hasMerchantReturnPolicy\":{\"@type\":\"MerchantReturnPolicy\",\"merchantReturnLink\":\"https:\/\/www.sestogrado.it\/it\/termini-e-condizioni\/\"}}]}<\/script>\n<meta property=\"product:brand\" content=\"Beal\" \/>\n<meta property=\"og:availability\" content=\"instock\" \/>\n<meta property=\"product:availability\" content=\"instock\" \/>\n<meta property=\"product:condition\" content=\"new\" \/>\n<!-- \/ Yoast SEO plugin. -->","yoast_head_json":{"title":"Beal Cordino in Nylon 4 mm alpinismo al metro - Sestogrado","description":"Il cordino in Nylon 4mm \u00e8 un cordino conforme alla normativa UIAA e EN564 per utilizzo in ambito alpinistico ed \u00e8 particolarmente indicato per la realizzazione di pedali, ancoraggi secondari, trasporto di materiale, etc.Il cordino \u00e8 acquistabile al metro, ogni unit\u00e0 \u00e8 un metro.\u00a0Se si desiderano pi\u00f9 spezzoni, acquistare la quantit\u00e0 totale e poi nelle note dell\u2019ordine inserire le lunghezze e i tagli desiderati.Es: acquisto 10m di cordino giallo e nelle note indico \"due cordini da 5m l'uno\".","robots":{"index":"index","follow":"follow","max-snippet":"max-snippet:-1","max-image-preview":"max-image-preview:large","max-video-preview":"max-video-preview:-1"},"canonical":"https:\/\/www.sestogrado.it\/it\/prodotto\/beal-cordino-in-nylon-4-mm-alpinismo-al-metro\/","og_locale":"it_IT","og_type":"article","og_title":"Beal Cordino in Nylon 4 mm alpinismo al metro - Sestogrado","og_description":"Il cordino in Nylon 4mm \u00e8 un cordino conforme alla normativa UIAA e EN564 per utilizzo in ambito alpinistico ed \u00e8 particolarmente indicato per la realizzazione di pedali, ancoraggi secondari, trasporto di materiale, etc.Il cordino \u00e8 acquistabile al metro, ogni unit\u00e0 \u00e8 un metro.\u00a0Se si desiderano pi\u00f9 spezzoni, acquistare la quantit\u00e0 totale e poi nelle note dell\u2019ordine inserire le lunghezze e i tagli desiderati.Es: acquisto 10m di cordino giallo e nelle note indico \"due cordini da 5m l'uno\".","og_url":"https:\/\/www.sestogrado.it\/it\/prodotto\/beal-cordino-in-nylon-4-mm-alpinismo-al-metro\/","og_site_name":"Sestogrado","article_publisher":"https:\/\/www.facebook.com\/pages\/Sestogrado\/1542635979353017?ref=bookmarks","article_modified_time":"2026-04-01T11:39:46+00:00","og_image":[{"width":800,"height":800,"url":"https:\/\/www.sestogrado.it\/wp-content\/uploads\/2021\/01\/BC04.120.Y.png","type":"image\/png"}],"twitter_misc":{"Disponibilit\u00e0":"In stock"},"schema":{"@context":"https:\/\/schema.org","@graph":[{"@type":"WebPage","@id":"https:\/\/www.sestogrado.it\/it\/prodotto\/beal-cordino-in-nylon-4-mm-alpinismo-al-metro\/","url":"https:\/\/www.sestogrado.it\/it\/prodotto\/beal-cordino-in-nylon-4-mm-alpinismo-al-metro\/","name":"Beal Cordino in Nylon 4 mm alpinismo al metro - Sestogrado","isPartOf":{"@id":"https:\/\/www.sestogrado.it\/it\/#website"},"primaryImageOfPage":{"@id":"https:\/\/www.sestogrado.it\/it\/prodotto\/beal-cordino-in-nylon-4-mm-alpinismo-al-metro\/#primaryimage"},"image":{"@id":"https:\/\/www.sestogrado.it\/prodotto\/beal-cordino-in-nylon-4-mm-alpinismo-al-metro\/#primaryimage"},"thumbnailUrl":"https:\/\/www.sestogrado.it\/wp-content\/uploads\/2021\/01\/BC04.120.Y.png","datePublished":"2021-01-27T10:26:12+00:00","dateModified":"2026-04-01T11:39:46+00:00","description":"Il cordino in Nylon 4mm \u00e8 un cordino conforme alla normativa UIAA e EN564 per utilizzo in ambito alpinistico ed \u00e8 particolarmente indicato per la realizzazione di pedali, ancoraggi secondari, trasporto di materiale, etc.Il cordino \u00e8 acquistabile al metro, ogni unit\u00e0 \u00e8 un metro.\u00a0Se si desiderano pi\u00f9 spezzoni, acquistare la quantit\u00e0 totale e poi nelle note dell\u2019ordine inserire le lunghezze e i tagli desiderati.Es: acquisto 10m di cordino giallo e nelle note indico \"due cordini da 5m l'uno\".","breadcrumb":{"@id":"https:\/\/www.sestogrado.it\/it\/prodotto\/beal-cordino-in-nylon-4-mm-alpinismo-al-metro\/#breadcrumb"},"inLanguage":"it-IT","potentialAction":[{"@type":"ReadAction","target":[["https:\/\/www.sestogrado.it\/it\/prodotto\/beal-cordino-in-nylon-4-mm-alpinismo-al-metro\/"]]}]},{"@type":"ImageObject","inLanguage":"it-IT","@id":"https:\/\/www.sestogrado.it\/it\/prodotto\/beal-cordino-in-nylon-4-mm-alpinismo-al-metro\/#primaryimage","url":"https:\/\/www.sestogrado.it\/wp-content\/uploads\/2021\/01\/BC04.120.Y.png","contentUrl":"https:\/\/www.sestogrado.it\/wp-content\/uploads\/2021\/01\/BC04.120.Y.png","width":800,"height":800,"caption":"cordino 4 mm giallo"},{"@type":"BreadcrumbList","@id":"https:\/\/www.sestogrado.it\/it\/prodotto\/beal-cordino-in-nylon-4-mm-alpinismo-al-metro\/#breadcrumb","itemListElement":[{"@type":"ListItem","position":1,"name":"Home","item":"https:\/\/www.sestogrado.it\/it\/"},{"@type":"ListItem","position":2,"name":"Shop","item":"https:\/\/www.sestogrado.it\/it\/shop\/"},{"@type":"ListItem","position":3,"name":"Beal Cordino in Nylon 4 mm alpinismo al metro"}]},{"@type":"WebSite","@id":"https:\/\/www.sestogrado.it\/it\/#website","url":"https:\/\/www.sestogrado.it\/it\/","name":"Sestogrado","description":"yes we climb","publisher":{"@id":"https:\/\/www.sestogrado.it\/it\/#organization"},"potentialAction":[{"@type":"SearchAction","target":{"@type":"EntryPoint","urlTemplate":"https:\/\/www.sestogrado.it\/it\/?s={search_term_string}"},"query-input":{"@type":"PropertyValueSpecification","valueRequired":true,"valueName":"search_term_string"}}],"inLanguage":"it-IT"},{"@type":"Organization","@id":"https:\/\/www.sestogrado.it\/it\/#organization","name":"Sestogrado","url":"https:\/\/www.sestogrado.it\/it\/","logo":{"@type":"ImageObject","inLanguage":"it-IT","@id":"https:\/\/www.sestogrado.it\/it\/#\/schema\/logo\/image\/","url":"https:\/\/www.sestogrado.it\/wp-content\/uploads\/2015\/03\/sestogrado-favicon.png","contentUrl":"https:\/\/www.sestogrado.it\/wp-content\/uploads\/2015\/03\/sestogrado-favicon.png","width":260,"height":260,"caption":"Sestogrado"},"image":{"@id":"https:\/\/www.sestogrado.it\/it\/#\/schema\/logo\/image\/"},"sameAs":["https:\/\/www.facebook.com\/pages\/Sestogrado\/1542635979353017?ref=bookmarks","https:\/\/www.youtube.com\/channel\/UC847kAfTkaJsWpc1jtQwr3Q"],"hasMerchantReturnPolicy":{"@type":"MerchantReturnPolicy","merchantReturnLink":"https:\/\/www.sestogrado.it\/it\/termini-e-condizioni\/"}}]},"product_brand":"Beal","og_availability":"instock","product_availability":"instock","product_condition":"new"},"_links":{"self":[{"href":"https:\/\/www.sestogrado.it\/it\/wp-json\/wp\/v2\/product\/49855","targetHints":{"allow":["GET"]}}],"collection":[{"href":"https:\/\/www.sestogrado.it\/it\/wp-json\/wp\/v2\/product"}],"about":[{"href":"https:\/\/www.sestogrado.it\/it\/wp-json\/wp\/v2\/types\/product"}],"replies":[{"embeddable":true,"href":"https:\/\/www.sestogrado.it\/it\/wp-json\/wp\/v2\/comments?post=49855"}],"wp:featuredmedia":[{"embeddable":true,"href":"https:\/\/www.sestogrado.it\/it\/wp-json\/wp\/v2\/media\/49856"}],"wp:attachment":[{"href":"https:\/\/www.sestogrado.it\/it\/wp-json\/wp\/v2\/media?parent=49855"}],"wp:term":[{"taxonomy":"product_brand","embeddable":true,"href":"https:\/\/www.sestogrado.it\/it\/wp-json\/wp\/v2\/product_brand?post=49855"},{"taxonomy":"product_cat","embeddable":true,"href":"https:\/\/www.sestogrado.it\/it\/wp-json\/wp\/v2\/product_cat?post=49855"},{"taxonomy":"product_tag","embeddable":true,"href":"https:\/\/www.sestogrado.it\/it\/wp-json\/wp\/v2\/product_tag?post=49855"}],"curies":[{"name":"wp","href":"https:\/\/api.w.org\/{rel}","templated":true}]}}