{"id":4808,"date":"2016-04-08T10:03:12","date_gmt":"2016-04-08T08:03:12","guid":{"rendered":"http:\/\/www.sestogrado.it\/?post_type=product&#038;p=4808"},"modified":"2026-04-02T11:20:37","modified_gmt":"2026-04-02T09:20:37","slug":"camp-nano-22-rackpack-set-moschettoni","status":"publish","type":"product","link":"https:\/\/www.sestogrado.it\/it\/prodotto\/camp-nano-22-rackpack-set-moschettoni\/","title":{"rendered":"Camp Nano 22 RackPack set moschettoni"},"content":{"rendered":"<p>Il Camp Nano 22 \u00e8 il pi\u00f9 leggero moschettone di Camp ed uno dei pi\u00f9 leggeri al mondo, ma \u00e8 anche il moschettone pi\u00f9 conveniente quando stai arrampicando su lunghe vie alpinistiche.<\/p>\n<p>Il\u00a0Nano 22 \u00e8 la massima evoluzione del moschettone secondo Camp, solo 22g in un moschettone forte e resistente, con un profondo alloggiamento per la corda ed una leva sviluppata per favorire un moschettonaggio semplice.\u00a0Il naso protegge la leva mentre la particolare curvatura e la totale assenza di sporgenze favoriscono lo scorrimento della corda limitandone l&#8217;usura.<\/p>\n<p>Le eccezionali caratteristiche meccaniche fanno del Nano 22 il moschettone ideale per l&#8217;alpinismo e l&#8217;arrampicata trad, dove il Nano 22 in differenti colori pu\u00f2 essere associato al relativo colore di friend o nut. Viste le dimensioni compatte, il Nano 22 permette di assicurarsi senza problemi anche ad anelli particolarmente stretti.<\/p>\n<ul>\n<li>Peso record di 22g per moschettone<\/li>\n<li>RackPack con moschettoni\u00a0in 6 colori diversi coordinati con quelli dei Cam pi\u00f9 usati<\/li>\n<li>Utilizzabile con tutti i tipi di corde<\/li>\n<li>Riduce in modo significativo il peso e l&#8217;ingombro dell&#8217;attrezzatura<\/li>\n<li>Massima funzionalit\u00e0<\/li>\n<\/ul>\n<p>Il Camp Nano 22, come tutti i moschettoni dei RackPack, pu\u00f2 essere utilizzato come normale moschettone per compiere tutte le manovre di corda, ma ovviamente, vista la super leggerezza, \u00e8 un moschettone che da il meglio di s\u00e8 in alpinismo ed arrampicata trad , dove meno peso significa pi\u00f9 probabilit\u00e0 di successo.<\/p>","protected":false},"excerpt":{"rendered":"<p>Il Camp Nano 22 \u00e8 il pi\u00f9 leggero moschettone di Camp ed uno dei pi\u00f9 leggeri al mondo, ma \u00e8 [&hellip;]<\/p>\n","protected":false},"featured_media":10565,"comment_status":"open","ping_status":"closed","template":"","meta":{"_acf_changed":false},"product_brand":[31],"product_cat":[132],"product_tag":[418],"class_list":{"0":"post-4808","1":"product","2":"type-product","3":"status-publish","4":"has-post-thumbnail","6":"product_brand-camp","7":"product_cat-moschettoni","8":"product_tag-moschettoni","10":"first","11":"instock","12":"sale","13":"taxable","14":"shipping-taxable","15":"purchasable","16":"product-type-simple"},"acf":[],"yoast_head":"<!-- This site is optimized with the Yoast SEO plugin v26.4 - https:\/\/yoast.com\/wordpress\/plugins\/seo\/ -->\n<title>Camp Nano 22 RackPack set moschettoni - Sestogrado<\/title>\n<meta name=\"description\" content=\"Il Camp Nano 22 \u00e8 il moschettone pi\u00f9 leggero di Camp. Con i suoi 22g il Camp Nano 22 \u00e8 uno dei moschettoni pi\u00f9 leggeri al mondo, ideale per l&#039;alpinismo. Il\u00a0Nano 22 \u00e8 la massima evoluzione del moschettone secondo Camp, solo 22g in un moschettone forte e resistente, con un profondo alloggiamento per la corda.\" \/>\n<meta name=\"robots\" content=\"index, follow, max-snippet:-1, max-image-preview:large, max-video-preview:-1\" \/>\n<link rel=\"canonical\" href=\"https:\/\/www.sestogrado.it\/it\/prodotto\/camp-nano-22-rackpack-set-moschettoni\/\" \/>\n<meta property=\"og:locale\" content=\"it_IT\" \/>\n<meta property=\"og:type\" content=\"article\" \/>\n<meta property=\"og:title\" content=\"Camp Nano 22 RackPack set moschettoni - Sestogrado\" \/>\n<meta property=\"og:description\" content=\"Il Camp Nano 22 \u00e8 il moschettone pi\u00f9 leggero di Camp. Con i suoi 22g il Camp Nano 22 \u00e8 uno dei moschettoni pi\u00f9 leggeri al mondo, ideale per l&#039;alpinismo. Il\u00a0Nano 22 \u00e8 la massima evoluzione del moschettone secondo Camp, solo 22g in un moschettone forte e resistente, con un profondo alloggiamento per la corda.\" \/>\n<meta property=\"og:url\" content=\"https:\/\/www.sestogrado.it\/it\/prodotto\/camp-nano-22-rackpack-set-moschettoni\/\" \/>\n<meta property=\"og:site_name\" content=\"Sestogrado\" \/>\n<meta property=\"article:publisher\" content=\"https:\/\/www.facebook.com\/pages\/Sestogrado\/1542635979353017?ref=bookmarks\" \/>\n<meta property=\"article:modified_time\" content=\"2026-04-02T09:20:37+00:00\" \/>\n<meta property=\"og:image\" content=\"https:\/\/www.sestogrado.it\/wp-content\/uploads\/2016\/04\/nano-22-01.jpg\" \/>\n\t<meta property=\"og:image:width\" content=\"977\" \/>\n\t<meta property=\"og:image:height\" content=\"1302\" \/>\n\t<meta property=\"og:image:type\" content=\"image\/jpeg\" \/>\n<meta name=\"twitter:label1\" content=\"Prezzo\" \/>\n\t<meta name=\"twitter:data1\" content=\"&euro;&nbsp;44,90\" \/>\n\t<meta name=\"twitter:label2\" content=\"Disponibilit\u00e0\" \/>\n\t<meta name=\"twitter:data2\" content=\"In stock\" \/>\n<script type=\"application\/ld+json\" class=\"yoast-schema-graph\">{\"@context\":\"https:\/\/schema.org\",\"@graph\":[{\"@type\":\"WebPage\",\"@id\":\"https:\/\/www.sestogrado.it\/it\/prodotto\/camp-nano-22-rackpack-set-moschettoni\/\",\"url\":\"https:\/\/www.sestogrado.it\/it\/prodotto\/camp-nano-22-rackpack-set-moschettoni\/\",\"name\":\"Camp Nano 22 RackPack set moschettoni - Sestogrado\",\"isPartOf\":{\"@id\":\"https:\/\/www.sestogrado.it\/it\/#website\"},\"primaryImageOfPage\":{\"@id\":\"https:\/\/www.sestogrado.it\/it\/prodotto\/camp-nano-22-rackpack-set-moschettoni\/#primaryimage\"},\"image\":{\"@id\":\"https:\/\/www.sestogrado.it\/prodotto\/camp-nano-22-rackpack-set-moschettoni\/#primaryimage\"},\"thumbnailUrl\":\"https:\/\/www.sestogrado.it\/wp-content\/uploads\/2016\/04\/nano-22-01.jpg\",\"datePublished\":\"2016-04-08T08:03:12+00:00\",\"dateModified\":\"2026-04-02T09:20:37+00:00\",\"description\":\"Il Camp Nano 22 \u00e8 il moschettone pi\u00f9 leggero di Camp. Con i suoi 22g il Camp Nano 22 \u00e8 uno dei moschettoni pi\u00f9 leggeri al mondo, ideale per l'alpinismo. Il\u00a0Nano 22 \u00e8 la massima evoluzione del moschettone secondo Camp, solo 22g in un moschettone forte e resistente, con un profondo alloggiamento per la corda.\",\"breadcrumb\":{\"@id\":\"https:\/\/www.sestogrado.it\/it\/prodotto\/camp-nano-22-rackpack-set-moschettoni\/#breadcrumb\"},\"inLanguage\":\"it-IT\",\"potentialAction\":[{\"@type\":\"ReadAction\",\"target\":[[\"https:\/\/www.sestogrado.it\/it\/prodotto\/camp-nano-22-rackpack-set-moschettoni\/\"]]}]},{\"@type\":\"ImageObject\",\"inLanguage\":\"it-IT\",\"@id\":\"https:\/\/www.sestogrado.it\/it\/prodotto\/camp-nano-22-rackpack-set-moschettoni\/#primaryimage\",\"url\":\"https:\/\/www.sestogrado.it\/wp-content\/uploads\/2016\/04\/nano-22-01.jpg\",\"contentUrl\":\"https:\/\/www.sestogrado.it\/wp-content\/uploads\/2016\/04\/nano-22-01.jpg\",\"width\":977,\"height\":1302,\"caption\":\"camp nano 22\"},{\"@type\":\"BreadcrumbList\",\"@id\":\"https:\/\/www.sestogrado.it\/it\/prodotto\/camp-nano-22-rackpack-set-moschettoni\/#breadcrumb\",\"itemListElement\":[{\"@type\":\"ListItem\",\"position\":1,\"name\":\"Home\",\"item\":\"https:\/\/www.sestogrado.it\/it\/\"},{\"@type\":\"ListItem\",\"position\":2,\"name\":\"Shop\",\"item\":\"https:\/\/www.sestogrado.it\/it\/shop\/\"},{\"@type\":\"ListItem\",\"position\":3,\"name\":\"Camp Nano 22 RackPack set moschettoni\"}]},{\"@type\":\"WebSite\",\"@id\":\"https:\/\/www.sestogrado.it\/it\/#website\",\"url\":\"https:\/\/www.sestogrado.it\/it\/\",\"name\":\"Sestogrado\",\"description\":\"yes we climb\",\"publisher\":{\"@id\":\"https:\/\/www.sestogrado.it\/it\/#organization\"},\"potentialAction\":[{\"@type\":\"SearchAction\",\"target\":{\"@type\":\"EntryPoint\",\"urlTemplate\":\"https:\/\/www.sestogrado.it\/it\/?s={search_term_string}\"},\"query-input\":{\"@type\":\"PropertyValueSpecification\",\"valueRequired\":true,\"valueName\":\"search_term_string\"}}],\"inLanguage\":\"it-IT\"},{\"@type\":\"Organization\",\"@id\":\"https:\/\/www.sestogrado.it\/it\/#organization\",\"name\":\"Sestogrado\",\"url\":\"https:\/\/www.sestogrado.it\/it\/\",\"logo\":{\"@type\":\"ImageObject\",\"inLanguage\":\"it-IT\",\"@id\":\"https:\/\/www.sestogrado.it\/it\/#\/schema\/logo\/image\/\",\"url\":\"https:\/\/www.sestogrado.it\/wp-content\/uploads\/2015\/03\/sestogrado-favicon.png\",\"contentUrl\":\"https:\/\/www.sestogrado.it\/wp-content\/uploads\/2015\/03\/sestogrado-favicon.png\",\"width\":260,\"height\":260,\"caption\":\"Sestogrado\"},\"image\":{\"@id\":\"https:\/\/www.sestogrado.it\/it\/#\/schema\/logo\/image\/\"},\"sameAs\":[\"https:\/\/www.facebook.com\/pages\/Sestogrado\/1542635979353017?ref=bookmarks\",\"https:\/\/www.youtube.com\/channel\/UC847kAfTkaJsWpc1jtQwr3Q\"],\"hasMerchantReturnPolicy\":{\"@type\":\"MerchantReturnPolicy\",\"merchantReturnLink\":\"https:\/\/www.sestogrado.it\/it\/termini-e-condizioni\/\"}}]}<\/script>\n<meta property=\"product:brand\" content=\"Camp\" \/>\n<meta property=\"product:price:amount\" content=\"44.90\" \/>\n<meta property=\"product:price:currency\" content=\"EUR\" \/>\n<meta property=\"og:availability\" content=\"instock\" \/>\n<meta property=\"product:availability\" content=\"instock\" \/>\n<meta property=\"product:condition\" content=\"new\" \/>\n<!-- \/ Yoast SEO plugin. -->","yoast_head_json":{"title":"Camp Nano 22 RackPack set moschettoni - Sestogrado","description":"Il Camp Nano 22 \u00e8 il moschettone pi\u00f9 leggero di Camp. Con i suoi 22g il Camp Nano 22 \u00e8 uno dei moschettoni pi\u00f9 leggeri al mondo, ideale per l'alpinismo. Il\u00a0Nano 22 \u00e8 la massima evoluzione del moschettone secondo Camp, solo 22g in un moschettone forte e resistente, con un profondo alloggiamento per la corda.","robots":{"index":"index","follow":"follow","max-snippet":"max-snippet:-1","max-image-preview":"max-image-preview:large","max-video-preview":"max-video-preview:-1"},"canonical":"https:\/\/www.sestogrado.it\/it\/prodotto\/camp-nano-22-rackpack-set-moschettoni\/","og_locale":"it_IT","og_type":"article","og_title":"Camp Nano 22 RackPack set moschettoni - Sestogrado","og_description":"Il Camp Nano 22 \u00e8 il moschettone pi\u00f9 leggero di Camp. Con i suoi 22g il Camp Nano 22 \u00e8 uno dei moschettoni pi\u00f9 leggeri al mondo, ideale per l'alpinismo. Il\u00a0Nano 22 \u00e8 la massima evoluzione del moschettone secondo Camp, solo 22g in un moschettone forte e resistente, con un profondo alloggiamento per la corda.","og_url":"https:\/\/www.sestogrado.it\/it\/prodotto\/camp-nano-22-rackpack-set-moschettoni\/","og_site_name":"Sestogrado","article_publisher":"https:\/\/www.facebook.com\/pages\/Sestogrado\/1542635979353017?ref=bookmarks","article_modified_time":"2026-04-02T09:20:37+00:00","og_image":[{"width":977,"height":1302,"url":"https:\/\/www.sestogrado.it\/wp-content\/uploads\/2016\/04\/nano-22-01.jpg","type":"image\/jpeg"}],"twitter_misc":{"Prezzo":"&euro;&nbsp;44,90","Disponibilit\u00e0":"In stock"},"schema":{"@context":"https:\/\/schema.org","@graph":[{"@type":"WebPage","@id":"https:\/\/www.sestogrado.it\/it\/prodotto\/camp-nano-22-rackpack-set-moschettoni\/","url":"https:\/\/www.sestogrado.it\/it\/prodotto\/camp-nano-22-rackpack-set-moschettoni\/","name":"Camp Nano 22 RackPack set moschettoni - Sestogrado","isPartOf":{"@id":"https:\/\/www.sestogrado.it\/it\/#website"},"primaryImageOfPage":{"@id":"https:\/\/www.sestogrado.it\/it\/prodotto\/camp-nano-22-rackpack-set-moschettoni\/#primaryimage"},"image":{"@id":"https:\/\/www.sestogrado.it\/prodotto\/camp-nano-22-rackpack-set-moschettoni\/#primaryimage"},"thumbnailUrl":"https:\/\/www.sestogrado.it\/wp-content\/uploads\/2016\/04\/nano-22-01.jpg","datePublished":"2016-04-08T08:03:12+00:00","dateModified":"2026-04-02T09:20:37+00:00","description":"Il Camp Nano 22 \u00e8 il moschettone pi\u00f9 leggero di Camp. Con i suoi 22g il Camp Nano 22 \u00e8 uno dei moschettoni pi\u00f9 leggeri al mondo, ideale per l'alpinismo. Il\u00a0Nano 22 \u00e8 la massima evoluzione del moschettone secondo Camp, solo 22g in un moschettone forte e resistente, con un profondo alloggiamento per la corda.","breadcrumb":{"@id":"https:\/\/www.sestogrado.it\/it\/prodotto\/camp-nano-22-rackpack-set-moschettoni\/#breadcrumb"},"inLanguage":"it-IT","potentialAction":[{"@type":"ReadAction","target":[["https:\/\/www.sestogrado.it\/it\/prodotto\/camp-nano-22-rackpack-set-moschettoni\/"]]}]},{"@type":"ImageObject","inLanguage":"it-IT","@id":"https:\/\/www.sestogrado.it\/it\/prodotto\/camp-nano-22-rackpack-set-moschettoni\/#primaryimage","url":"https:\/\/www.sestogrado.it\/wp-content\/uploads\/2016\/04\/nano-22-01.jpg","contentUrl":"https:\/\/www.sestogrado.it\/wp-content\/uploads\/2016\/04\/nano-22-01.jpg","width":977,"height":1302,"caption":"camp nano 22"},{"@type":"BreadcrumbList","@id":"https:\/\/www.sestogrado.it\/it\/prodotto\/camp-nano-22-rackpack-set-moschettoni\/#breadcrumb","itemListElement":[{"@type":"ListItem","position":1,"name":"Home","item":"https:\/\/www.sestogrado.it\/it\/"},{"@type":"ListItem","position":2,"name":"Shop","item":"https:\/\/www.sestogrado.it\/it\/shop\/"},{"@type":"ListItem","position":3,"name":"Camp Nano 22 RackPack set moschettoni"}]},{"@type":"WebSite","@id":"https:\/\/www.sestogrado.it\/it\/#website","url":"https:\/\/www.sestogrado.it\/it\/","name":"Sestogrado","description":"yes we climb","publisher":{"@id":"https:\/\/www.sestogrado.it\/it\/#organization"},"potentialAction":[{"@type":"SearchAction","target":{"@type":"EntryPoint","urlTemplate":"https:\/\/www.sestogrado.it\/it\/?s={search_term_string}"},"query-input":{"@type":"PropertyValueSpecification","valueRequired":true,"valueName":"search_term_string"}}],"inLanguage":"it-IT"},{"@type":"Organization","@id":"https:\/\/www.sestogrado.it\/it\/#organization","name":"Sestogrado","url":"https:\/\/www.sestogrado.it\/it\/","logo":{"@type":"ImageObject","inLanguage":"it-IT","@id":"https:\/\/www.sestogrado.it\/it\/#\/schema\/logo\/image\/","url":"https:\/\/www.sestogrado.it\/wp-content\/uploads\/2015\/03\/sestogrado-favicon.png","contentUrl":"https:\/\/www.sestogrado.it\/wp-content\/uploads\/2015\/03\/sestogrado-favicon.png","width":260,"height":260,"caption":"Sestogrado"},"image":{"@id":"https:\/\/www.sestogrado.it\/it\/#\/schema\/logo\/image\/"},"sameAs":["https:\/\/www.facebook.com\/pages\/Sestogrado\/1542635979353017?ref=bookmarks","https:\/\/www.youtube.com\/channel\/UC847kAfTkaJsWpc1jtQwr3Q"],"hasMerchantReturnPolicy":{"@type":"MerchantReturnPolicy","merchantReturnLink":"https:\/\/www.sestogrado.it\/it\/termini-e-condizioni\/"}}]},"product_brand":"Camp","product_price_amount":"44.90","product_price_currency":"EUR","og_availability":"instock","product_availability":"instock","product_condition":"new"},"_links":{"self":[{"href":"https:\/\/www.sestogrado.it\/it\/wp-json\/wp\/v2\/product\/4808","targetHints":{"allow":["GET"]}}],"collection":[{"href":"https:\/\/www.sestogrado.it\/it\/wp-json\/wp\/v2\/product"}],"about":[{"href":"https:\/\/www.sestogrado.it\/it\/wp-json\/wp\/v2\/types\/product"}],"replies":[{"embeddable":true,"href":"https:\/\/www.sestogrado.it\/it\/wp-json\/wp\/v2\/comments?post=4808"}],"wp:featuredmedia":[{"embeddable":true,"href":"https:\/\/www.sestogrado.it\/it\/wp-json\/wp\/v2\/media\/10565"}],"wp:attachment":[{"href":"https:\/\/www.sestogrado.it\/it\/wp-json\/wp\/v2\/media?parent=4808"}],"wp:term":[{"taxonomy":"product_brand","embeddable":true,"href":"https:\/\/www.sestogrado.it\/it\/wp-json\/wp\/v2\/product_brand?post=4808"},{"taxonomy":"product_cat","embeddable":true,"href":"https:\/\/www.sestogrado.it\/it\/wp-json\/wp\/v2\/product_cat?post=4808"},{"taxonomy":"product_tag","embeddable":true,"href":"https:\/\/www.sestogrado.it\/it\/wp-json\/wp\/v2\/product_tag?post=4808"}],"curies":[{"name":"wp","href":"https:\/\/api.w.org\/{rel}","templated":true}]}}