{"id":4598,"date":"2016-03-16T10:15:17","date_gmt":"2016-03-16T09:15:17","guid":{"rendered":"http:\/\/www.sestogrado.it\/?post_type=product&#038;p=4598"},"modified":"2025-05-09T09:06:58","modified_gmt":"2025-05-09T07:06:58","slug":"black-diamond-camalot-ultralight-friend-arrampicata-tutte-le-misure","status":"publish","type":"product","link":"https:\/\/www.sestogrado.it\/it\/prodotto\/black-diamond-camalot-ultralight-friend-arrampicata-tutte-le-misure\/","title":{"rendered":"Black Diamond Camalot Ultralight friend arrampicata tutte le misure"},"content":{"rendered":"<p>Il Camalot Ultralight \u00e8 la versione alleggerita del best seller mondiale <a href=\"https:\/\/www.sestogrado.it\/prodotto\/ferramenta\/black-diamond-camalot-c4-friend-arrampicata\/\" target=\"_blank\" rel=\"noopener noreferrer\">Camalot c4<\/a>.<\/p>\n<p>Novit\u00e0 assoluta nel mondo delle protezioni del 2016 il Camalot Ultralight pesa il 25% in meno rispetto al fratello maggiore ed \u00e8 disponibile nelle sette misure dal 0.4 al 4.<\/p>\n<p>Il Camalot Ultralight mantiene le caratteristiche che hanno reso celebre ed apprezzato il Camalot c4, un design a doppio asse per una massima apertura delle camme, solidit\u00e0, codificazione in base al colore per una pi\u00f9 facile identificazione. Alla versione Ultralight per risparmiare peso \u00e8 stata rimossa parte metallica delle camme che ora sono &#8220;traforate&#8221; ed il cavo interno all&#8217;anello \u00e8 stato sostituito da un cordino in dyneema.<\/p>\n<p>I Camalot Ultralight fanno la differenza quando il peso conta, soprattutto nelle misure\u00a0pi\u00f9 grandi dove l&#8217;alleggerimento\u00a0incide di pi\u00f9.<\/p>\n<p>Una volta provati i Camalot Ultralight sar\u00e0 difficile tornare indietro.<\/p>\n<ul>\n<li>Design a doppio asse consente una maggiore apertura delle camme<\/li>\n<li>Ultraleggeri<\/li>\n<li>Cordino interno in dyneema resistente e duraturo<\/li>\n<li>Ergonomicamente ottimizzato per una maggiore precisione di inserimento<\/li>\n<li>Colori per ogni formato per una rapida identificazione<\/li>\n<\/ul>\n<p>Disponibile nei 7\u00a0formati dal 0.4 al 4<\/p>\n<p><iframe src=\"\/\/www.youtube.com\/embed\/2I9tiengHvo\" width=\"425\" height=\"350\"><\/iframe><\/p>\n<p>Ad ogni\u00a0Camalot Ultralight\u00a0\u00e8 possibile abbinare un moschettone del medesimo colore per una immediata riconoscibilit\u00e0.<\/p>\n<p>Rackpack disponibili: <a href=\"https:\/\/www.sestogrado.it\/prodotto\/ferramenta\/black-diamond-neutrino-rackpack-set-moschettoni-arrampicata\/\" target=\"_blank\" rel=\"noopener noreferrer\">Neutrino<\/a>, <a href=\"https:\/\/www.sestogrado.it\/prodotto\/ferramenta\/black-diamond-oz-rackpack-set-moschettoni-arrampicata\/\" target=\"_blank\" rel=\"noopener noreferrer\">Oz <\/a>o <a href=\"https:\/\/www.sestogrado.it\/prodotto\/ferramenta\/black-diamond-hoodwire-rackpack-set-moschettoni-arrampicata\/\" target=\"_blank\" rel=\"noopener noreferrer\">Hoodwire<\/a>.<\/p>\n<p>&nbsp;<\/p>\n<p>Black Diamond dal 1957 rappresenta un punto di riferimento mondiale per l&#8217;attrezzatura da arrampicata. Ci\u00f2 che all&#8217;inizio era una attivit\u00e0 artigianale con incudine e martello oggi si \u00e8 trasformata in una societ\u00e0 globale con uffici in tre continenti. Il segreto di Black Diamond \u00e8 sempre lo stesso: essere una societ\u00e0 formata da appassionati climber. In Black Diamond si continua a sognare su ci\u00f2 che potrebbe essere e si continua ad essere critici su ci\u00f2 che esiste. E&#8217; cos\u00ec che il processo creativo per la realizzazione della migliore attrezzatura da arrampicata non avr\u00e0 mai fine.<\/p>","protected":false},"excerpt":{"rendered":"<p>Il Camalot Ultralight \u00e8 la versione alleggerita del best seller mondiale Camalot c4. Novit\u00e0 assoluta nel mondo delle protezioni del [&hellip;]<\/p>\n","protected":false},"featured_media":4606,"comment_status":"open","ping_status":"closed","template":"","meta":{"_acf_changed":false},"product_brand":[121],"product_cat":[135],"product_tag":[],"class_list":{"0":"post-4598","1":"product","2":"type-product","3":"status-publish","4":"has-post-thumbnail","6":"product_brand-black-diamond","7":"product_cat-friends-e-nuts","9":"first","10":"instock","11":"sale","12":"taxable","13":"shipping-taxable","14":"purchasable","15":"product-type-variable"},"acf":[],"yoast_head":"<!-- This site is optimized with the Yoast SEO plugin v26.4 - https:\/\/yoast.com\/wordpress\/plugins\/seo\/ -->\n<title>Black Diamond Camalot Ultralight friend arrampicata tutte le misure - Sestogrado<\/title>\n<meta name=\"description\" content=\"BD Camalot Ultralight. Versione alleggerita del pi\u00f9 venduto friend da arrampicata al mondo i Camalot Ultralight pesano il 25% in meno dei Camalot C4.\" \/>\n<meta name=\"robots\" content=\"index, follow, max-snippet:-1, max-image-preview:large, max-video-preview:-1\" \/>\n<link rel=\"canonical\" href=\"https:\/\/www.sestogrado.it\/it\/prodotto\/black-diamond-camalot-ultralight-friend-arrampicata-tutte-le-misure\/\" \/>\n<meta property=\"og:locale\" content=\"it_IT\" \/>\n<meta property=\"og:type\" content=\"article\" \/>\n<meta property=\"og:title\" content=\"Black Diamond Camalot Ultralight friend arrampicata tutte le misure - Sestogrado\" \/>\n<meta property=\"og:description\" content=\"BD Camalot Ultralight. Versione alleggerita del pi\u00f9 venduto friend da arrampicata al mondo i Camalot Ultralight pesano il 25% in meno dei Camalot C4.\" \/>\n<meta property=\"og:url\" content=\"https:\/\/www.sestogrado.it\/it\/prodotto\/black-diamond-camalot-ultralight-friend-arrampicata-tutte-le-misure\/\" \/>\n<meta property=\"og:site_name\" content=\"Sestogrado\" \/>\n<meta property=\"article:publisher\" content=\"https:\/\/www.facebook.com\/pages\/Sestogrado\/1542635979353017?ref=bookmarks\" \/>\n<meta property=\"article:modified_time\" content=\"2025-05-09T07:06:58+00:00\" \/>\n<meta property=\"og:image\" content=\"https:\/\/www.sestogrado.it\/wp-content\/uploads\/2016\/03\/cop.jpg\" \/>\n\t<meta property=\"og:image:width\" content=\"1000\" \/>\n\t<meta property=\"og:image:height\" content=\"1333\" \/>\n\t<meta property=\"og:image:type\" content=\"image\/jpeg\" \/>\n<meta name=\"twitter:label1\" content=\"Disponibilit\u00e0\" \/>\n\t<meta name=\"twitter:data1\" content=\"In stock\" \/>\n<script type=\"application\/ld+json\" class=\"yoast-schema-graph\">{\"@context\":\"https:\/\/schema.org\",\"@graph\":[{\"@type\":\"WebPage\",\"@id\":\"https:\/\/www.sestogrado.it\/it\/prodotto\/black-diamond-camalot-ultralight-friend-arrampicata-tutte-le-misure\/\",\"url\":\"https:\/\/www.sestogrado.it\/it\/prodotto\/black-diamond-camalot-ultralight-friend-arrampicata-tutte-le-misure\/\",\"name\":\"Black Diamond Camalot Ultralight friend arrampicata tutte le misure - Sestogrado\",\"isPartOf\":{\"@id\":\"https:\/\/www.sestogrado.it\/it\/#website\"},\"primaryImageOfPage\":{\"@id\":\"https:\/\/www.sestogrado.it\/it\/prodotto\/black-diamond-camalot-ultralight-friend-arrampicata-tutte-le-misure\/#primaryimage\"},\"image\":{\"@id\":\"https:\/\/www.sestogrado.it\/prodotto\/black-diamond-camalot-ultralight-friend-arrampicata-tutte-le-misure\/#primaryimage\"},\"thumbnailUrl\":\"https:\/\/www.sestogrado.it\/wp-content\/uploads\/2016\/03\/cop.jpg\",\"datePublished\":\"2016-03-16T09:15:17+00:00\",\"dateModified\":\"2025-05-09T07:06:58+00:00\",\"description\":\"BD Camalot Ultralight. Versione alleggerita del pi\u00f9 venduto friend da arrampicata al mondo i Camalot Ultralight pesano il 25% in meno dei Camalot C4.\",\"breadcrumb\":{\"@id\":\"https:\/\/www.sestogrado.it\/it\/prodotto\/black-diamond-camalot-ultralight-friend-arrampicata-tutte-le-misure\/#breadcrumb\"},\"inLanguage\":\"it-IT\",\"potentialAction\":[{\"@type\":\"ReadAction\",\"target\":[[\"https:\/\/www.sestogrado.it\/it\/prodotto\/black-diamond-camalot-ultralight-friend-arrampicata-tutte-le-misure\/\"]]}]},{\"@type\":\"ImageObject\",\"inLanguage\":\"it-IT\",\"@id\":\"https:\/\/www.sestogrado.it\/it\/prodotto\/black-diamond-camalot-ultralight-friend-arrampicata-tutte-le-misure\/#primaryimage\",\"url\":\"https:\/\/www.sestogrado.it\/wp-content\/uploads\/2016\/03\/cop.jpg\",\"contentUrl\":\"https:\/\/www.sestogrado.it\/wp-content\/uploads\/2016\/03\/cop.jpg\",\"width\":1000,\"height\":1333,\"caption\":\"camalot ultralight\"},{\"@type\":\"BreadcrumbList\",\"@id\":\"https:\/\/www.sestogrado.it\/it\/prodotto\/black-diamond-camalot-ultralight-friend-arrampicata-tutte-le-misure\/#breadcrumb\",\"itemListElement\":[{\"@type\":\"ListItem\",\"position\":1,\"name\":\"Home\",\"item\":\"https:\/\/www.sestogrado.it\/it\/\"},{\"@type\":\"ListItem\",\"position\":2,\"name\":\"Shop\",\"item\":\"https:\/\/www.sestogrado.it\/it\/shop\/\"},{\"@type\":\"ListItem\",\"position\":3,\"name\":\"Black Diamond Camalot Ultralight friend arrampicata tutte le misure\"}]},{\"@type\":\"WebSite\",\"@id\":\"https:\/\/www.sestogrado.it\/it\/#website\",\"url\":\"https:\/\/www.sestogrado.it\/it\/\",\"name\":\"Sestogrado\",\"description\":\"yes we climb\",\"publisher\":{\"@id\":\"https:\/\/www.sestogrado.it\/it\/#organization\"},\"potentialAction\":[{\"@type\":\"SearchAction\",\"target\":{\"@type\":\"EntryPoint\",\"urlTemplate\":\"https:\/\/www.sestogrado.it\/it\/?s={search_term_string}\"},\"query-input\":{\"@type\":\"PropertyValueSpecification\",\"valueRequired\":true,\"valueName\":\"search_term_string\"}}],\"inLanguage\":\"it-IT\"},{\"@type\":\"Organization\",\"@id\":\"https:\/\/www.sestogrado.it\/it\/#organization\",\"name\":\"Sestogrado\",\"url\":\"https:\/\/www.sestogrado.it\/it\/\",\"logo\":{\"@type\":\"ImageObject\",\"inLanguage\":\"it-IT\",\"@id\":\"https:\/\/www.sestogrado.it\/it\/#\/schema\/logo\/image\/\",\"url\":\"https:\/\/www.sestogrado.it\/wp-content\/uploads\/2015\/03\/sestogrado-favicon.png\",\"contentUrl\":\"https:\/\/www.sestogrado.it\/wp-content\/uploads\/2015\/03\/sestogrado-favicon.png\",\"width\":260,\"height\":260,\"caption\":\"Sestogrado\"},\"image\":{\"@id\":\"https:\/\/www.sestogrado.it\/it\/#\/schema\/logo\/image\/\"},\"sameAs\":[\"https:\/\/www.facebook.com\/pages\/Sestogrado\/1542635979353017?ref=bookmarks\",\"https:\/\/www.youtube.com\/channel\/UC847kAfTkaJsWpc1jtQwr3Q\"],\"hasMerchantReturnPolicy\":{\"@type\":\"MerchantReturnPolicy\",\"merchantReturnLink\":\"https:\/\/www.sestogrado.it\/it\/termini-e-condizioni\/\"}}]}<\/script>\n<meta property=\"product:brand\" content=\"Black Diamond\" \/>\n<meta property=\"og:availability\" content=\"instock\" \/>\n<meta property=\"product:availability\" content=\"instock\" \/>\n<meta property=\"product:condition\" content=\"new\" \/>\n<!-- \/ Yoast SEO plugin. -->","yoast_head_json":{"title":"Black Diamond Camalot Ultralight friend arrampicata tutte le misure - Sestogrado","description":"BD Camalot Ultralight. Versione alleggerita del pi\u00f9 venduto friend da arrampicata al mondo i Camalot Ultralight pesano il 25% in meno dei Camalot C4.","robots":{"index":"index","follow":"follow","max-snippet":"max-snippet:-1","max-image-preview":"max-image-preview:large","max-video-preview":"max-video-preview:-1"},"canonical":"https:\/\/www.sestogrado.it\/it\/prodotto\/black-diamond-camalot-ultralight-friend-arrampicata-tutte-le-misure\/","og_locale":"it_IT","og_type":"article","og_title":"Black Diamond Camalot Ultralight friend arrampicata tutte le misure - Sestogrado","og_description":"BD Camalot Ultralight. Versione alleggerita del pi\u00f9 venduto friend da arrampicata al mondo i Camalot Ultralight pesano il 25% in meno dei Camalot C4.","og_url":"https:\/\/www.sestogrado.it\/it\/prodotto\/black-diamond-camalot-ultralight-friend-arrampicata-tutte-le-misure\/","og_site_name":"Sestogrado","article_publisher":"https:\/\/www.facebook.com\/pages\/Sestogrado\/1542635979353017?ref=bookmarks","article_modified_time":"2025-05-09T07:06:58+00:00","og_image":[{"width":1000,"height":1333,"url":"https:\/\/www.sestogrado.it\/wp-content\/uploads\/2016\/03\/cop.jpg","type":"image\/jpeg"}],"twitter_misc":{"Disponibilit\u00e0":"In stock"},"schema":{"@context":"https:\/\/schema.org","@graph":[{"@type":"WebPage","@id":"https:\/\/www.sestogrado.it\/it\/prodotto\/black-diamond-camalot-ultralight-friend-arrampicata-tutte-le-misure\/","url":"https:\/\/www.sestogrado.it\/it\/prodotto\/black-diamond-camalot-ultralight-friend-arrampicata-tutte-le-misure\/","name":"Black Diamond Camalot Ultralight friend arrampicata tutte le misure - Sestogrado","isPartOf":{"@id":"https:\/\/www.sestogrado.it\/it\/#website"},"primaryImageOfPage":{"@id":"https:\/\/www.sestogrado.it\/it\/prodotto\/black-diamond-camalot-ultralight-friend-arrampicata-tutte-le-misure\/#primaryimage"},"image":{"@id":"https:\/\/www.sestogrado.it\/prodotto\/black-diamond-camalot-ultralight-friend-arrampicata-tutte-le-misure\/#primaryimage"},"thumbnailUrl":"https:\/\/www.sestogrado.it\/wp-content\/uploads\/2016\/03\/cop.jpg","datePublished":"2016-03-16T09:15:17+00:00","dateModified":"2025-05-09T07:06:58+00:00","description":"BD Camalot Ultralight. Versione alleggerita del pi\u00f9 venduto friend da arrampicata al mondo i Camalot Ultralight pesano il 25% in meno dei Camalot C4.","breadcrumb":{"@id":"https:\/\/www.sestogrado.it\/it\/prodotto\/black-diamond-camalot-ultralight-friend-arrampicata-tutte-le-misure\/#breadcrumb"},"inLanguage":"it-IT","potentialAction":[{"@type":"ReadAction","target":[["https:\/\/www.sestogrado.it\/it\/prodotto\/black-diamond-camalot-ultralight-friend-arrampicata-tutte-le-misure\/"]]}]},{"@type":"ImageObject","inLanguage":"it-IT","@id":"https:\/\/www.sestogrado.it\/it\/prodotto\/black-diamond-camalot-ultralight-friend-arrampicata-tutte-le-misure\/#primaryimage","url":"https:\/\/www.sestogrado.it\/wp-content\/uploads\/2016\/03\/cop.jpg","contentUrl":"https:\/\/www.sestogrado.it\/wp-content\/uploads\/2016\/03\/cop.jpg","width":1000,"height":1333,"caption":"camalot ultralight"},{"@type":"BreadcrumbList","@id":"https:\/\/www.sestogrado.it\/it\/prodotto\/black-diamond-camalot-ultralight-friend-arrampicata-tutte-le-misure\/#breadcrumb","itemListElement":[{"@type":"ListItem","position":1,"name":"Home","item":"https:\/\/www.sestogrado.it\/it\/"},{"@type":"ListItem","position":2,"name":"Shop","item":"https:\/\/www.sestogrado.it\/it\/shop\/"},{"@type":"ListItem","position":3,"name":"Black Diamond Camalot Ultralight friend arrampicata tutte le misure"}]},{"@type":"WebSite","@id":"https:\/\/www.sestogrado.it\/it\/#website","url":"https:\/\/www.sestogrado.it\/it\/","name":"Sestogrado","description":"yes we climb","publisher":{"@id":"https:\/\/www.sestogrado.it\/it\/#organization"},"potentialAction":[{"@type":"SearchAction","target":{"@type":"EntryPoint","urlTemplate":"https:\/\/www.sestogrado.it\/it\/?s={search_term_string}"},"query-input":{"@type":"PropertyValueSpecification","valueRequired":true,"valueName":"search_term_string"}}],"inLanguage":"it-IT"},{"@type":"Organization","@id":"https:\/\/www.sestogrado.it\/it\/#organization","name":"Sestogrado","url":"https:\/\/www.sestogrado.it\/it\/","logo":{"@type":"ImageObject","inLanguage":"it-IT","@id":"https:\/\/www.sestogrado.it\/it\/#\/schema\/logo\/image\/","url":"https:\/\/www.sestogrado.it\/wp-content\/uploads\/2015\/03\/sestogrado-favicon.png","contentUrl":"https:\/\/www.sestogrado.it\/wp-content\/uploads\/2015\/03\/sestogrado-favicon.png","width":260,"height":260,"caption":"Sestogrado"},"image":{"@id":"https:\/\/www.sestogrado.it\/it\/#\/schema\/logo\/image\/"},"sameAs":["https:\/\/www.facebook.com\/pages\/Sestogrado\/1542635979353017?ref=bookmarks","https:\/\/www.youtube.com\/channel\/UC847kAfTkaJsWpc1jtQwr3Q"],"hasMerchantReturnPolicy":{"@type":"MerchantReturnPolicy","merchantReturnLink":"https:\/\/www.sestogrado.it\/it\/termini-e-condizioni\/"}}]},"product_brand":"Black Diamond","og_availability":"instock","product_availability":"instock","product_condition":"new"},"_links":{"self":[{"href":"https:\/\/www.sestogrado.it\/it\/wp-json\/wp\/v2\/product\/4598","targetHints":{"allow":["GET"]}}],"collection":[{"href":"https:\/\/www.sestogrado.it\/it\/wp-json\/wp\/v2\/product"}],"about":[{"href":"https:\/\/www.sestogrado.it\/it\/wp-json\/wp\/v2\/types\/product"}],"replies":[{"embeddable":true,"href":"https:\/\/www.sestogrado.it\/it\/wp-json\/wp\/v2\/comments?post=4598"}],"wp:featuredmedia":[{"embeddable":true,"href":"https:\/\/www.sestogrado.it\/it\/wp-json\/wp\/v2\/media\/4606"}],"wp:attachment":[{"href":"https:\/\/www.sestogrado.it\/it\/wp-json\/wp\/v2\/media?parent=4598"}],"wp:term":[{"taxonomy":"product_brand","embeddable":true,"href":"https:\/\/www.sestogrado.it\/it\/wp-json\/wp\/v2\/product_brand?post=4598"},{"taxonomy":"product_cat","embeddable":true,"href":"https:\/\/www.sestogrado.it\/it\/wp-json\/wp\/v2\/product_cat?post=4598"},{"taxonomy":"product_tag","embeddable":true,"href":"https:\/\/www.sestogrado.it\/it\/wp-json\/wp\/v2\/product_tag?post=4598"}],"curies":[{"name":"wp","href":"https:\/\/api.w.org\/{rel}","templated":true}]}}