{"id":4544,"date":"2016-03-09T09:20:03","date_gmt":"2016-03-09T08:20:03","guid":{"rendered":"http:\/\/www.sestogrado.it\/prodotto\/bambino\/ct-climbing-technology-ascent-junior-imbrago-bambino\/"},"modified":"2026-04-06T22:19:06","modified_gmt":"2026-04-06T20:19:06","slug":"ct-climbing-technology-ascent-junior-imbrago-bambino","status":"publish","type":"product","link":"https:\/\/www.sestogrado.it\/it\/prodotto\/ct-climbing-technology-ascent-junior-imbrago-bambino\/","title":{"rendered":"CT Climbing Technology Ascent Junior imbrago bambino"},"content":{"rendered":"<p><\/p>\n<div class=\"txt\">Il CT\u00a0Climbing Technology Ascent Junior \u00e8 un imbrago bambino per modo di dire, nel senso che pur essendo dedicato ai piccoli climber, con un <strong>giro vita tra 55 e 65cm<\/strong>, \u00e8 un imbrago completo a tutti gli effetti.<\/div>\n<div class=\"txt\">Il CT Climbing Technology Ascent Junior \u00e8 la versione dedicata ai piccoli climber del pi\u00f9 polivalente imbrago della CT Climbing, l&#8217;<a href=\"https:\/\/www.sestogrado.it\/it\/prodotto\/ct-climbing-technology-ascent-imbrago-arrampicata\/\" target=\"_blank\" rel=\"noopener noreferrer\">Ascent<\/a>.<\/div>\n<div class=\"txt\"><\/div>\n<div class=\"txt\">Schienale ampio e comodo, 4 fibbie di regolazione. Particolarmente ampia la dotazione di porta materiali: 4 grandi e 2 piccoli sulla parte posteriore.<\/div>\n<div class=\"txt\"><\/div>\n<div class=\"txt\">Caratteristiche:<\/div>\n<ul class=\"txt\">\n<li>nuovo design e nuovi materiali per un comfort ancora superiore;<\/li>\n<li>interni in mesh traspirante ad asciugatura veloce;<\/li>\n<li>struttura ergonomica robusta che garantisce un ottimo sostegno lombare;<\/li>\n<li>quattro fibbie di regolazione per un maggiore adattamento al corpo;<\/li>\n<li>quattro ampi porta materiali e due sedi per moschettone porta-materiale o porta-martello;<\/li>\n<li>due porta-materiali piccoli per il posizionamento degli accessori;<\/li>\n<li>nuova struttura dei cosciali a T per un maggior comfort d\u2019uso;<\/li>\n<li>anello posteriore per sacchetto porta magnesite;<\/li>\n<\/ul>\n<p>Il\u00a0CT Climbing Technology Ascent Junior \u00e8 un completissimo imbrago all around che non ha nulla da invidiare agli imbraghi da adulto.<\/p>\n<p>&nbsp;<\/p>\n<p>&nbsp;<\/p>","protected":false},"excerpt":{"rendered":"<p>Il CT\u00a0Climbing Technology Ascent Junior \u00e8 un imbrago bambino per modo di dire, nel senso che pur essendo dedicato ai [&hellip;]<\/p>\n","protected":false},"featured_media":4552,"comment_status":"open","ping_status":"closed","template":"","meta":{"_acf_changed":false},"product_brand":[55],"product_cat":[185],"product_tag":[],"class_list":{"0":"post-4544","1":"product","2":"type-product","3":"status-publish","4":"has-post-thumbnail","6":"product_brand-ct-climbing-technology","7":"product_cat-bambino","9":"first","10":"outofstock","11":"sale","12":"taxable","13":"shipping-taxable","14":"purchasable","15":"product-type-simple"},"acf":[],"yoast_head":"<!-- This site is optimized with the Yoast SEO plugin v26.4 - https:\/\/yoast.com\/wordpress\/plugins\/seo\/ -->\n<title>CT Climbing Technology Ascent Junior imbrago bambino - Sestogrado<\/title>\n<meta name=\"description\" content=\"CT Climbing Technology Ascent Junior imbrago bambino. La qualit\u00e0 del made in Italy in un imbrago polivalente ed all around, comodo e versatile. Per piccoli climber l&#039;Ascent Junior \u00e8 perfetto, grazie ai portamateriali ed alla ampia regolabilit\u00e0.\" \/>\n<meta name=\"robots\" content=\"index, follow, max-snippet:-1, max-image-preview:large, max-video-preview:-1\" \/>\n<link rel=\"canonical\" href=\"https:\/\/www.sestogrado.it\/it\/prodotto\/ct-climbing-technology-ascent-junior-imbrago-bambino\/\" \/>\n<meta property=\"og:locale\" content=\"it_IT\" \/>\n<meta property=\"og:type\" content=\"article\" \/>\n<meta property=\"og:title\" content=\"CT Climbing Technology Ascent Junior imbrago bambino - Sestogrado\" \/>\n<meta property=\"og:description\" content=\"CT Climbing Technology Ascent Junior imbrago bambino. La qualit\u00e0 del made in Italy in un imbrago polivalente ed all around, comodo e versatile. Per piccoli climber l&#039;Ascent Junior \u00e8 perfetto, grazie ai portamateriali ed alla ampia regolabilit\u00e0.\" \/>\n<meta property=\"og:url\" content=\"https:\/\/www.sestogrado.it\/it\/prodotto\/ct-climbing-technology-ascent-junior-imbrago-bambino\/\" \/>\n<meta property=\"og:site_name\" content=\"Sestogrado\" \/>\n<meta property=\"article:publisher\" content=\"https:\/\/www.facebook.com\/pages\/Sestogrado\/1542635979353017?ref=bookmarks\" \/>\n<meta property=\"article:modified_time\" content=\"2026-04-06T20:19:06+00:00\" \/>\n<meta property=\"og:image\" content=\"https:\/\/www.sestogrado.it\/wp-content\/uploads\/2016\/03\/junior1.jpg\" \/>\n\t<meta property=\"og:image:width\" content=\"1535\" \/>\n\t<meta property=\"og:image:height\" content=\"2047\" \/>\n\t<meta property=\"og:image:type\" content=\"image\/jpeg\" \/>\n<meta name=\"twitter:label1\" content=\"Prezzo\" \/>\n\t<meta name=\"twitter:data1\" content=\"&euro;&nbsp;49,00\" \/>\n\t<meta name=\"twitter:label2\" content=\"Disponibilit\u00e0\" \/>\n\t<meta name=\"twitter:data2\" content=\"Esaurito\" \/>\n<script type=\"application\/ld+json\" class=\"yoast-schema-graph\">{\"@context\":\"https:\/\/schema.org\",\"@graph\":[{\"@type\":\"WebPage\",\"@id\":\"https:\/\/www.sestogrado.it\/it\/prodotto\/ct-climbing-technology-ascent-junior-imbrago-bambino\/\",\"url\":\"https:\/\/www.sestogrado.it\/it\/prodotto\/ct-climbing-technology-ascent-junior-imbrago-bambino\/\",\"name\":\"CT Climbing Technology Ascent Junior imbrago bambino - Sestogrado\",\"isPartOf\":{\"@id\":\"https:\/\/www.sestogrado.it\/it\/#website\"},\"primaryImageOfPage\":{\"@id\":\"https:\/\/www.sestogrado.it\/it\/prodotto\/ct-climbing-technology-ascent-junior-imbrago-bambino\/#primaryimage\"},\"image\":{\"@id\":\"https:\/\/www.sestogrado.it\/prodotto\/ct-climbing-technology-ascent-junior-imbrago-bambino\/#primaryimage\"},\"thumbnailUrl\":\"https:\/\/www.sestogrado.it\/wp-content\/uploads\/2016\/03\/junior1.jpg\",\"datePublished\":\"2016-03-09T08:20:03+00:00\",\"dateModified\":\"2026-04-06T20:19:06+00:00\",\"description\":\"CT Climbing Technology Ascent Junior imbrago bambino. La qualit\u00e0 del made in Italy in un imbrago polivalente ed all around, comodo e versatile. Per piccoli climber l'Ascent Junior \u00e8 perfetto, grazie ai portamateriali ed alla ampia regolabilit\u00e0.\",\"breadcrumb\":{\"@id\":\"https:\/\/www.sestogrado.it\/it\/prodotto\/ct-climbing-technology-ascent-junior-imbrago-bambino\/#breadcrumb\"},\"inLanguage\":\"it-IT\",\"potentialAction\":[{\"@type\":\"ReadAction\",\"target\":[[\"https:\/\/www.sestogrado.it\/it\/prodotto\/ct-climbing-technology-ascent-junior-imbrago-bambino\/\"]]}]},{\"@type\":\"ImageObject\",\"inLanguage\":\"it-IT\",\"@id\":\"https:\/\/www.sestogrado.it\/it\/prodotto\/ct-climbing-technology-ascent-junior-imbrago-bambino\/#primaryimage\",\"url\":\"https:\/\/www.sestogrado.it\/wp-content\/uploads\/2016\/03\/junior1.jpg\",\"contentUrl\":\"https:\/\/www.sestogrado.it\/wp-content\/uploads\/2016\/03\/junior1.jpg\",\"width\":1535,\"height\":2047,\"caption\":\"ascent junior\"},{\"@type\":\"BreadcrumbList\",\"@id\":\"https:\/\/www.sestogrado.it\/it\/prodotto\/ct-climbing-technology-ascent-junior-imbrago-bambino\/#breadcrumb\",\"itemListElement\":[{\"@type\":\"ListItem\",\"position\":1,\"name\":\"Home\",\"item\":\"https:\/\/www.sestogrado.it\/it\/\"},{\"@type\":\"ListItem\",\"position\":2,\"name\":\"Shop\",\"item\":\"https:\/\/www.sestogrado.it\/it\/shop\/\"},{\"@type\":\"ListItem\",\"position\":3,\"name\":\"CT Climbing Technology Ascent Junior imbrago bambino\"}]},{\"@type\":\"WebSite\",\"@id\":\"https:\/\/www.sestogrado.it\/it\/#website\",\"url\":\"https:\/\/www.sestogrado.it\/it\/\",\"name\":\"Sestogrado\",\"description\":\"yes we climb\",\"publisher\":{\"@id\":\"https:\/\/www.sestogrado.it\/it\/#organization\"},\"potentialAction\":[{\"@type\":\"SearchAction\",\"target\":{\"@type\":\"EntryPoint\",\"urlTemplate\":\"https:\/\/www.sestogrado.it\/it\/?s={search_term_string}\"},\"query-input\":{\"@type\":\"PropertyValueSpecification\",\"valueRequired\":true,\"valueName\":\"search_term_string\"}}],\"inLanguage\":\"it-IT\"},{\"@type\":\"Organization\",\"@id\":\"https:\/\/www.sestogrado.it\/it\/#organization\",\"name\":\"Sestogrado\",\"url\":\"https:\/\/www.sestogrado.it\/it\/\",\"logo\":{\"@type\":\"ImageObject\",\"inLanguage\":\"it-IT\",\"@id\":\"https:\/\/www.sestogrado.it\/it\/#\/schema\/logo\/image\/\",\"url\":\"https:\/\/www.sestogrado.it\/wp-content\/uploads\/2015\/03\/sestogrado-favicon.png\",\"contentUrl\":\"https:\/\/www.sestogrado.it\/wp-content\/uploads\/2015\/03\/sestogrado-favicon.png\",\"width\":260,\"height\":260,\"caption\":\"Sestogrado\"},\"image\":{\"@id\":\"https:\/\/www.sestogrado.it\/it\/#\/schema\/logo\/image\/\"},\"sameAs\":[\"https:\/\/www.facebook.com\/pages\/Sestogrado\/1542635979353017?ref=bookmarks\",\"https:\/\/www.youtube.com\/channel\/UC847kAfTkaJsWpc1jtQwr3Q\"],\"hasMerchantReturnPolicy\":{\"@type\":\"MerchantReturnPolicy\",\"merchantReturnLink\":\"https:\/\/www.sestogrado.it\/it\/termini-e-condizioni\/\"}}]}<\/script>\n<meta property=\"product:brand\" content=\"CT Climbing Technlogy\" \/>\n<meta property=\"product:price:amount\" content=\"49.00\" \/>\n<meta property=\"product:price:currency\" content=\"EUR\" \/>\n<meta property=\"og:availability\" content=\"out of stock\" \/>\n<meta property=\"product:availability\" content=\"out of stock\" \/>\n<meta property=\"product:condition\" content=\"new\" \/>\n<!-- \/ Yoast SEO plugin. -->","yoast_head_json":{"title":"CT Climbing Technology Ascent Junior imbrago bambino - Sestogrado","description":"CT Climbing Technology Ascent Junior imbrago bambino. La qualit\u00e0 del made in Italy in un imbrago polivalente ed all around, comodo e versatile. Per piccoli climber l'Ascent Junior \u00e8 perfetto, grazie ai portamateriali ed alla ampia regolabilit\u00e0.","robots":{"index":"index","follow":"follow","max-snippet":"max-snippet:-1","max-image-preview":"max-image-preview:large","max-video-preview":"max-video-preview:-1"},"canonical":"https:\/\/www.sestogrado.it\/it\/prodotto\/ct-climbing-technology-ascent-junior-imbrago-bambino\/","og_locale":"it_IT","og_type":"article","og_title":"CT Climbing Technology Ascent Junior imbrago bambino - Sestogrado","og_description":"CT Climbing Technology Ascent Junior imbrago bambino. La qualit\u00e0 del made in Italy in un imbrago polivalente ed all around, comodo e versatile. Per piccoli climber l'Ascent Junior \u00e8 perfetto, grazie ai portamateriali ed alla ampia regolabilit\u00e0.","og_url":"https:\/\/www.sestogrado.it\/it\/prodotto\/ct-climbing-technology-ascent-junior-imbrago-bambino\/","og_site_name":"Sestogrado","article_publisher":"https:\/\/www.facebook.com\/pages\/Sestogrado\/1542635979353017?ref=bookmarks","article_modified_time":"2026-04-06T20:19:06+00:00","og_image":[{"width":1535,"height":2047,"url":"https:\/\/www.sestogrado.it\/wp-content\/uploads\/2016\/03\/junior1.jpg","type":"image\/jpeg"}],"twitter_misc":{"Prezzo":"&euro;&nbsp;49,00","Disponibilit\u00e0":"Esaurito"},"schema":{"@context":"https:\/\/schema.org","@graph":[{"@type":"WebPage","@id":"https:\/\/www.sestogrado.it\/it\/prodotto\/ct-climbing-technology-ascent-junior-imbrago-bambino\/","url":"https:\/\/www.sestogrado.it\/it\/prodotto\/ct-climbing-technology-ascent-junior-imbrago-bambino\/","name":"CT Climbing Technology Ascent Junior imbrago bambino - Sestogrado","isPartOf":{"@id":"https:\/\/www.sestogrado.it\/it\/#website"},"primaryImageOfPage":{"@id":"https:\/\/www.sestogrado.it\/it\/prodotto\/ct-climbing-technology-ascent-junior-imbrago-bambino\/#primaryimage"},"image":{"@id":"https:\/\/www.sestogrado.it\/prodotto\/ct-climbing-technology-ascent-junior-imbrago-bambino\/#primaryimage"},"thumbnailUrl":"https:\/\/www.sestogrado.it\/wp-content\/uploads\/2016\/03\/junior1.jpg","datePublished":"2016-03-09T08:20:03+00:00","dateModified":"2026-04-06T20:19:06+00:00","description":"CT Climbing Technology Ascent Junior imbrago bambino. La qualit\u00e0 del made in Italy in un imbrago polivalente ed all around, comodo e versatile. Per piccoli climber l'Ascent Junior \u00e8 perfetto, grazie ai portamateriali ed alla ampia regolabilit\u00e0.","breadcrumb":{"@id":"https:\/\/www.sestogrado.it\/it\/prodotto\/ct-climbing-technology-ascent-junior-imbrago-bambino\/#breadcrumb"},"inLanguage":"it-IT","potentialAction":[{"@type":"ReadAction","target":[["https:\/\/www.sestogrado.it\/it\/prodotto\/ct-climbing-technology-ascent-junior-imbrago-bambino\/"]]}]},{"@type":"ImageObject","inLanguage":"it-IT","@id":"https:\/\/www.sestogrado.it\/it\/prodotto\/ct-climbing-technology-ascent-junior-imbrago-bambino\/#primaryimage","url":"https:\/\/www.sestogrado.it\/wp-content\/uploads\/2016\/03\/junior1.jpg","contentUrl":"https:\/\/www.sestogrado.it\/wp-content\/uploads\/2016\/03\/junior1.jpg","width":1535,"height":2047,"caption":"ascent junior"},{"@type":"BreadcrumbList","@id":"https:\/\/www.sestogrado.it\/it\/prodotto\/ct-climbing-technology-ascent-junior-imbrago-bambino\/#breadcrumb","itemListElement":[{"@type":"ListItem","position":1,"name":"Home","item":"https:\/\/www.sestogrado.it\/it\/"},{"@type":"ListItem","position":2,"name":"Shop","item":"https:\/\/www.sestogrado.it\/it\/shop\/"},{"@type":"ListItem","position":3,"name":"CT Climbing Technology Ascent Junior imbrago bambino"}]},{"@type":"WebSite","@id":"https:\/\/www.sestogrado.it\/it\/#website","url":"https:\/\/www.sestogrado.it\/it\/","name":"Sestogrado","description":"yes we climb","publisher":{"@id":"https:\/\/www.sestogrado.it\/it\/#organization"},"potentialAction":[{"@type":"SearchAction","target":{"@type":"EntryPoint","urlTemplate":"https:\/\/www.sestogrado.it\/it\/?s={search_term_string}"},"query-input":{"@type":"PropertyValueSpecification","valueRequired":true,"valueName":"search_term_string"}}],"inLanguage":"it-IT"},{"@type":"Organization","@id":"https:\/\/www.sestogrado.it\/it\/#organization","name":"Sestogrado","url":"https:\/\/www.sestogrado.it\/it\/","logo":{"@type":"ImageObject","inLanguage":"it-IT","@id":"https:\/\/www.sestogrado.it\/it\/#\/schema\/logo\/image\/","url":"https:\/\/www.sestogrado.it\/wp-content\/uploads\/2015\/03\/sestogrado-favicon.png","contentUrl":"https:\/\/www.sestogrado.it\/wp-content\/uploads\/2015\/03\/sestogrado-favicon.png","width":260,"height":260,"caption":"Sestogrado"},"image":{"@id":"https:\/\/www.sestogrado.it\/it\/#\/schema\/logo\/image\/"},"sameAs":["https:\/\/www.facebook.com\/pages\/Sestogrado\/1542635979353017?ref=bookmarks","https:\/\/www.youtube.com\/channel\/UC847kAfTkaJsWpc1jtQwr3Q"],"hasMerchantReturnPolicy":{"@type":"MerchantReturnPolicy","merchantReturnLink":"https:\/\/www.sestogrado.it\/it\/termini-e-condizioni\/"}}]},"product_brand":"CT Climbing Technlogy","product_price_amount":"49.00","product_price_currency":"EUR","og_availability":"out of stock","product_availability":"out of stock","product_condition":"new"},"_links":{"self":[{"href":"https:\/\/www.sestogrado.it\/it\/wp-json\/wp\/v2\/product\/4544","targetHints":{"allow":["GET"]}}],"collection":[{"href":"https:\/\/www.sestogrado.it\/it\/wp-json\/wp\/v2\/product"}],"about":[{"href":"https:\/\/www.sestogrado.it\/it\/wp-json\/wp\/v2\/types\/product"}],"replies":[{"embeddable":true,"href":"https:\/\/www.sestogrado.it\/it\/wp-json\/wp\/v2\/comments?post=4544"}],"wp:featuredmedia":[{"embeddable":true,"href":"https:\/\/www.sestogrado.it\/it\/wp-json\/wp\/v2\/media\/4552"}],"wp:attachment":[{"href":"https:\/\/www.sestogrado.it\/it\/wp-json\/wp\/v2\/media?parent=4544"}],"wp:term":[{"taxonomy":"product_brand","embeddable":true,"href":"https:\/\/www.sestogrado.it\/it\/wp-json\/wp\/v2\/product_brand?post=4544"},{"taxonomy":"product_cat","embeddable":true,"href":"https:\/\/www.sestogrado.it\/it\/wp-json\/wp\/v2\/product_cat?post=4544"},{"taxonomy":"product_tag","embeddable":true,"href":"https:\/\/www.sestogrado.it\/it\/wp-json\/wp\/v2\/product_tag?post=4544"}],"curies":[{"name":"wp","href":"https:\/\/api.w.org\/{rel}","templated":true}]}}