{"id":4297,"date":"2016-02-16T10:31:02","date_gmt":"2016-02-16T09:31:02","guid":{"rendered":"http:\/\/www.sestogrado.it\/prodotto\/edelweiss-toplight-ii-10-2-corda-arrampicata\/"},"modified":"2025-02-11T16:15:32","modified_gmt":"2025-02-11T15:15:32","slug":"edelweiss-toplight-ii-10-2-corda-arrampicata","status":"publish","type":"product","link":"https:\/\/www.sestogrado.it\/it\/prodotto\/edelweiss-toplight-ii-10-2-corda-arrampicata\/","title":{"rendered":"Edelweiss Toplight II 10.2 corda arrampicata"},"content":{"rendered":"<p>La EDELWEISS TOPLIGHT II 10.2\u00a0\u00e8 una corda robusta realizzata per attivit\u00e0 intensiva.<\/p>\n<p>Lo spessore garantisce elevata resistenza alle abrasioni, sia in falesia sia in indoor dove i pannelli sono particolarmente abrasivi. Il processo costruttivo conferisce un numero di cadute elevato.<\/p>\n<p>La Edelweiss Toplight II 10.2\u00a0\u00e8 facile da maneggiare con qualsiasi tipo di assicuratore anche da arrampicatori non esperti. Si\u00a0presta ad essere \u201cmaltrattata\u201d in tiri con la corda dall\u2019alto o in attivit\u00e0 all around.<\/p>\n<p>La Toplight, con uno\u00a0spessore di 10.2, beneficia della lunga vita di una corda tradizionalmente spessa, ma con il risparmio di peso di corde di nuova generazione (65g al metro).\u00a0Il trattamento sulla superficie della calza limita lo sporco o l\u2019attaccarsi di polveri, ed \u00e8 facile da lavare quando \u00e8 ora.<\/p>\n<ul>\n<li>Marcatura middle mark: la met\u00e0 corda \u00e8 segnata, le doppie sono pi\u00f9 facili e le calate pi\u00f9 sicure.<\/li>\n<li>Numero di cadute elevato<\/li>\n<li>Resistenza alle abrasioni<\/li>\n<li>Ideale per attivit\u00e0 intensiva<\/li>\n<\/ul>\n<p>Parte della linea Essential Line di Edelweiss, la Toplight\u00a0II 10.2 \u00e8 una corda singola dinamica facile e maneggevole da usare con una forza di arresto bassa\u00a0(8.3Kn) ed un rapporto anima\/calza studiato apposta\u00a0per essere resistente alle abrasioni ed\u00a0all&#8217;attivit\u00e0 intensiva con numero di cadute elevato, attivit\u00e0 in top rope e numerose calate in corda doppia.<\/p>\n<p>&nbsp;<\/p>\n<p>La Edelweiss \u00e8 una azienda francese parte del gruppo Beal con cui condivide, oltre alla sede a Vienne, anche il know how tecnologico su alcuni brevetti come il trattamento unicore. I prodotti Edelweiss sono fedeli alla loro reputazione di solidit\u00e0 e affidabilit\u00e0, in una gamma che va dall\u2019alpinismo, al torrentismo, al climbing in cui la sicurezza e la libert\u00e0 di divertimento sono tutto.<\/p>\n","protected":false},"excerpt":{"rendered":"<p>Colore:\u00a0verde<\/p>\n<p>Spessore: 10.2<\/p>\n","protected":false},"featured_media":6991,"comment_status":"open","ping_status":"closed","template":"","meta":{"_acf_changed":false},"product_brand":[52],"product_cat":[16,136],"product_tag":[413,416],"class_list":{"0":"post-4297","1":"product","2":"type-product","3":"status-publish","4":"has-post-thumbnail","6":"product_brand-edelweiss","7":"product_cat-corde","8":"product_cat-corde-corde","9":"product_tag-corda-singola","10":"product_tag-corda-singola-dinamica","12":"first","13":"instock","14":"sale","15":"taxable","16":"shipping-taxable","17":"purchasable","18":"product-type-variable"},"acf":[],"yoast_head":"<!-- This site is optimized with the Yoast SEO plugin v26.4 - https:\/\/yoast.com\/wordpress\/plugins\/seo\/ -->\n<title>Edelweiss Toplight II 10.2 corda arrampicata - Sestogrado<\/title>\n<meta name=\"description\" content=\"La Edelweiss Toplight II 10.2 \u00e8 una corda robusta e polivalente adatta all&#039;attivit\u00e0 intensiva su roccia e palestra indoor. La Toplight, con uno\u00a0spessore di 10.2, beneficia della lunga vita di una corda tradizionalmente spessa, ma con il risparmio di peso di corde di nuova generazione (65g al metro).\" \/>\n<meta name=\"robots\" content=\"index, follow, max-snippet:-1, max-image-preview:large, max-video-preview:-1\" \/>\n<link rel=\"canonical\" href=\"https:\/\/www.sestogrado.it\/it\/prodotto\/edelweiss-toplight-ii-10-2-corda-arrampicata\/\" \/>\n<meta property=\"og:locale\" content=\"it_IT\" \/>\n<meta property=\"og:type\" content=\"article\" \/>\n<meta property=\"og:title\" content=\"Edelweiss Toplight II 10.2 corda arrampicata - Sestogrado\" \/>\n<meta property=\"og:description\" content=\"La Edelweiss Toplight II 10.2 \u00e8 una corda robusta e polivalente adatta all&#039;attivit\u00e0 intensiva su roccia e palestra indoor. La Toplight, con uno\u00a0spessore di 10.2, beneficia della lunga vita di una corda tradizionalmente spessa, ma con il risparmio di peso di corde di nuova generazione (65g al metro).\" \/>\n<meta property=\"og:url\" content=\"https:\/\/www.sestogrado.it\/it\/prodotto\/edelweiss-toplight-ii-10-2-corda-arrampicata\/\" \/>\n<meta property=\"og:site_name\" content=\"Sestogrado\" \/>\n<meta property=\"article:publisher\" content=\"https:\/\/www.facebook.com\/pages\/Sestogrado\/1542635979353017?ref=bookmarks\" \/>\n<meta property=\"article:modified_time\" content=\"2025-02-11T15:15:32+00:00\" \/>\n<meta property=\"og:image\" content=\"https:\/\/www.sestogrado.it\/wp-content\/uploads\/2016\/02\/top.jpg\" \/>\n\t<meta property=\"og:image:width\" content=\"643\" \/>\n\t<meta property=\"og:image:height\" content=\"857\" \/>\n\t<meta property=\"og:image:type\" content=\"image\/jpeg\" \/>\n<meta name=\"twitter:label1\" content=\"Disponibilit\u00e0\" \/>\n\t<meta name=\"twitter:data1\" content=\"In stock\" \/>\n<script type=\"application\/ld+json\" class=\"yoast-schema-graph\">{\"@context\":\"https:\/\/schema.org\",\"@graph\":[{\"@type\":\"WebPage\",\"@id\":\"https:\/\/www.sestogrado.it\/it\/prodotto\/edelweiss-toplight-ii-10-2-corda-arrampicata\/\",\"url\":\"https:\/\/www.sestogrado.it\/it\/prodotto\/edelweiss-toplight-ii-10-2-corda-arrampicata\/\",\"name\":\"Edelweiss Toplight II 10.2 corda arrampicata - Sestogrado\",\"isPartOf\":{\"@id\":\"https:\/\/www.sestogrado.it\/it\/#website\"},\"primaryImageOfPage\":{\"@id\":\"https:\/\/www.sestogrado.it\/it\/prodotto\/edelweiss-toplight-ii-10-2-corda-arrampicata\/#primaryimage\"},\"image\":{\"@id\":\"https:\/\/www.sestogrado.it\/prodotto\/edelweiss-toplight-ii-10-2-corda-arrampicata\/#primaryimage\"},\"thumbnailUrl\":\"https:\/\/www.sestogrado.it\/wp-content\/uploads\/2016\/02\/top.jpg\",\"datePublished\":\"2016-02-16T09:31:02+00:00\",\"dateModified\":\"2025-02-11T15:15:32+00:00\",\"description\":\"La Edelweiss Toplight II 10.2 \u00e8 una corda robusta e polivalente adatta all'attivit\u00e0 intensiva su roccia e palestra indoor. La Toplight, con uno\u00a0spessore di 10.2, beneficia della lunga vita di una corda tradizionalmente spessa, ma con il risparmio di peso di corde di nuova generazione (65g al metro).\",\"breadcrumb\":{\"@id\":\"https:\/\/www.sestogrado.it\/it\/prodotto\/edelweiss-toplight-ii-10-2-corda-arrampicata\/#breadcrumb\"},\"inLanguage\":\"it-IT\",\"potentialAction\":[{\"@type\":\"ReadAction\",\"target\":[[\"https:\/\/www.sestogrado.it\/it\/prodotto\/edelweiss-toplight-ii-10-2-corda-arrampicata\/\"]]}]},{\"@type\":\"ImageObject\",\"inLanguage\":\"it-IT\",\"@id\":\"https:\/\/www.sestogrado.it\/it\/prodotto\/edelweiss-toplight-ii-10-2-corda-arrampicata\/#primaryimage\",\"url\":\"https:\/\/www.sestogrado.it\/wp-content\/uploads\/2016\/02\/top.jpg\",\"contentUrl\":\"https:\/\/www.sestogrado.it\/wp-content\/uploads\/2016\/02\/top.jpg\",\"width\":643,\"height\":857,\"caption\":\"edelweiss toplight\"},{\"@type\":\"BreadcrumbList\",\"@id\":\"https:\/\/www.sestogrado.it\/it\/prodotto\/edelweiss-toplight-ii-10-2-corda-arrampicata\/#breadcrumb\",\"itemListElement\":[{\"@type\":\"ListItem\",\"position\":1,\"name\":\"Home\",\"item\":\"https:\/\/www.sestogrado.it\/it\/\"},{\"@type\":\"ListItem\",\"position\":2,\"name\":\"Shop\",\"item\":\"https:\/\/www.sestogrado.it\/it\/shop\/\"},{\"@type\":\"ListItem\",\"position\":3,\"name\":\"Edelweiss Toplight II 10.2 corda arrampicata\"}]},{\"@type\":\"WebSite\",\"@id\":\"https:\/\/www.sestogrado.it\/it\/#website\",\"url\":\"https:\/\/www.sestogrado.it\/it\/\",\"name\":\"Sestogrado\",\"description\":\"yes we climb\",\"publisher\":{\"@id\":\"https:\/\/www.sestogrado.it\/it\/#organization\"},\"potentialAction\":[{\"@type\":\"SearchAction\",\"target\":{\"@type\":\"EntryPoint\",\"urlTemplate\":\"https:\/\/www.sestogrado.it\/it\/?s={search_term_string}\"},\"query-input\":{\"@type\":\"PropertyValueSpecification\",\"valueRequired\":true,\"valueName\":\"search_term_string\"}}],\"inLanguage\":\"it-IT\"},{\"@type\":\"Organization\",\"@id\":\"https:\/\/www.sestogrado.it\/it\/#organization\",\"name\":\"Sestogrado\",\"url\":\"https:\/\/www.sestogrado.it\/it\/\",\"logo\":{\"@type\":\"ImageObject\",\"inLanguage\":\"it-IT\",\"@id\":\"https:\/\/www.sestogrado.it\/it\/#\/schema\/logo\/image\/\",\"url\":\"https:\/\/www.sestogrado.it\/wp-content\/uploads\/2015\/03\/sestogrado-favicon.png\",\"contentUrl\":\"https:\/\/www.sestogrado.it\/wp-content\/uploads\/2015\/03\/sestogrado-favicon.png\",\"width\":260,\"height\":260,\"caption\":\"Sestogrado\"},\"image\":{\"@id\":\"https:\/\/www.sestogrado.it\/it\/#\/schema\/logo\/image\/\"},\"sameAs\":[\"https:\/\/www.facebook.com\/pages\/Sestogrado\/1542635979353017?ref=bookmarks\",\"https:\/\/www.youtube.com\/channel\/UC847kAfTkaJsWpc1jtQwr3Q\"],\"hasMerchantReturnPolicy\":{\"@type\":\"MerchantReturnPolicy\",\"merchantReturnLink\":\"https:\/\/www.sestogrado.it\/it\/termini-e-condizioni\/\"}}]}<\/script>\n<meta property=\"product:brand\" content=\"Edelweiss\" \/>\n<meta property=\"og:availability\" content=\"instock\" \/>\n<meta property=\"product:availability\" content=\"instock\" \/>\n<meta property=\"product:retailer_item_id\" content=\"C2P10\" \/>\n<meta property=\"product:condition\" content=\"new\" \/>\n<!-- \/ Yoast SEO plugin. -->","yoast_head_json":{"title":"Edelweiss Toplight II 10.2 corda arrampicata - Sestogrado","description":"La Edelweiss Toplight II 10.2 \u00e8 una corda robusta e polivalente adatta all'attivit\u00e0 intensiva su roccia e palestra indoor. La Toplight, con uno\u00a0spessore di 10.2, beneficia della lunga vita di una corda tradizionalmente spessa, ma con il risparmio di peso di corde di nuova generazione (65g al metro).","robots":{"index":"index","follow":"follow","max-snippet":"max-snippet:-1","max-image-preview":"max-image-preview:large","max-video-preview":"max-video-preview:-1"},"canonical":"https:\/\/www.sestogrado.it\/it\/prodotto\/edelweiss-toplight-ii-10-2-corda-arrampicata\/","og_locale":"it_IT","og_type":"article","og_title":"Edelweiss Toplight II 10.2 corda arrampicata - Sestogrado","og_description":"La Edelweiss Toplight II 10.2 \u00e8 una corda robusta e polivalente adatta all'attivit\u00e0 intensiva su roccia e palestra indoor. La Toplight, con uno\u00a0spessore di 10.2, beneficia della lunga vita di una corda tradizionalmente spessa, ma con il risparmio di peso di corde di nuova generazione (65g al metro).","og_url":"https:\/\/www.sestogrado.it\/it\/prodotto\/edelweiss-toplight-ii-10-2-corda-arrampicata\/","og_site_name":"Sestogrado","article_publisher":"https:\/\/www.facebook.com\/pages\/Sestogrado\/1542635979353017?ref=bookmarks","article_modified_time":"2025-02-11T15:15:32+00:00","og_image":[{"width":643,"height":857,"url":"https:\/\/www.sestogrado.it\/wp-content\/uploads\/2016\/02\/top.jpg","type":"image\/jpeg"}],"twitter_misc":{"Disponibilit\u00e0":"In stock"},"schema":{"@context":"https:\/\/schema.org","@graph":[{"@type":"WebPage","@id":"https:\/\/www.sestogrado.it\/it\/prodotto\/edelweiss-toplight-ii-10-2-corda-arrampicata\/","url":"https:\/\/www.sestogrado.it\/it\/prodotto\/edelweiss-toplight-ii-10-2-corda-arrampicata\/","name":"Edelweiss Toplight II 10.2 corda arrampicata - Sestogrado","isPartOf":{"@id":"https:\/\/www.sestogrado.it\/it\/#website"},"primaryImageOfPage":{"@id":"https:\/\/www.sestogrado.it\/it\/prodotto\/edelweiss-toplight-ii-10-2-corda-arrampicata\/#primaryimage"},"image":{"@id":"https:\/\/www.sestogrado.it\/prodotto\/edelweiss-toplight-ii-10-2-corda-arrampicata\/#primaryimage"},"thumbnailUrl":"https:\/\/www.sestogrado.it\/wp-content\/uploads\/2016\/02\/top.jpg","datePublished":"2016-02-16T09:31:02+00:00","dateModified":"2025-02-11T15:15:32+00:00","description":"La Edelweiss Toplight II 10.2 \u00e8 una corda robusta e polivalente adatta all'attivit\u00e0 intensiva su roccia e palestra indoor. La Toplight, con uno\u00a0spessore di 10.2, beneficia della lunga vita di una corda tradizionalmente spessa, ma con il risparmio di peso di corde di nuova generazione (65g al metro).","breadcrumb":{"@id":"https:\/\/www.sestogrado.it\/it\/prodotto\/edelweiss-toplight-ii-10-2-corda-arrampicata\/#breadcrumb"},"inLanguage":"it-IT","potentialAction":[{"@type":"ReadAction","target":[["https:\/\/www.sestogrado.it\/it\/prodotto\/edelweiss-toplight-ii-10-2-corda-arrampicata\/"]]}]},{"@type":"ImageObject","inLanguage":"it-IT","@id":"https:\/\/www.sestogrado.it\/it\/prodotto\/edelweiss-toplight-ii-10-2-corda-arrampicata\/#primaryimage","url":"https:\/\/www.sestogrado.it\/wp-content\/uploads\/2016\/02\/top.jpg","contentUrl":"https:\/\/www.sestogrado.it\/wp-content\/uploads\/2016\/02\/top.jpg","width":643,"height":857,"caption":"edelweiss toplight"},{"@type":"BreadcrumbList","@id":"https:\/\/www.sestogrado.it\/it\/prodotto\/edelweiss-toplight-ii-10-2-corda-arrampicata\/#breadcrumb","itemListElement":[{"@type":"ListItem","position":1,"name":"Home","item":"https:\/\/www.sestogrado.it\/it\/"},{"@type":"ListItem","position":2,"name":"Shop","item":"https:\/\/www.sestogrado.it\/it\/shop\/"},{"@type":"ListItem","position":3,"name":"Edelweiss Toplight II 10.2 corda arrampicata"}]},{"@type":"WebSite","@id":"https:\/\/www.sestogrado.it\/it\/#website","url":"https:\/\/www.sestogrado.it\/it\/","name":"Sestogrado","description":"yes we climb","publisher":{"@id":"https:\/\/www.sestogrado.it\/it\/#organization"},"potentialAction":[{"@type":"SearchAction","target":{"@type":"EntryPoint","urlTemplate":"https:\/\/www.sestogrado.it\/it\/?s={search_term_string}"},"query-input":{"@type":"PropertyValueSpecification","valueRequired":true,"valueName":"search_term_string"}}],"inLanguage":"it-IT"},{"@type":"Organization","@id":"https:\/\/www.sestogrado.it\/it\/#organization","name":"Sestogrado","url":"https:\/\/www.sestogrado.it\/it\/","logo":{"@type":"ImageObject","inLanguage":"it-IT","@id":"https:\/\/www.sestogrado.it\/it\/#\/schema\/logo\/image\/","url":"https:\/\/www.sestogrado.it\/wp-content\/uploads\/2015\/03\/sestogrado-favicon.png","contentUrl":"https:\/\/www.sestogrado.it\/wp-content\/uploads\/2015\/03\/sestogrado-favicon.png","width":260,"height":260,"caption":"Sestogrado"},"image":{"@id":"https:\/\/www.sestogrado.it\/it\/#\/schema\/logo\/image\/"},"sameAs":["https:\/\/www.facebook.com\/pages\/Sestogrado\/1542635979353017?ref=bookmarks","https:\/\/www.youtube.com\/channel\/UC847kAfTkaJsWpc1jtQwr3Q"],"hasMerchantReturnPolicy":{"@type":"MerchantReturnPolicy","merchantReturnLink":"https:\/\/www.sestogrado.it\/it\/termini-e-condizioni\/"}}]},"product_brand":"Edelweiss","og_availability":"instock","product_availability":"instock","product_retailer_item_id":"C2P10","product_condition":"new"},"_links":{"self":[{"href":"https:\/\/www.sestogrado.it\/it\/wp-json\/wp\/v2\/product\/4297","targetHints":{"allow":["GET"]}}],"collection":[{"href":"https:\/\/www.sestogrado.it\/it\/wp-json\/wp\/v2\/product"}],"about":[{"href":"https:\/\/www.sestogrado.it\/it\/wp-json\/wp\/v2\/types\/product"}],"replies":[{"embeddable":true,"href":"https:\/\/www.sestogrado.it\/it\/wp-json\/wp\/v2\/comments?post=4297"}],"wp:featuredmedia":[{"embeddable":true,"href":"https:\/\/www.sestogrado.it\/it\/wp-json\/wp\/v2\/media\/6991"}],"wp:attachment":[{"href":"https:\/\/www.sestogrado.it\/it\/wp-json\/wp\/v2\/media?parent=4297"}],"wp:term":[{"taxonomy":"product_brand","embeddable":true,"href":"https:\/\/www.sestogrado.it\/it\/wp-json\/wp\/v2\/product_brand?post=4297"},{"taxonomy":"product_cat","embeddable":true,"href":"https:\/\/www.sestogrado.it\/it\/wp-json\/wp\/v2\/product_cat?post=4297"},{"taxonomy":"product_tag","embeddable":true,"href":"https:\/\/www.sestogrado.it\/it\/wp-json\/wp\/v2\/product_tag?post=4297"}],"curies":[{"name":"wp","href":"https:\/\/api.w.org\/{rel}","templated":true}]}}