{"id":42322,"date":"2020-10-08T14:47:21","date_gmt":"2020-10-08T12:47:21","guid":{"rendered":"https:\/\/www.sestogrado.it\/?post_type=product&#038;p=42322"},"modified":"2026-03-01T15:37:19","modified_gmt":"2026-03-01T14:37:19","slug":"black-diamond-mercury-mitts-moffole-da-alpinismo-sci-alpinismo","status":"publish","type":"product","link":"https:\/\/www.sestogrado.it\/it\/prodotto\/black-diamond-mercury-mitts-moffole-da-alpinismo-sci-alpinismo\/","title":{"rendered":"Black Diamond Mercury Mitts moffole da alpinismo sci alpinismo"},"content":{"rendered":"<p>I Black Diamond Mercury Mitts sono per quando il gioco si fa duro: range di temperatura ottimale tra -12\u00b0 e -29\u00b0C, totalmente impermeabili, resistenti alle abrasioni, sono il guanto da alpinismo, sci, sci alpinismo pi\u00f9 popolare di Black Diamond. Sono totalmente impermeabili, grazie all&#8217;inserto BD.dry \u2122 ed allo strato GTT Empel DWR sulla parte esterna, una finitura idrorepellente PVC free che garantisce prestazioni e durata superiori.<\/p>\n<p>I Black Diamond Mercury Mitts hanno un inserto completamente impermeabile ed isolamento PrimaLoft<sup>\u00ae <\/sup>una fodera rimovibile con separatore di pollice ed indice dal resto delle dita, per avere maggiore prensilit\u00e0. Il tessuto Pertex\u00ae Shield elasticizzato in quattro direzioni tiene a bada l&#8217;umidit\u00e0, e il palmo in pelle di capra con cuciture in Kevlar\u00ae aumenta la durata per le stagioni di utilizzo intenso. La fodera rimovibile con dita divise presenta uno strato in pile ad alto spessore per maggiore calore e comfort e un inserto BD.dry \u2122 aggiunge protezione dall&#8217;umidit\u00e0 anche quando si utilizza la fodera da sola.<\/p>\n<ul>\n<li>Inserto BD.dry \u2122 impermeabile al 100% con fodera rimovibile<\/li>\n<li>Guscio GTT Empel DWR idrorepellente<\/li>\n<li>La fodera rimovibile \u00e8 dotata di isolamento PrimaLoft Gold da 340 g e fodera in pile high-loft<\/li>\n<li>Palmo in pelle di capra<\/li>\n<li>La fodera rimovibile ha una forma a dita separate per migliorare prensilit\u00e0<\/li>\n<li>Range temperatura: -31<span class=\"attributeValue\">\/-12 \u00baC<\/span><\/li>\n<li>Peso: 268,3g<\/li>\n<\/ul>\n<p>&nbsp;<\/p>\n<p>Da alpinismo quando fa freddo, da sci o sci alpinismo, i Black Diamond Mercury Mitts sono una moffola ultraprotettiva, calda ed isolante da freddo ed intemperie.<\/p>\n<p>Per scegliere la taglia misurarsi la circonferenza del palmo, in corrispondenza delle nocche:<\/p>\n<p><img decoding=\"async\" class=\"size-full wp-image-23609 img-fluid alignnone\" src=\"https:\/\/www.sestogrado.it\/wp-content\/uploads\/2019\/10\/mano.png\" alt=\"mano\" width=\"300\" height=\"300\" srcset=\"https:\/\/www.sestogrado.it\/wp-content\/uploads\/2019\/10\/mano.png 300w, https:\/\/www.sestogrado.it\/wp-content\/uploads\/2019\/10\/mano-100x100.png 100w, https:\/\/www.sestogrado.it\/wp-content\/uploads\/2019\/10\/mano-220x220.png 220w, https:\/\/www.sestogrado.it\/wp-content\/uploads\/2019\/10\/mano-150x150.png 150w, https:\/\/www.sestogrado.it\/wp-content\/uploads\/2019\/10\/mano-45x45.png 45w, https:\/\/www.sestogrado.it\/wp-content\/uploads\/2019\/10\/mano-64x64.png 64w, https:\/\/www.sestogrado.it\/wp-content\/uploads\/2019\/10\/mano-80x80.png 80w\" sizes=\"(max-width: 300px) 100vw, 300px\" \/><\/p>\n<p>&nbsp;<\/p>\n<p>&nbsp;<\/p>\n<p>XS 17.4-19.7cm<\/p>\n<p>S 19.7-21cm<\/p>\n<p>M 21.5-23cm<\/p>\n<p>L 23-24cm<\/p>\n<p>XL 24-26cm<\/p>\n<p>&nbsp;<\/p>\n<p>Black Diamond dal 1957 rappresenta un punto di riferimento mondiale per l\u2019attrezzatura da arrampicata. Ci\u00f2 che all\u2019inizio era una attivit\u00e0 artigianale con incudine e martello oggi si \u00e8 trasformata in una societ\u00e0 globale con uffici in tre continenti. Il segreto di Black Diamond \u00e8 sempre lo stesso: essere una societ\u00e0 formata da appassionati climber. In Black Diamond si continua a sognare su ci\u00f2 che potrebbe essere e si continua ad essere critici su ci\u00f2 che esiste. E\u2019 cos\u00ec che il processo creativo per la realizzazione della migliore attrezzatura da arrampicata non avr\u00e0 mai fine.<\/p>","protected":false},"excerpt":{"rendered":"<p>I Black Diamond Mercury Mitts sono per quando il gioco si fa duro: range di temperatura ottimale tra -12\u00b0 e [&hellip;]<\/p>\n","protected":false},"featured_media":125512,"comment_status":"open","ping_status":"closed","template":"","meta":{"_acf_changed":false},"product_brand":[121],"product_cat":[1429],"product_tag":[],"class_list":{"0":"post-42322","1":"product","2":"type-product","3":"status-publish","4":"has-post-thumbnail","6":"product_brand-black-diamond","7":"product_cat-hot","9":"first","10":"instock","11":"sale","12":"taxable","13":"shipping-taxable","14":"purchasable","15":"product-type-variable"},"acf":[],"yoast_head":"<!-- This site is optimized with the Yoast SEO plugin v26.4 - https:\/\/yoast.com\/wordpress\/plugins\/seo\/ -->\n<title>Black Diamond Mercury Mitts moffole da alpinismo sci alpinismo - Sestogrado<\/title>\n<meta name=\"description\" content=\"I Black Diamond Mercury Mitts sono per quando il gioco si fa duro: range di temperatura ottimale tra -12\u00b0 e -29\u00b0C, totalmente impermeabili, resistenti alle abrasioni, sono il guanto da alpinismo, sci, sci alpinismo pi\u00f9 popolare di Black Diamond. Sono totalmente impermeabili, grazie all&#039;inserto BD.dry \u2122 ed allo strato GTT Empel DWR sulla parte esterna, una finitura idrorepellente PVC free che garantisce prestazioni e durata superiori.\" \/>\n<meta name=\"robots\" content=\"index, follow, max-snippet:-1, max-image-preview:large, max-video-preview:-1\" \/>\n<link rel=\"canonical\" href=\"https:\/\/www.sestogrado.it\/it\/prodotto\/black-diamond-mercury-mitts-moffole-da-alpinismo-sci-alpinismo\/\" \/>\n<meta property=\"og:locale\" content=\"it_IT\" \/>\n<meta property=\"og:type\" content=\"article\" \/>\n<meta property=\"og:title\" content=\"Black Diamond Mercury Mitts moffole da alpinismo sci alpinismo - Sestogrado\" \/>\n<meta property=\"og:description\" content=\"I Black Diamond Mercury Mitts sono per quando il gioco si fa duro: range di temperatura ottimale tra -12\u00b0 e -29\u00b0C, totalmente impermeabili, resistenti alle abrasioni, sono il guanto da alpinismo, sci, sci alpinismo pi\u00f9 popolare di Black Diamond. Sono totalmente impermeabili, grazie all&#039;inserto BD.dry \u2122 ed allo strato GTT Empel DWR sulla parte esterna, una finitura idrorepellente PVC free che garantisce prestazioni e durata superiori.\" \/>\n<meta property=\"og:url\" content=\"https:\/\/www.sestogrado.it\/it\/prodotto\/black-diamond-mercury-mitts-moffole-da-alpinismo-sci-alpinismo\/\" \/>\n<meta property=\"og:site_name\" content=\"Sestogrado\" \/>\n<meta property=\"article:publisher\" content=\"https:\/\/www.facebook.com\/pages\/Sestogrado\/1542635979353017?ref=bookmarks\" \/>\n<meta property=\"article:modified_time\" content=\"2026-03-01T14:37:19+00:00\" \/>\n<meta property=\"og:image\" content=\"https:\/\/www.sestogrado.it\/wp-content\/uploads\/2020\/10\/01-24.jpg\" \/>\n\t<meta property=\"og:image:width\" content=\"1000\" \/>\n\t<meta property=\"og:image:height\" content=\"1000\" \/>\n\t<meta property=\"og:image:type\" content=\"image\/jpeg\" \/>\n<meta name=\"twitter:label1\" content=\"Disponibilit\u00e0\" \/>\n\t<meta name=\"twitter:data1\" content=\"In stock\" \/>\n<script type=\"application\/ld+json\" class=\"yoast-schema-graph\">{\"@context\":\"https:\/\/schema.org\",\"@graph\":[{\"@type\":\"WebPage\",\"@id\":\"https:\/\/www.sestogrado.it\/it\/prodotto\/black-diamond-mercury-mitts-moffole-da-alpinismo-sci-alpinismo\/\",\"url\":\"https:\/\/www.sestogrado.it\/it\/prodotto\/black-diamond-mercury-mitts-moffole-da-alpinismo-sci-alpinismo\/\",\"name\":\"Black Diamond Mercury Mitts moffole da alpinismo sci alpinismo - Sestogrado\",\"isPartOf\":{\"@id\":\"https:\/\/www.sestogrado.it\/it\/#website\"},\"primaryImageOfPage\":{\"@id\":\"https:\/\/www.sestogrado.it\/it\/prodotto\/black-diamond-mercury-mitts-moffole-da-alpinismo-sci-alpinismo\/#primaryimage\"},\"image\":{\"@id\":\"https:\/\/www.sestogrado.it\/prodotto\/black-diamond-mercury-mitts-moffole-da-alpinismo-sci-alpinismo\/#primaryimage\"},\"thumbnailUrl\":\"https:\/\/www.sestogrado.it\/wp-content\/uploads\/2020\/10\/01-24.jpg\",\"datePublished\":\"2020-10-08T12:47:21+00:00\",\"dateModified\":\"2026-03-01T14:37:19+00:00\",\"description\":\"I Black Diamond Mercury Mitts sono per quando il gioco si fa duro: range di temperatura ottimale tra -12\u00b0 e -29\u00b0C, totalmente impermeabili, resistenti alle abrasioni, sono il guanto da alpinismo, sci, sci alpinismo pi\u00f9 popolare di Black Diamond. Sono totalmente impermeabili, grazie all'inserto BD.dry \u2122 ed allo strato GTT Empel DWR sulla parte esterna, una finitura idrorepellente PVC free che garantisce prestazioni e durata superiori.\",\"breadcrumb\":{\"@id\":\"https:\/\/www.sestogrado.it\/it\/prodotto\/black-diamond-mercury-mitts-moffole-da-alpinismo-sci-alpinismo\/#breadcrumb\"},\"inLanguage\":\"it-IT\",\"potentialAction\":[{\"@type\":\"ReadAction\",\"target\":[[\"https:\/\/www.sestogrado.it\/it\/prodotto\/black-diamond-mercury-mitts-moffole-da-alpinismo-sci-alpinismo\/\"]]}]},{\"@type\":\"ImageObject\",\"inLanguage\":\"it-IT\",\"@id\":\"https:\/\/www.sestogrado.it\/it\/prodotto\/black-diamond-mercury-mitts-moffole-da-alpinismo-sci-alpinismo\/#primaryimage\",\"url\":\"https:\/\/www.sestogrado.it\/wp-content\/uploads\/2020\/10\/01-24.jpg\",\"contentUrl\":\"https:\/\/www.sestogrado.it\/wp-content\/uploads\/2020\/10\/01-24.jpg\",\"width\":1000,\"height\":1000,\"caption\":\"mercury\"},{\"@type\":\"BreadcrumbList\",\"@id\":\"https:\/\/www.sestogrado.it\/it\/prodotto\/black-diamond-mercury-mitts-moffole-da-alpinismo-sci-alpinismo\/#breadcrumb\",\"itemListElement\":[{\"@type\":\"ListItem\",\"position\":1,\"name\":\"Home\",\"item\":\"https:\/\/www.sestogrado.it\/it\/\"},{\"@type\":\"ListItem\",\"position\":2,\"name\":\"Shop\",\"item\":\"https:\/\/www.sestogrado.it\/it\/shop\/\"},{\"@type\":\"ListItem\",\"position\":3,\"name\":\"Black Diamond Mercury Mitts moffole da alpinismo sci alpinismo\"}]},{\"@type\":\"WebSite\",\"@id\":\"https:\/\/www.sestogrado.it\/it\/#website\",\"url\":\"https:\/\/www.sestogrado.it\/it\/\",\"name\":\"Sestogrado\",\"description\":\"yes we climb\",\"publisher\":{\"@id\":\"https:\/\/www.sestogrado.it\/it\/#organization\"},\"potentialAction\":[{\"@type\":\"SearchAction\",\"target\":{\"@type\":\"EntryPoint\",\"urlTemplate\":\"https:\/\/www.sestogrado.it\/it\/?s={search_term_string}\"},\"query-input\":{\"@type\":\"PropertyValueSpecification\",\"valueRequired\":true,\"valueName\":\"search_term_string\"}}],\"inLanguage\":\"it-IT\"},{\"@type\":\"Organization\",\"@id\":\"https:\/\/www.sestogrado.it\/it\/#organization\",\"name\":\"Sestogrado\",\"url\":\"https:\/\/www.sestogrado.it\/it\/\",\"logo\":{\"@type\":\"ImageObject\",\"inLanguage\":\"it-IT\",\"@id\":\"https:\/\/www.sestogrado.it\/it\/#\/schema\/logo\/image\/\",\"url\":\"https:\/\/www.sestogrado.it\/wp-content\/uploads\/2015\/03\/sestogrado-favicon.png\",\"contentUrl\":\"https:\/\/www.sestogrado.it\/wp-content\/uploads\/2015\/03\/sestogrado-favicon.png\",\"width\":260,\"height\":260,\"caption\":\"Sestogrado\"},\"image\":{\"@id\":\"https:\/\/www.sestogrado.it\/it\/#\/schema\/logo\/image\/\"},\"sameAs\":[\"https:\/\/www.facebook.com\/pages\/Sestogrado\/1542635979353017?ref=bookmarks\",\"https:\/\/www.youtube.com\/channel\/UC847kAfTkaJsWpc1jtQwr3Q\"],\"hasMerchantReturnPolicy\":{\"@type\":\"MerchantReturnPolicy\",\"merchantReturnLink\":\"https:\/\/www.sestogrado.it\/it\/termini-e-condizioni\/\"}}]}<\/script>\n<meta property=\"product:brand\" content=\"Black Diamond\" \/>\n<meta property=\"og:availability\" content=\"instock\" \/>\n<meta property=\"product:availability\" content=\"instock\" \/>\n<meta property=\"product:condition\" content=\"new\" \/>\n<!-- \/ Yoast SEO plugin. -->","yoast_head_json":{"title":"Black Diamond Mercury Mitts moffole da alpinismo sci alpinismo - Sestogrado","description":"I Black Diamond Mercury Mitts sono per quando il gioco si fa duro: range di temperatura ottimale tra -12\u00b0 e -29\u00b0C, totalmente impermeabili, resistenti alle abrasioni, sono il guanto da alpinismo, sci, sci alpinismo pi\u00f9 popolare di Black Diamond. Sono totalmente impermeabili, grazie all'inserto BD.dry \u2122 ed allo strato GTT Empel DWR sulla parte esterna, una finitura idrorepellente PVC free che garantisce prestazioni e durata superiori.","robots":{"index":"index","follow":"follow","max-snippet":"max-snippet:-1","max-image-preview":"max-image-preview:large","max-video-preview":"max-video-preview:-1"},"canonical":"https:\/\/www.sestogrado.it\/it\/prodotto\/black-diamond-mercury-mitts-moffole-da-alpinismo-sci-alpinismo\/","og_locale":"it_IT","og_type":"article","og_title":"Black Diamond Mercury Mitts moffole da alpinismo sci alpinismo - Sestogrado","og_description":"I Black Diamond Mercury Mitts sono per quando il gioco si fa duro: range di temperatura ottimale tra -12\u00b0 e -29\u00b0C, totalmente impermeabili, resistenti alle abrasioni, sono il guanto da alpinismo, sci, sci alpinismo pi\u00f9 popolare di Black Diamond. Sono totalmente impermeabili, grazie all'inserto BD.dry \u2122 ed allo strato GTT Empel DWR sulla parte esterna, una finitura idrorepellente PVC free che garantisce prestazioni e durata superiori.","og_url":"https:\/\/www.sestogrado.it\/it\/prodotto\/black-diamond-mercury-mitts-moffole-da-alpinismo-sci-alpinismo\/","og_site_name":"Sestogrado","article_publisher":"https:\/\/www.facebook.com\/pages\/Sestogrado\/1542635979353017?ref=bookmarks","article_modified_time":"2026-03-01T14:37:19+00:00","og_image":[{"width":1000,"height":1000,"url":"https:\/\/www.sestogrado.it\/wp-content\/uploads\/2020\/10\/01-24.jpg","type":"image\/jpeg"}],"twitter_misc":{"Disponibilit\u00e0":"In stock"},"schema":{"@context":"https:\/\/schema.org","@graph":[{"@type":"WebPage","@id":"https:\/\/www.sestogrado.it\/it\/prodotto\/black-diamond-mercury-mitts-moffole-da-alpinismo-sci-alpinismo\/","url":"https:\/\/www.sestogrado.it\/it\/prodotto\/black-diamond-mercury-mitts-moffole-da-alpinismo-sci-alpinismo\/","name":"Black Diamond Mercury Mitts moffole da alpinismo sci alpinismo - Sestogrado","isPartOf":{"@id":"https:\/\/www.sestogrado.it\/it\/#website"},"primaryImageOfPage":{"@id":"https:\/\/www.sestogrado.it\/it\/prodotto\/black-diamond-mercury-mitts-moffole-da-alpinismo-sci-alpinismo\/#primaryimage"},"image":{"@id":"https:\/\/www.sestogrado.it\/prodotto\/black-diamond-mercury-mitts-moffole-da-alpinismo-sci-alpinismo\/#primaryimage"},"thumbnailUrl":"https:\/\/www.sestogrado.it\/wp-content\/uploads\/2020\/10\/01-24.jpg","datePublished":"2020-10-08T12:47:21+00:00","dateModified":"2026-03-01T14:37:19+00:00","description":"I Black Diamond Mercury Mitts sono per quando il gioco si fa duro: range di temperatura ottimale tra -12\u00b0 e -29\u00b0C, totalmente impermeabili, resistenti alle abrasioni, sono il guanto da alpinismo, sci, sci alpinismo pi\u00f9 popolare di Black Diamond. Sono totalmente impermeabili, grazie all'inserto BD.dry \u2122 ed allo strato GTT Empel DWR sulla parte esterna, una finitura idrorepellente PVC free che garantisce prestazioni e durata superiori.","breadcrumb":{"@id":"https:\/\/www.sestogrado.it\/it\/prodotto\/black-diamond-mercury-mitts-moffole-da-alpinismo-sci-alpinismo\/#breadcrumb"},"inLanguage":"it-IT","potentialAction":[{"@type":"ReadAction","target":[["https:\/\/www.sestogrado.it\/it\/prodotto\/black-diamond-mercury-mitts-moffole-da-alpinismo-sci-alpinismo\/"]]}]},{"@type":"ImageObject","inLanguage":"it-IT","@id":"https:\/\/www.sestogrado.it\/it\/prodotto\/black-diamond-mercury-mitts-moffole-da-alpinismo-sci-alpinismo\/#primaryimage","url":"https:\/\/www.sestogrado.it\/wp-content\/uploads\/2020\/10\/01-24.jpg","contentUrl":"https:\/\/www.sestogrado.it\/wp-content\/uploads\/2020\/10\/01-24.jpg","width":1000,"height":1000,"caption":"mercury"},{"@type":"BreadcrumbList","@id":"https:\/\/www.sestogrado.it\/it\/prodotto\/black-diamond-mercury-mitts-moffole-da-alpinismo-sci-alpinismo\/#breadcrumb","itemListElement":[{"@type":"ListItem","position":1,"name":"Home","item":"https:\/\/www.sestogrado.it\/it\/"},{"@type":"ListItem","position":2,"name":"Shop","item":"https:\/\/www.sestogrado.it\/it\/shop\/"},{"@type":"ListItem","position":3,"name":"Black Diamond Mercury Mitts moffole da alpinismo sci alpinismo"}]},{"@type":"WebSite","@id":"https:\/\/www.sestogrado.it\/it\/#website","url":"https:\/\/www.sestogrado.it\/it\/","name":"Sestogrado","description":"yes we climb","publisher":{"@id":"https:\/\/www.sestogrado.it\/it\/#organization"},"potentialAction":[{"@type":"SearchAction","target":{"@type":"EntryPoint","urlTemplate":"https:\/\/www.sestogrado.it\/it\/?s={search_term_string}"},"query-input":{"@type":"PropertyValueSpecification","valueRequired":true,"valueName":"search_term_string"}}],"inLanguage":"it-IT"},{"@type":"Organization","@id":"https:\/\/www.sestogrado.it\/it\/#organization","name":"Sestogrado","url":"https:\/\/www.sestogrado.it\/it\/","logo":{"@type":"ImageObject","inLanguage":"it-IT","@id":"https:\/\/www.sestogrado.it\/it\/#\/schema\/logo\/image\/","url":"https:\/\/www.sestogrado.it\/wp-content\/uploads\/2015\/03\/sestogrado-favicon.png","contentUrl":"https:\/\/www.sestogrado.it\/wp-content\/uploads\/2015\/03\/sestogrado-favicon.png","width":260,"height":260,"caption":"Sestogrado"},"image":{"@id":"https:\/\/www.sestogrado.it\/it\/#\/schema\/logo\/image\/"},"sameAs":["https:\/\/www.facebook.com\/pages\/Sestogrado\/1542635979353017?ref=bookmarks","https:\/\/www.youtube.com\/channel\/UC847kAfTkaJsWpc1jtQwr3Q"],"hasMerchantReturnPolicy":{"@type":"MerchantReturnPolicy","merchantReturnLink":"https:\/\/www.sestogrado.it\/it\/termini-e-condizioni\/"}}]},"product_brand":"Black Diamond","og_availability":"instock","product_availability":"instock","product_condition":"new"},"_links":{"self":[{"href":"https:\/\/www.sestogrado.it\/it\/wp-json\/wp\/v2\/product\/42322","targetHints":{"allow":["GET"]}}],"collection":[{"href":"https:\/\/www.sestogrado.it\/it\/wp-json\/wp\/v2\/product"}],"about":[{"href":"https:\/\/www.sestogrado.it\/it\/wp-json\/wp\/v2\/types\/product"}],"replies":[{"embeddable":true,"href":"https:\/\/www.sestogrado.it\/it\/wp-json\/wp\/v2\/comments?post=42322"}],"wp:featuredmedia":[{"embeddable":true,"href":"https:\/\/www.sestogrado.it\/it\/wp-json\/wp\/v2\/media\/125512"}],"wp:attachment":[{"href":"https:\/\/www.sestogrado.it\/it\/wp-json\/wp\/v2\/media?parent=42322"}],"wp:term":[{"taxonomy":"product_brand","embeddable":true,"href":"https:\/\/www.sestogrado.it\/it\/wp-json\/wp\/v2\/product_brand?post=42322"},{"taxonomy":"product_cat","embeddable":true,"href":"https:\/\/www.sestogrado.it\/it\/wp-json\/wp\/v2\/product_cat?post=42322"},{"taxonomy":"product_tag","embeddable":true,"href":"https:\/\/www.sestogrado.it\/it\/wp-json\/wp\/v2\/product_tag?post=42322"}],"curies":[{"name":"wp","href":"https:\/\/api.w.org\/{rel}","templated":true}]}}