{"id":42209,"date":"2020-10-09T14:01:08","date_gmt":"2020-10-09T12:01:08","guid":{"rendered":"https:\/\/www.sestogrado.it\/?post_type=product&#038;p=42209"},"modified":"2026-03-04T09:45:49","modified_gmt":"2026-03-04T08:45:49","slug":"camp-skimo-nanotech-ramponi-da-scialpinismo","status":"publish","type":"product","link":"https:\/\/www.sestogrado.it\/it\/prodotto\/camp-skimo-nanotech-ramponi-da-scialpinismo\/","title":{"rendered":"Camp Skimo Nanotech ramponi da scialpinismo"},"content":{"rendered":"<p>I Camp Skimo Nanotech sono dei ramponi da scialpinismo. Hanno le stesse caratteristiche principali della versione Tour, da cui si differenziano per le punte frontali con inserti in acciaio Sandvik\u00ae Nanoflex per una maggiore resistenza, durata e capacit\u00e0 di penetrazione nel ghiaccio. Per una maggiore versatilit\u00e0 del rampone, nel caso di uso con scarponi privi di gradino frontale, \u00e8 possibile sostituire il fermo anteriore T-Stop montato di serie con l&#8217;adattatore anteriore opzionale, disponibile separatamente. Il sistema di bloccaggio dell&#8217;asta di collegamento, come nella versione Tour, presenta una molla che consente di passare rapidamente, senza attrezzi, da una misura all&#8217;altra. L&#8217;asta \u00e8 provvista di una doppia fila di fori per il massimo della precisione nella regolazione della lunghezza e pu\u00f2 essere sostituita con la fettuccia in Dyneema\u00ae disponibile separatamente, ottenendo un attrezzo ancora pi\u00f9 leggero e compattabile.<\/p>\n<p>\u2022 Realizzato in alluminio 7075 con inserti in acciaio Sandvik\u00ae Nanoflex sulle punte frontali<br \/>\n\u2022 Allacciatura automatica con innovativo sistema di fissaggio anteriore T-Stop, munito di fermo regolabile per adattare il rampone a tutti gli scarponi da scialpinismo con gradino frontale<br \/>\n\u2022 Adattatore anteriore opzionale, fornito separatamente, per scarponi privi di gradino frontale<br \/>\n\u2022 Fissaggio posteriore con talloniera regolabile su tre posizioni<br \/>\n\u2022 Regolazione micrometrica della lunghezza con asta a doppia fila di fori e molla, alloggiabile in due posizioni per coprire tutte le misure di scarponi<br \/>\n\u2022 Possibilit\u00e0 di sostituire l&#8217;asta di collegamento con la fettuccia in Dyneema\u00ae disponibile separatamente, per la massima leggerezza (375 g) e per poter piegare il rampone su se stesso<br \/>\n\u2022 Antibott completo integrato ad azione attiva di serie<br \/>\n\u2022 Chiave torx di serie per la regolazione del fermo anteriore<br \/>\n\u2022 Custodia inclusa<\/p>\n<p>&nbsp;<\/p>\n<p>Skimo Nanotech di Camp \u00e8 un rampone da scialpinismo per gli appassionati di alto livello, con innovativo sistema di allacciatura anteriore privo dell&#8217;archetto frontale, mentre il fissaggio posteriore avviene con talloniera regolabile su tre posizioni.<\/p>\n<p>Passione, lavoro e semplicit\u00e0 sono alcune delle parole chiave che da sempre hanno contraddistinto il modo di essere di C.A.M.P. Fondata nel 1889 a Premana, paese dell\u2019alta Valsassina dove tutt\u2019oggi ha la sua sede, C.A.M.P. realizza prodotti che aiutano a realizzare i sogni ed i progetti di tutti coloro che frequentano la montagna.<\/p>","protected":false},"excerpt":{"rendered":"<p>I Camp Skimo Nanotech sono dei ramponi da scialpinismo. Hanno le stesse caratteristiche principali della versione Tour, da cui si [&hellip;]<\/p>\n","protected":false},"featured_media":42210,"comment_status":"open","ping_status":"closed","template":"","meta":{"_acf_changed":false},"product_brand":[31],"product_cat":[153],"product_tag":[],"class_list":{"0":"post-42209","1":"product","2":"type-product","3":"status-publish","4":"has-post-thumbnail","6":"product_brand-camp","7":"product_cat-ramponi","9":"first","10":"instock","11":"sale","12":"taxable","13":"shipping-taxable","14":"purchasable","15":"product-type-simple"},"acf":[],"yoast_head":"<!-- This site is optimized with the Yoast SEO plugin v26.4 - https:\/\/yoast.com\/wordpress\/plugins\/seo\/ -->\n<title>Camp Skimo Nanotech ramponi da scialpinismo - Sestogrado<\/title>\n<meta name=\"robots\" content=\"index, follow, max-snippet:-1, max-image-preview:large, max-video-preview:-1\" \/>\n<link rel=\"canonical\" href=\"https:\/\/www.sestogrado.it\/it\/prodotto\/camp-skimo-nanotech-ramponi-da-scialpinismo\/\" \/>\n<meta property=\"og:locale\" content=\"it_IT\" \/>\n<meta property=\"og:type\" content=\"article\" \/>\n<meta property=\"og:title\" content=\"Camp Skimo Nanotech ramponi da scialpinismo - Sestogrado\" \/>\n<meta property=\"og:description\" content=\"I Camp Skimo Nanotech sono dei ramponi da scialpinismo. Hanno le stesse caratteristiche principali della versione Tour, da cui si [&hellip;]\" \/>\n<meta property=\"og:url\" content=\"https:\/\/www.sestogrado.it\/it\/prodotto\/camp-skimo-nanotech-ramponi-da-scialpinismo\/\" \/>\n<meta property=\"og:site_name\" content=\"Sestogrado\" \/>\n<meta property=\"article:publisher\" content=\"https:\/\/www.facebook.com\/pages\/Sestogrado\/1542635979353017?ref=bookmarks\" \/>\n<meta property=\"article:modified_time\" content=\"2026-03-04T08:45:49+00:00\" \/>\n<meta property=\"og:image\" content=\"https:\/\/www.sestogrado.it\/wp-content\/uploads\/2020\/10\/01-2.jpg\" \/>\n\t<meta property=\"og:image:width\" content=\"1600\" \/>\n\t<meta property=\"og:image:height\" content=\"1600\" \/>\n\t<meta property=\"og:image:type\" content=\"image\/jpeg\" \/>\n<meta name=\"twitter:label1\" content=\"Prezzo\" \/>\n\t<meta name=\"twitter:data1\" content=\"&euro;&nbsp;139,00\" \/>\n\t<meta name=\"twitter:label2\" content=\"Disponibilit\u00e0\" \/>\n\t<meta name=\"twitter:data2\" content=\"In stock\" \/>\n<script type=\"application\/ld+json\" class=\"yoast-schema-graph\">{\"@context\":\"https:\/\/schema.org\",\"@graph\":[{\"@type\":\"WebPage\",\"@id\":\"https:\/\/www.sestogrado.it\/it\/prodotto\/camp-skimo-nanotech-ramponi-da-scialpinismo\/\",\"url\":\"https:\/\/www.sestogrado.it\/it\/prodotto\/camp-skimo-nanotech-ramponi-da-scialpinismo\/\",\"name\":\"Camp Skimo Nanotech ramponi da scialpinismo - Sestogrado\",\"isPartOf\":{\"@id\":\"https:\/\/www.sestogrado.it\/it\/#website\"},\"primaryImageOfPage\":{\"@id\":\"https:\/\/www.sestogrado.it\/it\/prodotto\/camp-skimo-nanotech-ramponi-da-scialpinismo\/#primaryimage\"},\"image\":{\"@id\":\"https:\/\/www.sestogrado.it\/prodotto\/camp-skimo-nanotech-ramponi-da-scialpinismo\/#primaryimage\"},\"thumbnailUrl\":\"https:\/\/www.sestogrado.it\/wp-content\/uploads\/2020\/10\/01-2.jpg\",\"datePublished\":\"2020-10-09T12:01:08+00:00\",\"dateModified\":\"2026-03-04T08:45:49+00:00\",\"breadcrumb\":{\"@id\":\"https:\/\/www.sestogrado.it\/it\/prodotto\/camp-skimo-nanotech-ramponi-da-scialpinismo\/#breadcrumb\"},\"inLanguage\":\"it-IT\",\"potentialAction\":[{\"@type\":\"ReadAction\",\"target\":[[\"https:\/\/www.sestogrado.it\/it\/prodotto\/camp-skimo-nanotech-ramponi-da-scialpinismo\/\"]]}]},{\"@type\":\"ImageObject\",\"inLanguage\":\"it-IT\",\"@id\":\"https:\/\/www.sestogrado.it\/it\/prodotto\/camp-skimo-nanotech-ramponi-da-scialpinismo\/#primaryimage\",\"url\":\"https:\/\/www.sestogrado.it\/wp-content\/uploads\/2020\/10\/01-2.jpg\",\"contentUrl\":\"https:\/\/www.sestogrado.it\/wp-content\/uploads\/2020\/10\/01-2.jpg\",\"width\":1600,\"height\":1600,\"caption\":\"camp skimo nanotech\"},{\"@type\":\"BreadcrumbList\",\"@id\":\"https:\/\/www.sestogrado.it\/it\/prodotto\/camp-skimo-nanotech-ramponi-da-scialpinismo\/#breadcrumb\",\"itemListElement\":[{\"@type\":\"ListItem\",\"position\":1,\"name\":\"Home\",\"item\":\"https:\/\/www.sestogrado.it\/it\/\"},{\"@type\":\"ListItem\",\"position\":2,\"name\":\"Shop\",\"item\":\"https:\/\/www.sestogrado.it\/it\/shop\/\"},{\"@type\":\"ListItem\",\"position\":3,\"name\":\"Camp Skimo Nanotech ramponi da scialpinismo\"}]},{\"@type\":\"WebSite\",\"@id\":\"https:\/\/www.sestogrado.it\/it\/#website\",\"url\":\"https:\/\/www.sestogrado.it\/it\/\",\"name\":\"Sestogrado\",\"description\":\"yes we climb\",\"publisher\":{\"@id\":\"https:\/\/www.sestogrado.it\/it\/#organization\"},\"potentialAction\":[{\"@type\":\"SearchAction\",\"target\":{\"@type\":\"EntryPoint\",\"urlTemplate\":\"https:\/\/www.sestogrado.it\/it\/?s={search_term_string}\"},\"query-input\":{\"@type\":\"PropertyValueSpecification\",\"valueRequired\":true,\"valueName\":\"search_term_string\"}}],\"inLanguage\":\"it-IT\"},{\"@type\":\"Organization\",\"@id\":\"https:\/\/www.sestogrado.it\/it\/#organization\",\"name\":\"Sestogrado\",\"url\":\"https:\/\/www.sestogrado.it\/it\/\",\"logo\":{\"@type\":\"ImageObject\",\"inLanguage\":\"it-IT\",\"@id\":\"https:\/\/www.sestogrado.it\/it\/#\/schema\/logo\/image\/\",\"url\":\"https:\/\/www.sestogrado.it\/wp-content\/uploads\/2015\/03\/sestogrado-favicon.png\",\"contentUrl\":\"https:\/\/www.sestogrado.it\/wp-content\/uploads\/2015\/03\/sestogrado-favicon.png\",\"width\":260,\"height\":260,\"caption\":\"Sestogrado\"},\"image\":{\"@id\":\"https:\/\/www.sestogrado.it\/it\/#\/schema\/logo\/image\/\"},\"sameAs\":[\"https:\/\/www.facebook.com\/pages\/Sestogrado\/1542635979353017?ref=bookmarks\",\"https:\/\/www.youtube.com\/channel\/UC847kAfTkaJsWpc1jtQwr3Q\"],\"hasMerchantReturnPolicy\":{\"@type\":\"MerchantReturnPolicy\",\"merchantReturnLink\":\"https:\/\/www.sestogrado.it\/it\/termini-e-condizioni\/\"}}]}<\/script>\n<meta property=\"product:brand\" content=\"Camp\" \/>\n<meta property=\"product:price:amount\" content=\"139.00\" \/>\n<meta property=\"product:price:currency\" content=\"EUR\" \/>\n<meta property=\"og:availability\" content=\"instock\" \/>\n<meta property=\"product:availability\" content=\"instock\" \/>\n<meta property=\"product:condition\" content=\"new\" \/>\n<!-- \/ Yoast SEO plugin. -->","yoast_head_json":{"title":"Camp Skimo Nanotech ramponi da scialpinismo - Sestogrado","robots":{"index":"index","follow":"follow","max-snippet":"max-snippet:-1","max-image-preview":"max-image-preview:large","max-video-preview":"max-video-preview:-1"},"canonical":"https:\/\/www.sestogrado.it\/it\/prodotto\/camp-skimo-nanotech-ramponi-da-scialpinismo\/","og_locale":"it_IT","og_type":"article","og_title":"Camp Skimo Nanotech ramponi da scialpinismo - Sestogrado","og_description":"I Camp Skimo Nanotech sono dei ramponi da scialpinismo. Hanno le stesse caratteristiche principali della versione Tour, da cui si [&hellip;]","og_url":"https:\/\/www.sestogrado.it\/it\/prodotto\/camp-skimo-nanotech-ramponi-da-scialpinismo\/","og_site_name":"Sestogrado","article_publisher":"https:\/\/www.facebook.com\/pages\/Sestogrado\/1542635979353017?ref=bookmarks","article_modified_time":"2026-03-04T08:45:49+00:00","og_image":[{"width":1600,"height":1600,"url":"https:\/\/www.sestogrado.it\/wp-content\/uploads\/2020\/10\/01-2.jpg","type":"image\/jpeg"}],"twitter_misc":{"Prezzo":"&euro;&nbsp;139,00","Disponibilit\u00e0":"In stock"},"schema":{"@context":"https:\/\/schema.org","@graph":[{"@type":"WebPage","@id":"https:\/\/www.sestogrado.it\/it\/prodotto\/camp-skimo-nanotech-ramponi-da-scialpinismo\/","url":"https:\/\/www.sestogrado.it\/it\/prodotto\/camp-skimo-nanotech-ramponi-da-scialpinismo\/","name":"Camp Skimo Nanotech ramponi da scialpinismo - Sestogrado","isPartOf":{"@id":"https:\/\/www.sestogrado.it\/it\/#website"},"primaryImageOfPage":{"@id":"https:\/\/www.sestogrado.it\/it\/prodotto\/camp-skimo-nanotech-ramponi-da-scialpinismo\/#primaryimage"},"image":{"@id":"https:\/\/www.sestogrado.it\/prodotto\/camp-skimo-nanotech-ramponi-da-scialpinismo\/#primaryimage"},"thumbnailUrl":"https:\/\/www.sestogrado.it\/wp-content\/uploads\/2020\/10\/01-2.jpg","datePublished":"2020-10-09T12:01:08+00:00","dateModified":"2026-03-04T08:45:49+00:00","breadcrumb":{"@id":"https:\/\/www.sestogrado.it\/it\/prodotto\/camp-skimo-nanotech-ramponi-da-scialpinismo\/#breadcrumb"},"inLanguage":"it-IT","potentialAction":[{"@type":"ReadAction","target":[["https:\/\/www.sestogrado.it\/it\/prodotto\/camp-skimo-nanotech-ramponi-da-scialpinismo\/"]]}]},{"@type":"ImageObject","inLanguage":"it-IT","@id":"https:\/\/www.sestogrado.it\/it\/prodotto\/camp-skimo-nanotech-ramponi-da-scialpinismo\/#primaryimage","url":"https:\/\/www.sestogrado.it\/wp-content\/uploads\/2020\/10\/01-2.jpg","contentUrl":"https:\/\/www.sestogrado.it\/wp-content\/uploads\/2020\/10\/01-2.jpg","width":1600,"height":1600,"caption":"camp skimo nanotech"},{"@type":"BreadcrumbList","@id":"https:\/\/www.sestogrado.it\/it\/prodotto\/camp-skimo-nanotech-ramponi-da-scialpinismo\/#breadcrumb","itemListElement":[{"@type":"ListItem","position":1,"name":"Home","item":"https:\/\/www.sestogrado.it\/it\/"},{"@type":"ListItem","position":2,"name":"Shop","item":"https:\/\/www.sestogrado.it\/it\/shop\/"},{"@type":"ListItem","position":3,"name":"Camp Skimo Nanotech ramponi da scialpinismo"}]},{"@type":"WebSite","@id":"https:\/\/www.sestogrado.it\/it\/#website","url":"https:\/\/www.sestogrado.it\/it\/","name":"Sestogrado","description":"yes we climb","publisher":{"@id":"https:\/\/www.sestogrado.it\/it\/#organization"},"potentialAction":[{"@type":"SearchAction","target":{"@type":"EntryPoint","urlTemplate":"https:\/\/www.sestogrado.it\/it\/?s={search_term_string}"},"query-input":{"@type":"PropertyValueSpecification","valueRequired":true,"valueName":"search_term_string"}}],"inLanguage":"it-IT"},{"@type":"Organization","@id":"https:\/\/www.sestogrado.it\/it\/#organization","name":"Sestogrado","url":"https:\/\/www.sestogrado.it\/it\/","logo":{"@type":"ImageObject","inLanguage":"it-IT","@id":"https:\/\/www.sestogrado.it\/it\/#\/schema\/logo\/image\/","url":"https:\/\/www.sestogrado.it\/wp-content\/uploads\/2015\/03\/sestogrado-favicon.png","contentUrl":"https:\/\/www.sestogrado.it\/wp-content\/uploads\/2015\/03\/sestogrado-favicon.png","width":260,"height":260,"caption":"Sestogrado"},"image":{"@id":"https:\/\/www.sestogrado.it\/it\/#\/schema\/logo\/image\/"},"sameAs":["https:\/\/www.facebook.com\/pages\/Sestogrado\/1542635979353017?ref=bookmarks","https:\/\/www.youtube.com\/channel\/UC847kAfTkaJsWpc1jtQwr3Q"],"hasMerchantReturnPolicy":{"@type":"MerchantReturnPolicy","merchantReturnLink":"https:\/\/www.sestogrado.it\/it\/termini-e-condizioni\/"}}]},"product_brand":"Camp","product_price_amount":"139.00","product_price_currency":"EUR","og_availability":"instock","product_availability":"instock","product_condition":"new"},"_links":{"self":[{"href":"https:\/\/www.sestogrado.it\/it\/wp-json\/wp\/v2\/product\/42209","targetHints":{"allow":["GET"]}}],"collection":[{"href":"https:\/\/www.sestogrado.it\/it\/wp-json\/wp\/v2\/product"}],"about":[{"href":"https:\/\/www.sestogrado.it\/it\/wp-json\/wp\/v2\/types\/product"}],"replies":[{"embeddable":true,"href":"https:\/\/www.sestogrado.it\/it\/wp-json\/wp\/v2\/comments?post=42209"}],"wp:featuredmedia":[{"embeddable":true,"href":"https:\/\/www.sestogrado.it\/it\/wp-json\/wp\/v2\/media\/42210"}],"wp:attachment":[{"href":"https:\/\/www.sestogrado.it\/it\/wp-json\/wp\/v2\/media?parent=42209"}],"wp:term":[{"taxonomy":"product_brand","embeddable":true,"href":"https:\/\/www.sestogrado.it\/it\/wp-json\/wp\/v2\/product_brand?post=42209"},{"taxonomy":"product_cat","embeddable":true,"href":"https:\/\/www.sestogrado.it\/it\/wp-json\/wp\/v2\/product_cat?post=42209"},{"taxonomy":"product_tag","embeddable":true,"href":"https:\/\/www.sestogrado.it\/it\/wp-json\/wp\/v2\/product_tag?post=42209"}],"curies":[{"name":"wp","href":"https:\/\/api.w.org\/{rel}","templated":true}]}}