{"id":419,"date":"2015-03-11T09:57:43","date_gmt":"2015-03-11T08:57:43","guid":{"rendered":"http:\/\/www.sestogrado.it\/?post_type=product&#038;p=419"},"modified":"2026-04-29T10:13:40","modified_gmt":"2026-04-29T08:13:40","slug":"camp-nut-key-per-rimuovere-i-dadi","status":"publish","type":"product","link":"https:\/\/www.sestogrado.it\/it\/prodotto\/camp-nut-key-per-rimuovere-i-dadi\/","title":{"rendered":"Camp Nut Key per rimuovere i dadi"},"content":{"rendered":"<p>Il Camp Nut Key \u00e8 un cavadadi o cavanut ideale per rimuovere le protezioni veloci incastrate nella roccia.<\/p>\n<p>Questo attrezzo spesso non ha la rilevanza che si merita ed in commercio \u00e8 facile trovare dispositivi con un design mediocre, troppo flessibili e con una pessima ergonomia.<\/p>\n<p>Il cavadadi di Camp \u00e8 un&#8217;eccezione a questa regola, con un manico sfalsato che offre pi\u00f9 spazio tra la mano e la roccia, consentendo di fare leva in modo migliore, una sporgenza per il pollice per un miglior controllo, in acciaio cromo-molibdeno per prevenire la ruggine.<\/p>\n<p>Il comfort e la facile impugnatura\u00a0sono assicurati dalle tacche per le dita ed\u00a0il rivestimento in gomma sul manico.<\/p>\n<ul>\n<li>impugnatura fuori asse che crea pi\u00f9 spazio tra la mano e la roccia<\/li>\n<li>appoggio per il pollice che garantisce miglior controllo<\/li>\n<li>impugnatura sagomata rivestita in gomma<\/li>\n<\/ul>\n<p>&nbsp;<\/p>\n<p>Passione, lavoro e semplicit\u00e0 sono alcune delle parole chiave che da sempre hanno contraddistinto il modo di essere di C.A.M.P. La passione \u00e8 quella per la montagna e per i prodotti che aiutano a realizzare i sogni ed i progetti di tutti coloro che la frequentano; il lavoro \u00e8 quello tramandato da oltre 115 anni in quattro distinte generazioni succedutesi alla guida dell\u2019azienda e la semplicit\u00e0 \u00e8 quella che contraddistingue un modo di essere e relazionarsi basato sulla seriet\u00e0 e lealt\u00e0.<\/p>\n<p>&nbsp;<\/p>","protected":false},"excerpt":{"rendered":"<p>In acciaio al carbonio<\/p>\n<p>Nichelato per prevenire la ruggine<\/p>\n","protected":false},"featured_media":49892,"comment_status":"open","ping_status":"closed","template":"","meta":{"_acf_changed":false},"product_brand":[31],"product_cat":[17,135],"product_tag":[406,430,407],"class_list":{"0":"post-419","1":"product","2":"type-product","3":"status-publish","4":"has-post-thumbnail","6":"product_brand-camp","7":"product_cat-ferramenta","8":"product_cat-friends-e-nuts","9":"product_tag-arrampicata-trad","10":"product_tag-dadi-arrampicata","11":"product_tag-friend-arrampicata","13":"first","14":"instock","15":"sale","16":"taxable","17":"shipping-taxable","18":"purchasable","19":"product-type-simple"},"acf":[],"yoast_head":"<!-- This site is optimized with the Yoast SEO plugin v26.4 - https:\/\/yoast.com\/wordpress\/plugins\/seo\/ -->\n<title>Camp Nut Key per rimuovere i dadi - Sestogrado<\/title>\n<meta name=\"description\" content=\"Camp Nut Key \u00e8 il cavadadi di maggior qualit\u00e0 in circolazione. In acciaio al carbonio, nichelato per prevenire la ruggine, impugnatura sagomata in gomma. Il cavadadi di Camp ha un manico sfalsato che offre pi\u00f9 spazio tra la mano e la roccia, consentendo di fare leva in modo migliore per rimuovere i nut o i friend.\" \/>\n<meta name=\"robots\" content=\"index, follow, max-snippet:-1, max-image-preview:large, max-video-preview:-1\" \/>\n<link rel=\"canonical\" href=\"https:\/\/www.sestogrado.it\/it\/prodotto\/camp-nut-key-per-rimuovere-i-dadi\/\" \/>\n<meta property=\"og:locale\" content=\"it_IT\" \/>\n<meta property=\"og:type\" content=\"article\" \/>\n<meta property=\"og:title\" content=\"Camp Nut Key per rimuovere i dadi - Sestogrado\" \/>\n<meta property=\"og:description\" content=\"Camp Nut Key \u00e8 il cavadadi di maggior qualit\u00e0 in circolazione. In acciaio al carbonio, nichelato per prevenire la ruggine, impugnatura sagomata in gomma. Il cavadadi di Camp ha un manico sfalsato che offre pi\u00f9 spazio tra la mano e la roccia, consentendo di fare leva in modo migliore per rimuovere i nut o i friend.\" \/>\n<meta property=\"og:url\" content=\"https:\/\/www.sestogrado.it\/it\/prodotto\/camp-nut-key-per-rimuovere-i-dadi\/\" \/>\n<meta property=\"og:site_name\" content=\"Sestogrado\" \/>\n<meta property=\"article:publisher\" content=\"https:\/\/www.facebook.com\/pages\/Sestogrado\/1542635979353017?ref=bookmarks\" \/>\n<meta property=\"article:modified_time\" content=\"2026-04-29T08:13:40+00:00\" \/>\n<meta property=\"og:image\" content=\"https:\/\/www.sestogrado.it\/wp-content\/uploads\/2015\/03\/nut-key.jpg\" \/>\n\t<meta property=\"og:image:width\" content=\"1503\" \/>\n\t<meta property=\"og:image:height\" content=\"1503\" \/>\n\t<meta property=\"og:image:type\" content=\"image\/jpeg\" \/>\n<meta name=\"twitter:label1\" content=\"Prezzo\" \/>\n\t<meta name=\"twitter:data1\" content=\"&euro;&nbsp;12,90\" \/>\n\t<meta name=\"twitter:label2\" content=\"Disponibilit\u00e0\" \/>\n\t<meta name=\"twitter:data2\" content=\"In stock\" \/>\n<script type=\"application\/ld+json\" class=\"yoast-schema-graph\">{\"@context\":\"https:\/\/schema.org\",\"@graph\":[{\"@type\":\"WebPage\",\"@id\":\"https:\/\/www.sestogrado.it\/it\/prodotto\/camp-nut-key-per-rimuovere-i-dadi\/\",\"url\":\"https:\/\/www.sestogrado.it\/it\/prodotto\/camp-nut-key-per-rimuovere-i-dadi\/\",\"name\":\"Camp Nut Key per rimuovere i dadi - Sestogrado\",\"isPartOf\":{\"@id\":\"https:\/\/www.sestogrado.it\/it\/#website\"},\"primaryImageOfPage\":{\"@id\":\"https:\/\/www.sestogrado.it\/it\/prodotto\/camp-nut-key-per-rimuovere-i-dadi\/#primaryimage\"},\"image\":{\"@id\":\"https:\/\/www.sestogrado.it\/prodotto\/camp-nut-key-per-rimuovere-i-dadi\/#primaryimage\"},\"thumbnailUrl\":\"https:\/\/www.sestogrado.it\/wp-content\/uploads\/2015\/03\/nut-key.jpg\",\"datePublished\":\"2015-03-11T08:57:43+00:00\",\"dateModified\":\"2026-04-29T08:13:40+00:00\",\"description\":\"Camp Nut Key \u00e8 il cavadadi di maggior qualit\u00e0 in circolazione. In acciaio al carbonio, nichelato per prevenire la ruggine, impugnatura sagomata in gomma. Il cavadadi di Camp ha un manico sfalsato che offre pi\u00f9 spazio tra la mano e la roccia, consentendo di fare leva in modo migliore per rimuovere i nut o i friend.\",\"breadcrumb\":{\"@id\":\"https:\/\/www.sestogrado.it\/it\/prodotto\/camp-nut-key-per-rimuovere-i-dadi\/#breadcrumb\"},\"inLanguage\":\"it-IT\",\"potentialAction\":[{\"@type\":\"ReadAction\",\"target\":[[\"https:\/\/www.sestogrado.it\/it\/prodotto\/camp-nut-key-per-rimuovere-i-dadi\/\"]]}]},{\"@type\":\"ImageObject\",\"inLanguage\":\"it-IT\",\"@id\":\"https:\/\/www.sestogrado.it\/it\/prodotto\/camp-nut-key-per-rimuovere-i-dadi\/#primaryimage\",\"url\":\"https:\/\/www.sestogrado.it\/wp-content\/uploads\/2015\/03\/nut-key.jpg\",\"contentUrl\":\"https:\/\/www.sestogrado.it\/wp-content\/uploads\/2015\/03\/nut-key.jpg\",\"width\":1503,\"height\":1503,\"caption\":\"camp nut key\"},{\"@type\":\"BreadcrumbList\",\"@id\":\"https:\/\/www.sestogrado.it\/it\/prodotto\/camp-nut-key-per-rimuovere-i-dadi\/#breadcrumb\",\"itemListElement\":[{\"@type\":\"ListItem\",\"position\":1,\"name\":\"Home\",\"item\":\"https:\/\/www.sestogrado.it\/it\/\"},{\"@type\":\"ListItem\",\"position\":2,\"name\":\"Shop\",\"item\":\"https:\/\/www.sestogrado.it\/it\/shop\/\"},{\"@type\":\"ListItem\",\"position\":3,\"name\":\"Camp Nut Key per rimuovere i dadi\"}]},{\"@type\":\"WebSite\",\"@id\":\"https:\/\/www.sestogrado.it\/it\/#website\",\"url\":\"https:\/\/www.sestogrado.it\/it\/\",\"name\":\"Sestogrado\",\"description\":\"yes we climb\",\"publisher\":{\"@id\":\"https:\/\/www.sestogrado.it\/it\/#organization\"},\"potentialAction\":[{\"@type\":\"SearchAction\",\"target\":{\"@type\":\"EntryPoint\",\"urlTemplate\":\"https:\/\/www.sestogrado.it\/it\/?s={search_term_string}\"},\"query-input\":{\"@type\":\"PropertyValueSpecification\",\"valueRequired\":true,\"valueName\":\"search_term_string\"}}],\"inLanguage\":\"it-IT\"},{\"@type\":\"Organization\",\"@id\":\"https:\/\/www.sestogrado.it\/it\/#organization\",\"name\":\"Sestogrado\",\"url\":\"https:\/\/www.sestogrado.it\/it\/\",\"logo\":{\"@type\":\"ImageObject\",\"inLanguage\":\"it-IT\",\"@id\":\"https:\/\/www.sestogrado.it\/it\/#\/schema\/logo\/image\/\",\"url\":\"https:\/\/www.sestogrado.it\/wp-content\/uploads\/2015\/03\/sestogrado-favicon.png\",\"contentUrl\":\"https:\/\/www.sestogrado.it\/wp-content\/uploads\/2015\/03\/sestogrado-favicon.png\",\"width\":260,\"height\":260,\"caption\":\"Sestogrado\"},\"image\":{\"@id\":\"https:\/\/www.sestogrado.it\/it\/#\/schema\/logo\/image\/\"},\"sameAs\":[\"https:\/\/www.facebook.com\/pages\/Sestogrado\/1542635979353017?ref=bookmarks\",\"https:\/\/www.youtube.com\/channel\/UC847kAfTkaJsWpc1jtQwr3Q\"],\"hasMerchantReturnPolicy\":{\"@type\":\"MerchantReturnPolicy\",\"merchantReturnLink\":\"https:\/\/www.sestogrado.it\/it\/termini-e-condizioni\/\"}}]}<\/script>\n<meta property=\"product:brand\" content=\"Camp\" \/>\n<meta property=\"product:price:amount\" content=\"12.90\" \/>\n<meta property=\"product:price:currency\" content=\"EUR\" \/>\n<meta property=\"og:availability\" content=\"instock\" \/>\n<meta property=\"product:availability\" content=\"instock\" \/>\n<meta property=\"product:condition\" content=\"new\" \/>\n<!-- \/ Yoast SEO plugin. -->","yoast_head_json":{"title":"Camp Nut Key per rimuovere i dadi - Sestogrado","description":"Camp Nut Key \u00e8 il cavadadi di maggior qualit\u00e0 in circolazione. In acciaio al carbonio, nichelato per prevenire la ruggine, impugnatura sagomata in gomma. Il cavadadi di Camp ha un manico sfalsato che offre pi\u00f9 spazio tra la mano e la roccia, consentendo di fare leva in modo migliore per rimuovere i nut o i friend.","robots":{"index":"index","follow":"follow","max-snippet":"max-snippet:-1","max-image-preview":"max-image-preview:large","max-video-preview":"max-video-preview:-1"},"canonical":"https:\/\/www.sestogrado.it\/it\/prodotto\/camp-nut-key-per-rimuovere-i-dadi\/","og_locale":"it_IT","og_type":"article","og_title":"Camp Nut Key per rimuovere i dadi - Sestogrado","og_description":"Camp Nut Key \u00e8 il cavadadi di maggior qualit\u00e0 in circolazione. In acciaio al carbonio, nichelato per prevenire la ruggine, impugnatura sagomata in gomma. Il cavadadi di Camp ha un manico sfalsato che offre pi\u00f9 spazio tra la mano e la roccia, consentendo di fare leva in modo migliore per rimuovere i nut o i friend.","og_url":"https:\/\/www.sestogrado.it\/it\/prodotto\/camp-nut-key-per-rimuovere-i-dadi\/","og_site_name":"Sestogrado","article_publisher":"https:\/\/www.facebook.com\/pages\/Sestogrado\/1542635979353017?ref=bookmarks","article_modified_time":"2026-04-29T08:13:40+00:00","og_image":[{"width":1503,"height":1503,"url":"https:\/\/www.sestogrado.it\/wp-content\/uploads\/2015\/03\/nut-key.jpg","type":"image\/jpeg"}],"twitter_misc":{"Prezzo":"&euro;&nbsp;12,90","Disponibilit\u00e0":"In stock"},"schema":{"@context":"https:\/\/schema.org","@graph":[{"@type":"WebPage","@id":"https:\/\/www.sestogrado.it\/it\/prodotto\/camp-nut-key-per-rimuovere-i-dadi\/","url":"https:\/\/www.sestogrado.it\/it\/prodotto\/camp-nut-key-per-rimuovere-i-dadi\/","name":"Camp Nut Key per rimuovere i dadi - Sestogrado","isPartOf":{"@id":"https:\/\/www.sestogrado.it\/it\/#website"},"primaryImageOfPage":{"@id":"https:\/\/www.sestogrado.it\/it\/prodotto\/camp-nut-key-per-rimuovere-i-dadi\/#primaryimage"},"image":{"@id":"https:\/\/www.sestogrado.it\/prodotto\/camp-nut-key-per-rimuovere-i-dadi\/#primaryimage"},"thumbnailUrl":"https:\/\/www.sestogrado.it\/wp-content\/uploads\/2015\/03\/nut-key.jpg","datePublished":"2015-03-11T08:57:43+00:00","dateModified":"2026-04-29T08:13:40+00:00","description":"Camp Nut Key \u00e8 il cavadadi di maggior qualit\u00e0 in circolazione. In acciaio al carbonio, nichelato per prevenire la ruggine, impugnatura sagomata in gomma. Il cavadadi di Camp ha un manico sfalsato che offre pi\u00f9 spazio tra la mano e la roccia, consentendo di fare leva in modo migliore per rimuovere i nut o i friend.","breadcrumb":{"@id":"https:\/\/www.sestogrado.it\/it\/prodotto\/camp-nut-key-per-rimuovere-i-dadi\/#breadcrumb"},"inLanguage":"it-IT","potentialAction":[{"@type":"ReadAction","target":[["https:\/\/www.sestogrado.it\/it\/prodotto\/camp-nut-key-per-rimuovere-i-dadi\/"]]}]},{"@type":"ImageObject","inLanguage":"it-IT","@id":"https:\/\/www.sestogrado.it\/it\/prodotto\/camp-nut-key-per-rimuovere-i-dadi\/#primaryimage","url":"https:\/\/www.sestogrado.it\/wp-content\/uploads\/2015\/03\/nut-key.jpg","contentUrl":"https:\/\/www.sestogrado.it\/wp-content\/uploads\/2015\/03\/nut-key.jpg","width":1503,"height":1503,"caption":"camp nut key"},{"@type":"BreadcrumbList","@id":"https:\/\/www.sestogrado.it\/it\/prodotto\/camp-nut-key-per-rimuovere-i-dadi\/#breadcrumb","itemListElement":[{"@type":"ListItem","position":1,"name":"Home","item":"https:\/\/www.sestogrado.it\/it\/"},{"@type":"ListItem","position":2,"name":"Shop","item":"https:\/\/www.sestogrado.it\/it\/shop\/"},{"@type":"ListItem","position":3,"name":"Camp Nut Key per rimuovere i dadi"}]},{"@type":"WebSite","@id":"https:\/\/www.sestogrado.it\/it\/#website","url":"https:\/\/www.sestogrado.it\/it\/","name":"Sestogrado","description":"yes we climb","publisher":{"@id":"https:\/\/www.sestogrado.it\/it\/#organization"},"potentialAction":[{"@type":"SearchAction","target":{"@type":"EntryPoint","urlTemplate":"https:\/\/www.sestogrado.it\/it\/?s={search_term_string}"},"query-input":{"@type":"PropertyValueSpecification","valueRequired":true,"valueName":"search_term_string"}}],"inLanguage":"it-IT"},{"@type":"Organization","@id":"https:\/\/www.sestogrado.it\/it\/#organization","name":"Sestogrado","url":"https:\/\/www.sestogrado.it\/it\/","logo":{"@type":"ImageObject","inLanguage":"it-IT","@id":"https:\/\/www.sestogrado.it\/it\/#\/schema\/logo\/image\/","url":"https:\/\/www.sestogrado.it\/wp-content\/uploads\/2015\/03\/sestogrado-favicon.png","contentUrl":"https:\/\/www.sestogrado.it\/wp-content\/uploads\/2015\/03\/sestogrado-favicon.png","width":260,"height":260,"caption":"Sestogrado"},"image":{"@id":"https:\/\/www.sestogrado.it\/it\/#\/schema\/logo\/image\/"},"sameAs":["https:\/\/www.facebook.com\/pages\/Sestogrado\/1542635979353017?ref=bookmarks","https:\/\/www.youtube.com\/channel\/UC847kAfTkaJsWpc1jtQwr3Q"],"hasMerchantReturnPolicy":{"@type":"MerchantReturnPolicy","merchantReturnLink":"https:\/\/www.sestogrado.it\/it\/termini-e-condizioni\/"}}]},"product_brand":"Camp","product_price_amount":"12.90","product_price_currency":"EUR","og_availability":"instock","product_availability":"instock","product_condition":"new"},"_links":{"self":[{"href":"https:\/\/www.sestogrado.it\/it\/wp-json\/wp\/v2\/product\/419","targetHints":{"allow":["GET"]}}],"collection":[{"href":"https:\/\/www.sestogrado.it\/it\/wp-json\/wp\/v2\/product"}],"about":[{"href":"https:\/\/www.sestogrado.it\/it\/wp-json\/wp\/v2\/types\/product"}],"replies":[{"embeddable":true,"href":"https:\/\/www.sestogrado.it\/it\/wp-json\/wp\/v2\/comments?post=419"}],"wp:featuredmedia":[{"embeddable":true,"href":"https:\/\/www.sestogrado.it\/it\/wp-json\/wp\/v2\/media\/49892"}],"wp:attachment":[{"href":"https:\/\/www.sestogrado.it\/it\/wp-json\/wp\/v2\/media?parent=419"}],"wp:term":[{"taxonomy":"product_brand","embeddable":true,"href":"https:\/\/www.sestogrado.it\/it\/wp-json\/wp\/v2\/product_brand?post=419"},{"taxonomy":"product_cat","embeddable":true,"href":"https:\/\/www.sestogrado.it\/it\/wp-json\/wp\/v2\/product_cat?post=419"},{"taxonomy":"product_tag","embeddable":true,"href":"https:\/\/www.sestogrado.it\/it\/wp-json\/wp\/v2\/product_tag?post=419"}],"curies":[{"name":"wp","href":"https:\/\/api.w.org\/{rel}","templated":true}]}}