{"id":41857,"date":"2020-10-01T16:16:31","date_gmt":"2020-10-01T14:16:31","guid":{"rendered":"https:\/\/www.sestogrado.it\/?post_type=product&#038;p=41857"},"modified":"2026-03-13T10:47:58","modified_gmt":"2026-03-13T09:47:58","slug":"grivel-g10-wide-new-classic-rampone-pianta-larga-per-snowboard-e-telemark","status":"publish","type":"product","link":"https:\/\/www.sestogrado.it\/it\/prodotto\/grivel-g10-wide-new-classic-rampone-pianta-larga-per-snowboard-e-telemark\/","title":{"rendered":"Grivel G10 Wide New Classic EVO rampone pianta larga per snowboard e telemark"},"content":{"rendered":"<p>G10 wide \u00e8 il rampone concepito per chi pratica snowboard, telemark e tutte le attivit\u00e0 che richiedono l&#8217;uso di scarpe un po pi\u00f9 ingombranti. Possiede la parte anteriore pi\u00f9 larga di quella standard. Possiede 10 punte in acciaio, di cui 6 anteriori e 4 posteriori, non troppo lunghe che facilitano la camminata. Non ingombrante, \u00e8 comodo da trasportare nello zaino. Barretta flex al centro regolabile a seconda della misura della scarpa. Disponibile con attacco New-Matic Wide EVO e New-Classic Wide EVO. Dotato del famoso sistema\u00a0Antibott\u00a0proattivo Grivel sia nella parte anteriore che posteriore. La polivalenza \u00e8 il suo punto forte.<\/p>\n<p>&nbsp;<\/p>\n<ul>\n<li>Attivit\u00e0: escursione sul ghiacciaio\/ alpinismo classico\/ scialpinismo<\/li>\n<li>Materiali \/ costruzione \/ tecnologie:\u00a0acciaio, plastica<\/li>\n<li>Certificazione: CE EN 893, UIAA 153<\/li>\n<li>Peso: 826 g\/paio (New-Matic Wide EVO); 806 g\/paio (New-Classic Wide EVO)<\/li>\n<li>Taglie: 35-46<\/li>\n<li>Antibott: fronte e retro<\/li>\n<\/ul>\n<p>&nbsp;<\/p>\n<p>I Grivel G10 Wide New Classic EVO sono dei ramponi a 10 punte, ideali per per chi pratica snowboard o telemark.<\/p>\n<p>&nbsp;<\/p>\n<p>Nata nel 1818 a Courmayeur, la Grivel \u00e8 un\u2019azienda italiana che produce attrezzature ed equipaggiamenti per alpinismo, arrampicata ed outdoor esportando in 26 paesi.\u00a0\u00a0L\u2019azienda ha ottenuto la certificazione GS T\u00dcV dal 1992, ISO 9001 dal 1996, ISO 1400 dal 2004.\u00a0L\u2019obiettivo di\u00a0Grivel \u00e8 di facilitare la vita agli alpinisti e agli amanti della montagna\u00a0con prodotti tecnologicamente avanzati.<\/p>","protected":false},"excerpt":{"rendered":"<p>G10 wide \u00e8 il rampone concepito per chi pratica snowboard, telemark e tutte le attivit\u00e0 che richiedono l&#8217;uso di scarpe [&hellip;]<\/p>\n","protected":false},"featured_media":181650,"comment_status":"open","ping_status":"closed","template":"","meta":{"_acf_changed":false},"product_brand":[126],"product_cat":[153],"product_tag":[],"class_list":{"0":"post-41857","1":"product","2":"type-product","3":"status-publish","4":"has-post-thumbnail","6":"product_brand-grivel","7":"product_cat-ramponi","9":"first","10":"outofstock","11":"sale","12":"taxable","13":"shipping-taxable","14":"purchasable","15":"product-type-simple"},"acf":[],"yoast_head":"<!-- This site is optimized with the Yoast SEO plugin v26.4 - https:\/\/yoast.com\/wordpress\/plugins\/seo\/ -->\n<title>Grivel G10 Wide New Classic EVO rampone pianta larga per snowboard e telemark - Sestogrado<\/title>\n<meta name=\"description\" content=\"G10 wide \u00e8 il rampone concepito per chi pratica snowboard, telemark e tutte le attivit\u00e0 che richiedono l&#039;uso di scarpe un po pi\u00f9 ingombranti. Possiede la parte anteriore pi\u00f9 larga di quella standard. Possiede 10 punte in acciaio, di cui 6 anteriori e 4 posteriori, non troppo lunghe che facilitano la camminata. Non ingombrante, \u00e8 comodo da trasportare nello zaino. Barretta flex al centro regolabile a seconda della misura della scarpa. Disponibile con attacco New-Matic Wide EVO e New-Classic Wide EVO. Dotato del famoso sistema\u00a0Antibott\u00a0proattivo Grivel sia nella parte anteriore che posteriore. La polivalenza \u00e8 il suo punto forte.\" \/>\n<meta name=\"robots\" content=\"index, follow, max-snippet:-1, max-image-preview:large, max-video-preview:-1\" \/>\n<link rel=\"canonical\" href=\"https:\/\/www.sestogrado.it\/it\/prodotto\/grivel-g10-wide-new-classic-rampone-pianta-larga-per-snowboard-e-telemark\/\" \/>\n<meta property=\"og:locale\" content=\"it_IT\" \/>\n<meta property=\"og:type\" content=\"article\" \/>\n<meta property=\"og:title\" content=\"Grivel G10 Wide New Classic EVO rampone pianta larga per snowboard e telemark - Sestogrado\" \/>\n<meta property=\"og:description\" content=\"G10 wide \u00e8 il rampone concepito per chi pratica snowboard, telemark e tutte le attivit\u00e0 che richiedono l&#039;uso di scarpe un po pi\u00f9 ingombranti. Possiede la parte anteriore pi\u00f9 larga di quella standard. Possiede 10 punte in acciaio, di cui 6 anteriori e 4 posteriori, non troppo lunghe che facilitano la camminata. Non ingombrante, \u00e8 comodo da trasportare nello zaino. Barretta flex al centro regolabile a seconda della misura della scarpa. Disponibile con attacco New-Matic Wide EVO e New-Classic Wide EVO. Dotato del famoso sistema\u00a0Antibott\u00a0proattivo Grivel sia nella parte anteriore che posteriore. La polivalenza \u00e8 il suo punto forte.\" \/>\n<meta property=\"og:url\" content=\"https:\/\/www.sestogrado.it\/it\/prodotto\/grivel-g10-wide-new-classic-rampone-pianta-larga-per-snowboard-e-telemark\/\" \/>\n<meta property=\"og:site_name\" content=\"Sestogrado\" \/>\n<meta property=\"article:publisher\" content=\"https:\/\/www.facebook.com\/pages\/Sestogrado\/1542635979353017?ref=bookmarks\" \/>\n<meta property=\"article:modified_time\" content=\"2026-03-13T09:47:58+00:00\" \/>\n<meta property=\"og:image\" content=\"https:\/\/www.sestogrado.it\/wp-content\/uploads\/2020\/10\/wide.jpg\" \/>\n\t<meta property=\"og:image:width\" content=\"1400\" \/>\n\t<meta property=\"og:image:height\" content=\"1400\" \/>\n\t<meta property=\"og:image:type\" content=\"image\/jpeg\" \/>\n<meta name=\"twitter:label1\" content=\"Prezzo\" \/>\n\t<meta name=\"twitter:data1\" content=\"&euro;&nbsp;109,00\" \/>\n\t<meta name=\"twitter:label2\" content=\"Disponibilit\u00e0\" \/>\n\t<meta name=\"twitter:data2\" content=\"Esaurito\" \/>\n<script type=\"application\/ld+json\" class=\"yoast-schema-graph\">{\"@context\":\"https:\/\/schema.org\",\"@graph\":[{\"@type\":\"WebPage\",\"@id\":\"https:\/\/www.sestogrado.it\/it\/prodotto\/grivel-g10-wide-new-classic-rampone-pianta-larga-per-snowboard-e-telemark\/\",\"url\":\"https:\/\/www.sestogrado.it\/it\/prodotto\/grivel-g10-wide-new-classic-rampone-pianta-larga-per-snowboard-e-telemark\/\",\"name\":\"Grivel G10 Wide New Classic EVO rampone pianta larga per snowboard e telemark - Sestogrado\",\"isPartOf\":{\"@id\":\"https:\/\/www.sestogrado.it\/it\/#website\"},\"primaryImageOfPage\":{\"@id\":\"https:\/\/www.sestogrado.it\/it\/prodotto\/grivel-g10-wide-new-classic-rampone-pianta-larga-per-snowboard-e-telemark\/#primaryimage\"},\"image\":{\"@id\":\"https:\/\/www.sestogrado.it\/prodotto\/grivel-g10-wide-new-classic-rampone-pianta-larga-per-snowboard-e-telemark\/#primaryimage\"},\"thumbnailUrl\":\"https:\/\/www.sestogrado.it\/wp-content\/uploads\/2020\/10\/wide.jpg\",\"datePublished\":\"2020-10-01T14:16:31+00:00\",\"dateModified\":\"2026-03-13T09:47:58+00:00\",\"description\":\"G10 wide \u00e8 il rampone concepito per chi pratica snowboard, telemark e tutte le attivit\u00e0 che richiedono l'uso di scarpe un po pi\u00f9 ingombranti. Possiede la parte anteriore pi\u00f9 larga di quella standard. Possiede 10 punte in acciaio, di cui 6 anteriori e 4 posteriori, non troppo lunghe che facilitano la camminata. Non ingombrante, \u00e8 comodo da trasportare nello zaino. Barretta flex al centro regolabile a seconda della misura della scarpa. Disponibile con attacco New-Matic Wide EVO e New-Classic Wide EVO. Dotato del famoso sistema\u00a0Antibott\u00a0proattivo Grivel sia nella parte anteriore che posteriore. La polivalenza \u00e8 il suo punto forte.\",\"breadcrumb\":{\"@id\":\"https:\/\/www.sestogrado.it\/it\/prodotto\/grivel-g10-wide-new-classic-rampone-pianta-larga-per-snowboard-e-telemark\/#breadcrumb\"},\"inLanguage\":\"it-IT\",\"potentialAction\":[{\"@type\":\"ReadAction\",\"target\":[[\"https:\/\/www.sestogrado.it\/it\/prodotto\/grivel-g10-wide-new-classic-rampone-pianta-larga-per-snowboard-e-telemark\/\"]]}]},{\"@type\":\"ImageObject\",\"inLanguage\":\"it-IT\",\"@id\":\"https:\/\/www.sestogrado.it\/it\/prodotto\/grivel-g10-wide-new-classic-rampone-pianta-larga-per-snowboard-e-telemark\/#primaryimage\",\"url\":\"https:\/\/www.sestogrado.it\/wp-content\/uploads\/2020\/10\/wide.jpg\",\"contentUrl\":\"https:\/\/www.sestogrado.it\/wp-content\/uploads\/2020\/10\/wide.jpg\",\"width\":1400,\"height\":1400,\"caption\":\"g10 wide\"},{\"@type\":\"BreadcrumbList\",\"@id\":\"https:\/\/www.sestogrado.it\/it\/prodotto\/grivel-g10-wide-new-classic-rampone-pianta-larga-per-snowboard-e-telemark\/#breadcrumb\",\"itemListElement\":[{\"@type\":\"ListItem\",\"position\":1,\"name\":\"Home\",\"item\":\"https:\/\/www.sestogrado.it\/it\/\"},{\"@type\":\"ListItem\",\"position\":2,\"name\":\"Shop\",\"item\":\"https:\/\/www.sestogrado.it\/it\/shop\/\"},{\"@type\":\"ListItem\",\"position\":3,\"name\":\"Grivel G10 Wide New Classic EVO rampone pianta larga per snowboard e telemark\"}]},{\"@type\":\"WebSite\",\"@id\":\"https:\/\/www.sestogrado.it\/it\/#website\",\"url\":\"https:\/\/www.sestogrado.it\/it\/\",\"name\":\"Sestogrado\",\"description\":\"yes we climb\",\"publisher\":{\"@id\":\"https:\/\/www.sestogrado.it\/it\/#organization\"},\"potentialAction\":[{\"@type\":\"SearchAction\",\"target\":{\"@type\":\"EntryPoint\",\"urlTemplate\":\"https:\/\/www.sestogrado.it\/it\/?s={search_term_string}\"},\"query-input\":{\"@type\":\"PropertyValueSpecification\",\"valueRequired\":true,\"valueName\":\"search_term_string\"}}],\"inLanguage\":\"it-IT\"},{\"@type\":\"Organization\",\"@id\":\"https:\/\/www.sestogrado.it\/it\/#organization\",\"name\":\"Sestogrado\",\"url\":\"https:\/\/www.sestogrado.it\/it\/\",\"logo\":{\"@type\":\"ImageObject\",\"inLanguage\":\"it-IT\",\"@id\":\"https:\/\/www.sestogrado.it\/it\/#\/schema\/logo\/image\/\",\"url\":\"https:\/\/www.sestogrado.it\/wp-content\/uploads\/2015\/03\/sestogrado-favicon.png\",\"contentUrl\":\"https:\/\/www.sestogrado.it\/wp-content\/uploads\/2015\/03\/sestogrado-favicon.png\",\"width\":260,\"height\":260,\"caption\":\"Sestogrado\"},\"image\":{\"@id\":\"https:\/\/www.sestogrado.it\/it\/#\/schema\/logo\/image\/\"},\"sameAs\":[\"https:\/\/www.facebook.com\/pages\/Sestogrado\/1542635979353017?ref=bookmarks\",\"https:\/\/www.youtube.com\/channel\/UC847kAfTkaJsWpc1jtQwr3Q\"],\"hasMerchantReturnPolicy\":{\"@type\":\"MerchantReturnPolicy\",\"merchantReturnLink\":\"https:\/\/www.sestogrado.it\/it\/termini-e-condizioni\/\"}}]}<\/script>\n<meta property=\"product:brand\" content=\"Grivel\" \/>\n<meta property=\"product:price:amount\" content=\"109.00\" \/>\n<meta property=\"product:price:currency\" content=\"EUR\" \/>\n<meta property=\"og:availability\" content=\"out of stock\" \/>\n<meta property=\"product:availability\" content=\"out of stock\" \/>\n<meta property=\"product:condition\" content=\"new\" \/>\n<!-- \/ Yoast SEO plugin. -->","yoast_head_json":{"title":"Grivel G10 Wide New Classic EVO rampone pianta larga per snowboard e telemark - Sestogrado","description":"G10 wide \u00e8 il rampone concepito per chi pratica snowboard, telemark e tutte le attivit\u00e0 che richiedono l'uso di scarpe un po pi\u00f9 ingombranti. Possiede la parte anteriore pi\u00f9 larga di quella standard. Possiede 10 punte in acciaio, di cui 6 anteriori e 4 posteriori, non troppo lunghe che facilitano la camminata. Non ingombrante, \u00e8 comodo da trasportare nello zaino. Barretta flex al centro regolabile a seconda della misura della scarpa. Disponibile con attacco New-Matic Wide EVO e New-Classic Wide EVO. Dotato del famoso sistema\u00a0Antibott\u00a0proattivo Grivel sia nella parte anteriore che posteriore. La polivalenza \u00e8 il suo punto forte.","robots":{"index":"index","follow":"follow","max-snippet":"max-snippet:-1","max-image-preview":"max-image-preview:large","max-video-preview":"max-video-preview:-1"},"canonical":"https:\/\/www.sestogrado.it\/it\/prodotto\/grivel-g10-wide-new-classic-rampone-pianta-larga-per-snowboard-e-telemark\/","og_locale":"it_IT","og_type":"article","og_title":"Grivel G10 Wide New Classic EVO rampone pianta larga per snowboard e telemark - Sestogrado","og_description":"G10 wide \u00e8 il rampone concepito per chi pratica snowboard, telemark e tutte le attivit\u00e0 che richiedono l'uso di scarpe un po pi\u00f9 ingombranti. Possiede la parte anteriore pi\u00f9 larga di quella standard. Possiede 10 punte in acciaio, di cui 6 anteriori e 4 posteriori, non troppo lunghe che facilitano la camminata. Non ingombrante, \u00e8 comodo da trasportare nello zaino. Barretta flex al centro regolabile a seconda della misura della scarpa. Disponibile con attacco New-Matic Wide EVO e New-Classic Wide EVO. Dotato del famoso sistema\u00a0Antibott\u00a0proattivo Grivel sia nella parte anteriore che posteriore. La polivalenza \u00e8 il suo punto forte.","og_url":"https:\/\/www.sestogrado.it\/it\/prodotto\/grivel-g10-wide-new-classic-rampone-pianta-larga-per-snowboard-e-telemark\/","og_site_name":"Sestogrado","article_publisher":"https:\/\/www.facebook.com\/pages\/Sestogrado\/1542635979353017?ref=bookmarks","article_modified_time":"2026-03-13T09:47:58+00:00","og_image":[{"width":1400,"height":1400,"url":"https:\/\/www.sestogrado.it\/wp-content\/uploads\/2020\/10\/wide.jpg","type":"image\/jpeg"}],"twitter_misc":{"Prezzo":"&euro;&nbsp;109,00","Disponibilit\u00e0":"Esaurito"},"schema":{"@context":"https:\/\/schema.org","@graph":[{"@type":"WebPage","@id":"https:\/\/www.sestogrado.it\/it\/prodotto\/grivel-g10-wide-new-classic-rampone-pianta-larga-per-snowboard-e-telemark\/","url":"https:\/\/www.sestogrado.it\/it\/prodotto\/grivel-g10-wide-new-classic-rampone-pianta-larga-per-snowboard-e-telemark\/","name":"Grivel G10 Wide New Classic EVO rampone pianta larga per snowboard e telemark - Sestogrado","isPartOf":{"@id":"https:\/\/www.sestogrado.it\/it\/#website"},"primaryImageOfPage":{"@id":"https:\/\/www.sestogrado.it\/it\/prodotto\/grivel-g10-wide-new-classic-rampone-pianta-larga-per-snowboard-e-telemark\/#primaryimage"},"image":{"@id":"https:\/\/www.sestogrado.it\/prodotto\/grivel-g10-wide-new-classic-rampone-pianta-larga-per-snowboard-e-telemark\/#primaryimage"},"thumbnailUrl":"https:\/\/www.sestogrado.it\/wp-content\/uploads\/2020\/10\/wide.jpg","datePublished":"2020-10-01T14:16:31+00:00","dateModified":"2026-03-13T09:47:58+00:00","description":"G10 wide \u00e8 il rampone concepito per chi pratica snowboard, telemark e tutte le attivit\u00e0 che richiedono l'uso di scarpe un po pi\u00f9 ingombranti. Possiede la parte anteriore pi\u00f9 larga di quella standard. Possiede 10 punte in acciaio, di cui 6 anteriori e 4 posteriori, non troppo lunghe che facilitano la camminata. Non ingombrante, \u00e8 comodo da trasportare nello zaino. Barretta flex al centro regolabile a seconda della misura della scarpa. Disponibile con attacco New-Matic Wide EVO e New-Classic Wide EVO. Dotato del famoso sistema\u00a0Antibott\u00a0proattivo Grivel sia nella parte anteriore che posteriore. La polivalenza \u00e8 il suo punto forte.","breadcrumb":{"@id":"https:\/\/www.sestogrado.it\/it\/prodotto\/grivel-g10-wide-new-classic-rampone-pianta-larga-per-snowboard-e-telemark\/#breadcrumb"},"inLanguage":"it-IT","potentialAction":[{"@type":"ReadAction","target":[["https:\/\/www.sestogrado.it\/it\/prodotto\/grivel-g10-wide-new-classic-rampone-pianta-larga-per-snowboard-e-telemark\/"]]}]},{"@type":"ImageObject","inLanguage":"it-IT","@id":"https:\/\/www.sestogrado.it\/it\/prodotto\/grivel-g10-wide-new-classic-rampone-pianta-larga-per-snowboard-e-telemark\/#primaryimage","url":"https:\/\/www.sestogrado.it\/wp-content\/uploads\/2020\/10\/wide.jpg","contentUrl":"https:\/\/www.sestogrado.it\/wp-content\/uploads\/2020\/10\/wide.jpg","width":1400,"height":1400,"caption":"g10 wide"},{"@type":"BreadcrumbList","@id":"https:\/\/www.sestogrado.it\/it\/prodotto\/grivel-g10-wide-new-classic-rampone-pianta-larga-per-snowboard-e-telemark\/#breadcrumb","itemListElement":[{"@type":"ListItem","position":1,"name":"Home","item":"https:\/\/www.sestogrado.it\/it\/"},{"@type":"ListItem","position":2,"name":"Shop","item":"https:\/\/www.sestogrado.it\/it\/shop\/"},{"@type":"ListItem","position":3,"name":"Grivel G10 Wide New Classic EVO rampone pianta larga per snowboard e telemark"}]},{"@type":"WebSite","@id":"https:\/\/www.sestogrado.it\/it\/#website","url":"https:\/\/www.sestogrado.it\/it\/","name":"Sestogrado","description":"yes we climb","publisher":{"@id":"https:\/\/www.sestogrado.it\/it\/#organization"},"potentialAction":[{"@type":"SearchAction","target":{"@type":"EntryPoint","urlTemplate":"https:\/\/www.sestogrado.it\/it\/?s={search_term_string}"},"query-input":{"@type":"PropertyValueSpecification","valueRequired":true,"valueName":"search_term_string"}}],"inLanguage":"it-IT"},{"@type":"Organization","@id":"https:\/\/www.sestogrado.it\/it\/#organization","name":"Sestogrado","url":"https:\/\/www.sestogrado.it\/it\/","logo":{"@type":"ImageObject","inLanguage":"it-IT","@id":"https:\/\/www.sestogrado.it\/it\/#\/schema\/logo\/image\/","url":"https:\/\/www.sestogrado.it\/wp-content\/uploads\/2015\/03\/sestogrado-favicon.png","contentUrl":"https:\/\/www.sestogrado.it\/wp-content\/uploads\/2015\/03\/sestogrado-favicon.png","width":260,"height":260,"caption":"Sestogrado"},"image":{"@id":"https:\/\/www.sestogrado.it\/it\/#\/schema\/logo\/image\/"},"sameAs":["https:\/\/www.facebook.com\/pages\/Sestogrado\/1542635979353017?ref=bookmarks","https:\/\/www.youtube.com\/channel\/UC847kAfTkaJsWpc1jtQwr3Q"],"hasMerchantReturnPolicy":{"@type":"MerchantReturnPolicy","merchantReturnLink":"https:\/\/www.sestogrado.it\/it\/termini-e-condizioni\/"}}]},"product_brand":"Grivel","product_price_amount":"109.00","product_price_currency":"EUR","og_availability":"out of stock","product_availability":"out of stock","product_condition":"new"},"_links":{"self":[{"href":"https:\/\/www.sestogrado.it\/it\/wp-json\/wp\/v2\/product\/41857","targetHints":{"allow":["GET"]}}],"collection":[{"href":"https:\/\/www.sestogrado.it\/it\/wp-json\/wp\/v2\/product"}],"about":[{"href":"https:\/\/www.sestogrado.it\/it\/wp-json\/wp\/v2\/types\/product"}],"replies":[{"embeddable":true,"href":"https:\/\/www.sestogrado.it\/it\/wp-json\/wp\/v2\/comments?post=41857"}],"wp:featuredmedia":[{"embeddable":true,"href":"https:\/\/www.sestogrado.it\/it\/wp-json\/wp\/v2\/media\/181650"}],"wp:attachment":[{"href":"https:\/\/www.sestogrado.it\/it\/wp-json\/wp\/v2\/media?parent=41857"}],"wp:term":[{"taxonomy":"product_brand","embeddable":true,"href":"https:\/\/www.sestogrado.it\/it\/wp-json\/wp\/v2\/product_brand?post=41857"},{"taxonomy":"product_cat","embeddable":true,"href":"https:\/\/www.sestogrado.it\/it\/wp-json\/wp\/v2\/product_cat?post=41857"},{"taxonomy":"product_tag","embeddable":true,"href":"https:\/\/www.sestogrado.it\/it\/wp-json\/wp\/v2\/product_tag?post=41857"}],"curies":[{"name":"wp","href":"https:\/\/api.w.org\/{rel}","templated":true}]}}