{"id":41783,"date":"2020-09-30T15:56:08","date_gmt":"2020-09-30T13:56:08","guid":{"rendered":"https:\/\/www.sestogrado.it\/?post_type=product&#038;p=41783"},"modified":"2026-01-31T18:14:04","modified_gmt":"2026-01-31T17:14:04","slug":"camp-k-warm-guanti-da-alpinismo","status":"publish","type":"product","link":"https:\/\/www.sestogrado.it\/it\/prodotto\/camp-k-warm-guanti-da-alpinismo\/","title":{"rendered":"Camp K Warm guanti da alpinismo"},"content":{"rendered":"<p>I Camp K Warm sono dei guanti imbottiti che offrono massima ergonomia, libert\u00e0 di movimento, grip e sensibilit\u00e0. L&#8217;innovativa costruzione 3-D Knitting Technology, con una cucitura particolarmente precisa, offre una qualit\u00e0 ed una sensibilit\u00e0 senza precedenti.\u00a0La membrana impermeabile e traspirante DRYZONE\u00ae e l&#8217;imbottitura in PrimaLoft\u00ae Gold 60 g\/m2 garantiscono la protezione dal freddo e dall&#8217;umidit\u00e0. La sensazione di calore \u00e8 incrementata dalla morbida fodera interna. Gli inserti in silicone sul palmo assicurano una presa salda e sicura in ogni situazione.<\/p>\n<ul>\n<li>Guanto imbottito che assicura massima ergonomia, libert\u00e0 di movimento e sensibilit\u00e0<\/li>\n<li>Innovativa costruzione 3-D Knitting Technology<\/li>\n<li>Membrana DRYZONE\u00ae impermeabile e traspirante<\/li>\n<li>Imbottitura in PrimaLoft\u00ae Gold 60 g\/m2<\/li>\n<li>Morbida fodera interna che aumenta la sensazione di calore<\/li>\n<li>Inserti in silicone sul palmo per un grip eccezionale<\/li>\n<li>Pollice e indice touch screen<\/li>\n<li>Polsino elastico per una calzata perfetta<\/li>\n<li>Polso con lacciolo<\/li>\n<\/ul>\n<p>&nbsp;<\/p>\n<p>I Camp K Warm forniscono calore ed isolamento, ideali per alpinismo, scialpinismo, escursionismo e tutte quelle attivit\u00e0 che richiedono eccellente isolamento termico e prensilit\u00e0.<\/p>\n<p><img decoding=\"async\" class=\" wp-image-41785 img-fluid alignnone\" src=\"https:\/\/www.sestogrado.it\/wp-content\/uploads\/2020\/09\/tipo.jpg\" alt=\"k warm\" width=\"527\" height=\"176\" srcset=\"https:\/\/www.sestogrado.it\/wp-content\/uploads\/2020\/09\/tipo.jpg 800w, https:\/\/www.sestogrado.it\/wp-content\/uploads\/2020\/09\/tipo-750x250.jpg 750w, https:\/\/www.sestogrado.it\/wp-content\/uploads\/2020\/09\/tipo-300x100.jpg 300w, https:\/\/www.sestogrado.it\/wp-content\/uploads\/2020\/09\/tipo-768x256.jpg 768w, https:\/\/www.sestogrado.it\/wp-content\/uploads\/2020\/09\/tipo-635x212.jpg 635w, https:\/\/www.sestogrado.it\/wp-content\/uploads\/2020\/09\/tipo-64x21.jpg 64w, https:\/\/www.sestogrado.it\/wp-content\/uploads\/2020\/09\/tipo-160x53.jpg 160w\" sizes=\"(max-width: 527px) 100vw, 527px\" \/><\/p>\n<p>Come scegliere la taglia:<\/p>\n<p><img decoding=\"async\" class=\"size-full wp-image-23609 img-fluid alignnone\" src=\"https:\/\/www.sestogrado.it\/wp-content\/uploads\/2019\/10\/mano.png\" alt=\"mano\" width=\"300\" height=\"300\" srcset=\"https:\/\/www.sestogrado.it\/wp-content\/uploads\/2019\/10\/mano.png 300w, https:\/\/www.sestogrado.it\/wp-content\/uploads\/2019\/10\/mano-100x100.png 100w, https:\/\/www.sestogrado.it\/wp-content\/uploads\/2019\/10\/mano-220x220.png 220w, https:\/\/www.sestogrado.it\/wp-content\/uploads\/2019\/10\/mano-150x150.png 150w, https:\/\/www.sestogrado.it\/wp-content\/uploads\/2019\/10\/mano-45x45.png 45w, https:\/\/www.sestogrado.it\/wp-content\/uploads\/2019\/10\/mano-64x64.png 64w, https:\/\/www.sestogrado.it\/wp-content\/uploads\/2019\/10\/mano-80x80.png 80w\" sizes=\"(max-width: 300px) 100vw, 300px\" \/><\/p>\n<p>&nbsp;<\/p>\n<p>S fino a 21cm<\/p>\n<p>M 21-23cm<\/p>\n<p>L 23-24cm<\/p>\n<p>XL 24-25.cm<\/p>\n<p>XXL 25-26cm<\/p>\n<p>XXXL oltre 26cm<\/p>\n<p>Passione, lavoro e semplicit\u00e0 sono alcune delle parole chiave che da sempre hanno contraddistinto il modo di essere di C.A.M.P. Fondata nel 1889 a Premana, paese dell\u2019alta Valsassina dove tutt\u2019oggi ha la sua sede, C.A.M.P. realizza prodotti che aiutano a realizzare i sogni ed i progetti di tutti coloro che frequentano la montagna.<\/p>","protected":false},"excerpt":{"rendered":"<p>I Camp K Warm sono dei guanti imbottiti che offrono massima ergonomia, libert\u00e0 di movimento, grip e sensibilit\u00e0. L&#8217;innovativa costruzione [&hellip;]<\/p>\n","protected":false},"featured_media":41786,"comment_status":"open","ping_status":"closed","template":"","meta":{"_acf_changed":false},"product_brand":[31],"product_cat":[1427,1428],"product_tag":[],"class_list":{"0":"post-41783","1":"product","2":"type-product","3":"status-publish","4":"has-post-thumbnail","6":"product_brand-camp","7":"product_cat-outdoor","8":"product_cat-guanti-da-alpinismo","10":"first","11":"instock","12":"sale","13":"taxable","14":"shipping-taxable","15":"purchasable","16":"product-type-variable"},"acf":[],"yoast_head":"<!-- This site is optimized with the Yoast SEO plugin v26.4 - https:\/\/yoast.com\/wordpress\/plugins\/seo\/ -->\n<title>Camp K Warm guanti da alpinismo - Sestogrado<\/title>\n<meta name=\"description\" content=\"I Camp K Warm sono dei guanti imbottiti che offrono massima ergonomia, libert\u00e0 di movimento, grip e sensibilit\u00e0. L&#039;innovativa costruzione 3-D Knitting Technology, con una cucitura particolarmente precisa, offre una qualit\u00e0 ed una sensibilit\u00e0 senza precedenti.\u00a0La membrana impermeabile e traspirante DRYZONE\u00ae e l&#039;imbottitura in PrimaLoft\u00ae Gold 60 g\/m2 garantiscono la protezione dal freddo e dall&#039;umidit\u00e0. La sensazione di calore \u00e8 incrementata dalla morbida fodera interna. Gli inserti in silicone sul palmo assicurano una presa salda e sicura in ogni situazione.\" \/>\n<meta name=\"robots\" content=\"index, follow, max-snippet:-1, max-image-preview:large, max-video-preview:-1\" \/>\n<link rel=\"canonical\" href=\"https:\/\/www.sestogrado.it\/it\/prodotto\/camp-k-warm-guanti-da-alpinismo\/\" \/>\n<meta property=\"og:locale\" content=\"it_IT\" \/>\n<meta property=\"og:type\" content=\"article\" \/>\n<meta property=\"og:title\" content=\"Camp K Warm guanti da alpinismo - Sestogrado\" \/>\n<meta property=\"og:description\" content=\"I Camp K Warm sono dei guanti imbottiti che offrono massima ergonomia, libert\u00e0 di movimento, grip e sensibilit\u00e0. L&#039;innovativa costruzione 3-D Knitting Technology, con una cucitura particolarmente precisa, offre una qualit\u00e0 ed una sensibilit\u00e0 senza precedenti.\u00a0La membrana impermeabile e traspirante DRYZONE\u00ae e l&#039;imbottitura in PrimaLoft\u00ae Gold 60 g\/m2 garantiscono la protezione dal freddo e dall&#039;umidit\u00e0. La sensazione di calore \u00e8 incrementata dalla morbida fodera interna. Gli inserti in silicone sul palmo assicurano una presa salda e sicura in ogni situazione.\" \/>\n<meta property=\"og:url\" content=\"https:\/\/www.sestogrado.it\/it\/prodotto\/camp-k-warm-guanti-da-alpinismo\/\" \/>\n<meta property=\"og:site_name\" content=\"Sestogrado\" \/>\n<meta property=\"article:publisher\" content=\"https:\/\/www.facebook.com\/pages\/Sestogrado\/1542635979353017?ref=bookmarks\" \/>\n<meta property=\"article:modified_time\" content=\"2026-01-31T17:14:04+00:00\" \/>\n<meta property=\"og:image\" content=\"https:\/\/www.sestogrado.it\/wp-content\/uploads\/2020\/09\/1-2995-K-WARM-20.jpg\" \/>\n\t<meta property=\"og:image:width\" content=\"1024\" \/>\n\t<meta property=\"og:image:height\" content=\"1024\" \/>\n\t<meta property=\"og:image:type\" content=\"image\/jpeg\" \/>\n<meta name=\"twitter:label1\" content=\"Disponibilit\u00e0\" \/>\n\t<meta name=\"twitter:data1\" content=\"In stock\" \/>\n<script type=\"application\/ld+json\" class=\"yoast-schema-graph\">{\"@context\":\"https:\/\/schema.org\",\"@graph\":[{\"@type\":\"WebPage\",\"@id\":\"https:\/\/www.sestogrado.it\/it\/prodotto\/camp-k-warm-guanti-da-alpinismo\/\",\"url\":\"https:\/\/www.sestogrado.it\/it\/prodotto\/camp-k-warm-guanti-da-alpinismo\/\",\"name\":\"Camp K Warm guanti da alpinismo - Sestogrado\",\"isPartOf\":{\"@id\":\"https:\/\/www.sestogrado.it\/it\/#website\"},\"primaryImageOfPage\":{\"@id\":\"https:\/\/www.sestogrado.it\/it\/prodotto\/camp-k-warm-guanti-da-alpinismo\/#primaryimage\"},\"image\":{\"@id\":\"https:\/\/www.sestogrado.it\/prodotto\/camp-k-warm-guanti-da-alpinismo\/#primaryimage\"},\"thumbnailUrl\":\"https:\/\/www.sestogrado.it\/wp-content\/uploads\/2020\/09\/1-2995-K-WARM-20.jpg\",\"datePublished\":\"2020-09-30T13:56:08+00:00\",\"dateModified\":\"2026-01-31T17:14:04+00:00\",\"description\":\"I Camp K Warm sono dei guanti imbottiti che offrono massima ergonomia, libert\u00e0 di movimento, grip e sensibilit\u00e0. L'innovativa costruzione 3-D Knitting Technology, con una cucitura particolarmente precisa, offre una qualit\u00e0 ed una sensibilit\u00e0 senza precedenti.\u00a0La membrana impermeabile e traspirante DRYZONE\u00ae e l'imbottitura in PrimaLoft\u00ae Gold 60 g\/m2 garantiscono la protezione dal freddo e dall'umidit\u00e0. La sensazione di calore \u00e8 incrementata dalla morbida fodera interna. Gli inserti in silicone sul palmo assicurano una presa salda e sicura in ogni situazione.\",\"breadcrumb\":{\"@id\":\"https:\/\/www.sestogrado.it\/it\/prodotto\/camp-k-warm-guanti-da-alpinismo\/#breadcrumb\"},\"inLanguage\":\"it-IT\",\"potentialAction\":[{\"@type\":\"ReadAction\",\"target\":[[\"https:\/\/www.sestogrado.it\/it\/prodotto\/camp-k-warm-guanti-da-alpinismo\/\"]]}]},{\"@type\":\"ImageObject\",\"inLanguage\":\"it-IT\",\"@id\":\"https:\/\/www.sestogrado.it\/it\/prodotto\/camp-k-warm-guanti-da-alpinismo\/#primaryimage\",\"url\":\"https:\/\/www.sestogrado.it\/wp-content\/uploads\/2020\/09\/1-2995-K-WARM-20.jpg\",\"contentUrl\":\"https:\/\/www.sestogrado.it\/wp-content\/uploads\/2020\/09\/1-2995-K-WARM-20.jpg\",\"width\":1024,\"height\":1024,\"caption\":\"camp k warm\"},{\"@type\":\"BreadcrumbList\",\"@id\":\"https:\/\/www.sestogrado.it\/it\/prodotto\/camp-k-warm-guanti-da-alpinismo\/#breadcrumb\",\"itemListElement\":[{\"@type\":\"ListItem\",\"position\":1,\"name\":\"Home\",\"item\":\"https:\/\/www.sestogrado.it\/it\/\"},{\"@type\":\"ListItem\",\"position\":2,\"name\":\"Shop\",\"item\":\"https:\/\/www.sestogrado.it\/it\/shop\/\"},{\"@type\":\"ListItem\",\"position\":3,\"name\":\"Camp K Warm guanti da alpinismo\"}]},{\"@type\":\"WebSite\",\"@id\":\"https:\/\/www.sestogrado.it\/it\/#website\",\"url\":\"https:\/\/www.sestogrado.it\/it\/\",\"name\":\"Sestogrado\",\"description\":\"yes we climb\",\"publisher\":{\"@id\":\"https:\/\/www.sestogrado.it\/it\/#organization\"},\"potentialAction\":[{\"@type\":\"SearchAction\",\"target\":{\"@type\":\"EntryPoint\",\"urlTemplate\":\"https:\/\/www.sestogrado.it\/it\/?s={search_term_string}\"},\"query-input\":{\"@type\":\"PropertyValueSpecification\",\"valueRequired\":true,\"valueName\":\"search_term_string\"}}],\"inLanguage\":\"it-IT\"},{\"@type\":\"Organization\",\"@id\":\"https:\/\/www.sestogrado.it\/it\/#organization\",\"name\":\"Sestogrado\",\"url\":\"https:\/\/www.sestogrado.it\/it\/\",\"logo\":{\"@type\":\"ImageObject\",\"inLanguage\":\"it-IT\",\"@id\":\"https:\/\/www.sestogrado.it\/it\/#\/schema\/logo\/image\/\",\"url\":\"https:\/\/www.sestogrado.it\/wp-content\/uploads\/2015\/03\/sestogrado-favicon.png\",\"contentUrl\":\"https:\/\/www.sestogrado.it\/wp-content\/uploads\/2015\/03\/sestogrado-favicon.png\",\"width\":260,\"height\":260,\"caption\":\"Sestogrado\"},\"image\":{\"@id\":\"https:\/\/www.sestogrado.it\/it\/#\/schema\/logo\/image\/\"},\"sameAs\":[\"https:\/\/www.facebook.com\/pages\/Sestogrado\/1542635979353017?ref=bookmarks\",\"https:\/\/www.youtube.com\/channel\/UC847kAfTkaJsWpc1jtQwr3Q\"],\"hasMerchantReturnPolicy\":{\"@type\":\"MerchantReturnPolicy\",\"merchantReturnLink\":\"https:\/\/www.sestogrado.it\/it\/termini-e-condizioni\/\"}}]}<\/script>\n<meta property=\"product:brand\" content=\"Camp\" \/>\n<meta property=\"og:availability\" content=\"instock\" \/>\n<meta property=\"product:availability\" content=\"instock\" \/>\n<meta property=\"product:condition\" content=\"new\" \/>\n<!-- \/ Yoast SEO plugin. -->","yoast_head_json":{"title":"Camp K Warm guanti da alpinismo - Sestogrado","description":"I Camp K Warm sono dei guanti imbottiti che offrono massima ergonomia, libert\u00e0 di movimento, grip e sensibilit\u00e0. L'innovativa costruzione 3-D Knitting Technology, con una cucitura particolarmente precisa, offre una qualit\u00e0 ed una sensibilit\u00e0 senza precedenti.\u00a0La membrana impermeabile e traspirante DRYZONE\u00ae e l'imbottitura in PrimaLoft\u00ae Gold 60 g\/m2 garantiscono la protezione dal freddo e dall'umidit\u00e0. La sensazione di calore \u00e8 incrementata dalla morbida fodera interna. Gli inserti in silicone sul palmo assicurano una presa salda e sicura in ogni situazione.","robots":{"index":"index","follow":"follow","max-snippet":"max-snippet:-1","max-image-preview":"max-image-preview:large","max-video-preview":"max-video-preview:-1"},"canonical":"https:\/\/www.sestogrado.it\/it\/prodotto\/camp-k-warm-guanti-da-alpinismo\/","og_locale":"it_IT","og_type":"article","og_title":"Camp K Warm guanti da alpinismo - Sestogrado","og_description":"I Camp K Warm sono dei guanti imbottiti che offrono massima ergonomia, libert\u00e0 di movimento, grip e sensibilit\u00e0. L'innovativa costruzione 3-D Knitting Technology, con una cucitura particolarmente precisa, offre una qualit\u00e0 ed una sensibilit\u00e0 senza precedenti.\u00a0La membrana impermeabile e traspirante DRYZONE\u00ae e l'imbottitura in PrimaLoft\u00ae Gold 60 g\/m2 garantiscono la protezione dal freddo e dall'umidit\u00e0. La sensazione di calore \u00e8 incrementata dalla morbida fodera interna. Gli inserti in silicone sul palmo assicurano una presa salda e sicura in ogni situazione.","og_url":"https:\/\/www.sestogrado.it\/it\/prodotto\/camp-k-warm-guanti-da-alpinismo\/","og_site_name":"Sestogrado","article_publisher":"https:\/\/www.facebook.com\/pages\/Sestogrado\/1542635979353017?ref=bookmarks","article_modified_time":"2026-01-31T17:14:04+00:00","og_image":[{"width":1024,"height":1024,"url":"https:\/\/www.sestogrado.it\/wp-content\/uploads\/2020\/09\/1-2995-K-WARM-20.jpg","type":"image\/jpeg"}],"twitter_misc":{"Disponibilit\u00e0":"In stock"},"schema":{"@context":"https:\/\/schema.org","@graph":[{"@type":"WebPage","@id":"https:\/\/www.sestogrado.it\/it\/prodotto\/camp-k-warm-guanti-da-alpinismo\/","url":"https:\/\/www.sestogrado.it\/it\/prodotto\/camp-k-warm-guanti-da-alpinismo\/","name":"Camp K Warm guanti da alpinismo - Sestogrado","isPartOf":{"@id":"https:\/\/www.sestogrado.it\/it\/#website"},"primaryImageOfPage":{"@id":"https:\/\/www.sestogrado.it\/it\/prodotto\/camp-k-warm-guanti-da-alpinismo\/#primaryimage"},"image":{"@id":"https:\/\/www.sestogrado.it\/prodotto\/camp-k-warm-guanti-da-alpinismo\/#primaryimage"},"thumbnailUrl":"https:\/\/www.sestogrado.it\/wp-content\/uploads\/2020\/09\/1-2995-K-WARM-20.jpg","datePublished":"2020-09-30T13:56:08+00:00","dateModified":"2026-01-31T17:14:04+00:00","description":"I Camp K Warm sono dei guanti imbottiti che offrono massima ergonomia, libert\u00e0 di movimento, grip e sensibilit\u00e0. L'innovativa costruzione 3-D Knitting Technology, con una cucitura particolarmente precisa, offre una qualit\u00e0 ed una sensibilit\u00e0 senza precedenti.\u00a0La membrana impermeabile e traspirante DRYZONE\u00ae e l'imbottitura in PrimaLoft\u00ae Gold 60 g\/m2 garantiscono la protezione dal freddo e dall'umidit\u00e0. La sensazione di calore \u00e8 incrementata dalla morbida fodera interna. Gli inserti in silicone sul palmo assicurano una presa salda e sicura in ogni situazione.","breadcrumb":{"@id":"https:\/\/www.sestogrado.it\/it\/prodotto\/camp-k-warm-guanti-da-alpinismo\/#breadcrumb"},"inLanguage":"it-IT","potentialAction":[{"@type":"ReadAction","target":[["https:\/\/www.sestogrado.it\/it\/prodotto\/camp-k-warm-guanti-da-alpinismo\/"]]}]},{"@type":"ImageObject","inLanguage":"it-IT","@id":"https:\/\/www.sestogrado.it\/it\/prodotto\/camp-k-warm-guanti-da-alpinismo\/#primaryimage","url":"https:\/\/www.sestogrado.it\/wp-content\/uploads\/2020\/09\/1-2995-K-WARM-20.jpg","contentUrl":"https:\/\/www.sestogrado.it\/wp-content\/uploads\/2020\/09\/1-2995-K-WARM-20.jpg","width":1024,"height":1024,"caption":"camp k warm"},{"@type":"BreadcrumbList","@id":"https:\/\/www.sestogrado.it\/it\/prodotto\/camp-k-warm-guanti-da-alpinismo\/#breadcrumb","itemListElement":[{"@type":"ListItem","position":1,"name":"Home","item":"https:\/\/www.sestogrado.it\/it\/"},{"@type":"ListItem","position":2,"name":"Shop","item":"https:\/\/www.sestogrado.it\/it\/shop\/"},{"@type":"ListItem","position":3,"name":"Camp K Warm guanti da alpinismo"}]},{"@type":"WebSite","@id":"https:\/\/www.sestogrado.it\/it\/#website","url":"https:\/\/www.sestogrado.it\/it\/","name":"Sestogrado","description":"yes we climb","publisher":{"@id":"https:\/\/www.sestogrado.it\/it\/#organization"},"potentialAction":[{"@type":"SearchAction","target":{"@type":"EntryPoint","urlTemplate":"https:\/\/www.sestogrado.it\/it\/?s={search_term_string}"},"query-input":{"@type":"PropertyValueSpecification","valueRequired":true,"valueName":"search_term_string"}}],"inLanguage":"it-IT"},{"@type":"Organization","@id":"https:\/\/www.sestogrado.it\/it\/#organization","name":"Sestogrado","url":"https:\/\/www.sestogrado.it\/it\/","logo":{"@type":"ImageObject","inLanguage":"it-IT","@id":"https:\/\/www.sestogrado.it\/it\/#\/schema\/logo\/image\/","url":"https:\/\/www.sestogrado.it\/wp-content\/uploads\/2015\/03\/sestogrado-favicon.png","contentUrl":"https:\/\/www.sestogrado.it\/wp-content\/uploads\/2015\/03\/sestogrado-favicon.png","width":260,"height":260,"caption":"Sestogrado"},"image":{"@id":"https:\/\/www.sestogrado.it\/it\/#\/schema\/logo\/image\/"},"sameAs":["https:\/\/www.facebook.com\/pages\/Sestogrado\/1542635979353017?ref=bookmarks","https:\/\/www.youtube.com\/channel\/UC847kAfTkaJsWpc1jtQwr3Q"],"hasMerchantReturnPolicy":{"@type":"MerchantReturnPolicy","merchantReturnLink":"https:\/\/www.sestogrado.it\/it\/termini-e-condizioni\/"}}]},"product_brand":"Camp","og_availability":"instock","product_availability":"instock","product_condition":"new"},"_links":{"self":[{"href":"https:\/\/www.sestogrado.it\/it\/wp-json\/wp\/v2\/product\/41783","targetHints":{"allow":["GET"]}}],"collection":[{"href":"https:\/\/www.sestogrado.it\/it\/wp-json\/wp\/v2\/product"}],"about":[{"href":"https:\/\/www.sestogrado.it\/it\/wp-json\/wp\/v2\/types\/product"}],"replies":[{"embeddable":true,"href":"https:\/\/www.sestogrado.it\/it\/wp-json\/wp\/v2\/comments?post=41783"}],"wp:featuredmedia":[{"embeddable":true,"href":"https:\/\/www.sestogrado.it\/it\/wp-json\/wp\/v2\/media\/41786"}],"wp:attachment":[{"href":"https:\/\/www.sestogrado.it\/it\/wp-json\/wp\/v2\/media?parent=41783"}],"wp:term":[{"taxonomy":"product_brand","embeddable":true,"href":"https:\/\/www.sestogrado.it\/it\/wp-json\/wp\/v2\/product_brand?post=41783"},{"taxonomy":"product_cat","embeddable":true,"href":"https:\/\/www.sestogrado.it\/it\/wp-json\/wp\/v2\/product_cat?post=41783"},{"taxonomy":"product_tag","embeddable":true,"href":"https:\/\/www.sestogrado.it\/it\/wp-json\/wp\/v2\/product_tag?post=41783"}],"curies":[{"name":"wp","href":"https:\/\/api.w.org\/{rel}","templated":true}]}}