{"id":41761,"date":"2020-09-29T11:32:22","date_gmt":"2020-09-29T09:32:22","guid":{"rendered":"https:\/\/www.sestogrado.it\/?post_type=product&#038;p=41761"},"modified":"2026-04-07T11:57:42","modified_gmt":"2026-04-07T09:57:42","slug":"camp-tempest-mitt-evo-moffola-imbottita-isolante-impermeabile","status":"publish","type":"product","link":"https:\/\/www.sestogrado.it\/it\/prodotto\/camp-tempest-mitt-evo-moffola-imbottita-isolante-impermeabile\/","title":{"rendered":"Camp Tempest Mitt Evo moffola imbottita isolante impermeabile"},"content":{"rendered":"<p>Il Camp Tempest Mitt Evo \u00e8 una moffola imbottita dotata di flap che consentono di scoprire le dita (compreso il pollice) per compiere operazioni di precisione. Il sistema \u00e8 pratico e veloce, con dei piccoli magneti che permettono di fissare le coperture, quando aperte, al dorso della moffola. Il leggero tessuto esterno, altamente resistente agli agenti atmosferici, \u00e8 combinato con un&#8217;imbottitura differenziata, ottimizzata per ciascuna zona della mano. Il sistema Open-Close migliora l\u2019isolamento termico e permette di chiudere e aprire il polso con estrema facilit\u00e0 in ogni condizione. Il palmo \u00e8 rinforzato per garantire grip e durata e l&#8217;interno \u00e8 caratterizzato da una morbida fodera che aumenta la sensazione di calore.<\/p>\n<p>\u2022 Moffola imbottita che permette di scoprire le dita (compreso il pollice) per compiere operazioni di precisione<br \/>\n\u2022 Piccoli magneti per fissare al dorso della moffola le coperture delle dita quando aperte<br \/>\n\u2022 Sistema Open-Close che migliora l\u2019isolamento termico e permette di chiudere e aprire il polso con estrema facilit\u00e0 in ogni condizione<br \/>\n\u2022 Palmo rinforzato con tessuto che garantisce grip e durata<br \/>\n\u2022 Esterno in tessuto leggero, resistente agli agenti atmosferici<br \/>\n\u2022 Morbida fodera interna che aumenta la sensazione di calore<br \/>\n\u2022 Imbottitura in PrimaLoft\u00ae Gold 200 g\/m2 sul dorso, PrimaLoft\u00ae Gold 100 g\/m2 sul palmo e PrimaLoft\u00ae Gold 160 g\/m2 sul pollice<br \/>\n\u2022 Inserto tergi sudore in tessuto assorbente sul pollice<br \/>\n\u2022 Polso con lacciolo e fibbie per unire le moffole tra loro<br \/>\n\u2022 Sacchetto-custodia incluso<\/p>\n<p>&nbsp;<\/p>\n<p>Il Camp Tempest Mitt Evo \u00e8 una moffola con isolamento termico massimo, in grado di affrontare i climi pi\u00f9 estremi.\u00a0Ideale per alpinismo, scialpinismo, escursionismo su nevai e ghiacciai.<\/p>\n<p><img decoding=\"async\" class=\" wp-image-24145 img-fluid alignnone\" src=\"https:\/\/www.sestogrado.it\/wp-content\/uploads\/2019\/11\/service.jpg\" alt=\"tempest mitt\" width=\"546\" height=\"182\" srcset=\"https:\/\/www.sestogrado.it\/wp-content\/uploads\/2019\/11\/service.jpg 900w, https:\/\/www.sestogrado.it\/wp-content\/uploads\/2019\/11\/service-750x250.jpg 750w, https:\/\/www.sestogrado.it\/wp-content\/uploads\/2019\/11\/service-300x100.jpg 300w, https:\/\/www.sestogrado.it\/wp-content\/uploads\/2019\/11\/service-768x256.jpg 768w, https:\/\/www.sestogrado.it\/wp-content\/uploads\/2019\/11\/service-635x212.jpg 635w, https:\/\/www.sestogrado.it\/wp-content\/uploads\/2019\/11\/service-64x21.jpg 64w, https:\/\/www.sestogrado.it\/wp-content\/uploads\/2019\/11\/service-160x53.jpg 160w\" sizes=\"(max-width: 546px) 100vw, 546px\" \/><\/p>\n<p>Passione, lavoro e semplicit\u00e0 sono alcune delle parole chiave che da sempre hanno contraddistinto il modo di essere di C.A.M.P. Fondata nel 1889 a Premana, paese dell\u2019alta Valsassina dove tutt\u2019oggi ha la sua sede, C.A.M.P. realizza prodotti che aiutano a realizzare i sogni ed i progetti di tutti coloro che frequentano la montagna.<\/p>","protected":false},"excerpt":{"rendered":"<p>Il Camp Tempest Mitt Evo \u00e8 una moffola imbottita dotata di flap che consentono di scoprire le dita (compreso il [&hellip;]<\/p>\n","protected":false},"featured_media":41766,"comment_status":"open","ping_status":"closed","template":"","meta":{"_acf_changed":false},"product_brand":[31],"product_cat":[1429],"product_tag":[],"class_list":{"0":"post-41761","1":"product","2":"type-product","3":"status-publish","4":"has-post-thumbnail","6":"product_brand-camp","7":"product_cat-hot","9":"first","10":"instock","11":"sale","12":"taxable","13":"shipping-taxable","14":"purchasable","15":"product-type-variable"},"acf":[],"yoast_head":"<!-- This site is optimized with the Yoast SEO plugin v26.4 - https:\/\/yoast.com\/wordpress\/plugins\/seo\/ -->\n<title>Camp Tempest Mitt Evo moffola imbottita isolante impermeabile - Sestogrado<\/title>\n<meta name=\"description\" content=\"Il Camp Tempest Mitt Evo \u00e8 una moffola imbottita dotata di flap che consentono di scoprire le dita (compreso il pollice) per compiere operazioni di precisione. Il sistema \u00e8 pratico e veloce, con dei piccoli magneti che permettono di fissare le coperture, quando aperte, al dorso della moffola. Il leggero tessuto esterno, altamente resistente agli agenti atmosferici, \u00e8 combinato con un&#039;imbottitura differenziata, ottimizzata per ciascuna zona della mano. Il sistema Open-Close migliora l\u2019isolamento termico e permette di chiudere e aprire il polso con estrema facilit\u00e0 in ogni condizione. Il palmo \u00e8 rinforzato per garantire grip e durata e l&#039;interno \u00e8 caratterizzato da una morbida fodera che aumenta la sensazione di calore.\" \/>\n<meta name=\"robots\" content=\"index, follow, max-snippet:-1, max-image-preview:large, max-video-preview:-1\" \/>\n<link rel=\"canonical\" href=\"https:\/\/www.sestogrado.it\/it\/prodotto\/camp-tempest-mitt-evo-moffola-imbottita-isolante-impermeabile\/\" \/>\n<meta property=\"og:locale\" content=\"it_IT\" \/>\n<meta property=\"og:type\" content=\"article\" \/>\n<meta property=\"og:title\" content=\"Camp Tempest Mitt Evo moffola imbottita isolante impermeabile - Sestogrado\" \/>\n<meta property=\"og:description\" content=\"Il Camp Tempest Mitt Evo \u00e8 una moffola imbottita dotata di flap che consentono di scoprire le dita (compreso il pollice) per compiere operazioni di precisione. Il sistema \u00e8 pratico e veloce, con dei piccoli magneti che permettono di fissare le coperture, quando aperte, al dorso della moffola. Il leggero tessuto esterno, altamente resistente agli agenti atmosferici, \u00e8 combinato con un&#039;imbottitura differenziata, ottimizzata per ciascuna zona della mano. Il sistema Open-Close migliora l\u2019isolamento termico e permette di chiudere e aprire il polso con estrema facilit\u00e0 in ogni condizione. Il palmo \u00e8 rinforzato per garantire grip e durata e l&#039;interno \u00e8 caratterizzato da una morbida fodera che aumenta la sensazione di calore.\" \/>\n<meta property=\"og:url\" content=\"https:\/\/www.sestogrado.it\/it\/prodotto\/camp-tempest-mitt-evo-moffola-imbottita-isolante-impermeabile\/\" \/>\n<meta property=\"og:site_name\" content=\"Sestogrado\" \/>\n<meta property=\"article:publisher\" content=\"https:\/\/www.facebook.com\/pages\/Sestogrado\/1542635979353017?ref=bookmarks\" \/>\n<meta property=\"article:modified_time\" content=\"2026-04-07T09:57:42+00:00\" \/>\n<meta property=\"og:image\" content=\"https:\/\/www.sestogrado.it\/wp-content\/uploads\/2020\/09\/01-14.jpg\" \/>\n\t<meta property=\"og:image:width\" content=\"1600\" \/>\n\t<meta property=\"og:image:height\" content=\"1600\" \/>\n\t<meta property=\"og:image:type\" content=\"image\/jpeg\" \/>\n<meta name=\"twitter:label1\" content=\"Disponibilit\u00e0\" \/>\n\t<meta name=\"twitter:data1\" content=\"In stock\" \/>\n<script type=\"application\/ld+json\" class=\"yoast-schema-graph\">{\"@context\":\"https:\/\/schema.org\",\"@graph\":[{\"@type\":\"WebPage\",\"@id\":\"https:\/\/www.sestogrado.it\/it\/prodotto\/camp-tempest-mitt-evo-moffola-imbottita-isolante-impermeabile\/\",\"url\":\"https:\/\/www.sestogrado.it\/it\/prodotto\/camp-tempest-mitt-evo-moffola-imbottita-isolante-impermeabile\/\",\"name\":\"Camp Tempest Mitt Evo moffola imbottita isolante impermeabile - Sestogrado\",\"isPartOf\":{\"@id\":\"https:\/\/www.sestogrado.it\/it\/#website\"},\"primaryImageOfPage\":{\"@id\":\"https:\/\/www.sestogrado.it\/it\/prodotto\/camp-tempest-mitt-evo-moffola-imbottita-isolante-impermeabile\/#primaryimage\"},\"image\":{\"@id\":\"https:\/\/www.sestogrado.it\/prodotto\/camp-tempest-mitt-evo-moffola-imbottita-isolante-impermeabile\/#primaryimage\"},\"thumbnailUrl\":\"https:\/\/www.sestogrado.it\/wp-content\/uploads\/2020\/09\/01-14.jpg\",\"datePublished\":\"2020-09-29T09:32:22+00:00\",\"dateModified\":\"2026-04-07T09:57:42+00:00\",\"description\":\"Il Camp Tempest Mitt Evo \u00e8 una moffola imbottita dotata di flap che consentono di scoprire le dita (compreso il pollice) per compiere operazioni di precisione. Il sistema \u00e8 pratico e veloce, con dei piccoli magneti che permettono di fissare le coperture, quando aperte, al dorso della moffola. Il leggero tessuto esterno, altamente resistente agli agenti atmosferici, \u00e8 combinato con un'imbottitura differenziata, ottimizzata per ciascuna zona della mano. Il sistema Open-Close migliora l\u2019isolamento termico e permette di chiudere e aprire il polso con estrema facilit\u00e0 in ogni condizione. Il palmo \u00e8 rinforzato per garantire grip e durata e l'interno \u00e8 caratterizzato da una morbida fodera che aumenta la sensazione di calore.\",\"breadcrumb\":{\"@id\":\"https:\/\/www.sestogrado.it\/it\/prodotto\/camp-tempest-mitt-evo-moffola-imbottita-isolante-impermeabile\/#breadcrumb\"},\"inLanguage\":\"it-IT\",\"potentialAction\":[{\"@type\":\"ReadAction\",\"target\":[[\"https:\/\/www.sestogrado.it\/it\/prodotto\/camp-tempest-mitt-evo-moffola-imbottita-isolante-impermeabile\/\"]]}]},{\"@type\":\"ImageObject\",\"inLanguage\":\"it-IT\",\"@id\":\"https:\/\/www.sestogrado.it\/it\/prodotto\/camp-tempest-mitt-evo-moffola-imbottita-isolante-impermeabile\/#primaryimage\",\"url\":\"https:\/\/www.sestogrado.it\/wp-content\/uploads\/2020\/09\/01-14.jpg\",\"contentUrl\":\"https:\/\/www.sestogrado.it\/wp-content\/uploads\/2020\/09\/01-14.jpg\",\"width\":1600,\"height\":1600,\"caption\":\"camp tempest mitt evo\"},{\"@type\":\"BreadcrumbList\",\"@id\":\"https:\/\/www.sestogrado.it\/it\/prodotto\/camp-tempest-mitt-evo-moffola-imbottita-isolante-impermeabile\/#breadcrumb\",\"itemListElement\":[{\"@type\":\"ListItem\",\"position\":1,\"name\":\"Home\",\"item\":\"https:\/\/www.sestogrado.it\/it\/\"},{\"@type\":\"ListItem\",\"position\":2,\"name\":\"Shop\",\"item\":\"https:\/\/www.sestogrado.it\/it\/shop\/\"},{\"@type\":\"ListItem\",\"position\":3,\"name\":\"Camp Tempest Mitt Evo moffola imbottita isolante impermeabile\"}]},{\"@type\":\"WebSite\",\"@id\":\"https:\/\/www.sestogrado.it\/it\/#website\",\"url\":\"https:\/\/www.sestogrado.it\/it\/\",\"name\":\"Sestogrado\",\"description\":\"yes we climb\",\"publisher\":{\"@id\":\"https:\/\/www.sestogrado.it\/it\/#organization\"},\"potentialAction\":[{\"@type\":\"SearchAction\",\"target\":{\"@type\":\"EntryPoint\",\"urlTemplate\":\"https:\/\/www.sestogrado.it\/it\/?s={search_term_string}\"},\"query-input\":{\"@type\":\"PropertyValueSpecification\",\"valueRequired\":true,\"valueName\":\"search_term_string\"}}],\"inLanguage\":\"it-IT\"},{\"@type\":\"Organization\",\"@id\":\"https:\/\/www.sestogrado.it\/it\/#organization\",\"name\":\"Sestogrado\",\"url\":\"https:\/\/www.sestogrado.it\/it\/\",\"logo\":{\"@type\":\"ImageObject\",\"inLanguage\":\"it-IT\",\"@id\":\"https:\/\/www.sestogrado.it\/it\/#\/schema\/logo\/image\/\",\"url\":\"https:\/\/www.sestogrado.it\/wp-content\/uploads\/2015\/03\/sestogrado-favicon.png\",\"contentUrl\":\"https:\/\/www.sestogrado.it\/wp-content\/uploads\/2015\/03\/sestogrado-favicon.png\",\"width\":260,\"height\":260,\"caption\":\"Sestogrado\"},\"image\":{\"@id\":\"https:\/\/www.sestogrado.it\/it\/#\/schema\/logo\/image\/\"},\"sameAs\":[\"https:\/\/www.facebook.com\/pages\/Sestogrado\/1542635979353017?ref=bookmarks\",\"https:\/\/www.youtube.com\/channel\/UC847kAfTkaJsWpc1jtQwr3Q\"],\"hasMerchantReturnPolicy\":{\"@type\":\"MerchantReturnPolicy\",\"merchantReturnLink\":\"https:\/\/www.sestogrado.it\/it\/termini-e-condizioni\/\"}}]}<\/script>\n<meta property=\"product:brand\" content=\"Camp\" \/>\n<meta property=\"og:availability\" content=\"instock\" \/>\n<meta property=\"product:availability\" content=\"instock\" \/>\n<meta property=\"product:condition\" content=\"new\" \/>\n<!-- \/ Yoast SEO plugin. -->","yoast_head_json":{"title":"Camp Tempest Mitt Evo moffola imbottita isolante impermeabile - Sestogrado","description":"Il Camp Tempest Mitt Evo \u00e8 una moffola imbottita dotata di flap che consentono di scoprire le dita (compreso il pollice) per compiere operazioni di precisione. Il sistema \u00e8 pratico e veloce, con dei piccoli magneti che permettono di fissare le coperture, quando aperte, al dorso della moffola. Il leggero tessuto esterno, altamente resistente agli agenti atmosferici, \u00e8 combinato con un'imbottitura differenziata, ottimizzata per ciascuna zona della mano. Il sistema Open-Close migliora l\u2019isolamento termico e permette di chiudere e aprire il polso con estrema facilit\u00e0 in ogni condizione. Il palmo \u00e8 rinforzato per garantire grip e durata e l'interno \u00e8 caratterizzato da una morbida fodera che aumenta la sensazione di calore.","robots":{"index":"index","follow":"follow","max-snippet":"max-snippet:-1","max-image-preview":"max-image-preview:large","max-video-preview":"max-video-preview:-1"},"canonical":"https:\/\/www.sestogrado.it\/it\/prodotto\/camp-tempest-mitt-evo-moffola-imbottita-isolante-impermeabile\/","og_locale":"it_IT","og_type":"article","og_title":"Camp Tempest Mitt Evo moffola imbottita isolante impermeabile - Sestogrado","og_description":"Il Camp Tempest Mitt Evo \u00e8 una moffola imbottita dotata di flap che consentono di scoprire le dita (compreso il pollice) per compiere operazioni di precisione. Il sistema \u00e8 pratico e veloce, con dei piccoli magneti che permettono di fissare le coperture, quando aperte, al dorso della moffola. Il leggero tessuto esterno, altamente resistente agli agenti atmosferici, \u00e8 combinato con un'imbottitura differenziata, ottimizzata per ciascuna zona della mano. Il sistema Open-Close migliora l\u2019isolamento termico e permette di chiudere e aprire il polso con estrema facilit\u00e0 in ogni condizione. Il palmo \u00e8 rinforzato per garantire grip e durata e l'interno \u00e8 caratterizzato da una morbida fodera che aumenta la sensazione di calore.","og_url":"https:\/\/www.sestogrado.it\/it\/prodotto\/camp-tempest-mitt-evo-moffola-imbottita-isolante-impermeabile\/","og_site_name":"Sestogrado","article_publisher":"https:\/\/www.facebook.com\/pages\/Sestogrado\/1542635979353017?ref=bookmarks","article_modified_time":"2026-04-07T09:57:42+00:00","og_image":[{"width":1600,"height":1600,"url":"https:\/\/www.sestogrado.it\/wp-content\/uploads\/2020\/09\/01-14.jpg","type":"image\/jpeg"}],"twitter_misc":{"Disponibilit\u00e0":"In stock"},"schema":{"@context":"https:\/\/schema.org","@graph":[{"@type":"WebPage","@id":"https:\/\/www.sestogrado.it\/it\/prodotto\/camp-tempest-mitt-evo-moffola-imbottita-isolante-impermeabile\/","url":"https:\/\/www.sestogrado.it\/it\/prodotto\/camp-tempest-mitt-evo-moffola-imbottita-isolante-impermeabile\/","name":"Camp Tempest Mitt Evo moffola imbottita isolante impermeabile - Sestogrado","isPartOf":{"@id":"https:\/\/www.sestogrado.it\/it\/#website"},"primaryImageOfPage":{"@id":"https:\/\/www.sestogrado.it\/it\/prodotto\/camp-tempest-mitt-evo-moffola-imbottita-isolante-impermeabile\/#primaryimage"},"image":{"@id":"https:\/\/www.sestogrado.it\/prodotto\/camp-tempest-mitt-evo-moffola-imbottita-isolante-impermeabile\/#primaryimage"},"thumbnailUrl":"https:\/\/www.sestogrado.it\/wp-content\/uploads\/2020\/09\/01-14.jpg","datePublished":"2020-09-29T09:32:22+00:00","dateModified":"2026-04-07T09:57:42+00:00","description":"Il Camp Tempest Mitt Evo \u00e8 una moffola imbottita dotata di flap che consentono di scoprire le dita (compreso il pollice) per compiere operazioni di precisione. Il sistema \u00e8 pratico e veloce, con dei piccoli magneti che permettono di fissare le coperture, quando aperte, al dorso della moffola. Il leggero tessuto esterno, altamente resistente agli agenti atmosferici, \u00e8 combinato con un'imbottitura differenziata, ottimizzata per ciascuna zona della mano. Il sistema Open-Close migliora l\u2019isolamento termico e permette di chiudere e aprire il polso con estrema facilit\u00e0 in ogni condizione. Il palmo \u00e8 rinforzato per garantire grip e durata e l'interno \u00e8 caratterizzato da una morbida fodera che aumenta la sensazione di calore.","breadcrumb":{"@id":"https:\/\/www.sestogrado.it\/it\/prodotto\/camp-tempest-mitt-evo-moffola-imbottita-isolante-impermeabile\/#breadcrumb"},"inLanguage":"it-IT","potentialAction":[{"@type":"ReadAction","target":[["https:\/\/www.sestogrado.it\/it\/prodotto\/camp-tempest-mitt-evo-moffola-imbottita-isolante-impermeabile\/"]]}]},{"@type":"ImageObject","inLanguage":"it-IT","@id":"https:\/\/www.sestogrado.it\/it\/prodotto\/camp-tempest-mitt-evo-moffola-imbottita-isolante-impermeabile\/#primaryimage","url":"https:\/\/www.sestogrado.it\/wp-content\/uploads\/2020\/09\/01-14.jpg","contentUrl":"https:\/\/www.sestogrado.it\/wp-content\/uploads\/2020\/09\/01-14.jpg","width":1600,"height":1600,"caption":"camp tempest mitt evo"},{"@type":"BreadcrumbList","@id":"https:\/\/www.sestogrado.it\/it\/prodotto\/camp-tempest-mitt-evo-moffola-imbottita-isolante-impermeabile\/#breadcrumb","itemListElement":[{"@type":"ListItem","position":1,"name":"Home","item":"https:\/\/www.sestogrado.it\/it\/"},{"@type":"ListItem","position":2,"name":"Shop","item":"https:\/\/www.sestogrado.it\/it\/shop\/"},{"@type":"ListItem","position":3,"name":"Camp Tempest Mitt Evo moffola imbottita isolante impermeabile"}]},{"@type":"WebSite","@id":"https:\/\/www.sestogrado.it\/it\/#website","url":"https:\/\/www.sestogrado.it\/it\/","name":"Sestogrado","description":"yes we climb","publisher":{"@id":"https:\/\/www.sestogrado.it\/it\/#organization"},"potentialAction":[{"@type":"SearchAction","target":{"@type":"EntryPoint","urlTemplate":"https:\/\/www.sestogrado.it\/it\/?s={search_term_string}"},"query-input":{"@type":"PropertyValueSpecification","valueRequired":true,"valueName":"search_term_string"}}],"inLanguage":"it-IT"},{"@type":"Organization","@id":"https:\/\/www.sestogrado.it\/it\/#organization","name":"Sestogrado","url":"https:\/\/www.sestogrado.it\/it\/","logo":{"@type":"ImageObject","inLanguage":"it-IT","@id":"https:\/\/www.sestogrado.it\/it\/#\/schema\/logo\/image\/","url":"https:\/\/www.sestogrado.it\/wp-content\/uploads\/2015\/03\/sestogrado-favicon.png","contentUrl":"https:\/\/www.sestogrado.it\/wp-content\/uploads\/2015\/03\/sestogrado-favicon.png","width":260,"height":260,"caption":"Sestogrado"},"image":{"@id":"https:\/\/www.sestogrado.it\/it\/#\/schema\/logo\/image\/"},"sameAs":["https:\/\/www.facebook.com\/pages\/Sestogrado\/1542635979353017?ref=bookmarks","https:\/\/www.youtube.com\/channel\/UC847kAfTkaJsWpc1jtQwr3Q"],"hasMerchantReturnPolicy":{"@type":"MerchantReturnPolicy","merchantReturnLink":"https:\/\/www.sestogrado.it\/it\/termini-e-condizioni\/"}}]},"product_brand":"Camp","og_availability":"instock","product_availability":"instock","product_condition":"new"},"_links":{"self":[{"href":"https:\/\/www.sestogrado.it\/it\/wp-json\/wp\/v2\/product\/41761","targetHints":{"allow":["GET"]}}],"collection":[{"href":"https:\/\/www.sestogrado.it\/it\/wp-json\/wp\/v2\/product"}],"about":[{"href":"https:\/\/www.sestogrado.it\/it\/wp-json\/wp\/v2\/types\/product"}],"replies":[{"embeddable":true,"href":"https:\/\/www.sestogrado.it\/it\/wp-json\/wp\/v2\/comments?post=41761"}],"wp:featuredmedia":[{"embeddable":true,"href":"https:\/\/www.sestogrado.it\/it\/wp-json\/wp\/v2\/media\/41766"}],"wp:attachment":[{"href":"https:\/\/www.sestogrado.it\/it\/wp-json\/wp\/v2\/media?parent=41761"}],"wp:term":[{"taxonomy":"product_brand","embeddable":true,"href":"https:\/\/www.sestogrado.it\/it\/wp-json\/wp\/v2\/product_brand?post=41761"},{"taxonomy":"product_cat","embeddable":true,"href":"https:\/\/www.sestogrado.it\/it\/wp-json\/wp\/v2\/product_cat?post=41761"},{"taxonomy":"product_tag","embeddable":true,"href":"https:\/\/www.sestogrado.it\/it\/wp-json\/wp\/v2\/product_tag?post=41761"}],"curies":[{"name":"wp","href":"https:\/\/api.w.org\/{rel}","templated":true}]}}