{"id":41745,"date":"2020-11-20T08:10:24","date_gmt":"2020-11-20T07:10:24","guid":{"rendered":"https:\/\/www.sestogrado.it\/?post_type=product&#038;p=41745"},"modified":"2026-03-24T18:21:10","modified_gmt":"2026-03-24T17:21:10","slug":"camp-cassin-rocket-chiodo-vite-da-ghiaccio","status":"publish","type":"product","link":"https:\/\/www.sestogrado.it\/it\/prodotto\/camp-cassin-rocket-chiodo-vite-da-ghiaccio\/","title":{"rendered":"Camp Rocket chiodo vite da ghiaccio"},"content":{"rendered":"<p>La Camp Rocket \u00e8 una vite da ghiaccio di alto livello pronta a soddisfare tutte le esigenze di ice climber e alpinisti sulle grandi vie in quota. Presenta una costruzione leggera e robusta, con tubo e placchetta in acciaio al cromo-molibdeno. La filettatura inversa garantisce un&#8217;ottima tenuta in ogni situazione mentre la fresa frontale \u00e8 disegnata per posizionamenti facili e veloci anche nel ghiaccio pi\u00f9 freddo e compatto. La placchetta \u00e8 piegata e in asse con la vite, assicurando un ottimale trasferimento del carico e un facile trasporto dell&#8217;attrezzo su entrambi i lati dell&#8217;imbragatura. I pomelli sono di diversi colori per un&#8217;immediata identificazione della lunghezza.<\/p>\n<ul>\n<li>Vite da ghiaccio di alto livello, ideale sia per alpinismo sia per cascate<\/li>\n<li>Costruzione leggera e robusta in acciaio al cromo-molibdeno<\/li>\n<li>Filettatura inversa per la miglior tenuta in tutti i tipi di ghiaccio<\/li>\n<li>Fresa frontale disegnata per garantire posizionamenti facili e veloci anche nel ghiaccio pi\u00f9 freddo e compatto<\/li>\n<li>Placchetta in acciaio piegata e in asse con la vite, per garantire un ottimale trasferimento del carico e un facile trasporto dell&#8217;attrezzo su entrambi i lati dell&#8217;imbragatura<\/li>\n<li>Pomelli di diversi colori per un&#8217;immediata identificazione della lunghezza<\/li>\n<li>Disponibile in 6 lunghezze: 7, 9, 13, 16, 19 e 22cm<\/li>\n<li>Tutte le lunghezze conformi alla norma EN 568, tranne le viti da 5cm, 7cm e 9cm non certificate, utilizzabili soltanto per la progressione<\/li>\n<\/ul>\n<p>&nbsp;<\/p>\n<p>Le Camp Rocket sono delle viti da ghiaccio ideali sia per alpinismo che cascate.<\/p>\n<p>CASSIN \u00e8 pi\u00f9 di una storia. CASSIN \u00e8 una leggenda che ha due grandi protagonisti: la montagna e l\u2019uomo. Riccardo Cassin ha stabilito alcuni dei percorsi alpini pi\u00f9 iconici di oggi con gli strumenti che ha costruito da s\u00e9. CASSIN \u00e8 \u201calpinismo in evoluzione\u201d che sta per l\u2019esplorazione nel suo senso pi\u00f9 estremo, in luoghi che esistono solo oltre i confini conosciuti. Cassin \u00e8 concentrata sullo studio dei materiali e del design pi\u00f9 avanzato per aiutare a spingere oltre quest\u2019entusiasmante ricerca.<\/p>","protected":false},"excerpt":{"rendered":"<p>La Camp Rocket \u00e8 una vite da ghiaccio di alto livello pronta a soddisfare tutte le esigenze di ice climber [&hellip;]<\/p>\n","protected":false},"featured_media":41747,"comment_status":"open","ping_status":"closed","template":"","meta":{"_acf_changed":false},"product_brand":[31],"product_cat":[1313],"product_tag":[],"class_list":{"0":"post-41745","1":"product","2":"type-product","3":"status-publish","4":"has-post-thumbnail","6":"product_brand-camp","7":"product_cat-viti","9":"first","10":"instock","11":"sale","12":"taxable","13":"shipping-taxable","14":"purchasable","15":"product-type-variable"},"acf":[],"yoast_head":"<!-- This site is optimized with the Yoast SEO plugin v26.4 - https:\/\/yoast.com\/wordpress\/plugins\/seo\/ -->\n<title>Camp Rocket chiodo vite da ghiaccio - Sestogrado<\/title>\n<meta name=\"description\" content=\"La Cassin Rocket \u00e8\u00a0una vite da ghiaccio di alto livello pronta a soddisfare tutte le esigenze di ice climber e alpinisti sulle grandi vie in quota. Presenta una costruzione leggera e robusta, con tubo e placchetta in acciaio al cromo-molibdeno. La filettatura inversa garantisce un&#039;ottima tenuta in ogni situazione mentre la fresa frontale \u00e8 disegnata per posizionamenti facili e veloci anche nel ghiaccio pi\u00f9 freddo e compatto. La placchetta \u00e8 piegata e in asse con la vite, assicurando un ottimale trasferimento del carico e un facile trasporto dell&#039;attrezzo su entrambi i lati dell&#039;imbragatura. I pomelli sono di diversi colori per un&#039;immediata identificazione della lunghezza.\" \/>\n<meta name=\"robots\" content=\"index, follow, max-snippet:-1, max-image-preview:large, max-video-preview:-1\" \/>\n<link rel=\"canonical\" href=\"https:\/\/www.sestogrado.it\/it\/prodotto\/camp-cassin-rocket-chiodo-vite-da-ghiaccio\/\" \/>\n<meta property=\"og:locale\" content=\"it_IT\" \/>\n<meta property=\"og:type\" content=\"article\" \/>\n<meta property=\"og:title\" content=\"Camp Rocket chiodo vite da ghiaccio - Sestogrado\" \/>\n<meta property=\"og:description\" content=\"La Cassin Rocket \u00e8\u00a0una vite da ghiaccio di alto livello pronta a soddisfare tutte le esigenze di ice climber e alpinisti sulle grandi vie in quota. Presenta una costruzione leggera e robusta, con tubo e placchetta in acciaio al cromo-molibdeno. La filettatura inversa garantisce un&#039;ottima tenuta in ogni situazione mentre la fresa frontale \u00e8 disegnata per posizionamenti facili e veloci anche nel ghiaccio pi\u00f9 freddo e compatto. La placchetta \u00e8 piegata e in asse con la vite, assicurando un ottimale trasferimento del carico e un facile trasporto dell&#039;attrezzo su entrambi i lati dell&#039;imbragatura. I pomelli sono di diversi colori per un&#039;immediata identificazione della lunghezza.\" \/>\n<meta property=\"og:url\" content=\"https:\/\/www.sestogrado.it\/it\/prodotto\/camp-cassin-rocket-chiodo-vite-da-ghiaccio\/\" \/>\n<meta property=\"og:site_name\" content=\"Sestogrado\" \/>\n<meta property=\"article:publisher\" content=\"https:\/\/www.facebook.com\/pages\/Sestogrado\/1542635979353017?ref=bookmarks\" \/>\n<meta property=\"article:modified_time\" content=\"2026-03-24T17:21:10+00:00\" \/>\n<meta property=\"og:image\" content=\"https:\/\/www.sestogrado.it\/wp-content\/uploads\/2020\/09\/rocket16.jpg\" \/>\n\t<meta property=\"og:image:width\" content=\"1400\" \/>\n\t<meta property=\"og:image:height\" content=\"1400\" \/>\n\t<meta property=\"og:image:type\" content=\"image\/jpeg\" \/>\n<meta name=\"twitter:label1\" content=\"Disponibilit\u00e0\" \/>\n\t<meta name=\"twitter:data1\" content=\"In stock\" \/>\n<script type=\"application\/ld+json\" class=\"yoast-schema-graph\">{\"@context\":\"https:\/\/schema.org\",\"@graph\":[{\"@type\":\"WebPage\",\"@id\":\"https:\/\/www.sestogrado.it\/it\/prodotto\/camp-cassin-rocket-chiodo-vite-da-ghiaccio\/\",\"url\":\"https:\/\/www.sestogrado.it\/it\/prodotto\/camp-cassin-rocket-chiodo-vite-da-ghiaccio\/\",\"name\":\"Camp Rocket chiodo vite da ghiaccio - Sestogrado\",\"isPartOf\":{\"@id\":\"https:\/\/www.sestogrado.it\/it\/#website\"},\"primaryImageOfPage\":{\"@id\":\"https:\/\/www.sestogrado.it\/it\/prodotto\/camp-cassin-rocket-chiodo-vite-da-ghiaccio\/#primaryimage\"},\"image\":{\"@id\":\"https:\/\/www.sestogrado.it\/prodotto\/camp-cassin-rocket-chiodo-vite-da-ghiaccio\/#primaryimage\"},\"thumbnailUrl\":\"https:\/\/www.sestogrado.it\/wp-content\/uploads\/2020\/09\/rocket16.jpg\",\"datePublished\":\"2020-11-20T07:10:24+00:00\",\"dateModified\":\"2026-03-24T17:21:10+00:00\",\"description\":\"La Cassin Rocket \u00e8\u00a0una vite da ghiaccio di alto livello pronta a soddisfare tutte le esigenze di ice climber e alpinisti sulle grandi vie in quota. Presenta una costruzione leggera e robusta, con tubo e placchetta in acciaio al cromo-molibdeno. La filettatura inversa garantisce un'ottima tenuta in ogni situazione mentre la fresa frontale \u00e8 disegnata per posizionamenti facili e veloci anche nel ghiaccio pi\u00f9 freddo e compatto. La placchetta \u00e8 piegata e in asse con la vite, assicurando un ottimale trasferimento del carico e un facile trasporto dell'attrezzo su entrambi i lati dell'imbragatura. I pomelli sono di diversi colori per un'immediata identificazione della lunghezza.\",\"breadcrumb\":{\"@id\":\"https:\/\/www.sestogrado.it\/it\/prodotto\/camp-cassin-rocket-chiodo-vite-da-ghiaccio\/#breadcrumb\"},\"inLanguage\":\"it-IT\",\"potentialAction\":[{\"@type\":\"ReadAction\",\"target\":[[\"https:\/\/www.sestogrado.it\/it\/prodotto\/camp-cassin-rocket-chiodo-vite-da-ghiaccio\/\"]]}]},{\"@type\":\"ImageObject\",\"inLanguage\":\"it-IT\",\"@id\":\"https:\/\/www.sestogrado.it\/it\/prodotto\/camp-cassin-rocket-chiodo-vite-da-ghiaccio\/#primaryimage\",\"url\":\"https:\/\/www.sestogrado.it\/wp-content\/uploads\/2020\/09\/rocket16.jpg\",\"contentUrl\":\"https:\/\/www.sestogrado.it\/wp-content\/uploads\/2020\/09\/rocket16.jpg\",\"width\":1400,\"height\":1400,\"caption\":\"cassin rocket16\"},{\"@type\":\"BreadcrumbList\",\"@id\":\"https:\/\/www.sestogrado.it\/it\/prodotto\/camp-cassin-rocket-chiodo-vite-da-ghiaccio\/#breadcrumb\",\"itemListElement\":[{\"@type\":\"ListItem\",\"position\":1,\"name\":\"Home\",\"item\":\"https:\/\/www.sestogrado.it\/it\/\"},{\"@type\":\"ListItem\",\"position\":2,\"name\":\"Shop\",\"item\":\"https:\/\/www.sestogrado.it\/it\/shop\/\"},{\"@type\":\"ListItem\",\"position\":3,\"name\":\"Camp Rocket chiodo vite da ghiaccio\"}]},{\"@type\":\"WebSite\",\"@id\":\"https:\/\/www.sestogrado.it\/it\/#website\",\"url\":\"https:\/\/www.sestogrado.it\/it\/\",\"name\":\"Sestogrado\",\"description\":\"yes we climb\",\"publisher\":{\"@id\":\"https:\/\/www.sestogrado.it\/it\/#organization\"},\"potentialAction\":[{\"@type\":\"SearchAction\",\"target\":{\"@type\":\"EntryPoint\",\"urlTemplate\":\"https:\/\/www.sestogrado.it\/it\/?s={search_term_string}\"},\"query-input\":{\"@type\":\"PropertyValueSpecification\",\"valueRequired\":true,\"valueName\":\"search_term_string\"}}],\"inLanguage\":\"it-IT\"},{\"@type\":\"Organization\",\"@id\":\"https:\/\/www.sestogrado.it\/it\/#organization\",\"name\":\"Sestogrado\",\"url\":\"https:\/\/www.sestogrado.it\/it\/\",\"logo\":{\"@type\":\"ImageObject\",\"inLanguage\":\"it-IT\",\"@id\":\"https:\/\/www.sestogrado.it\/it\/#\/schema\/logo\/image\/\",\"url\":\"https:\/\/www.sestogrado.it\/wp-content\/uploads\/2015\/03\/sestogrado-favicon.png\",\"contentUrl\":\"https:\/\/www.sestogrado.it\/wp-content\/uploads\/2015\/03\/sestogrado-favicon.png\",\"width\":260,\"height\":260,\"caption\":\"Sestogrado\"},\"image\":{\"@id\":\"https:\/\/www.sestogrado.it\/it\/#\/schema\/logo\/image\/\"},\"sameAs\":[\"https:\/\/www.facebook.com\/pages\/Sestogrado\/1542635979353017?ref=bookmarks\",\"https:\/\/www.youtube.com\/channel\/UC847kAfTkaJsWpc1jtQwr3Q\"],\"hasMerchantReturnPolicy\":{\"@type\":\"MerchantReturnPolicy\",\"merchantReturnLink\":\"https:\/\/www.sestogrado.it\/it\/termini-e-condizioni\/\"}}]}<\/script>\n<meta property=\"product:brand\" content=\"Camp\" \/>\n<meta property=\"og:availability\" content=\"instock\" \/>\n<meta property=\"product:availability\" content=\"instock\" \/>\n<meta property=\"product:condition\" content=\"new\" \/>\n<!-- \/ Yoast SEO plugin. -->","yoast_head_json":{"title":"Camp Rocket chiodo vite da ghiaccio - Sestogrado","description":"La Cassin Rocket \u00e8\u00a0una vite da ghiaccio di alto livello pronta a soddisfare tutte le esigenze di ice climber e alpinisti sulle grandi vie in quota. Presenta una costruzione leggera e robusta, con tubo e placchetta in acciaio al cromo-molibdeno. La filettatura inversa garantisce un'ottima tenuta in ogni situazione mentre la fresa frontale \u00e8 disegnata per posizionamenti facili e veloci anche nel ghiaccio pi\u00f9 freddo e compatto. La placchetta \u00e8 piegata e in asse con la vite, assicurando un ottimale trasferimento del carico e un facile trasporto dell'attrezzo su entrambi i lati dell'imbragatura. I pomelli sono di diversi colori per un'immediata identificazione della lunghezza.","robots":{"index":"index","follow":"follow","max-snippet":"max-snippet:-1","max-image-preview":"max-image-preview:large","max-video-preview":"max-video-preview:-1"},"canonical":"https:\/\/www.sestogrado.it\/it\/prodotto\/camp-cassin-rocket-chiodo-vite-da-ghiaccio\/","og_locale":"it_IT","og_type":"article","og_title":"Camp Rocket chiodo vite da ghiaccio - Sestogrado","og_description":"La Cassin Rocket \u00e8\u00a0una vite da ghiaccio di alto livello pronta a soddisfare tutte le esigenze di ice climber e alpinisti sulle grandi vie in quota. Presenta una costruzione leggera e robusta, con tubo e placchetta in acciaio al cromo-molibdeno. La filettatura inversa garantisce un'ottima tenuta in ogni situazione mentre la fresa frontale \u00e8 disegnata per posizionamenti facili e veloci anche nel ghiaccio pi\u00f9 freddo e compatto. La placchetta \u00e8 piegata e in asse con la vite, assicurando un ottimale trasferimento del carico e un facile trasporto dell'attrezzo su entrambi i lati dell'imbragatura. I pomelli sono di diversi colori per un'immediata identificazione della lunghezza.","og_url":"https:\/\/www.sestogrado.it\/it\/prodotto\/camp-cassin-rocket-chiodo-vite-da-ghiaccio\/","og_site_name":"Sestogrado","article_publisher":"https:\/\/www.facebook.com\/pages\/Sestogrado\/1542635979353017?ref=bookmarks","article_modified_time":"2026-03-24T17:21:10+00:00","og_image":[{"width":1400,"height":1400,"url":"https:\/\/www.sestogrado.it\/wp-content\/uploads\/2020\/09\/rocket16.jpg","type":"image\/jpeg"}],"twitter_misc":{"Disponibilit\u00e0":"In stock"},"schema":{"@context":"https:\/\/schema.org","@graph":[{"@type":"WebPage","@id":"https:\/\/www.sestogrado.it\/it\/prodotto\/camp-cassin-rocket-chiodo-vite-da-ghiaccio\/","url":"https:\/\/www.sestogrado.it\/it\/prodotto\/camp-cassin-rocket-chiodo-vite-da-ghiaccio\/","name":"Camp Rocket chiodo vite da ghiaccio - Sestogrado","isPartOf":{"@id":"https:\/\/www.sestogrado.it\/it\/#website"},"primaryImageOfPage":{"@id":"https:\/\/www.sestogrado.it\/it\/prodotto\/camp-cassin-rocket-chiodo-vite-da-ghiaccio\/#primaryimage"},"image":{"@id":"https:\/\/www.sestogrado.it\/prodotto\/camp-cassin-rocket-chiodo-vite-da-ghiaccio\/#primaryimage"},"thumbnailUrl":"https:\/\/www.sestogrado.it\/wp-content\/uploads\/2020\/09\/rocket16.jpg","datePublished":"2020-11-20T07:10:24+00:00","dateModified":"2026-03-24T17:21:10+00:00","description":"La Cassin Rocket \u00e8\u00a0una vite da ghiaccio di alto livello pronta a soddisfare tutte le esigenze di ice climber e alpinisti sulle grandi vie in quota. Presenta una costruzione leggera e robusta, con tubo e placchetta in acciaio al cromo-molibdeno. La filettatura inversa garantisce un'ottima tenuta in ogni situazione mentre la fresa frontale \u00e8 disegnata per posizionamenti facili e veloci anche nel ghiaccio pi\u00f9 freddo e compatto. La placchetta \u00e8 piegata e in asse con la vite, assicurando un ottimale trasferimento del carico e un facile trasporto dell'attrezzo su entrambi i lati dell'imbragatura. I pomelli sono di diversi colori per un'immediata identificazione della lunghezza.","breadcrumb":{"@id":"https:\/\/www.sestogrado.it\/it\/prodotto\/camp-cassin-rocket-chiodo-vite-da-ghiaccio\/#breadcrumb"},"inLanguage":"it-IT","potentialAction":[{"@type":"ReadAction","target":[["https:\/\/www.sestogrado.it\/it\/prodotto\/camp-cassin-rocket-chiodo-vite-da-ghiaccio\/"]]}]},{"@type":"ImageObject","inLanguage":"it-IT","@id":"https:\/\/www.sestogrado.it\/it\/prodotto\/camp-cassin-rocket-chiodo-vite-da-ghiaccio\/#primaryimage","url":"https:\/\/www.sestogrado.it\/wp-content\/uploads\/2020\/09\/rocket16.jpg","contentUrl":"https:\/\/www.sestogrado.it\/wp-content\/uploads\/2020\/09\/rocket16.jpg","width":1400,"height":1400,"caption":"cassin rocket16"},{"@type":"BreadcrumbList","@id":"https:\/\/www.sestogrado.it\/it\/prodotto\/camp-cassin-rocket-chiodo-vite-da-ghiaccio\/#breadcrumb","itemListElement":[{"@type":"ListItem","position":1,"name":"Home","item":"https:\/\/www.sestogrado.it\/it\/"},{"@type":"ListItem","position":2,"name":"Shop","item":"https:\/\/www.sestogrado.it\/it\/shop\/"},{"@type":"ListItem","position":3,"name":"Camp Rocket chiodo vite da ghiaccio"}]},{"@type":"WebSite","@id":"https:\/\/www.sestogrado.it\/it\/#website","url":"https:\/\/www.sestogrado.it\/it\/","name":"Sestogrado","description":"yes we climb","publisher":{"@id":"https:\/\/www.sestogrado.it\/it\/#organization"},"potentialAction":[{"@type":"SearchAction","target":{"@type":"EntryPoint","urlTemplate":"https:\/\/www.sestogrado.it\/it\/?s={search_term_string}"},"query-input":{"@type":"PropertyValueSpecification","valueRequired":true,"valueName":"search_term_string"}}],"inLanguage":"it-IT"},{"@type":"Organization","@id":"https:\/\/www.sestogrado.it\/it\/#organization","name":"Sestogrado","url":"https:\/\/www.sestogrado.it\/it\/","logo":{"@type":"ImageObject","inLanguage":"it-IT","@id":"https:\/\/www.sestogrado.it\/it\/#\/schema\/logo\/image\/","url":"https:\/\/www.sestogrado.it\/wp-content\/uploads\/2015\/03\/sestogrado-favicon.png","contentUrl":"https:\/\/www.sestogrado.it\/wp-content\/uploads\/2015\/03\/sestogrado-favicon.png","width":260,"height":260,"caption":"Sestogrado"},"image":{"@id":"https:\/\/www.sestogrado.it\/it\/#\/schema\/logo\/image\/"},"sameAs":["https:\/\/www.facebook.com\/pages\/Sestogrado\/1542635979353017?ref=bookmarks","https:\/\/www.youtube.com\/channel\/UC847kAfTkaJsWpc1jtQwr3Q"],"hasMerchantReturnPolicy":{"@type":"MerchantReturnPolicy","merchantReturnLink":"https:\/\/www.sestogrado.it\/it\/termini-e-condizioni\/"}}]},"product_brand":"Camp","og_availability":"instock","product_availability":"instock","product_condition":"new"},"_links":{"self":[{"href":"https:\/\/www.sestogrado.it\/it\/wp-json\/wp\/v2\/product\/41745","targetHints":{"allow":["GET"]}}],"collection":[{"href":"https:\/\/www.sestogrado.it\/it\/wp-json\/wp\/v2\/product"}],"about":[{"href":"https:\/\/www.sestogrado.it\/it\/wp-json\/wp\/v2\/types\/product"}],"replies":[{"embeddable":true,"href":"https:\/\/www.sestogrado.it\/it\/wp-json\/wp\/v2\/comments?post=41745"}],"wp:featuredmedia":[{"embeddable":true,"href":"https:\/\/www.sestogrado.it\/it\/wp-json\/wp\/v2\/media\/41747"}],"wp:attachment":[{"href":"https:\/\/www.sestogrado.it\/it\/wp-json\/wp\/v2\/media?parent=41745"}],"wp:term":[{"taxonomy":"product_brand","embeddable":true,"href":"https:\/\/www.sestogrado.it\/it\/wp-json\/wp\/v2\/product_brand?post=41745"},{"taxonomy":"product_cat","embeddable":true,"href":"https:\/\/www.sestogrado.it\/it\/wp-json\/wp\/v2\/product_cat?post=41745"},{"taxonomy":"product_tag","embeddable":true,"href":"https:\/\/www.sestogrado.it\/it\/wp-json\/wp\/v2\/product_tag?post=41745"}],"curies":[{"name":"wp","href":"https:\/\/api.w.org\/{rel}","templated":true}]}}