{"id":41463,"date":"2020-09-24T09:32:27","date_gmt":"2020-09-24T07:32:27","guid":{"rendered":"https:\/\/www.sestogrado.it\/?post_type=product&#038;p=41463"},"modified":"2026-02-05T12:40:44","modified_gmt":"2026-02-05T11:40:44","slug":"camp-ascent-auto-semi-auto-ramponi","status":"publish","type":"product","link":"https:\/\/www.sestogrado.it\/it\/prodotto\/camp-ascent-auto-semi-auto-ramponi\/","title":{"rendered":"Camp Ascent auto\/semi-auto ramponi"},"content":{"rendered":"<p>Camp Ascent auto\/semi-auto \u00e8 un rampone in acciaio a 10 punte. Il suo design minimalista permette una considerevole riduzione di peso senza interferire nelle prestazioni. La struttura compatta dell&#8217;Ascent \u00e8 infatti particolarmente rigida, con punte aggressive che garantiscono notevole trazione e grande stabilit\u00e0. La versatilit\u00e0 \u00e8 assicurata dalla totale intercambiabilit\u00e0 dei sistemi di allacciatura: \u00e8 infatti possibile passare dall&#8217;allacciatura automatica alla semiautomatica sostituendo l&#8217;archetto frontale con la cuffia inclusa nella confezione (ed eventualmente all&#8217;allacciatura universale sostituendo la talloniera di serie con quella specifica disponibile separatamente). L&#8217;asta a doppia fila di fori consente una regolazione precisa e veloce della lunghezza, coprendo un range estremamente ampio. La perfetta calzata \u00e8 garantita dalle molteplici regolazioni: l&#8217;archetto frontale e la talloniera su 2 posizioni e la leva posteriore su 3 posizioni. L&#8217;antibott ad azione attiva impedisce l&#8217;accumulo di neve tra le punte.<\/p>\n<p>\u2022 Rampone in acciaio a 10 punte leggero ed essenziale<br \/>\n\u2022 Asta di regolazione flessibile\u00a0e\u00a0asimmetrica\u00a0che segue\u00a0perfettamente la forma della suola<br \/>\n\u2022 Massima versatilit\u00e0 grazie alla totale intercambiabilit\u00e0 dei sistemi di allacciatura: \u00e8 possibile passare dall&#8217;allacciatura automatica alla semiautomatica sostituendo l&#8217;archetto frontale con la cuffia inclusa nella confezione e all&#8217;allacciatura universale sostituendo la talloniera di serie con quella specifica disponibile separatamente<br \/>\n\u2022 Struttura compatta che occupa poco spazio nello zaino<br \/>\n\u2022 Antibott ad azione attiva<br \/>\n\u2022 Regolazione micrometrica della lunghezza con asta a doppia fila di fori<br \/>\n\u2022 Possibilit\u00e0 di sostituire l\u2019asta di collegamento con la fettuccia in Dyneema\u00ae disponibile separatamente, per ridurre il peso e l&#8217;ingombro durante il trasporto<br \/>\n\u2022 Archetto frontale regolabile su 2 posizioni<br \/>\n\u2022 Talloniera regolabile su 2 posizioni con leva a 3 posizioni<br \/>\n\u2022 Custodia inclusa<\/p>\n<p>Taglia 34 &#8211; 48<\/p>\n<p>&nbsp;<\/p>\n<p>Il Camp Ascent auto\/semi-auto \u00e8 un rampone\u00a0 leggero e compatto, solido, grazie alle 10 punte in acciaio, ideale per alpinismo ed escursionismo su neve e ghiacciai.<\/p>\n<p>&nbsp;<\/p>\n<p>Passione, lavoro e semplicit\u00e0 sono alcune delle parole chiave che da sempre hanno contraddistinto il modo di essere di C.A.M.P.\u00a0Fondata nel\u00a01889 a Premana, paese dell\u2019alta Valsassina dove tutt\u2019oggi ha la sua sede, C.A.M.P.\u00a0realizza\u00a0prodotti che aiutano a realizzare i sogni ed i progetti di tutti coloro che frequentano la montagna.<\/p>","protected":false},"excerpt":{"rendered":"<p>Camp Ascent auto\/semi-auto \u00e8 un rampone in acciaio a 10 punte. Il suo design minimalista permette una considerevole riduzione di [&hellip;]<\/p>\n","protected":false},"featured_media":41464,"comment_status":"open","ping_status":"closed","template":"","meta":{"_acf_changed":false},"product_brand":[31],"product_cat":[153],"product_tag":[],"class_list":{"0":"post-41463","1":"product","2":"type-product","3":"status-publish","4":"has-post-thumbnail","6":"product_brand-camp","7":"product_cat-ramponi","9":"first","10":"instock","11":"sale","12":"taxable","13":"shipping-taxable","14":"purchasable","15":"product-type-simple"},"acf":[],"yoast_head":"<!-- This site is optimized with the Yoast SEO plugin v26.4 - https:\/\/yoast.com\/wordpress\/plugins\/seo\/ -->\n<title>Camp Ascent auto\/semi-auto ramponi - Sestogrado<\/title>\n<meta name=\"description\" content=\"Camp Ascent auto\/semi-auto \u00e8 un rampone in acciaio a 10 punte. Il suo design minimalista permette una considerevole riduzione di peso senza interferire nelle prestazioni. La struttura compatta dell&#039;Ascent \u00e8 infatti particolarmente rigida, con punte aggressive che garantiscono notevole trazione e grande stabilit\u00e0. La versatilit\u00e0 \u00e8 assicurata dalla totale intercambiabilit\u00e0 dei sistemi di allacciatura: \u00e8 infatti possibile passare dall&#039;allacciatura automatica alla semiautomatica sostituendo l&#039;archetto frontale con la cuffia inclusa nella confezione (ed eventualmente all&#039;allacciatura universale sostituendo la talloniera di serie con quella specifica disponibile separatamente). L&#039;asta a doppia fila di fori consente una regolazione precisa e veloce della lunghezza, coprendo un range estremamente ampio. La perfetta calzata \u00e8 garantita dalle molteplici regolazioni: l&#039;archetto frontale e la talloniera su 2 posizioni e la leva posteriore su 3 posizioni. L&#039;antibott ad azione attiva impedisce l&#039;accumulo di neve tra le punte.\" \/>\n<meta name=\"robots\" content=\"index, follow, max-snippet:-1, max-image-preview:large, max-video-preview:-1\" \/>\n<link rel=\"canonical\" href=\"https:\/\/www.sestogrado.it\/it\/prodotto\/camp-ascent-auto-semi-auto-ramponi\/\" \/>\n<meta property=\"og:locale\" content=\"it_IT\" \/>\n<meta property=\"og:type\" content=\"article\" \/>\n<meta property=\"og:title\" content=\"Camp Ascent auto\/semi-auto ramponi - Sestogrado\" \/>\n<meta property=\"og:description\" content=\"Camp Ascent auto\/semi-auto \u00e8 un rampone in acciaio a 10 punte. Il suo design minimalista permette una considerevole riduzione di peso senza interferire nelle prestazioni. La struttura compatta dell&#039;Ascent \u00e8 infatti particolarmente rigida, con punte aggressive che garantiscono notevole trazione e grande stabilit\u00e0. La versatilit\u00e0 \u00e8 assicurata dalla totale intercambiabilit\u00e0 dei sistemi di allacciatura: \u00e8 infatti possibile passare dall&#039;allacciatura automatica alla semiautomatica sostituendo l&#039;archetto frontale con la cuffia inclusa nella confezione (ed eventualmente all&#039;allacciatura universale sostituendo la talloniera di serie con quella specifica disponibile separatamente). L&#039;asta a doppia fila di fori consente una regolazione precisa e veloce della lunghezza, coprendo un range estremamente ampio. La perfetta calzata \u00e8 garantita dalle molteplici regolazioni: l&#039;archetto frontale e la talloniera su 2 posizioni e la leva posteriore su 3 posizioni. L&#039;antibott ad azione attiva impedisce l&#039;accumulo di neve tra le punte.\" \/>\n<meta property=\"og:url\" content=\"https:\/\/www.sestogrado.it\/it\/prodotto\/camp-ascent-auto-semi-auto-ramponi\/\" \/>\n<meta property=\"og:site_name\" content=\"Sestogrado\" \/>\n<meta property=\"article:publisher\" content=\"https:\/\/www.facebook.com\/pages\/Sestogrado\/1542635979353017?ref=bookmarks\" \/>\n<meta property=\"article:modified_time\" content=\"2026-02-05T11:40:44+00:00\" \/>\n<meta property=\"og:image\" content=\"https:\/\/www.sestogrado.it\/wp-content\/uploads\/2020\/09\/01-9.jpg\" \/>\n\t<meta property=\"og:image:width\" content=\"1200\" \/>\n\t<meta property=\"og:image:height\" content=\"1200\" \/>\n\t<meta property=\"og:image:type\" content=\"image\/jpeg\" \/>\n<meta name=\"twitter:label1\" content=\"Prezzo\" \/>\n\t<meta name=\"twitter:data1\" content=\"&euro;&nbsp;149,00\" \/>\n\t<meta name=\"twitter:label2\" content=\"Disponibilit\u00e0\" \/>\n\t<meta name=\"twitter:data2\" content=\"In stock\" \/>\n<script type=\"application\/ld+json\" class=\"yoast-schema-graph\">{\"@context\":\"https:\/\/schema.org\",\"@graph\":[{\"@type\":\"WebPage\",\"@id\":\"https:\/\/www.sestogrado.it\/it\/prodotto\/camp-ascent-auto-semi-auto-ramponi\/\",\"url\":\"https:\/\/www.sestogrado.it\/it\/prodotto\/camp-ascent-auto-semi-auto-ramponi\/\",\"name\":\"Camp Ascent auto\/semi-auto ramponi - Sestogrado\",\"isPartOf\":{\"@id\":\"https:\/\/www.sestogrado.it\/it\/#website\"},\"primaryImageOfPage\":{\"@id\":\"https:\/\/www.sestogrado.it\/it\/prodotto\/camp-ascent-auto-semi-auto-ramponi\/#primaryimage\"},\"image\":{\"@id\":\"https:\/\/www.sestogrado.it\/prodotto\/camp-ascent-auto-semi-auto-ramponi\/#primaryimage\"},\"thumbnailUrl\":\"https:\/\/www.sestogrado.it\/wp-content\/uploads\/2020\/09\/01-9.jpg\",\"datePublished\":\"2020-09-24T07:32:27+00:00\",\"dateModified\":\"2026-02-05T11:40:44+00:00\",\"description\":\"Camp Ascent auto\/semi-auto \u00e8 un rampone in acciaio a 10 punte. Il suo design minimalista permette una considerevole riduzione di peso senza interferire nelle prestazioni. La struttura compatta dell'Ascent \u00e8 infatti particolarmente rigida, con punte aggressive che garantiscono notevole trazione e grande stabilit\u00e0. La versatilit\u00e0 \u00e8 assicurata dalla totale intercambiabilit\u00e0 dei sistemi di allacciatura: \u00e8 infatti possibile passare dall'allacciatura automatica alla semiautomatica sostituendo l'archetto frontale con la cuffia inclusa nella confezione (ed eventualmente all'allacciatura universale sostituendo la talloniera di serie con quella specifica disponibile separatamente). L'asta a doppia fila di fori consente una regolazione precisa e veloce della lunghezza, coprendo un range estremamente ampio. La perfetta calzata \u00e8 garantita dalle molteplici regolazioni: l'archetto frontale e la talloniera su 2 posizioni e la leva posteriore su 3 posizioni. L'antibott ad azione attiva impedisce l'accumulo di neve tra le punte.\",\"breadcrumb\":{\"@id\":\"https:\/\/www.sestogrado.it\/it\/prodotto\/camp-ascent-auto-semi-auto-ramponi\/#breadcrumb\"},\"inLanguage\":\"it-IT\",\"potentialAction\":[{\"@type\":\"ReadAction\",\"target\":[[\"https:\/\/www.sestogrado.it\/it\/prodotto\/camp-ascent-auto-semi-auto-ramponi\/\"]]}]},{\"@type\":\"ImageObject\",\"inLanguage\":\"it-IT\",\"@id\":\"https:\/\/www.sestogrado.it\/it\/prodotto\/camp-ascent-auto-semi-auto-ramponi\/#primaryimage\",\"url\":\"https:\/\/www.sestogrado.it\/wp-content\/uploads\/2020\/09\/01-9.jpg\",\"contentUrl\":\"https:\/\/www.sestogrado.it\/wp-content\/uploads\/2020\/09\/01-9.jpg\",\"width\":1200,\"height\":1200,\"caption\":\"camp ascent auto\/semi-auto\"},{\"@type\":\"BreadcrumbList\",\"@id\":\"https:\/\/www.sestogrado.it\/it\/prodotto\/camp-ascent-auto-semi-auto-ramponi\/#breadcrumb\",\"itemListElement\":[{\"@type\":\"ListItem\",\"position\":1,\"name\":\"Home\",\"item\":\"https:\/\/www.sestogrado.it\/it\/\"},{\"@type\":\"ListItem\",\"position\":2,\"name\":\"Shop\",\"item\":\"https:\/\/www.sestogrado.it\/it\/shop\/\"},{\"@type\":\"ListItem\",\"position\":3,\"name\":\"Camp Ascent auto\/semi-auto ramponi\"}]},{\"@type\":\"WebSite\",\"@id\":\"https:\/\/www.sestogrado.it\/it\/#website\",\"url\":\"https:\/\/www.sestogrado.it\/it\/\",\"name\":\"Sestogrado\",\"description\":\"yes we climb\",\"publisher\":{\"@id\":\"https:\/\/www.sestogrado.it\/it\/#organization\"},\"potentialAction\":[{\"@type\":\"SearchAction\",\"target\":{\"@type\":\"EntryPoint\",\"urlTemplate\":\"https:\/\/www.sestogrado.it\/it\/?s={search_term_string}\"},\"query-input\":{\"@type\":\"PropertyValueSpecification\",\"valueRequired\":true,\"valueName\":\"search_term_string\"}}],\"inLanguage\":\"it-IT\"},{\"@type\":\"Organization\",\"@id\":\"https:\/\/www.sestogrado.it\/it\/#organization\",\"name\":\"Sestogrado\",\"url\":\"https:\/\/www.sestogrado.it\/it\/\",\"logo\":{\"@type\":\"ImageObject\",\"inLanguage\":\"it-IT\",\"@id\":\"https:\/\/www.sestogrado.it\/it\/#\/schema\/logo\/image\/\",\"url\":\"https:\/\/www.sestogrado.it\/wp-content\/uploads\/2015\/03\/sestogrado-favicon.png\",\"contentUrl\":\"https:\/\/www.sestogrado.it\/wp-content\/uploads\/2015\/03\/sestogrado-favicon.png\",\"width\":260,\"height\":260,\"caption\":\"Sestogrado\"},\"image\":{\"@id\":\"https:\/\/www.sestogrado.it\/it\/#\/schema\/logo\/image\/\"},\"sameAs\":[\"https:\/\/www.facebook.com\/pages\/Sestogrado\/1542635979353017?ref=bookmarks\",\"https:\/\/www.youtube.com\/channel\/UC847kAfTkaJsWpc1jtQwr3Q\"],\"hasMerchantReturnPolicy\":{\"@type\":\"MerchantReturnPolicy\",\"merchantReturnLink\":\"https:\/\/www.sestogrado.it\/it\/termini-e-condizioni\/\"}}]}<\/script>\n<meta property=\"product:brand\" content=\"Camp\" \/>\n<meta property=\"product:price:amount\" content=\"149.00\" \/>\n<meta property=\"product:price:currency\" content=\"EUR\" \/>\n<meta property=\"og:availability\" content=\"instock\" \/>\n<meta property=\"product:availability\" content=\"instock\" \/>\n<meta property=\"product:condition\" content=\"new\" \/>\n<!-- \/ Yoast SEO plugin. -->","yoast_head_json":{"title":"Camp Ascent auto\/semi-auto ramponi - Sestogrado","description":"Camp Ascent auto\/semi-auto \u00e8 un rampone in acciaio a 10 punte. Il suo design minimalista permette una considerevole riduzione di peso senza interferire nelle prestazioni. La struttura compatta dell'Ascent \u00e8 infatti particolarmente rigida, con punte aggressive che garantiscono notevole trazione e grande stabilit\u00e0. La versatilit\u00e0 \u00e8 assicurata dalla totale intercambiabilit\u00e0 dei sistemi di allacciatura: \u00e8 infatti possibile passare dall'allacciatura automatica alla semiautomatica sostituendo l'archetto frontale con la cuffia inclusa nella confezione (ed eventualmente all'allacciatura universale sostituendo la talloniera di serie con quella specifica disponibile separatamente). L'asta a doppia fila di fori consente una regolazione precisa e veloce della lunghezza, coprendo un range estremamente ampio. La perfetta calzata \u00e8 garantita dalle molteplici regolazioni: l'archetto frontale e la talloniera su 2 posizioni e la leva posteriore su 3 posizioni. L'antibott ad azione attiva impedisce l'accumulo di neve tra le punte.","robots":{"index":"index","follow":"follow","max-snippet":"max-snippet:-1","max-image-preview":"max-image-preview:large","max-video-preview":"max-video-preview:-1"},"canonical":"https:\/\/www.sestogrado.it\/it\/prodotto\/camp-ascent-auto-semi-auto-ramponi\/","og_locale":"it_IT","og_type":"article","og_title":"Camp Ascent auto\/semi-auto ramponi - Sestogrado","og_description":"Camp Ascent auto\/semi-auto \u00e8 un rampone in acciaio a 10 punte. Il suo design minimalista permette una considerevole riduzione di peso senza interferire nelle prestazioni. La struttura compatta dell'Ascent \u00e8 infatti particolarmente rigida, con punte aggressive che garantiscono notevole trazione e grande stabilit\u00e0. La versatilit\u00e0 \u00e8 assicurata dalla totale intercambiabilit\u00e0 dei sistemi di allacciatura: \u00e8 infatti possibile passare dall'allacciatura automatica alla semiautomatica sostituendo l'archetto frontale con la cuffia inclusa nella confezione (ed eventualmente all'allacciatura universale sostituendo la talloniera di serie con quella specifica disponibile separatamente). L'asta a doppia fila di fori consente una regolazione precisa e veloce della lunghezza, coprendo un range estremamente ampio. La perfetta calzata \u00e8 garantita dalle molteplici regolazioni: l'archetto frontale e la talloniera su 2 posizioni e la leva posteriore su 3 posizioni. L'antibott ad azione attiva impedisce l'accumulo di neve tra le punte.","og_url":"https:\/\/www.sestogrado.it\/it\/prodotto\/camp-ascent-auto-semi-auto-ramponi\/","og_site_name":"Sestogrado","article_publisher":"https:\/\/www.facebook.com\/pages\/Sestogrado\/1542635979353017?ref=bookmarks","article_modified_time":"2026-02-05T11:40:44+00:00","og_image":[{"width":1200,"height":1200,"url":"https:\/\/www.sestogrado.it\/wp-content\/uploads\/2020\/09\/01-9.jpg","type":"image\/jpeg"}],"twitter_misc":{"Prezzo":"&euro;&nbsp;149,00","Disponibilit\u00e0":"In stock"},"schema":{"@context":"https:\/\/schema.org","@graph":[{"@type":"WebPage","@id":"https:\/\/www.sestogrado.it\/it\/prodotto\/camp-ascent-auto-semi-auto-ramponi\/","url":"https:\/\/www.sestogrado.it\/it\/prodotto\/camp-ascent-auto-semi-auto-ramponi\/","name":"Camp Ascent auto\/semi-auto ramponi - Sestogrado","isPartOf":{"@id":"https:\/\/www.sestogrado.it\/it\/#website"},"primaryImageOfPage":{"@id":"https:\/\/www.sestogrado.it\/it\/prodotto\/camp-ascent-auto-semi-auto-ramponi\/#primaryimage"},"image":{"@id":"https:\/\/www.sestogrado.it\/prodotto\/camp-ascent-auto-semi-auto-ramponi\/#primaryimage"},"thumbnailUrl":"https:\/\/www.sestogrado.it\/wp-content\/uploads\/2020\/09\/01-9.jpg","datePublished":"2020-09-24T07:32:27+00:00","dateModified":"2026-02-05T11:40:44+00:00","description":"Camp Ascent auto\/semi-auto \u00e8 un rampone in acciaio a 10 punte. Il suo design minimalista permette una considerevole riduzione di peso senza interferire nelle prestazioni. La struttura compatta dell'Ascent \u00e8 infatti particolarmente rigida, con punte aggressive che garantiscono notevole trazione e grande stabilit\u00e0. La versatilit\u00e0 \u00e8 assicurata dalla totale intercambiabilit\u00e0 dei sistemi di allacciatura: \u00e8 infatti possibile passare dall'allacciatura automatica alla semiautomatica sostituendo l'archetto frontale con la cuffia inclusa nella confezione (ed eventualmente all'allacciatura universale sostituendo la talloniera di serie con quella specifica disponibile separatamente). L'asta a doppia fila di fori consente una regolazione precisa e veloce della lunghezza, coprendo un range estremamente ampio. La perfetta calzata \u00e8 garantita dalle molteplici regolazioni: l'archetto frontale e la talloniera su 2 posizioni e la leva posteriore su 3 posizioni. L'antibott ad azione attiva impedisce l'accumulo di neve tra le punte.","breadcrumb":{"@id":"https:\/\/www.sestogrado.it\/it\/prodotto\/camp-ascent-auto-semi-auto-ramponi\/#breadcrumb"},"inLanguage":"it-IT","potentialAction":[{"@type":"ReadAction","target":[["https:\/\/www.sestogrado.it\/it\/prodotto\/camp-ascent-auto-semi-auto-ramponi\/"]]}]},{"@type":"ImageObject","inLanguage":"it-IT","@id":"https:\/\/www.sestogrado.it\/it\/prodotto\/camp-ascent-auto-semi-auto-ramponi\/#primaryimage","url":"https:\/\/www.sestogrado.it\/wp-content\/uploads\/2020\/09\/01-9.jpg","contentUrl":"https:\/\/www.sestogrado.it\/wp-content\/uploads\/2020\/09\/01-9.jpg","width":1200,"height":1200,"caption":"camp ascent auto\/semi-auto"},{"@type":"BreadcrumbList","@id":"https:\/\/www.sestogrado.it\/it\/prodotto\/camp-ascent-auto-semi-auto-ramponi\/#breadcrumb","itemListElement":[{"@type":"ListItem","position":1,"name":"Home","item":"https:\/\/www.sestogrado.it\/it\/"},{"@type":"ListItem","position":2,"name":"Shop","item":"https:\/\/www.sestogrado.it\/it\/shop\/"},{"@type":"ListItem","position":3,"name":"Camp Ascent auto\/semi-auto ramponi"}]},{"@type":"WebSite","@id":"https:\/\/www.sestogrado.it\/it\/#website","url":"https:\/\/www.sestogrado.it\/it\/","name":"Sestogrado","description":"yes we climb","publisher":{"@id":"https:\/\/www.sestogrado.it\/it\/#organization"},"potentialAction":[{"@type":"SearchAction","target":{"@type":"EntryPoint","urlTemplate":"https:\/\/www.sestogrado.it\/it\/?s={search_term_string}"},"query-input":{"@type":"PropertyValueSpecification","valueRequired":true,"valueName":"search_term_string"}}],"inLanguage":"it-IT"},{"@type":"Organization","@id":"https:\/\/www.sestogrado.it\/it\/#organization","name":"Sestogrado","url":"https:\/\/www.sestogrado.it\/it\/","logo":{"@type":"ImageObject","inLanguage":"it-IT","@id":"https:\/\/www.sestogrado.it\/it\/#\/schema\/logo\/image\/","url":"https:\/\/www.sestogrado.it\/wp-content\/uploads\/2015\/03\/sestogrado-favicon.png","contentUrl":"https:\/\/www.sestogrado.it\/wp-content\/uploads\/2015\/03\/sestogrado-favicon.png","width":260,"height":260,"caption":"Sestogrado"},"image":{"@id":"https:\/\/www.sestogrado.it\/it\/#\/schema\/logo\/image\/"},"sameAs":["https:\/\/www.facebook.com\/pages\/Sestogrado\/1542635979353017?ref=bookmarks","https:\/\/www.youtube.com\/channel\/UC847kAfTkaJsWpc1jtQwr3Q"],"hasMerchantReturnPolicy":{"@type":"MerchantReturnPolicy","merchantReturnLink":"https:\/\/www.sestogrado.it\/it\/termini-e-condizioni\/"}}]},"product_brand":"Camp","product_price_amount":"149.00","product_price_currency":"EUR","og_availability":"instock","product_availability":"instock","product_condition":"new"},"_links":{"self":[{"href":"https:\/\/www.sestogrado.it\/it\/wp-json\/wp\/v2\/product\/41463","targetHints":{"allow":["GET"]}}],"collection":[{"href":"https:\/\/www.sestogrado.it\/it\/wp-json\/wp\/v2\/product"}],"about":[{"href":"https:\/\/www.sestogrado.it\/it\/wp-json\/wp\/v2\/types\/product"}],"replies":[{"embeddable":true,"href":"https:\/\/www.sestogrado.it\/it\/wp-json\/wp\/v2\/comments?post=41463"}],"wp:featuredmedia":[{"embeddable":true,"href":"https:\/\/www.sestogrado.it\/it\/wp-json\/wp\/v2\/media\/41464"}],"wp:attachment":[{"href":"https:\/\/www.sestogrado.it\/it\/wp-json\/wp\/v2\/media?parent=41463"}],"wp:term":[{"taxonomy":"product_brand","embeddable":true,"href":"https:\/\/www.sestogrado.it\/it\/wp-json\/wp\/v2\/product_brand?post=41463"},{"taxonomy":"product_cat","embeddable":true,"href":"https:\/\/www.sestogrado.it\/it\/wp-json\/wp\/v2\/product_cat?post=41463"},{"taxonomy":"product_tag","embeddable":true,"href":"https:\/\/www.sestogrado.it\/it\/wp-json\/wp\/v2\/product_tag?post=41463"}],"curies":[{"name":"wp","href":"https:\/\/api.w.org\/{rel}","templated":true}]}}