{"id":41413,"date":"2020-09-23T12:46:18","date_gmt":"2020-09-23T10:46:18","guid":{"rendered":"https:\/\/www.sestogrado.it\/?post_type=product&#038;p=41413"},"modified":"2026-03-26T09:15:47","modified_gmt":"2026-03-26T08:15:47","slug":"camp-nimbus-lock-moschettone-hms-con-chiusura-a-ghiera","status":"publish","type":"product","link":"https:\/\/www.sestogrado.it\/it\/prodotto\/camp-nimbus-lock-moschettone-hms-con-chiusura-a-ghiera\/","title":{"rendered":"Camp Nimbus Lock moschettone HMS con chiusura a ghiera"},"content":{"rendered":"<p>Il Camp Nimbus Lock \u00e8 un moschettone HMS con chiusura a ghiera dal design compatto. Come moschettone HMS \u00e8 omologato per la realizzazione di un nodo mezzo barcaiolo, pi\u00f9 i vantaggi tipici di questo tipo di moschettone, in grado di essere utilizzato per svariati usi, come moschettone da sicura, come vertice di sosta, etc. Il Nimbus Lock inoltre, grazie al design compatto ed alla forma arrotondata, garantisce un corretto posizionamento delle corde, agevolando tutte le manovre, dall&#8217;assicurazione alla calata in corda doppia. Il naso con geometria brevettata SphereLock ottimizza il gioco leva-moschettone per la massima sicurezza.<\/p>\n<p>\u2022 Moschettone HMS compatto, con chiusura a ghiera<br \/>\n\u2022 Ghiera leggera e comoda da azionare<br \/>\n\u2022 Naso con geometria brevettata SphereLock per la massima sicurezza<br \/>\n\u2022 Marchiatura laser di sicurezza che indica se la ghiera \u00e8 aperta o chiusa<\/p>\n<p>Il Camp Nimbus Lock offre tutti i vantaggi di un moschettone HMS con chiusura a ghiera, massimizzandoli grazie al suo design compatto.<\/p>\n<p>&nbsp;<\/p>\n<p>Passione, lavoro e semplicit\u00e0 sono alcune delle parole chiave che da sempre hanno contraddistinto il modo di essere di C.A.M.P.\u00a0Fondata nel\u00a01889 a Premana, paese dell\u2019alta Valsassina dove tutt\u2019oggi ha la sua sede, C.A.M.P.\u00a0realizza\u00a0prodotti che aiutano a realizzare i sogni ed i progetti di tutti coloro che frequentano la montagna.<\/p>\n","protected":false},"excerpt":{"rendered":"<p>Il Camp Nimbus Lock \u00e8 un moschettone HMS con chiusura a ghiera dal design compatto. Come moschettone HMS \u00e8 omologato [&hellip;]<\/p>\n","protected":false},"featured_media":109050,"comment_status":"open","ping_status":"closed","template":"","meta":{"_acf_changed":false},"product_brand":[31],"product_cat":[132],"product_tag":[],"class_list":{"0":"post-41413","1":"product","2":"type-product","3":"status-publish","4":"has-post-thumbnail","6":"product_brand-camp","7":"product_cat-moschettoni","9":"first","10":"instock","11":"sale","12":"taxable","13":"shipping-taxable","14":"purchasable","15":"product-type-simple"},"acf":[],"yoast_head":"<!-- This site is optimized with the Yoast SEO plugin v26.4 - https:\/\/yoast.com\/wordpress\/plugins\/seo\/ -->\n<title>Camp Nimbus Lock moschettone HMS con chiusura a ghiera - Sestogrado<\/title>\n<meta name=\"description\" content=\"Il Camp Nimbus Lock \u00e8 un moschettone HMS con chiusura a ghiera dal design compatto. Come moschettone HMS \u00e8 omologato per la realizzazione di un nodo mezzo barcaiolo, pi\u00f9 i vantaggi tipici di questo tipo di moschettone, in grado di essere utilizzato per svariati usi, come moschettone da sicura, come vertice di sosta, etc. Il Nimbus Lock inoltre, grazie al design compatto ed alla forma arrotondata, garantisce un corretto posizionamento delle corde, agevolando tutte le manovre, dall&#039;assicurazione alla calata in corda doppia. Il naso con geometria brevettata SphereLock ottimizza il gioco leva-moschettone per la massima sicurezza.\" \/>\n<meta name=\"robots\" content=\"index, follow, max-snippet:-1, max-image-preview:large, max-video-preview:-1\" \/>\n<link rel=\"canonical\" href=\"https:\/\/www.sestogrado.it\/it\/prodotto\/camp-nimbus-lock-moschettone-hms-con-chiusura-a-ghiera\/\" \/>\n<meta property=\"og:locale\" content=\"it_IT\" \/>\n<meta property=\"og:type\" content=\"article\" \/>\n<meta property=\"og:title\" content=\"Camp Nimbus Lock moschettone HMS con chiusura a ghiera - Sestogrado\" \/>\n<meta property=\"og:description\" content=\"Il Camp Nimbus Lock \u00e8 un moschettone HMS con chiusura a ghiera dal design compatto. Come moschettone HMS \u00e8 omologato per la realizzazione di un nodo mezzo barcaiolo, pi\u00f9 i vantaggi tipici di questo tipo di moschettone, in grado di essere utilizzato per svariati usi, come moschettone da sicura, come vertice di sosta, etc. Il Nimbus Lock inoltre, grazie al design compatto ed alla forma arrotondata, garantisce un corretto posizionamento delle corde, agevolando tutte le manovre, dall&#039;assicurazione alla calata in corda doppia. Il naso con geometria brevettata SphereLock ottimizza il gioco leva-moschettone per la massima sicurezza.\" \/>\n<meta property=\"og:url\" content=\"https:\/\/www.sestogrado.it\/it\/prodotto\/camp-nimbus-lock-moschettone-hms-con-chiusura-a-ghiera\/\" \/>\n<meta property=\"og:site_name\" content=\"Sestogrado\" \/>\n<meta property=\"article:publisher\" content=\"https:\/\/www.facebook.com\/pages\/Sestogrado\/1542635979353017?ref=bookmarks\" \/>\n<meta property=\"article:modified_time\" content=\"2026-03-26T08:15:47+00:00\" \/>\n<meta property=\"og:image\" content=\"https:\/\/www.sestogrado.it\/wp-content\/uploads\/2020\/09\/2927.jpg\" \/>\n\t<meta property=\"og:image:width\" content=\"1700\" \/>\n\t<meta property=\"og:image:height\" content=\"1700\" \/>\n\t<meta property=\"og:image:type\" content=\"image\/jpeg\" \/>\n<meta name=\"twitter:label1\" content=\"Prezzo\" \/>\n\t<meta name=\"twitter:data1\" content=\"&euro;&nbsp;11,90\" \/>\n\t<meta name=\"twitter:label2\" content=\"Disponibilit\u00e0\" \/>\n\t<meta name=\"twitter:data2\" content=\"In stock\" \/>\n<script type=\"application\/ld+json\" class=\"yoast-schema-graph\">{\"@context\":\"https:\/\/schema.org\",\"@graph\":[{\"@type\":\"WebPage\",\"@id\":\"https:\/\/www.sestogrado.it\/it\/prodotto\/camp-nimbus-lock-moschettone-hms-con-chiusura-a-ghiera\/\",\"url\":\"https:\/\/www.sestogrado.it\/it\/prodotto\/camp-nimbus-lock-moschettone-hms-con-chiusura-a-ghiera\/\",\"name\":\"Camp Nimbus Lock moschettone HMS con chiusura a ghiera - Sestogrado\",\"isPartOf\":{\"@id\":\"https:\/\/www.sestogrado.it\/it\/#website\"},\"primaryImageOfPage\":{\"@id\":\"https:\/\/www.sestogrado.it\/it\/prodotto\/camp-nimbus-lock-moschettone-hms-con-chiusura-a-ghiera\/#primaryimage\"},\"image\":{\"@id\":\"https:\/\/www.sestogrado.it\/prodotto\/camp-nimbus-lock-moschettone-hms-con-chiusura-a-ghiera\/#primaryimage\"},\"thumbnailUrl\":\"https:\/\/www.sestogrado.it\/wp-content\/uploads\/2020\/09\/2927.jpg\",\"datePublished\":\"2020-09-23T10:46:18+00:00\",\"dateModified\":\"2026-03-26T08:15:47+00:00\",\"description\":\"Il Camp Nimbus Lock \u00e8 un moschettone HMS con chiusura a ghiera dal design compatto. Come moschettone HMS \u00e8 omologato per la realizzazione di un nodo mezzo barcaiolo, pi\u00f9 i vantaggi tipici di questo tipo di moschettone, in grado di essere utilizzato per svariati usi, come moschettone da sicura, come vertice di sosta, etc. Il Nimbus Lock inoltre, grazie al design compatto ed alla forma arrotondata, garantisce un corretto posizionamento delle corde, agevolando tutte le manovre, dall'assicurazione alla calata in corda doppia. Il naso con geometria brevettata SphereLock ottimizza il gioco leva-moschettone per la massima sicurezza.\",\"breadcrumb\":{\"@id\":\"https:\/\/www.sestogrado.it\/it\/prodotto\/camp-nimbus-lock-moschettone-hms-con-chiusura-a-ghiera\/#breadcrumb\"},\"inLanguage\":\"it-IT\",\"potentialAction\":[{\"@type\":\"ReadAction\",\"target\":[[\"https:\/\/www.sestogrado.it\/it\/prodotto\/camp-nimbus-lock-moschettone-hms-con-chiusura-a-ghiera\/\"]]}]},{\"@type\":\"ImageObject\",\"inLanguage\":\"it-IT\",\"@id\":\"https:\/\/www.sestogrado.it\/it\/prodotto\/camp-nimbus-lock-moschettone-hms-con-chiusura-a-ghiera\/#primaryimage\",\"url\":\"https:\/\/www.sestogrado.it\/wp-content\/uploads\/2020\/09\/2927.jpg\",\"contentUrl\":\"https:\/\/www.sestogrado.it\/wp-content\/uploads\/2020\/09\/2927.jpg\",\"width\":1700,\"height\":1700,\"caption\":\"camp nimbus lock\"},{\"@type\":\"BreadcrumbList\",\"@id\":\"https:\/\/www.sestogrado.it\/it\/prodotto\/camp-nimbus-lock-moschettone-hms-con-chiusura-a-ghiera\/#breadcrumb\",\"itemListElement\":[{\"@type\":\"ListItem\",\"position\":1,\"name\":\"Home\",\"item\":\"https:\/\/www.sestogrado.it\/it\/\"},{\"@type\":\"ListItem\",\"position\":2,\"name\":\"Shop\",\"item\":\"https:\/\/www.sestogrado.it\/it\/shop\/\"},{\"@type\":\"ListItem\",\"position\":3,\"name\":\"Camp Nimbus Lock moschettone HMS con chiusura a ghiera\"}]},{\"@type\":\"WebSite\",\"@id\":\"https:\/\/www.sestogrado.it\/it\/#website\",\"url\":\"https:\/\/www.sestogrado.it\/it\/\",\"name\":\"Sestogrado\",\"description\":\"yes we climb\",\"publisher\":{\"@id\":\"https:\/\/www.sestogrado.it\/it\/#organization\"},\"potentialAction\":[{\"@type\":\"SearchAction\",\"target\":{\"@type\":\"EntryPoint\",\"urlTemplate\":\"https:\/\/www.sestogrado.it\/it\/?s={search_term_string}\"},\"query-input\":{\"@type\":\"PropertyValueSpecification\",\"valueRequired\":true,\"valueName\":\"search_term_string\"}}],\"inLanguage\":\"it-IT\"},{\"@type\":\"Organization\",\"@id\":\"https:\/\/www.sestogrado.it\/it\/#organization\",\"name\":\"Sestogrado\",\"url\":\"https:\/\/www.sestogrado.it\/it\/\",\"logo\":{\"@type\":\"ImageObject\",\"inLanguage\":\"it-IT\",\"@id\":\"https:\/\/www.sestogrado.it\/it\/#\/schema\/logo\/image\/\",\"url\":\"https:\/\/www.sestogrado.it\/wp-content\/uploads\/2015\/03\/sestogrado-favicon.png\",\"contentUrl\":\"https:\/\/www.sestogrado.it\/wp-content\/uploads\/2015\/03\/sestogrado-favicon.png\",\"width\":260,\"height\":260,\"caption\":\"Sestogrado\"},\"image\":{\"@id\":\"https:\/\/www.sestogrado.it\/it\/#\/schema\/logo\/image\/\"},\"sameAs\":[\"https:\/\/www.facebook.com\/pages\/Sestogrado\/1542635979353017?ref=bookmarks\",\"https:\/\/www.youtube.com\/channel\/UC847kAfTkaJsWpc1jtQwr3Q\"],\"hasMerchantReturnPolicy\":{\"@type\":\"MerchantReturnPolicy\",\"merchantReturnLink\":\"https:\/\/www.sestogrado.it\/it\/termini-e-condizioni\/\"}}]}<\/script>\n<meta property=\"product:brand\" content=\"Camp\" \/>\n<meta property=\"product:price:amount\" content=\"11.90\" \/>\n<meta property=\"product:price:currency\" content=\"EUR\" \/>\n<meta property=\"og:availability\" content=\"instock\" \/>\n<meta property=\"product:availability\" content=\"instock\" \/>\n<meta property=\"product:condition\" content=\"new\" \/>\n<!-- \/ Yoast SEO plugin. -->","yoast_head_json":{"title":"Camp Nimbus Lock moschettone HMS con chiusura a ghiera - Sestogrado","description":"Il Camp Nimbus Lock \u00e8 un moschettone HMS con chiusura a ghiera dal design compatto. Come moschettone HMS \u00e8 omologato per la realizzazione di un nodo mezzo barcaiolo, pi\u00f9 i vantaggi tipici di questo tipo di moschettone, in grado di essere utilizzato per svariati usi, come moschettone da sicura, come vertice di sosta, etc. Il Nimbus Lock inoltre, grazie al design compatto ed alla forma arrotondata, garantisce un corretto posizionamento delle corde, agevolando tutte le manovre, dall'assicurazione alla calata in corda doppia. Il naso con geometria brevettata SphereLock ottimizza il gioco leva-moschettone per la massima sicurezza.","robots":{"index":"index","follow":"follow","max-snippet":"max-snippet:-1","max-image-preview":"max-image-preview:large","max-video-preview":"max-video-preview:-1"},"canonical":"https:\/\/www.sestogrado.it\/it\/prodotto\/camp-nimbus-lock-moschettone-hms-con-chiusura-a-ghiera\/","og_locale":"it_IT","og_type":"article","og_title":"Camp Nimbus Lock moschettone HMS con chiusura a ghiera - Sestogrado","og_description":"Il Camp Nimbus Lock \u00e8 un moschettone HMS con chiusura a ghiera dal design compatto. Come moschettone HMS \u00e8 omologato per la realizzazione di un nodo mezzo barcaiolo, pi\u00f9 i vantaggi tipici di questo tipo di moschettone, in grado di essere utilizzato per svariati usi, come moschettone da sicura, come vertice di sosta, etc. Il Nimbus Lock inoltre, grazie al design compatto ed alla forma arrotondata, garantisce un corretto posizionamento delle corde, agevolando tutte le manovre, dall'assicurazione alla calata in corda doppia. Il naso con geometria brevettata SphereLock ottimizza il gioco leva-moschettone per la massima sicurezza.","og_url":"https:\/\/www.sestogrado.it\/it\/prodotto\/camp-nimbus-lock-moschettone-hms-con-chiusura-a-ghiera\/","og_site_name":"Sestogrado","article_publisher":"https:\/\/www.facebook.com\/pages\/Sestogrado\/1542635979353017?ref=bookmarks","article_modified_time":"2026-03-26T08:15:47+00:00","og_image":[{"width":1700,"height":1700,"url":"https:\/\/www.sestogrado.it\/wp-content\/uploads\/2020\/09\/2927.jpg","type":"image\/jpeg"}],"twitter_misc":{"Prezzo":"&euro;&nbsp;11,90","Disponibilit\u00e0":"In stock"},"schema":{"@context":"https:\/\/schema.org","@graph":[{"@type":"WebPage","@id":"https:\/\/www.sestogrado.it\/it\/prodotto\/camp-nimbus-lock-moschettone-hms-con-chiusura-a-ghiera\/","url":"https:\/\/www.sestogrado.it\/it\/prodotto\/camp-nimbus-lock-moschettone-hms-con-chiusura-a-ghiera\/","name":"Camp Nimbus Lock moschettone HMS con chiusura a ghiera - Sestogrado","isPartOf":{"@id":"https:\/\/www.sestogrado.it\/it\/#website"},"primaryImageOfPage":{"@id":"https:\/\/www.sestogrado.it\/it\/prodotto\/camp-nimbus-lock-moschettone-hms-con-chiusura-a-ghiera\/#primaryimage"},"image":{"@id":"https:\/\/www.sestogrado.it\/prodotto\/camp-nimbus-lock-moschettone-hms-con-chiusura-a-ghiera\/#primaryimage"},"thumbnailUrl":"https:\/\/www.sestogrado.it\/wp-content\/uploads\/2020\/09\/2927.jpg","datePublished":"2020-09-23T10:46:18+00:00","dateModified":"2026-03-26T08:15:47+00:00","description":"Il Camp Nimbus Lock \u00e8 un moschettone HMS con chiusura a ghiera dal design compatto. Come moschettone HMS \u00e8 omologato per la realizzazione di un nodo mezzo barcaiolo, pi\u00f9 i vantaggi tipici di questo tipo di moschettone, in grado di essere utilizzato per svariati usi, come moschettone da sicura, come vertice di sosta, etc. Il Nimbus Lock inoltre, grazie al design compatto ed alla forma arrotondata, garantisce un corretto posizionamento delle corde, agevolando tutte le manovre, dall'assicurazione alla calata in corda doppia. Il naso con geometria brevettata SphereLock ottimizza il gioco leva-moschettone per la massima sicurezza.","breadcrumb":{"@id":"https:\/\/www.sestogrado.it\/it\/prodotto\/camp-nimbus-lock-moschettone-hms-con-chiusura-a-ghiera\/#breadcrumb"},"inLanguage":"it-IT","potentialAction":[{"@type":"ReadAction","target":[["https:\/\/www.sestogrado.it\/it\/prodotto\/camp-nimbus-lock-moschettone-hms-con-chiusura-a-ghiera\/"]]}]},{"@type":"ImageObject","inLanguage":"it-IT","@id":"https:\/\/www.sestogrado.it\/it\/prodotto\/camp-nimbus-lock-moschettone-hms-con-chiusura-a-ghiera\/#primaryimage","url":"https:\/\/www.sestogrado.it\/wp-content\/uploads\/2020\/09\/2927.jpg","contentUrl":"https:\/\/www.sestogrado.it\/wp-content\/uploads\/2020\/09\/2927.jpg","width":1700,"height":1700,"caption":"camp nimbus lock"},{"@type":"BreadcrumbList","@id":"https:\/\/www.sestogrado.it\/it\/prodotto\/camp-nimbus-lock-moschettone-hms-con-chiusura-a-ghiera\/#breadcrumb","itemListElement":[{"@type":"ListItem","position":1,"name":"Home","item":"https:\/\/www.sestogrado.it\/it\/"},{"@type":"ListItem","position":2,"name":"Shop","item":"https:\/\/www.sestogrado.it\/it\/shop\/"},{"@type":"ListItem","position":3,"name":"Camp Nimbus Lock moschettone HMS con chiusura a ghiera"}]},{"@type":"WebSite","@id":"https:\/\/www.sestogrado.it\/it\/#website","url":"https:\/\/www.sestogrado.it\/it\/","name":"Sestogrado","description":"yes we climb","publisher":{"@id":"https:\/\/www.sestogrado.it\/it\/#organization"},"potentialAction":[{"@type":"SearchAction","target":{"@type":"EntryPoint","urlTemplate":"https:\/\/www.sestogrado.it\/it\/?s={search_term_string}"},"query-input":{"@type":"PropertyValueSpecification","valueRequired":true,"valueName":"search_term_string"}}],"inLanguage":"it-IT"},{"@type":"Organization","@id":"https:\/\/www.sestogrado.it\/it\/#organization","name":"Sestogrado","url":"https:\/\/www.sestogrado.it\/it\/","logo":{"@type":"ImageObject","inLanguage":"it-IT","@id":"https:\/\/www.sestogrado.it\/it\/#\/schema\/logo\/image\/","url":"https:\/\/www.sestogrado.it\/wp-content\/uploads\/2015\/03\/sestogrado-favicon.png","contentUrl":"https:\/\/www.sestogrado.it\/wp-content\/uploads\/2015\/03\/sestogrado-favicon.png","width":260,"height":260,"caption":"Sestogrado"},"image":{"@id":"https:\/\/www.sestogrado.it\/it\/#\/schema\/logo\/image\/"},"sameAs":["https:\/\/www.facebook.com\/pages\/Sestogrado\/1542635979353017?ref=bookmarks","https:\/\/www.youtube.com\/channel\/UC847kAfTkaJsWpc1jtQwr3Q"],"hasMerchantReturnPolicy":{"@type":"MerchantReturnPolicy","merchantReturnLink":"https:\/\/www.sestogrado.it\/it\/termini-e-condizioni\/"}}]},"product_brand":"Camp","product_price_amount":"11.90","product_price_currency":"EUR","og_availability":"instock","product_availability":"instock","product_condition":"new"},"_links":{"self":[{"href":"https:\/\/www.sestogrado.it\/it\/wp-json\/wp\/v2\/product\/41413","targetHints":{"allow":["GET"]}}],"collection":[{"href":"https:\/\/www.sestogrado.it\/it\/wp-json\/wp\/v2\/product"}],"about":[{"href":"https:\/\/www.sestogrado.it\/it\/wp-json\/wp\/v2\/types\/product"}],"replies":[{"embeddable":true,"href":"https:\/\/www.sestogrado.it\/it\/wp-json\/wp\/v2\/comments?post=41413"}],"wp:featuredmedia":[{"embeddable":true,"href":"https:\/\/www.sestogrado.it\/it\/wp-json\/wp\/v2\/media\/109050"}],"wp:attachment":[{"href":"https:\/\/www.sestogrado.it\/it\/wp-json\/wp\/v2\/media?parent=41413"}],"wp:term":[{"taxonomy":"product_brand","embeddable":true,"href":"https:\/\/www.sestogrado.it\/it\/wp-json\/wp\/v2\/product_brand?post=41413"},{"taxonomy":"product_cat","embeddable":true,"href":"https:\/\/www.sestogrado.it\/it\/wp-json\/wp\/v2\/product_cat?post=41413"},{"taxonomy":"product_tag","embeddable":true,"href":"https:\/\/www.sestogrado.it\/it\/wp-json\/wp\/v2\/product_tag?post=41413"}],"curies":[{"name":"wp","href":"https:\/\/api.w.org\/{rel}","templated":true}]}}