{"id":408,"date":"2015-03-10T19:15:43","date_gmt":"2015-03-10T18:15:43","guid":{"rendered":"http:\/\/www.sestogrado.it\/?post_type=product&#038;p=408"},"modified":"2025-12-05T17:26:20","modified_gmt":"2025-12-05T16:26:20","slug":"camp-photon-lock-moschettone-a-ghiera-superleggero","status":"publish","type":"product","link":"https:\/\/www.sestogrado.it\/it\/prodotto\/camp-photon-lock-moschettone-a-ghiera-superleggero\/","title":{"rendered":"Camp Photon Lock moschettone a ghiera"},"content":{"rendered":"<p>I moschettoni a ghiera leggeri sono delle rarit\u00e0, specialmente se di dimensioni full-size.<\/p>\n<p>Il Photon, moschettone a ghiera superleggero con chiusura SphereLock brevettato \u00e8 uno di questi, unendo brillantemente entrambe le caratteristiche. Proprio per le sue dimensioni \u00e8 comodo da usare anche indossando i guanti ed \u00e8 quindi ideale per l\u2019alpinismo, dove la leggerezza \u00e8 fondamentale. Il naso particolarmente sottile, con chiusura SphereLock super sottile, permette di agganciarlo e rimuoverlo facilmente da fettucce, cordini e chiodi, facendone il moschettone ideale per le soste.<\/p>\n<div align=\"JUSTIFY\">\u2022 Il moschettone a ghiera pi\u00f9 leggero della gamma<br \/>\n\u2022 Ghiera leggera e comoda da azionare<br \/>\n\u2022 Naso sottile con sistema brevettato SphereLock per la massima sicurezza<br \/>\n\u2022 Marchiatura laser di sicurezza che indica se la ghiera \u00e8 aperta o chiusa<br \/>\n\u2022 Disponibile in 2 colori<\/div>\n<p><\/p>","protected":false},"excerpt":{"rendered":"<p>I moschettoni a ghiera leggeri sono delle rarit\u00e0, specialmente se di dimensioni full-size. Il Photon, moschettone a ghiera superleggero con [&hellip;]<\/p>\n","protected":false},"featured_media":35196,"comment_status":"open","ping_status":"closed","template":"","meta":{"_acf_changed":false},"product_brand":[31],"product_cat":[17,132],"product_tag":[],"class_list":{"0":"post-408","1":"product","2":"type-product","3":"status-publish","4":"has-post-thumbnail","6":"product_brand-camp","7":"product_cat-ferramenta","8":"product_cat-moschettoni","10":"first","11":"instock","12":"sale","13":"taxable","14":"shipping-taxable","15":"purchasable","16":"product-type-variable"},"acf":[],"yoast_head":"<!-- This site is optimized with the Yoast SEO plugin v26.4 - https:\/\/yoast.com\/wordpress\/plugins\/seo\/ -->\n<title>Camp Photon Lock moschettone a ghiera - Sestogrado<\/title>\n<meta name=\"description\" content=\"I moschettoni a ghiera leggeri sono delle rarit\u00e0, specialmente se di dimensioni full-size.Il Photon, moschettone a ghiera superleggero con chiusura SphereLock brevettato \u00e8 uno di questi, unendo brillantemente entrambe le caratteristiche. Proprio per le sue dimensioni \u00e8 comodo da usare anche indossando i guanti ed \u00e8 quindi ideale per l\u2019alpinismo, dove la leggerezza \u00e8 fondamentale. Il naso particolarmente sottile, con chiusura SphereLock super sottile, permette di agganciarlo e rimuoverlo facilmente da fettucce, cordini e chiodi, facendone il moschettone ideale per le soste.\" \/>\n<meta name=\"robots\" content=\"index, follow, max-snippet:-1, max-image-preview:large, max-video-preview:-1\" \/>\n<link rel=\"canonical\" href=\"https:\/\/www.sestogrado.it\/it\/prodotto\/camp-photon-lock-moschettone-a-ghiera-superleggero\/\" \/>\n<meta property=\"og:locale\" content=\"it_IT\" \/>\n<meta property=\"og:type\" content=\"article\" \/>\n<meta property=\"og:title\" content=\"Camp Photon Lock moschettone a ghiera - Sestogrado\" \/>\n<meta property=\"og:description\" content=\"I moschettoni a ghiera leggeri sono delle rarit\u00e0, specialmente se di dimensioni full-size.Il Photon, moschettone a ghiera superleggero con chiusura SphereLock brevettato \u00e8 uno di questi, unendo brillantemente entrambe le caratteristiche. Proprio per le sue dimensioni \u00e8 comodo da usare anche indossando i guanti ed \u00e8 quindi ideale per l\u2019alpinismo, dove la leggerezza \u00e8 fondamentale. Il naso particolarmente sottile, con chiusura SphereLock super sottile, permette di agganciarlo e rimuoverlo facilmente da fettucce, cordini e chiodi, facendone il moschettone ideale per le soste.\" \/>\n<meta property=\"og:url\" content=\"https:\/\/www.sestogrado.it\/it\/prodotto\/camp-photon-lock-moschettone-a-ghiera-superleggero\/\" \/>\n<meta property=\"og:site_name\" content=\"Sestogrado\" \/>\n<meta property=\"article:publisher\" content=\"https:\/\/www.facebook.com\/pages\/Sestogrado\/1542635979353017?ref=bookmarks\" \/>\n<meta property=\"article:modified_time\" content=\"2025-12-05T16:26:20+00:00\" \/>\n<meta property=\"og:image\" content=\"https:\/\/www.sestogrado.it\/wp-content\/uploads\/2015\/03\/02-7.jpg\" \/>\n\t<meta property=\"og:image:width\" content=\"1400\" \/>\n\t<meta property=\"og:image:height\" content=\"1400\" \/>\n\t<meta property=\"og:image:type\" content=\"image\/jpeg\" \/>\n<meta name=\"twitter:label1\" content=\"Disponibilit\u00e0\" \/>\n\t<meta name=\"twitter:data1\" content=\"In stock\" \/>\n<script type=\"application\/ld+json\" class=\"yoast-schema-graph\">{\"@context\":\"https:\/\/schema.org\",\"@graph\":[{\"@type\":\"WebPage\",\"@id\":\"https:\/\/www.sestogrado.it\/it\/prodotto\/camp-photon-lock-moschettone-a-ghiera-superleggero\/\",\"url\":\"https:\/\/www.sestogrado.it\/it\/prodotto\/camp-photon-lock-moschettone-a-ghiera-superleggero\/\",\"name\":\"Camp Photon Lock moschettone a ghiera - Sestogrado\",\"isPartOf\":{\"@id\":\"https:\/\/www.sestogrado.it\/it\/#website\"},\"primaryImageOfPage\":{\"@id\":\"https:\/\/www.sestogrado.it\/it\/prodotto\/camp-photon-lock-moschettone-a-ghiera-superleggero\/#primaryimage\"},\"image\":{\"@id\":\"https:\/\/www.sestogrado.it\/prodotto\/camp-photon-lock-moschettone-a-ghiera-superleggero\/#primaryimage\"},\"thumbnailUrl\":\"https:\/\/www.sestogrado.it\/wp-content\/uploads\/2015\/03\/02-7.jpg\",\"datePublished\":\"2015-03-10T18:15:43+00:00\",\"dateModified\":\"2025-12-05T16:26:20+00:00\",\"description\":\"I moschettoni a ghiera leggeri sono delle rarit\u00e0, specialmente se di dimensioni full-size.Il Photon, moschettone a ghiera superleggero con chiusura SphereLock brevettato \u00e8 uno di questi, unendo brillantemente entrambe le caratteristiche. Proprio per le sue dimensioni \u00e8 comodo da usare anche indossando i guanti ed \u00e8 quindi ideale per l\u2019alpinismo, dove la leggerezza \u00e8 fondamentale. Il naso particolarmente sottile, con chiusura SphereLock super sottile, permette di agganciarlo e rimuoverlo facilmente da fettucce, cordini e chiodi, facendone il moschettone ideale per le soste.\",\"breadcrumb\":{\"@id\":\"https:\/\/www.sestogrado.it\/it\/prodotto\/camp-photon-lock-moschettone-a-ghiera-superleggero\/#breadcrumb\"},\"inLanguage\":\"it-IT\",\"potentialAction\":[{\"@type\":\"ReadAction\",\"target\":[[\"https:\/\/www.sestogrado.it\/it\/prodotto\/camp-photon-lock-moschettone-a-ghiera-superleggero\/\"]]}]},{\"@type\":\"ImageObject\",\"inLanguage\":\"it-IT\",\"@id\":\"https:\/\/www.sestogrado.it\/it\/prodotto\/camp-photon-lock-moschettone-a-ghiera-superleggero\/#primaryimage\",\"url\":\"https:\/\/www.sestogrado.it\/wp-content\/uploads\/2015\/03\/02-7.jpg\",\"contentUrl\":\"https:\/\/www.sestogrado.it\/wp-content\/uploads\/2015\/03\/02-7.jpg\",\"width\":1400,\"height\":1400,\"caption\":\"camp photon lock canna fucile\"},{\"@type\":\"BreadcrumbList\",\"@id\":\"https:\/\/www.sestogrado.it\/it\/prodotto\/camp-photon-lock-moschettone-a-ghiera-superleggero\/#breadcrumb\",\"itemListElement\":[{\"@type\":\"ListItem\",\"position\":1,\"name\":\"Home\",\"item\":\"https:\/\/www.sestogrado.it\/it\/\"},{\"@type\":\"ListItem\",\"position\":2,\"name\":\"Shop\",\"item\":\"https:\/\/www.sestogrado.it\/it\/shop\/\"},{\"@type\":\"ListItem\",\"position\":3,\"name\":\"Camp Photon Lock moschettone a ghiera\"}]},{\"@type\":\"WebSite\",\"@id\":\"https:\/\/www.sestogrado.it\/it\/#website\",\"url\":\"https:\/\/www.sestogrado.it\/it\/\",\"name\":\"Sestogrado\",\"description\":\"yes we climb\",\"publisher\":{\"@id\":\"https:\/\/www.sestogrado.it\/it\/#organization\"},\"potentialAction\":[{\"@type\":\"SearchAction\",\"target\":{\"@type\":\"EntryPoint\",\"urlTemplate\":\"https:\/\/www.sestogrado.it\/it\/?s={search_term_string}\"},\"query-input\":{\"@type\":\"PropertyValueSpecification\",\"valueRequired\":true,\"valueName\":\"search_term_string\"}}],\"inLanguage\":\"it-IT\"},{\"@type\":\"Organization\",\"@id\":\"https:\/\/www.sestogrado.it\/it\/#organization\",\"name\":\"Sestogrado\",\"url\":\"https:\/\/www.sestogrado.it\/it\/\",\"logo\":{\"@type\":\"ImageObject\",\"inLanguage\":\"it-IT\",\"@id\":\"https:\/\/www.sestogrado.it\/it\/#\/schema\/logo\/image\/\",\"url\":\"https:\/\/www.sestogrado.it\/wp-content\/uploads\/2015\/03\/sestogrado-favicon.png\",\"contentUrl\":\"https:\/\/www.sestogrado.it\/wp-content\/uploads\/2015\/03\/sestogrado-favicon.png\",\"width\":260,\"height\":260,\"caption\":\"Sestogrado\"},\"image\":{\"@id\":\"https:\/\/www.sestogrado.it\/it\/#\/schema\/logo\/image\/\"},\"sameAs\":[\"https:\/\/www.facebook.com\/pages\/Sestogrado\/1542635979353017?ref=bookmarks\",\"https:\/\/www.youtube.com\/channel\/UC847kAfTkaJsWpc1jtQwr3Q\"],\"hasMerchantReturnPolicy\":{\"@type\":\"MerchantReturnPolicy\",\"merchantReturnLink\":\"https:\/\/www.sestogrado.it\/it\/termini-e-condizioni\/\"}}]}<\/script>\n<meta property=\"product:brand\" content=\"Camp\" \/>\n<meta property=\"og:availability\" content=\"instock\" \/>\n<meta property=\"product:availability\" content=\"instock\" \/>\n<meta property=\"product:condition\" content=\"new\" \/>\n<!-- \/ Yoast SEO plugin. -->","yoast_head_json":{"title":"Camp Photon Lock moschettone a ghiera - Sestogrado","description":"I moschettoni a ghiera leggeri sono delle rarit\u00e0, specialmente se di dimensioni full-size.Il Photon, moschettone a ghiera superleggero con chiusura SphereLock brevettato \u00e8 uno di questi, unendo brillantemente entrambe le caratteristiche. Proprio per le sue dimensioni \u00e8 comodo da usare anche indossando i guanti ed \u00e8 quindi ideale per l\u2019alpinismo, dove la leggerezza \u00e8 fondamentale. Il naso particolarmente sottile, con chiusura SphereLock super sottile, permette di agganciarlo e rimuoverlo facilmente da fettucce, cordini e chiodi, facendone il moschettone ideale per le soste.","robots":{"index":"index","follow":"follow","max-snippet":"max-snippet:-1","max-image-preview":"max-image-preview:large","max-video-preview":"max-video-preview:-1"},"canonical":"https:\/\/www.sestogrado.it\/it\/prodotto\/camp-photon-lock-moschettone-a-ghiera-superleggero\/","og_locale":"it_IT","og_type":"article","og_title":"Camp Photon Lock moschettone a ghiera - Sestogrado","og_description":"I moschettoni a ghiera leggeri sono delle rarit\u00e0, specialmente se di dimensioni full-size.Il Photon, moschettone a ghiera superleggero con chiusura SphereLock brevettato \u00e8 uno di questi, unendo brillantemente entrambe le caratteristiche. Proprio per le sue dimensioni \u00e8 comodo da usare anche indossando i guanti ed \u00e8 quindi ideale per l\u2019alpinismo, dove la leggerezza \u00e8 fondamentale. Il naso particolarmente sottile, con chiusura SphereLock super sottile, permette di agganciarlo e rimuoverlo facilmente da fettucce, cordini e chiodi, facendone il moschettone ideale per le soste.","og_url":"https:\/\/www.sestogrado.it\/it\/prodotto\/camp-photon-lock-moschettone-a-ghiera-superleggero\/","og_site_name":"Sestogrado","article_publisher":"https:\/\/www.facebook.com\/pages\/Sestogrado\/1542635979353017?ref=bookmarks","article_modified_time":"2025-12-05T16:26:20+00:00","og_image":[{"width":1400,"height":1400,"url":"https:\/\/www.sestogrado.it\/wp-content\/uploads\/2015\/03\/02-7.jpg","type":"image\/jpeg"}],"twitter_misc":{"Disponibilit\u00e0":"In stock"},"schema":{"@context":"https:\/\/schema.org","@graph":[{"@type":"WebPage","@id":"https:\/\/www.sestogrado.it\/it\/prodotto\/camp-photon-lock-moschettone-a-ghiera-superleggero\/","url":"https:\/\/www.sestogrado.it\/it\/prodotto\/camp-photon-lock-moschettone-a-ghiera-superleggero\/","name":"Camp Photon Lock moschettone a ghiera - Sestogrado","isPartOf":{"@id":"https:\/\/www.sestogrado.it\/it\/#website"},"primaryImageOfPage":{"@id":"https:\/\/www.sestogrado.it\/it\/prodotto\/camp-photon-lock-moschettone-a-ghiera-superleggero\/#primaryimage"},"image":{"@id":"https:\/\/www.sestogrado.it\/prodotto\/camp-photon-lock-moschettone-a-ghiera-superleggero\/#primaryimage"},"thumbnailUrl":"https:\/\/www.sestogrado.it\/wp-content\/uploads\/2015\/03\/02-7.jpg","datePublished":"2015-03-10T18:15:43+00:00","dateModified":"2025-12-05T16:26:20+00:00","description":"I moschettoni a ghiera leggeri sono delle rarit\u00e0, specialmente se di dimensioni full-size.Il Photon, moschettone a ghiera superleggero con chiusura SphereLock brevettato \u00e8 uno di questi, unendo brillantemente entrambe le caratteristiche. Proprio per le sue dimensioni \u00e8 comodo da usare anche indossando i guanti ed \u00e8 quindi ideale per l\u2019alpinismo, dove la leggerezza \u00e8 fondamentale. Il naso particolarmente sottile, con chiusura SphereLock super sottile, permette di agganciarlo e rimuoverlo facilmente da fettucce, cordini e chiodi, facendone il moschettone ideale per le soste.","breadcrumb":{"@id":"https:\/\/www.sestogrado.it\/it\/prodotto\/camp-photon-lock-moschettone-a-ghiera-superleggero\/#breadcrumb"},"inLanguage":"it-IT","potentialAction":[{"@type":"ReadAction","target":[["https:\/\/www.sestogrado.it\/it\/prodotto\/camp-photon-lock-moschettone-a-ghiera-superleggero\/"]]}]},{"@type":"ImageObject","inLanguage":"it-IT","@id":"https:\/\/www.sestogrado.it\/it\/prodotto\/camp-photon-lock-moschettone-a-ghiera-superleggero\/#primaryimage","url":"https:\/\/www.sestogrado.it\/wp-content\/uploads\/2015\/03\/02-7.jpg","contentUrl":"https:\/\/www.sestogrado.it\/wp-content\/uploads\/2015\/03\/02-7.jpg","width":1400,"height":1400,"caption":"camp photon lock canna fucile"},{"@type":"BreadcrumbList","@id":"https:\/\/www.sestogrado.it\/it\/prodotto\/camp-photon-lock-moschettone-a-ghiera-superleggero\/#breadcrumb","itemListElement":[{"@type":"ListItem","position":1,"name":"Home","item":"https:\/\/www.sestogrado.it\/it\/"},{"@type":"ListItem","position":2,"name":"Shop","item":"https:\/\/www.sestogrado.it\/it\/shop\/"},{"@type":"ListItem","position":3,"name":"Camp Photon Lock moschettone a ghiera"}]},{"@type":"WebSite","@id":"https:\/\/www.sestogrado.it\/it\/#website","url":"https:\/\/www.sestogrado.it\/it\/","name":"Sestogrado","description":"yes we climb","publisher":{"@id":"https:\/\/www.sestogrado.it\/it\/#organization"},"potentialAction":[{"@type":"SearchAction","target":{"@type":"EntryPoint","urlTemplate":"https:\/\/www.sestogrado.it\/it\/?s={search_term_string}"},"query-input":{"@type":"PropertyValueSpecification","valueRequired":true,"valueName":"search_term_string"}}],"inLanguage":"it-IT"},{"@type":"Organization","@id":"https:\/\/www.sestogrado.it\/it\/#organization","name":"Sestogrado","url":"https:\/\/www.sestogrado.it\/it\/","logo":{"@type":"ImageObject","inLanguage":"it-IT","@id":"https:\/\/www.sestogrado.it\/it\/#\/schema\/logo\/image\/","url":"https:\/\/www.sestogrado.it\/wp-content\/uploads\/2015\/03\/sestogrado-favicon.png","contentUrl":"https:\/\/www.sestogrado.it\/wp-content\/uploads\/2015\/03\/sestogrado-favicon.png","width":260,"height":260,"caption":"Sestogrado"},"image":{"@id":"https:\/\/www.sestogrado.it\/it\/#\/schema\/logo\/image\/"},"sameAs":["https:\/\/www.facebook.com\/pages\/Sestogrado\/1542635979353017?ref=bookmarks","https:\/\/www.youtube.com\/channel\/UC847kAfTkaJsWpc1jtQwr3Q"],"hasMerchantReturnPolicy":{"@type":"MerchantReturnPolicy","merchantReturnLink":"https:\/\/www.sestogrado.it\/it\/termini-e-condizioni\/"}}]},"product_brand":"Camp","og_availability":"instock","product_availability":"instock","product_condition":"new"},"_links":{"self":[{"href":"https:\/\/www.sestogrado.it\/it\/wp-json\/wp\/v2\/product\/408","targetHints":{"allow":["GET"]}}],"collection":[{"href":"https:\/\/www.sestogrado.it\/it\/wp-json\/wp\/v2\/product"}],"about":[{"href":"https:\/\/www.sestogrado.it\/it\/wp-json\/wp\/v2\/types\/product"}],"replies":[{"embeddable":true,"href":"https:\/\/www.sestogrado.it\/it\/wp-json\/wp\/v2\/comments?post=408"}],"wp:featuredmedia":[{"embeddable":true,"href":"https:\/\/www.sestogrado.it\/it\/wp-json\/wp\/v2\/media\/35196"}],"wp:attachment":[{"href":"https:\/\/www.sestogrado.it\/it\/wp-json\/wp\/v2\/media?parent=408"}],"wp:term":[{"taxonomy":"product_brand","embeddable":true,"href":"https:\/\/www.sestogrado.it\/it\/wp-json\/wp\/v2\/product_brand?post=408"},{"taxonomy":"product_cat","embeddable":true,"href":"https:\/\/www.sestogrado.it\/it\/wp-json\/wp\/v2\/product_cat?post=408"},{"taxonomy":"product_tag","embeddable":true,"href":"https:\/\/www.sestogrado.it\/it\/wp-json\/wp\/v2\/product_tag?post=408"}],"curies":[{"name":"wp","href":"https:\/\/api.w.org\/{rel}","templated":true}]}}