{"id":40762,"date":"2020-09-14T14:51:10","date_gmt":"2020-09-14T12:51:10","guid":{"rendered":"https:\/\/www.sestogrado.it\/?post_type=product&#038;p=40762"},"modified":"2025-04-03T08:43:40","modified_gmt":"2025-04-03T06:43:40","slug":"edelweiss-liquid-chalk-magnesite-liquida-con-alcool","status":"publish","type":"product","link":"https:\/\/www.sestogrado.it\/it\/prodotto\/edelweiss-liquid-chalk-magnesite-liquida-con-alcool\/","title":{"rendered":"Edelweiss Liquid Chalk magnesite liquida con alcool"},"content":{"rendered":"<p>Edelweiss Liquid Chalk \u00e8 una magnesite liquida con alcool che garantisce aderenza e grip delle mani senza fare polvere. E&#8217; composta per un minimo del 75% da alcool isopropilico ed \u00e8 quindi idonea ed autorizzata per essere utilizzata in tutte le palestre, in aderenza con le normativa sulla sanificazione delle mani.<\/p>\n<p>In esterno, sui boulder o in parete, in aggiunta alla magnesite classica in polvere, fornisce un extra grip eccezionale.<\/p>\n<ul>\n<li>Non inquina la roccia.<\/li>\n<li>Non fa polvere.<\/li>\n<li>Flacone grande capacit\u00e0 : 250 ml.<\/li>\n<\/ul>\n<p>Composizione: alcool isopropilico e polvere di Carbonato di Magnesio MgCO3 (di cui MgO= 47,84; CO2 =52,16) in sospensione.<\/p>\n<p>La percentuale di alcool presente varia da un minimo del 75% ad un massimo del 78%, in funzione di alcuni fattori ambientali al momento della preparazione del prodotto (se durante la lavorazione, l\u2019umidit\u00e0 relativa \u00e8 pi\u00f9 alta, \u00e8 necessario aumentare la quantit\u00e0 di alcool per ottenere la stessa soluzione in condizioni di umidit\u00e0 relativa inferiori).<\/p>\n<p>&nbsp;<\/p>\n<p>&nbsp;<\/p>","protected":false},"excerpt":{"rendered":"<p>Edelweiss Liquid Chalk \u00e8 una magnesite liquida con alcool che garantisce aderenza e grip delle mani senza fare polvere. E&#8217; [&hellip;]<\/p>\n","protected":false},"featured_media":40765,"comment_status":"open","ping_status":"closed","template":"","meta":{"_acf_changed":false},"product_brand":[52],"product_cat":[140],"product_tag":[],"class_list":{"0":"post-40762","1":"product","2":"type-product","3":"status-publish","4":"has-post-thumbnail","6":"product_brand-edelweiss","7":"product_cat-magnesite","9":"first","10":"instock","11":"sale","12":"taxable","13":"shipping-taxable","14":"purchasable","15":"product-type-simple"},"acf":[],"yoast_head":"<!-- This site is optimized with the Yoast SEO plugin v26.4 - https:\/\/yoast.com\/wordpress\/plugins\/seo\/ -->\n<title>Edelweiss Liquid Chalk magnesite liquida con alcool - Sestogrado<\/title>\n<meta name=\"description\" content=\"Edelweiss Liquid Chalk \u00e8 una magnesite liquida con alcool che garantisce aderenza e grip delle mani senza fare polvere. E&#039; composta per un minimo del 75% da alcool isopropilico ed \u00e8 quindi idonea ed autorizzata per essere utilizzata in tutte le palestre, in aderenza con le normativa sulla sanificazione delle mani.In esterno, sui boulder o in parete, in aggiunta alla magnesite classica in polvere, fornisce un extra grip eccezionale.\" \/>\n<meta name=\"robots\" content=\"index, follow, max-snippet:-1, max-image-preview:large, max-video-preview:-1\" \/>\n<link rel=\"canonical\" href=\"https:\/\/www.sestogrado.it\/it\/prodotto\/edelweiss-liquid-chalk-magnesite-liquida-con-alcool\/\" \/>\n<meta property=\"og:locale\" content=\"it_IT\" \/>\n<meta property=\"og:type\" content=\"article\" \/>\n<meta property=\"og:title\" content=\"Edelweiss Liquid Chalk magnesite liquida con alcool - Sestogrado\" \/>\n<meta property=\"og:description\" content=\"Edelweiss Liquid Chalk \u00e8 una magnesite liquida con alcool che garantisce aderenza e grip delle mani senza fare polvere. E&#039; composta per un minimo del 75% da alcool isopropilico ed \u00e8 quindi idonea ed autorizzata per essere utilizzata in tutte le palestre, in aderenza con le normativa sulla sanificazione delle mani.In esterno, sui boulder o in parete, in aggiunta alla magnesite classica in polvere, fornisce un extra grip eccezionale.\" \/>\n<meta property=\"og:url\" content=\"https:\/\/www.sestogrado.it\/it\/prodotto\/edelweiss-liquid-chalk-magnesite-liquida-con-alcool\/\" \/>\n<meta property=\"og:site_name\" content=\"Sestogrado\" \/>\n<meta property=\"article:publisher\" content=\"https:\/\/www.facebook.com\/pages\/Sestogrado\/1542635979353017?ref=bookmarks\" \/>\n<meta property=\"article:modified_time\" content=\"2025-04-03T06:43:40+00:00\" \/>\n<meta property=\"og:image\" content=\"https:\/\/www.sestogrado.it\/wp-content\/uploads\/2020\/09\/edelweiss-liquid.jpg\" \/>\n\t<meta property=\"og:image:width\" content=\"1073\" \/>\n\t<meta property=\"og:image:height\" content=\"1073\" \/>\n\t<meta property=\"og:image:type\" content=\"image\/jpeg\" \/>\n<meta name=\"twitter:label1\" content=\"Prezzo\" \/>\n\t<meta name=\"twitter:data1\" content=\"&euro;&nbsp;12,90\" \/>\n\t<meta name=\"twitter:label2\" content=\"Disponibilit\u00e0\" \/>\n\t<meta name=\"twitter:data2\" content=\"In stock\" \/>\n<script type=\"application\/ld+json\" class=\"yoast-schema-graph\">{\"@context\":\"https:\/\/schema.org\",\"@graph\":[{\"@type\":\"WebPage\",\"@id\":\"https:\/\/www.sestogrado.it\/it\/prodotto\/edelweiss-liquid-chalk-magnesite-liquida-con-alcool\/\",\"url\":\"https:\/\/www.sestogrado.it\/it\/prodotto\/edelweiss-liquid-chalk-magnesite-liquida-con-alcool\/\",\"name\":\"Edelweiss Liquid Chalk magnesite liquida con alcool - Sestogrado\",\"isPartOf\":{\"@id\":\"https:\/\/www.sestogrado.it\/it\/#website\"},\"primaryImageOfPage\":{\"@id\":\"https:\/\/www.sestogrado.it\/it\/prodotto\/edelweiss-liquid-chalk-magnesite-liquida-con-alcool\/#primaryimage\"},\"image\":{\"@id\":\"https:\/\/www.sestogrado.it\/prodotto\/edelweiss-liquid-chalk-magnesite-liquida-con-alcool\/#primaryimage\"},\"thumbnailUrl\":\"https:\/\/www.sestogrado.it\/wp-content\/uploads\/2020\/09\/edelweiss-liquid.jpg\",\"datePublished\":\"2020-09-14T12:51:10+00:00\",\"dateModified\":\"2025-04-03T06:43:40+00:00\",\"description\":\"Edelweiss Liquid Chalk \u00e8 una magnesite liquida con alcool che garantisce aderenza e grip delle mani senza fare polvere. E' composta per un minimo del 75% da alcool isopropilico ed \u00e8 quindi idonea ed autorizzata per essere utilizzata in tutte le palestre, in aderenza con le normativa sulla sanificazione delle mani.In esterno, sui boulder o in parete, in aggiunta alla magnesite classica in polvere, fornisce un extra grip eccezionale.\",\"breadcrumb\":{\"@id\":\"https:\/\/www.sestogrado.it\/it\/prodotto\/edelweiss-liquid-chalk-magnesite-liquida-con-alcool\/#breadcrumb\"},\"inLanguage\":\"it-IT\",\"potentialAction\":[{\"@type\":\"ReadAction\",\"target\":[[\"https:\/\/www.sestogrado.it\/it\/prodotto\/edelweiss-liquid-chalk-magnesite-liquida-con-alcool\/\"]]}]},{\"@type\":\"ImageObject\",\"inLanguage\":\"it-IT\",\"@id\":\"https:\/\/www.sestogrado.it\/it\/prodotto\/edelweiss-liquid-chalk-magnesite-liquida-con-alcool\/#primaryimage\",\"url\":\"https:\/\/www.sestogrado.it\/wp-content\/uploads\/2020\/09\/edelweiss-liquid.jpg\",\"contentUrl\":\"https:\/\/www.sestogrado.it\/wp-content\/uploads\/2020\/09\/edelweiss-liquid.jpg\",\"width\":1073,\"height\":1073,\"caption\":\"edelweiss-liquid chalk\"},{\"@type\":\"BreadcrumbList\",\"@id\":\"https:\/\/www.sestogrado.it\/it\/prodotto\/edelweiss-liquid-chalk-magnesite-liquida-con-alcool\/#breadcrumb\",\"itemListElement\":[{\"@type\":\"ListItem\",\"position\":1,\"name\":\"Home\",\"item\":\"https:\/\/www.sestogrado.it\/it\/\"},{\"@type\":\"ListItem\",\"position\":2,\"name\":\"Shop\",\"item\":\"https:\/\/www.sestogrado.it\/it\/shop\/\"},{\"@type\":\"ListItem\",\"position\":3,\"name\":\"Edelweiss Liquid Chalk magnesite liquida con alcool\"}]},{\"@type\":\"WebSite\",\"@id\":\"https:\/\/www.sestogrado.it\/it\/#website\",\"url\":\"https:\/\/www.sestogrado.it\/it\/\",\"name\":\"Sestogrado\",\"description\":\"yes we climb\",\"publisher\":{\"@id\":\"https:\/\/www.sestogrado.it\/it\/#organization\"},\"potentialAction\":[{\"@type\":\"SearchAction\",\"target\":{\"@type\":\"EntryPoint\",\"urlTemplate\":\"https:\/\/www.sestogrado.it\/it\/?s={search_term_string}\"},\"query-input\":{\"@type\":\"PropertyValueSpecification\",\"valueRequired\":true,\"valueName\":\"search_term_string\"}}],\"inLanguage\":\"it-IT\"},{\"@type\":\"Organization\",\"@id\":\"https:\/\/www.sestogrado.it\/it\/#organization\",\"name\":\"Sestogrado\",\"url\":\"https:\/\/www.sestogrado.it\/it\/\",\"logo\":{\"@type\":\"ImageObject\",\"inLanguage\":\"it-IT\",\"@id\":\"https:\/\/www.sestogrado.it\/it\/#\/schema\/logo\/image\/\",\"url\":\"https:\/\/www.sestogrado.it\/wp-content\/uploads\/2015\/03\/sestogrado-favicon.png\",\"contentUrl\":\"https:\/\/www.sestogrado.it\/wp-content\/uploads\/2015\/03\/sestogrado-favicon.png\",\"width\":260,\"height\":260,\"caption\":\"Sestogrado\"},\"image\":{\"@id\":\"https:\/\/www.sestogrado.it\/it\/#\/schema\/logo\/image\/\"},\"sameAs\":[\"https:\/\/www.facebook.com\/pages\/Sestogrado\/1542635979353017?ref=bookmarks\",\"https:\/\/www.youtube.com\/channel\/UC847kAfTkaJsWpc1jtQwr3Q\"],\"hasMerchantReturnPolicy\":{\"@type\":\"MerchantReturnPolicy\",\"merchantReturnLink\":\"https:\/\/www.sestogrado.it\/it\/termini-e-condizioni\/\"}}]}<\/script>\n<meta property=\"product:brand\" content=\"Edelweiss\" \/>\n<meta property=\"product:price:amount\" content=\"12.90\" \/>\n<meta property=\"product:price:currency\" content=\"EUR\" \/>\n<meta property=\"og:availability\" content=\"instock\" \/>\n<meta property=\"product:availability\" content=\"instock\" \/>\n<meta property=\"product:condition\" content=\"new\" \/>\n<!-- \/ Yoast SEO plugin. -->","yoast_head_json":{"title":"Edelweiss Liquid Chalk magnesite liquida con alcool - Sestogrado","description":"Edelweiss Liquid Chalk \u00e8 una magnesite liquida con alcool che garantisce aderenza e grip delle mani senza fare polvere. E' composta per un minimo del 75% da alcool isopropilico ed \u00e8 quindi idonea ed autorizzata per essere utilizzata in tutte le palestre, in aderenza con le normativa sulla sanificazione delle mani.In esterno, sui boulder o in parete, in aggiunta alla magnesite classica in polvere, fornisce un extra grip eccezionale.","robots":{"index":"index","follow":"follow","max-snippet":"max-snippet:-1","max-image-preview":"max-image-preview:large","max-video-preview":"max-video-preview:-1"},"canonical":"https:\/\/www.sestogrado.it\/it\/prodotto\/edelweiss-liquid-chalk-magnesite-liquida-con-alcool\/","og_locale":"it_IT","og_type":"article","og_title":"Edelweiss Liquid Chalk magnesite liquida con alcool - Sestogrado","og_description":"Edelweiss Liquid Chalk \u00e8 una magnesite liquida con alcool che garantisce aderenza e grip delle mani senza fare polvere. E' composta per un minimo del 75% da alcool isopropilico ed \u00e8 quindi idonea ed autorizzata per essere utilizzata in tutte le palestre, in aderenza con le normativa sulla sanificazione delle mani.In esterno, sui boulder o in parete, in aggiunta alla magnesite classica in polvere, fornisce un extra grip eccezionale.","og_url":"https:\/\/www.sestogrado.it\/it\/prodotto\/edelweiss-liquid-chalk-magnesite-liquida-con-alcool\/","og_site_name":"Sestogrado","article_publisher":"https:\/\/www.facebook.com\/pages\/Sestogrado\/1542635979353017?ref=bookmarks","article_modified_time":"2025-04-03T06:43:40+00:00","og_image":[{"width":1073,"height":1073,"url":"https:\/\/www.sestogrado.it\/wp-content\/uploads\/2020\/09\/edelweiss-liquid.jpg","type":"image\/jpeg"}],"twitter_misc":{"Prezzo":"&euro;&nbsp;12,90","Disponibilit\u00e0":"In stock"},"schema":{"@context":"https:\/\/schema.org","@graph":[{"@type":"WebPage","@id":"https:\/\/www.sestogrado.it\/it\/prodotto\/edelweiss-liquid-chalk-magnesite-liquida-con-alcool\/","url":"https:\/\/www.sestogrado.it\/it\/prodotto\/edelweiss-liquid-chalk-magnesite-liquida-con-alcool\/","name":"Edelweiss Liquid Chalk magnesite liquida con alcool - Sestogrado","isPartOf":{"@id":"https:\/\/www.sestogrado.it\/it\/#website"},"primaryImageOfPage":{"@id":"https:\/\/www.sestogrado.it\/it\/prodotto\/edelweiss-liquid-chalk-magnesite-liquida-con-alcool\/#primaryimage"},"image":{"@id":"https:\/\/www.sestogrado.it\/prodotto\/edelweiss-liquid-chalk-magnesite-liquida-con-alcool\/#primaryimage"},"thumbnailUrl":"https:\/\/www.sestogrado.it\/wp-content\/uploads\/2020\/09\/edelweiss-liquid.jpg","datePublished":"2020-09-14T12:51:10+00:00","dateModified":"2025-04-03T06:43:40+00:00","description":"Edelweiss Liquid Chalk \u00e8 una magnesite liquida con alcool che garantisce aderenza e grip delle mani senza fare polvere. E' composta per un minimo del 75% da alcool isopropilico ed \u00e8 quindi idonea ed autorizzata per essere utilizzata in tutte le palestre, in aderenza con le normativa sulla sanificazione delle mani.In esterno, sui boulder o in parete, in aggiunta alla magnesite classica in polvere, fornisce un extra grip eccezionale.","breadcrumb":{"@id":"https:\/\/www.sestogrado.it\/it\/prodotto\/edelweiss-liquid-chalk-magnesite-liquida-con-alcool\/#breadcrumb"},"inLanguage":"it-IT","potentialAction":[{"@type":"ReadAction","target":[["https:\/\/www.sestogrado.it\/it\/prodotto\/edelweiss-liquid-chalk-magnesite-liquida-con-alcool\/"]]}]},{"@type":"ImageObject","inLanguage":"it-IT","@id":"https:\/\/www.sestogrado.it\/it\/prodotto\/edelweiss-liquid-chalk-magnesite-liquida-con-alcool\/#primaryimage","url":"https:\/\/www.sestogrado.it\/wp-content\/uploads\/2020\/09\/edelweiss-liquid.jpg","contentUrl":"https:\/\/www.sestogrado.it\/wp-content\/uploads\/2020\/09\/edelweiss-liquid.jpg","width":1073,"height":1073,"caption":"edelweiss-liquid chalk"},{"@type":"BreadcrumbList","@id":"https:\/\/www.sestogrado.it\/it\/prodotto\/edelweiss-liquid-chalk-magnesite-liquida-con-alcool\/#breadcrumb","itemListElement":[{"@type":"ListItem","position":1,"name":"Home","item":"https:\/\/www.sestogrado.it\/it\/"},{"@type":"ListItem","position":2,"name":"Shop","item":"https:\/\/www.sestogrado.it\/it\/shop\/"},{"@type":"ListItem","position":3,"name":"Edelweiss Liquid Chalk magnesite liquida con alcool"}]},{"@type":"WebSite","@id":"https:\/\/www.sestogrado.it\/it\/#website","url":"https:\/\/www.sestogrado.it\/it\/","name":"Sestogrado","description":"yes we climb","publisher":{"@id":"https:\/\/www.sestogrado.it\/it\/#organization"},"potentialAction":[{"@type":"SearchAction","target":{"@type":"EntryPoint","urlTemplate":"https:\/\/www.sestogrado.it\/it\/?s={search_term_string}"},"query-input":{"@type":"PropertyValueSpecification","valueRequired":true,"valueName":"search_term_string"}}],"inLanguage":"it-IT"},{"@type":"Organization","@id":"https:\/\/www.sestogrado.it\/it\/#organization","name":"Sestogrado","url":"https:\/\/www.sestogrado.it\/it\/","logo":{"@type":"ImageObject","inLanguage":"it-IT","@id":"https:\/\/www.sestogrado.it\/it\/#\/schema\/logo\/image\/","url":"https:\/\/www.sestogrado.it\/wp-content\/uploads\/2015\/03\/sestogrado-favicon.png","contentUrl":"https:\/\/www.sestogrado.it\/wp-content\/uploads\/2015\/03\/sestogrado-favicon.png","width":260,"height":260,"caption":"Sestogrado"},"image":{"@id":"https:\/\/www.sestogrado.it\/it\/#\/schema\/logo\/image\/"},"sameAs":["https:\/\/www.facebook.com\/pages\/Sestogrado\/1542635979353017?ref=bookmarks","https:\/\/www.youtube.com\/channel\/UC847kAfTkaJsWpc1jtQwr3Q"],"hasMerchantReturnPolicy":{"@type":"MerchantReturnPolicy","merchantReturnLink":"https:\/\/www.sestogrado.it\/it\/termini-e-condizioni\/"}}]},"product_brand":"Edelweiss","product_price_amount":"12.90","product_price_currency":"EUR","og_availability":"instock","product_availability":"instock","product_condition":"new"},"_links":{"self":[{"href":"https:\/\/www.sestogrado.it\/it\/wp-json\/wp\/v2\/product\/40762","targetHints":{"allow":["GET"]}}],"collection":[{"href":"https:\/\/www.sestogrado.it\/it\/wp-json\/wp\/v2\/product"}],"about":[{"href":"https:\/\/www.sestogrado.it\/it\/wp-json\/wp\/v2\/types\/product"}],"replies":[{"embeddable":true,"href":"https:\/\/www.sestogrado.it\/it\/wp-json\/wp\/v2\/comments?post=40762"}],"wp:featuredmedia":[{"embeddable":true,"href":"https:\/\/www.sestogrado.it\/it\/wp-json\/wp\/v2\/media\/40765"}],"wp:attachment":[{"href":"https:\/\/www.sestogrado.it\/it\/wp-json\/wp\/v2\/media?parent=40762"}],"wp:term":[{"taxonomy":"product_brand","embeddable":true,"href":"https:\/\/www.sestogrado.it\/it\/wp-json\/wp\/v2\/product_brand?post=40762"},{"taxonomy":"product_cat","embeddable":true,"href":"https:\/\/www.sestogrado.it\/it\/wp-json\/wp\/v2\/product_cat?post=40762"},{"taxonomy":"product_tag","embeddable":true,"href":"https:\/\/www.sestogrado.it\/it\/wp-json\/wp\/v2\/product_tag?post=40762"}],"curies":[{"name":"wp","href":"https:\/\/api.w.org\/{rel}","templated":true}]}}