{"id":40546,"date":"2020-09-11T11:20:57","date_gmt":"2020-09-11T09:20:57","guid":{"rendered":"https:\/\/www.sestogrado.it\/?post_type=product&#038;p=40546"},"modified":"2026-02-02T17:50:48","modified_gmt":"2026-02-02T16:50:48","slug":"black-diamond-glissade-guanti-da-alpinismo-scialpinismo","status":"publish","type":"product","link":"https:\/\/www.sestogrado.it\/it\/prodotto\/black-diamond-glissade-guanti-da-alpinismo-scialpinismo\/","title":{"rendered":"Black Diamond Glissade guanti da alpinismo scialpinismo"},"content":{"rendered":"<p>I Black Diamond Glissade sono dei guanti da alpinismo dal design versatile e comodo. Sono dei guanti ideali per tutte le stagioni in occasione di clima freddo. Il Glissade ha un inserto inserto impermeabile in membrana BD.dry che respinge fango e nevischio. La fodera interna \u00e8 invece un mix di pile morbido e caldo e di uno strato isolante di Thinsulate 100 g presente sul dorso. Il palmo della mano \u00e8 realizzato in pelle di capra rinforzata da uno strato di Kevlar<sup>\u00ae<\/sup>\u00a0per resistere a manovre di corda, lamine di sci.<\/p>\n<ul>\n<li>realizzati in Pertex Shield altamente resistente, robusto ed elastico<\/li>\n<li>inserti in BDry\u2122 impermeabile<\/li>\n<li>imbottitura Thinsulate\u00ae sul dorso della mano e fleece morbido<\/li>\n<li>rinforzi in Kevlar\u00ae altamente resistente e pelle anti abrasione sul palmo<\/li>\n<li>elastico al polso per una minore dispersione di calore<\/li>\n<li>range temperature consigliate: -17\/-1 \u00baC (0\/30 \u00baF)<\/li>\n<li>vestibilit\u00e0 regolare<\/li>\n<li>peso al paio 175g<\/li>\n<\/ul>\n<p><span lang=\"it\"><img decoding=\"async\" class=\" wp-image-23521 img-fluid alignnone\" src=\"https:\/\/www.sestogrado.it\/wp-content\/uploads\/2019\/10\/BD_Dry_banner_v2.jpg\" alt=\"BD_Dry\" width=\"328\" height=\"143\" srcset=\"https:\/\/www.sestogrado.it\/wp-content\/uploads\/2019\/10\/BD_Dry_banner_v2.jpg 450w, https:\/\/www.sestogrado.it\/wp-content\/uploads\/2019\/10\/BD_Dry_banner_v2-300x131.jpg 300w, https:\/\/www.sestogrado.it\/wp-content\/uploads\/2019\/10\/BD_Dry_banner_v2-64x28.jpg 64w, https:\/\/www.sestogrado.it\/wp-content\/uploads\/2019\/10\/BD_Dry_banner_v2-160x70.jpg 160w\" sizes=\"(max-width: 328px) 100vw, 328px\" \/><\/span><\/p>\n<p><span lang=\"it\">Realizzato per alpinisti, BD.dry\u2122 \u00e8 la soluzione impermeabile, traspirante, anti vento progettata per difenderti da qualsiasi condizione climatica. Ultraleggera e comprimibile, la tecnologia BD.dry\u2122 consiste in un unico strato di fibre progettato per adattarsi perfettamente ai tuoi movimenti. L&#8217;impermeabilit\u00e0 a colonna d&#8217;acqua di 10.000mm offre un livello di protezione su cui puoi sempre contare in ogni condizione alpinistica.<\/span><\/p>\n<p>&nbsp;<\/p>\n<p>I Black Diamond Glissade sono dei guanti caldi per alpinismo, scialpinismo ed attivit\u00e0 outdoor in climi freddi e umidi.<\/p>\n<p>Per scegliere la taglia misurarsi la circonferenza del palmo, in corrispondenza delle nocche:<\/p>\n<p><img decoding=\"async\" class=\"size-full wp-image-23609 img-fluid alignnone\" src=\"https:\/\/www.sestogrado.it\/wp-content\/uploads\/2019\/10\/mano.png\" alt=\"mano\" width=\"300\" height=\"300\" srcset=\"https:\/\/www.sestogrado.it\/wp-content\/uploads\/2019\/10\/mano.png 300w, https:\/\/www.sestogrado.it\/wp-content\/uploads\/2019\/10\/mano-100x100.png 100w, https:\/\/www.sestogrado.it\/wp-content\/uploads\/2019\/10\/mano-220x220.png 220w, https:\/\/www.sestogrado.it\/wp-content\/uploads\/2019\/10\/mano-150x150.png 150w, https:\/\/www.sestogrado.it\/wp-content\/uploads\/2019\/10\/mano-45x45.png 45w, https:\/\/www.sestogrado.it\/wp-content\/uploads\/2019\/10\/mano-64x64.png 64w, https:\/\/www.sestogrado.it\/wp-content\/uploads\/2019\/10\/mano-80x80.png 80w\" sizes=\"(max-width: 300px) 100vw, 300px\" \/><\/p>\n<p>&nbsp;<\/p>\n<p>XS 18.4-19.7cm<\/p>\n<p>S 19.7-21cm<\/p>\n<p>M 21.5-23cm<\/p>\n<p>L 23-24cm<\/p>\n<p>XL 24-25.4cm<\/p>\n<p id=\"tw-target-text\" class=\"tw-data-text tw-text-large tw-ta\" dir=\"ltr\" data-placeholder=\"Traduzione\">Black Diamond dal 1957 rappresenta un punto di riferimento mondiale per l\u2019attrezzatura da arrampicata. Ci\u00f2 che all\u2019inizio era una attivit\u00e0 artigianale con incudine e martello oggi si \u00e8 trasformata in una societ\u00e0 globale con uffici in tre continenti. Il segreto di Black Diamond \u00e8 sempre lo stesso: essere una societ\u00e0 formata da appassionati climber. In Black Diamond si continua a sognare su ci\u00f2 che potrebbe essere e si continua ad essere critici su ci\u00f2 che esiste. E\u2019 cos\u00ec che il processo creativo per la realizzazione della migliore attrezzatura da arrampicata non avr\u00e0 mai fine.<\/p>\n<p><\/p>","protected":false},"excerpt":{"rendered":"<p>I Black Diamond Glissade sono dei guanti da alpinismo dal design versatile e comodo. Sono dei guanti ideali per tutte [&hellip;]<\/p>\n","protected":false},"featured_media":40555,"comment_status":"open","ping_status":"closed","template":"","meta":{"_acf_changed":false},"product_brand":[121],"product_cat":[1429],"product_tag":[],"class_list":{"0":"post-40546","1":"product","2":"type-product","3":"status-publish","4":"has-post-thumbnail","6":"product_brand-black-diamond","7":"product_cat-hot","9":"first","10":"instock","11":"sale","12":"taxable","13":"shipping-taxable","14":"purchasable","15":"product-type-variable"},"acf":[],"yoast_head":"<!-- This site is optimized with the Yoast SEO plugin v26.4 - https:\/\/yoast.com\/wordpress\/plugins\/seo\/ -->\n<title>Black Diamond Glissade guanti da alpinismo scialpinismo - Sestogrado<\/title>\n<meta name=\"description\" content=\"I Black Diamond Glissade sono dei guanti da alpinismo dal design versatile e comodo. Sono dei guanti ideali per tutte le stagioni in occasione di clima freddo. Il Glissade ha un inserto inserto impermeabile in membrana BD.dry che respinge fango e nevischio. La fodera interna \u00e8 invece un mix di pile morbido e caldo e di uno strato isolante di Thinsulate 100 g presente sul dorso. Il palmo della mano \u00e8 realizzato in pelle di capra rinforzata da uno strato di Kevlar\u00ae\u00a0per resistere a manovre di corda, lamine di sci. I Black Diamond Glissade sono dei guanti caldi per alpinismo, scialpinismo ed attivit\u00e0 outdoor in climi freddi e umidi.\" \/>\n<meta name=\"robots\" content=\"index, follow, max-snippet:-1, max-image-preview:large, max-video-preview:-1\" \/>\n<link rel=\"canonical\" href=\"https:\/\/www.sestogrado.it\/it\/prodotto\/black-diamond-glissade-guanti-da-alpinismo-scialpinismo\/\" \/>\n<meta property=\"og:locale\" content=\"it_IT\" \/>\n<meta property=\"og:type\" content=\"article\" \/>\n<meta property=\"og:title\" content=\"Black Diamond Glissade guanti da alpinismo scialpinismo - Sestogrado\" \/>\n<meta property=\"og:description\" content=\"I Black Diamond Glissade sono dei guanti da alpinismo dal design versatile e comodo. Sono dei guanti ideali per tutte le stagioni in occasione di clima freddo. Il Glissade ha un inserto inserto impermeabile in membrana BD.dry che respinge fango e nevischio. La fodera interna \u00e8 invece un mix di pile morbido e caldo e di uno strato isolante di Thinsulate 100 g presente sul dorso. Il palmo della mano \u00e8 realizzato in pelle di capra rinforzata da uno strato di Kevlar\u00ae\u00a0per resistere a manovre di corda, lamine di sci. I Black Diamond Glissade sono dei guanti caldi per alpinismo, scialpinismo ed attivit\u00e0 outdoor in climi freddi e umidi.\" \/>\n<meta property=\"og:url\" content=\"https:\/\/www.sestogrado.it\/it\/prodotto\/black-diamond-glissade-guanti-da-alpinismo-scialpinismo\/\" \/>\n<meta property=\"og:site_name\" content=\"Sestogrado\" \/>\n<meta property=\"article:publisher\" content=\"https:\/\/www.facebook.com\/pages\/Sestogrado\/1542635979353017?ref=bookmarks\" \/>\n<meta property=\"article:modified_time\" content=\"2026-02-02T16:50:48+00:00\" \/>\n<meta property=\"og:image\" content=\"https:\/\/www.sestogrado.it\/wp-content\/uploads\/2020\/09\/01-3.jpg\" \/>\n\t<meta property=\"og:image:width\" content=\"1400\" \/>\n\t<meta property=\"og:image:height\" content=\"1400\" \/>\n\t<meta property=\"og:image:type\" content=\"image\/jpeg\" \/>\n<meta name=\"twitter:label1\" content=\"Disponibilit\u00e0\" \/>\n\t<meta name=\"twitter:data1\" content=\"In stock\" \/>\n<script type=\"application\/ld+json\" class=\"yoast-schema-graph\">{\"@context\":\"https:\/\/schema.org\",\"@graph\":[{\"@type\":\"WebPage\",\"@id\":\"https:\/\/www.sestogrado.it\/it\/prodotto\/black-diamond-glissade-guanti-da-alpinismo-scialpinismo\/\",\"url\":\"https:\/\/www.sestogrado.it\/it\/prodotto\/black-diamond-glissade-guanti-da-alpinismo-scialpinismo\/\",\"name\":\"Black Diamond Glissade guanti da alpinismo scialpinismo - Sestogrado\",\"isPartOf\":{\"@id\":\"https:\/\/www.sestogrado.it\/it\/#website\"},\"primaryImageOfPage\":{\"@id\":\"https:\/\/www.sestogrado.it\/it\/prodotto\/black-diamond-glissade-guanti-da-alpinismo-scialpinismo\/#primaryimage\"},\"image\":{\"@id\":\"https:\/\/www.sestogrado.it\/prodotto\/black-diamond-glissade-guanti-da-alpinismo-scialpinismo\/#primaryimage\"},\"thumbnailUrl\":\"https:\/\/www.sestogrado.it\/wp-content\/uploads\/2020\/09\/01-3.jpg\",\"datePublished\":\"2020-09-11T09:20:57+00:00\",\"dateModified\":\"2026-02-02T16:50:48+00:00\",\"description\":\"I Black Diamond Glissade sono dei guanti da alpinismo dal design versatile e comodo. Sono dei guanti ideali per tutte le stagioni in occasione di clima freddo. Il Glissade ha un inserto inserto impermeabile in membrana BD.dry che respinge fango e nevischio. La fodera interna \u00e8 invece un mix di pile morbido e caldo e di uno strato isolante di Thinsulate 100 g presente sul dorso. Il palmo della mano \u00e8 realizzato in pelle di capra rinforzata da uno strato di Kevlar\u00ae\u00a0per resistere a manovre di corda, lamine di sci. I Black Diamond Glissade sono dei guanti caldi per alpinismo, scialpinismo ed attivit\u00e0 outdoor in climi freddi e umidi.\",\"breadcrumb\":{\"@id\":\"https:\/\/www.sestogrado.it\/it\/prodotto\/black-diamond-glissade-guanti-da-alpinismo-scialpinismo\/#breadcrumb\"},\"inLanguage\":\"it-IT\",\"potentialAction\":[{\"@type\":\"ReadAction\",\"target\":[[\"https:\/\/www.sestogrado.it\/it\/prodotto\/black-diamond-glissade-guanti-da-alpinismo-scialpinismo\/\"]]}]},{\"@type\":\"ImageObject\",\"inLanguage\":\"it-IT\",\"@id\":\"https:\/\/www.sestogrado.it\/it\/prodotto\/black-diamond-glissade-guanti-da-alpinismo-scialpinismo\/#primaryimage\",\"url\":\"https:\/\/www.sestogrado.it\/wp-content\/uploads\/2020\/09\/01-3.jpg\",\"contentUrl\":\"https:\/\/www.sestogrado.it\/wp-content\/uploads\/2020\/09\/01-3.jpg\",\"width\":1400,\"height\":1400,\"caption\":\"black diamond glissade\"},{\"@type\":\"BreadcrumbList\",\"@id\":\"https:\/\/www.sestogrado.it\/it\/prodotto\/black-diamond-glissade-guanti-da-alpinismo-scialpinismo\/#breadcrumb\",\"itemListElement\":[{\"@type\":\"ListItem\",\"position\":1,\"name\":\"Home\",\"item\":\"https:\/\/www.sestogrado.it\/it\/\"},{\"@type\":\"ListItem\",\"position\":2,\"name\":\"Shop\",\"item\":\"https:\/\/www.sestogrado.it\/it\/shop\/\"},{\"@type\":\"ListItem\",\"position\":3,\"name\":\"Black Diamond Glissade guanti da alpinismo scialpinismo\"}]},{\"@type\":\"WebSite\",\"@id\":\"https:\/\/www.sestogrado.it\/it\/#website\",\"url\":\"https:\/\/www.sestogrado.it\/it\/\",\"name\":\"Sestogrado\",\"description\":\"yes we climb\",\"publisher\":{\"@id\":\"https:\/\/www.sestogrado.it\/it\/#organization\"},\"potentialAction\":[{\"@type\":\"SearchAction\",\"target\":{\"@type\":\"EntryPoint\",\"urlTemplate\":\"https:\/\/www.sestogrado.it\/it\/?s={search_term_string}\"},\"query-input\":{\"@type\":\"PropertyValueSpecification\",\"valueRequired\":true,\"valueName\":\"search_term_string\"}}],\"inLanguage\":\"it-IT\"},{\"@type\":\"Organization\",\"@id\":\"https:\/\/www.sestogrado.it\/it\/#organization\",\"name\":\"Sestogrado\",\"url\":\"https:\/\/www.sestogrado.it\/it\/\",\"logo\":{\"@type\":\"ImageObject\",\"inLanguage\":\"it-IT\",\"@id\":\"https:\/\/www.sestogrado.it\/it\/#\/schema\/logo\/image\/\",\"url\":\"https:\/\/www.sestogrado.it\/wp-content\/uploads\/2015\/03\/sestogrado-favicon.png\",\"contentUrl\":\"https:\/\/www.sestogrado.it\/wp-content\/uploads\/2015\/03\/sestogrado-favicon.png\",\"width\":260,\"height\":260,\"caption\":\"Sestogrado\"},\"image\":{\"@id\":\"https:\/\/www.sestogrado.it\/it\/#\/schema\/logo\/image\/\"},\"sameAs\":[\"https:\/\/www.facebook.com\/pages\/Sestogrado\/1542635979353017?ref=bookmarks\",\"https:\/\/www.youtube.com\/channel\/UC847kAfTkaJsWpc1jtQwr3Q\"],\"hasMerchantReturnPolicy\":{\"@type\":\"MerchantReturnPolicy\",\"merchantReturnLink\":\"https:\/\/www.sestogrado.it\/it\/termini-e-condizioni\/\"}}]}<\/script>\n<meta property=\"product:brand\" content=\"Black Diamond\" \/>\n<meta property=\"og:availability\" content=\"instock\" \/>\n<meta property=\"product:availability\" content=\"instock\" \/>\n<meta property=\"product:condition\" content=\"new\" \/>\n<!-- \/ Yoast SEO plugin. -->","yoast_head_json":{"title":"Black Diamond Glissade guanti da alpinismo scialpinismo - Sestogrado","description":"I Black Diamond Glissade sono dei guanti da alpinismo dal design versatile e comodo. Sono dei guanti ideali per tutte le stagioni in occasione di clima freddo. Il Glissade ha un inserto inserto impermeabile in membrana BD.dry che respinge fango e nevischio. La fodera interna \u00e8 invece un mix di pile morbido e caldo e di uno strato isolante di Thinsulate 100 g presente sul dorso. Il palmo della mano \u00e8 realizzato in pelle di capra rinforzata da uno strato di Kevlar\u00ae\u00a0per resistere a manovre di corda, lamine di sci. I Black Diamond Glissade sono dei guanti caldi per alpinismo, scialpinismo ed attivit\u00e0 outdoor in climi freddi e umidi.","robots":{"index":"index","follow":"follow","max-snippet":"max-snippet:-1","max-image-preview":"max-image-preview:large","max-video-preview":"max-video-preview:-1"},"canonical":"https:\/\/www.sestogrado.it\/it\/prodotto\/black-diamond-glissade-guanti-da-alpinismo-scialpinismo\/","og_locale":"it_IT","og_type":"article","og_title":"Black Diamond Glissade guanti da alpinismo scialpinismo - Sestogrado","og_description":"I Black Diamond Glissade sono dei guanti da alpinismo dal design versatile e comodo. Sono dei guanti ideali per tutte le stagioni in occasione di clima freddo. Il Glissade ha un inserto inserto impermeabile in membrana BD.dry che respinge fango e nevischio. La fodera interna \u00e8 invece un mix di pile morbido e caldo e di uno strato isolante di Thinsulate 100 g presente sul dorso. Il palmo della mano \u00e8 realizzato in pelle di capra rinforzata da uno strato di Kevlar\u00ae\u00a0per resistere a manovre di corda, lamine di sci. I Black Diamond Glissade sono dei guanti caldi per alpinismo, scialpinismo ed attivit\u00e0 outdoor in climi freddi e umidi.","og_url":"https:\/\/www.sestogrado.it\/it\/prodotto\/black-diamond-glissade-guanti-da-alpinismo-scialpinismo\/","og_site_name":"Sestogrado","article_publisher":"https:\/\/www.facebook.com\/pages\/Sestogrado\/1542635979353017?ref=bookmarks","article_modified_time":"2026-02-02T16:50:48+00:00","og_image":[{"width":1400,"height":1400,"url":"https:\/\/www.sestogrado.it\/wp-content\/uploads\/2020\/09\/01-3.jpg","type":"image\/jpeg"}],"twitter_misc":{"Disponibilit\u00e0":"In stock"},"schema":{"@context":"https:\/\/schema.org","@graph":[{"@type":"WebPage","@id":"https:\/\/www.sestogrado.it\/it\/prodotto\/black-diamond-glissade-guanti-da-alpinismo-scialpinismo\/","url":"https:\/\/www.sestogrado.it\/it\/prodotto\/black-diamond-glissade-guanti-da-alpinismo-scialpinismo\/","name":"Black Diamond Glissade guanti da alpinismo scialpinismo - Sestogrado","isPartOf":{"@id":"https:\/\/www.sestogrado.it\/it\/#website"},"primaryImageOfPage":{"@id":"https:\/\/www.sestogrado.it\/it\/prodotto\/black-diamond-glissade-guanti-da-alpinismo-scialpinismo\/#primaryimage"},"image":{"@id":"https:\/\/www.sestogrado.it\/prodotto\/black-diamond-glissade-guanti-da-alpinismo-scialpinismo\/#primaryimage"},"thumbnailUrl":"https:\/\/www.sestogrado.it\/wp-content\/uploads\/2020\/09\/01-3.jpg","datePublished":"2020-09-11T09:20:57+00:00","dateModified":"2026-02-02T16:50:48+00:00","description":"I Black Diamond Glissade sono dei guanti da alpinismo dal design versatile e comodo. Sono dei guanti ideali per tutte le stagioni in occasione di clima freddo. Il Glissade ha un inserto inserto impermeabile in membrana BD.dry che respinge fango e nevischio. La fodera interna \u00e8 invece un mix di pile morbido e caldo e di uno strato isolante di Thinsulate 100 g presente sul dorso. Il palmo della mano \u00e8 realizzato in pelle di capra rinforzata da uno strato di Kevlar\u00ae\u00a0per resistere a manovre di corda, lamine di sci. I Black Diamond Glissade sono dei guanti caldi per alpinismo, scialpinismo ed attivit\u00e0 outdoor in climi freddi e umidi.","breadcrumb":{"@id":"https:\/\/www.sestogrado.it\/it\/prodotto\/black-diamond-glissade-guanti-da-alpinismo-scialpinismo\/#breadcrumb"},"inLanguage":"it-IT","potentialAction":[{"@type":"ReadAction","target":[["https:\/\/www.sestogrado.it\/it\/prodotto\/black-diamond-glissade-guanti-da-alpinismo-scialpinismo\/"]]}]},{"@type":"ImageObject","inLanguage":"it-IT","@id":"https:\/\/www.sestogrado.it\/it\/prodotto\/black-diamond-glissade-guanti-da-alpinismo-scialpinismo\/#primaryimage","url":"https:\/\/www.sestogrado.it\/wp-content\/uploads\/2020\/09\/01-3.jpg","contentUrl":"https:\/\/www.sestogrado.it\/wp-content\/uploads\/2020\/09\/01-3.jpg","width":1400,"height":1400,"caption":"black diamond glissade"},{"@type":"BreadcrumbList","@id":"https:\/\/www.sestogrado.it\/it\/prodotto\/black-diamond-glissade-guanti-da-alpinismo-scialpinismo\/#breadcrumb","itemListElement":[{"@type":"ListItem","position":1,"name":"Home","item":"https:\/\/www.sestogrado.it\/it\/"},{"@type":"ListItem","position":2,"name":"Shop","item":"https:\/\/www.sestogrado.it\/it\/shop\/"},{"@type":"ListItem","position":3,"name":"Black Diamond Glissade guanti da alpinismo scialpinismo"}]},{"@type":"WebSite","@id":"https:\/\/www.sestogrado.it\/it\/#website","url":"https:\/\/www.sestogrado.it\/it\/","name":"Sestogrado","description":"yes we climb","publisher":{"@id":"https:\/\/www.sestogrado.it\/it\/#organization"},"potentialAction":[{"@type":"SearchAction","target":{"@type":"EntryPoint","urlTemplate":"https:\/\/www.sestogrado.it\/it\/?s={search_term_string}"},"query-input":{"@type":"PropertyValueSpecification","valueRequired":true,"valueName":"search_term_string"}}],"inLanguage":"it-IT"},{"@type":"Organization","@id":"https:\/\/www.sestogrado.it\/it\/#organization","name":"Sestogrado","url":"https:\/\/www.sestogrado.it\/it\/","logo":{"@type":"ImageObject","inLanguage":"it-IT","@id":"https:\/\/www.sestogrado.it\/it\/#\/schema\/logo\/image\/","url":"https:\/\/www.sestogrado.it\/wp-content\/uploads\/2015\/03\/sestogrado-favicon.png","contentUrl":"https:\/\/www.sestogrado.it\/wp-content\/uploads\/2015\/03\/sestogrado-favicon.png","width":260,"height":260,"caption":"Sestogrado"},"image":{"@id":"https:\/\/www.sestogrado.it\/it\/#\/schema\/logo\/image\/"},"sameAs":["https:\/\/www.facebook.com\/pages\/Sestogrado\/1542635979353017?ref=bookmarks","https:\/\/www.youtube.com\/channel\/UC847kAfTkaJsWpc1jtQwr3Q"],"hasMerchantReturnPolicy":{"@type":"MerchantReturnPolicy","merchantReturnLink":"https:\/\/www.sestogrado.it\/it\/termini-e-condizioni\/"}}]},"product_brand":"Black Diamond","og_availability":"instock","product_availability":"instock","product_condition":"new"},"_links":{"self":[{"href":"https:\/\/www.sestogrado.it\/it\/wp-json\/wp\/v2\/product\/40546","targetHints":{"allow":["GET"]}}],"collection":[{"href":"https:\/\/www.sestogrado.it\/it\/wp-json\/wp\/v2\/product"}],"about":[{"href":"https:\/\/www.sestogrado.it\/it\/wp-json\/wp\/v2\/types\/product"}],"replies":[{"embeddable":true,"href":"https:\/\/www.sestogrado.it\/it\/wp-json\/wp\/v2\/comments?post=40546"}],"wp:featuredmedia":[{"embeddable":true,"href":"https:\/\/www.sestogrado.it\/it\/wp-json\/wp\/v2\/media\/40555"}],"wp:attachment":[{"href":"https:\/\/www.sestogrado.it\/it\/wp-json\/wp\/v2\/media?parent=40546"}],"wp:term":[{"taxonomy":"product_brand","embeddable":true,"href":"https:\/\/www.sestogrado.it\/it\/wp-json\/wp\/v2\/product_brand?post=40546"},{"taxonomy":"product_cat","embeddable":true,"href":"https:\/\/www.sestogrado.it\/it\/wp-json\/wp\/v2\/product_cat?post=40546"},{"taxonomy":"product_tag","embeddable":true,"href":"https:\/\/www.sestogrado.it\/it\/wp-json\/wp\/v2\/product_tag?post=40546"}],"curies":[{"name":"wp","href":"https:\/\/api.w.org\/{rel}","templated":true}]}}