{"id":402,"date":"2015-03-10T18:53:04","date_gmt":"2015-03-10T17:53:04","guid":{"rendered":"http:\/\/www.sestogrado.it\/?post_type=product&#038;p=402"},"modified":"2026-04-06T15:58:41","modified_gmt":"2026-04-06T13:58:41","slug":"camp-rocky-carpet-telo-portacorda","status":"publish","type":"product","link":"https:\/\/www.sestogrado.it\/it\/prodotto\/camp-rocky-carpet-telo-portacorda\/","title":{"rendered":"Camp Rocky Carpet telo portacorda"},"content":{"rendered":"<p>Il Camp Rocky Carpet \u00e8 un telo porta corda che, nella sua semplicit\u00e0, ti sar\u00e0 estremamente utile durante le tue uscite in falesia. Un ampia tasca consente di riporre la corda al suo interno e le quattro asole di diversi colori agli angoli permettono di identificare rapidamente il capo iniziale o finale di corda che si \u00e8 scelto di legare. Il Rocky Carpet \u00e8 un telo porta corda pratico e compatto che consente di trasportare facilmente la corda da una via all\u2019altra.<\/p>\n<p>&nbsp;<\/p>\n<p>Passione, lavoro e semplicit\u00e0 sono alcune delle parole chiave che da sempre hanno contraddistinto il modo di essere di C.A.M.P.\u00a0Fondata nel\u00a01889 a Premana, paese dell\u2019alta Valsassina dove tutt\u2019oggi ha la sua sede, C.A.M.P.\u00a0realizza\u00a0prodotti che aiutano a realizzare i sogni ed i progetti di tutti coloro che frequentano la montagna.<\/p>\n<p>&nbsp;<\/p>\n<p>&nbsp;<\/p>\n","protected":false},"excerpt":{"rendered":"<p><span class=\"FONT_SITO\">100 x 150 cm<\/span><\/p>\n","protected":false},"featured_media":403,"comment_status":"open","ping_status":"closed","template":"","meta":{"_acf_changed":false},"product_brand":[31],"product_cat":[390,392],"product_tag":[487,463],"class_list":{"0":"post-402","1":"product","2":"type-product","3":"status-publish","4":"has-post-thumbnail","6":"product_brand-camp","7":"product_cat-zaini-e-borse-portacorda","8":"product_cat-borse-portacorda","9":"product_tag-telo-corda","10":"product_tag-telo-portacorda","12":"first","13":"instock","14":"sale","15":"taxable","16":"shipping-taxable","17":"purchasable","18":"product-type-simple"},"acf":[],"yoast_head":"<!-- This site is optimized with the Yoast SEO plugin v26.4 - https:\/\/yoast.com\/wordpress\/plugins\/seo\/ -->\n<title>Camp Rocky Carpet telo portacorda - Sestogrado<\/title>\n<meta name=\"description\" content=\"Il Camp Rocky Carpet \u00e8 un telo porta corda che vi sar\u00e0 estremamente utile durante le vostre uscite in falesia. Il Rocky Carpet \u00e8 un telo porta corda pratico e compatto che consente di\u00a0trasportare facilmente la corda da una via all\u2019altra. Un ampia tasca consente di riporre la corda al suo interno.\" \/>\n<meta name=\"robots\" content=\"index, follow, max-snippet:-1, max-image-preview:large, max-video-preview:-1\" \/>\n<link rel=\"canonical\" href=\"https:\/\/www.sestogrado.it\/it\/prodotto\/camp-rocky-carpet-telo-portacorda\/\" \/>\n<meta property=\"og:locale\" content=\"it_IT\" \/>\n<meta property=\"og:type\" content=\"article\" \/>\n<meta property=\"og:title\" content=\"Camp Rocky Carpet telo portacorda - Sestogrado\" \/>\n<meta property=\"og:description\" content=\"Il Camp Rocky Carpet \u00e8 un telo porta corda che vi sar\u00e0 estremamente utile durante le vostre uscite in falesia. Il Rocky Carpet \u00e8 un telo porta corda pratico e compatto che consente di\u00a0trasportare facilmente la corda da una via all\u2019altra. Un ampia tasca consente di riporre la corda al suo interno.\" \/>\n<meta property=\"og:url\" content=\"https:\/\/www.sestogrado.it\/it\/prodotto\/camp-rocky-carpet-telo-portacorda\/\" \/>\n<meta property=\"og:site_name\" content=\"Sestogrado\" \/>\n<meta property=\"article:publisher\" content=\"https:\/\/www.facebook.com\/pages\/Sestogrado\/1542635979353017?ref=bookmarks\" \/>\n<meta property=\"article:modified_time\" content=\"2026-04-06T13:58:41+00:00\" \/>\n<meta property=\"og:image\" content=\"https:\/\/www.sestogrado.it\/wp-content\/uploads\/2015\/03\/024.jpg\" \/>\n\t<meta property=\"og:image:width\" content=\"960\" \/>\n\t<meta property=\"og:image:height\" content=\"720\" \/>\n\t<meta property=\"og:image:type\" content=\"image\/jpeg\" \/>\n<meta name=\"twitter:label1\" content=\"Prezzo\" \/>\n\t<meta name=\"twitter:data1\" content=\"&euro;&nbsp;19,90\" \/>\n\t<meta name=\"twitter:label2\" content=\"Disponibilit\u00e0\" \/>\n\t<meta name=\"twitter:data2\" content=\"In stock\" \/>\n<script type=\"application\/ld+json\" class=\"yoast-schema-graph\">{\"@context\":\"https:\/\/schema.org\",\"@graph\":[{\"@type\":\"WebPage\",\"@id\":\"https:\/\/www.sestogrado.it\/it\/prodotto\/camp-rocky-carpet-telo-portacorda\/\",\"url\":\"https:\/\/www.sestogrado.it\/it\/prodotto\/camp-rocky-carpet-telo-portacorda\/\",\"name\":\"Camp Rocky Carpet telo portacorda - Sestogrado\",\"isPartOf\":{\"@id\":\"https:\/\/www.sestogrado.it\/it\/#website\"},\"primaryImageOfPage\":{\"@id\":\"https:\/\/www.sestogrado.it\/it\/prodotto\/camp-rocky-carpet-telo-portacorda\/#primaryimage\"},\"image\":{\"@id\":\"https:\/\/www.sestogrado.it\/prodotto\/camp-rocky-carpet-telo-portacorda\/#primaryimage\"},\"thumbnailUrl\":\"https:\/\/www.sestogrado.it\/wp-content\/uploads\/2015\/03\/024.jpg\",\"datePublished\":\"2015-03-10T17:53:04+00:00\",\"dateModified\":\"2026-04-06T13:58:41+00:00\",\"description\":\"Il Camp Rocky Carpet \u00e8 un telo porta corda che vi sar\u00e0 estremamente utile durante le vostre uscite in falesia. Il Rocky Carpet \u00e8 un telo porta corda pratico e compatto che consente di\u00a0trasportare facilmente la corda da una via all\u2019altra. Un ampia tasca consente di riporre la corda al suo interno.\",\"breadcrumb\":{\"@id\":\"https:\/\/www.sestogrado.it\/it\/prodotto\/camp-rocky-carpet-telo-portacorda\/#breadcrumb\"},\"inLanguage\":\"it-IT\",\"potentialAction\":[{\"@type\":\"ReadAction\",\"target\":[[\"https:\/\/www.sestogrado.it\/it\/prodotto\/camp-rocky-carpet-telo-portacorda\/\"]]}]},{\"@type\":\"ImageObject\",\"inLanguage\":\"it-IT\",\"@id\":\"https:\/\/www.sestogrado.it\/it\/prodotto\/camp-rocky-carpet-telo-portacorda\/#primaryimage\",\"url\":\"https:\/\/www.sestogrado.it\/wp-content\/uploads\/2015\/03\/024.jpg\",\"contentUrl\":\"https:\/\/www.sestogrado.it\/wp-content\/uploads\/2015\/03\/024.jpg\",\"width\":960,\"height\":720,\"caption\":\"zaino corda\"},{\"@type\":\"BreadcrumbList\",\"@id\":\"https:\/\/www.sestogrado.it\/it\/prodotto\/camp-rocky-carpet-telo-portacorda\/#breadcrumb\",\"itemListElement\":[{\"@type\":\"ListItem\",\"position\":1,\"name\":\"Home\",\"item\":\"https:\/\/www.sestogrado.it\/it\/\"},{\"@type\":\"ListItem\",\"position\":2,\"name\":\"Shop\",\"item\":\"https:\/\/www.sestogrado.it\/it\/shop\/\"},{\"@type\":\"ListItem\",\"position\":3,\"name\":\"Camp Rocky Carpet telo portacorda\"}]},{\"@type\":\"WebSite\",\"@id\":\"https:\/\/www.sestogrado.it\/it\/#website\",\"url\":\"https:\/\/www.sestogrado.it\/it\/\",\"name\":\"Sestogrado\",\"description\":\"yes we climb\",\"publisher\":{\"@id\":\"https:\/\/www.sestogrado.it\/it\/#organization\"},\"potentialAction\":[{\"@type\":\"SearchAction\",\"target\":{\"@type\":\"EntryPoint\",\"urlTemplate\":\"https:\/\/www.sestogrado.it\/it\/?s={search_term_string}\"},\"query-input\":{\"@type\":\"PropertyValueSpecification\",\"valueRequired\":true,\"valueName\":\"search_term_string\"}}],\"inLanguage\":\"it-IT\"},{\"@type\":\"Organization\",\"@id\":\"https:\/\/www.sestogrado.it\/it\/#organization\",\"name\":\"Sestogrado\",\"url\":\"https:\/\/www.sestogrado.it\/it\/\",\"logo\":{\"@type\":\"ImageObject\",\"inLanguage\":\"it-IT\",\"@id\":\"https:\/\/www.sestogrado.it\/it\/#\/schema\/logo\/image\/\",\"url\":\"https:\/\/www.sestogrado.it\/wp-content\/uploads\/2015\/03\/sestogrado-favicon.png\",\"contentUrl\":\"https:\/\/www.sestogrado.it\/wp-content\/uploads\/2015\/03\/sestogrado-favicon.png\",\"width\":260,\"height\":260,\"caption\":\"Sestogrado\"},\"image\":{\"@id\":\"https:\/\/www.sestogrado.it\/it\/#\/schema\/logo\/image\/\"},\"sameAs\":[\"https:\/\/www.facebook.com\/pages\/Sestogrado\/1542635979353017?ref=bookmarks\",\"https:\/\/www.youtube.com\/channel\/UC847kAfTkaJsWpc1jtQwr3Q\"],\"hasMerchantReturnPolicy\":{\"@type\":\"MerchantReturnPolicy\",\"merchantReturnLink\":\"https:\/\/www.sestogrado.it\/it\/termini-e-condizioni\/\"}}]}<\/script>\n<meta property=\"product:brand\" content=\"Camp\" \/>\n<meta property=\"product:price:amount\" content=\"19.90\" \/>\n<meta property=\"product:price:currency\" content=\"EUR\" \/>\n<meta property=\"og:availability\" content=\"instock\" \/>\n<meta property=\"product:availability\" content=\"instock\" \/>\n<meta property=\"product:condition\" content=\"new\" \/>\n<!-- \/ Yoast SEO plugin. -->","yoast_head_json":{"title":"Camp Rocky Carpet telo portacorda - Sestogrado","description":"Il Camp Rocky Carpet \u00e8 un telo porta corda che vi sar\u00e0 estremamente utile durante le vostre uscite in falesia. Il Rocky Carpet \u00e8 un telo porta corda pratico e compatto che consente di\u00a0trasportare facilmente la corda da una via all\u2019altra. Un ampia tasca consente di riporre la corda al suo interno.","robots":{"index":"index","follow":"follow","max-snippet":"max-snippet:-1","max-image-preview":"max-image-preview:large","max-video-preview":"max-video-preview:-1"},"canonical":"https:\/\/www.sestogrado.it\/it\/prodotto\/camp-rocky-carpet-telo-portacorda\/","og_locale":"it_IT","og_type":"article","og_title":"Camp Rocky Carpet telo portacorda - Sestogrado","og_description":"Il Camp Rocky Carpet \u00e8 un telo porta corda che vi sar\u00e0 estremamente utile durante le vostre uscite in falesia. Il Rocky Carpet \u00e8 un telo porta corda pratico e compatto che consente di\u00a0trasportare facilmente la corda da una via all\u2019altra. Un ampia tasca consente di riporre la corda al suo interno.","og_url":"https:\/\/www.sestogrado.it\/it\/prodotto\/camp-rocky-carpet-telo-portacorda\/","og_site_name":"Sestogrado","article_publisher":"https:\/\/www.facebook.com\/pages\/Sestogrado\/1542635979353017?ref=bookmarks","article_modified_time":"2026-04-06T13:58:41+00:00","og_image":[{"width":960,"height":720,"url":"https:\/\/www.sestogrado.it\/wp-content\/uploads\/2015\/03\/024.jpg","type":"image\/jpeg"}],"twitter_misc":{"Prezzo":"&euro;&nbsp;19,90","Disponibilit\u00e0":"In stock"},"schema":{"@context":"https:\/\/schema.org","@graph":[{"@type":"WebPage","@id":"https:\/\/www.sestogrado.it\/it\/prodotto\/camp-rocky-carpet-telo-portacorda\/","url":"https:\/\/www.sestogrado.it\/it\/prodotto\/camp-rocky-carpet-telo-portacorda\/","name":"Camp Rocky Carpet telo portacorda - Sestogrado","isPartOf":{"@id":"https:\/\/www.sestogrado.it\/it\/#website"},"primaryImageOfPage":{"@id":"https:\/\/www.sestogrado.it\/it\/prodotto\/camp-rocky-carpet-telo-portacorda\/#primaryimage"},"image":{"@id":"https:\/\/www.sestogrado.it\/prodotto\/camp-rocky-carpet-telo-portacorda\/#primaryimage"},"thumbnailUrl":"https:\/\/www.sestogrado.it\/wp-content\/uploads\/2015\/03\/024.jpg","datePublished":"2015-03-10T17:53:04+00:00","dateModified":"2026-04-06T13:58:41+00:00","description":"Il Camp Rocky Carpet \u00e8 un telo porta corda che vi sar\u00e0 estremamente utile durante le vostre uscite in falesia. Il Rocky Carpet \u00e8 un telo porta corda pratico e compatto che consente di\u00a0trasportare facilmente la corda da una via all\u2019altra. Un ampia tasca consente di riporre la corda al suo interno.","breadcrumb":{"@id":"https:\/\/www.sestogrado.it\/it\/prodotto\/camp-rocky-carpet-telo-portacorda\/#breadcrumb"},"inLanguage":"it-IT","potentialAction":[{"@type":"ReadAction","target":[["https:\/\/www.sestogrado.it\/it\/prodotto\/camp-rocky-carpet-telo-portacorda\/"]]}]},{"@type":"ImageObject","inLanguage":"it-IT","@id":"https:\/\/www.sestogrado.it\/it\/prodotto\/camp-rocky-carpet-telo-portacorda\/#primaryimage","url":"https:\/\/www.sestogrado.it\/wp-content\/uploads\/2015\/03\/024.jpg","contentUrl":"https:\/\/www.sestogrado.it\/wp-content\/uploads\/2015\/03\/024.jpg","width":960,"height":720,"caption":"zaino corda"},{"@type":"BreadcrumbList","@id":"https:\/\/www.sestogrado.it\/it\/prodotto\/camp-rocky-carpet-telo-portacorda\/#breadcrumb","itemListElement":[{"@type":"ListItem","position":1,"name":"Home","item":"https:\/\/www.sestogrado.it\/it\/"},{"@type":"ListItem","position":2,"name":"Shop","item":"https:\/\/www.sestogrado.it\/it\/shop\/"},{"@type":"ListItem","position":3,"name":"Camp Rocky Carpet telo portacorda"}]},{"@type":"WebSite","@id":"https:\/\/www.sestogrado.it\/it\/#website","url":"https:\/\/www.sestogrado.it\/it\/","name":"Sestogrado","description":"yes we climb","publisher":{"@id":"https:\/\/www.sestogrado.it\/it\/#organization"},"potentialAction":[{"@type":"SearchAction","target":{"@type":"EntryPoint","urlTemplate":"https:\/\/www.sestogrado.it\/it\/?s={search_term_string}"},"query-input":{"@type":"PropertyValueSpecification","valueRequired":true,"valueName":"search_term_string"}}],"inLanguage":"it-IT"},{"@type":"Organization","@id":"https:\/\/www.sestogrado.it\/it\/#organization","name":"Sestogrado","url":"https:\/\/www.sestogrado.it\/it\/","logo":{"@type":"ImageObject","inLanguage":"it-IT","@id":"https:\/\/www.sestogrado.it\/it\/#\/schema\/logo\/image\/","url":"https:\/\/www.sestogrado.it\/wp-content\/uploads\/2015\/03\/sestogrado-favicon.png","contentUrl":"https:\/\/www.sestogrado.it\/wp-content\/uploads\/2015\/03\/sestogrado-favicon.png","width":260,"height":260,"caption":"Sestogrado"},"image":{"@id":"https:\/\/www.sestogrado.it\/it\/#\/schema\/logo\/image\/"},"sameAs":["https:\/\/www.facebook.com\/pages\/Sestogrado\/1542635979353017?ref=bookmarks","https:\/\/www.youtube.com\/channel\/UC847kAfTkaJsWpc1jtQwr3Q"],"hasMerchantReturnPolicy":{"@type":"MerchantReturnPolicy","merchantReturnLink":"https:\/\/www.sestogrado.it\/it\/termini-e-condizioni\/"}}]},"product_brand":"Camp","product_price_amount":"19.90","product_price_currency":"EUR","og_availability":"instock","product_availability":"instock","product_condition":"new"},"_links":{"self":[{"href":"https:\/\/www.sestogrado.it\/it\/wp-json\/wp\/v2\/product\/402","targetHints":{"allow":["GET"]}}],"collection":[{"href":"https:\/\/www.sestogrado.it\/it\/wp-json\/wp\/v2\/product"}],"about":[{"href":"https:\/\/www.sestogrado.it\/it\/wp-json\/wp\/v2\/types\/product"}],"replies":[{"embeddable":true,"href":"https:\/\/www.sestogrado.it\/it\/wp-json\/wp\/v2\/comments?post=402"}],"wp:featuredmedia":[{"embeddable":true,"href":"https:\/\/www.sestogrado.it\/it\/wp-json\/wp\/v2\/media\/403"}],"wp:attachment":[{"href":"https:\/\/www.sestogrado.it\/it\/wp-json\/wp\/v2\/media?parent=402"}],"wp:term":[{"taxonomy":"product_brand","embeddable":true,"href":"https:\/\/www.sestogrado.it\/it\/wp-json\/wp\/v2\/product_brand?post=402"},{"taxonomy":"product_cat","embeddable":true,"href":"https:\/\/www.sestogrado.it\/it\/wp-json\/wp\/v2\/product_cat?post=402"},{"taxonomy":"product_tag","embeddable":true,"href":"https:\/\/www.sestogrado.it\/it\/wp-json\/wp\/v2\/product_tag?post=402"}],"curies":[{"name":"wp","href":"https:\/\/api.w.org\/{rel}","templated":true}]}}